{"id":10448,"date":"2022-12-21T09:12:55","date_gmt":"2022-12-21T08:12:55","guid":{"rendered":"https:\/\/www.sab.ch\/departement-technique-de-sab-volontaires-montagne\/"},"modified":"2023-02-24T10:41:26","modified_gmt":"2023-02-24T09:41:26","slug":"departement-technique-de-sab-volontaires-montagne","status":"publish","type":"page","link":"https:\/\/www.sab.ch\/fr\/departement-technique-de-sab-volontaires-montagne\/","title":{"rendered":"D\u00e9partement technique\/ volontaires montagne"},"content":{"rendered":"<div id='av_section_1'  class='avia-section av-kbufzd3s-dd428f854b73db9c732bdb3b761e163e main_color avia-section-default avia-shadow  avia-builder-el-0  avia-builder-el-no-sibling  avia-bg-style-scroll container_wrap fullsize'  ><div class='container av-section-cont-open' ><main  role=\"main\" itemprop=\"mainContentOfPage\"  class='template-page content  av-content-full alpha units'><div class='post-entry post-entry-type-page post-entry-10448'><div class='entry-content-wrapper clearfix'>\n\n<style type=\"text\/css\" data-created_by=\"avia_inline_auto\" id=\"style-css-av-38q1-59d4a1d61c1719c885de0a85685ce4ed\">\n.flex_column.av-38q1-59d4a1d61c1719c885de0a85685ce4ed{\nborder-radius:0px 0px 0px 0px;\npadding:0px 0px 0px 0px;\n}\n<\/style>\n<div  class='flex_column av-38q1-59d4a1d61c1719c885de0a85685ce4ed av_two_third  avia-builder-el-1  el_before_av_one_third  avia-builder-el-first  first flex_column_div av-zero-column-padding  '     ><section  class='av_textblock_section av-jxk41cbl-de8745f204dcd65c5170bef159d7e21a '   itemscope=\"itemscope\" itemtype=\"https:\/\/schema.org\/CreativeWork\" ><div class='avia_textblock'  itemprop=\"text\" ><h2 class=\"csc-firstHeader\">Portrait<\/h2>\n<p><strong><br \/>\nLe service technique de SAB<\/strong><\/p>\n<p>Le service technique (ST) du SAB constitue la branche op\u00e9rationnelle de notre organisation. D\u2019une part, le SAB repr\u00e9sente les pr\u00e9occupations des populations de montagne au niveau politique. Mais d\u2019autre part, il apporte \u00e9galement une aide concr\u00e8te, en r\u00e9alisant des projets en faveur de la population. Le ST conseille aussi les cantons, les communes, les corporations, les coop\u00e9ratives et les particuliers, afin de trouver des solutions \u00e0 divers probl\u00e8mes.<\/p>\n<p>Le SAB est aussi l\u2019organisation fa\u00eeti\u00e8re des <strong><a title=\"Opens internal link in current window\" href=\"https:\/\/sab.ch\/ta-sabbergversetzer\/ta-sabbergversetzer-genossenschaften-fuer-laendliches-bauen-glb\/\" rel=\"noopener\">coop\u00e9ratives de construction rurale (CCR).<\/a><\/strong><\/p>\n<p>Le <strong><a href=\"https:\/\/www.sab.ch\/fr\/departement-technique-de-sab-volontaires-montagne\/conceil-en-construction\/\">service de conseil en construction<\/a><\/strong> et <strong><a href=\"https:\/\/www.sab.ch\/fr\/departement-technique-de-sab-volontaires-montagne\/volontaires-montagne\/\">\u00ab\u00a0volontaires montagne\u00a0\u00bb<\/a><\/strong> font \u00e9galement partie du service technique du SAB.<\/p>\n<\/div><\/section><\/div><div  class='flex_column av-13hzy-73a815f3ba54c943a5e7d654336a9585 av_one_third  avia-builder-el-3  el_after_av_two_third  avia-builder-el-last  flex_column_div  '     ><style type=\"text\/css\" data-created_by=\"avia_inline_auto\" id=\"style-css-av-lb4v2d7o-79986ff671b59f57f31e307ff5087b8e\">\n.avia-image-container.av-lb4v2d7o-79986ff671b59f57f31e307ff5087b8e img.avia_image{\nbox-shadow:none;\n}\n.avia-image-container.av-lb4v2d7o-79986ff671b59f57f31e307ff5087b8e .av-image-caption-overlay-center{\ncolor:#ffffff;\n}\n<\/style>\n<div  class='avia-image-container av-lb4v2d7o-79986ff671b59f57f31e307ff5087b8e av-styling- avia-align-center  avia-builder-el-4  avia-builder-el-no-sibling '   itemprop=\"image\" itemscope=\"itemscope\" itemtype=\"https:\/\/schema.org\/ImageObject\" ><div class=\"avia-image-container-inner\"><div class=\"avia-image-overlay-wrap\"><img decoding=\"async\" fetchpriority=\"high\" class='wp-image-4569 avia-img-lazy-loading-not-4569 avia_image ' src=\"https:\/\/www.sab.ch\/wp-content\/uploads\/2022\/11\/csm_Foto_DL_50a27c1e59-1.jpg\" alt='' title='csm_Foto_DL_50a27c1e59'  height=\"345\" width=\"650\"  itemprop=\"thumbnailUrl\"  \/><\/div><\/div><\/div><\/div>\n","protected":false},"excerpt":{"rendered":"","protected":false},"author":6,"featured_media":0,"parent":0,"menu_order":0,"comment_status":"closed","ping_status":"closed","template":"","meta":{"footnotes":""},"class_list":["post-10448","page","type-page","status-publish","hentry"],"yoast_head":"<!-- This site is optimized with the Yoast SEO plugin v27.4 - https:\/\/yoast.com\/product\/yoast-seo-wordpress\/ -->\n<title>D\u00e9partement technique\/ volontaires montagne - S A B<\/title>\n<meta name=\"robots\" content=\"index, follow, max-snippet:-1, max-image-preview:large, max-video-preview:-1\" \/>\n<link rel=\"canonical\" href=\"https:\/\/www.sab.ch\/fr\/departement-technique-de-sab-volontaires-montagne\/\" \/>\n<meta property=\"og:locale\" content=\"fr_FR\" \/>\n<meta property=\"og:type\" content=\"article\" \/>\n<meta property=\"og:title\" content=\"D\u00e9partement technique\/ volontaires montagne - S A B\" \/>\n<meta property=\"og:url\" content=\"https:\/\/www.sab.ch\/fr\/departement-technique-de-sab-volontaires-montagne\/\" \/>\n<meta property=\"og:site_name\" content=\"S A B\" \/>\n<meta property=\"article:modified_time\" content=\"2023-02-24T09:41:26+00:00\" \/>\n<meta name=\"twitter:card\" content=\"summary_large_image\" \/>\n<meta name=\"twitter:label1\" content=\"Dur\u00e9e de lecture estim\u00e9e\" \/>\n\t<meta name=\"twitter:data1\" content=\"3 minutes\" \/>\n<script type=\"application\/ld+json\" class=\"yoast-schema-graph\">{\"@context\":\"https:\\\/\\\/schema.org\",\"@graph\":[{\"@type\":\"WebPage\",\"@id\":\"https:\\\/\\\/www.sab.ch\\\/fr\\\/departement-technique-de-sab-volontaires-montagne\\\/\",\"url\":\"https:\\\/\\\/www.sab.ch\\\/fr\\\/departement-technique-de-sab-volontaires-montagne\\\/\",\"name\":\"D\u00e9partement technique\\\/ volontaires montagne - S A B\",\"isPartOf\":{\"@id\":\"https:\\\/\\\/www.sab.ch\\\/fr\\\/#website\"},\"datePublished\":\"2022-12-21T08:12:55+00:00\",\"dateModified\":\"2023-02-24T09:41:26+00:00\",\"breadcrumb\":{\"@id\":\"https:\\\/\\\/www.sab.ch\\\/fr\\\/departement-technique-de-sab-volontaires-montagne\\\/#breadcrumb\"},\"inLanguage\":\"fr-FR\",\"potentialAction\":[{\"@type\":\"ReadAction\",\"target\":[\"https:\\\/\\\/www.sab.ch\\\/fr\\\/departement-technique-de-sab-volontaires-montagne\\\/\"]}]},{\"@type\":\"BreadcrumbList\",\"@id\":\"https:\\\/\\\/www.sab.ch\\\/fr\\\/departement-technique-de-sab-volontaires-montagne\\\/#breadcrumb\",\"itemListElement\":[{\"@type\":\"ListItem\",\"position\":1,\"name\":\"Startseite\",\"item\":\"https:\\\/\\\/www.sab.ch\\\/fr\\\/home\\\/\"},{\"@type\":\"ListItem\",\"position\":2,\"name\":\"D\u00e9partement technique\\\/ volontaires montagne\"}]},{\"@type\":\"WebSite\",\"@id\":\"https:\\\/\\\/www.sab.ch\\\/fr\\\/#website\",\"url\":\"https:\\\/\\\/www.sab.ch\\\/fr\\\/\",\"name\":\"S A B\",\"description\":\"\",\"potentialAction\":[{\"@type\":\"SearchAction\",\"target\":{\"@type\":\"EntryPoint\",\"urlTemplate\":\"https:\\\/\\\/www.sab.ch\\\/fr\\\/?s={search_term_string}\"},\"query-input\":{\"@type\":\"PropertyValueSpecification\",\"valueRequired\":true,\"valueName\":\"search_term_string\"}}],\"inLanguage\":\"fr-FR\"}]}<\/script>\n<!-- \/ Yoast SEO plugin. -->","yoast_head_json":{"title":"D\u00e9partement technique\/ volontaires montagne - S A B","robots":{"index":"index","follow":"follow","max-snippet":"max-snippet:-1","max-image-preview":"max-image-preview:large","max-video-preview":"max-video-preview:-1"},"canonical":"https:\/\/www.sab.ch\/fr\/departement-technique-de-sab-volontaires-montagne\/","og_locale":"fr_FR","og_type":"article","og_title":"D\u00e9partement technique\/ volontaires montagne - S A B","og_url":"https:\/\/www.sab.ch\/fr\/departement-technique-de-sab-volontaires-montagne\/","og_site_name":"S A B","article_modified_time":"2023-02-24T09:41:26+00:00","twitter_card":"summary_large_image","twitter_misc":{"Dur\u00e9e de lecture estim\u00e9e":"3 minutes"},"schema":{"@context":"https:\/\/schema.org","@graph":[{"@type":"WebPage","@id":"https:\/\/www.sab.ch\/fr\/departement-technique-de-sab-volontaires-montagne\/","url":"https:\/\/www.sab.ch\/fr\/departement-technique-de-sab-volontaires-montagne\/","name":"D\u00e9partement technique\/ volontaires montagne - S A B","isPartOf":{"@id":"https:\/\/www.sab.ch\/fr\/#website"},"datePublished":"2022-12-21T08:12:55+00:00","dateModified":"2023-02-24T09:41:26+00:00","breadcrumb":{"@id":"https:\/\/www.sab.ch\/fr\/departement-technique-de-sab-volontaires-montagne\/#breadcrumb"},"inLanguage":"fr-FR","potentialAction":[{"@type":"ReadAction","target":["https:\/\/www.sab.ch\/fr\/departement-technique-de-sab-volontaires-montagne\/"]}]},{"@type":"BreadcrumbList","@id":"https:\/\/www.sab.ch\/fr\/departement-technique-de-sab-volontaires-montagne\/#breadcrumb","itemListElement":[{"@type":"ListItem","position":1,"name":"Startseite","item":"https:\/\/www.sab.ch\/fr\/home\/"},{"@type":"ListItem","position":2,"name":"D\u00e9partement technique\/ volontaires montagne"}]},{"@type":"WebSite","@id":"https:\/\/www.sab.ch\/fr\/#website","url":"https:\/\/www.sab.ch\/fr\/","name":"S A B","description":"","potentialAction":[{"@type":"SearchAction","target":{"@type":"EntryPoint","urlTemplate":"https:\/\/www.sab.ch\/fr\/?s={search_term_string}"},"query-input":{"@type":"PropertyValueSpecification","valueRequired":true,"valueName":"search_term_string"}}],"inLanguage":"fr-FR"}]}},"_links":{"self":[{"href":"https:\/\/www.sab.ch\/fr\/wp-json\/wp\/v2\/pages\/10448","targetHints":{"allow":["GET"]}}],"collection":[{"href":"https:\/\/www.sab.ch\/fr\/wp-json\/wp\/v2\/pages"}],"about":[{"href":"https:\/\/www.sab.ch\/fr\/wp-json\/wp\/v2\/types\/page"}],"author":[{"embeddable":true,"href":"https:\/\/www.sab.ch\/fr\/wp-json\/wp\/v2\/users\/6"}],"replies":[{"embeddable":true,"href":"https:\/\/www.sab.ch\/fr\/wp-json\/wp\/v2\/comments?post=10448"}],"version-history":[{"count":19,"href":"https:\/\/www.sab.ch\/fr\/wp-json\/wp\/v2\/pages\/10448\/revisions"}],"predecessor-version":[{"id":13517,"href":"https:\/\/www.sab.ch\/fr\/wp-json\/wp\/v2\/pages\/10448\/revisions\/13517"}],"wp:attachment":[{"href":"https:\/\/www.sab.ch\/fr\/wp-json\/wp\/v2\/media?parent=10448"}],"curies":[{"name":"wp","href":"https:\/\/api.w.org\/{rel}","templated":true}]}}