{"id":10456,"date":"2022-12-21T14:16:59","date_gmt":"2022-12-21T13:16:59","guid":{"rendered":"https:\/\/www.sab.ch\/beyondsnow\/"},"modified":"2025-11-14T10:57:04","modified_gmt":"2025-11-14T09:57:04","slug":"beyondsnow","status":"publish","type":"page","link":"https:\/\/www.sab.ch\/fr\/beyondsnow\/","title":{"rendered":"Beyondsnow"},"content":{"rendered":"<div id='av_section_1'  class='avia-section av-kbufzd3s-dd428f854b73db9c732bdb3b761e163e main_color avia-section-default avia-shadow  avia-builder-el-0  avia-builder-el-no-sibling  avia-bg-style-scroll container_wrap fullsize'  ><div class='container av-section-cont-open' ><main  role=\"main\" itemprop=\"mainContentOfPage\"  class='template-page content  av-content-full alpha units'><div class='post-entry post-entry-type-page post-entry-10456'><div class='entry-content-wrapper clearfix'>\n\n<style type=\"text\/css\" data-created_by=\"avia_inline_auto\" id=\"style-css-av-38q1-59d4a1d61c1719c885de0a85685ce4ed\">\n.flex_column.av-38q1-59d4a1d61c1719c885de0a85685ce4ed{\nborder-radius:0px 0px 0px 0px;\npadding:0px 0px 0px 0px;\n}\n<\/style>\n<div  class='flex_column av-38q1-59d4a1d61c1719c885de0a85685ce4ed av_two_third  avia-builder-el-1  avia-builder-el-no-sibling  first flex_column_div av-zero-column-padding  '     ><section  class='av_textblock_section av-jxk41cbl-a1fc1525f09076e0644c7e0771550ccd '   itemscope=\"itemscope\" itemtype=\"https:\/\/schema.org\/CreativeWork\" ><div class='avia_textblock'  itemprop=\"text\" ><h1>BeyondSnow<\/h1>\n<p><strong>Interreg Alpenraum <\/strong><strong>Projekt \u00abBeyondSnow\u00bb <\/strong><\/p>\n<p>L&rsquo;objectif du projet Interreg Espace alpin \u00ab\u00a0BeyondSnow\u00a0\u00bb est d&rsquo;aider les destinations de tourisme d&rsquo;hiver touch\u00e9es par le manque de neige d\u00fb au changement climatique \u00e0 maintenir ou \u00e0 accro\u00eetre leur comp\u00e9titivit\u00e9 gr\u00e2ce \u00e0 de nouveaux moyens, solutions et processus. Les solutions ont \u00e9t\u00e9 d\u00e9velopp\u00e9es dans neuf destinations d&rsquo;essai, r\u00e9parties dans six pays alpins et diff\u00e9rant par leur taille, leur niveau de d\u00e9veloppement et leur degr\u00e9 de difficult\u00e9. En Suisse, il s&rsquo;agit de la destination touristique du canton de Schwyz, Sattel-Hochstuckli. Le Groupement suisse pour les r\u00e9gions de montagne SAB est partenaire de ce projet alpin avec 12 autres organisations.<\/p>\n<p>Dans le paquet de travail 1, le partenariat du projet examinera le lien entre le manque de neige et les effets possibles sur les destinations de tourisme d&rsquo;hiver et analysera les destinations pilotes \u00e0 cet \u00e9gard. Des sc\u00e9narios climatiques et socio-\u00e9conomiques futurs, des indicateurs de vuln\u00e9rabilit\u00e9 et des mod\u00e8les de transition cl\u00e9s pour les destinations de tourisme d&rsquo;hiver seront identifi\u00e9s afin de d\u00e9velopper un mod\u00e8le innovant d&rsquo;adaptation de la r\u00e9silience (RAM) pour les destinations alpines. Sur la base du lot de travail 1, les principales activit\u00e9s du projet dans le lot de travail 2 se concentreront sur l&rsquo;implication et le soutien participatif des parties prenantes locales des destinations tests, la co-conception de futurs sc\u00e9narios de d\u00e9veloppement alternatifs, les processus et strat\u00e9gies de transformation durable pour chaque destination test et \u00e9galement la mise en \u0153uvre des premi\u00e8res actions pilotes sur une base exp\u00e9rimentale. La RAM sera transform\u00e9e en un outil num\u00e9rique d&rsquo;aide \u00e0 la d\u00e9cision &#8211; le Resilience Decision-Making Digital Tool (RDMDT) &#8211; qui sera librement disponible et accessible au public. Il aide les destinations touristiques \u00e0 prendre des d\u00e9cisions concernant l&rsquo;orientation future et la diversification des activit\u00e9s. Le package de travail 3 se concentre sur la formation des parties prenantes au RDMDT et sur l&rsquo;\u00e9laboration de mesures de communication destin\u00e9es aux diff\u00e9rents niveaux politiques et aux citoyens.<\/p>\n<p><strong>Donn\u00e9es cl\u00e9s <\/strong><\/p>\n<ul>\n<li>P\u00e9riode du projet : 1.11.2022 &#8211; 31.10.2025<\/li>\n<li>Programme Interreg Espace alpin Cofinancement (FEDER UE) 1 944 472,49 \u20ac, budget total du projet 2 720 730 \u20ac.<\/li>\n<li>Cofinancement par la Nouvelle politique r\u00e9gionale NPR 65 000 CHF<\/li>\n<li>Bureau de l&rsquo;\u00e9conomie du canton de Schwyz 25 000 CHF<\/li>\n<\/ul>\n<p><strong>Contact<\/strong><\/p>\n<p>Thomas Egger, SAB, <a href=\"&#109;&#x61;&#105;&#x6c;&#116;&#x6f;:&#x74;h&#111;&#x6d;&#97;&#x73;&#46;&#x65;g&#x67;e&#114;&#x40;&#115;&#x61;&#98;&#x2e;&#99;&#x68;\">&#116;&#x68;o&#109;&#x61;s&#x2e;&#x65;&#103;&#x67;e&#114;&#x40;s&#97;&#x62;&#46;&#x63;h<\/a><br \/>\nPeter Niederer, SAB, <a href=\"&#109;&#x61;i&#108;&#x74;o&#58;&#x70;e&#116;&#x65;r&#46;&#x6e;&#105;&#x65;&#x64;&#101;&#x72;&#x65;&#114;&#x40;s&#97;&#x62;&#46;&#99;&#x68;\">&#112;e&#116;e&#114;&#46;&#x6e;i&#x65;d&#x65;r&#x65;r&#x40;s&#x61;b&#x2e;c&#x68;<\/a><\/p>\n<p>Informations compl\u00e9mentaires: <a href=\"https:\/\/www.alpine-space.eu\/project\/beyondsnow\/\">alpine-space.eu<\/a><\/p>\n<\/div><\/section><br \/>\n\n<style type=\"text\/css\" data-created_by=\"avia_inline_auto\" id=\"style-css-av-lvf6rb8u-5616b92eba90ca143addc47f7cac0b0e\">\n#top .hr.hr-invisible.av-lvf6rb8u-5616b92eba90ca143addc47f7cac0b0e{\nheight:20px;\n}\n<\/style>\n<div  class='hr av-lvf6rb8u-5616b92eba90ca143addc47f7cac0b0e hr-invisible  avia-builder-el-3  el_after_av_textblock  el_before_av_image '><span class='hr-inner '><span class=\"hr-inner-style\"><\/span><\/span><\/div><br \/>\n\n<style type=\"text\/css\" data-created_by=\"avia_inline_auto\" id=\"style-css-av-lvf6gv7t-483bc3fc830d038cb598d11abbbcee5a\">\n.avia-image-container.av-lvf6gv7t-483bc3fc830d038cb598d11abbbcee5a img.avia_image{\nbox-shadow:none;\n}\n.avia-image-container.av-lvf6gv7t-483bc3fc830d038cb598d11abbbcee5a .av-image-caption-overlay-center{\ncolor:#ffffff;\n}\n<\/style>\n<div  class='avia-image-container av-lvf6gv7t-483bc3fc830d038cb598d11abbbcee5a av-styling- avia-align-left  avia-builder-el-4  el_after_av_hr  el_before_av_hr '   itemprop=\"image\" itemscope=\"itemscope\" itemtype=\"https:\/\/schema.org\/ImageObject\" ><div class=\"avia-image-container-inner\"><div class=\"avia-image-overlay-wrap\"><img decoding=\"async\" fetchpriority=\"high\" class='wp-image-21564 avia-img-lazy-loading-not-21564 avia_image ' src=\"https:\/\/www.sab.ch\/wp-content\/uploads\/2024\/04\/1891-BeyondSnow_Logo_Landscape_small.png\" alt='' title='1891-BeyondSnow_Logo_Landscape_small'  height=\"128\" width=\"700\"  itemprop=\"thumbnailUrl\"  \/><\/div><\/div><\/div><br \/>\n<div  class='hr av-22xm1n-41e89f0913d7208d51c8a80945349f11 hr-default  avia-builder-el-5  el_after_av_image  el_before_av_textblock '><span class='hr-inner '><span class=\"hr-inner-style\"><\/span><\/span><\/div><br \/>\n<section  class='av_textblock_section av-ldbh12el-1b94156ef16fcbee384c0a0310cc1cf3 '   itemscope=\"itemscope\" itemtype=\"https:\/\/schema.org\/CreativeWork\" ><div class='avia_textblock'  itemprop=\"text\" ><h3>Documents compl\u00e9mentaires<\/h3>\n<\/div><\/section><br \/>\n<section  class='av_textblock_section av-mhyon95l-029b5e1c39d488f6d6c0fafc5cb865ef '   itemscope=\"itemscope\" itemtype=\"https:\/\/schema.org\/CreativeWork\" ><div class='avia_textblock'  itemprop=\"text\" ><p><strong>L&rsquo;avvenir du tourisme de neige dans l&rsquo;espace alpin<\/strong><\/p>\n<p><a href=\"https:\/\/www.sab.ch\/wp-content\/uploads\/2025\/11\/fr_Beyond-Snow-comp-Final.pdf\">R\u00e9sum\u00e9 des principaux r\u00e9sultats du projet Interreg Espace Alpin \u00ab\u00a0BeyondSnow\u00a0\u00bb du point de vue du SAB, novembre 2025<\/a><\/p>\n<\/div><\/section><br \/>\n\n<style type=\"text\/css\" data-created_by=\"avia_inline_auto\" id=\"style-css-av-3isgu3-ee279e490a2fb30ff5d6d84ea98ea440\">\n#top .hr.hr-invisible.av-3isgu3-ee279e490a2fb30ff5d6d84ea98ea440{\nheight:30px;\n}\n<\/style>\n<div  class='hr av-3isgu3-ee279e490a2fb30ff5d6d84ea98ea440 hr-invisible  avia-builder-el-8  el_after_av_textblock  el_before_av_textblock '><span class='hr-inner '><span class=\"hr-inner-style\"><\/span><\/span><\/div><br \/>\n<section  class='av_textblock_section av-m372198t-57c92a775cd9e9c6cb517d61b2e712ad '   itemscope=\"itemscope\" itemtype=\"https:\/\/schema.org\/CreativeWork\" ><div class='avia_textblock'  itemprop=\"text\" ><p><strong>Communiqu\u00e9 de presse concernant la conf\u00e9rence du 14 octobre 2025<\/strong><\/p>\n<p>Comment le tourisme hivernal alpin peut-il assurer sa viabilit\u00e9, alors que la neige se fait de plus en plus rare ? Cette question \u00e9tait au c\u0153ur de la conf\u00e9rence internationale intitul\u00e9e \u00abRepenser le tourisme hivernal \u2013 sommes-nous d\u00e9j\u00e0 dans l&rsquo;apr\u00e8s-ski ?\u00bb, organis\u00e9e par le SAB &#8211; Groupement suisse pour les r\u00e9gions de montagne. Des repr\u00e9sentants de stations de montagne, de communes et de r\u00e9gions ont discut\u00e9 de strat\u00e9gies pour passer \u00e0 des mod\u00e8les touristiques r\u00e9silients et attractifs, tout au long de l&rsquo;ann\u00e9e.  <\/p>\n<p><a href=\"https:\/\/www.sab.ch\/wp-content\/uploads\/2025\/10\/Medienmitteilung-vom-14.10.2025-F.pdf\">Communiqu\u00e9 de presse du 14 octobre 2025<\/a><\/p>\n<\/div><\/section><br \/>\n\n<style type=\"text\/css\" data-created_by=\"avia_inline_auto\" id=\"style-css-av-5v9vkr-293d1bd278db3989b33aec17e57267fa\">\n#top .hr.hr-invisible.av-5v9vkr-293d1bd278db3989b33aec17e57267fa{\nheight:30px;\n}\n<\/style>\n<div  class='hr av-5v9vkr-293d1bd278db3989b33aec17e57267fa hr-invisible  avia-builder-el-10  el_after_av_textblock  el_before_av_textblock '><span class='hr-inner '><span class=\"hr-inner-style\"><\/span><\/span><\/div><br \/>\n<section  class='av_textblock_section av-mgt8c0aa-283697e4fca35ae5eaac18ee262901ca '   itemscope=\"itemscope\" itemtype=\"https:\/\/schema.org\/CreativeWork\" ><div class='avia_textblock'  itemprop=\"text\" ><p><strong>Conf\u00e9rence du 14.10.2025<\/strong><\/p>\n<p>Le 14 octobre 2025, la conf\u00e9rence internationale \u00ab Repenser le tourisme hivernal \u2013 sommes-nous d\u00e9j\u00e0 dans l&rsquo;apr\u00e8s-ski ? \u00bb consacr\u00e9e au projet BeyondSnow s&rsquo;est tenue \u00e0 Berne. Vous trouverez de plus amples informations \u00e0 ce sujet dans le communiqu\u00e9 de presse. Les diapositives des expos\u00e9s pr\u00e9sent\u00e9s lors de cette conf\u00e9rence sont disponibles sous les liens suivants.<\/p>\n<ol>\n<li><a href=\"https:\/\/www.sab.ch\/wp-content\/uploads\/2025\/10\/2_BeyondSnow-in-Kuerze.pdf\">Aper\u00e7u du Projet Interreg Espace alpin \u00ab\u00a0BeyondSnow\u00a0\u00bb<\/a><\/li>\n<li>Rapports d&rsquo;exp\u00e9riences de trois r\u00e9gions tests \u00ab\u00a0BeyondSnow\u00a0\u00bb\n<ul>\n<li><a href=\"https:\/\/www.sab.ch\/wp-content\/uploads\/2025\/10\/3_Sattel-Hochstuckli.pdf\">R\u00e9gion de Sattel-Hochstuckli : Focalisation sur les skieurs d\u00e9butants et<br \/>\ndiversimcation de l\u2019offre<\/a><\/li>\n<li><a href=\"https:\/\/www.sab.ch\/wp-content\/uploads\/2025\/10\/4_Metabief.pdf\">R\u00e9gion de M\u00e9tabief : Le changement climatique oblige M\u00e9tabief \u00e0 se r\u00e9fomer en profondeur<\/a><\/li>\n<li><a href=\"https:\/\/www.sab.ch\/wp-content\/uploads\/2025\/10\/5_Balderschwang.pdf\">R\u00e9gion de Balderschwang : Campagne \u00ab L\u2019hiver \u00e0 Balderschwang est attrayant, avec ou sans neige \u00bb<\/a><\/li>\n<\/ul>\n<\/li>\n<li><a href=\"https:\/\/www.sab.ch\/wp-content\/uploads\/2025\/10\/6_Klimafitte-Destinationen.pdf\">Destinations adapt\u00e9es au climat &#8211; Aper\u00e7us et enseignements tir\u00e9s du projet Innotour de la r\u00e9gion mod\u00e8le des Grisons<\/a><\/li>\n<\/ol>\n<p>Il n&rsquo;y a pas de diapositives disponibles pour la table ronde. Les conclusions de la conf\u00e9rence ont fait l&rsquo;objet d&rsquo;un <a href=\"https:\/\/www.htr.ch\/story\/tourismus\/transformation-ist-ein-marathon-44063\">article publi\u00e9 par htr<\/a> (en allemand).<\/p>\n<\/div><\/section><br \/>\n\n<style type=\"text\/css\" data-created_by=\"avia_inline_auto\" id=\"style-css-av-4mqniz-a42e8aae20bd238e597d639372b497ae\">\n#top .hr.hr-invisible.av-4mqniz-a42e8aae20bd238e597d639372b497ae{\nheight:30px;\n}\n<\/style>\n<div  class='hr av-4mqniz-a42e8aae20bd238e597d639372b497ae hr-invisible  avia-builder-el-12  el_after_av_textblock  el_before_av_textblock '><span class='hr-inner '><span class=\"hr-inner-style\"><\/span><\/span><\/div><br \/>\n<section  class='av_textblock_section av-1u9ywr-1544d423c951cec1ddfc8d1f141ba080 '   itemscope=\"itemscope\" itemtype=\"https:\/\/schema.org\/CreativeWork\" ><div class='avia_textblock'  itemprop=\"text\" ><p><strong>Article montagna 11\/2024<\/strong><\/p>\n<p><a href=\"https:\/\/www.sab.ch\/wp-content\/uploads\/2024\/11\/Artikel.11_24.pdf\">Projet NPR et Interreg \u201eBeyondSnow\u201c<\/a><\/p>\n<\/div><\/section><br \/>\n\n<style type=\"text\/css\" data-created_by=\"avia_inline_auto\" id=\"style-css-av-2s3lsb-bc4aa1c82907191f0a4e9df39134d173\">\n#top .hr.hr-invisible.av-2s3lsb-bc4aa1c82907191f0a4e9df39134d173{\nheight:30px;\n}\n<\/style>\n<div  class='hr av-2s3lsb-bc4aa1c82907191f0a4e9df39134d173 hr-invisible  avia-builder-el-14  el_after_av_textblock  el_before_av_textblock '><span class='hr-inner '><span class=\"hr-inner-style\"><\/span><\/span><\/div><br \/>\n<section  class='av_textblock_section av-ldbgty88-4f658984c137580390ef02c5c8a447ce '   itemscope=\"itemscope\" itemtype=\"https:\/\/schema.org\/CreativeWork\" ><div class='avia_textblock'  itemprop=\"text\" ><p><strong>Communiqu\u00e9 de presse : Sattel et Sattel-Hochstuckli, une destination test et pilote<\/strong><\/p>\n<p>En raison du changement climatique, la couverture neigeuse dans les Alpes continuera tr\u00e8s probablement \u00e0 diminuer \u00e0 l&rsquo;avenir. Outre les cons\u00e9quences \u00e9cologiques, les petites destinations de tourisme de neige de moyenne altitude et leurs communes doivent \u00e9galement tenir compte des cons\u00e9quences socio-\u00e9conomiques de la diminution de la couverture neigeuse. La destination Sattel-Hochstuckli et la commune de Sattel participent en tant que zone test et pilote au projet Interreg Espace alpin \u00ab\u00a0BeyondSnow\u00a0\u00bb, qui concerne l&rsquo;ensemble des Alpes.<\/p>\n<p><a href=\"https:\/\/www.sab.ch\/wp-content\/uploads\/2023\/01\/2023-01-24-medienmitteilung-final.pdf\">Communiqu\u00e9 de presse<\/a> (disponible uniquement en allemand)<\/p>\n<\/div><\/section><br \/>\n\n<style type=\"text\/css\" data-created_by=\"avia_inline_auto\" id=\"style-css-av-ldbgruvs-1423e5b6e1dac9fb4db9b42db4813c6d\">\n.avia-image-container.av-ldbgruvs-1423e5b6e1dac9fb4db9b42db4813c6d img.avia_image{\nbox-shadow:none;\n}\n.avia-image-container.av-ldbgruvs-1423e5b6e1dac9fb4db9b42db4813c6d .av-image-caption-overlay-center{\ncolor:#ffffff;\n}\n<\/style>\n<div  class='avia-image-container av-ldbgruvs-1423e5b6e1dac9fb4db9b42db4813c6d av-styling- avia-align-left  avia-builder-el-16  el_after_av_textblock  avia-builder-el-last '   itemprop=\"image\" itemscope=\"itemscope\" itemtype=\"https:\/\/schema.org\/ImageObject\" ><div class=\"avia-image-container-inner\"><div class=\"avia-image-overlay-wrap\"><img decoding=\"async\" fetchpriority=\"high\" class='wp-image-11522 avia-img-lazy-loading-not-11522 avia_image ' src=\"https:\/\/www.sab.ch\/wp-content\/uploads\/2023\/01\/2023-01-24-bild-zu-medienmitteilung-495x400.jpg\" alt='' title='2023 01 24 bild zu medienmitteilung'  height=\"400\" width=\"495\"  itemprop=\"thumbnailUrl\" srcset=\"https:\/\/www.sab.ch\/wp-content\/uploads\/2023\/01\/2023-01-24-bild-zu-medienmitteilung-495x400.jpg 495w, https:\/\/www.sab.ch\/wp-content\/uploads\/2023\/01\/2023-01-24-bild-zu-medienmitteilung-845x684.jpg 845w\" sizes=\"(max-width: 495px) 100vw, 495px\" \/><\/div><\/div><\/div><\/p><\/div>\n","protected":false},"excerpt":{"rendered":"","protected":false},"author":4,"featured_media":0,"parent":0,"menu_order":0,"comment_status":"closed","ping_status":"closed","template":"","meta":{"footnotes":""},"class_list":["post-10456","page","type-page","status-publish","hentry"],"yoast_head":"<!-- This site is optimized with the Yoast SEO plugin v27.4 - https:\/\/yoast.com\/product\/yoast-seo-wordpress\/ -->\n<title>Beyondsnow - S A B<\/title>\n<meta name=\"robots\" content=\"index, follow, max-snippet:-1, max-image-preview:large, max-video-preview:-1\" \/>\n<link rel=\"canonical\" href=\"https:\/\/www.sab.ch\/fr\/beyondsnow\/\" \/>\n<meta property=\"og:locale\" content=\"fr_FR\" \/>\n<meta property=\"og:type\" content=\"article\" \/>\n<meta property=\"og:title\" content=\"Beyondsnow - S A B\" \/>\n<meta property=\"og:url\" content=\"https:\/\/www.sab.ch\/fr\/beyondsnow\/\" \/>\n<meta property=\"og:site_name\" content=\"S A B\" \/>\n<meta property=\"article:modified_time\" content=\"2025-11-14T09:57:04+00:00\" \/>\n<meta name=\"twitter:card\" content=\"summary_large_image\" \/>\n<meta name=\"twitter:label1\" content=\"Dur\u00e9e de lecture estim\u00e9e\" \/>\n\t<meta name=\"twitter:data1\" content=\"5 minutes\" \/>\n<script type=\"application\/ld+json\" class=\"yoast-schema-graph\">{\"@context\":\"https:\\\/\\\/schema.org\",\"@graph\":[{\"@type\":\"WebPage\",\"@id\":\"https:\\\/\\\/www.sab.ch\\\/fr\\\/beyondsnow\\\/\",\"url\":\"https:\\\/\\\/www.sab.ch\\\/fr\\\/beyondsnow\\\/\",\"name\":\"Beyondsnow - S A B\",\"isPartOf\":{\"@id\":\"https:\\\/\\\/www.sab.ch\\\/fr\\\/#website\"},\"datePublished\":\"2022-12-21T13:16:59+00:00\",\"dateModified\":\"2025-11-14T09:57:04+00:00\",\"breadcrumb\":{\"@id\":\"https:\\\/\\\/www.sab.ch\\\/fr\\\/beyondsnow\\\/#breadcrumb\"},\"inLanguage\":\"fr-FR\",\"potentialAction\":[{\"@type\":\"ReadAction\",\"target\":[\"https:\\\/\\\/www.sab.ch\\\/fr\\\/beyondsnow\\\/\"]}]},{\"@type\":\"BreadcrumbList\",\"@id\":\"https:\\\/\\\/www.sab.ch\\\/fr\\\/beyondsnow\\\/#breadcrumb\",\"itemListElement\":[{\"@type\":\"ListItem\",\"position\":1,\"name\":\"Startseite\",\"item\":\"https:\\\/\\\/www.sab.ch\\\/fr\\\/home\\\/\"},{\"@type\":\"ListItem\",\"position\":2,\"name\":\"Beyondsnow\"}]},{\"@type\":\"WebSite\",\"@id\":\"https:\\\/\\\/www.sab.ch\\\/fr\\\/#website\",\"url\":\"https:\\\/\\\/www.sab.ch\\\/fr\\\/\",\"name\":\"S A B\",\"description\":\"\",\"potentialAction\":[{\"@type\":\"SearchAction\",\"target\":{\"@type\":\"EntryPoint\",\"urlTemplate\":\"https:\\\/\\\/www.sab.ch\\\/fr\\\/?s={search_term_string}\"},\"query-input\":{\"@type\":\"PropertyValueSpecification\",\"valueRequired\":true,\"valueName\":\"search_term_string\"}}],\"inLanguage\":\"fr-FR\"}]}<\/script>\n<!-- \/ Yoast SEO plugin. -->","yoast_head_json":{"title":"Beyondsnow - S A B","robots":{"index":"index","follow":"follow","max-snippet":"max-snippet:-1","max-image-preview":"max-image-preview:large","max-video-preview":"max-video-preview:-1"},"canonical":"https:\/\/www.sab.ch\/fr\/beyondsnow\/","og_locale":"fr_FR","og_type":"article","og_title":"Beyondsnow - S A B","og_url":"https:\/\/www.sab.ch\/fr\/beyondsnow\/","og_site_name":"S A B","article_modified_time":"2025-11-14T09:57:04+00:00","twitter_card":"summary_large_image","twitter_misc":{"Dur\u00e9e de lecture estim\u00e9e":"5 minutes"},"schema":{"@context":"https:\/\/schema.org","@graph":[{"@type":"WebPage","@id":"https:\/\/www.sab.ch\/fr\/beyondsnow\/","url":"https:\/\/www.sab.ch\/fr\/beyondsnow\/","name":"Beyondsnow - S A B","isPartOf":{"@id":"https:\/\/www.sab.ch\/fr\/#website"},"datePublished":"2022-12-21T13:16:59+00:00","dateModified":"2025-11-14T09:57:04+00:00","breadcrumb":{"@id":"https:\/\/www.sab.ch\/fr\/beyondsnow\/#breadcrumb"},"inLanguage":"fr-FR","potentialAction":[{"@type":"ReadAction","target":["https:\/\/www.sab.ch\/fr\/beyondsnow\/"]}]},{"@type":"BreadcrumbList","@id":"https:\/\/www.sab.ch\/fr\/beyondsnow\/#breadcrumb","itemListElement":[{"@type":"ListItem","position":1,"name":"Startseite","item":"https:\/\/www.sab.ch\/fr\/home\/"},{"@type":"ListItem","position":2,"name":"Beyondsnow"}]},{"@type":"WebSite","@id":"https:\/\/www.sab.ch\/fr\/#website","url":"https:\/\/www.sab.ch\/fr\/","name":"S A B","description":"","potentialAction":[{"@type":"SearchAction","target":{"@type":"EntryPoint","urlTemplate":"https:\/\/www.sab.ch\/fr\/?s={search_term_string}"},"query-input":{"@type":"PropertyValueSpecification","valueRequired":true,"valueName":"search_term_string"}}],"inLanguage":"fr-FR"}]}},"_links":{"self":[{"href":"https:\/\/www.sab.ch\/fr\/wp-json\/wp\/v2\/pages\/10456","targetHints":{"allow":["GET"]}}],"collection":[{"href":"https:\/\/www.sab.ch\/fr\/wp-json\/wp\/v2\/pages"}],"about":[{"href":"https:\/\/www.sab.ch\/fr\/wp-json\/wp\/v2\/types\/page"}],"author":[{"embeddable":true,"href":"https:\/\/www.sab.ch\/fr\/wp-json\/wp\/v2\/users\/4"}],"replies":[{"embeddable":true,"href":"https:\/\/www.sab.ch\/fr\/wp-json\/wp\/v2\/comments?post=10456"}],"version-history":[{"count":28,"href":"https:\/\/www.sab.ch\/fr\/wp-json\/wp\/v2\/pages\/10456\/revisions"}],"predecessor-version":[{"id":29769,"href":"https:\/\/www.sab.ch\/fr\/wp-json\/wp\/v2\/pages\/10456\/revisions\/29769"}],"wp:attachment":[{"href":"https:\/\/www.sab.ch\/fr\/wp-json\/wp\/v2\/media?parent=10456"}],"curies":[{"name":"wp","href":"https:\/\/api.w.org\/{rel}","templated":true}]}}