{"id":10479,"date":"2022-12-22T09:00:17","date_gmt":"2022-12-22T08:00:17","guid":{"rendered":"https:\/\/www.sab.ch\/departement-technique-de-sab-volontaires-montagne\/conceil-en-construction\/"},"modified":"2025-01-09T09:09:48","modified_gmt":"2025-01-09T08:09:48","slug":"conceil-en-construction","status":"publish","type":"page","link":"https:\/\/www.sab.ch\/fr\/departement-technique-de-sab-volontaires-montagne\/conceil-en-construction\/","title":{"rendered":"Conceil en construction"},"content":{"rendered":"<div id='av_section_1'  class='avia-section av-kbufzd3s-dd428f854b73db9c732bdb3b761e163e main_color avia-section-default avia-shadow  avia-builder-el-0  el_before_av_section  avia-builder-el-first  avia-bg-style-scroll container_wrap fullsize'  ><div class='container av-section-cont-open' ><main  role=\"main\" itemprop=\"mainContentOfPage\"  class='template-page content  av-content-full alpha units'><div class='post-entry post-entry-type-page post-entry-10479'><div class='entry-content-wrapper clearfix'>\n\n<style type=\"text\/css\" data-created_by=\"avia_inline_auto\" id=\"style-css-av-38q1-59d4a1d61c1719c885de0a85685ce4ed\">\n.flex_column.av-38q1-59d4a1d61c1719c885de0a85685ce4ed{\nborder-radius:0px 0px 0px 0px;\npadding:0px 0px 0px 0px;\n}\n<\/style>\n<div  class='flex_column av-38q1-59d4a1d61c1719c885de0a85685ce4ed av_two_third  avia-builder-el-1  el_before_av_one_third  avia-builder-el-first  first flex_column_div av-zero-column-padding  '     ><section  class='av_textblock_section av-lbkttutc-9adf198c4bd9567cb623d2a56db72486 '   itemscope=\"itemscope\" itemtype=\"https:\/\/schema.org\/CreativeWork\" ><div class='avia_textblock'  itemprop=\"text\" ><h2>Conceil en construction \/ Planification de construction<\/h2>\n<\/div><\/section><\/div><div  class='flex_column av-32f43v-7ed8ca9d520c04cd6ff8e4bf717c1dbc av_one_third  avia-builder-el-3  el_after_av_two_third  avia-builder-el-last  flex_column_div  '     ><\/div>\n\n<\/div><\/div><\/main><!-- close content main element --><\/div><\/div><div id='av_section_2'  class='avia-section av-5j2p0s-f04e5db15a4d9307220b2c98c75bd88f main_color avia-section-default avia-shadow  avia-builder-el-4  el_after_av_section  el_before_av_section  avia-bg-style-scroll container_wrap fullsize'  ><div class='container av-section-cont-open' ><div class='template-page content  av-content-full alpha units'><div class='post-entry post-entry-type-page post-entry-10479'><div class='entry-content-wrapper clearfix'>\n\n<style type=\"text\/css\" data-created_by=\"avia_inline_auto\" id=\"style-css-av-4eaad8-ece61c71cb2348938ed7f8ab5d2f5ad7\">\n.flex_column.av-4eaad8-ece61c71cb2348938ed7f8ab5d2f5ad7{\nborder-radius:0px 0px 0px 0px;\npadding:0px 0px 0px 0px;\n}\n<\/style>\n<div  class='flex_column av-4eaad8-ece61c71cb2348938ed7f8ab5d2f5ad7 av_two_third  avia-builder-el-5  el_before_av_one_third  avia-builder-el-first  first flex_column_div av-zero-column-padding  '     ><section  class='av_textblock_section av-lbktyy6n-03aca0c1c2e2ce908647ac92613629bd '   itemscope=\"itemscope\" itemtype=\"https:\/\/schema.org\/CreativeWork\" ><div class='avia_textblock'  itemprop=\"text\" ><p>Le <strong>service de conseil en construction<\/strong> du SAB fournit des prestations de conseil orient\u00e9es vers la pratique en faveur de l&rsquo;agriculture de montagne et des r\u00e9gions rurales.<\/p>\n<p>Le service de conseil en construction propose les services suivants :<\/p>\n<p><strong><em>Conseil \/ planification jusqu&rsquo;\u00e0 l&rsquo;obtention du permis de construire :<\/em><\/strong><\/p>\n<ul>\n<li>\u00e9tables, b\u00e2timents d&rsquo;exploitation<\/li>\n<li>Habitat<\/li>\n<li>b\u00e2timents d&rsquo;alpage, chemins d&rsquo;exploitation<\/li>\n<li>Equipements (chemins, eau, etc.)<\/li>\n<\/ul>\n<p><em><strong>Soutien et conseils sur :<\/strong><\/em><\/p>\n<ul>\n<li>Questions d&rsquo;ex\u00e9cution<\/li>\n<li>Dommages<\/li>\n<li>D\u00e9fauts<\/li>\n<li>D\u00e9comptes, co\u00fbts suppl\u00e9mentaires<\/li>\n<\/ul>\n<p>Le conseil peut comprendre des points tels que l&rsquo;analyse de la situation actuelle, l&rsquo;estimation des co\u00fbts, les possibilit\u00e9s de financement, les avant-projets, etc. Lors de l&rsquo;ach\u00e8vement d&rsquo;un projet de construction, le service de conseil en construction est \u00e9galement \u00e0 disposition pour l&rsquo;\u00e9valuation en rapport avec les factures finales, les d\u00e9passements de co\u00fbts, les questions de garantie. Les prestations de conseil sont soutenues par la Fondation W. Leuthold et l&rsquo;Aide Suisse aux Montagnards.<\/p>\n<p>La SAB est \u00e9galement l&rsquo;organisation fa\u00eeti\u00e8re <a href=\"https:\/\/sab.ch\/ta-sabbergversetzer\/ta-sabbergversetzer-genossenschaften-fuer-laendliches-bauen-glb\/\" target=\"_blank\" rel=\"noopener\"><strong><em>des coop\u00e9ratives de construction rurale (CCR).<\/em><\/strong><\/a> Les CCR permettent de mener \u00e0 bien des projets de construction de mani\u00e8re efficace et \u00e0 moindre co\u00fbt, contribuant ainsi de mani\u00e8re significative \u00e0 l&rsquo;aide \u00e0 l&rsquo;autonomie.<\/p>\n<\/div><\/section><\/div><div  class='flex_column av-203d4c-7215a89ffa7411247730522c8c5b4385 av_one_third  avia-builder-el-7  el_after_av_two_third  avia-builder-el-last  flex_column_div  '     ><p><br \/>\n\n<style type=\"text\/css\" data-created_by=\"avia_inline_auto\" id=\"style-css-av-lbulmo4m-ad24815d5a581562762cf08520cbc08f\">\n.avia-image-container.av-lbulmo4m-ad24815d5a581562762cf08520cbc08f img.avia_image{\nbox-shadow:none;\n}\n.avia-image-container.av-lbulmo4m-ad24815d5a581562762cf08520cbc08f .av-image-caption-overlay-center{\ncolor:#ffffff;\n}\n<\/style>\n<div  class='avia-image-container av-lbulmo4m-ad24815d5a581562762cf08520cbc08f av-styling- avia-align-center  avia-builder-el-9  el_after_av_image  avia-builder-el-last '   itemprop=\"image\" itemscope=\"itemscope\" itemtype=\"https:\/\/schema.org\/ImageObject\" ><div class=\"avia-image-container-inner\"><div class=\"avia-image-overlay-wrap\"><img decoding=\"async\" fetchpriority=\"high\" class='wp-image-12543 avia-img-lazy-loading-not-12543 avia_image ' src=\"https:\/\/www.sab.ch\/wp-content\/uploads\/2023\/02\/BAuberatung-1.jpg\" alt='' title='BAuberatung 1'  height=\"480\" width=\"640\"  itemprop=\"thumbnailUrl\"  \/><\/div><\/div><\/div><\/p><\/div>\n\n<\/div><\/div><\/div><!-- close content main div --><\/div><\/div><div id='av_section_3'  class='avia-section av-5romfg-a73b7b1f3727dbc618bf8f80f010b16e main_color avia-section-default avia-shadow  avia-builder-el-10  el_after_av_section  avia-builder-el-last  avia-bg-style-scroll container_wrap fullsize'  ><div class='container av-section-cont-open' ><div class='template-page content  av-content-full alpha units'><div class='post-entry post-entry-type-page post-entry-10479'><div class='entry-content-wrapper clearfix'>\n\n<style type=\"text\/css\" data-created_by=\"avia_inline_auto\" id=\"style-css-av-4p7dlo-3126f9475c8ead6fc3e1a4ff15b85c0d\">\n.flex_column.av-4p7dlo-3126f9475c8ead6fc3e1a4ff15b85c0d{\nborder-radius:0px 0px 0px 0px;\npadding:0px 0px 0px 0px;\n}\n<\/style>\n<div  class='flex_column av-4p7dlo-3126f9475c8ead6fc3e1a4ff15b85c0d av_two_third  avia-builder-el-11  el_before_av_one_third  avia-builder-el-first  first flex_column_div av-zero-column-padding  '     ><section  class='av_textblock_section av-lbku5dd2-4a89d3a1e83b6a0068c41a87618f6300 '   itemscope=\"itemscope\" itemtype=\"https:\/\/schema.org\/CreativeWork\" ><div class='avia_textblock'  itemprop=\"text\" ><p><em><strong>Contact :<\/strong><\/em><br \/>\nService technique<br \/>\nConceil en construction<br \/>\nChristian Hauert<br \/>\nLaurstrasse 10<\/p>\n<p>5201 Brugg<br \/>\nT\u00e9l.\u00a0 056 450 33 12<\/p>\n<\/div><\/section><\/div><div  class='flex_column av-2voerg-837485865e42fe56e00e434b6305d86c av_one_third  avia-builder-el-13  el_after_av_two_third  avia-builder-el-last  flex_column_div  '     ><p>\n<style type=\"text\/css\" data-created_by=\"avia_inline_auto\" id=\"style-css-av-lbku5t21-8dc376fb59ea7dc4742b1c4ecd4330fe\">\n.avia-image-container.av-lbku5t21-8dc376fb59ea7dc4742b1c4ecd4330fe img.avia_image{\nbox-shadow:none;\n}\n.avia-image-container.av-lbku5t21-8dc376fb59ea7dc4742b1c4ecd4330fe .av-image-caption-overlay-center{\ncolor:#ffffff;\n}\n<\/style>\n<div  class='avia-image-container av-lbku5t21-8dc376fb59ea7dc4742b1c4ecd4330fe av-styling- avia-align-left  avia-builder-el-14  el_before_av_textblock  avia-builder-el-first '   itemprop=\"image\" itemscope=\"itemscope\" itemtype=\"https:\/\/schema.org\/ImageObject\" ><div class=\"avia-image-container-inner\"><div class=\"avia-image-overlay-wrap\"><img decoding=\"async\" fetchpriority=\"high\" class='wp-image-21263 avia-img-lazy-loading-not-21263 avia_image ' src=\"https:\/\/www.sab.ch\/wp-content\/uploads\/2024\/04\/IMG_8135-1024x768.jpg\" alt='' title='IMG_8135'  height=\"768\" width=\"1024\"  itemprop=\"thumbnailUrl\" srcset=\"https:\/\/www.sab.ch\/wp-content\/uploads\/2024\/04\/IMG_8135-1024x768.jpg 1024w, https:\/\/www.sab.ch\/wp-content\/uploads\/2024\/04\/IMG_8135-1440x1080.jpg 1440w, https:\/\/www.sab.ch\/wp-content\/uploads\/2024\/04\/IMG_8135-768x576.jpg 768w, https:\/\/www.sab.ch\/wp-content\/uploads\/2024\/04\/IMG_8135-1536x1152.jpg 1536w, https:\/\/www.sab.ch\/wp-content\/uploads\/2024\/04\/IMG_8135-2048x1536.jpg 2048w, https:\/\/www.sab.ch\/wp-content\/uploads\/2024\/04\/IMG_8135-1500x1125.jpg 1500w, https:\/\/www.sab.ch\/wp-content\/uploads\/2024\/04\/IMG_8135-705x529.jpg 705w\" sizes=\"(max-width: 1024px) 100vw, 1024px\" \/><\/div><\/div><\/div><br \/>\n<section  class='av_textblock_section av-lc08ah3c-1f7f12a5653fb98a16e9442952b20f6d '   itemscope=\"itemscope\" itemtype=\"https:\/\/schema.org\/CreativeWork\" ><div class='avia_textblock'  itemprop=\"text\" ><p><em>Christian Hauert<\/em><\/p>\n<\/div><\/section><\/p><\/div>\n","protected":false},"excerpt":{"rendered":"","protected":false},"author":6,"featured_media":0,"parent":10448,"menu_order":0,"comment_status":"closed","ping_status":"closed","template":"","meta":{"footnotes":""},"class_list":["post-10479","page","type-page","status-publish","hentry"],"yoast_head":"<!-- This site is optimized with the Yoast SEO plugin v27.4 - https:\/\/yoast.com\/product\/yoast-seo-wordpress\/ -->\n<title>Conceil en construction - S A B<\/title>\n<meta name=\"robots\" content=\"index, follow, max-snippet:-1, max-image-preview:large, max-video-preview:-1\" \/>\n<link rel=\"canonical\" href=\"https:\/\/www.sab.ch\/fr\/departement-technique-de-sab-volontaires-montagne\/conceil-en-construction\/\" \/>\n<meta property=\"og:locale\" content=\"fr_FR\" \/>\n<meta property=\"og:type\" content=\"article\" \/>\n<meta property=\"og:title\" content=\"Conceil en construction - S A B\" \/>\n<meta property=\"og:url\" content=\"https:\/\/www.sab.ch\/fr\/departement-technique-de-sab-volontaires-montagne\/conceil-en-construction\/\" \/>\n<meta property=\"og:site_name\" content=\"S A B\" \/>\n<meta property=\"article:modified_time\" content=\"2025-01-09T08:09:48+00:00\" \/>\n<meta name=\"twitter:card\" content=\"summary_large_image\" \/>\n<meta name=\"twitter:label1\" content=\"Dur\u00e9e de lecture estim\u00e9e\" \/>\n\t<meta name=\"twitter:data1\" content=\"2 minutes\" \/>\n<script type=\"application\/ld+json\" class=\"yoast-schema-graph\">{\"@context\":\"https:\\\/\\\/schema.org\",\"@graph\":[{\"@type\":\"WebPage\",\"@id\":\"https:\\\/\\\/www.sab.ch\\\/fr\\\/departement-technique-de-sab-volontaires-montagne\\\/conceil-en-construction\\\/\",\"url\":\"https:\\\/\\\/www.sab.ch\\\/fr\\\/departement-technique-de-sab-volontaires-montagne\\\/conceil-en-construction\\\/\",\"name\":\"Conceil en construction - S A B\",\"isPartOf\":{\"@id\":\"https:\\\/\\\/www.sab.ch\\\/fr\\\/#website\"},\"datePublished\":\"2022-12-22T08:00:17+00:00\",\"dateModified\":\"2025-01-09T08:09:48+00:00\",\"breadcrumb\":{\"@id\":\"https:\\\/\\\/www.sab.ch\\\/fr\\\/departement-technique-de-sab-volontaires-montagne\\\/conceil-en-construction\\\/#breadcrumb\"},\"inLanguage\":\"fr-FR\",\"potentialAction\":[{\"@type\":\"ReadAction\",\"target\":[\"https:\\\/\\\/www.sab.ch\\\/fr\\\/departement-technique-de-sab-volontaires-montagne\\\/conceil-en-construction\\\/\"]}]},{\"@type\":\"BreadcrumbList\",\"@id\":\"https:\\\/\\\/www.sab.ch\\\/fr\\\/departement-technique-de-sab-volontaires-montagne\\\/conceil-en-construction\\\/#breadcrumb\",\"itemListElement\":[{\"@type\":\"ListItem\",\"position\":1,\"name\":\"Startseite\",\"item\":\"https:\\\/\\\/www.sab.ch\\\/fr\\\/home\\\/\"},{\"@type\":\"ListItem\",\"position\":2,\"name\":\"D\u00e9partement technique\\\/ volontaires montagne\",\"item\":\"https:\\\/\\\/www.sab.ch\\\/fr\\\/departement-technique-de-sab-volontaires-montagne\\\/\"},{\"@type\":\"ListItem\",\"position\":3,\"name\":\"Conceil en construction\"}]},{\"@type\":\"WebSite\",\"@id\":\"https:\\\/\\\/www.sab.ch\\\/fr\\\/#website\",\"url\":\"https:\\\/\\\/www.sab.ch\\\/fr\\\/\",\"name\":\"S A B\",\"description\":\"\",\"potentialAction\":[{\"@type\":\"SearchAction\",\"target\":{\"@type\":\"EntryPoint\",\"urlTemplate\":\"https:\\\/\\\/www.sab.ch\\\/fr\\\/?s={search_term_string}\"},\"query-input\":{\"@type\":\"PropertyValueSpecification\",\"valueRequired\":true,\"valueName\":\"search_term_string\"}}],\"inLanguage\":\"fr-FR\"}]}<\/script>\n<!-- \/ Yoast SEO plugin. -->","yoast_head_json":{"title":"Conceil en construction - S A B","robots":{"index":"index","follow":"follow","max-snippet":"max-snippet:-1","max-image-preview":"max-image-preview:large","max-video-preview":"max-video-preview:-1"},"canonical":"https:\/\/www.sab.ch\/fr\/departement-technique-de-sab-volontaires-montagne\/conceil-en-construction\/","og_locale":"fr_FR","og_type":"article","og_title":"Conceil en construction - S A B","og_url":"https:\/\/www.sab.ch\/fr\/departement-technique-de-sab-volontaires-montagne\/conceil-en-construction\/","og_site_name":"S A B","article_modified_time":"2025-01-09T08:09:48+00:00","twitter_card":"summary_large_image","twitter_misc":{"Dur\u00e9e de lecture estim\u00e9e":"2 minutes"},"schema":{"@context":"https:\/\/schema.org","@graph":[{"@type":"WebPage","@id":"https:\/\/www.sab.ch\/fr\/departement-technique-de-sab-volontaires-montagne\/conceil-en-construction\/","url":"https:\/\/www.sab.ch\/fr\/departement-technique-de-sab-volontaires-montagne\/conceil-en-construction\/","name":"Conceil en construction - S A B","isPartOf":{"@id":"https:\/\/www.sab.ch\/fr\/#website"},"datePublished":"2022-12-22T08:00:17+00:00","dateModified":"2025-01-09T08:09:48+00:00","breadcrumb":{"@id":"https:\/\/www.sab.ch\/fr\/departement-technique-de-sab-volontaires-montagne\/conceil-en-construction\/#breadcrumb"},"inLanguage":"fr-FR","potentialAction":[{"@type":"ReadAction","target":["https:\/\/www.sab.ch\/fr\/departement-technique-de-sab-volontaires-montagne\/conceil-en-construction\/"]}]},{"@type":"BreadcrumbList","@id":"https:\/\/www.sab.ch\/fr\/departement-technique-de-sab-volontaires-montagne\/conceil-en-construction\/#breadcrumb","itemListElement":[{"@type":"ListItem","position":1,"name":"Startseite","item":"https:\/\/www.sab.ch\/fr\/home\/"},{"@type":"ListItem","position":2,"name":"D\u00e9partement technique\/ volontaires montagne","item":"https:\/\/www.sab.ch\/fr\/departement-technique-de-sab-volontaires-montagne\/"},{"@type":"ListItem","position":3,"name":"Conceil en construction"}]},{"@type":"WebSite","@id":"https:\/\/www.sab.ch\/fr\/#website","url":"https:\/\/www.sab.ch\/fr\/","name":"S A B","description":"","potentialAction":[{"@type":"SearchAction","target":{"@type":"EntryPoint","urlTemplate":"https:\/\/www.sab.ch\/fr\/?s={search_term_string}"},"query-input":{"@type":"PropertyValueSpecification","valueRequired":true,"valueName":"search_term_string"}}],"inLanguage":"fr-FR"}]}},"_links":{"self":[{"href":"https:\/\/www.sab.ch\/fr\/wp-json\/wp\/v2\/pages\/10479","targetHints":{"allow":["GET"]}}],"collection":[{"href":"https:\/\/www.sab.ch\/fr\/wp-json\/wp\/v2\/pages"}],"about":[{"href":"https:\/\/www.sab.ch\/fr\/wp-json\/wp\/v2\/types\/page"}],"author":[{"embeddable":true,"href":"https:\/\/www.sab.ch\/fr\/wp-json\/wp\/v2\/users\/6"}],"replies":[{"embeddable":true,"href":"https:\/\/www.sab.ch\/fr\/wp-json\/wp\/v2\/comments?post=10479"}],"version-history":[{"count":17,"href":"https:\/\/www.sab.ch\/fr\/wp-json\/wp\/v2\/pages\/10479\/revisions"}],"predecessor-version":[{"id":25008,"href":"https:\/\/www.sab.ch\/fr\/wp-json\/wp\/v2\/pages\/10479\/revisions\/25008"}],"up":[{"embeddable":true,"href":"https:\/\/www.sab.ch\/fr\/wp-json\/wp\/v2\/pages\/10448"}],"wp:attachment":[{"href":"https:\/\/www.sab.ch\/fr\/wp-json\/wp\/v2\/media?parent=10479"}],"curies":[{"name":"wp","href":"https:\/\/api.w.org\/{rel}","templated":true}]}}