{"id":10498,"date":"2022-12-22T10:39:43","date_gmt":"2022-12-22T09:39:43","guid":{"rendered":"https:\/\/www.sab.ch\/dienstleistungen\/management-dorganisations-et-de-reseaux\/le-reseau-alliance-dans-les-alpes\/"},"modified":"2023-03-31T10:35:00","modified_gmt":"2023-03-31T08:35:00","slug":"le-reseau-alliance-dans-les-alpes","status":"publish","type":"page","link":"https:\/\/www.sab.ch\/fr\/dienstleistungen\/management-dorganisations-et-de-reseaux\/le-reseau-alliance-dans-les-alpes\/","title":{"rendered":"Le r\u00e9seau Alliance dans les Alpes"},"content":{"rendered":"<div id='av_section_1'  class='avia-section av-kbufzd3s-dd428f854b73db9c732bdb3b761e163e main_color avia-section-default avia-shadow  avia-builder-el-0  avia-builder-el-no-sibling  avia-bg-style-scroll container_wrap fullsize'  ><div class='container av-section-cont-open' ><main  role=\"main\" itemprop=\"mainContentOfPage\"  class='template-page content  av-content-full alpha units'><div class='post-entry post-entry-type-page post-entry-10498'><div class='entry-content-wrapper clearfix'>\n<div  class='flex_column av-4hcqve-7869e6b04a21ddd1640445bd848f542f av_two_third  avia-builder-el-1  el_before_av_one_third  avia-builder-el-first  first flex_column_div  '     ><section  class='av_textblock_section av-lav62b16-84c426e48192cae858135485e3f5ec1b '   itemscope=\"itemscope\" itemtype=\"https:\/\/schema.org\/CreativeWork\" ><div class='avia_textblock'  itemprop=\"text\" ><h2>Le r\u00e9seau Alliance dans les Alpes<\/h2>\n<p>\u00ab\u00a0Alliance dans les Alpes\u00a0\u00bb est un r\u00e9seau regroupant des communes de montagne, ainsi que des r\u00e9gions des sept pays de l&rsquo;Arc alpin. Ce r\u00e9seau existe depuis 1997 (<a class=\"external-link-new-window\" href=\"http:\/\/alpenallianz.org\/de\" target=\"_blank\" rel=\"noopener\">plus infos ici)<\/a>.<\/p>\n<p>Les membres s&rsquo;engagent, avec leurs citoyens, \u00e0 d\u00e9velopper leur r\u00e9gion de mani\u00e8re durable. La base pour ce d\u00e9veloppement est constitu\u00e9 par la Convention alpine Depuis 2008, le SAB est charg\u00e9 de la coordination du r\u00e9seau suisse. Un <a class=\"internal-link\" title=\"Opens internal link in current window\" href=\"http:\/\/www.sab.ch\/dienstleistungen\/management-von-organisationen-und-netzwerken\/allianz-in-den-alpen\/kontaktpersonen.html\" target=\"_self\" rel=\"noopener\">animateur<\/a> soutient les communes dans le d\u00e9veloppement et la mise en oeuvre de projets, en Suisse romande et en Suisse al\u00e9manique. 32 <a class=\"internal-link\" title=\"Opens internal link in current window\" href=\"https:\/\/sab.ch\/dienstleistungen\/management-von-organisationen-und-netzwerken\/allianz-in-den-alpen\/gemeinden\/\" rel=\"noopener\">communes<\/a> sont membres du r\u00e9seau suisse d\u2019Alliance dans les Alpes.<\/p>\n<p><b>Que fait le r\u00e9seau \u00ab\u00a0Alliance dans les Alpes\u00a0\u00bb ?<\/b><\/p>\n<ul>\n<li>Soutien des projets de d\u00e9veloppement durable d\u00e9velopp\u00e9s par des communes<\/li>\n<li>Organise des \u00e9changes d\u2019exp\u00e9riences au niveau national et international<\/li>\n<li>Informe ses membres via la newsletter et le site internet.<\/li>\n<\/ul>\n<p><b>Quels sont les principes du r\u00e9seau \u00ab\u00a0Alliance dans les Alpes\u00a0\u00bb ?<\/b><\/p>\n<p>Les membres de \u00ab\u00a0l&rsquo;Alliance dans les Alpes\u00a0\u00bb sont convaincus que la commune constitue un acteur majeur pour la mise en \u0153uvre d\u2019une politique alpine durable. Depuis plus de 10 ans, ils s\u2019impliquent pour la r\u00e9alisation de cette politique dans tous les domaines relevant de la Convention alpine. La collaboration au-del\u00e0 du territoire communal est essentielle. Le r\u00e9seau repr\u00e9sente l&rsquo;instrument pour la mise en oeuvre de la Convention alpine. Il a formul\u00e9 10 principes directeurs qui illustrent ses objectifs, sa vision des t\u00e2ches qui lui incombent et les m\u00e9thodes retenues pour ses activit\u00e9s <a class=\"external-link-new-window\" href=\"http:\/\/alpenallianz.org\/de\" target=\"_blank\" rel=\"noopener\">(informations compl\u00e9mentaires)<\/a><\/p>\n<\/div><\/section><\/div><div  class='flex_column av-2z2fxm-2d89de9d653ab09cf78a74a06955dc66 av_one_third  avia-builder-el-3  el_after_av_two_third  avia-builder-el-last  flex_column_div  '     ><p>\n<style type=\"text\/css\" data-created_by=\"avia_inline_auto\" id=\"style-css-av-lav61vub-ad935abb087e36d6f3ce44016dd3cda2\">\n.avia-image-container.av-lav61vub-ad935abb087e36d6f3ce44016dd3cda2 img.avia_image{\nbox-shadow:none;\n}\n.avia-image-container.av-lav61vub-ad935abb087e36d6f3ce44016dd3cda2 .av-image-caption-overlay-center{\ncolor:#ffffff;\n}\n<\/style>\n<div  class='avia-image-container av-lav61vub-ad935abb087e36d6f3ce44016dd3cda2 av-styling- avia-align-left  avia-builder-el-4  el_before_av_textblock  avia-builder-el-first '   itemprop=\"image\" itemscope=\"itemscope\" itemtype=\"https:\/\/schema.org\/ImageObject\" ><div class=\"avia-image-container-inner\"><div class=\"avia-image-overlay-wrap\"><img decoding=\"async\" fetchpriority=\"high\" class='wp-image-4489 avia-img-lazy-loading-not-4489 avia_image ' src=\"https:\/\/www.sab.ch\/wp-content\/uploads\/2022\/11\/csm_aida-logo-de_1bca1f8b3f-1.jpg\" alt='' title='csm_aida-logo-de_1bca1f8b3f'  height=\"200\" width=\"400\"  itemprop=\"thumbnailUrl\"  \/><\/div><\/div><\/div><br \/>\n<section  class='av_textblock_section av-lbno5y45-a6aab779406b819b59b9e0911242b7b7 '   itemscope=\"itemscope\" itemtype=\"https:\/\/schema.org\/CreativeWork\" ><div class='avia_textblock'  itemprop=\"text\" ><p><a href=\"https:\/\/sab.ch\/dienstleistungen\/management-von-organisationen-und-netzwerken\/allianz-in-den-alpen\/mitglied-werden\/\"><strong>Devenir membre<\/strong><\/a><\/p>\n<p><a href=\"https:\/\/www.sab.ch\/fr\/dienstleistungen\/management-dorganisations-et-de-reseaux\/le-reseau-alliance-dans-les-alpes\/news\/\"><b>Projets<\/b><\/a><\/p>\n<p><a href=\"https:\/\/sab.ch\/dienstleistungen\/management-von-organisationen-und-netzwerken\/allianz-in-den-alpen\/kontaktpersonen\/\"><strong>Personne de contact<\/strong><\/a><\/p>\n<p><a href=\"https:\/\/sab.ch\/dienstleistungen\/management-von-organisationen-und-netzwerken\/allianz-in-den-alpen\/gemeinden\/\"><strong>Communes<\/strong><\/a><\/p>\n<p><a href=\"https:\/\/sab.ch\/dienstleistungen\/management-von-organisationen-und-netzwerken\/allianz-in-den-alpen\/dokumente\/\"><strong>Documents<\/strong><\/a><\/p>\n<\/div><\/section><\/p><\/div>\n","protected":false},"excerpt":{"rendered":"","protected":false},"author":3,"featured_media":0,"parent":10492,"menu_order":0,"comment_status":"closed","ping_status":"closed","template":"","meta":{"footnotes":""},"class_list":["post-10498","page","type-page","status-publish","hentry"],"yoast_head":"<!-- This site is optimized with the Yoast SEO plugin v27.3 - https:\/\/yoast.com\/product\/yoast-seo-wordpress\/ -->\n<title>Le r\u00e9seau Alliance dans les Alpes - S A B<\/title>\n<meta name=\"robots\" content=\"index, follow, max-snippet:-1, max-image-preview:large, max-video-preview:-1\" \/>\n<link rel=\"canonical\" href=\"https:\/\/www.sab.ch\/fr\/dienstleistungen\/management-dorganisations-et-de-reseaux\/le-reseau-alliance-dans-les-alpes\/\" \/>\n<meta property=\"og:locale\" content=\"fr_FR\" \/>\n<meta property=\"og:type\" content=\"article\" \/>\n<meta property=\"og:title\" content=\"Le r\u00e9seau Alliance dans les Alpes - S A B\" \/>\n<meta property=\"og:url\" content=\"https:\/\/www.sab.ch\/fr\/dienstleistungen\/management-dorganisations-et-de-reseaux\/le-reseau-alliance-dans-les-alpes\/\" \/>\n<meta property=\"og:site_name\" content=\"S A B\" \/>\n<meta property=\"article:modified_time\" content=\"2023-03-31T08:35:00+00:00\" \/>\n<meta name=\"twitter:card\" content=\"summary_large_image\" \/>\n<meta name=\"twitter:label1\" content=\"Dur\u00e9e de lecture estim\u00e9e\" \/>\n\t<meta name=\"twitter:data1\" content=\"4 minutes\" \/>\n<script type=\"application\/ld+json\" class=\"yoast-schema-graph\">{\"@context\":\"https:\\\/\\\/schema.org\",\"@graph\":[{\"@type\":\"WebPage\",\"@id\":\"https:\\\/\\\/www.sab.ch\\\/fr\\\/dienstleistungen\\\/management-dorganisations-et-de-reseaux\\\/le-reseau-alliance-dans-les-alpes\\\/\",\"url\":\"https:\\\/\\\/www.sab.ch\\\/fr\\\/dienstleistungen\\\/management-dorganisations-et-de-reseaux\\\/le-reseau-alliance-dans-les-alpes\\\/\",\"name\":\"Le r\u00e9seau Alliance dans les Alpes - S A B\",\"isPartOf\":{\"@id\":\"https:\\\/\\\/www.sab.ch\\\/fr\\\/#website\"},\"datePublished\":\"2022-12-22T09:39:43+00:00\",\"dateModified\":\"2023-03-31T08:35:00+00:00\",\"breadcrumb\":{\"@id\":\"https:\\\/\\\/www.sab.ch\\\/fr\\\/dienstleistungen\\\/management-dorganisations-et-de-reseaux\\\/le-reseau-alliance-dans-les-alpes\\\/#breadcrumb\"},\"inLanguage\":\"fr-FR\",\"potentialAction\":[{\"@type\":\"ReadAction\",\"target\":[\"https:\\\/\\\/www.sab.ch\\\/fr\\\/dienstleistungen\\\/management-dorganisations-et-de-reseaux\\\/le-reseau-alliance-dans-les-alpes\\\/\"]}]},{\"@type\":\"BreadcrumbList\",\"@id\":\"https:\\\/\\\/www.sab.ch\\\/fr\\\/dienstleistungen\\\/management-dorganisations-et-de-reseaux\\\/le-reseau-alliance-dans-les-alpes\\\/#breadcrumb\",\"itemListElement\":[{\"@type\":\"ListItem\",\"position\":1,\"name\":\"Startseite\",\"item\":\"https:\\\/\\\/www.sab.ch\\\/fr\\\/home\\\/\"},{\"@type\":\"ListItem\",\"position\":2,\"name\":\"Prestations\",\"item\":\"https:\\\/\\\/www.sab.ch\\\/fr\\\/dienstleistungen\\\/\"},{\"@type\":\"ListItem\",\"position\":3,\"name\":\"Management d\u2019organisations et de r\u00e9seaux\",\"item\":\"https:\\\/\\\/www.sab.ch\\\/fr\\\/dienstleistungen\\\/management-dorganisations-et-de-reseaux\\\/\"},{\"@type\":\"ListItem\",\"position\":4,\"name\":\"Le r\u00e9seau Alliance dans les Alpes\"}]},{\"@type\":\"WebSite\",\"@id\":\"https:\\\/\\\/www.sab.ch\\\/fr\\\/#website\",\"url\":\"https:\\\/\\\/www.sab.ch\\\/fr\\\/\",\"name\":\"S A B\",\"description\":\"\",\"potentialAction\":[{\"@type\":\"SearchAction\",\"target\":{\"@type\":\"EntryPoint\",\"urlTemplate\":\"https:\\\/\\\/www.sab.ch\\\/fr\\\/?s={search_term_string}\"},\"query-input\":{\"@type\":\"PropertyValueSpecification\",\"valueRequired\":true,\"valueName\":\"search_term_string\"}}],\"inLanguage\":\"fr-FR\"}]}<\/script>\n<!-- \/ Yoast SEO plugin. -->","yoast_head_json":{"title":"Le r\u00e9seau Alliance dans les Alpes - S A B","robots":{"index":"index","follow":"follow","max-snippet":"max-snippet:-1","max-image-preview":"max-image-preview:large","max-video-preview":"max-video-preview:-1"},"canonical":"https:\/\/www.sab.ch\/fr\/dienstleistungen\/management-dorganisations-et-de-reseaux\/le-reseau-alliance-dans-les-alpes\/","og_locale":"fr_FR","og_type":"article","og_title":"Le r\u00e9seau Alliance dans les Alpes - S A B","og_url":"https:\/\/www.sab.ch\/fr\/dienstleistungen\/management-dorganisations-et-de-reseaux\/le-reseau-alliance-dans-les-alpes\/","og_site_name":"S A B","article_modified_time":"2023-03-31T08:35:00+00:00","twitter_card":"summary_large_image","twitter_misc":{"Dur\u00e9e de lecture estim\u00e9e":"4 minutes"},"schema":{"@context":"https:\/\/schema.org","@graph":[{"@type":"WebPage","@id":"https:\/\/www.sab.ch\/fr\/dienstleistungen\/management-dorganisations-et-de-reseaux\/le-reseau-alliance-dans-les-alpes\/","url":"https:\/\/www.sab.ch\/fr\/dienstleistungen\/management-dorganisations-et-de-reseaux\/le-reseau-alliance-dans-les-alpes\/","name":"Le r\u00e9seau Alliance dans les Alpes - S A B","isPartOf":{"@id":"https:\/\/www.sab.ch\/fr\/#website"},"datePublished":"2022-12-22T09:39:43+00:00","dateModified":"2023-03-31T08:35:00+00:00","breadcrumb":{"@id":"https:\/\/www.sab.ch\/fr\/dienstleistungen\/management-dorganisations-et-de-reseaux\/le-reseau-alliance-dans-les-alpes\/#breadcrumb"},"inLanguage":"fr-FR","potentialAction":[{"@type":"ReadAction","target":["https:\/\/www.sab.ch\/fr\/dienstleistungen\/management-dorganisations-et-de-reseaux\/le-reseau-alliance-dans-les-alpes\/"]}]},{"@type":"BreadcrumbList","@id":"https:\/\/www.sab.ch\/fr\/dienstleistungen\/management-dorganisations-et-de-reseaux\/le-reseau-alliance-dans-les-alpes\/#breadcrumb","itemListElement":[{"@type":"ListItem","position":1,"name":"Startseite","item":"https:\/\/www.sab.ch\/fr\/home\/"},{"@type":"ListItem","position":2,"name":"Prestations","item":"https:\/\/www.sab.ch\/fr\/dienstleistungen\/"},{"@type":"ListItem","position":3,"name":"Management d\u2019organisations et de r\u00e9seaux","item":"https:\/\/www.sab.ch\/fr\/dienstleistungen\/management-dorganisations-et-de-reseaux\/"},{"@type":"ListItem","position":4,"name":"Le r\u00e9seau Alliance dans les Alpes"}]},{"@type":"WebSite","@id":"https:\/\/www.sab.ch\/fr\/#website","url":"https:\/\/www.sab.ch\/fr\/","name":"S A B","description":"","potentialAction":[{"@type":"SearchAction","target":{"@type":"EntryPoint","urlTemplate":"https:\/\/www.sab.ch\/fr\/?s={search_term_string}"},"query-input":{"@type":"PropertyValueSpecification","valueRequired":true,"valueName":"search_term_string"}}],"inLanguage":"fr-FR"}]}},"_links":{"self":[{"href":"https:\/\/www.sab.ch\/fr\/wp-json\/wp\/v2\/pages\/10498","targetHints":{"allow":["GET"]}}],"collection":[{"href":"https:\/\/www.sab.ch\/fr\/wp-json\/wp\/v2\/pages"}],"about":[{"href":"https:\/\/www.sab.ch\/fr\/wp-json\/wp\/v2\/types\/page"}],"author":[{"embeddable":true,"href":"https:\/\/www.sab.ch\/fr\/wp-json\/wp\/v2\/users\/3"}],"replies":[{"embeddable":true,"href":"https:\/\/www.sab.ch\/fr\/wp-json\/wp\/v2\/comments?post=10498"}],"version-history":[{"count":4,"href":"https:\/\/www.sab.ch\/fr\/wp-json\/wp\/v2\/pages\/10498\/revisions"}],"predecessor-version":[{"id":14559,"href":"https:\/\/www.sab.ch\/fr\/wp-json\/wp\/v2\/pages\/10498\/revisions\/14559"}],"up":[{"embeddable":true,"href":"https:\/\/www.sab.ch\/fr\/wp-json\/wp\/v2\/pages\/10492"}],"wp:attachment":[{"href":"https:\/\/www.sab.ch\/fr\/wp-json\/wp\/v2\/media?parent=10498"}],"curies":[{"name":"wp","href":"https:\/\/api.w.org\/{rel}","templated":true}]}}