{"id":10514,"date":"2022-12-22T10:51:57","date_gmt":"2022-12-22T09:51:57","guid":{"rendered":"https:\/\/www.sab.ch\/dienstleistungen\/management-dorganisations-et-de-reseaux\/le-reseau-alliance-dans-les-alpes\/communes\/"},"modified":"2023-06-14T15:26:44","modified_gmt":"2023-06-14T13:26:44","slug":"communes","status":"publish","type":"page","link":"https:\/\/www.sab.ch\/fr\/dienstleistungen\/management-dorganisations-et-de-reseaux\/le-reseau-alliance-dans-les-alpes\/communes\/","title":{"rendered":"Communes"},"content":{"rendered":"<div id='av_section_1'  class='avia-section av-kbufzd3s-dd428f854b73db9c732bdb3b761e163e main_color avia-section-default avia-shadow  avia-builder-el-0  avia-builder-el-no-sibling  avia-bg-style-scroll container_wrap fullsize'  ><div class='container av-section-cont-open' ><main  role=\"main\" itemprop=\"mainContentOfPage\"  class='template-page content  av-content-full alpha units'><div class='post-entry post-entry-type-page post-entry-10514'><div class='entry-content-wrapper clearfix'>\n<div  class='flex_column av-31mlu6-81abb79b7b7619a3a98acce1076586ba av_two_third  avia-builder-el-1  avia-builder-el-no-sibling  first flex_column_div  '     ><section  class='av_textblock_section av-jxk41cbl-de8745f204dcd65c5170bef159d7e21a '   itemscope=\"itemscope\" itemtype=\"https:\/\/schema.org\/CreativeWork\" ><div class='avia_textblock'  itemprop=\"text\" ><h2 class=\"csc-firstHeader\">Communes<\/h2>\n<p>Depuis l&rsquo;\u00e9t\u00e9 2008, le SAB est responsable de la coordination du r\u00e9seau de \u00ab\u00a0Alliance dans les Alpes\u00a0\u00bb en Suisse. La SAB s&rsquo;occupe \u00e9galement des communes de Suisse al\u00e9manique. Dans chaque num\u00e9ro de la revue Montagna du SAB, la rubrique Communes de montagne pr\u00e9sente des projets r\u00e9alis\u00e9s dans les communes membres.<\/p>\n<p><a href=\"https:\/\/www.sab.ch\/wp-content\/uploads\/2023\/06\/Leitbild-und-konkrete-Umsetzung-Satte_Montagna-04_2022.pdf\">Mod\u00e8le et mise en \u0153uvre concr\u00e8te &#8211; Un processus de planification participatif \u00e0 Sattel (SZ) (Montagna nr 4, 2022))<\/a><\/p>\n<p><a href=\"\/wp-content\/uploads\/2022\/11\/SafientalKommunalerRichtplanBevWS_2014-03-20.pdf\">Atelier de la population pour l&rsquo;\u00e9laboration du plan directeur communal (S\u00fcdostschweiz 20 mars 2014)<\/a><\/p>\n<p><a href=\"\/wp-content\/uploads\/2022\/11\/htr_hotel_revue_vom_15__November_2012_Seite_2.pdf\">Projet Destinations respectueuses du climat (Hotelrevue 15 novembre 2012)<\/a><\/p>\n<p><a href=\"\/wp-content\/uploads\/2022\/11\/Berggemeinden_vernetzen_sich_Montagna_3-2009.pdf\">Allianz in den Alpen &#8211; Berggemeinden vernetzen sich (Montagna 3-2009)<\/a><\/p>\n<p><a href=\"\/wp-content\/uploads\/2022\/11\/Viva_Ardez__Montagna_5-2009.pdf\">Viva Ardez (Montagna 5-2009)<\/a><\/p>\n<p><a href=\"\/wp-content\/uploads\/2022\/11\/MO_7_Artikel.pdf\">Das Dynalp2-Projekt in Reichenbach (Montagna 7-2009)<\/a><\/p>\n<p>Vous trouverez ici la <a class=\"external-link-new-window\" href=\"http:\/\/alpenallianz.org\/de\/ueber-das-gemeindenetzwerk\/mitglieder\" target=\"_blank\" rel=\"noopener\">liste<\/a> des communes membres.<\/p>\n<\/div><\/section><\/div>\n","protected":false},"excerpt":{"rendered":"","protected":false},"author":3,"featured_media":0,"parent":10498,"menu_order":0,"comment_status":"closed","ping_status":"closed","template":"","meta":{"footnotes":""},"class_list":["post-10514","page","type-page","status-publish","hentry"],"yoast_head":"<!-- This site is optimized with the Yoast SEO plugin v27.4 - https:\/\/yoast.com\/product\/yoast-seo-wordpress\/ -->\n<title>Communes - S A B<\/title>\n<meta name=\"robots\" content=\"index, follow, max-snippet:-1, max-image-preview:large, max-video-preview:-1\" \/>\n<link rel=\"canonical\" href=\"https:\/\/www.sab.ch\/fr\/dienstleistungen\/management-dorganisations-et-de-reseaux\/le-reseau-alliance-dans-les-alpes\/communes\/\" \/>\n<meta property=\"og:locale\" content=\"fr_FR\" \/>\n<meta property=\"og:type\" content=\"article\" \/>\n<meta property=\"og:title\" content=\"Communes - S A B\" \/>\n<meta property=\"og:url\" content=\"https:\/\/www.sab.ch\/fr\/dienstleistungen\/management-dorganisations-et-de-reseaux\/le-reseau-alliance-dans-les-alpes\/communes\/\" \/>\n<meta property=\"og:site_name\" content=\"S A B\" \/>\n<meta property=\"article:modified_time\" content=\"2023-06-14T13:26:44+00:00\" \/>\n<meta name=\"twitter:card\" content=\"summary_large_image\" \/>\n<meta name=\"twitter:label1\" content=\"Dur\u00e9e de lecture estim\u00e9e\" \/>\n\t<meta name=\"twitter:data1\" content=\"2 minutes\" \/>\n<script type=\"application\/ld+json\" class=\"yoast-schema-graph\">{\"@context\":\"https:\\\/\\\/schema.org\",\"@graph\":[{\"@type\":\"WebPage\",\"@id\":\"https:\\\/\\\/www.sab.ch\\\/fr\\\/dienstleistungen\\\/management-dorganisations-et-de-reseaux\\\/le-reseau-alliance-dans-les-alpes\\\/communes\\\/\",\"url\":\"https:\\\/\\\/www.sab.ch\\\/fr\\\/dienstleistungen\\\/management-dorganisations-et-de-reseaux\\\/le-reseau-alliance-dans-les-alpes\\\/communes\\\/\",\"name\":\"Communes - S A B\",\"isPartOf\":{\"@id\":\"https:\\\/\\\/www.sab.ch\\\/fr\\\/#website\"},\"datePublished\":\"2022-12-22T09:51:57+00:00\",\"dateModified\":\"2023-06-14T13:26:44+00:00\",\"breadcrumb\":{\"@id\":\"https:\\\/\\\/www.sab.ch\\\/fr\\\/dienstleistungen\\\/management-dorganisations-et-de-reseaux\\\/le-reseau-alliance-dans-les-alpes\\\/communes\\\/#breadcrumb\"},\"inLanguage\":\"fr-FR\",\"potentialAction\":[{\"@type\":\"ReadAction\",\"target\":[\"https:\\\/\\\/www.sab.ch\\\/fr\\\/dienstleistungen\\\/management-dorganisations-et-de-reseaux\\\/le-reseau-alliance-dans-les-alpes\\\/communes\\\/\"]}]},{\"@type\":\"BreadcrumbList\",\"@id\":\"https:\\\/\\\/www.sab.ch\\\/fr\\\/dienstleistungen\\\/management-dorganisations-et-de-reseaux\\\/le-reseau-alliance-dans-les-alpes\\\/communes\\\/#breadcrumb\",\"itemListElement\":[{\"@type\":\"ListItem\",\"position\":1,\"name\":\"Startseite\",\"item\":\"https:\\\/\\\/www.sab.ch\\\/fr\\\/home\\\/\"},{\"@type\":\"ListItem\",\"position\":2,\"name\":\"Prestations\",\"item\":\"https:\\\/\\\/www.sab.ch\\\/fr\\\/dienstleistungen\\\/\"},{\"@type\":\"ListItem\",\"position\":3,\"name\":\"Management d\u2019organisations et de r\u00e9seaux\",\"item\":\"https:\\\/\\\/www.sab.ch\\\/fr\\\/dienstleistungen\\\/management-dorganisations-et-de-reseaux\\\/\"},{\"@type\":\"ListItem\",\"position\":4,\"name\":\"Le r\u00e9seau Alliance dans les Alpes\",\"item\":\"https:\\\/\\\/www.sab.ch\\\/fr\\\/dienstleistungen\\\/management-dorganisations-et-de-reseaux\\\/le-reseau-alliance-dans-les-alpes\\\/\"},{\"@type\":\"ListItem\",\"position\":5,\"name\":\"Communes\"}]},{\"@type\":\"WebSite\",\"@id\":\"https:\\\/\\\/www.sab.ch\\\/fr\\\/#website\",\"url\":\"https:\\\/\\\/www.sab.ch\\\/fr\\\/\",\"name\":\"S A B\",\"description\":\"\",\"potentialAction\":[{\"@type\":\"SearchAction\",\"target\":{\"@type\":\"EntryPoint\",\"urlTemplate\":\"https:\\\/\\\/www.sab.ch\\\/fr\\\/?s={search_term_string}\"},\"query-input\":{\"@type\":\"PropertyValueSpecification\",\"valueRequired\":true,\"valueName\":\"search_term_string\"}}],\"inLanguage\":\"fr-FR\"}]}<\/script>\n<!-- \/ Yoast SEO plugin. -->","yoast_head_json":{"title":"Communes - S A B","robots":{"index":"index","follow":"follow","max-snippet":"max-snippet:-1","max-image-preview":"max-image-preview:large","max-video-preview":"max-video-preview:-1"},"canonical":"https:\/\/www.sab.ch\/fr\/dienstleistungen\/management-dorganisations-et-de-reseaux\/le-reseau-alliance-dans-les-alpes\/communes\/","og_locale":"fr_FR","og_type":"article","og_title":"Communes - S A B","og_url":"https:\/\/www.sab.ch\/fr\/dienstleistungen\/management-dorganisations-et-de-reseaux\/le-reseau-alliance-dans-les-alpes\/communes\/","og_site_name":"S A B","article_modified_time":"2023-06-14T13:26:44+00:00","twitter_card":"summary_large_image","twitter_misc":{"Dur\u00e9e de lecture estim\u00e9e":"2 minutes"},"schema":{"@context":"https:\/\/schema.org","@graph":[{"@type":"WebPage","@id":"https:\/\/www.sab.ch\/fr\/dienstleistungen\/management-dorganisations-et-de-reseaux\/le-reseau-alliance-dans-les-alpes\/communes\/","url":"https:\/\/www.sab.ch\/fr\/dienstleistungen\/management-dorganisations-et-de-reseaux\/le-reseau-alliance-dans-les-alpes\/communes\/","name":"Communes - S A B","isPartOf":{"@id":"https:\/\/www.sab.ch\/fr\/#website"},"datePublished":"2022-12-22T09:51:57+00:00","dateModified":"2023-06-14T13:26:44+00:00","breadcrumb":{"@id":"https:\/\/www.sab.ch\/fr\/dienstleistungen\/management-dorganisations-et-de-reseaux\/le-reseau-alliance-dans-les-alpes\/communes\/#breadcrumb"},"inLanguage":"fr-FR","potentialAction":[{"@type":"ReadAction","target":["https:\/\/www.sab.ch\/fr\/dienstleistungen\/management-dorganisations-et-de-reseaux\/le-reseau-alliance-dans-les-alpes\/communes\/"]}]},{"@type":"BreadcrumbList","@id":"https:\/\/www.sab.ch\/fr\/dienstleistungen\/management-dorganisations-et-de-reseaux\/le-reseau-alliance-dans-les-alpes\/communes\/#breadcrumb","itemListElement":[{"@type":"ListItem","position":1,"name":"Startseite","item":"https:\/\/www.sab.ch\/fr\/home\/"},{"@type":"ListItem","position":2,"name":"Prestations","item":"https:\/\/www.sab.ch\/fr\/dienstleistungen\/"},{"@type":"ListItem","position":3,"name":"Management d\u2019organisations et de r\u00e9seaux","item":"https:\/\/www.sab.ch\/fr\/dienstleistungen\/management-dorganisations-et-de-reseaux\/"},{"@type":"ListItem","position":4,"name":"Le r\u00e9seau Alliance dans les Alpes","item":"https:\/\/www.sab.ch\/fr\/dienstleistungen\/management-dorganisations-et-de-reseaux\/le-reseau-alliance-dans-les-alpes\/"},{"@type":"ListItem","position":5,"name":"Communes"}]},{"@type":"WebSite","@id":"https:\/\/www.sab.ch\/fr\/#website","url":"https:\/\/www.sab.ch\/fr\/","name":"S A B","description":"","potentialAction":[{"@type":"SearchAction","target":{"@type":"EntryPoint","urlTemplate":"https:\/\/www.sab.ch\/fr\/?s={search_term_string}"},"query-input":{"@type":"PropertyValueSpecification","valueRequired":true,"valueName":"search_term_string"}}],"inLanguage":"fr-FR"}]}},"_links":{"self":[{"href":"https:\/\/www.sab.ch\/fr\/wp-json\/wp\/v2\/pages\/10514","targetHints":{"allow":["GET"]}}],"collection":[{"href":"https:\/\/www.sab.ch\/fr\/wp-json\/wp\/v2\/pages"}],"about":[{"href":"https:\/\/www.sab.ch\/fr\/wp-json\/wp\/v2\/types\/page"}],"author":[{"embeddable":true,"href":"https:\/\/www.sab.ch\/fr\/wp-json\/wp\/v2\/users\/3"}],"replies":[{"embeddable":true,"href":"https:\/\/www.sab.ch\/fr\/wp-json\/wp\/v2\/comments?post=10514"}],"version-history":[{"count":10,"href":"https:\/\/www.sab.ch\/fr\/wp-json\/wp\/v2\/pages\/10514\/revisions"}],"predecessor-version":[{"id":15866,"href":"https:\/\/www.sab.ch\/fr\/wp-json\/wp\/v2\/pages\/10514\/revisions\/15866"}],"up":[{"embeddable":true,"href":"https:\/\/www.sab.ch\/fr\/wp-json\/wp\/v2\/pages\/10498"}],"wp:attachment":[{"href":"https:\/\/www.sab.ch\/fr\/wp-json\/wp\/v2\/media?parent=10514"}],"curies":[{"name":"wp","href":"https:\/\/api.w.org\/{rel}","templated":true}]}}