{"id":10517,"date":"2022-12-22T10:55:41","date_gmt":"2022-12-22T09:55:41","guid":{"rendered":"https:\/\/www.sab.ch\/departement-technique-de-sab-volontaires-montagne\/cooperatives-de-construction-rurale-ccr\/"},"modified":"2023-12-20T11:01:33","modified_gmt":"2023-12-20T10:01:33","slug":"cooperatives-de-construction-rurale-ccr","status":"publish","type":"page","link":"https:\/\/www.sab.ch\/fr\/departement-technique-de-sab-volontaires-montagne\/cooperatives-de-construction-rurale-ccr\/","title":{"rendered":"Coop\u00e9ratives de construction rurale (CCR)"},"content":{"rendered":"<div id='av_section_1'  class='avia-section av-kbufzd3s-dd428f854b73db9c732bdb3b761e163e main_color avia-section-default avia-shadow  avia-builder-el-0  el_before_av_section  avia-builder-el-first  avia-bg-style-scroll container_wrap fullsize'  ><div class='container av-section-cont-open' ><main  role=\"main\" itemprop=\"mainContentOfPage\"  class='template-page content  av-content-full alpha units'><div class='post-entry post-entry-type-page post-entry-10517'><div class='entry-content-wrapper clearfix'>\n\n<style type=\"text\/css\" data-created_by=\"avia_inline_auto\" id=\"style-css-av-38q1-59d4a1d61c1719c885de0a85685ce4ed\">\n.flex_column.av-38q1-59d4a1d61c1719c885de0a85685ce4ed{\nborder-radius:0px 0px 0px 0px;\npadding:0px 0px 0px 0px;\n}\n<\/style>\n<div  class='flex_column av-38q1-59d4a1d61c1719c885de0a85685ce4ed av_two_third  avia-builder-el-1  el_before_av_one_third  avia-builder-el-first  first flex_column_div av-zero-column-padding  '     ><section  class='av_textblock_section av-jxk41cbl-de8745f204dcd65c5170bef159d7e21a '   itemscope=\"itemscope\" itemtype=\"https:\/\/schema.org\/CreativeWork\" ><div class='avia_textblock'  itemprop=\"text\" ><p>Les coop\u00e9ratives de construction rurale (CCR) sont des partenaires importants pour le SAB parce qu\u2019elles sont actives sur le plan op\u00e9rationnel, peuvent donner une impulsion importante \u00e0 l\u2019activit\u00e9 politique du SAB et en particulier parce qu\u2019elles comptent plus de 22 000 membres, principalement dans les zones rurales et de montagne.<br \/>\nSAB repr\u00e9sente CCR \u00e0 l\u2019ext\u00e9rieur et lui offre <strong>une large gamme de services<\/strong> : La plupart des CCR ont souscrit leur <strong>assurance responsabilit\u00e9 civile professionnell<\/strong>e par le biais d\u2019accords-cadres de SAB. En outre, il existe un large \u00e9ventail de cours destin\u00e9s aux membres de CCR ainsi qu\u2019aux employ\u00e9s et aux gestionnaires. En outre, il existe un large \u00e9ventail de <strong>cours<\/strong> destin\u00e9s aux membres de CCR ainsi qu\u2019aux employ\u00e9s et aux gestionnaires.<\/p>\n<p><b>Les CCR offrent :<\/b><\/p>\n<ul>\n<li>Construire \u00e0 moindre co\u00fbt en s&rsquo;aidant soi-m\u00eame<\/li>\n<li>Services sur mesure (conseil, planification, direction des travaux)<\/li>\n<li>Achat de mat\u00e9riaux de construction \u00e0 des conditions avantageuses<\/li>\n<li>Location d&rsquo;appareils et de coffrages<\/li>\n<li>Aider les gens \u00e0 s&rsquo;aider eux-m\u00eames<\/li>\n<\/ul>\n<\/div><\/section><\/div><div  class='flex_column av-2ppamf-e4374d5a2ea2fef4497c73fc9a74cc56 av_one_third  avia-builder-el-3  el_after_av_two_third  avia-builder-el-last  flex_column_div  '     ><style type=\"text\/css\" data-created_by=\"avia_inline_auto\" id=\"style-css-av-lbg8hve1-2ee374c950d5ac8bec68ee62830bc9ae\">\n.avia-image-container.av-lbg8hve1-2ee374c950d5ac8bec68ee62830bc9ae img.avia_image{\nbox-shadow:none;\n}\n.avia-image-container.av-lbg8hve1-2ee374c950d5ac8bec68ee62830bc9ae .av-image-caption-overlay-center{\ncolor:#ffffff;\n}\n<\/style>\n<div  class='avia-image-container av-lbg8hve1-2ee374c950d5ac8bec68ee62830bc9ae av-styling- avia-align-center  avia-builder-el-4  avia-builder-el-no-sibling '   itemprop=\"image\" itemscope=\"itemscope\" itemtype=\"https:\/\/schema.org\/ImageObject\" ><div class=\"avia-image-container-inner\"><div class=\"avia-image-overlay-wrap\"><img decoding=\"async\" fetchpriority=\"high\" class='wp-image-4526 avia-img-lazy-loading-not-4526 avia_image ' src=\"https:\/\/www.sab.ch\/wp-content\/uploads\/2022\/11\/csm_Bild_Maurerkelle_ed58a1efb0-1.jpg\" alt='' title='csm_Bild_Maurerkelle_ed58a1efb0'  height=\"282\" width=\"400\"  itemprop=\"thumbnailUrl\"  \/><\/div><\/div><\/div><\/div><\/div><\/div><\/main><!-- close content main element --><\/div><\/div><div id='av_section_2'  class='avia-section av-79j55j-e0458cacbf1250c32f667805bb89a533 main_color avia-section-default avia-shadow  avia-builder-el-5  el_after_av_section  el_before_av_section  avia-bg-style-scroll container_wrap fullsize'  ><div class='container av-section-cont-open' ><div class='template-page content  av-content-full alpha units'><div class='post-entry post-entry-type-page post-entry-10517'><div class='entry-content-wrapper clearfix'>\n\n<style type=\"text\/css\" data-created_by=\"avia_inline_auto\" id=\"style-css-av-5xbgl3-69d4a6a48e80c0c3f7ad2722c712e684\">\n.flex_column.av-5xbgl3-69d4a6a48e80c0c3f7ad2722c712e684{\nborder-radius:0px 0px 0px 0px;\npadding:0px 0px 0px 0px;\n}\n<\/style>\n<div  class='flex_column av-5xbgl3-69d4a6a48e80c0c3f7ad2722c712e684 av_two_third  avia-builder-el-6  avia-builder-el-no-sibling  first flex_column_div av-zero-column-padding  '     ><section  class='av_textblock_section av-lbg8l93h-e0f17dd91414ea39c4058d288514540e '   itemscope=\"itemscope\" itemtype=\"https:\/\/schema.org\/CreativeWork\" ><div class='avia_textblock'  itemprop=\"text\" ><p><strong><a href=\"https:\/\/sab.ch\/ta-sabbergversetzer\/ta-sabbergversetzer-genossenschaften-fuer-laendliches-bauen-glb\/adressenstandorte\/\">Adresses<\/a><\/strong><\/p>\n<\/div><\/section><\/div>\n<\/p>\n<\/div><\/div><\/div><!-- close content main div --><\/div><\/div><div id='av_section_3'  class='avia-section av-4p0dqv-e673409e8acd5297ee8d68bec6f0ee16 main_color avia-section-default avia-shadow  avia-builder-el-8  el_after_av_section  avia-builder-el-last  avia-bg-style-scroll container_wrap fullsize'  ><div class='container av-section-cont-open' ><div class='template-page content  av-content-full alpha units'><div class='post-entry post-entry-type-page post-entry-10517'><div class='entry-content-wrapper clearfix'>\n\n<style type=\"text\/css\" data-created_by=\"avia_inline_auto\" id=\"style-css-av-2r0nvb-c32c4c30e0cd677b19b97d62ef35b334\">\n.flex_column.av-2r0nvb-c32c4c30e0cd677b19b97d62ef35b334{\nborder-radius:0px 0px 0px 0px;\npadding:0px 0px 0px 0px;\n}\n<\/style>\n<div  class='flex_column av-2r0nvb-c32c4c30e0cd677b19b97d62ef35b334 av_two_third  avia-builder-el-9  avia-builder-el-no-sibling  first flex_column_div av-zero-column-padding  '     ><section  class='av_textblock_section av-lbg8no75-b1930e0ab5535b1c0cb124a1ea6dfbc7 '   itemscope=\"itemscope\" itemtype=\"https:\/\/schema.org\/CreativeWork\" ><div class='avia_textblock'  itemprop=\"text\" ><p><strong><a href=\"https:\/\/sab.ch\/ta-sabbergversetzer\/ta-sabbergversetzer-genossenschaften-fuer-laendliches-bauen-glb\/links-zu-den-homepages\/\">Lien vers les sites web<\/a><\/strong><\/p>\n<\/div><\/section><\/div>\n\n","protected":false},"excerpt":{"rendered":"","protected":false},"author":6,"featured_media":0,"parent":10448,"menu_order":0,"comment_status":"closed","ping_status":"closed","template":"","meta":{"footnotes":""},"class_list":["post-10517","page","type-page","status-publish","hentry"],"yoast_head":"<!-- This site is optimized with the Yoast SEO plugin v27.6 - https:\/\/yoast.com\/product\/yoast-seo-wordpress\/ -->\n<title>Coop\u00e9ratives de construction rurale (CCR) - S A B<\/title>\n<meta name=\"robots\" content=\"index, follow, max-snippet:-1, max-image-preview:large, max-video-preview:-1\" \/>\n<link rel=\"canonical\" href=\"https:\/\/www.sab.ch\/fr\/departement-technique-de-sab-volontaires-montagne\/cooperatives-de-construction-rurale-ccr\/\" \/>\n<meta property=\"og:locale\" content=\"fr_FR\" \/>\n<meta property=\"og:type\" content=\"article\" \/>\n<meta property=\"og:title\" content=\"Coop\u00e9ratives de construction rurale (CCR) - S A B\" \/>\n<meta property=\"og:url\" content=\"https:\/\/www.sab.ch\/fr\/departement-technique-de-sab-volontaires-montagne\/cooperatives-de-construction-rurale-ccr\/\" \/>\n<meta property=\"og:site_name\" content=\"S A B\" \/>\n<meta property=\"article:modified_time\" content=\"2023-12-20T10:01:33+00:00\" \/>\n<meta name=\"twitter:card\" content=\"summary_large_image\" \/>\n<meta name=\"twitter:label1\" content=\"Dur\u00e9e de lecture estim\u00e9e\" \/>\n\t<meta name=\"twitter:data1\" content=\"9 minutes\" \/>\n<script type=\"application\/ld+json\" class=\"yoast-schema-graph\">{\"@context\":\"https:\\\/\\\/schema.org\",\"@graph\":[{\"@type\":\"WebPage\",\"@id\":\"https:\\\/\\\/www.sab.ch\\\/fr\\\/departement-technique-de-sab-volontaires-montagne\\\/cooperatives-de-construction-rurale-ccr\\\/\",\"url\":\"https:\\\/\\\/www.sab.ch\\\/fr\\\/departement-technique-de-sab-volontaires-montagne\\\/cooperatives-de-construction-rurale-ccr\\\/\",\"name\":\"Coop\u00e9ratives de construction rurale (CCR) - S A B\",\"isPartOf\":{\"@id\":\"https:\\\/\\\/www.sab.ch\\\/fr\\\/#website\"},\"datePublished\":\"2022-12-22T09:55:41+00:00\",\"dateModified\":\"2023-12-20T10:01:33+00:00\",\"breadcrumb\":{\"@id\":\"https:\\\/\\\/www.sab.ch\\\/fr\\\/departement-technique-de-sab-volontaires-montagne\\\/cooperatives-de-construction-rurale-ccr\\\/#breadcrumb\"},\"inLanguage\":\"fr-FR\",\"potentialAction\":[{\"@type\":\"ReadAction\",\"target\":[\"https:\\\/\\\/www.sab.ch\\\/fr\\\/departement-technique-de-sab-volontaires-montagne\\\/cooperatives-de-construction-rurale-ccr\\\/\"]}]},{\"@type\":\"BreadcrumbList\",\"@id\":\"https:\\\/\\\/www.sab.ch\\\/fr\\\/departement-technique-de-sab-volontaires-montagne\\\/cooperatives-de-construction-rurale-ccr\\\/#breadcrumb\",\"itemListElement\":[{\"@type\":\"ListItem\",\"position\":1,\"name\":\"Startseite\",\"item\":\"https:\\\/\\\/www.sab.ch\\\/fr\\\/home\\\/\"},{\"@type\":\"ListItem\",\"position\":2,\"name\":\"D\u00e9partement technique\\\/ volontaires montagne\",\"item\":\"https:\\\/\\\/www.sab.ch\\\/fr\\\/departement-technique-de-sab-volontaires-montagne\\\/\"},{\"@type\":\"ListItem\",\"position\":3,\"name\":\"Coop\u00e9ratives de construction rurale (CCR)\"}]},{\"@type\":\"WebSite\",\"@id\":\"https:\\\/\\\/www.sab.ch\\\/fr\\\/#website\",\"url\":\"https:\\\/\\\/www.sab.ch\\\/fr\\\/\",\"name\":\"S A B\",\"description\":\"\",\"potentialAction\":[{\"@type\":\"SearchAction\",\"target\":{\"@type\":\"EntryPoint\",\"urlTemplate\":\"https:\\\/\\\/www.sab.ch\\\/fr\\\/?s={search_term_string}\"},\"query-input\":{\"@type\":\"PropertyValueSpecification\",\"valueRequired\":true,\"valueName\":\"search_term_string\"}}],\"inLanguage\":\"fr-FR\"}]}<\/script>\n<!-- \/ Yoast SEO plugin. -->","yoast_head_json":{"title":"Coop\u00e9ratives de construction rurale (CCR) - S A B","robots":{"index":"index","follow":"follow","max-snippet":"max-snippet:-1","max-image-preview":"max-image-preview:large","max-video-preview":"max-video-preview:-1"},"canonical":"https:\/\/www.sab.ch\/fr\/departement-technique-de-sab-volontaires-montagne\/cooperatives-de-construction-rurale-ccr\/","og_locale":"fr_FR","og_type":"article","og_title":"Coop\u00e9ratives de construction rurale (CCR) - S A B","og_url":"https:\/\/www.sab.ch\/fr\/departement-technique-de-sab-volontaires-montagne\/cooperatives-de-construction-rurale-ccr\/","og_site_name":"S A B","article_modified_time":"2023-12-20T10:01:33+00:00","twitter_card":"summary_large_image","twitter_misc":{"Dur\u00e9e de lecture estim\u00e9e":"9 minutes"},"schema":{"@context":"https:\/\/schema.org","@graph":[{"@type":"WebPage","@id":"https:\/\/www.sab.ch\/fr\/departement-technique-de-sab-volontaires-montagne\/cooperatives-de-construction-rurale-ccr\/","url":"https:\/\/www.sab.ch\/fr\/departement-technique-de-sab-volontaires-montagne\/cooperatives-de-construction-rurale-ccr\/","name":"Coop\u00e9ratives de construction rurale (CCR) - S A B","isPartOf":{"@id":"https:\/\/www.sab.ch\/fr\/#website"},"datePublished":"2022-12-22T09:55:41+00:00","dateModified":"2023-12-20T10:01:33+00:00","breadcrumb":{"@id":"https:\/\/www.sab.ch\/fr\/departement-technique-de-sab-volontaires-montagne\/cooperatives-de-construction-rurale-ccr\/#breadcrumb"},"inLanguage":"fr-FR","potentialAction":[{"@type":"ReadAction","target":["https:\/\/www.sab.ch\/fr\/departement-technique-de-sab-volontaires-montagne\/cooperatives-de-construction-rurale-ccr\/"]}]},{"@type":"BreadcrumbList","@id":"https:\/\/www.sab.ch\/fr\/departement-technique-de-sab-volontaires-montagne\/cooperatives-de-construction-rurale-ccr\/#breadcrumb","itemListElement":[{"@type":"ListItem","position":1,"name":"Startseite","item":"https:\/\/www.sab.ch\/fr\/home\/"},{"@type":"ListItem","position":2,"name":"D\u00e9partement technique\/ volontaires montagne","item":"https:\/\/www.sab.ch\/fr\/departement-technique-de-sab-volontaires-montagne\/"},{"@type":"ListItem","position":3,"name":"Coop\u00e9ratives de construction rurale (CCR)"}]},{"@type":"WebSite","@id":"https:\/\/www.sab.ch\/fr\/#website","url":"https:\/\/www.sab.ch\/fr\/","name":"S A B","description":"","potentialAction":[{"@type":"SearchAction","target":{"@type":"EntryPoint","urlTemplate":"https:\/\/www.sab.ch\/fr\/?s={search_term_string}"},"query-input":{"@type":"PropertyValueSpecification","valueRequired":true,"valueName":"search_term_string"}}],"inLanguage":"fr-FR"}]}},"_links":{"self":[{"href":"https:\/\/www.sab.ch\/fr\/wp-json\/wp\/v2\/pages\/10517","targetHints":{"allow":["GET"]}}],"collection":[{"href":"https:\/\/www.sab.ch\/fr\/wp-json\/wp\/v2\/pages"}],"about":[{"href":"https:\/\/www.sab.ch\/fr\/wp-json\/wp\/v2\/types\/page"}],"author":[{"embeddable":true,"href":"https:\/\/www.sab.ch\/fr\/wp-json\/wp\/v2\/users\/6"}],"replies":[{"embeddable":true,"href":"https:\/\/www.sab.ch\/fr\/wp-json\/wp\/v2\/comments?post=10517"}],"version-history":[{"count":15,"href":"https:\/\/www.sab.ch\/fr\/wp-json\/wp\/v2\/pages\/10517\/revisions"}],"predecessor-version":[{"id":19350,"href":"https:\/\/www.sab.ch\/fr\/wp-json\/wp\/v2\/pages\/10517\/revisions\/19350"}],"up":[{"embeddable":true,"href":"https:\/\/www.sab.ch\/fr\/wp-json\/wp\/v2\/pages\/10448"}],"wp:attachment":[{"href":"https:\/\/www.sab.ch\/fr\/wp-json\/wp\/v2\/media?parent=10517"}],"curies":[{"name":"wp","href":"https:\/\/api.w.org\/{rel}","templated":true}]}}