{"id":10538,"date":"2022-12-22T13:40:48","date_gmt":"2022-12-22T12:40:48","guid":{"rendered":"https:\/\/www.sab.ch\/groupe-parlementaire-montagne\/"},"modified":"2025-02-13T14:44:49","modified_gmt":"2025-02-13T13:44:49","slug":"groupe-parlementaire-montagne","status":"publish","type":"page","link":"https:\/\/www.sab.ch\/fr\/dienstleistungen\/developpement-regional\/groupe-parlementaire-montagne\/","title":{"rendered":"Groupe parlementaire montagne"},"content":{"rendered":"<div id='av_section_1'  class='avia-section av-kbufzd3s-dd428f854b73db9c732bdb3b761e163e main_color avia-section-default avia-shadow  avia-builder-el-0  avia-builder-el-no-sibling  avia-bg-style-scroll container_wrap fullsize'  ><div class='container av-section-cont-open' ><main  role=\"main\" itemprop=\"mainContentOfPage\"  class='template-page content  av-content-full alpha units'><div class='post-entry post-entry-type-page post-entry-10538'><div class='entry-content-wrapper clearfix'>\n<div  class='flex_column av-4timqk-667b76a4e239c9f4d3ca0da4062c881e av_two_third  avia-builder-el-1  avia-builder-el-no-sibling  first flex_column_div  '     ><section  class='av_textblock_section av-lawbx9h4-6bcddefd5a11176428435c410ec7eee5 '   itemscope=\"itemscope\" itemtype=\"https:\/\/schema.org\/CreativeWork\" ><div class='avia_textblock'  itemprop=\"text\" ><h2 class=\"csc-firstHeader\">Groupe parlementaire montagne<\/h2>\n<p><br class=\"avia-permanent-lb\" \/>Le Groupe parlementaire montagne rassemble plus que 50 parlementaires f\u00e9d\u00e9raux qui s&rsquo;engagent particuli\u00e8rement en faveur des r\u00e9gions de montagnes. Le Conseiller national Simon Stadler (Uri) en est le pr\u00e9sident. Le SAB dirige le secr\u00e9tariat de ce groupe. Avant chaque session, ses membres re\u00e7oivent des informations de la part du SAB, au sujet des principaux objets f\u00e9d\u00e9raux. De plus, des s\u00e9ances d&rsquo;informations sont r\u00e9guli\u00e8rement propos\u00e9es \u00e0 l&rsquo;intention des parlementaires.<\/p>\n<p><br class=\"avia-permanent-lb\" \/><strong>Pour de plus amples informations:<\/strong><\/p>\n<p>Thomas Egger<br \/>\nDirecteur du SAB et Secr\u00e9taire du Groupe parlementaire montagne<br \/>\n<a href=\"&#109;&#x61;i&#108;&#x74;o&#x3a;&#x74;&#104;&#x6f;m&#97;&#x73;&#46;&#101;&#x67;&#103;&#x65;r&#64;&#x73;a&#98;&#x2e;&#99;&#x68;\">&#116;&#x68;&#x6f;m&#97;&#x73;&#46;&#101;&#x67;&#x67;&#101;&#x72;&#x40;s&#97;&#x62;&#46;&#99;&#x68;<\/a><\/p>\n<\/div><\/section><\/div>\n","protected":false},"excerpt":{"rendered":"","protected":false},"author":3,"featured_media":0,"parent":11314,"menu_order":0,"comment_status":"closed","ping_status":"closed","template":"","meta":{"footnotes":""},"class_list":["post-10538","page","type-page","status-publish","hentry"],"yoast_head":"<!-- This site is optimized with the Yoast SEO plugin v27.6 - https:\/\/yoast.com\/product\/yoast-seo-wordpress\/ -->\n<title>Groupe parlementaire montagne - S A B<\/title>\n<meta name=\"robots\" content=\"index, follow, max-snippet:-1, max-image-preview:large, max-video-preview:-1\" \/>\n<link rel=\"canonical\" href=\"https:\/\/www.sab.ch\/fr\/dienstleistungen\/developpement-regional\/groupe-parlementaire-montagne\/\" \/>\n<meta property=\"og:locale\" content=\"fr_FR\" \/>\n<meta property=\"og:type\" content=\"article\" \/>\n<meta property=\"og:title\" content=\"Groupe parlementaire montagne - S A B\" \/>\n<meta property=\"og:url\" content=\"https:\/\/www.sab.ch\/fr\/dienstleistungen\/developpement-regional\/groupe-parlementaire-montagne\/\" \/>\n<meta property=\"og:site_name\" content=\"S A B\" \/>\n<meta property=\"article:modified_time\" content=\"2025-02-13T13:44:49+00:00\" \/>\n<meta name=\"twitter:card\" content=\"summary_large_image\" \/>\n<meta name=\"twitter:label1\" content=\"Dur\u00e9e de lecture estim\u00e9e\" \/>\n\t<meta name=\"twitter:data1\" content=\"1 minute\" \/>\n<script type=\"application\/ld+json\" class=\"yoast-schema-graph\">{\"@context\":\"https:\\\/\\\/schema.org\",\"@graph\":[{\"@type\":\"WebPage\",\"@id\":\"https:\\\/\\\/www.sab.ch\\\/fr\\\/dienstleistungen\\\/developpement-regional\\\/groupe-parlementaire-montagne\\\/\",\"url\":\"https:\\\/\\\/www.sab.ch\\\/fr\\\/dienstleistungen\\\/developpement-regional\\\/groupe-parlementaire-montagne\\\/\",\"name\":\"Groupe parlementaire montagne - S A B\",\"isPartOf\":{\"@id\":\"https:\\\/\\\/www.sab.ch\\\/fr\\\/#website\"},\"datePublished\":\"2022-12-22T12:40:48+00:00\",\"dateModified\":\"2025-02-13T13:44:49+00:00\",\"breadcrumb\":{\"@id\":\"https:\\\/\\\/www.sab.ch\\\/fr\\\/dienstleistungen\\\/developpement-regional\\\/groupe-parlementaire-montagne\\\/#breadcrumb\"},\"inLanguage\":\"fr-FR\",\"potentialAction\":[{\"@type\":\"ReadAction\",\"target\":[\"https:\\\/\\\/www.sab.ch\\\/fr\\\/dienstleistungen\\\/developpement-regional\\\/groupe-parlementaire-montagne\\\/\"]}]},{\"@type\":\"BreadcrumbList\",\"@id\":\"https:\\\/\\\/www.sab.ch\\\/fr\\\/dienstleistungen\\\/developpement-regional\\\/groupe-parlementaire-montagne\\\/#breadcrumb\",\"itemListElement\":[{\"@type\":\"ListItem\",\"position\":1,\"name\":\"Startseite\",\"item\":\"https:\\\/\\\/www.sab.ch\\\/fr\\\/home\\\/\"},{\"@type\":\"ListItem\",\"position\":2,\"name\":\"Prestations\",\"item\":\"https:\\\/\\\/www.sab.ch\\\/fr\\\/dienstleistungen\\\/\"},{\"@type\":\"ListItem\",\"position\":3,\"name\":\"D\u00e9veloppement r\u00e9gional\",\"item\":\"https:\\\/\\\/www.sab.ch\\\/fr\\\/dienstleistungen\\\/developpement-regional\\\/\"},{\"@type\":\"ListItem\",\"position\":4,\"name\":\"Groupe parlementaire montagne\"}]},{\"@type\":\"WebSite\",\"@id\":\"https:\\\/\\\/www.sab.ch\\\/fr\\\/#website\",\"url\":\"https:\\\/\\\/www.sab.ch\\\/fr\\\/\",\"name\":\"S A B\",\"description\":\"\",\"potentialAction\":[{\"@type\":\"SearchAction\",\"target\":{\"@type\":\"EntryPoint\",\"urlTemplate\":\"https:\\\/\\\/www.sab.ch\\\/fr\\\/?s={search_term_string}\"},\"query-input\":{\"@type\":\"PropertyValueSpecification\",\"valueRequired\":true,\"valueName\":\"search_term_string\"}}],\"inLanguage\":\"fr-FR\"}]}<\/script>\n<!-- \/ Yoast SEO plugin. -->","yoast_head_json":{"title":"Groupe parlementaire montagne - S A B","robots":{"index":"index","follow":"follow","max-snippet":"max-snippet:-1","max-image-preview":"max-image-preview:large","max-video-preview":"max-video-preview:-1"},"canonical":"https:\/\/www.sab.ch\/fr\/dienstleistungen\/developpement-regional\/groupe-parlementaire-montagne\/","og_locale":"fr_FR","og_type":"article","og_title":"Groupe parlementaire montagne - S A B","og_url":"https:\/\/www.sab.ch\/fr\/dienstleistungen\/developpement-regional\/groupe-parlementaire-montagne\/","og_site_name":"S A B","article_modified_time":"2025-02-13T13:44:49+00:00","twitter_card":"summary_large_image","twitter_misc":{"Dur\u00e9e de lecture estim\u00e9e":"1 minute"},"schema":{"@context":"https:\/\/schema.org","@graph":[{"@type":"WebPage","@id":"https:\/\/www.sab.ch\/fr\/dienstleistungen\/developpement-regional\/groupe-parlementaire-montagne\/","url":"https:\/\/www.sab.ch\/fr\/dienstleistungen\/developpement-regional\/groupe-parlementaire-montagne\/","name":"Groupe parlementaire montagne - S A B","isPartOf":{"@id":"https:\/\/www.sab.ch\/fr\/#website"},"datePublished":"2022-12-22T12:40:48+00:00","dateModified":"2025-02-13T13:44:49+00:00","breadcrumb":{"@id":"https:\/\/www.sab.ch\/fr\/dienstleistungen\/developpement-regional\/groupe-parlementaire-montagne\/#breadcrumb"},"inLanguage":"fr-FR","potentialAction":[{"@type":"ReadAction","target":["https:\/\/www.sab.ch\/fr\/dienstleistungen\/developpement-regional\/groupe-parlementaire-montagne\/"]}]},{"@type":"BreadcrumbList","@id":"https:\/\/www.sab.ch\/fr\/dienstleistungen\/developpement-regional\/groupe-parlementaire-montagne\/#breadcrumb","itemListElement":[{"@type":"ListItem","position":1,"name":"Startseite","item":"https:\/\/www.sab.ch\/fr\/home\/"},{"@type":"ListItem","position":2,"name":"Prestations","item":"https:\/\/www.sab.ch\/fr\/dienstleistungen\/"},{"@type":"ListItem","position":3,"name":"D\u00e9veloppement r\u00e9gional","item":"https:\/\/www.sab.ch\/fr\/dienstleistungen\/developpement-regional\/"},{"@type":"ListItem","position":4,"name":"Groupe parlementaire montagne"}]},{"@type":"WebSite","@id":"https:\/\/www.sab.ch\/fr\/#website","url":"https:\/\/www.sab.ch\/fr\/","name":"S A B","description":"","potentialAction":[{"@type":"SearchAction","target":{"@type":"EntryPoint","urlTemplate":"https:\/\/www.sab.ch\/fr\/?s={search_term_string}"},"query-input":{"@type":"PropertyValueSpecification","valueRequired":true,"valueName":"search_term_string"}}],"inLanguage":"fr-FR"}]}},"_links":{"self":[{"href":"https:\/\/www.sab.ch\/fr\/wp-json\/wp\/v2\/pages\/10538","targetHints":{"allow":["GET"]}}],"collection":[{"href":"https:\/\/www.sab.ch\/fr\/wp-json\/wp\/v2\/pages"}],"about":[{"href":"https:\/\/www.sab.ch\/fr\/wp-json\/wp\/v2\/types\/page"}],"author":[{"embeddable":true,"href":"https:\/\/www.sab.ch\/fr\/wp-json\/wp\/v2\/users\/3"}],"replies":[{"embeddable":true,"href":"https:\/\/www.sab.ch\/fr\/wp-json\/wp\/v2\/comments?post=10538"}],"version-history":[{"count":14,"href":"https:\/\/www.sab.ch\/fr\/wp-json\/wp\/v2\/pages\/10538\/revisions"}],"predecessor-version":[{"id":25740,"href":"https:\/\/www.sab.ch\/fr\/wp-json\/wp\/v2\/pages\/10538\/revisions\/25740"}],"up":[{"embeddable":true,"href":"https:\/\/www.sab.ch\/fr\/wp-json\/wp\/v2\/pages\/11314"}],"wp:attachment":[{"href":"https:\/\/www.sab.ch\/fr\/wp-json\/wp\/v2\/media?parent=10538"}],"curies":[{"name":"wp","href":"https:\/\/api.w.org\/{rel}","templated":true}]}}