{"id":10569,"date":"2022-12-22T15:00:18","date_gmt":"2022-12-22T14:00:18","guid":{"rendered":"https:\/\/www.sab.ch\/dienstleistungen\/volontaires-montagne\/"},"modified":"2025-01-09T08:35:49","modified_gmt":"2025-01-09T07:35:49","slug":"volontaires-montagne","status":"publish","type":"page","link":"https:\/\/www.sab.ch\/fr\/dienstleistungen\/volontaires-montagne\/","title":{"rendered":"volontaires montagne"},"content":{"rendered":"<div  class='flex_column av-3rde1d-0be0c3fe892af9d0a61acdc37557729f av_two_third  avia-builder-el-0  el_before_av_one_third  avia-builder-el-first  first flex_column_div  '     ><section  class='av_textblock_section av-2tugyp-e886743a1666e04adfdc1741917694a6 '   itemscope=\"itemscope\" itemtype=\"https:\/\/schema.org\/CreativeWork\" ><div class='avia_textblock'  itemprop=\"text\" ><h2 class=\"csc-firstHeader\">volontaires montagne<\/h2>\n<p>Le SAB poss\u00e8de un <span style=\"font-weight: bold;\">service<\/span> destin\u00e9 \u00e0 appuyer les communes, les bourgeoisies, les organisations touristiques ou encore les agriculteurs d\u00e9sirant construire, r\u00e9nover ou am\u00e9liorer certaines infrastructures. Ce service, baptis\u00e9 \u00ab\u00a0Volontaire montagne\u00a0\u00bb , organise des camps de volontaires pour r\u00e9aliser divers travaux tels que:<\/p>\n<p>&#8211; la cr\u00e9ation ou la r\u00e9fection de chemins p\u00e9destres, de routes de montagne<br \/>\n&#8211; la construction ou la r\u00e9novation de b\u00e2timents agricoles<br \/>\n&#8211; l\u2019installation de r\u00e9seaux d\u2019eau<br \/>\n&#8211; l\u2019entretien d\u2019alpages<\/p>\n<p>Les engagements du <span style=\"font-weight: bold;\">\u00ab\u00a0Volontaires montagne\u00a0\u00bb<\/span> encouragent le sens de la solidarit\u00e9 en faveur des populations et agriculteurs de montagne. Il Ils permettent \u00e9galement aux volontaires de se familiariser avec les particularit\u00e9s li\u00e9es aux r\u00e9gions de montagne. Le projet de transfert de montagne contribue donc largement \u00e0 renforcer la solidarit\u00e9 avec les r\u00e9gions de montagne.<\/p>\n<p>Informations suppl\u00e9mentaires : <a href=\"https:\/\/bergversetzer.ch\/\" target=\"_blank\" rel=\"noopener\">volontaires montagne<\/a><\/p>\n<p>Contact :<br \/>\nvolontaires montagne<br \/>\nGrand-Rue 15 10<br \/>\n1680 Romont FR<br \/>\nT\u00e9l. 056 450 33 15<br \/>\nE-Mail: <a href=\"&#x6d;&#x61;&#x69;&#x6c;&#x74;&#x6f;&#58;&#105;&#110;&#102;o&#64;be&#x72;&#x67;&#x76;&#x65;&#x72;&#x73;&#101;&#116;&#122;&#101;&#114;&#46;ch\">&#x69;&#x6e;&#x66;&#111;&#64;vo&#x6c;&#x6f;&#x6e;&#x74;&#97;&#105;re&#x73;&#x6d;&#x6f;&#110;&#116;&#97;gn&#x65;&#x2e;&#x63;&#104;<\/a><\/p>\n<\/div><\/section><\/div><div  class='flex_column av-2batgx-c5aa636660c1debbeea0a5399c2394aa av_one_third  avia-builder-el-2  el_after_av_two_third  avia-builder-el-last  flex_column_div  '     ><p>\n<style type=\"text\/css\" data-created_by=\"avia_inline_auto\" id=\"style-css-av-lav2gctg-81c923101ee1da097252ea7a3143801b\">\n.avia-image-container.av-lav2gctg-81c923101ee1da097252ea7a3143801b img.avia_image{\nbox-shadow:none;\n}\n.avia-image-container.av-lav2gctg-81c923101ee1da097252ea7a3143801b .av-image-caption-overlay-center{\ncolor:#ffffff;\n}\n<\/style>\n<div  class='avia-image-container av-lav2gctg-81c923101ee1da097252ea7a3143801b av-styling- avia-align-left  avia-builder-el-3  el_before_av_image  avia-builder-el-first '   itemprop=\"image\" itemscope=\"itemscope\" itemtype=\"https:\/\/schema.org\/ImageObject\" ><div class=\"avia-image-container-inner\"><div class=\"avia-image-overlay-wrap\"><img decoding=\"async\" fetchpriority=\"high\" class='wp-image-10643 avia-img-lazy-loading-not-10643 avia_image ' src=\"https:\/\/www.sab.ch\/wp-content\/uploads\/2022\/12\/bergversetzer_Logo_D_RGB-002-1024x286.png\" alt='' title='bergversetzer_Logo_D_RGB (002)'  height=\"286\" width=\"1024\"  itemprop=\"thumbnailUrl\" srcset=\"https:\/\/www.sab.ch\/wp-content\/uploads\/2022\/12\/bergversetzer_Logo_D_RGB-002-1024x286.png 1024w, https:\/\/www.sab.ch\/wp-content\/uploads\/2022\/12\/bergversetzer_Logo_D_RGB-002-1920x536.png 1920w, https:\/\/www.sab.ch\/wp-content\/uploads\/2022\/12\/bergversetzer_Logo_D_RGB-002-768x214.png 768w, https:\/\/www.sab.ch\/wp-content\/uploads\/2022\/12\/bergversetzer_Logo_D_RGB-002-1536x429.png 1536w, https:\/\/www.sab.ch\/wp-content\/uploads\/2022\/12\/bergversetzer_Logo_D_RGB-002-2048x572.png 2048w, https:\/\/www.sab.ch\/wp-content\/uploads\/2022\/12\/bergversetzer_Logo_D_RGB-002-1500x419.png 1500w, https:\/\/www.sab.ch\/wp-content\/uploads\/2022\/12\/bergversetzer_Logo_D_RGB-002-705x197.png 705w\" sizes=\"(max-width: 1024px) 100vw, 1024px\" \/><\/div><\/div><\/div><br \/>\n\n<style type=\"text\/css\" data-created_by=\"avia_inline_auto\" id=\"style-css-av-lav2grtu-f9b7017c7d63261e7363520f4f93a387\">\n.avia-image-container.av-lav2grtu-f9b7017c7d63261e7363520f4f93a387 img.avia_image{\nbox-shadow:none;\n}\n.avia-image-container.av-lav2grtu-f9b7017c7d63261e7363520f4f93a387 .av-image-caption-overlay-center{\ncolor:#ffffff;\n}\n<\/style>\n<div  class='avia-image-container av-lav2grtu-f9b7017c7d63261e7363520f4f93a387 av-styling- avia-align-left  avia-builder-el-4  el_after_av_image  avia-builder-el-last '   itemprop=\"image\" itemscope=\"itemscope\" itemtype=\"https:\/\/schema.org\/ImageObject\" ><div class=\"avia-image-container-inner\"><div class=\"avia-image-overlay-wrap\"><img decoding=\"async\" fetchpriority=\"high\" class='wp-image-7683 avia-img-lazy-loading-not-7683 avia_image ' src=\"https:\/\/www.sab.ch\/wp-content\/uploads\/2022\/11\/csm_Praesentation12222_0ccd45d9bd-2.jpg\" alt='' title='csm_Praesentation12222_0ccd45d9bd'  height=\"254\" width=\"450\"  itemprop=\"thumbnailUrl\"  \/><\/div><\/div><\/div><\/p><\/div><\/p>\n","protected":false},"excerpt":{"rendered":"","protected":false},"author":3,"featured_media":0,"parent":7623,"menu_order":0,"comment_status":"closed","ping_status":"closed","template":"","meta":{"footnotes":""},"class_list":["post-10569","page","type-page","status-publish","hentry"],"yoast_head":"<!-- This site is optimized with the Yoast SEO plugin v27.6 - https:\/\/yoast.com\/product\/yoast-seo-wordpress\/ -->\n<title>volontaires montagne - S A B<\/title>\n<meta name=\"robots\" content=\"index, follow, max-snippet:-1, max-image-preview:large, max-video-preview:-1\" \/>\n<link rel=\"canonical\" href=\"https:\/\/www.sab.ch\/fr\/dienstleistungen\/volontaires-montagne\/\" \/>\n<meta property=\"og:locale\" content=\"fr_FR\" \/>\n<meta property=\"og:type\" content=\"article\" \/>\n<meta property=\"og:title\" content=\"volontaires montagne - S A B\" \/>\n<meta property=\"og:url\" content=\"https:\/\/www.sab.ch\/fr\/dienstleistungen\/volontaires-montagne\/\" \/>\n<meta property=\"og:site_name\" content=\"S A B\" \/>\n<meta property=\"article:modified_time\" content=\"2025-01-09T07:35:49+00:00\" \/>\n<meta name=\"twitter:card\" content=\"summary_large_image\" \/>\n<meta name=\"twitter:label1\" content=\"Dur\u00e9e de lecture estim\u00e9e\" \/>\n\t<meta name=\"twitter:data1\" content=\"2 minutes\" \/>\n<script type=\"application\/ld+json\" class=\"yoast-schema-graph\">{\"@context\":\"https:\\\/\\\/schema.org\",\"@graph\":[{\"@type\":\"WebPage\",\"@id\":\"https:\\\/\\\/www.sab.ch\\\/fr\\\/dienstleistungen\\\/volontaires-montagne\\\/\",\"url\":\"https:\\\/\\\/www.sab.ch\\\/fr\\\/dienstleistungen\\\/volontaires-montagne\\\/\",\"name\":\"volontaires montagne - S A B\",\"isPartOf\":{\"@id\":\"https:\\\/\\\/www.sab.ch\\\/fr\\\/#website\"},\"datePublished\":\"2022-12-22T14:00:18+00:00\",\"dateModified\":\"2025-01-09T07:35:49+00:00\",\"breadcrumb\":{\"@id\":\"https:\\\/\\\/www.sab.ch\\\/fr\\\/dienstleistungen\\\/volontaires-montagne\\\/#breadcrumb\"},\"inLanguage\":\"fr-FR\",\"potentialAction\":[{\"@type\":\"ReadAction\",\"target\":[\"https:\\\/\\\/www.sab.ch\\\/fr\\\/dienstleistungen\\\/volontaires-montagne\\\/\"]}]},{\"@type\":\"BreadcrumbList\",\"@id\":\"https:\\\/\\\/www.sab.ch\\\/fr\\\/dienstleistungen\\\/volontaires-montagne\\\/#breadcrumb\",\"itemListElement\":[{\"@type\":\"ListItem\",\"position\":1,\"name\":\"Startseite\",\"item\":\"https:\\\/\\\/www.sab.ch\\\/fr\\\/home\\\/\"},{\"@type\":\"ListItem\",\"position\":2,\"name\":\"Prestations\",\"item\":\"https:\\\/\\\/www.sab.ch\\\/fr\\\/dienstleistungen\\\/\"},{\"@type\":\"ListItem\",\"position\":3,\"name\":\"volontaires montagne\"}]},{\"@type\":\"WebSite\",\"@id\":\"https:\\\/\\\/www.sab.ch\\\/fr\\\/#website\",\"url\":\"https:\\\/\\\/www.sab.ch\\\/fr\\\/\",\"name\":\"S A B\",\"description\":\"\",\"potentialAction\":[{\"@type\":\"SearchAction\",\"target\":{\"@type\":\"EntryPoint\",\"urlTemplate\":\"https:\\\/\\\/www.sab.ch\\\/fr\\\/?s={search_term_string}\"},\"query-input\":{\"@type\":\"PropertyValueSpecification\",\"valueRequired\":true,\"valueName\":\"search_term_string\"}}],\"inLanguage\":\"fr-FR\"}]}<\/script>\n<!-- \/ Yoast SEO plugin. -->","yoast_head_json":{"title":"volontaires montagne - S A B","robots":{"index":"index","follow":"follow","max-snippet":"max-snippet:-1","max-image-preview":"max-image-preview:large","max-video-preview":"max-video-preview:-1"},"canonical":"https:\/\/www.sab.ch\/fr\/dienstleistungen\/volontaires-montagne\/","og_locale":"fr_FR","og_type":"article","og_title":"volontaires montagne - S A B","og_url":"https:\/\/www.sab.ch\/fr\/dienstleistungen\/volontaires-montagne\/","og_site_name":"S A B","article_modified_time":"2025-01-09T07:35:49+00:00","twitter_card":"summary_large_image","twitter_misc":{"Dur\u00e9e de lecture estim\u00e9e":"2 minutes"},"schema":{"@context":"https:\/\/schema.org","@graph":[{"@type":"WebPage","@id":"https:\/\/www.sab.ch\/fr\/dienstleistungen\/volontaires-montagne\/","url":"https:\/\/www.sab.ch\/fr\/dienstleistungen\/volontaires-montagne\/","name":"volontaires montagne - S A B","isPartOf":{"@id":"https:\/\/www.sab.ch\/fr\/#website"},"datePublished":"2022-12-22T14:00:18+00:00","dateModified":"2025-01-09T07:35:49+00:00","breadcrumb":{"@id":"https:\/\/www.sab.ch\/fr\/dienstleistungen\/volontaires-montagne\/#breadcrumb"},"inLanguage":"fr-FR","potentialAction":[{"@type":"ReadAction","target":["https:\/\/www.sab.ch\/fr\/dienstleistungen\/volontaires-montagne\/"]}]},{"@type":"BreadcrumbList","@id":"https:\/\/www.sab.ch\/fr\/dienstleistungen\/volontaires-montagne\/#breadcrumb","itemListElement":[{"@type":"ListItem","position":1,"name":"Startseite","item":"https:\/\/www.sab.ch\/fr\/home\/"},{"@type":"ListItem","position":2,"name":"Prestations","item":"https:\/\/www.sab.ch\/fr\/dienstleistungen\/"},{"@type":"ListItem","position":3,"name":"volontaires montagne"}]},{"@type":"WebSite","@id":"https:\/\/www.sab.ch\/fr\/#website","url":"https:\/\/www.sab.ch\/fr\/","name":"S A B","description":"","potentialAction":[{"@type":"SearchAction","target":{"@type":"EntryPoint","urlTemplate":"https:\/\/www.sab.ch\/fr\/?s={search_term_string}"},"query-input":{"@type":"PropertyValueSpecification","valueRequired":true,"valueName":"search_term_string"}}],"inLanguage":"fr-FR"}]}},"_links":{"self":[{"href":"https:\/\/www.sab.ch\/fr\/wp-json\/wp\/v2\/pages\/10569","targetHints":{"allow":["GET"]}}],"collection":[{"href":"https:\/\/www.sab.ch\/fr\/wp-json\/wp\/v2\/pages"}],"about":[{"href":"https:\/\/www.sab.ch\/fr\/wp-json\/wp\/v2\/types\/page"}],"author":[{"embeddable":true,"href":"https:\/\/www.sab.ch\/fr\/wp-json\/wp\/v2\/users\/3"}],"replies":[{"embeddable":true,"href":"https:\/\/www.sab.ch\/fr\/wp-json\/wp\/v2\/comments?post=10569"}],"version-history":[{"count":12,"href":"https:\/\/www.sab.ch\/fr\/wp-json\/wp\/v2\/pages\/10569\/revisions"}],"predecessor-version":[{"id":25000,"href":"https:\/\/www.sab.ch\/fr\/wp-json\/wp\/v2\/pages\/10569\/revisions\/25000"}],"up":[{"embeddable":true,"href":"https:\/\/www.sab.ch\/fr\/wp-json\/wp\/v2\/pages\/7623"}],"wp:attachment":[{"href":"https:\/\/www.sab.ch\/fr\/wp-json\/wp\/v2\/media?parent=10569"}],"curies":[{"name":"wp","href":"https:\/\/api.w.org\/{rel}","templated":true}]}}