{"id":10846,"date":"2023-01-10T13:40:36","date_gmt":"2023-01-10T12:40:36","guid":{"rendered":"https:\/\/www.sab.ch\/devenez-membre\/"},"modified":"2026-01-06T13:19:36","modified_gmt":"2026-01-06T12:19:36","slug":"devenez-membre","status":"publish","type":"page","link":"https:\/\/www.sab.ch\/fr\/devenez-membre\/","title":{"rendered":"Devenez membre"},"content":{"rendered":"<div  class='flex_column av-2dqhd9-674b9e931799eaf81dd40d6b98b98c5a av_two_third  avia-builder-el-0  avia-builder-el-no-sibling  first flex_column_div  '     ><section  class='av_textblock_section av-lb0nosrf-bdd643d5da5d53c2a76f24bf797f2e6c '   itemscope=\"itemscope\" itemtype=\"https:\/\/schema.org\/CreativeWork\" ><div class='avia_textblock'  itemprop=\"text\" ><div class=\"element\">\n<div id=\"c1101\" class=\"csc-default\">\n<div class=\"csc-header csc-header-n1\">\n<h1 class=\"csc-firstHeader\"><span style=\"color: #3366ff;\">Soutenez les r\u00e9gions de montagne et devenez membre du SAB!<\/span><\/h1>\n<\/div>\n<div class=\"bodytextWrap\">\n<p class=\"bodytext\"><br class=\"avia-permanent-lb\" \/>En devenant membre du SAB, vous profitez de nos services \u00e0 des conditions pr\u00e9f\u00e9rentielles. Vous obtiendrez \u00e9galement les dix num\u00e9ros annuels de notre revue \u00ab\u00a0Montagna\u00a0\u00bb. Ainsi, vous resterez inform\u00e9s sur l&rsquo;actualit\u00e9 relative aux r\u00e9gions de montagne et \u00e0 l&rsquo;espace rural. En tant que membres, vous disposez du droit de vote \u00e0 l&rsquo;assembl\u00e9e g\u00e9n\u00e9rale du SAB et pouvez ainsi participer aux d\u00e9cisions concernant l&rsquo;avenir de la politique des r\u00e9gions de montagne.<\/p>\n<\/div>\n<\/div>\n<\/div>\n<div class=\"element\">\n<div id=\"c1103\" class=\"csc-default\">\n<div class=\"csc-header csc-header-n2\">\n<h3><\/h3>\n<\/div>\n<\/div>\n<\/div>\n<\/div><\/section><br \/>\n\n<style type=\"text\/css\" data-created_by=\"avia_inline_auto\" id=\"style-css-av-lbnjdvpl-4a0c5d3224ac2dacc21eb23503ea5b73\">\n#top .hr.hr-invisible.av-lbnjdvpl-4a0c5d3224ac2dacc21eb23503ea5b73{\nheight:50px;\n}\n<\/style>\n<div  class='hr av-lbnjdvpl-4a0c5d3224ac2dacc21eb23503ea5b73 hr-invisible  avia-builder-el-2  el_after_av_textblock  el_before_av_textblock '><span class='hr-inner '><span class=\"hr-inner-style\"><\/span><\/span><\/div><br \/>\n<section  class='av_textblock_section av-lb0nw1zv-323958de4c50a454e8bab484a0b0dae7 '   itemscope=\"itemscope\" itemtype=\"https:\/\/schema.org\/CreativeWork\" ><div class='avia_textblock'  itemprop=\"text\" ><div class=\"element\">\n<div id=\"c1103\" class=\"csc-default\">\n<div class=\"csc-header csc-header-n2\">\n<h3>R\u00e8glement concernant les cotisations du SAB<\/h3>\n<\/div>\n<div class=\"bodytextWrap\">\n<p class=\"bodytext\">Les cotisations se basent sur l\u2019art. 8, let. e des statuts du SAB. Le pr\u00e9sent r\u00e8glement donne des informations suppl\u00e9mentaires. Les modifications du pr\u00e9sent r\u00e8glement doivent \u00eatre adopt\u00e9es par l\u2019Assembl\u00e9e g\u00e9n\u00e9rale du SAB.<\/p>\n<\/div>\n<\/div>\n<\/div>\n<div class=\"element\">\n<div id=\"c1500\" class=\"csc-default\">\n<ul class=\"csc-uploads csc-uploads-0\">\n<li class=\"li-odd li-first csc-uploads-element csc-uploads-element-pdf\"><a href=\"https:\/\/www.sab.ch\/wp-content\/uploads\/2023\/01\/Reglement-Mitgliederbeitrag-2019_f.pdf\">Reglement concernant les cotisations du SAB, valable d\u00e8s le 29.08.2019<\/a><\/li>\n<\/ul>\n<\/div>\n<\/div>\n<\/div><\/section><br \/>\n\n<style type=\"text\/css\" data-created_by=\"avia_inline_auto\" id=\"style-css-av-av_hr-3a876428eececa9d35452247ddb053af\">\n#top .hr.hr-invisible.av-av_hr-3a876428eececa9d35452247ddb053af{\nheight:50px;\n}\n<\/style>\n<div  class='hr av-av_hr-3a876428eececa9d35452247ddb053af hr-invisible  avia-builder-el-4  el_after_av_textblock  el_before_av_textblock '><span class='hr-inner '><span class=\"hr-inner-style\"><\/span><\/span><\/div><br \/>\n<section  class='av_textblock_section av-mk2jyyjy-f83f1689aa018ae1a36d09d7ec73e048 '   itemscope=\"itemscope\" itemtype=\"https:\/\/schema.org\/CreativeWork\" ><div class='avia_textblock'  itemprop=\"text\" ><div class=\"element\">\n<div id=\"c1103\" class=\"csc-default\">\n<div class=\"csc-header csc-header-n2\">\n<h3>Autres documents<\/h3>\n<\/div>\n<\/div>\n<\/div>\n<div class=\"element\">\n<div id=\"c1500\" class=\"csc-default\">\n<p><br class=\"avia-permanent-lb\" \/><a href=\"https:\/\/www.sab.ch\/wp-content\/uploads\/2023\/10\/Statuts-du-SAB_f_GV2023.pdf\">\u2192 Statuts du\u00a0 SAB<\/a><\/p>\n<p><a href=\"https:\/\/www.sab.ch\/wp-content\/uploads\/2025\/12\/Dienstleistung-der-SAB_fr_LOW.pdf\">\u2192 br\u00e8ve pr\u00e9sentation du SAB<\/a><\/p>\n<\/div>\n<\/div>\n<\/div><\/section><br \/>\n\n<style type=\"text\/css\" data-created_by=\"avia_inline_auto\" id=\"style-css-av-lbnjgl68-d520d44910e45567e985afd361134ea8\">\n#top .hr.hr-invisible.av-lbnjgl68-d520d44910e45567e985afd361134ea8{\nheight:50px;\n}\n<\/style>\n<div  class='hr av-lbnjgl68-d520d44910e45567e985afd361134ea8 hr-invisible  avia-builder-el-6  el_after_av_textblock  el_before_av_contact '><span class='hr-inner '><span class=\"hr-inner-style\"><\/span><\/span><\/div><br \/>\n<form action=\"https:\/\/www.sab.ch\/fr\/devenez-membre\/\" method=\"post\" data-fields-with-error=\"Erreurs trouv\u00e9es dans les champs suivants :\" class=\"avia_ajax_form av-form-labels-visible   avia-builder-el-7  el_after_av_hr  avia-builder-el-last   \" data-avia-form-id=\"1\" data-avia-redirect='' ><h3 class=''>Inscription en tant que nouveau membre du SAB<\/h3><fieldset><p class='  first_form  form_element form_fullwidth' id='element_avia_1_1'><label for=\"avia_1_1\">Inscription en tant que <abbr class=\"required\" title=\"requis(e)\">*<\/abbr><\/label><select  name=\"avia_1_1\" class=\"select is_empty\" id=\"avia_1_1\"><option   value='Membre individuel'>Membre individuel<\/option><option   value='Membre collectif (communes'>Membre collectif (communes<\/option><option   value='organisations: cotisation annuelle selon accord)'>organisations: cotisation annuelle selon accord)<\/option><\/select><\/p><p class='  first_form  form_element form_fullwidth' id='element_avia_2_1'><label for=\"avia_2_1\">Comune\/Organisation\/Entreprise:<\/label> <input name=\"avia_2_1\" class=\"text_input \" type=\"text\" id=\"avia_2_1\" value=\"\" \/><\/p><p class='  first_form  form_element form_fullwidth' id='element_avia_3_1'><label for=\"avia_3_1\">Nom, pr\u00e9nom <abbr class=\"required\" title=\"requis(e)\">*<\/abbr><\/label> <input name=\"avia_3_1\" class=\"text_input is_empty\" type=\"text\" id=\"avia_3_1\" value=\"\" \/><\/p><p class='  first_form  form_element form_fullwidth' id='element_avia_4_1'><label for=\"avia_4_1\">Adresse <abbr class=\"required\" title=\"requis(e)\">*<\/abbr><\/label> <input name=\"avia_4_1\" class=\"text_input is_empty\" type=\"text\" id=\"avia_4_1\" value=\"\" \/><\/p><p class='  first_form  form_element form_fullwidth' id='element_avia_5_1'><label for=\"avia_5_1\">NPA <abbr class=\"required\" title=\"requis(e)\">*<\/abbr><\/label> <input name=\"avia_5_1\" class=\"text_input is_empty\" type=\"text\" id=\"avia_5_1\" value=\"\" \/><\/p><p class='  first_form  form_element form_fullwidth' id='element_avia_6_1'><label for=\"avia_6_1\">Lieu <abbr class=\"required\" title=\"requis(e)\">*<\/abbr><\/label> <input name=\"avia_6_1\" class=\"text_input is_empty\" type=\"text\" id=\"avia_6_1\" value=\"\" \/><\/p><p class='  first_form  form_element form_fullwidth' id='element_avia_7_1'><label for=\"avia_7_1\">Adresse email <abbr class=\"required\" title=\"requis(e)\">*<\/abbr><\/label> <input name=\"avia_7_1\" class=\"text_input is_empty\" type=\"text\" id=\"avia_7_1\" value=\"\" \/><\/p><p class='  first_form  form_element form_fullwidth' id='element_avia_8_1'><label for=\"avia_8_1\">T\u00e9l. <abbr class=\"required\" title=\"requis(e)\">*<\/abbr><\/label> <input name=\"avia_8_1\" class=\"text_input is_empty\" type=\"text\" id=\"avia_8_1\" value=\"\" \/><\/p><p class='  first_form  form_element form_fullwidth' id='element_avia_9_1'><label for=\"avia_9_1\">Communications \/informations divers<\/label> <input name=\"avia_9_1\" class=\"text_input \" type=\"text\" id=\"avia_9_1\" value=\"\" \/><\/p><p class=\"hidden\"><input type=\"text\" name=\"avia_10_1\" class=\"hidden \" id=\"avia_10_1\" value=\"\" \/><\/p><p class='   form_element form_fullwidth' id='element_avia_11_1'><span class='value_verifier_label'>0 + 7 = ?<\/span><input name=\"avia_11_1_verifier\" type=\"hidden\" id=\"avia_11_1_verifier\" value=\"623274377\"\/><label for=\"avia_11_1\">Merci de prouver que vous \u00eates un humain en donnant le r\u00e9sultat de cette op\u00e9ration <abbr class=\"required\" title=\"requis(e)\">*<\/abbr><\/label><input name=\"avia_11_1\" class=\"text_input captcha\" type=\"text\" id=\"avia_11_1\" value=\"\"\/><\/p><p class=\"form_element \"><input type=\"hidden\" value=\"1\" name=\"avia_generated_form1\" \/><input type=\"submit\" value=\"Envoyer\" class=\"button\"  data-sending-label=\"Envoi\"\/><\/p><\/fieldset><\/form><div id=\"ajaxresponse_1\" class=\"ajaxresponse ajaxresponse_1 hidden\"><\/div><\/p><\/div>\n","protected":false},"excerpt":{"rendered":"","protected":false},"author":3,"featured_media":0,"parent":0,"menu_order":0,"comment_status":"closed","ping_status":"closed","template":"","meta":{"footnotes":""},"class_list":["post-10846","page","type-page","status-publish","hentry"],"yoast_head":"<!-- This site is optimized with the Yoast SEO plugin v27.3 - https:\/\/yoast.com\/product\/yoast-seo-wordpress\/ -->\n<title>Devenez membre - S A B<\/title>\n<meta name=\"robots\" content=\"index, follow, max-snippet:-1, max-image-preview:large, max-video-preview:-1\" \/>\n<link rel=\"canonical\" href=\"https:\/\/www.sab.ch\/fr\/devenez-membre\/\" \/>\n<meta property=\"og:locale\" content=\"fr_FR\" \/>\n<meta property=\"og:type\" content=\"article\" \/>\n<meta property=\"og:title\" content=\"Devenez membre - S A B\" \/>\n<meta property=\"og:url\" content=\"https:\/\/www.sab.ch\/fr\/devenez-membre\/\" \/>\n<meta property=\"og:site_name\" content=\"S A B\" \/>\n<meta property=\"article:modified_time\" content=\"2026-01-06T12:19:36+00:00\" \/>\n<meta name=\"twitter:card\" content=\"summary_large_image\" \/>\n<meta name=\"twitter:label1\" content=\"Dur\u00e9e de lecture estim\u00e9e\" \/>\n\t<meta name=\"twitter:data1\" content=\"2 minutes\" \/>\n<script type=\"application\/ld+json\" class=\"yoast-schema-graph\">{\"@context\":\"https:\\\/\\\/schema.org\",\"@graph\":[{\"@type\":\"WebPage\",\"@id\":\"https:\\\/\\\/www.sab.ch\\\/fr\\\/devenez-membre\\\/\",\"url\":\"https:\\\/\\\/www.sab.ch\\\/fr\\\/devenez-membre\\\/\",\"name\":\"Devenez membre - S A B\",\"isPartOf\":{\"@id\":\"https:\\\/\\\/www.sab.ch\\\/fr\\\/#website\"},\"datePublished\":\"2023-01-10T12:40:36+00:00\",\"dateModified\":\"2026-01-06T12:19:36+00:00\",\"breadcrumb\":{\"@id\":\"https:\\\/\\\/www.sab.ch\\\/fr\\\/devenez-membre\\\/#breadcrumb\"},\"inLanguage\":\"fr-FR\",\"potentialAction\":[{\"@type\":\"ReadAction\",\"target\":[\"https:\\\/\\\/www.sab.ch\\\/fr\\\/devenez-membre\\\/\"]}]},{\"@type\":\"BreadcrumbList\",\"@id\":\"https:\\\/\\\/www.sab.ch\\\/fr\\\/devenez-membre\\\/#breadcrumb\",\"itemListElement\":[{\"@type\":\"ListItem\",\"position\":1,\"name\":\"Startseite\",\"item\":\"https:\\\/\\\/www.sab.ch\\\/fr\\\/home\\\/\"},{\"@type\":\"ListItem\",\"position\":2,\"name\":\"Devenez membre\"}]},{\"@type\":\"WebSite\",\"@id\":\"https:\\\/\\\/www.sab.ch\\\/fr\\\/#website\",\"url\":\"https:\\\/\\\/www.sab.ch\\\/fr\\\/\",\"name\":\"S A B\",\"description\":\"\",\"potentialAction\":[{\"@type\":\"SearchAction\",\"target\":{\"@type\":\"EntryPoint\",\"urlTemplate\":\"https:\\\/\\\/www.sab.ch\\\/fr\\\/?s={search_term_string}\"},\"query-input\":{\"@type\":\"PropertyValueSpecification\",\"valueRequired\":true,\"valueName\":\"search_term_string\"}}],\"inLanguage\":\"fr-FR\"}]}<\/script>\n<!-- \/ Yoast SEO plugin. -->","yoast_head_json":{"title":"Devenez membre - S A B","robots":{"index":"index","follow":"follow","max-snippet":"max-snippet:-1","max-image-preview":"max-image-preview:large","max-video-preview":"max-video-preview:-1"},"canonical":"https:\/\/www.sab.ch\/fr\/devenez-membre\/","og_locale":"fr_FR","og_type":"article","og_title":"Devenez membre - S A B","og_url":"https:\/\/www.sab.ch\/fr\/devenez-membre\/","og_site_name":"S A B","article_modified_time":"2026-01-06T12:19:36+00:00","twitter_card":"summary_large_image","twitter_misc":{"Dur\u00e9e de lecture estim\u00e9e":"2 minutes"},"schema":{"@context":"https:\/\/schema.org","@graph":[{"@type":"WebPage","@id":"https:\/\/www.sab.ch\/fr\/devenez-membre\/","url":"https:\/\/www.sab.ch\/fr\/devenez-membre\/","name":"Devenez membre - S A B","isPartOf":{"@id":"https:\/\/www.sab.ch\/fr\/#website"},"datePublished":"2023-01-10T12:40:36+00:00","dateModified":"2026-01-06T12:19:36+00:00","breadcrumb":{"@id":"https:\/\/www.sab.ch\/fr\/devenez-membre\/#breadcrumb"},"inLanguage":"fr-FR","potentialAction":[{"@type":"ReadAction","target":["https:\/\/www.sab.ch\/fr\/devenez-membre\/"]}]},{"@type":"BreadcrumbList","@id":"https:\/\/www.sab.ch\/fr\/devenez-membre\/#breadcrumb","itemListElement":[{"@type":"ListItem","position":1,"name":"Startseite","item":"https:\/\/www.sab.ch\/fr\/home\/"},{"@type":"ListItem","position":2,"name":"Devenez membre"}]},{"@type":"WebSite","@id":"https:\/\/www.sab.ch\/fr\/#website","url":"https:\/\/www.sab.ch\/fr\/","name":"S A B","description":"","potentialAction":[{"@type":"SearchAction","target":{"@type":"EntryPoint","urlTemplate":"https:\/\/www.sab.ch\/fr\/?s={search_term_string}"},"query-input":{"@type":"PropertyValueSpecification","valueRequired":true,"valueName":"search_term_string"}}],"inLanguage":"fr-FR"}]}},"_links":{"self":[{"href":"https:\/\/www.sab.ch\/fr\/wp-json\/wp\/v2\/pages\/10846","targetHints":{"allow":["GET"]}}],"collection":[{"href":"https:\/\/www.sab.ch\/fr\/wp-json\/wp\/v2\/pages"}],"about":[{"href":"https:\/\/www.sab.ch\/fr\/wp-json\/wp\/v2\/types\/page"}],"author":[{"embeddable":true,"href":"https:\/\/www.sab.ch\/fr\/wp-json\/wp\/v2\/users\/3"}],"replies":[{"embeddable":true,"href":"https:\/\/www.sab.ch\/fr\/wp-json\/wp\/v2\/comments?post=10846"}],"version-history":[{"count":28,"href":"https:\/\/www.sab.ch\/fr\/wp-json\/wp\/v2\/pages\/10846\/revisions"}],"predecessor-version":[{"id":30733,"href":"https:\/\/www.sab.ch\/fr\/wp-json\/wp\/v2\/pages\/10846\/revisions\/30733"}],"wp:attachment":[{"href":"https:\/\/www.sab.ch\/fr\/wp-json\/wp\/v2\/media?parent=10846"}],"curies":[{"name":"wp","href":"https:\/\/api.w.org\/{rel}","templated":true}]}}