{"id":10972,"date":"2023-01-16T08:35:49","date_gmt":"2023-01-16T07:35:49","guid":{"rendered":"https:\/\/www.sab.ch\/montagna\/"},"modified":"2025-02-13T14:57:14","modified_gmt":"2025-02-13T13:57:14","slug":"montagna","status":"publish","type":"page","link":"https:\/\/www.sab.ch\/fr\/montagna\/","title":{"rendered":"Montagna"},"content":{"rendered":"<div  class='flex_column av-2m16i2-b27bb6c56999abee2cc8d5f1c21c5e23 av_two_third  avia-builder-el-0  el_before_av_one_third  avia-builder-el-first  first flex_column_div  '     ><section  class='av_textblock_section av-lbf4e09k-e43e36b1c50e6c405f6812626eb48f60 '   itemscope=\"itemscope\" itemtype=\"https:\/\/schema.org\/CreativeWork\" ><div class='avia_textblock'  itemprop=\"text\" ><div class=\"flex_column av-2l3j2y-e8f86714712663ffea6775de7cb1d207 av_one_full avia-builder-el-0 avia-builder-el-no-sibling first flex_column_div \">\n<section class=\"av_textblock_section av-lbf2dh3z-d1431e0bdfe2af0c062a3308962072f9\">\n<div class=\"avia_textblock\">\n<h1>Montagna<\/h1>\n<div class=\"csc-textpic-text\">\n<div class=\"bodytextWrap\">\n<p class=\"bodytext\"><br class=\"avia-permanent-lb\" \/>\u00ab\u00a0montagna\u00a0\u00bb est la revue officielle du SAB. Cette publication trilingue (allemand, fran\u00e7ais, italien) propose de nombreux th\u00e8mes d\u2019actualit\u00e9, ainsi qu\u2019un regard critique sur les r\u00e9gions de montagne. \u00ab\u00a0montagna\u00a0\u00bb est publi\u00e9 dix fois par ann\u00e9e.<\/p>\n<p class=\"bodytext\">Un aper\u00e7u de notre derni\u00e8re \u00e9dition est \u00e0 votre <a href=\"https:\/\/www.sab.ch\/fr\/montagna-2\/numero-actuel\/\">disposition.<\/a> Vous pouvez aussi consulter nos anciens num\u00e9ros sous la rubrique <a href=\"https:\/\/www.sab.ch\/fr\/montagna-2\/archives\/\">\u00ab\u00a0Archives\u00a0\u00bb.<\/a> Enfin, il est \u00e9galement possible de commander des exemplaires de montagna.<\/p>\n<p>Vous pouvez \u00e9galement recevoir notre revue en <a href=\"https:\/\/www.sab.ch\/fr\/devenez-membre\/\">devenant membre du SAB<\/a>. La cotisation et l&rsquo;abonnement pour \u00ab\u00a0montagna\u00a0\u00bb co\u00fbtent CHF 80.00 par an.<\/p>\n<\/div>\n<\/div>\n<\/div>\n<\/section>\n<\/div>\n<\/div><\/section><\/div><div  class='flex_column av-2l3j2y-fd19bb44a63f7b4def5852493b082dc1 av_one_third  avia-builder-el-2  el_after_av_two_third  avia-builder-el-last  flex_column_div  '     ><style type=\"text\/css\" data-created_by=\"avia_inline_auto\" id=\"style-css-av-lbf2ewbx-8387a434103ba1348f900f9e55ff452e\">\n.avia-image-container.av-lbf2ewbx-8387a434103ba1348f900f9e55ff452e img.avia_image{\nbox-shadow:none;\n}\n.avia-image-container.av-lbf2ewbx-8387a434103ba1348f900f9e55ff452e .av-image-caption-overlay-center{\ncolor:#ffffff;\n}\n<\/style>\n<div  class='avia-image-container av-lbf2ewbx-8387a434103ba1348f900f9e55ff452e av-styling- avia-align-left  avia-builder-el-3  avia-builder-el-no-sibling '   itemprop=\"image\" itemscope=\"itemscope\" itemtype=\"https:\/\/schema.org\/ImageObject\" ><div class=\"avia-image-container-inner\"><div class=\"avia-image-overlay-wrap\"><img decoding=\"async\" fetchpriority=\"high\" class='wp-image-4572 avia-img-lazy-loading-not-4572 avia_image ' src=\"https:\/\/www.sab.ch\/wp-content\/uploads\/2022\/11\/csm_Foto_Montagna_e085193f6c-1-333x400.jpg\" alt='' title='csm_Foto_Montagna_e085193f6c'  height=\"400\" width=\"333\"  itemprop=\"thumbnailUrl\"  \/><\/div><\/div><\/div><\/div><\/p>\n","protected":false},"excerpt":{"rendered":"","protected":false},"author":3,"featured_media":0,"parent":0,"menu_order":0,"comment_status":"closed","ping_status":"open","template":"","meta":{"footnotes":""},"class_list":["post-10972","page","type-page","status-publish","hentry"],"yoast_head":"<!-- This site is optimized with the Yoast SEO plugin v27.5 - https:\/\/yoast.com\/product\/yoast-seo-wordpress\/ -->\n<title>Montagna - S A B<\/title>\n<meta name=\"robots\" content=\"index, follow, max-snippet:-1, max-image-preview:large, max-video-preview:-1\" \/>\n<link rel=\"canonical\" href=\"https:\/\/www.sab.ch\/fr\/montagna\/\" \/>\n<meta property=\"og:locale\" content=\"fr_FR\" \/>\n<meta property=\"og:type\" content=\"article\" \/>\n<meta property=\"og:title\" content=\"Montagna - S A B\" \/>\n<meta property=\"og:url\" content=\"https:\/\/www.sab.ch\/fr\/montagna\/\" \/>\n<meta property=\"og:site_name\" content=\"S A B\" \/>\n<meta property=\"article:modified_time\" content=\"2025-02-13T13:57:14+00:00\" \/>\n<meta name=\"twitter:card\" content=\"summary_large_image\" \/>\n<meta name=\"twitter:label1\" content=\"Dur\u00e9e de lecture estim\u00e9e\" \/>\n\t<meta name=\"twitter:data1\" content=\"1 minute\" \/>\n<script type=\"application\/ld+json\" class=\"yoast-schema-graph\">{\"@context\":\"https:\\\/\\\/schema.org\",\"@graph\":[{\"@type\":\"WebPage\",\"@id\":\"https:\\\/\\\/www.sab.ch\\\/fr\\\/montagna\\\/\",\"url\":\"https:\\\/\\\/www.sab.ch\\\/fr\\\/montagna\\\/\",\"name\":\"Montagna - S A B\",\"isPartOf\":{\"@id\":\"https:\\\/\\\/www.sab.ch\\\/fr\\\/#website\"},\"datePublished\":\"2023-01-16T07:35:49+00:00\",\"dateModified\":\"2025-02-13T13:57:14+00:00\",\"breadcrumb\":{\"@id\":\"https:\\\/\\\/www.sab.ch\\\/fr\\\/montagna\\\/#breadcrumb\"},\"inLanguage\":\"fr-FR\",\"potentialAction\":[{\"@type\":\"ReadAction\",\"target\":[\"https:\\\/\\\/www.sab.ch\\\/fr\\\/montagna\\\/\"]}]},{\"@type\":\"BreadcrumbList\",\"@id\":\"https:\\\/\\\/www.sab.ch\\\/fr\\\/montagna\\\/#breadcrumb\",\"itemListElement\":[{\"@type\":\"ListItem\",\"position\":1,\"name\":\"Startseite\",\"item\":\"https:\\\/\\\/www.sab.ch\\\/fr\\\/home\\\/\"},{\"@type\":\"ListItem\",\"position\":2,\"name\":\"Montagna\"}]},{\"@type\":\"WebSite\",\"@id\":\"https:\\\/\\\/www.sab.ch\\\/fr\\\/#website\",\"url\":\"https:\\\/\\\/www.sab.ch\\\/fr\\\/\",\"name\":\"S A B\",\"description\":\"\",\"potentialAction\":[{\"@type\":\"SearchAction\",\"target\":{\"@type\":\"EntryPoint\",\"urlTemplate\":\"https:\\\/\\\/www.sab.ch\\\/fr\\\/?s={search_term_string}\"},\"query-input\":{\"@type\":\"PropertyValueSpecification\",\"valueRequired\":true,\"valueName\":\"search_term_string\"}}],\"inLanguage\":\"fr-FR\"}]}<\/script>\n<!-- \/ Yoast SEO plugin. -->","yoast_head_json":{"title":"Montagna - S A B","robots":{"index":"index","follow":"follow","max-snippet":"max-snippet:-1","max-image-preview":"max-image-preview:large","max-video-preview":"max-video-preview:-1"},"canonical":"https:\/\/www.sab.ch\/fr\/montagna\/","og_locale":"fr_FR","og_type":"article","og_title":"Montagna - S A B","og_url":"https:\/\/www.sab.ch\/fr\/montagna\/","og_site_name":"S A B","article_modified_time":"2025-02-13T13:57:14+00:00","twitter_card":"summary_large_image","twitter_misc":{"Dur\u00e9e de lecture estim\u00e9e":"1 minute"},"schema":{"@context":"https:\/\/schema.org","@graph":[{"@type":"WebPage","@id":"https:\/\/www.sab.ch\/fr\/montagna\/","url":"https:\/\/www.sab.ch\/fr\/montagna\/","name":"Montagna - S A B","isPartOf":{"@id":"https:\/\/www.sab.ch\/fr\/#website"},"datePublished":"2023-01-16T07:35:49+00:00","dateModified":"2025-02-13T13:57:14+00:00","breadcrumb":{"@id":"https:\/\/www.sab.ch\/fr\/montagna\/#breadcrumb"},"inLanguage":"fr-FR","potentialAction":[{"@type":"ReadAction","target":["https:\/\/www.sab.ch\/fr\/montagna\/"]}]},{"@type":"BreadcrumbList","@id":"https:\/\/www.sab.ch\/fr\/montagna\/#breadcrumb","itemListElement":[{"@type":"ListItem","position":1,"name":"Startseite","item":"https:\/\/www.sab.ch\/fr\/home\/"},{"@type":"ListItem","position":2,"name":"Montagna"}]},{"@type":"WebSite","@id":"https:\/\/www.sab.ch\/fr\/#website","url":"https:\/\/www.sab.ch\/fr\/","name":"S A B","description":"","potentialAction":[{"@type":"SearchAction","target":{"@type":"EntryPoint","urlTemplate":"https:\/\/www.sab.ch\/fr\/?s={search_term_string}"},"query-input":{"@type":"PropertyValueSpecification","valueRequired":true,"valueName":"search_term_string"}}],"inLanguage":"fr-FR"}]}},"_links":{"self":[{"href":"https:\/\/www.sab.ch\/fr\/wp-json\/wp\/v2\/pages\/10972","targetHints":{"allow":["GET"]}}],"collection":[{"href":"https:\/\/www.sab.ch\/fr\/wp-json\/wp\/v2\/pages"}],"about":[{"href":"https:\/\/www.sab.ch\/fr\/wp-json\/wp\/v2\/types\/page"}],"author":[{"embeddable":true,"href":"https:\/\/www.sab.ch\/fr\/wp-json\/wp\/v2\/users\/3"}],"replies":[{"embeddable":true,"href":"https:\/\/www.sab.ch\/fr\/wp-json\/wp\/v2\/comments?post=10972"}],"version-history":[{"count":17,"href":"https:\/\/www.sab.ch\/fr\/wp-json\/wp\/v2\/pages\/10972\/revisions"}],"predecessor-version":[{"id":25754,"href":"https:\/\/www.sab.ch\/fr\/wp-json\/wp\/v2\/pages\/10972\/revisions\/25754"}],"wp:attachment":[{"href":"https:\/\/www.sab.ch\/fr\/wp-json\/wp\/v2\/media?parent=10972"}],"curies":[{"name":"wp","href":"https:\/\/api.w.org\/{rel}","templated":true}]}}