{"id":11037,"date":"2023-01-16T09:08:51","date_gmt":"2023-01-16T08:08:51","guid":{"rendered":"https:\/\/www.sab.ch\/au-sujet-du-sab\/"},"modified":"2024-11-08T13:23:54","modified_gmt":"2024-11-08T12:23:54","slug":"au-sujet-du-sab","status":"publish","type":"page","link":"https:\/\/www.sab.ch\/fr\/au-sujet-du-sab\/","title":{"rendered":"Au sujet du SAB"},"content":{"rendered":"<div id='av_section_1'  class='avia-section av-kbufzd3s-dd428f854b73db9c732bdb3b761e163e main_color avia-section-default avia-shadow  avia-builder-el-0  avia-builder-el-no-sibling  avia-bg-style-scroll container_wrap fullsize'  ><div class='container av-section-cont-open' ><main  role=\"main\" itemprop=\"mainContentOfPage\"  class='template-page content  av-content-full alpha units'><div class='post-entry post-entry-type-page post-entry-11037'><div class='entry-content-wrapper clearfix'>\n\n<style type=\"text\/css\" data-created_by=\"avia_inline_auto\" id=\"style-css-av-38q1-59d4a1d61c1719c885de0a85685ce4ed\">\n.flex_column.av-38q1-59d4a1d61c1719c885de0a85685ce4ed{\nborder-radius:0px 0px 0px 0px;\npadding:0px 0px 0px 0px;\n}\n<\/style>\n<div  class='flex_column av-38q1-59d4a1d61c1719c885de0a85685ce4ed av_two_third  avia-builder-el-1  avia-builder-el-no-sibling  first flex_column_div av-zero-column-padding  '     ><section  class='av_textblock_section av-jxk41cbl-a1fc1525f09076e0644c7e0771550ccd '   itemscope=\"itemscope\" itemtype=\"https:\/\/schema.org\/CreativeWork\" ><div class='avia_textblock'  itemprop=\"text\" ><h1>Au sujet du SAB<\/h1>\n<p><br class=\"avia-permanent-lb\" \/>Le SAB a \u00e9t\u00e9 fond\u00e9 le 28 mai 1943 \u00e0 Berne. Ses membres regroupent tous les cantons de montagne, des communes de montagne, des organisations agricoles et touristiques, les r\u00e9gions de montagne (r\u00e9gions LIM), des soci\u00e9t\u00e9s et collectivit\u00e9s, ainsi que de nombreuses personnes individuelles. Nos principales activit\u00e9s sont les suivantes :<\/p>\n<ul>\n<li>repr\u00e9sentation politique des int\u00e9r\u00eats des r\u00e9gions de montagne et des espaces ruraux<\/li>\n<li>services destin\u00e9s aux r\u00e9gions de montagne et aux espaces ruraux<\/li>\n<li>information du public et des milieux politiques quant aux pr\u00e9occupations des r\u00e9gions de montagne et des espaces ruraux.<\/li>\n<\/ul>\n<p><br class=\"avia-permanent-lb\" \/>Vous trouverez une pr\u00e9sentation d\u00e9taill\u00e9e <a href=\"https:\/\/www.sab.ch\/wp-content\/uploads\/2023\/02\/presentation-du-SAB_ueber-uns.pdf\">ici<\/a>. Des informations compl\u00e9mentaires, quant \u00e0 nos diff\u00e9rents services, sont disponibles dans l&rsquo;une de nos <a href=\"https:\/\/www.sab.ch\/wp-content\/uploads\/2023\/02\/SAB_Flyer_fr.pdf\">brochures<\/a>. Dans la barre de navigation, \u00e0 gauche, vous trouverez d&rsquo;autres informations sur notre organisation.<\/p>\n<\/div><\/section><br \/>\n\n<style type=\"text\/css\" data-created_by=\"avia_inline_auto\" id=\"style-css-av-lbewnuzp-fa0d6f04217ce90547a1c1d67415eb7d\">\n.avia-image-container.av-lbewnuzp-fa0d6f04217ce90547a1c1d67415eb7d img.avia_image{\nbox-shadow:none;\n}\n.avia-image-container.av-lbewnuzp-fa0d6f04217ce90547a1c1d67415eb7d .av-image-caption-overlay-center{\ncolor:#ffffff;\n}\n<\/style>\n<div  class='avia-image-container av-lbewnuzp-fa0d6f04217ce90547a1c1d67415eb7d av-styling- avia-align-center  avia-builder-el-3  el_after_av_textblock  el_before_av_textblock '   itemprop=\"image\" itemscope=\"itemscope\" itemtype=\"https:\/\/schema.org\/ImageObject\" ><div class=\"avia-image-container-inner\"><div class=\"avia-image-overlay-wrap\"><img decoding=\"async\" fetchpriority=\"high\" class='wp-image-216 avia-img-lazy-loading-not-216 avia_image ' src=\"https:\/\/www.sab.ch\/wp-content\/uploads\/2022\/10\/G2_Berggebiete_GDE_de-1024x685.jpg\" alt='' title='G2_Berggebiete_GDE_de'  height=\"685\" width=\"1024\"  itemprop=\"thumbnailUrl\" srcset=\"https:\/\/www.sab.ch\/wp-content\/uploads\/2022\/10\/G2_Berggebiete_GDE_de-1024x685.jpg 1024w, https:\/\/www.sab.ch\/wp-content\/uploads\/2022\/10\/G2_Berggebiete_GDE_de-768x514.jpg 768w, https:\/\/www.sab.ch\/wp-content\/uploads\/2022\/10\/G2_Berggebiete_GDE_de-705x472.jpg 705w, https:\/\/www.sab.ch\/wp-content\/uploads\/2022\/10\/G2_Berggebiete_GDE_de.jpg 1127w\" sizes=\"(max-width: 1024px) 100vw, 1024px\" \/><\/div><\/div><\/div><br \/>\n<section  class='av_textblock_section av-m38gm94d-ec63cc341ff09b3fb6f226c91c349163 '   itemscope=\"itemscope\" itemtype=\"https:\/\/schema.org\/CreativeWork\" ><div class='avia_textblock'  itemprop=\"text\" ><div class=\"csc-header csc-header-n5\">\n<h3>Agenda politique 2024 &#8211; 2027<\/h3>\n<\/div>\n<div class=\"bodytextWrap\">\n<p class=\"bodytext\">Dans son <a href=\"https:\/\/www.sab.ch\/wp-content\/uploads\/2024\/09\/Agenda-politique-du-SAB-2024-2027.pdf\">agenda politique 2024 &#8211; 2027<\/a>, le SAB a d\u00e9termin\u00e9 les plus importants th\u00e8mes politiques, du point de vue des r\u00e9gions de montagne et de l&rsquo;espace rural.<\/p>\n<\/div>\n<\/div><\/section><br \/>\n<div  class='hr av-av_hr-91d7ccd583a503147498e120fee2ff9b hr-default  avia-builder-el-5  el_after_av_textblock  el_before_av_textblock '><span class='hr-inner '><span class=\"hr-inner-style\"><\/span><\/span><\/div><br \/>\n<section  class='av_textblock_section av-m38gmvs8-deeb59aa2e3900519446f82d7e09cee0 '   itemscope=\"itemscope\" itemtype=\"https:\/\/schema.org\/CreativeWork\" ><div class='avia_textblock'  itemprop=\"text\" ><div class=\"csc-header csc-header-n7\">\n<h3>Vision du SAB 2035<\/h3>\n<\/div>\n<ul class=\"csc-uploads csc-uploads-0\">\n<li class=\"li-odd li-first csc-uploads-element csc-uploads-element-pdf\"><a title=\"Vision 2035\" href=\"https:\/\/sab.ch\/wp-content\/uploads\/2022\/11\/Vision_2035_dt.pdf\" target=\"_blank\" rel=\"noopener\">Vision 2035<\/a><\/li>\n<li class=\"li-even csc-uploads-element csc-uploads-element-pdf\"><a title=\"Informations d\u00e9taill\u00e9es au sujet de la vision 2035 (en allemand)\" href=\"https:\/\/sab.ch\/wp-content\/uploads\/2022\/11\/ST242_Vision_2035.pdf\" target=\"_blank\" rel=\"noopener\">Informations d\u00e9taill\u00e9es au sujet de la vision 2035 (en allemand)<\/a><\/li>\n<\/ul>\n<\/div><\/section><\/p><\/div>\n","protected":false},"excerpt":{"rendered":"","protected":false},"author":4,"featured_media":0,"parent":0,"menu_order":0,"comment_status":"closed","ping_status":"open","template":"","meta":{"footnotes":""},"class_list":["post-11037","page","type-page","status-publish","hentry"],"yoast_head":"<!-- This site is optimized with the Yoast SEO plugin v27.4 - https:\/\/yoast.com\/product\/yoast-seo-wordpress\/ -->\n<title>Au sujet du SAB - S A B<\/title>\n<meta name=\"robots\" content=\"index, follow, max-snippet:-1, max-image-preview:large, max-video-preview:-1\" \/>\n<link rel=\"canonical\" href=\"https:\/\/www.sab.ch\/fr\/au-sujet-du-sab\/\" \/>\n<meta property=\"og:locale\" content=\"fr_FR\" \/>\n<meta property=\"og:type\" content=\"article\" \/>\n<meta property=\"og:title\" content=\"Au sujet du SAB - S A B\" \/>\n<meta property=\"og:url\" content=\"https:\/\/www.sab.ch\/fr\/au-sujet-du-sab\/\" \/>\n<meta property=\"og:site_name\" content=\"S A B\" \/>\n<meta property=\"article:modified_time\" content=\"2024-11-08T12:23:54+00:00\" \/>\n<meta name=\"twitter:card\" content=\"summary_large_image\" \/>\n<meta name=\"twitter:label1\" content=\"Dur\u00e9e de lecture estim\u00e9e\" \/>\n\t<meta name=\"twitter:data1\" content=\"2 minutes\" \/>\n<script type=\"application\/ld+json\" class=\"yoast-schema-graph\">{\"@context\":\"https:\\\/\\\/schema.org\",\"@graph\":[{\"@type\":\"WebPage\",\"@id\":\"https:\\\/\\\/www.sab.ch\\\/fr\\\/au-sujet-du-sab\\\/\",\"url\":\"https:\\\/\\\/www.sab.ch\\\/fr\\\/au-sujet-du-sab\\\/\",\"name\":\"Au sujet du SAB - S A B\",\"isPartOf\":{\"@id\":\"https:\\\/\\\/www.sab.ch\\\/fr\\\/#website\"},\"datePublished\":\"2023-01-16T08:08:51+00:00\",\"dateModified\":\"2024-11-08T12:23:54+00:00\",\"breadcrumb\":{\"@id\":\"https:\\\/\\\/www.sab.ch\\\/fr\\\/au-sujet-du-sab\\\/#breadcrumb\"},\"inLanguage\":\"fr-FR\",\"potentialAction\":[{\"@type\":\"ReadAction\",\"target\":[\"https:\\\/\\\/www.sab.ch\\\/fr\\\/au-sujet-du-sab\\\/\"]}]},{\"@type\":\"BreadcrumbList\",\"@id\":\"https:\\\/\\\/www.sab.ch\\\/fr\\\/au-sujet-du-sab\\\/#breadcrumb\",\"itemListElement\":[{\"@type\":\"ListItem\",\"position\":1,\"name\":\"Startseite\",\"item\":\"https:\\\/\\\/www.sab.ch\\\/fr\\\/home\\\/\"},{\"@type\":\"ListItem\",\"position\":2,\"name\":\"Au sujet du SAB\"}]},{\"@type\":\"WebSite\",\"@id\":\"https:\\\/\\\/www.sab.ch\\\/fr\\\/#website\",\"url\":\"https:\\\/\\\/www.sab.ch\\\/fr\\\/\",\"name\":\"S A B\",\"description\":\"\",\"potentialAction\":[{\"@type\":\"SearchAction\",\"target\":{\"@type\":\"EntryPoint\",\"urlTemplate\":\"https:\\\/\\\/www.sab.ch\\\/fr\\\/?s={search_term_string}\"},\"query-input\":{\"@type\":\"PropertyValueSpecification\",\"valueRequired\":true,\"valueName\":\"search_term_string\"}}],\"inLanguage\":\"fr-FR\"}]}<\/script>\n<!-- \/ Yoast SEO plugin. -->","yoast_head_json":{"title":"Au sujet du SAB - S A B","robots":{"index":"index","follow":"follow","max-snippet":"max-snippet:-1","max-image-preview":"max-image-preview:large","max-video-preview":"max-video-preview:-1"},"canonical":"https:\/\/www.sab.ch\/fr\/au-sujet-du-sab\/","og_locale":"fr_FR","og_type":"article","og_title":"Au sujet du SAB - S A B","og_url":"https:\/\/www.sab.ch\/fr\/au-sujet-du-sab\/","og_site_name":"S A B","article_modified_time":"2024-11-08T12:23:54+00:00","twitter_card":"summary_large_image","twitter_misc":{"Dur\u00e9e de lecture estim\u00e9e":"2 minutes"},"schema":{"@context":"https:\/\/schema.org","@graph":[{"@type":"WebPage","@id":"https:\/\/www.sab.ch\/fr\/au-sujet-du-sab\/","url":"https:\/\/www.sab.ch\/fr\/au-sujet-du-sab\/","name":"Au sujet du SAB - S A B","isPartOf":{"@id":"https:\/\/www.sab.ch\/fr\/#website"},"datePublished":"2023-01-16T08:08:51+00:00","dateModified":"2024-11-08T12:23:54+00:00","breadcrumb":{"@id":"https:\/\/www.sab.ch\/fr\/au-sujet-du-sab\/#breadcrumb"},"inLanguage":"fr-FR","potentialAction":[{"@type":"ReadAction","target":["https:\/\/www.sab.ch\/fr\/au-sujet-du-sab\/"]}]},{"@type":"BreadcrumbList","@id":"https:\/\/www.sab.ch\/fr\/au-sujet-du-sab\/#breadcrumb","itemListElement":[{"@type":"ListItem","position":1,"name":"Startseite","item":"https:\/\/www.sab.ch\/fr\/home\/"},{"@type":"ListItem","position":2,"name":"Au sujet du SAB"}]},{"@type":"WebSite","@id":"https:\/\/www.sab.ch\/fr\/#website","url":"https:\/\/www.sab.ch\/fr\/","name":"S A B","description":"","potentialAction":[{"@type":"SearchAction","target":{"@type":"EntryPoint","urlTemplate":"https:\/\/www.sab.ch\/fr\/?s={search_term_string}"},"query-input":{"@type":"PropertyValueSpecification","valueRequired":true,"valueName":"search_term_string"}}],"inLanguage":"fr-FR"}]}},"_links":{"self":[{"href":"https:\/\/www.sab.ch\/fr\/wp-json\/wp\/v2\/pages\/11037","targetHints":{"allow":["GET"]}}],"collection":[{"href":"https:\/\/www.sab.ch\/fr\/wp-json\/wp\/v2\/pages"}],"about":[{"href":"https:\/\/www.sab.ch\/fr\/wp-json\/wp\/v2\/types\/page"}],"author":[{"embeddable":true,"href":"https:\/\/www.sab.ch\/fr\/wp-json\/wp\/v2\/users\/4"}],"replies":[{"embeddable":true,"href":"https:\/\/www.sab.ch\/fr\/wp-json\/wp\/v2\/comments?post=11037"}],"version-history":[{"count":16,"href":"https:\/\/www.sab.ch\/fr\/wp-json\/wp\/v2\/pages\/11037\/revisions"}],"predecessor-version":[{"id":24439,"href":"https:\/\/www.sab.ch\/fr\/wp-json\/wp\/v2\/pages\/11037\/revisions\/24439"}],"wp:attachment":[{"href":"https:\/\/www.sab.ch\/fr\/wp-json\/wp\/v2\/media?parent=11037"}],"curies":[{"name":"wp","href":"https:\/\/api.w.org\/{rel}","templated":true}]}}