{"id":11040,"date":"2023-01-16T09:11:01","date_gmt":"2023-01-16T08:11:01","guid":{"rendered":"https:\/\/www.sab.ch\/79eme-rapport-dactivite-du-sab\/"},"modified":"2026-03-05T11:54:08","modified_gmt":"2026-03-05T10:54:08","slug":"83eme-rapport-dactivite-du-sab","status":"publish","type":"page","link":"https:\/\/www.sab.ch\/fr\/au-sujet-du-sab-2\/83eme-rapport-dactivite-du-sab\/","title":{"rendered":"Rapport d&rsquo;activit\u00e9 du SAB"},"content":{"rendered":"<div id='av_section_1'  class='avia-section av-kbufzd3s-dd428f854b73db9c732bdb3b761e163e main_color avia-section-default avia-shadow  avia-builder-el-0  avia-builder-el-no-sibling  avia-bg-style-scroll container_wrap fullsize'  ><div class='container av-section-cont-open' ><main  role=\"main\" itemprop=\"mainContentOfPage\"  class='template-page content  av-content-full alpha units'><div class='post-entry post-entry-type-page post-entry-11040'><div class='entry-content-wrapper clearfix'>\n\n<style type=\"text\/css\" data-created_by=\"avia_inline_auto\" id=\"style-css-av-38q1-59d4a1d61c1719c885de0a85685ce4ed\">\n.flex_column.av-38q1-59d4a1d61c1719c885de0a85685ce4ed{\nborder-radius:0px 0px 0px 0px;\npadding:0px 0px 0px 0px;\n}\n<\/style>\n<div  class='flex_column av-38q1-59d4a1d61c1719c885de0a85685ce4ed av_two_third  avia-builder-el-1  el_before_av_one_third  avia-builder-el-first  first flex_column_div av-zero-column-padding  '     ><section  class='av_textblock_section av-jxk41cbl-a1fc1525f09076e0644c7e0771550ccd '   itemscope=\"itemscope\" itemtype=\"https:\/\/schema.org\/CreativeWork\" ><div class='avia_textblock'  itemprop=\"text\" ><h2 class=\"csc-firstHeader\">83\u00e8me rapport d&rsquo;activit\u00e9 du SAB<br class=\"avia-permanent-lb\" \/><br class=\"avia-permanent-lb\" \/><\/h2>\n<ul>\n<li><a href=\"https:\/\/www.sab.ch\/wp-content\/uploads\/2026\/02\/Taetigkeitsbericht_Febr2026_fr.pdf\">83\u00e8me rapport d&rsquo;activit\u00e9 du SAB (mars 2026)<\/a><\/li>\n<li><a href=\"https:\/\/www.sab.ch\/wp-content\/uploads\/2026\/02\/Jahresrechnung-2025.pdf\">SAB &#8211; Comptes annuels 2025<\/a><\/li>\n<li><a href=\"https:\/\/www.sab.ch\/wp-content\/uploads\/2026\/02\/Revisorenbericht-SAB-2025.pdf\">Rapport des v\u00e9rificateurs 2025<\/a><\/li>\n<\/ul>\n<p><br class=\"avia-permanent-lb\" \/>Le rapport d&rsquo;activit\u00e9 peut \u00e9galement \u00eatre command\u00e9 aupr\u00e8s du secr\u00e9tariat du SAB (<a href=\"mail&#116;&#111;&#58;&#105;&#110;&#102;&#111;&#x40;&#x73;&#x61;&#x62;&#x2e;&#x63;&#x68;\">i&#110;&#x66;&#x6f;&#x40;s&#97;&#x62;&#x2e;&#x63;h<\/a>).<\/p>\n<\/div><\/section><\/div><div  class='flex_column av-av_one_third-538dd737667e19053994a94b9156413b av_one_third  avia-builder-el-3  el_after_av_two_third  avia-builder-el-last  flex_column_div  '     ><style type=\"text\/css\" data-created_by=\"avia_inline_auto\" id=\"style-css-av-mmd6u0yp-4d64590f67dfe2849591fe8bceefbaad\">\n.avia-image-container.av-mmd6u0yp-4d64590f67dfe2849591fe8bceefbaad img.avia_image{\nbox-shadow:none;\n}\n.avia-image-container.av-mmd6u0yp-4d64590f67dfe2849591fe8bceefbaad .av-image-caption-overlay-center{\ncolor:#ffffff;\n}\n<\/style>\n<div  class='avia-image-container av-mmd6u0yp-4d64590f67dfe2849591fe8bceefbaad av-styling- avia-align-center  avia-builder-el-4  avia-builder-el-no-sibling '   itemprop=\"image\" itemscope=\"itemscope\" itemtype=\"https:\/\/schema.org\/ImageObject\" ><div class=\"avia-image-container-inner\"><div class=\"avia-image-overlay-wrap\"><img decoding=\"async\" fetchpriority=\"high\" class='wp-image-31400 avia-img-lazy-loading-not-31400 avia_image ' src=\"https:\/\/www.sab.ch\/wp-content\/uploads\/2026\/02\/Titre-rapport-SAB-mars-2026-543x768.jpg\" alt='' title='Titre rapport SAB mars 2026'  height=\"768\" width=\"543\"  itemprop=\"thumbnailUrl\" srcset=\"https:\/\/www.sab.ch\/wp-content\/uploads\/2026\/02\/Titre-rapport-SAB-mars-2026-543x768.jpg 543w, https:\/\/www.sab.ch\/wp-content\/uploads\/2026\/02\/Titre-rapport-SAB-mars-2026-764x1080.jpg 764w, https:\/\/www.sab.ch\/wp-content\/uploads\/2026\/02\/Titre-rapport-SAB-mars-2026-768x1086.jpg 768w, https:\/\/www.sab.ch\/wp-content\/uploads\/2026\/02\/Titre-rapport-SAB-mars-2026-1086x1536.jpg 1086w, https:\/\/www.sab.ch\/wp-content\/uploads\/2026\/02\/Titre-rapport-SAB-mars-2026-1061x1500.jpg 1061w, https:\/\/www.sab.ch\/wp-content\/uploads\/2026\/02\/Titre-rapport-SAB-mars-2026-498x705.jpg 498w, https:\/\/www.sab.ch\/wp-content\/uploads\/2026\/02\/Titre-rapport-SAB-mars-2026.jpg 1190w\" sizes=\"(max-width: 543px) 100vw, 543px\" \/><\/div><\/div><\/div><\/div>\n","protected":false},"excerpt":{"rendered":"","protected":false},"author":3,"featured_media":0,"parent":11057,"menu_order":0,"comment_status":"closed","ping_status":"closed","template":"","meta":{"footnotes":""},"class_list":["post-11040","page","type-page","status-publish","hentry"],"yoast_head":"<!-- This site is optimized with the Yoast SEO plugin v27.4 - https:\/\/yoast.com\/product\/yoast-seo-wordpress\/ -->\n<title>Rapport d&#039;activit\u00e9 du SAB - S A B<\/title>\n<meta name=\"robots\" content=\"index, follow, max-snippet:-1, max-image-preview:large, max-video-preview:-1\" \/>\n<link rel=\"canonical\" href=\"https:\/\/www.sab.ch\/fr\/au-sujet-du-sab-2\/83eme-rapport-dactivite-du-sab\/\" \/>\n<meta property=\"og:locale\" content=\"fr_FR\" \/>\n<meta property=\"og:type\" content=\"article\" \/>\n<meta property=\"og:title\" content=\"Rapport d&#039;activit\u00e9 du SAB - S A B\" \/>\n<meta property=\"og:url\" content=\"https:\/\/www.sab.ch\/fr\/au-sujet-du-sab-2\/83eme-rapport-dactivite-du-sab\/\" \/>\n<meta property=\"og:site_name\" content=\"S A B\" \/>\n<meta property=\"article:modified_time\" content=\"2026-03-05T10:54:08+00:00\" \/>\n<meta name=\"twitter:card\" content=\"summary_large_image\" \/>\n<meta name=\"twitter:label1\" content=\"Dur\u00e9e de lecture estim\u00e9e\" \/>\n\t<meta name=\"twitter:data1\" content=\"1 minute\" \/>\n<script type=\"application\/ld+json\" class=\"yoast-schema-graph\">{\"@context\":\"https:\\\/\\\/schema.org\",\"@graph\":[{\"@type\":\"WebPage\",\"@id\":\"https:\\\/\\\/www.sab.ch\\\/fr\\\/au-sujet-du-sab-2\\\/83eme-rapport-dactivite-du-sab\\\/\",\"url\":\"https:\\\/\\\/www.sab.ch\\\/fr\\\/au-sujet-du-sab-2\\\/83eme-rapport-dactivite-du-sab\\\/\",\"name\":\"Rapport d'activit\u00e9 du SAB - S A B\",\"isPartOf\":{\"@id\":\"https:\\\/\\\/www.sab.ch\\\/fr\\\/#website\"},\"datePublished\":\"2023-01-16T08:11:01+00:00\",\"dateModified\":\"2026-03-05T10:54:08+00:00\",\"breadcrumb\":{\"@id\":\"https:\\\/\\\/www.sab.ch\\\/fr\\\/au-sujet-du-sab-2\\\/83eme-rapport-dactivite-du-sab\\\/#breadcrumb\"},\"inLanguage\":\"fr-FR\",\"potentialAction\":[{\"@type\":\"ReadAction\",\"target\":[\"https:\\\/\\\/www.sab.ch\\\/fr\\\/au-sujet-du-sab-2\\\/83eme-rapport-dactivite-du-sab\\\/\"]}]},{\"@type\":\"BreadcrumbList\",\"@id\":\"https:\\\/\\\/www.sab.ch\\\/fr\\\/au-sujet-du-sab-2\\\/83eme-rapport-dactivite-du-sab\\\/#breadcrumb\",\"itemListElement\":[{\"@type\":\"ListItem\",\"position\":1,\"name\":\"Startseite\",\"item\":\"https:\\\/\\\/www.sab.ch\\\/fr\\\/home\\\/\"},{\"@type\":\"ListItem\",\"position\":2,\"name\":\"Au sujet du SAB\",\"item\":\"https:\\\/\\\/www.sab.ch\\\/fr\\\/au-sujet-du-sab-2\\\/\"},{\"@type\":\"ListItem\",\"position\":3,\"name\":\"Rapport d&#8217;activit\u00e9 du SAB\"}]},{\"@type\":\"WebSite\",\"@id\":\"https:\\\/\\\/www.sab.ch\\\/fr\\\/#website\",\"url\":\"https:\\\/\\\/www.sab.ch\\\/fr\\\/\",\"name\":\"S A B\",\"description\":\"\",\"potentialAction\":[{\"@type\":\"SearchAction\",\"target\":{\"@type\":\"EntryPoint\",\"urlTemplate\":\"https:\\\/\\\/www.sab.ch\\\/fr\\\/?s={search_term_string}\"},\"query-input\":{\"@type\":\"PropertyValueSpecification\",\"valueRequired\":true,\"valueName\":\"search_term_string\"}}],\"inLanguage\":\"fr-FR\"}]}<\/script>\n<!-- \/ Yoast SEO plugin. -->","yoast_head_json":{"title":"Rapport d'activit\u00e9 du SAB - S A B","robots":{"index":"index","follow":"follow","max-snippet":"max-snippet:-1","max-image-preview":"max-image-preview:large","max-video-preview":"max-video-preview:-1"},"canonical":"https:\/\/www.sab.ch\/fr\/au-sujet-du-sab-2\/83eme-rapport-dactivite-du-sab\/","og_locale":"fr_FR","og_type":"article","og_title":"Rapport d'activit\u00e9 du SAB - S A B","og_url":"https:\/\/www.sab.ch\/fr\/au-sujet-du-sab-2\/83eme-rapport-dactivite-du-sab\/","og_site_name":"S A B","article_modified_time":"2026-03-05T10:54:08+00:00","twitter_card":"summary_large_image","twitter_misc":{"Dur\u00e9e de lecture estim\u00e9e":"1 minute"},"schema":{"@context":"https:\/\/schema.org","@graph":[{"@type":"WebPage","@id":"https:\/\/www.sab.ch\/fr\/au-sujet-du-sab-2\/83eme-rapport-dactivite-du-sab\/","url":"https:\/\/www.sab.ch\/fr\/au-sujet-du-sab-2\/83eme-rapport-dactivite-du-sab\/","name":"Rapport d'activit\u00e9 du SAB - S A B","isPartOf":{"@id":"https:\/\/www.sab.ch\/fr\/#website"},"datePublished":"2023-01-16T08:11:01+00:00","dateModified":"2026-03-05T10:54:08+00:00","breadcrumb":{"@id":"https:\/\/www.sab.ch\/fr\/au-sujet-du-sab-2\/83eme-rapport-dactivite-du-sab\/#breadcrumb"},"inLanguage":"fr-FR","potentialAction":[{"@type":"ReadAction","target":["https:\/\/www.sab.ch\/fr\/au-sujet-du-sab-2\/83eme-rapport-dactivite-du-sab\/"]}]},{"@type":"BreadcrumbList","@id":"https:\/\/www.sab.ch\/fr\/au-sujet-du-sab-2\/83eme-rapport-dactivite-du-sab\/#breadcrumb","itemListElement":[{"@type":"ListItem","position":1,"name":"Startseite","item":"https:\/\/www.sab.ch\/fr\/home\/"},{"@type":"ListItem","position":2,"name":"Au sujet du SAB","item":"https:\/\/www.sab.ch\/fr\/au-sujet-du-sab-2\/"},{"@type":"ListItem","position":3,"name":"Rapport d&#8217;activit\u00e9 du SAB"}]},{"@type":"WebSite","@id":"https:\/\/www.sab.ch\/fr\/#website","url":"https:\/\/www.sab.ch\/fr\/","name":"S A B","description":"","potentialAction":[{"@type":"SearchAction","target":{"@type":"EntryPoint","urlTemplate":"https:\/\/www.sab.ch\/fr\/?s={search_term_string}"},"query-input":{"@type":"PropertyValueSpecification","valueRequired":true,"valueName":"search_term_string"}}],"inLanguage":"fr-FR"}]}},"_links":{"self":[{"href":"https:\/\/www.sab.ch\/fr\/wp-json\/wp\/v2\/pages\/11040","targetHints":{"allow":["GET"]}}],"collection":[{"href":"https:\/\/www.sab.ch\/fr\/wp-json\/wp\/v2\/pages"}],"about":[{"href":"https:\/\/www.sab.ch\/fr\/wp-json\/wp\/v2\/types\/page"}],"author":[{"embeddable":true,"href":"https:\/\/www.sab.ch\/fr\/wp-json\/wp\/v2\/users\/3"}],"replies":[{"embeddable":true,"href":"https:\/\/www.sab.ch\/fr\/wp-json\/wp\/v2\/comments?post=11040"}],"version-history":[{"count":46,"href":"https:\/\/www.sab.ch\/fr\/wp-json\/wp\/v2\/pages\/11040\/revisions"}],"predecessor-version":[{"id":31605,"href":"https:\/\/www.sab.ch\/fr\/wp-json\/wp\/v2\/pages\/11040\/revisions\/31605"}],"up":[{"embeddable":true,"href":"https:\/\/www.sab.ch\/fr\/wp-json\/wp\/v2\/pages\/11057"}],"wp:attachment":[{"href":"https:\/\/www.sab.ch\/fr\/wp-json\/wp\/v2\/media?parent=11040"}],"curies":[{"name":"wp","href":"https:\/\/api.w.org\/{rel}","templated":true}]}}