{"id":11048,"date":"2023-01-16T09:33:02","date_gmt":"2023-01-16T08:33:02","guid":{"rendered":"https:\/\/www.sab.ch\/voix-des-regions-de-montagne\/"},"modified":"2023-01-16T09:33:02","modified_gmt":"2023-01-16T08:33:02","slug":"voix-des-regions-de-montagne","status":"publish","type":"page","link":"https:\/\/www.sab.ch\/fr\/au-sujet-du-sab-2\/voix-des-regions-de-montagne\/","title":{"rendered":"Voix des r\u00e9gions de montagne"},"content":{"rendered":"<div id='av_section_1'  class='avia-section av-kbufzd3s-dd428f854b73db9c732bdb3b761e163e main_color avia-section-default avia-shadow  avia-builder-el-0  avia-builder-el-no-sibling  avia-bg-style-scroll container_wrap fullsize'  ><div class='container av-section-cont-open' ><main  role=\"main\" itemprop=\"mainContentOfPage\"  class='template-page content  av-content-full alpha units'><div class='post-entry post-entry-type-page post-entry-11048'><div class='entry-content-wrapper clearfix'>\n<div  class='flex_column av-8qx2h-32ddfefc7e381f1e536a7cb2a0e4c593 av_two_third  avia-builder-el-1  avia-builder-el-no-sibling  first flex_column_div  '     ><section  class='av_textblock_section av-lbqbajlk-352fa94ba228d0f153af5b74509df9e9 '   itemscope=\"itemscope\" itemtype=\"https:\/\/schema.org\/CreativeWork\" ><div class='avia_textblock'  itemprop=\"text\" ><h2 class=\"csc-firstHeader\">Voix des r\u00e9gions de montagne<\/h2>\n<p>A l&rsquo;occasion du 75\u00e8me anniversaire du SAB, notre organisation a aussi voulu donner la parole \u00e0 des personnes actives au sein des r\u00e9gions de montagne. Ainsi, une quinzaine de petits films-portraits ont \u00e9t\u00e9 r\u00e9alis\u00e9s dans toute la Suisse.<\/p>\n<\/div><\/section><br \/>\n<div  class='avia-video av-lbqb7n1m-811ca1aa8ccb68a061f9d1a9951442c1 avia-video-16-9 av-no-preview-image avia-video-load-always av-lazyload-immediate av-lazyload-video-embed'  itemprop=\"video\" itemtype=\"https:\/\/schema.org\/VideoObject\"  data-original_url='https:\/\/youtu.be\/kPYW5JTED50'><script type='text\/html' class='av-video-tmpl'><div class='avia-iframe-wrap'><iframe loading=\"lazy\" title=\"75 SAB: W\u00fcnsche f\u00fcr das Berggebiet\" width=\"1500\" height=\"844\" src=\"https:\/\/www.youtube.com\/embed\/kPYW5JTED50?feature=oembed&autoplay=0&loop=0&controls=1&mute=0\" frameborder=\"0\" allow=\"accelerometer; autoplay; clipboard-write; encrypted-media; gyroscope; picture-in-picture; web-share\" allowfullscreen><\/iframe><\/div><\/script><div class='av-click-to-play-overlay'><div class=\"avia_playpause_icon\"><\/div><\/div><\/div><\/p><\/div>\n","protected":false},"excerpt":{"rendered":"","protected":false},"author":3,"featured_media":0,"parent":11057,"menu_order":0,"comment_status":"closed","ping_status":"closed","template":"","meta":{"footnotes":""},"class_list":["post-11048","page","type-page","status-publish","hentry"],"yoast_head":"<!-- This site is optimized with the Yoast SEO plugin v27.5 - https:\/\/yoast.com\/product\/yoast-seo-wordpress\/ -->\n<title>Voix des r\u00e9gions de montagne - S A B<\/title>\n<meta name=\"robots\" content=\"index, follow, max-snippet:-1, max-image-preview:large, max-video-preview:-1\" \/>\n<link rel=\"canonical\" href=\"https:\/\/www.sab.ch\/fr\/au-sujet-du-sab-2\/voix-des-regions-de-montagne\/\" \/>\n<meta property=\"og:locale\" content=\"fr_FR\" \/>\n<meta property=\"og:type\" content=\"article\" \/>\n<meta property=\"og:title\" content=\"Voix des r\u00e9gions de montagne - S A B\" \/>\n<meta property=\"og:url\" content=\"https:\/\/www.sab.ch\/fr\/au-sujet-du-sab-2\/voix-des-regions-de-montagne\/\" \/>\n<meta property=\"og:site_name\" content=\"S A B\" \/>\n<meta name=\"twitter:card\" content=\"summary_large_image\" \/>\n<meta name=\"twitter:label1\" content=\"Dur\u00e9e de lecture estim\u00e9e\" \/>\n\t<meta name=\"twitter:data1\" content=\"3 minutes\" \/>\n<script type=\"application\/ld+json\" class=\"yoast-schema-graph\">{\"@context\":\"https:\\\/\\\/schema.org\",\"@graph\":[{\"@type\":\"WebPage\",\"@id\":\"https:\\\/\\\/www.sab.ch\\\/fr\\\/au-sujet-du-sab-2\\\/voix-des-regions-de-montagne\\\/\",\"url\":\"https:\\\/\\\/www.sab.ch\\\/fr\\\/au-sujet-du-sab-2\\\/voix-des-regions-de-montagne\\\/\",\"name\":\"Voix des r\u00e9gions de montagne - S A B\",\"isPartOf\":{\"@id\":\"https:\\\/\\\/www.sab.ch\\\/fr\\\/#website\"},\"datePublished\":\"2023-01-16T08:33:02+00:00\",\"breadcrumb\":{\"@id\":\"https:\\\/\\\/www.sab.ch\\\/fr\\\/au-sujet-du-sab-2\\\/voix-des-regions-de-montagne\\\/#breadcrumb\"},\"inLanguage\":\"fr-FR\",\"potentialAction\":[{\"@type\":\"ReadAction\",\"target\":[\"https:\\\/\\\/www.sab.ch\\\/fr\\\/au-sujet-du-sab-2\\\/voix-des-regions-de-montagne\\\/\"]}]},{\"@type\":\"BreadcrumbList\",\"@id\":\"https:\\\/\\\/www.sab.ch\\\/fr\\\/au-sujet-du-sab-2\\\/voix-des-regions-de-montagne\\\/#breadcrumb\",\"itemListElement\":[{\"@type\":\"ListItem\",\"position\":1,\"name\":\"Startseite\",\"item\":\"https:\\\/\\\/www.sab.ch\\\/fr\\\/home\\\/\"},{\"@type\":\"ListItem\",\"position\":2,\"name\":\"Voix des r\u00e9gions de montagne\"}]},{\"@type\":\"WebSite\",\"@id\":\"https:\\\/\\\/www.sab.ch\\\/fr\\\/#website\",\"url\":\"https:\\\/\\\/www.sab.ch\\\/fr\\\/\",\"name\":\"S A B\",\"description\":\"\",\"potentialAction\":[{\"@type\":\"SearchAction\",\"target\":{\"@type\":\"EntryPoint\",\"urlTemplate\":\"https:\\\/\\\/www.sab.ch\\\/fr\\\/?s={search_term_string}\"},\"query-input\":{\"@type\":\"PropertyValueSpecification\",\"valueRequired\":true,\"valueName\":\"search_term_string\"}}],\"inLanguage\":\"fr-FR\"}]}<\/script>\n<!-- \/ Yoast SEO plugin. -->","yoast_head_json":{"title":"Voix des r\u00e9gions de montagne - S A B","robots":{"index":"index","follow":"follow","max-snippet":"max-snippet:-1","max-image-preview":"max-image-preview:large","max-video-preview":"max-video-preview:-1"},"canonical":"https:\/\/www.sab.ch\/fr\/au-sujet-du-sab-2\/voix-des-regions-de-montagne\/","og_locale":"fr_FR","og_type":"article","og_title":"Voix des r\u00e9gions de montagne - S A B","og_url":"https:\/\/www.sab.ch\/fr\/au-sujet-du-sab-2\/voix-des-regions-de-montagne\/","og_site_name":"S A B","twitter_card":"summary_large_image","twitter_misc":{"Dur\u00e9e de lecture estim\u00e9e":"3 minutes"},"schema":{"@context":"https:\/\/schema.org","@graph":[{"@type":"WebPage","@id":"https:\/\/www.sab.ch\/fr\/au-sujet-du-sab-2\/voix-des-regions-de-montagne\/","url":"https:\/\/www.sab.ch\/fr\/au-sujet-du-sab-2\/voix-des-regions-de-montagne\/","name":"Voix des r\u00e9gions de montagne - S A B","isPartOf":{"@id":"https:\/\/www.sab.ch\/fr\/#website"},"datePublished":"2023-01-16T08:33:02+00:00","breadcrumb":{"@id":"https:\/\/www.sab.ch\/fr\/au-sujet-du-sab-2\/voix-des-regions-de-montagne\/#breadcrumb"},"inLanguage":"fr-FR","potentialAction":[{"@type":"ReadAction","target":["https:\/\/www.sab.ch\/fr\/au-sujet-du-sab-2\/voix-des-regions-de-montagne\/"]}]},{"@type":"BreadcrumbList","@id":"https:\/\/www.sab.ch\/fr\/au-sujet-du-sab-2\/voix-des-regions-de-montagne\/#breadcrumb","itemListElement":[{"@type":"ListItem","position":1,"name":"Startseite","item":"https:\/\/www.sab.ch\/fr\/home\/"},{"@type":"ListItem","position":2,"name":"Voix des r\u00e9gions de montagne"}]},{"@type":"WebSite","@id":"https:\/\/www.sab.ch\/fr\/#website","url":"https:\/\/www.sab.ch\/fr\/","name":"S A B","description":"","potentialAction":[{"@type":"SearchAction","target":{"@type":"EntryPoint","urlTemplate":"https:\/\/www.sab.ch\/fr\/?s={search_term_string}"},"query-input":{"@type":"PropertyValueSpecification","valueRequired":true,"valueName":"search_term_string"}}],"inLanguage":"fr-FR"}]}},"_links":{"self":[{"href":"https:\/\/www.sab.ch\/fr\/wp-json\/wp\/v2\/pages\/11048","targetHints":{"allow":["GET"]}}],"collection":[{"href":"https:\/\/www.sab.ch\/fr\/wp-json\/wp\/v2\/pages"}],"about":[{"href":"https:\/\/www.sab.ch\/fr\/wp-json\/wp\/v2\/types\/page"}],"author":[{"embeddable":true,"href":"https:\/\/www.sab.ch\/fr\/wp-json\/wp\/v2\/users\/3"}],"replies":[{"embeddable":true,"href":"https:\/\/www.sab.ch\/fr\/wp-json\/wp\/v2\/comments?post=11048"}],"version-history":[{"count":2,"href":"https:\/\/www.sab.ch\/fr\/wp-json\/wp\/v2\/pages\/11048\/revisions"}],"predecessor-version":[{"id":11050,"href":"https:\/\/www.sab.ch\/fr\/wp-json\/wp\/v2\/pages\/11048\/revisions\/11050"}],"up":[{"embeddable":true,"href":"https:\/\/www.sab.ch\/fr\/wp-json\/wp\/v2\/pages\/11057"}],"wp:attachment":[{"href":"https:\/\/www.sab.ch\/fr\/wp-json\/wp\/v2\/media?parent=11048"}],"curies":[{"name":"wp","href":"https:\/\/api.w.org\/{rel}","templated":true}]}}