{"id":11051,"date":"2023-01-16T09:41:26","date_gmt":"2023-01-16T08:41:26","guid":{"rendered":"https:\/\/www.sab.ch\/statuts-et-histoire-du-sab\/"},"modified":"2025-09-24T11:01:43","modified_gmt":"2025-09-24T09:01:43","slug":"statuts-et-histoire-du-sab","status":"publish","type":"page","link":"https:\/\/www.sab.ch\/fr\/au-sujet-du-sab-2\/statuts-et-histoire-du-sab\/","title":{"rendered":"Statuts et histoire du SAB"},"content":{"rendered":"<div id='av_section_1'  class='avia-section av-kbufzd3s-dd428f854b73db9c732bdb3b761e163e main_color avia-section-default avia-shadow  avia-builder-el-0  avia-builder-el-no-sibling  avia-bg-style-scroll container_wrap fullsize'  ><div class='container av-section-cont-open' ><main  role=\"main\" itemprop=\"mainContentOfPage\"  class='template-page content  av-content-full alpha units'><div class='post-entry post-entry-type-page post-entry-11051'><div class='entry-content-wrapper clearfix'>\n<div  class='flex_column av-amv1x-dea10f61d501660bcfd580c9765c00f6 av_two_third  avia-builder-el-1  avia-builder-el-no-sibling  first flex_column_div  '     ><section  class='av_textblock_section av-jxk41cbl-a1fc1525f09076e0644c7e0771550ccd '   itemscope=\"itemscope\" itemtype=\"https:\/\/schema.org\/CreativeWork\" ><div class='avia_textblock'  itemprop=\"text\" ><h2 class=\"csc-firstHeader\">Statuts du SAB<\/h2>\n<p><br class=\"avia-permanent-lb\" \/>Les statuts du SAB, qui sont entr\u00e9s en vigueur en ao\u00fbt 2023, sont disponibles dans les trois langues nationales.<\/p>\n<ul class=\"csc-uploads csc-uploads-0\">\n<li class=\"li-odd li-first csc-uploads-element csc-uploads-element-pdf\"><a href=\"https:\/\/www.sab.ch\/wp-content\/uploads\/2023\/10\/Statuten-SAB_d_GV2023.pdf\">Statuten der SAB<\/a><\/li>\n<li class=\"li-even csc-uploads-element csc-uploads-element-pdf\"><a href=\"https:\/\/www.sab.ch\/wp-content\/uploads\/2023\/10\/Statuts-du-SAB_f_GV2023.pdf\">Status du SAB fr<\/a><\/li>\n<li class=\"li-odd csc-uploads-element csc-uploads-element-pdf\"><a href=\"https:\/\/www.sab.ch\/wp-content\/uploads\/2023\/10\/Statuti-del-SAB_it_GV2023.pdf\">Statuti del SAB it<\/a><\/li>\n<\/ul>\n<div  class='hr av-2l542d-e59acd10fc33ec44a1ae1d5d88ddc23b hr-default  avia-builder-el-3  avia-builder-el-no-sibling '><span class='hr-inner '><span class=\"hr-inner-style\"><\/span><\/span><\/div>\n<h2><br class=\"avia-permanent-lb\" \/>Histoire du SAB<\/h2>\n<p><br class=\"avia-permanent-lb\" \/>Le SAB a \u00e9t\u00e9 fond\u00e9 le 28 mai 1943 \u00e0 Berne.<\/p>\n<p>Des mesures d\u2019entraide ont \u00e9galement \u00e9t\u00e9 prises au profit des populations de montagne. Cependant, ces deux types d&rsquo;action n&rsquo;\u00e9taient pas encore coordonn\u00e9es. La premi\u00e8re impulsion destin\u00e9e \u00e0 inverser cette tendance a \u00e9t\u00e9 donn\u00e9e lors de la cr\u00e9ation, au niveau f\u00e9d\u00e9ral, du \u00ab Groupe parlementaire pour la d\u00e9fense des int\u00e9r\u00eats de la population de montagne \u00bb.<br \/>\nAu m\u00eame moment, des personnes provenant de l&rsquo;Oberland bernois et de Suisse centrale, ont eu l&rsquo;id\u00e9e de fonder un groupement au profit des organisations regroupant les agriculteurs de montagne. Au m\u00eame moment, des personnes provenant de l&rsquo;Oberland bernois et de Suisse centrale, ont eu l&rsquo;id\u00e9e de fonder un groupement au profit des organisations regroupant les agriculteurs de montagne.<\/p>\n<p><br class=\"avia-permanent-lb\" \/>Mais il s&rsquo;est vite retrouv\u00e9 sur le m\u00eame terrain que d&rsquo;autres organisations, notamment les soci\u00e9t\u00e9s d&rsquo;\u00e9conomie alpestres. Au milieu des ann\u00e9es 1960, le SAB a commenc\u00e9 \u00e0 s&rsquo;int\u00e9resser \u00e0 des th\u00e8mes non-agricoles.<br \/>\nIl s&rsquo;agissait notamment du d\u00e9veloppement du tourisme. En 1973, il a \u00e9t\u00e9 d\u00e9cid\u00e9, lors d&rsquo;une assembl\u00e9e extraordinaire, de changer de nom.<br \/>\nLes mots \u00ab\u00a0paysans de montagne\u00a0\u00bb ont \u00e9t\u00e9 remplac\u00e9s par \u00ab\u00a0population de montagne\u00a0\u00bb.<\/p>\n<p><br class=\"avia-permanent-lb\" \/>L&rsquo;appellation du SAB a chang\u00e9 une derni\u00e8re fois en 1988. C&rsquo;\u00e9tait lors de la fusion entre le SAB et l&rsquo;Association suisse des r\u00e9gions de montagne Depuis le SAB s&rsquo;appelle \u00ab\u00a0Groupement suisse pour les r\u00e9gions de montagne\u00a0\u00bb.<\/p>\n<ul class=\"csc-uploads csc-uploads-0\">\n<li><a href=\"https:\/\/sab.ch\/wp-content\/uploads\/2022\/11\/Spezialbroschuere_75_Jahre_SAB_Januar_2019.pdf\">Num\u00e9ro sp\u00e9cial: 75 ans SAB (2018)<\/a><\/li>\n<li><a href=\"https:\/\/sab.ch\/wp-content\/uploads\/2022\/11\/Sonderteil_BIZ_2018_internet.pdf\">Edition sp\u00e9ciale 75 ans SAB (BIZ), (2018)<\/a><\/li>\n<li class=\"li-odd li-first csc-uploads-element csc-uploads-element-pdf\"><a href=\"\/wp-content\/uploads\/2022\/11\/Sondernummer_50_Jahre_SAB_web.pdf\">Num\u00e9ro sp\u00e9cial 50 ans SAB (1993)<\/a><\/li>\n<\/ul>\n<\/div><\/section><\/div>\n","protected":false},"excerpt":{"rendered":"","protected":false},"author":3,"featured_media":0,"parent":11057,"menu_order":0,"comment_status":"closed","ping_status":"closed","template":"","meta":{"footnotes":""},"class_list":["post-11051","page","type-page","status-publish","hentry"],"yoast_head":"<!-- This site is optimized with the Yoast SEO plugin v27.5 - https:\/\/yoast.com\/product\/yoast-seo-wordpress\/ -->\n<title>Statuts et histoire du SAB - S A B<\/title>\n<meta name=\"robots\" content=\"index, follow, max-snippet:-1, max-image-preview:large, max-video-preview:-1\" \/>\n<link rel=\"canonical\" href=\"https:\/\/www.sab.ch\/fr\/au-sujet-du-sab-2\/statuts-et-histoire-du-sab\/\" \/>\n<meta property=\"og:locale\" content=\"fr_FR\" \/>\n<meta property=\"og:type\" content=\"article\" \/>\n<meta property=\"og:title\" content=\"Statuts et histoire du SAB - S A B\" \/>\n<meta property=\"og:url\" content=\"https:\/\/www.sab.ch\/fr\/au-sujet-du-sab-2\/statuts-et-histoire-du-sab\/\" \/>\n<meta property=\"og:site_name\" content=\"S A B\" \/>\n<meta property=\"article:modified_time\" content=\"2025-09-24T09:01:43+00:00\" \/>\n<meta name=\"twitter:card\" content=\"summary_large_image\" \/>\n<meta name=\"twitter:label1\" content=\"Dur\u00e9e de lecture estim\u00e9e\" \/>\n\t<meta name=\"twitter:data1\" content=\"2 minutes\" \/>\n<script type=\"application\/ld+json\" class=\"yoast-schema-graph\">{\"@context\":\"https:\\\/\\\/schema.org\",\"@graph\":[{\"@type\":\"WebPage\",\"@id\":\"https:\\\/\\\/www.sab.ch\\\/fr\\\/au-sujet-du-sab-2\\\/statuts-et-histoire-du-sab\\\/\",\"url\":\"https:\\\/\\\/www.sab.ch\\\/fr\\\/au-sujet-du-sab-2\\\/statuts-et-histoire-du-sab\\\/\",\"name\":\"Statuts et histoire du SAB - S A B\",\"isPartOf\":{\"@id\":\"https:\\\/\\\/www.sab.ch\\\/fr\\\/#website\"},\"datePublished\":\"2023-01-16T08:41:26+00:00\",\"dateModified\":\"2025-09-24T09:01:43+00:00\",\"breadcrumb\":{\"@id\":\"https:\\\/\\\/www.sab.ch\\\/fr\\\/au-sujet-du-sab-2\\\/statuts-et-histoire-du-sab\\\/#breadcrumb\"},\"inLanguage\":\"fr-FR\",\"potentialAction\":[{\"@type\":\"ReadAction\",\"target\":[\"https:\\\/\\\/www.sab.ch\\\/fr\\\/au-sujet-du-sab-2\\\/statuts-et-histoire-du-sab\\\/\"]}]},{\"@type\":\"BreadcrumbList\",\"@id\":\"https:\\\/\\\/www.sab.ch\\\/fr\\\/au-sujet-du-sab-2\\\/statuts-et-histoire-du-sab\\\/#breadcrumb\",\"itemListElement\":[{\"@type\":\"ListItem\",\"position\":1,\"name\":\"Startseite\",\"item\":\"https:\\\/\\\/www.sab.ch\\\/fr\\\/home\\\/\"},{\"@type\":\"ListItem\",\"position\":2,\"name\":\"Au sujet du SAB\",\"item\":\"https:\\\/\\\/www.sab.ch\\\/fr\\\/au-sujet-du-sab-2\\\/\"},{\"@type\":\"ListItem\",\"position\":3,\"name\":\"Statuts et histoire du SAB\"}]},{\"@type\":\"WebSite\",\"@id\":\"https:\\\/\\\/www.sab.ch\\\/fr\\\/#website\",\"url\":\"https:\\\/\\\/www.sab.ch\\\/fr\\\/\",\"name\":\"S A B\",\"description\":\"\",\"potentialAction\":[{\"@type\":\"SearchAction\",\"target\":{\"@type\":\"EntryPoint\",\"urlTemplate\":\"https:\\\/\\\/www.sab.ch\\\/fr\\\/?s={search_term_string}\"},\"query-input\":{\"@type\":\"PropertyValueSpecification\",\"valueRequired\":true,\"valueName\":\"search_term_string\"}}],\"inLanguage\":\"fr-FR\"}]}<\/script>\n<!-- \/ Yoast SEO plugin. -->","yoast_head_json":{"title":"Statuts et histoire du SAB - S A B","robots":{"index":"index","follow":"follow","max-snippet":"max-snippet:-1","max-image-preview":"max-image-preview:large","max-video-preview":"max-video-preview:-1"},"canonical":"https:\/\/www.sab.ch\/fr\/au-sujet-du-sab-2\/statuts-et-histoire-du-sab\/","og_locale":"fr_FR","og_type":"article","og_title":"Statuts et histoire du SAB - S A B","og_url":"https:\/\/www.sab.ch\/fr\/au-sujet-du-sab-2\/statuts-et-histoire-du-sab\/","og_site_name":"S A B","article_modified_time":"2025-09-24T09:01:43+00:00","twitter_card":"summary_large_image","twitter_misc":{"Dur\u00e9e de lecture estim\u00e9e":"2 minutes"},"schema":{"@context":"https:\/\/schema.org","@graph":[{"@type":"WebPage","@id":"https:\/\/www.sab.ch\/fr\/au-sujet-du-sab-2\/statuts-et-histoire-du-sab\/","url":"https:\/\/www.sab.ch\/fr\/au-sujet-du-sab-2\/statuts-et-histoire-du-sab\/","name":"Statuts et histoire du SAB - S A B","isPartOf":{"@id":"https:\/\/www.sab.ch\/fr\/#website"},"datePublished":"2023-01-16T08:41:26+00:00","dateModified":"2025-09-24T09:01:43+00:00","breadcrumb":{"@id":"https:\/\/www.sab.ch\/fr\/au-sujet-du-sab-2\/statuts-et-histoire-du-sab\/#breadcrumb"},"inLanguage":"fr-FR","potentialAction":[{"@type":"ReadAction","target":["https:\/\/www.sab.ch\/fr\/au-sujet-du-sab-2\/statuts-et-histoire-du-sab\/"]}]},{"@type":"BreadcrumbList","@id":"https:\/\/www.sab.ch\/fr\/au-sujet-du-sab-2\/statuts-et-histoire-du-sab\/#breadcrumb","itemListElement":[{"@type":"ListItem","position":1,"name":"Startseite","item":"https:\/\/www.sab.ch\/fr\/home\/"},{"@type":"ListItem","position":2,"name":"Au sujet du SAB","item":"https:\/\/www.sab.ch\/fr\/au-sujet-du-sab-2\/"},{"@type":"ListItem","position":3,"name":"Statuts et histoire du SAB"}]},{"@type":"WebSite","@id":"https:\/\/www.sab.ch\/fr\/#website","url":"https:\/\/www.sab.ch\/fr\/","name":"S A B","description":"","potentialAction":[{"@type":"SearchAction","target":{"@type":"EntryPoint","urlTemplate":"https:\/\/www.sab.ch\/fr\/?s={search_term_string}"},"query-input":{"@type":"PropertyValueSpecification","valueRequired":true,"valueName":"search_term_string"}}],"inLanguage":"fr-FR"}]}},"_links":{"self":[{"href":"https:\/\/www.sab.ch\/fr\/wp-json\/wp\/v2\/pages\/11051","targetHints":{"allow":["GET"]}}],"collection":[{"href":"https:\/\/www.sab.ch\/fr\/wp-json\/wp\/v2\/pages"}],"about":[{"href":"https:\/\/www.sab.ch\/fr\/wp-json\/wp\/v2\/types\/page"}],"author":[{"embeddable":true,"href":"https:\/\/www.sab.ch\/fr\/wp-json\/wp\/v2\/users\/3"}],"replies":[{"embeddable":true,"href":"https:\/\/www.sab.ch\/fr\/wp-json\/wp\/v2\/comments?post=11051"}],"version-history":[{"count":13,"href":"https:\/\/www.sab.ch\/fr\/wp-json\/wp\/v2\/pages\/11051\/revisions"}],"predecessor-version":[{"id":29012,"href":"https:\/\/www.sab.ch\/fr\/wp-json\/wp\/v2\/pages\/11051\/revisions\/29012"}],"up":[{"embeddable":true,"href":"https:\/\/www.sab.ch\/fr\/wp-json\/wp\/v2\/pages\/11057"}],"wp:attachment":[{"href":"https:\/\/www.sab.ch\/fr\/wp-json\/wp\/v2\/media?parent=11051"}],"curies":[{"name":"wp","href":"https:\/\/api.w.org\/{rel}","templated":true}]}}