{"id":11066,"date":"2023-01-16T09:53:29","date_gmt":"2023-01-16T08:53:29","guid":{"rendered":"https:\/\/www.sab.ch\/au-sujet-du-sab-2\/assemblee-generale\/"},"modified":"2025-09-09T11:37:56","modified_gmt":"2025-09-09T09:37:56","slug":"assemblee-generale","status":"publish","type":"page","link":"https:\/\/www.sab.ch\/fr\/au-sujet-du-sab-2\/assemblee-generale\/","title":{"rendered":"Assembl\u00e9e g\u00e9n\u00e9rale"},"content":{"rendered":"<div id='av_section_1'  class='avia-section av-kbufzd3s-dd428f854b73db9c732bdb3b761e163e main_color avia-section-default avia-shadow  avia-builder-el-0  avia-builder-el-no-sibling  avia-bg-style-scroll container_wrap fullsize'  ><div class='container av-section-cont-open' ><main  role=\"main\" itemprop=\"mainContentOfPage\"  class='template-page content  av-content-full alpha units'><div class='post-entry post-entry-type-page post-entry-11066'><div class='entry-content-wrapper clearfix'>\n\n<style type=\"text\/css\" data-created_by=\"avia_inline_auto\" id=\"style-css-av-38q1-59d4a1d61c1719c885de0a85685ce4ed\">\n.flex_column.av-38q1-59d4a1d61c1719c885de0a85685ce4ed{\nborder-radius:0px 0px 0px 0px;\npadding:0px 0px 0px 0px;\n}\n<\/style>\n<div  class='flex_column av-38q1-59d4a1d61c1719c885de0a85685ce4ed av_three_fourth  avia-builder-el-1  avia-builder-el-no-sibling  first flex_column_div av-zero-column-padding  '     ><section  class='av_textblock_section av-jxk41cbl-a1fc1525f09076e0644c7e0771550ccd '   itemscope=\"itemscope\" itemtype=\"https:\/\/schema.org\/CreativeWork\" ><div class='avia_textblock'  itemprop=\"text\" ><h2 class=\"csc-firstHeader\">Assembl\u00e9e g\u00e9n\u00e9rale<\/h2>\n<p><br class=\"avia-permanent-lb\" \/>L&rsquo;Assembl\u00e9e g\u00e9n\u00e9rale est l&rsquo;organe sup\u00e9rieur du SAB. Elle a en particulier les pr\u00e9rogatives suivantes:<\/p>\n<ul>\n<li>Activit\u00e9 de conseil et prise de position sur les probl\u00e8mes fondamentaux des r\u00e9gions de montagne<\/li>\n<li>Election du comit\u00e9, du Conseil des r\u00e9gions de montagne, du pr\u00e9sident, des vice-pr\u00e9sidents et des membres de l&rsquo;organe de contr\u00f4le<\/li>\n<li>Approbation du rapport annuel<\/li>\n<li>Approbation des comptes annuels et du rapport de l&rsquo;organe de contr\u00f4le<\/li>\n<li>Fixation des cotisations annuelles<\/li>\n<li>Modification des statuts<\/li>\n<li>Participation \u00e0 des organisations diverses<\/li>\n<li>Nomination des membres d&rsquo;honneur<\/li>\n<li>Dissolution de la soci\u00e9t\u00e9<\/li>\n<\/ul>\n<p>La prochaine Assembl\u00e9e g\u00e9n\u00e9rale aura lieu le 28.08.2025 \u00e0 Del\u00e9mont.<\/p>\n<\/div><\/section><br \/>\n<div  class='hr av-av_hr-91d7ccd583a503147498e120fee2ff9b hr-default  avia-builder-el-3  el_after_av_textblock  el_before_av_textblock '><span class='hr-inner '><span class=\"hr-inner-style\"><\/span><\/span><\/div><br \/>\n<section  class='av_textblock_section av-maql5s1k-594330e9d64cae48063d9f1f3d6fed86 '   itemscope=\"itemscope\" itemtype=\"https:\/\/schema.org\/CreativeWork\" ><div class='avia_textblock'  itemprop=\"text\" ><h3>Assembl\u00e9e g\u00e9n\u00e9rale et journ\u00e9e d\u2019\u00e9tude du SAB, les 28 et 29 ao\u00fbt 2025 \u00e0 Del\u00e9mont (Ju)<\/h3>\n<p><strong> <br class=\"avia-permanent-lb\" \/>82<sup>\u00e8me<\/sup>\u00a0Assembl\u00e9e g\u00e9n\u00e9rale du SAB\u00a0<\/strong><\/p>\n<p>L\u2019Assembl\u00e9e g\u00e9n\u00e9rale du SAB aura lieu le 28.08.2025, d\u00e8s 15h, sur le Campus Avenir 33 \u00e0 Del\u00e9mont (JU).<\/p>\n<p>Notre AG sera suivie d\u2019un expos\u00e9 d&rsquo;<strong>\u00c9lisabeth Baume-Schneider, Conseill\u00e8re f\u00e9d\u00e9rale, Cheffe du D\u00e9partement de l\u2019int\u00e9rieur (DFI), au sujet de : \u00ab Un agenda pour les soins m\u00e9dicaux de base du futur \u00bb<\/strong><\/p>\n<p><em> <br class=\"avia-permanent-lb\" \/>Documents li\u00e9s \u00e0 l&rsquo;attention de l&rsquo;AG du SAB:<\/em><\/p>\n<ul class=\"csc-uploads csc-uploads-0\">\n<li class=\"li-odd li-first csc-uploads-element csc-uploads-element-pdf\"><a href=\"https:\/\/www.sab.ch\/wp-content\/uploads\/2025\/03\/rapport-du-SAB-2025_def.pdf\">82\u00e8me rapport d\u2019activit\u00e9 du SAB (ann\u00e9e 2024)<\/a><\/li>\n<li class=\"li-even csc-uploads-element csc-uploads-element-pdf\"><a href=\"https:\/\/www.sab.ch\/wp-content\/uploads\/2025\/02\/Jahresrechnung-2024.pdf\">Comptes annuels du SAB 2024<\/a><\/li>\n<li class=\"li-odd csc-uploads-element csc-uploads-element-pdf\"><a href=\"https:\/\/www.sab.ch\/wp-content\/uploads\/2025\/02\/SAB-Rechnung-2024-Revisorenbericht.pdf\">Rapport des r\u00e9viseurs 2024<\/a><\/li>\n<li><a href=\"https:\/\/www.sab.ch\/wp-content\/uploads\/2025\/08\/GV-SAB-2025-Ersatzwahlen_-13-august-2025.pdf\">Elections compl\u00e9mentaires<\/a><\/li>\n<\/ul>\n<p><br class=\"avia-permanent-lb\" \/>***************************<\/p>\n<p><strong> <br class=\"avia-permanent-lb\" \/>Journ\u00e9e d\u2019\u00e9tude du SAB: 29.08.2025, Del\u00e9mont<br \/>\n<\/strong><strong>Soins m\u00e9dicaux de base au sein des r\u00e9gions de montagne: Quelles solutions possibles ?<\/strong><\/p>\n<p>Les pr\u00e9sentations de la journ\u00e9e d&rsquo;\u00e9tude se trouvent <a href=\"https:\/\/www.sab.ch\/fr\/politique\/population-de-montagne-politique-sociale\/\">ici<\/a><\/p>\n<\/div><\/section><br \/>\n<div  class='hr av-av_hr-91d7ccd583a503147498e120fee2ff9b hr-default  avia-builder-el-5  el_after_av_textblock  el_before_av_textblock '><span class='hr-inner '><span class=\"hr-inner-style\"><\/span><\/span><\/div><br \/>\n<section  class='av_textblock_section av-lwanzt0x-8869ddf0e936b484c84a35c75093aa4f '   itemscope=\"itemscope\" itemtype=\"https:\/\/schema.org\/CreativeWork\" ><div class='avia_textblock'  itemprop=\"text\" ><p><iframe loading=\"lazy\" title=\"YouTube video player\" src=\"https:\/\/www.youtube.com\/embed\/BJUikOrrIbk\" width=\"560\" height=\"315\" frameborder=\"0\" allowfullscreen=\"allowfullscreen\"><\/iframe><\/p>\n<\/div><\/section><br \/>\n<div  class='hr av-av_hr-91d7ccd583a503147498e120fee2ff9b hr-default  avia-builder-el-7  el_after_av_textblock  el_before_av_textblock '><span class='hr-inner '><span class=\"hr-inner-style\"><\/span><\/span><\/div><br \/>\n<section  class='av_textblock_section av-lwao0133-b58dbb8556821c653c739fd543dcf59c '   itemscope=\"itemscope\" itemtype=\"https:\/\/schema.org\/CreativeWork\" ><div class='avia_textblock'  itemprop=\"text\" ><h3>Proc\u00e8s-verbaux<\/h3>\n<ul class=\"csc-uploads csc-uploads-0\">\n<li><a href=\"https:\/\/www.sab.ch\/wp-content\/uploads\/2025\/09\/Protokoll-GV-2025_def.pdf\">Proc\u00e8s-verbal de l&rsquo;AG 2025<\/a><\/li>\n<li><a href=\"https:\/\/www.sab.ch\/wp-content\/uploads\/2024\/09\/Protokoll-GV-2024_def.pdf\">Proc\u00e8s-verbal de l&rsquo;AG 2024<\/a><\/li>\n<li><a href=\"https:\/\/www.sab.ch\/wp-content\/uploads\/2023\/09\/Protokoll-GV-2023-Campra-def.pdf\">Proc\u00e8s-verbal de l&rsquo;AG 2023\u00a0<\/a><\/li>\n<li class=\"li-odd li-first csc-uploads-element csc-uploads-element-pdf\"><a href=\"\/wp-content\/uploads\/2022\/11\/Protokoll_GV_2022.pdf\">Proc\u00e8s-verbal de l&rsquo;AG 2022<\/a><\/li>\n<li class=\"li-even csc-uploads-element csc-uploads-element-pdf\"><a href=\"\/wp-content\/uploads\/2022\/11\/78._Protokoll_GV_SAB_2021_online_def.pdf\">Proc\u00e8s-verbal de l&rsquo;AG 2021<\/a><\/li>\n<li class=\"li-odd csc-uploads-element csc-uploads-element-pdf\"><a href=\"\/wp-content\/uploads\/2022\/11\/Protokoll_GV_2020_online-def.pdf\">Proc\u00e8s-verbal de l&rsquo;AG 2020<\/a><\/li>\n<li class=\"li-even csc-uploads-element csc-uploads-element-pdf\"><a href=\"\/wp-content\/uploads\/2022\/11\/Protokoll_76_GV_SAB_2019_def.pdf\">Proc\u00e8s-verbal de l&rsquo;AG 2019<\/a><\/li>\n<li class=\"li-odd csc-uploads-element csc-uploads-element-pdf\"><a href=\"\/wp-content\/uploads\/2022\/11\/Protokoll_2018.pdf\">Proc\u00e8s-verbal de l&rsquo;AG 2018<\/a><\/li>\n<li class=\"li-even csc-uploads-element csc-uploads-element-pdf\"><a href=\"\/wp-content\/uploads\/2022\/11\/Protokoll_2017.pdf\">Proc\u00e8s-verbal de l&rsquo;AG 2017<\/a><\/li>\n<li class=\"li-odd csc-uploads-element csc-uploads-element-pdf\"><a href=\"\/wp-content\/uploads\/2022\/11\/Protokoll_2016-dt.pdf\">Proc\u00e8s-verbal de l&rsquo;AG 2016<\/a><\/li>\n<li class=\"li-even csc-uploads-element csc-uploads-element-pdf\"><a href=\"\/wp-content\/uploads\/2022\/11\/Protokoll_2015-dt.pdf\">Proc\u00e8s-verbal de l&rsquo;AG 2015<\/a><\/li>\n<li class=\"li-odd csc-uploads-element csc-uploads-element-pdf\"><a href=\"\/wp-content\/uploads\/2022\/11\/Protokoll_GV__2014-dt.pdf\">Proc\u00e8s-verbal de l&rsquo;AG 2014<\/a><\/li>\n<li class=\"li-even csc-uploads-element csc-uploads-element-pdf\"><a href=\"\/wp-content\/uploads\/2022\/11\/Protokoll_2013-dt.pdf\">Proc\u00e8s-verbal de l&rsquo;AG 2013<\/a><\/li>\n<\/ul>\n<\/div><\/section><\/p><\/div>\n","protected":false},"excerpt":{"rendered":"","protected":false},"author":3,"featured_media":0,"parent":11057,"menu_order":0,"comment_status":"closed","ping_status":"closed","template":"","meta":{"footnotes":""},"class_list":["post-11066","page","type-page","status-publish","hentry"],"yoast_head":"<!-- This site is optimized with the Yoast SEO plugin v27.4 - https:\/\/yoast.com\/product\/yoast-seo-wordpress\/ -->\n<title>Assembl\u00e9e g\u00e9n\u00e9rale - S A B<\/title>\n<meta name=\"robots\" content=\"index, follow, max-snippet:-1, max-image-preview:large, max-video-preview:-1\" \/>\n<link rel=\"canonical\" href=\"https:\/\/www.sab.ch\/fr\/au-sujet-du-sab-2\/assemblee-generale\/\" \/>\n<meta property=\"og:locale\" content=\"fr_FR\" \/>\n<meta property=\"og:type\" content=\"article\" \/>\n<meta property=\"og:title\" content=\"Assembl\u00e9e g\u00e9n\u00e9rale - S A B\" \/>\n<meta property=\"og:url\" content=\"https:\/\/www.sab.ch\/fr\/au-sujet-du-sab-2\/assemblee-generale\/\" \/>\n<meta property=\"og:site_name\" content=\"S A B\" \/>\n<meta property=\"article:modified_time\" content=\"2025-09-09T09:37:56+00:00\" \/>\n<meta name=\"twitter:card\" content=\"summary_large_image\" \/>\n<meta name=\"twitter:label1\" content=\"Dur\u00e9e de lecture estim\u00e9e\" \/>\n\t<meta name=\"twitter:data1\" content=\"2 minutes\" \/>\n<script type=\"application\/ld+json\" class=\"yoast-schema-graph\">{\"@context\":\"https:\\\/\\\/schema.org\",\"@graph\":[{\"@type\":\"WebPage\",\"@id\":\"https:\\\/\\\/www.sab.ch\\\/fr\\\/au-sujet-du-sab-2\\\/assemblee-generale\\\/\",\"url\":\"https:\\\/\\\/www.sab.ch\\\/fr\\\/au-sujet-du-sab-2\\\/assemblee-generale\\\/\",\"name\":\"Assembl\u00e9e g\u00e9n\u00e9rale - S A B\",\"isPartOf\":{\"@id\":\"https:\\\/\\\/www.sab.ch\\\/fr\\\/#website\"},\"datePublished\":\"2023-01-16T08:53:29+00:00\",\"dateModified\":\"2025-09-09T09:37:56+00:00\",\"breadcrumb\":{\"@id\":\"https:\\\/\\\/www.sab.ch\\\/fr\\\/au-sujet-du-sab-2\\\/assemblee-generale\\\/#breadcrumb\"},\"inLanguage\":\"fr-FR\",\"potentialAction\":[{\"@type\":\"ReadAction\",\"target\":[\"https:\\\/\\\/www.sab.ch\\\/fr\\\/au-sujet-du-sab-2\\\/assemblee-generale\\\/\"]}]},{\"@type\":\"BreadcrumbList\",\"@id\":\"https:\\\/\\\/www.sab.ch\\\/fr\\\/au-sujet-du-sab-2\\\/assemblee-generale\\\/#breadcrumb\",\"itemListElement\":[{\"@type\":\"ListItem\",\"position\":1,\"name\":\"Startseite\",\"item\":\"https:\\\/\\\/www.sab.ch\\\/fr\\\/home\\\/\"},{\"@type\":\"ListItem\",\"position\":2,\"name\":\"Au sujet du SAB\",\"item\":\"https:\\\/\\\/www.sab.ch\\\/fr\\\/au-sujet-du-sab-2\\\/\"},{\"@type\":\"ListItem\",\"position\":3,\"name\":\"Assembl\u00e9e g\u00e9n\u00e9rale\"}]},{\"@type\":\"WebSite\",\"@id\":\"https:\\\/\\\/www.sab.ch\\\/fr\\\/#website\",\"url\":\"https:\\\/\\\/www.sab.ch\\\/fr\\\/\",\"name\":\"S A B\",\"description\":\"\",\"potentialAction\":[{\"@type\":\"SearchAction\",\"target\":{\"@type\":\"EntryPoint\",\"urlTemplate\":\"https:\\\/\\\/www.sab.ch\\\/fr\\\/?s={search_term_string}\"},\"query-input\":{\"@type\":\"PropertyValueSpecification\",\"valueRequired\":true,\"valueName\":\"search_term_string\"}}],\"inLanguage\":\"fr-FR\"}]}<\/script>\n<!-- \/ Yoast SEO plugin. -->","yoast_head_json":{"title":"Assembl\u00e9e g\u00e9n\u00e9rale - S A B","robots":{"index":"index","follow":"follow","max-snippet":"max-snippet:-1","max-image-preview":"max-image-preview:large","max-video-preview":"max-video-preview:-1"},"canonical":"https:\/\/www.sab.ch\/fr\/au-sujet-du-sab-2\/assemblee-generale\/","og_locale":"fr_FR","og_type":"article","og_title":"Assembl\u00e9e g\u00e9n\u00e9rale - S A B","og_url":"https:\/\/www.sab.ch\/fr\/au-sujet-du-sab-2\/assemblee-generale\/","og_site_name":"S A B","article_modified_time":"2025-09-09T09:37:56+00:00","twitter_card":"summary_large_image","twitter_misc":{"Dur\u00e9e de lecture estim\u00e9e":"2 minutes"},"schema":{"@context":"https:\/\/schema.org","@graph":[{"@type":"WebPage","@id":"https:\/\/www.sab.ch\/fr\/au-sujet-du-sab-2\/assemblee-generale\/","url":"https:\/\/www.sab.ch\/fr\/au-sujet-du-sab-2\/assemblee-generale\/","name":"Assembl\u00e9e g\u00e9n\u00e9rale - S A B","isPartOf":{"@id":"https:\/\/www.sab.ch\/fr\/#website"},"datePublished":"2023-01-16T08:53:29+00:00","dateModified":"2025-09-09T09:37:56+00:00","breadcrumb":{"@id":"https:\/\/www.sab.ch\/fr\/au-sujet-du-sab-2\/assemblee-generale\/#breadcrumb"},"inLanguage":"fr-FR","potentialAction":[{"@type":"ReadAction","target":["https:\/\/www.sab.ch\/fr\/au-sujet-du-sab-2\/assemblee-generale\/"]}]},{"@type":"BreadcrumbList","@id":"https:\/\/www.sab.ch\/fr\/au-sujet-du-sab-2\/assemblee-generale\/#breadcrumb","itemListElement":[{"@type":"ListItem","position":1,"name":"Startseite","item":"https:\/\/www.sab.ch\/fr\/home\/"},{"@type":"ListItem","position":2,"name":"Au sujet du SAB","item":"https:\/\/www.sab.ch\/fr\/au-sujet-du-sab-2\/"},{"@type":"ListItem","position":3,"name":"Assembl\u00e9e g\u00e9n\u00e9rale"}]},{"@type":"WebSite","@id":"https:\/\/www.sab.ch\/fr\/#website","url":"https:\/\/www.sab.ch\/fr\/","name":"S A B","description":"","potentialAction":[{"@type":"SearchAction","target":{"@type":"EntryPoint","urlTemplate":"https:\/\/www.sab.ch\/fr\/?s={search_term_string}"},"query-input":{"@type":"PropertyValueSpecification","valueRequired":true,"valueName":"search_term_string"}}],"inLanguage":"fr-FR"}]}},"_links":{"self":[{"href":"https:\/\/www.sab.ch\/fr\/wp-json\/wp\/v2\/pages\/11066","targetHints":{"allow":["GET"]}}],"collection":[{"href":"https:\/\/www.sab.ch\/fr\/wp-json\/wp\/v2\/pages"}],"about":[{"href":"https:\/\/www.sab.ch\/fr\/wp-json\/wp\/v2\/types\/page"}],"author":[{"embeddable":true,"href":"https:\/\/www.sab.ch\/fr\/wp-json\/wp\/v2\/users\/3"}],"replies":[{"embeddable":true,"href":"https:\/\/www.sab.ch\/fr\/wp-json\/wp\/v2\/comments?post=11066"}],"version-history":[{"count":40,"href":"https:\/\/www.sab.ch\/fr\/wp-json\/wp\/v2\/pages\/11066\/revisions"}],"predecessor-version":[{"id":28807,"href":"https:\/\/www.sab.ch\/fr\/wp-json\/wp\/v2\/pages\/11066\/revisions\/28807"}],"up":[{"embeddable":true,"href":"https:\/\/www.sab.ch\/fr\/wp-json\/wp\/v2\/pages\/11057"}],"wp:attachment":[{"href":"https:\/\/www.sab.ch\/fr\/wp-json\/wp\/v2\/media?parent=11066"}],"curies":[{"name":"wp","href":"https:\/\/api.w.org\/{rel}","templated":true}]}}