{"id":11079,"date":"2023-01-16T10:02:10","date_gmt":"2023-01-16T09:02:10","guid":{"rendered":"https:\/\/www.sab.ch\/le-sab-vu-par-les-medias\/"},"modified":"2026-03-11T15:22:52","modified_gmt":"2026-03-11T14:22:52","slug":"le-sab-vu-par-les-medias","status":"publish","type":"page","link":"https:\/\/www.sab.ch\/fr\/communique-de-presse\/le-sab-vu-par-les-medias\/","title":{"rendered":"Le SAB vu par les m\u00e9dias"},"content":{"rendered":"<div id='av_section_1'  class='avia-section av-kbufzd3s-dd428f854b73db9c732bdb3b761e163e main_color avia-section-default avia-shadow  avia-builder-el-0  avia-builder-el-no-sibling  avia-bg-style-scroll container_wrap fullsize'  ><div class='container av-section-cont-open' ><main  role=\"main\" itemprop=\"mainContentOfPage\"  class='template-page content  av-content-full alpha units'><div class='post-entry post-entry-type-page post-entry-11079'><div class='entry-content-wrapper clearfix'>\n\n<style type=\"text\/css\" data-created_by=\"avia_inline_auto\" id=\"style-css-av-38q1-59d4a1d61c1719c885de0a85685ce4ed\">\n.flex_column.av-38q1-59d4a1d61c1719c885de0a85685ce4ed{\nborder-radius:0px 0px 0px 0px;\npadding:0px 0px 0px 0px;\n}\n<\/style>\n<div  class='flex_column av-38q1-59d4a1d61c1719c885de0a85685ce4ed av_one_full  avia-builder-el-1  avia-builder-el-no-sibling  first flex_column_div av-zero-column-padding  '     ><section  class='av_textblock_section av-mkuw1b02-8f2b32920267d4bd60a7f1662d0b5a76 '   itemscope=\"itemscope\" itemtype=\"https:\/\/schema.org\/CreativeWork\" ><div class='avia_textblock'  itemprop=\"text\" ><h2>Le SAB vu par les m\u00e9dias<\/h2>\n<p><strong>(dans la langue originale de l&rsquo;article)<\/strong><\/p>\n<\/div><\/section><br \/>\n\n<style type=\"text\/css\" data-created_by=\"avia_inline_auto\" id=\"style-css-av-mkuw1zlo-20a3307f192ddef2e0d4c5c5784d6502\">\n#top .hr.hr-invisible.av-mkuw1zlo-20a3307f192ddef2e0d4c5c5784d6502{\nheight:30px;\n}\n<\/style>\n<div  class='hr av-mkuw1zlo-20a3307f192ddef2e0d4c5c5784d6502 hr-invisible  avia-builder-el-3  el_after_av_textblock  el_before_av_textblock '><span class='hr-inner '><span class=\"hr-inner-style\"><\/span><\/span><\/div><br \/>\n<section  class='av_textblock_section av-jxk41cbl-a1fc1525f09076e0644c7e0771550ccd '   itemscope=\"itemscope\" itemtype=\"https:\/\/schema.org\/CreativeWork\" ><div class='avia_textblock'  itemprop=\"text\" ><ul>\n<li><a href=\"https:\/\/www.sab.ch\/wp-content\/uploads\/2026\/03\/Freiburger-Nachrichten-Jugenforum.pdf\">Quel avenir pour les jeunes dans les villages de montagne ? (Freiburger Nachrichten, 09\/03\/2026, en allemand)<\/a><\/li>\n<li><a href=\"https:\/\/www.srf.ch\/play\/tv\/10-vor-10\/video\/10-vor-10-vom-27-10-2025?urn=urn:srf:video:edacb45e-fb66-49b3-893d-e8d2316b5917\">Thomas Egger dans l&rsquo;\u00e9mission \u00ab 10 vor 10 \u00bb sur le th\u00e8me \u00ab Weisse Arena \u00bb (octobre 2025)<\/a><\/li>\n<li><a href=\"https:\/\/www.sab.ch\/wp-content\/uploads\/2026\/01\/Wohnungsknappheit-Walliser-Bote-22-02-2025-scaled-1.jpg\">Nous sommes confront\u00e9s \u00e0 une p\u00e9nurie de logements. Les interventions de l&rsquo;\u00c9tat sont justifi\u00e9es ( Walliser Bote, f\u00e9vrier 2025)<\/a><\/li>\n<li><a href=\"https:\/\/www.sab.ch\/wp-content\/uploads\/2026\/01\/htr-November-2024-verschoben.pdf\">Les r\u00e9gions de montagne sous pression : la p\u00e9nurie de logements s\u00e9vit (htr hotelrevue, novembre 2024)<\/a><\/li>\n<li><a href=\"https:\/\/www.sab.ch\/wp-content\/uploads\/2026\/01\/II-GZD_WohnenSchweiz_03-24_Einzelseiten_07.pdf\">Taux de logements vacants de 0,0 % dans de nombreuses communes de montagne et touristiques (logement suisse, mars 2024)<\/a><\/li>\n<li><a href=\"https:\/\/www.sab.ch\/wp-content\/uploads\/2023\/01\/RPG2-Artikel-Communis-1.pdf\">Plus de marge de man\u0153uvre pour la construction en dehors des zones \u00e0 b\u00e2tir (magazine Communis, mars 2022)<\/a><\/li>\n<li><a href=\"https:\/\/sab.ch\/wp-content\/uploads\/2022\/12\/Janine-Thoma.11-2022.pdf\">La m\u00e9t\u00e9o a une influence consid\u00e9rable \u2013 Janine Thoma, conseill\u00e8re en construction SAB (article Schweizer Bauer, 2022)<\/a><\/li>\n<li><a href=\"https:\/\/www.sab.ch\/wp-content\/uploads\/2022\/11\/Berggebiet_ist_nicht_Turngeraet_der_Staedter_jan2021.pdf\">Les r\u00e9gions de montagne ne sont pas des terrains de jeu pour les citadins \u2013 Interview de Thomas Egger, directeur du SAB<\/a><\/li>\n<li><a href=\"https:\/\/www.sab.ch\/wp-content\/uploads\/2022\/11\/Koenizer_Zeitung_Ausgabe_2020_11_K.pdf\">La num\u00e9risation pourrait sauver les villages de montagne (K\u00f6nizer Zeitung, novembre 2020)<\/a><\/li>\n<li><a href=\"https:\/\/www.sab.ch\/wp-content\/uploads\/2022\/11\/Toggenburger_Tagblatt_Beitrag_SAB.pdf\">Porte-parole du Toggenburg (Toggenburger Tagblatt, juillet 2020)<\/a><\/li>\n<li><a href=\"\/wp-content\/uploads\/2022\/11\/Artikel_TE.pdf\">La Lumnezia in model europeic, SURSELVA, M\u00e4rz 2020)<\/a><\/li>\n<\/ul>\n<h2><br class=\"avia-permanent-lb\" \/><br class=\"avia-permanent-lb\" \/>Liens<\/h2>\n<ul>\n<li><a href=\"https:\/\/www.blick.ch\/politik\/experte-thomas-egger-ueber-huddelwetter-statt-schnee-orte-unter-1600-meter-muessen-vom-skitourismus-wegkommen-id18173997.html\">https:\/\/www.blick.ch\/politik\/experte-thomas-egger-ueber-huddelwetter-statt-schnee-orte-unter-1600-meter-muessen-vom-skitourismus-wegkommen-id18173997.html<\/a><\/li>\n<li><a href=\"https:\/\/www.blick.ch\/politik\/oberster-bergler-wehrt-sich-nach-brisanter-blick-umfrage-das-kann-man-der-bevoelkerung-nicht-vermitteln-id21178357.html\">https:\/\/www.blick.ch\/politik\/oberster-bergler-wehrt-sich-nach-brisanter-blick-umfrage-das-kann-man-der-bevoelkerung-nicht-vermitteln-id21178357.html<\/a><\/li>\n<li><a href=\"https:\/\/www.nzz.ch\/schweiz\/schweizer-skigebiete-zum-verkauf-wie-vail-resorts-co-die-orte-veraendern-ld.1867172\">https:\/\/www.nzz.ch\/schweiz\/schweizer-skigebiete-zum-verkauf-wie-vail-resorts-co-die-orte-veraendern-ld.1867172<\/a><\/li>\n<li><a href=\"https:\/\/www.srf.ch\/play\/tv\/einstein\/video\/schneemangel-die-zukunft-des-wintersports-und-seine-alternativen?urn=urn:srf:video:06027273-fe10-4b9c-b8f4-7e91d41dd842\">https:\/\/www.srf.ch\/play\/tv\/einstein\/video\/schneemangel-die-zukunft-des-wintersports-und-seine-alternativen?urn=urn:srf:video:06027273-fe10-4b9c-b8f4-7e91d41dd842<\/a><\/li>\n<li><a href=\"https:\/\/www.plattformj.ch\/artikel\/225126\/\">https:\/\/www.plattformj.ch\/artikel\/225126\/<\/a><\/li>\n<li><a href=\"https:\/\/www.plattformj.ch\/artikel\/236851\/\">https:\/\/www.plattformj.ch\/artikel\/236851\/<\/a><\/li>\n<li><a href=\"https:\/\/www.srf.ch\/news\/wirtschaft\/privatisierung-berggebiete-fuerchten-um-ihre-poststellen\" target=\"_blank\" rel=\"noopener\">Berggebiete f\u00fcrchten um ihre Poststellen (SRF \/ 21.01.2021)<br \/>\n<\/a><br \/>\nBerichte zur Tagung zur Innovation im Tourismus (Oktober 2020):<br \/>\n<a href=\"http:\/\/thomasegger.ch\/bericht12.pdf\" target=\"_blank\" rel=\"noopener\">thomasegger.ch\/bericht12.pdf<\/a><br \/>\n<a href=\"http:\/\/thomasegger.ch\/interview5.jpg\" target=\"_blank\" rel=\"noopener\">thomasegger.ch\/interview5.jpg<\/a><\/li>\n<\/ul>\n<\/div><\/section><\/p><\/div>\n","protected":false},"excerpt":{"rendered":"","protected":false},"author":3,"featured_media":0,"parent":11098,"menu_order":0,"comment_status":"closed","ping_status":"closed","template":"","meta":{"footnotes":""},"class_list":["post-11079","page","type-page","status-publish","hentry"],"yoast_head":"<!-- This site is optimized with the Yoast SEO plugin v27.4 - https:\/\/yoast.com\/product\/yoast-seo-wordpress\/ -->\n<title>Le SAB vu par les m\u00e9dias - S A B<\/title>\n<meta name=\"robots\" content=\"index, follow, max-snippet:-1, max-image-preview:large, max-video-preview:-1\" \/>\n<link rel=\"canonical\" href=\"https:\/\/www.sab.ch\/fr\/communique-de-presse\/le-sab-vu-par-les-medias\/\" \/>\n<meta property=\"og:locale\" content=\"fr_FR\" \/>\n<meta property=\"og:type\" content=\"article\" \/>\n<meta property=\"og:title\" content=\"Le SAB vu par les m\u00e9dias - S A B\" \/>\n<meta property=\"og:url\" content=\"https:\/\/www.sab.ch\/fr\/communique-de-presse\/le-sab-vu-par-les-medias\/\" \/>\n<meta property=\"og:site_name\" content=\"S A B\" \/>\n<meta property=\"article:modified_time\" content=\"2026-03-11T14:22:52+00:00\" \/>\n<meta name=\"twitter:card\" content=\"summary_large_image\" \/>\n<meta name=\"twitter:label1\" content=\"Dur\u00e9e de lecture estim\u00e9e\" \/>\n\t<meta name=\"twitter:data1\" content=\"2 minutes\" \/>\n<script type=\"application\/ld+json\" class=\"yoast-schema-graph\">{\"@context\":\"https:\\\/\\\/schema.org\",\"@graph\":[{\"@type\":\"WebPage\",\"@id\":\"https:\\\/\\\/www.sab.ch\\\/fr\\\/communique-de-presse\\\/le-sab-vu-par-les-medias\\\/\",\"url\":\"https:\\\/\\\/www.sab.ch\\\/fr\\\/communique-de-presse\\\/le-sab-vu-par-les-medias\\\/\",\"name\":\"Le SAB vu par les m\u00e9dias - S A B\",\"isPartOf\":{\"@id\":\"https:\\\/\\\/www.sab.ch\\\/fr\\\/#website\"},\"datePublished\":\"2023-01-16T09:02:10+00:00\",\"dateModified\":\"2026-03-11T14:22:52+00:00\",\"breadcrumb\":{\"@id\":\"https:\\\/\\\/www.sab.ch\\\/fr\\\/communique-de-presse\\\/le-sab-vu-par-les-medias\\\/#breadcrumb\"},\"inLanguage\":\"fr-FR\",\"potentialAction\":[{\"@type\":\"ReadAction\",\"target\":[\"https:\\\/\\\/www.sab.ch\\\/fr\\\/communique-de-presse\\\/le-sab-vu-par-les-medias\\\/\"]}]},{\"@type\":\"BreadcrumbList\",\"@id\":\"https:\\\/\\\/www.sab.ch\\\/fr\\\/communique-de-presse\\\/le-sab-vu-par-les-medias\\\/#breadcrumb\",\"itemListElement\":[{\"@type\":\"ListItem\",\"position\":1,\"name\":\"Startseite\",\"item\":\"https:\\\/\\\/www.sab.ch\\\/fr\\\/home\\\/\"},{\"@type\":\"ListItem\",\"position\":2,\"name\":\"Communiqu\u00e9 de presse\",\"item\":\"https:\\\/\\\/www.sab.ch\\\/fr\\\/communique-de-presse\\\/\"},{\"@type\":\"ListItem\",\"position\":3,\"name\":\"Le SAB vu par les m\u00e9dias\"}]},{\"@type\":\"WebSite\",\"@id\":\"https:\\\/\\\/www.sab.ch\\\/fr\\\/#website\",\"url\":\"https:\\\/\\\/www.sab.ch\\\/fr\\\/\",\"name\":\"S A B\",\"description\":\"\",\"potentialAction\":[{\"@type\":\"SearchAction\",\"target\":{\"@type\":\"EntryPoint\",\"urlTemplate\":\"https:\\\/\\\/www.sab.ch\\\/fr\\\/?s={search_term_string}\"},\"query-input\":{\"@type\":\"PropertyValueSpecification\",\"valueRequired\":true,\"valueName\":\"search_term_string\"}}],\"inLanguage\":\"fr-FR\"}]}<\/script>\n<!-- \/ Yoast SEO plugin. -->","yoast_head_json":{"title":"Le SAB vu par les m\u00e9dias - S A B","robots":{"index":"index","follow":"follow","max-snippet":"max-snippet:-1","max-image-preview":"max-image-preview:large","max-video-preview":"max-video-preview:-1"},"canonical":"https:\/\/www.sab.ch\/fr\/communique-de-presse\/le-sab-vu-par-les-medias\/","og_locale":"fr_FR","og_type":"article","og_title":"Le SAB vu par les m\u00e9dias - S A B","og_url":"https:\/\/www.sab.ch\/fr\/communique-de-presse\/le-sab-vu-par-les-medias\/","og_site_name":"S A B","article_modified_time":"2026-03-11T14:22:52+00:00","twitter_card":"summary_large_image","twitter_misc":{"Dur\u00e9e de lecture estim\u00e9e":"2 minutes"},"schema":{"@context":"https:\/\/schema.org","@graph":[{"@type":"WebPage","@id":"https:\/\/www.sab.ch\/fr\/communique-de-presse\/le-sab-vu-par-les-medias\/","url":"https:\/\/www.sab.ch\/fr\/communique-de-presse\/le-sab-vu-par-les-medias\/","name":"Le SAB vu par les m\u00e9dias - S A B","isPartOf":{"@id":"https:\/\/www.sab.ch\/fr\/#website"},"datePublished":"2023-01-16T09:02:10+00:00","dateModified":"2026-03-11T14:22:52+00:00","breadcrumb":{"@id":"https:\/\/www.sab.ch\/fr\/communique-de-presse\/le-sab-vu-par-les-medias\/#breadcrumb"},"inLanguage":"fr-FR","potentialAction":[{"@type":"ReadAction","target":["https:\/\/www.sab.ch\/fr\/communique-de-presse\/le-sab-vu-par-les-medias\/"]}]},{"@type":"BreadcrumbList","@id":"https:\/\/www.sab.ch\/fr\/communique-de-presse\/le-sab-vu-par-les-medias\/#breadcrumb","itemListElement":[{"@type":"ListItem","position":1,"name":"Startseite","item":"https:\/\/www.sab.ch\/fr\/home\/"},{"@type":"ListItem","position":2,"name":"Communiqu\u00e9 de presse","item":"https:\/\/www.sab.ch\/fr\/communique-de-presse\/"},{"@type":"ListItem","position":3,"name":"Le SAB vu par les m\u00e9dias"}]},{"@type":"WebSite","@id":"https:\/\/www.sab.ch\/fr\/#website","url":"https:\/\/www.sab.ch\/fr\/","name":"S A B","description":"","potentialAction":[{"@type":"SearchAction","target":{"@type":"EntryPoint","urlTemplate":"https:\/\/www.sab.ch\/fr\/?s={search_term_string}"},"query-input":{"@type":"PropertyValueSpecification","valueRequired":true,"valueName":"search_term_string"}}],"inLanguage":"fr-FR"}]}},"_links":{"self":[{"href":"https:\/\/www.sab.ch\/fr\/wp-json\/wp\/v2\/pages\/11079","targetHints":{"allow":["GET"]}}],"collection":[{"href":"https:\/\/www.sab.ch\/fr\/wp-json\/wp\/v2\/pages"}],"about":[{"href":"https:\/\/www.sab.ch\/fr\/wp-json\/wp\/v2\/types\/page"}],"author":[{"embeddable":true,"href":"https:\/\/www.sab.ch\/fr\/wp-json\/wp\/v2\/users\/3"}],"replies":[{"embeddable":true,"href":"https:\/\/www.sab.ch\/fr\/wp-json\/wp\/v2\/comments?post=11079"}],"version-history":[{"count":20,"href":"https:\/\/www.sab.ch\/fr\/wp-json\/wp\/v2\/pages\/11079\/revisions"}],"predecessor-version":[{"id":31711,"href":"https:\/\/www.sab.ch\/fr\/wp-json\/wp\/v2\/pages\/11079\/revisions\/31711"}],"up":[{"embeddable":true,"href":"https:\/\/www.sab.ch\/fr\/wp-json\/wp\/v2\/pages\/11098"}],"wp:attachment":[{"href":"https:\/\/www.sab.ch\/fr\/wp-json\/wp\/v2\/media?parent=11079"}],"curies":[{"name":"wp","href":"https:\/\/api.w.org\/{rel}","templated":true}]}}