{"id":11191,"date":"2023-01-17T14:05:33","date_gmt":"2023-01-17T13:05:33","guid":{"rendered":"https:\/\/www.sab.ch\/projet-interreg-espace-alpin-smartcommunity\/"},"modified":"2025-11-19T11:33:18","modified_gmt":"2025-11-19T10:33:18","slug":"projet-interreg-espace-alpin-smartcommunity","status":"publish","type":"page","link":"https:\/\/www.sab.ch\/fr\/projet-interreg-espace-alpin-smartcommunity\/","title":{"rendered":"Projet Interreg Espace Alpin \u00ab\u00a0SmartCommUnity\u00a0\u00bb"},"content":{"rendered":"<div id='av_section_1'  class='avia-section av-kbufzd3s-dd428f854b73db9c732bdb3b761e163e main_color avia-section-default avia-shadow  avia-builder-el-0  avia-builder-el-no-sibling  avia-bg-style-scroll container_wrap fullsize'  ><div class='container av-section-cont-open' ><main  role=\"main\" itemprop=\"mainContentOfPage\"  class='template-page content  av-content-full alpha units'><div class='post-entry post-entry-type-page post-entry-11191'><div class='entry-content-wrapper clearfix'>\n\n<style type=\"text\/css\" data-created_by=\"avia_inline_auto\" id=\"style-css-av-38q1-59d4a1d61c1719c885de0a85685ce4ed\">\n.flex_column.av-38q1-59d4a1d61c1719c885de0a85685ce4ed{\nborder-radius:0px 0px 0px 0px;\npadding:0px 0px 0px 0px;\n}\n<\/style>\n<div  class='flex_column av-38q1-59d4a1d61c1719c885de0a85685ce4ed av_two_third  avia-builder-el-1  avia-builder-el-no-sibling  first flex_column_div av-zero-column-padding  '     ><section  class='av_textblock_section av-jxk41cbl-a1fc1525f09076e0644c7e0771550ccd '   itemscope=\"itemscope\" itemtype=\"https:\/\/schema.org\/CreativeWork\" ><div class='avia_textblock'  itemprop=\"text\" ><h1><strong>Projet Interreg<\/strong> <strong>Espace Alpin \u00ab\u00a0SmartCommUnity\u00a0\u00bb<\/strong><\/h1>\n<p><br class=\"avia-permanent-lb\" \/>Le projet Interreg Espace Alpin \u00ab\u00a0SmartCommUnity\u00a0\u00bb a pour objectif d&rsquo;aider les zones rurales des Alpes \u00e0 tirer pleinement profit de la num\u00e9risation et de cr\u00e9er une communaut\u00e9 transnationale fonctionnelle au sein du r\u00e9seau \u00ab\u00a0Smart Alps\u00a0\u00bb. Des outils num\u00e9riques interactifs permettront aux r\u00e9gions de suivre la voie des bonnes pratiques. Les r\u00e9gions participantes d\u00e9velopperont \u00e9galement une approche collaborative afin de cr\u00e9er des zones rurales plus durables, r\u00e9silientes et attrayantes. Le Groupement suisse pour les r\u00e9gions de montagne (SAB) est partenaire de ce projet panalpin avec 11 autres organisations.<\/p>\n<p><strong> <br class=\"avia-permanent-lb\" \/>Donn\u00e9es cl\u00e9s <\/strong><\/p>\n<ul>\n<li>P\u00e9riode du projet : 1.11.2022 &#8211; 31.10.2025<\/li>\n<li>Programme Interreg Espace alpin Cofinancement (UE FEDER) \u20ac 1&rsquo;883&rsquo;351.06<\/li>\n<li>Cofinancement par la Nouvelle politique r\u00e9gionale NPR CHF 47&rsquo;500 CHF<\/li>\n<\/ul>\n<p><br class=\"avia-permanent-lb\" \/><strong>Document<\/strong><\/p>\n<p><a href=\"https:\/\/www.sab.ch\/wp-content\/uploads\/2025\/11\/SmartCommUnity-synopsis-WEB.pdf\">Compendium pr\u00e9sentant les principaux r\u00e9sultats du projet \u00ab SmartCommUnity \u00bb<\/a> (disponible uniquement en anglais)<\/p>\n<p><br class=\"avia-permanent-lb\" \/>Des<strong> informations compl\u00e9mentaires<\/strong> se trouvent <a href=\"https:\/\/www.alpine-space.eu\/project\/smartcommunity\/\"><u>ici<\/u><\/a><\/p>\n<p><strong> <br class=\"avia-permanent-lb\" \/><br class=\"avia-permanent-lb\" \/>Contact<\/strong><\/p>\n<p>Thomas Egger, SAB, <a href=\"mailto:thoma&#115;&#46;&#101;&#103;&#103;&#101;&#114;&#64;&#115;&#97;&#98;&#46;&#99;&#104;\">t&#104;&#x6f;&#x6d;a&#115;&#46;&#x65;&#x67;g&#101;&#x72;&#x40;s&#97;&#98;&#x2e;&#x63;h<\/a><\/p>\n<p>Peter Niederer, SAB, <a href=\"&#x6d;&#97;&#x69;&#x6c;&#116;&#x6f;&#x3a;&#112;&#x65;&#x74;&#101;&#x72;&#x2e;n&#x69;&#x65;d&#x65;&#114;e&#x72;&#64;s&#x61;&#98;&#46;&#x63;&#104;\">&#x70;&#x65;&#x74;&#101;&#114;&#46;ni&#x65;&#x64;&#x65;&#x72;&#101;&#114;&#64;s&#x61;&#x62;&#x2e;&#x63;&#104;<\/a><\/p>\n<\/div><\/section><\/div>\n","protected":false},"excerpt":{"rendered":"","protected":false},"author":4,"featured_media":0,"parent":0,"menu_order":0,"comment_status":"closed","ping_status":"open","template":"","meta":{"footnotes":""},"class_list":["post-11191","page","type-page","status-publish","hentry"],"yoast_head":"<!-- This site is optimized with the Yoast SEO plugin v27.4 - https:\/\/yoast.com\/product\/yoast-seo-wordpress\/ -->\n<title>Projet Interreg Espace Alpin &quot;SmartCommUnity&quot; - S A B<\/title>\n<meta name=\"robots\" content=\"index, follow, max-snippet:-1, max-image-preview:large, max-video-preview:-1\" \/>\n<link rel=\"canonical\" href=\"https:\/\/www.sab.ch\/fr\/projet-interreg-espace-alpin-smartcommunity\/\" \/>\n<meta property=\"og:locale\" content=\"fr_FR\" \/>\n<meta property=\"og:type\" content=\"article\" \/>\n<meta property=\"og:title\" content=\"Projet Interreg Espace Alpin &quot;SmartCommUnity&quot; - S A B\" \/>\n<meta property=\"og:url\" content=\"https:\/\/www.sab.ch\/fr\/projet-interreg-espace-alpin-smartcommunity\/\" \/>\n<meta property=\"og:site_name\" content=\"S A B\" \/>\n<meta property=\"article:modified_time\" content=\"2025-11-19T10:33:18+00:00\" \/>\n<meta name=\"twitter:card\" content=\"summary_large_image\" \/>\n<meta name=\"twitter:label1\" content=\"Dur\u00e9e de lecture estim\u00e9e\" \/>\n\t<meta name=\"twitter:data1\" content=\"1 minute\" \/>\n<script type=\"application\/ld+json\" class=\"yoast-schema-graph\">{\"@context\":\"https:\\\/\\\/schema.org\",\"@graph\":[{\"@type\":\"WebPage\",\"@id\":\"https:\\\/\\\/www.sab.ch\\\/fr\\\/projet-interreg-espace-alpin-smartcommunity\\\/\",\"url\":\"https:\\\/\\\/www.sab.ch\\\/fr\\\/projet-interreg-espace-alpin-smartcommunity\\\/\",\"name\":\"Projet Interreg Espace Alpin \\\"SmartCommUnity\\\" - S A B\",\"isPartOf\":{\"@id\":\"https:\\\/\\\/www.sab.ch\\\/fr\\\/#website\"},\"datePublished\":\"2023-01-17T13:05:33+00:00\",\"dateModified\":\"2025-11-19T10:33:18+00:00\",\"breadcrumb\":{\"@id\":\"https:\\\/\\\/www.sab.ch\\\/fr\\\/projet-interreg-espace-alpin-smartcommunity\\\/#breadcrumb\"},\"inLanguage\":\"fr-FR\",\"potentialAction\":[{\"@type\":\"ReadAction\",\"target\":[\"https:\\\/\\\/www.sab.ch\\\/fr\\\/projet-interreg-espace-alpin-smartcommunity\\\/\"]}]},{\"@type\":\"BreadcrumbList\",\"@id\":\"https:\\\/\\\/www.sab.ch\\\/fr\\\/projet-interreg-espace-alpin-smartcommunity\\\/#breadcrumb\",\"itemListElement\":[{\"@type\":\"ListItem\",\"position\":1,\"name\":\"Startseite\",\"item\":\"https:\\\/\\\/www.sab.ch\\\/fr\\\/home\\\/\"},{\"@type\":\"ListItem\",\"position\":2,\"name\":\"Projet Interreg Espace Alpin &#8222;SmartCommUnity&#8220;\"}]},{\"@type\":\"WebSite\",\"@id\":\"https:\\\/\\\/www.sab.ch\\\/fr\\\/#website\",\"url\":\"https:\\\/\\\/www.sab.ch\\\/fr\\\/\",\"name\":\"S A B\",\"description\":\"\",\"potentialAction\":[{\"@type\":\"SearchAction\",\"target\":{\"@type\":\"EntryPoint\",\"urlTemplate\":\"https:\\\/\\\/www.sab.ch\\\/fr\\\/?s={search_term_string}\"},\"query-input\":{\"@type\":\"PropertyValueSpecification\",\"valueRequired\":true,\"valueName\":\"search_term_string\"}}],\"inLanguage\":\"fr-FR\"}]}<\/script>\n<!-- \/ Yoast SEO plugin. -->","yoast_head_json":{"title":"Projet Interreg Espace Alpin \"SmartCommUnity\" - S A B","robots":{"index":"index","follow":"follow","max-snippet":"max-snippet:-1","max-image-preview":"max-image-preview:large","max-video-preview":"max-video-preview:-1"},"canonical":"https:\/\/www.sab.ch\/fr\/projet-interreg-espace-alpin-smartcommunity\/","og_locale":"fr_FR","og_type":"article","og_title":"Projet Interreg Espace Alpin \"SmartCommUnity\" - S A B","og_url":"https:\/\/www.sab.ch\/fr\/projet-interreg-espace-alpin-smartcommunity\/","og_site_name":"S A B","article_modified_time":"2025-11-19T10:33:18+00:00","twitter_card":"summary_large_image","twitter_misc":{"Dur\u00e9e de lecture estim\u00e9e":"1 minute"},"schema":{"@context":"https:\/\/schema.org","@graph":[{"@type":"WebPage","@id":"https:\/\/www.sab.ch\/fr\/projet-interreg-espace-alpin-smartcommunity\/","url":"https:\/\/www.sab.ch\/fr\/projet-interreg-espace-alpin-smartcommunity\/","name":"Projet Interreg Espace Alpin \"SmartCommUnity\" - S A B","isPartOf":{"@id":"https:\/\/www.sab.ch\/fr\/#website"},"datePublished":"2023-01-17T13:05:33+00:00","dateModified":"2025-11-19T10:33:18+00:00","breadcrumb":{"@id":"https:\/\/www.sab.ch\/fr\/projet-interreg-espace-alpin-smartcommunity\/#breadcrumb"},"inLanguage":"fr-FR","potentialAction":[{"@type":"ReadAction","target":["https:\/\/www.sab.ch\/fr\/projet-interreg-espace-alpin-smartcommunity\/"]}]},{"@type":"BreadcrumbList","@id":"https:\/\/www.sab.ch\/fr\/projet-interreg-espace-alpin-smartcommunity\/#breadcrumb","itemListElement":[{"@type":"ListItem","position":1,"name":"Startseite","item":"https:\/\/www.sab.ch\/fr\/home\/"},{"@type":"ListItem","position":2,"name":"Projet Interreg Espace Alpin &#8222;SmartCommUnity&#8220;"}]},{"@type":"WebSite","@id":"https:\/\/www.sab.ch\/fr\/#website","url":"https:\/\/www.sab.ch\/fr\/","name":"S A B","description":"","potentialAction":[{"@type":"SearchAction","target":{"@type":"EntryPoint","urlTemplate":"https:\/\/www.sab.ch\/fr\/?s={search_term_string}"},"query-input":{"@type":"PropertyValueSpecification","valueRequired":true,"valueName":"search_term_string"}}],"inLanguage":"fr-FR"}]}},"_links":{"self":[{"href":"https:\/\/www.sab.ch\/fr\/wp-json\/wp\/v2\/pages\/11191","targetHints":{"allow":["GET"]}}],"collection":[{"href":"https:\/\/www.sab.ch\/fr\/wp-json\/wp\/v2\/pages"}],"about":[{"href":"https:\/\/www.sab.ch\/fr\/wp-json\/wp\/v2\/types\/page"}],"author":[{"embeddable":true,"href":"https:\/\/www.sab.ch\/fr\/wp-json\/wp\/v2\/users\/4"}],"replies":[{"embeddable":true,"href":"https:\/\/www.sab.ch\/fr\/wp-json\/wp\/v2\/comments?post=11191"}],"version-history":[{"count":19,"href":"https:\/\/www.sab.ch\/fr\/wp-json\/wp\/v2\/pages\/11191\/revisions"}],"predecessor-version":[{"id":29948,"href":"https:\/\/www.sab.ch\/fr\/wp-json\/wp\/v2\/pages\/11191\/revisions\/29948"}],"wp:attachment":[{"href":"https:\/\/www.sab.ch\/fr\/wp-json\/wp\/v2\/media?parent=11191"}],"curies":[{"name":"wp","href":"https:\/\/api.w.org\/{rel}","templated":true}]}}