{"id":11237,"date":"2023-01-18T08:58:04","date_gmt":"2023-01-18T07:58:04","guid":{"rendered":"https:\/\/www.sab.ch\/dienstleistungen\/salle-de-conference-du-sab\/"},"modified":"2023-12-12T10:46:02","modified_gmt":"2023-12-12T09:46:02","slug":"salle-de-conference-du-sab","status":"publish","type":"page","link":"https:\/\/www.sab.ch\/fr\/dienstleistungen\/salle-de-conference-du-sab\/","title":{"rendered":"Salle de conf\u00e9rence du SAB"},"content":{"rendered":"<div  class='flex_column av-4n7fri-4143a2047439b990c3579a16e2404b06 av_two_third  avia-builder-el-0  el_before_av_one_third  avia-builder-el-first  first flex_column_div  '     ><style type=\"text\/css\" data-created_by=\"avia_inline_auto\" id=\"style-css-av-lb0mtwnb-a31a42e5e3f4827b7c7ccd4b6cefb314\">\n#top .av_textblock_section.av-lb0mtwnb-a31a42e5e3f4827b7c7ccd4b6cefb314 .avia_textblock{\ncolor:#000000;\n}\n<\/style>\n<section  class='av_textblock_section av-lb0mtwnb-a31a42e5e3f4827b7c7ccd4b6cefb314 '   itemscope=\"itemscope\" itemtype=\"https:\/\/schema.org\/CreativeWork\" ><div class='avia_textblock av_inherit_color'  itemprop=\"text\" ><h2>Salle de conf\u00e9rence avec syst\u00e8me de vid\u00e9oconf\u00e9rence<\/h2>\n<p><strong>\u00cates-vous \u00e0 la recherche d&rsquo;un lieu de r\u00e9union \u00e0 Berne? <\/strong><\/p>\n<p><strong>Le SAB met \u00e0 disposition sa salle de conf\u00e9rence.<\/strong><\/p>\n<p><strong><br \/>\nEn organisant vos rencontres dans nos locaux, vous b\u00e9n\u00e9ficiez des nombreux avantages:<br \/>\n<\/strong><\/p>\n<ul>\n<li>Situation privil\u00e9gi\u00e9e: \u00e0 5 minutes \u00e0 pied de la gare, proche des transports publics et du parking city west Bern<\/li>\n<li>Salle moderne, \u00e9quip\u00e9e et climatis\u00e9e<\/li>\n<li>Technique : syst\u00e8me de vid\u00e9oconf\u00e9rence pour les pr\u00e9sentations sur \u00e9cran et les r\u00e9unions hybrides, trois murs d&rsquo;animation, flipchart et tableau blanc (inclus dans le prix)<\/li>\n<li>Surface: 60 m2, 15 &#8211; 18 personnes<\/li>\n<li>tarifs int\u00e9ressants<\/li>\n<li>Machine \u00e0 caf\u00e9 (libre-service)<\/li>\n<li>R\u00e9servations possible: du lundi au vendredi, de env. 8 h \u00e0 env. 17h, pas de r\u00e9servations pendant le soir ou le week-end<\/li>\n<li>WLAN<\/li>\n<\/ul>\n<h3><\/h3>\n<h3>TARIFS (TVA non inclue):<\/h3>\n<table>\n<tbody>\n<tr>\n<td><\/td>\n<td><strong>Membres du SAB <\/strong><\/td>\n<td><strong>Non-membres du SAB <\/strong><\/td>\n<\/tr>\n<tr>\n<td>Demi-journ\u00e9e<\/td>\n<td>CHF 75.00<\/td>\n<td>CHF 100.00<\/td>\n<\/tr>\n<tr>\n<td>Journ\u00e9e<\/td>\n<td>CHF 100.00<\/td>\n<td>CHF 150.00<\/td>\n<\/tr>\n<tr>\n<td><\/td>\n<td><\/td>\n<td><\/td>\n<\/tr>\n<tr>\n<td>eau min\u00e9ral \u00e0 1.5 l<\/td>\n<td>CHF 6.00\/bouteille commenc\u00e9e\/ouverte<\/td>\n<td><\/td>\n<\/tr>\n<tr>\n<td>Caf\u00e8<\/td>\n<td>CHF 3.00\/caf\u00e8<\/td>\n<td><\/td>\n<\/tr>\n<tr>\n<td><\/td>\n<td><\/td>\n<td><\/td>\n<\/tr>\n<\/tbody>\n<\/table>\n<h3><b>Communications \/informations divers<\/b><\/h3>\n<p>Tarifs sans TVA<\/p>\n<p>Des croissants etc. peuvent \u00eatre apport\u00e9s par les clients.<\/p>\n<p>Important: pas de location pendant le soir ou le week-end.<\/p>\n<p><strong><br \/>\nContact et r\u00e9servations:<\/strong><\/p>\n<p>T\u00e9l. 031 382 10 10 031 382 10 10<br \/>\nE-Mail: <a href=\"m&#97;&#x69;&#x6c;t&#111;&#58;&#x69;&#x6e;f&#111;&#x40;&#x73;a&#98;&#46;&#x63;&#x68;\">&#x69;&#x6e;&#x66;&#x6f;&#x40;&#x73;&#97;&#98;&#46;&#99;h<\/a><\/p>\n<\/div><\/section><br \/>\n\n<style type=\"text\/css\" data-created_by=\"avia_inline_auto\" id=\"style-css-av-lo8mxv22-e0cbabad10e3ce00c47700fb6cdb1c66\">\n#top .hr.hr-invisible.av-lo8mxv22-e0cbabad10e3ce00c47700fb6cdb1c66{\nheight:30px;\n}\n<\/style>\n<div  class='hr av-lo8mxv22-e0cbabad10e3ce00c47700fb6cdb1c66 hr-invisible  avia-builder-el-2  el_after_av_textblock  el_before_av_contact '><span class='hr-inner '><span class=\"hr-inner-style\"><\/span><\/span><\/div><br \/>\n<form action=\"https:\/\/www.sab.ch\/fr\/dienstleistungen\/salle-de-conference-du-sab\/\" method=\"post\" data-fields-with-error=\"Erreurs trouv\u00e9es dans les champs suivants :\" class=\"avia_ajax_form av-form-labels-visible   avia-builder-el-3  el_after_av_hr  avia-builder-el-last   \" data-avia-form-id=\"1\" data-avia-redirect='' ><h3 class=''>Salle de conf\u00e9rence du SAB<\/h3><fieldset><p class='  first_form  form_element form_fullwidth' id='element_avia_1_1'><label for=\"avia_1_1\">Date de la s\u00e9ance <abbr class=\"required\" title=\"requis(e)\">*<\/abbr><\/label> <input name=\"avia_1_1\" class=\"text_input is_empty\" type=\"text\" id=\"avia_1_1\" value=\"\" \/><\/p><p class='  first_form  form_element form_fullwidth' id='element_avia_2_1'><label for=\"avia_2_1\">Heure (de.... \u00e0 ...) <abbr class=\"required\" title=\"requis(e)\">*<\/abbr><\/label> <input name=\"avia_2_1\" class=\"text_input is_empty\" type=\"text\" id=\"avia_2_1\" value=\"\" \/><\/p><p class='  first_form  form_element form_fullwidth' id='element_avia_3_1'><label for=\"avia_3_1\">Nombre de personnes <abbr class=\"required\" title=\"requis(e)\">*<\/abbr><\/label> <input name=\"avia_3_1\" class=\"text_input is_empty\" type=\"text\" id=\"avia_3_1\" value=\"\" \/><\/p><p class='  first_form  form_element form_fullwidth' id='element_avia_5_1'><label for=\"avia_5_1\">Lettrage (comment annoncer la s\u00e9ance), si souhait\u00e9<\/label> <input name=\"avia_5_1\" class=\"text_input \" type=\"text\" id=\"avia_5_1\" value=\"\" \/><\/p><p class='  first_form  form_element form_fullwidth' id='element_avia_6_1'><label for=\"avia_6_1\">Organisation <abbr class=\"required\" title=\"requis(e)\">*<\/abbr><\/label> <input name=\"avia_6_1\" class=\"text_input is_empty\" type=\"text\" id=\"avia_6_1\" value=\"\" \/><\/p><p class='  first_form  form_element form_fullwidth' id='element_avia_7_1'><label for=\"avia_7_1\">Nom\/pr\u00e9nom <abbr class=\"required\" title=\"requis(e)\">*<\/abbr><\/label> <input name=\"avia_7_1\" class=\"text_input is_empty\" type=\"text\" id=\"avia_7_1\" value=\"\" \/><\/p><p class='  first_form  form_element form_fullwidth' id='element_avia_8_1'><label for=\"avia_8_1\">Adresse <abbr class=\"required\" title=\"requis(e)\">*<\/abbr><\/label> <input name=\"avia_8_1\" class=\"text_input is_empty\" type=\"text\" id=\"avia_8_1\" value=\"\" \/><\/p><p class='  first_form  form_element form_fullwidth' id='element_avia_9_1'><label for=\"avia_9_1\">NPA\/localit\u00e9 <abbr class=\"required\" title=\"requis(e)\">*<\/abbr><\/label> <input name=\"avia_9_1\" class=\"text_input is_empty\" type=\"text\" id=\"avia_9_1\" value=\"\" \/><\/p><p class='  first_form  form_element form_fullwidth' id='element_avia_10_1'><label for=\"avia_10_1\">E-Mail <abbr class=\"required\" title=\"requis(e)\">*<\/abbr><\/label> <input name=\"avia_10_1\" class=\"text_input is_empty\" type=\"text\" id=\"avia_10_1\" value=\"\" \/><\/p><p class='  first_form  form_element form_fullwidth' id='element_avia_11_1'><label for=\"avia_11_1\">Rechnungsadresse wenn nicht identisch wie oben; oder sonstige Bemerkungen betr. Facturation \u00e0<\/label> <input name=\"avia_11_1\" class=\"text_input \" type=\"text\" id=\"avia_11_1\" value=\"\" \/><\/p><p class='  first_form  form_element form_fullwidth' id='element_avia_12_1'><label for=\"avia_12_1\">Communications \/informations divers <\/label> <input name=\"avia_12_1\" class=\"text_input \" type=\"text\" id=\"avia_12_1\" value=\"\" \/><\/p><p class=\"hidden\"><input type=\"text\" name=\"avia_13_1\" class=\"hidden \" id=\"avia_13_1\" value=\"\" \/><\/p><div id='avia_14_1' class='av-recaptcha-area  first_form  form_element form_fullwidth '  data-container_class=\"\" data-custom_class=\"\" data-context=\"av_contact_form\" data-token_input=\"av_recaptcha_token\" data-version=\"avia_recaptcha_v3\" data-theme=\"light\" data-size=\"normal\" data-score=\"0.5\" data-text_to_preview=\"\" data-value=\"\"><div class=\"av-google-badge-message hidden\">Ce site est prot\u00e9g\u00e9 par reCAPTCHA et la <a href=\"https:\/\/policies.google.com\/privacy\">politique de confidentialit\u00e9<\/a> de Google et <a href=\"https:\/\/policies.google.com\/terms\">leur conditions d\u2019utilisation<\/a> s\u2019appliquent.<\/div><\/div><p class=\"form_element \"><input type=\"hidden\" value=\"1\" name=\"avia_generated_form1\" \/><input type=\"submit\" value=\"Envoyer\" class=\"button\"  data-sending-label=\"Envoi\"\/><\/p><\/fieldset><div class=\"avia-disabled-form\">Ce formulaire est d\u00e9sactiv\u00e9 dans la mesure o\u00f9 vous refusez d\u2019accepter le service Google reCAPTCHA n\u00e9cessaire pour valider toute exp\u00e9dition de message depuis celui-ci.<\/div><\/form><div id=\"ajaxresponse_1\" class=\"ajaxresponse ajaxresponse_1 hidden\"><\/div><\/p><\/div>\n<div  class='flex_column av-31ryr2-eacc815c5c43b96f07ea52f7db8a1038 av_one_third  avia-builder-el-4  el_after_av_two_third  avia-builder-el-last  flex_column_div  '     ><style type=\"text\/css\" data-created_by=\"avia_inline_auto\" id=\"style-css-av-lq25qlmy-9d01bbe6f5722cb8eec83d9e473a0a5a\">\n.avia-image-container.av-lq25qlmy-9d01bbe6f5722cb8eec83d9e473a0a5a img.avia_image{\nbox-shadow:none;\n}\n.avia-image-container.av-lq25qlmy-9d01bbe6f5722cb8eec83d9e473a0a5a .av-image-caption-overlay-center{\ncolor:#ffffff;\n}\n<\/style>\n<div  class='avia-image-container av-lq25qlmy-9d01bbe6f5722cb8eec83d9e473a0a5a av-styling- avia-align-center  avia-builder-el-5  avia-builder-el-no-sibling '   itemprop=\"image\" itemscope=\"itemscope\" itemtype=\"https:\/\/schema.org\/ImageObject\" ><div class=\"avia-image-container-inner\"><div class=\"avia-image-overlay-wrap\"><img decoding=\"async\" fetchpriority=\"high\" class='wp-image-19170 avia-img-lazy-loading-not-19170 avia_image ' src=\"https:\/\/www.sab.ch\/wp-content\/uploads\/2023\/12\/Sitzungszimmer-neu-1024x768.jpg\" alt='' title='Sitzungszimmer neu'  height=\"768\" width=\"1024\"  itemprop=\"thumbnailUrl\" srcset=\"https:\/\/www.sab.ch\/wp-content\/uploads\/2023\/12\/Sitzungszimmer-neu-1024x768.jpg 1024w, https:\/\/www.sab.ch\/wp-content\/uploads\/2023\/12\/Sitzungszimmer-neu-1440x1080.jpg 1440w, https:\/\/www.sab.ch\/wp-content\/uploads\/2023\/12\/Sitzungszimmer-neu-768x576.jpg 768w, https:\/\/www.sab.ch\/wp-content\/uploads\/2023\/12\/Sitzungszimmer-neu-1536x1152.jpg 1536w, https:\/\/www.sab.ch\/wp-content\/uploads\/2023\/12\/Sitzungszimmer-neu-1500x1125.jpg 1500w, https:\/\/www.sab.ch\/wp-content\/uploads\/2023\/12\/Sitzungszimmer-neu-705x529.jpg 705w, https:\/\/www.sab.ch\/wp-content\/uploads\/2023\/12\/Sitzungszimmer-neu.jpg 1920w\" sizes=\"(max-width: 1024px) 100vw, 1024px\" \/><\/div><\/div><\/div><\/div>\n","protected":false},"excerpt":{"rendered":"","protected":false},"author":3,"featured_media":0,"parent":7623,"menu_order":0,"comment_status":"closed","ping_status":"closed","template":"","meta":{"footnotes":""},"class_list":["post-11237","page","type-page","status-publish","hentry"],"yoast_head":"<!-- This site is optimized with the Yoast SEO plugin v27.6 - https:\/\/yoast.com\/product\/yoast-seo-wordpress\/ -->\n<title>Salle de conf\u00e9rence du SAB - S A B<\/title>\n<meta name=\"robots\" content=\"index, follow, max-snippet:-1, max-image-preview:large, max-video-preview:-1\" \/>\n<link rel=\"canonical\" href=\"https:\/\/www.sab.ch\/fr\/dienstleistungen\/salle-de-conference-du-sab\/\" \/>\n<meta property=\"og:locale\" content=\"fr_FR\" \/>\n<meta property=\"og:type\" content=\"article\" \/>\n<meta property=\"og:title\" content=\"Salle de conf\u00e9rence du SAB - S A B\" \/>\n<meta property=\"og:url\" content=\"https:\/\/www.sab.ch\/fr\/dienstleistungen\/salle-de-conference-du-sab\/\" \/>\n<meta property=\"og:site_name\" content=\"S A B\" \/>\n<meta property=\"article:modified_time\" content=\"2023-12-12T09:46:02+00:00\" \/>\n<meta name=\"twitter:card\" content=\"summary_large_image\" \/>\n<meta name=\"twitter:label1\" content=\"Dur\u00e9e de lecture estim\u00e9e\" \/>\n\t<meta name=\"twitter:data1\" content=\"5 minutes\" \/>\n<script type=\"application\/ld+json\" class=\"yoast-schema-graph\">{\"@context\":\"https:\\\/\\\/schema.org\",\"@graph\":[{\"@type\":\"WebPage\",\"@id\":\"https:\\\/\\\/www.sab.ch\\\/fr\\\/dienstleistungen\\\/salle-de-conference-du-sab\\\/\",\"url\":\"https:\\\/\\\/www.sab.ch\\\/fr\\\/dienstleistungen\\\/salle-de-conference-du-sab\\\/\",\"name\":\"Salle de conf\u00e9rence du SAB - S A B\",\"isPartOf\":{\"@id\":\"https:\\\/\\\/www.sab.ch\\\/fr\\\/#website\"},\"datePublished\":\"2023-01-18T07:58:04+00:00\",\"dateModified\":\"2023-12-12T09:46:02+00:00\",\"breadcrumb\":{\"@id\":\"https:\\\/\\\/www.sab.ch\\\/fr\\\/dienstleistungen\\\/salle-de-conference-du-sab\\\/#breadcrumb\"},\"inLanguage\":\"fr-FR\",\"potentialAction\":[{\"@type\":\"ReadAction\",\"target\":[\"https:\\\/\\\/www.sab.ch\\\/fr\\\/dienstleistungen\\\/salle-de-conference-du-sab\\\/\"]}]},{\"@type\":\"BreadcrumbList\",\"@id\":\"https:\\\/\\\/www.sab.ch\\\/fr\\\/dienstleistungen\\\/salle-de-conference-du-sab\\\/#breadcrumb\",\"itemListElement\":[{\"@type\":\"ListItem\",\"position\":1,\"name\":\"Startseite\",\"item\":\"https:\\\/\\\/www.sab.ch\\\/fr\\\/home\\\/\"},{\"@type\":\"ListItem\",\"position\":2,\"name\":\"Prestations\",\"item\":\"https:\\\/\\\/www.sab.ch\\\/fr\\\/dienstleistungen\\\/\"},{\"@type\":\"ListItem\",\"position\":3,\"name\":\"Salle de conf\u00e9rence du SAB\"}]},{\"@type\":\"WebSite\",\"@id\":\"https:\\\/\\\/www.sab.ch\\\/fr\\\/#website\",\"url\":\"https:\\\/\\\/www.sab.ch\\\/fr\\\/\",\"name\":\"S A B\",\"description\":\"\",\"potentialAction\":[{\"@type\":\"SearchAction\",\"target\":{\"@type\":\"EntryPoint\",\"urlTemplate\":\"https:\\\/\\\/www.sab.ch\\\/fr\\\/?s={search_term_string}\"},\"query-input\":{\"@type\":\"PropertyValueSpecification\",\"valueRequired\":true,\"valueName\":\"search_term_string\"}}],\"inLanguage\":\"fr-FR\"}]}<\/script>\n<!-- \/ Yoast SEO plugin. -->","yoast_head_json":{"title":"Salle de conf\u00e9rence du SAB - S A B","robots":{"index":"index","follow":"follow","max-snippet":"max-snippet:-1","max-image-preview":"max-image-preview:large","max-video-preview":"max-video-preview:-1"},"canonical":"https:\/\/www.sab.ch\/fr\/dienstleistungen\/salle-de-conference-du-sab\/","og_locale":"fr_FR","og_type":"article","og_title":"Salle de conf\u00e9rence du SAB - S A B","og_url":"https:\/\/www.sab.ch\/fr\/dienstleistungen\/salle-de-conference-du-sab\/","og_site_name":"S A B","article_modified_time":"2023-12-12T09:46:02+00:00","twitter_card":"summary_large_image","twitter_misc":{"Dur\u00e9e de lecture estim\u00e9e":"5 minutes"},"schema":{"@context":"https:\/\/schema.org","@graph":[{"@type":"WebPage","@id":"https:\/\/www.sab.ch\/fr\/dienstleistungen\/salle-de-conference-du-sab\/","url":"https:\/\/www.sab.ch\/fr\/dienstleistungen\/salle-de-conference-du-sab\/","name":"Salle de conf\u00e9rence du SAB - S A B","isPartOf":{"@id":"https:\/\/www.sab.ch\/fr\/#website"},"datePublished":"2023-01-18T07:58:04+00:00","dateModified":"2023-12-12T09:46:02+00:00","breadcrumb":{"@id":"https:\/\/www.sab.ch\/fr\/dienstleistungen\/salle-de-conference-du-sab\/#breadcrumb"},"inLanguage":"fr-FR","potentialAction":[{"@type":"ReadAction","target":["https:\/\/www.sab.ch\/fr\/dienstleistungen\/salle-de-conference-du-sab\/"]}]},{"@type":"BreadcrumbList","@id":"https:\/\/www.sab.ch\/fr\/dienstleistungen\/salle-de-conference-du-sab\/#breadcrumb","itemListElement":[{"@type":"ListItem","position":1,"name":"Startseite","item":"https:\/\/www.sab.ch\/fr\/home\/"},{"@type":"ListItem","position":2,"name":"Prestations","item":"https:\/\/www.sab.ch\/fr\/dienstleistungen\/"},{"@type":"ListItem","position":3,"name":"Salle de conf\u00e9rence du SAB"}]},{"@type":"WebSite","@id":"https:\/\/www.sab.ch\/fr\/#website","url":"https:\/\/www.sab.ch\/fr\/","name":"S A B","description":"","potentialAction":[{"@type":"SearchAction","target":{"@type":"EntryPoint","urlTemplate":"https:\/\/www.sab.ch\/fr\/?s={search_term_string}"},"query-input":{"@type":"PropertyValueSpecification","valueRequired":true,"valueName":"search_term_string"}}],"inLanguage":"fr-FR"}]}},"_links":{"self":[{"href":"https:\/\/www.sab.ch\/fr\/wp-json\/wp\/v2\/pages\/11237","targetHints":{"allow":["GET"]}}],"collection":[{"href":"https:\/\/www.sab.ch\/fr\/wp-json\/wp\/v2\/pages"}],"about":[{"href":"https:\/\/www.sab.ch\/fr\/wp-json\/wp\/v2\/types\/page"}],"author":[{"embeddable":true,"href":"https:\/\/www.sab.ch\/fr\/wp-json\/wp\/v2\/users\/3"}],"replies":[{"embeddable":true,"href":"https:\/\/www.sab.ch\/fr\/wp-json\/wp\/v2\/comments?post=11237"}],"version-history":[{"count":16,"href":"https:\/\/www.sab.ch\/fr\/wp-json\/wp\/v2\/pages\/11237\/revisions"}],"predecessor-version":[{"id":19175,"href":"https:\/\/www.sab.ch\/fr\/wp-json\/wp\/v2\/pages\/11237\/revisions\/19175"}],"up":[{"embeddable":true,"href":"https:\/\/www.sab.ch\/fr\/wp-json\/wp\/v2\/pages\/7623"}],"wp:attachment":[{"href":"https:\/\/www.sab.ch\/fr\/wp-json\/wp\/v2\/media?parent=11237"}],"curies":[{"name":"wp","href":"https:\/\/api.w.org\/{rel}","templated":true}]}}