{"id":11243,"date":"2023-01-18T09:18:59","date_gmt":"2023-01-18T08:18:59","guid":{"rendered":"https:\/\/www.sab.ch\/documents\/documents-de-position\/"},"modified":"2026-03-11T14:24:20","modified_gmt":"2026-03-11T13:24:20","slug":"documents-de-position","status":"publish","type":"page","link":"https:\/\/www.sab.ch\/fr\/documents\/documents-de-position\/","title":{"rendered":"Documents de position"},"content":{"rendered":"<div  class='flex_column av-2r4b17-108dc4d19f5e389a23d8b76de47453c2 av_two_third  avia-builder-el-0  avia-builder-el-no-sibling  first flex_column_div  '     ><section  class='av_textblock_section av-jxk41cbl-a1fc1525f09076e0644c7e0771550ccd '   itemscope=\"itemscope\" itemtype=\"https:\/\/schema.org\/CreativeWork\" ><div class='avia_textblock'  itemprop=\"text\" ><h2 class=\"csc-firstHeader\">Documents de position<\/h2>\n<h2><br class=\"avia-permanent-lb\" \/>2026<\/h2>\n<ul>\n<li><a href=\"https:\/\/www.sab.ch\/wp-content\/uploads\/2026\/03\/3B3_Prise-de-position-lavenir-des-regions-de-montagne.pdf\">Prise de position sur l\u2019avenir des r\u00e9gions de montagne \u2013 Forum des jeunes (07.03.2026)<\/a><\/li>\n<\/ul>\n<h2>2025<\/h2>\n<ul>\n<li><a href=\"https:\/\/www.sab.ch\/wp-content\/uploads\/2025\/09\/Positionspapier-medizinische-Grundversorgung-fr_aout2025.pdf\">Les soins m\u00e9dicaux de base au sein des r\u00e9gions de montagne et des espaces ruraux (29.08.2025)<\/a><\/li>\n<\/ul>\n<h2>2023<\/h2>\n<ul>\n<li><a href=\"https:\/\/www.sab.ch\/wp-content\/uploads\/2023\/10\/Pos_Energie-2023.pdf\">Politique \u00e9nerg\u00e9tique (29.09.2023)<\/a><\/li>\n<\/ul>\n<h2>2022<\/h2>\n<ul class=\"csc-uploads csc-uploads-0\">\n<li class=\"li-odd li-first csc-uploads-element csc-uploads-element-pdf\"><a href=\"https:\/\/www.sab.ch\/wp-content\/uploads\/2023\/02\/Positionspapier_Fachkraeftemangel_Juli_2022fr.pdf\">Le manque de main-d&rsquo;\u0153uvre qualifi\u00e9e au sein des r\u00e9gions de montagne (Juillet 2022)<\/a><\/li>\n<li class=\"li-even csc-uploads-element csc-uploads-element-pdf\"><a href=\"\/wp-content\/uploads\/2022\/11\/249_Die_Berglandwirtschaft_Maerz2022.pdf\">L&rsquo;agriculture de montagne jusqu&rsquo;en 2035 (mars 2023)<\/a><\/li>\n<\/ul>\n<h2>2021<\/h2>\n<ul class=\"csc-uploads csc-uploads-0\">\n<li class=\"li-odd li-first csc-uploads-element csc-uploads-element-pdf\"><a href=\"https:\/\/www.sab.ch\/wp-content\/uploads\/2023\/02\/Positionspapier_Touristischer_Verkehr_f_final.pdf\">Importance et d\u00e9veloppement du trafic touristique en Suisse (octobre 2021)<\/a><\/li>\n<\/ul>\n<h2>2020<\/h2>\n<ul class=\"csc-uploads csc-uploads-0\">\n<li class=\"li-odd li-first csc-uploads-element csc-uploads-element-pdf\"><a href=\"https:\/\/www.sab.ch\/wp-content\/uploads\/2023\/02\/Corona-Krise_Forderungskatalog_SAB_fr.pdf\">Catalogue de revendications au sujet de la crise du coronavirus (28.04.2020) (28.04.2020)<\/a><\/li>\n<li class=\"li-even csc-uploads-element csc-uploads-element-pdf\"><a href=\"https:\/\/www.sab.ch\/wp-content\/uploads\/2023\/02\/positionspapier_5G_franz.pdf\">Extension des r\u00e9seaux mobiles (5G) (24.04.2020)<\/a><\/li>\n<\/ul>\n<h2>2019<\/h2>\n<ul class=\"csc-uploads csc-uploads-0\">\n<li class=\"li-odd li-first csc-uploads-element csc-uploads-element-pdf\"><a href=\"\/wp-content\/uploads\/2022\/11\/Positionspapier_IZA_03.07.2019.pdf\">Document de position au sujet de la coop\u00e9ration internationale 2021 &#8211; 2024 (03.07.2019)<\/a><\/li>\n<\/ul>\n<h2>2018<\/h2>\n<ul class=\"csc-uploads csc-uploads-0\">\n<li class=\"li-odd li-first csc-uploads-element csc-uploads-element-pdf\"><a href=\"https:\/\/www.sab.ch\/wp-content\/uploads\/2023\/02\/lagriculture-temps-partiel.pdf\">L\u2019agriculture \u00e0 temps partiel en Suisse (2018\/2019)<\/a><\/li>\n<li class=\"li-even csc-uploads-element csc-uploads-element-pdf\"><a href=\"\/wp-content\/uploads\/2022\/11\/Positionspapier_NELW_definitiv.pdf\">Prise de Position sur l&rsquo;agriculture \u00e0 temps partiel (en allemand)<\/a><\/li>\n<li class=\"li-odd csc-uploads-element csc-uploads-element-pdf\"><a href=\"\/wp-content\/uploads\/2022\/11\/Bericht_Nebenerwerbslandwirtschaft.pdf\">Prise de Position sur l&rsquo;agriculture \u00e0 temps partiel (en allemand)<\/a><\/li>\n<\/ul>\n<h2>2017<\/h2>\n<ul class=\"csc-uploads csc-uploads-0\">\n<li class=\"li-odd li-first csc-uploads-element csc-uploads-element-pdf\"><a href=\"https:\/\/www.sab.ch\/wp-content\/uploads\/2023\/02\/Positionspapier_Klima_fr.2017.pdf\">Document de position sur le changement climatique (06.03.2017)<\/a><\/li>\n<li class=\"li-even csc-uploads-element csc-uploads-element-pdf\"><a href=\"https:\/\/www.sab.ch\/wp-content\/uploads\/2023\/02\/Positionspapier_Digitalisierung_FR2017.pdf\">La digitalisation dans les r\u00e9gions de montagne (02.03.2017)<\/a><\/li>\n<li class=\"li-odd csc-uploads-element csc-uploads-element-pdf\"><a href=\"https:\/\/www.sab.ch\/wp-content\/uploads\/2023\/02\/Service_universel_position_2016_jan2017.pdf\">Service universel (17.01.2017)<\/a><\/li>\n<\/ul>\n<h2>2013\/2014<\/h2>\n<ul class=\"csc-uploads csc-uploads-0\">\n<li class=\"li-odd li-first csc-uploads-element csc-uploads-element-pdf\"><a href=\"https:\/\/www.sab.ch\/wp-content\/uploads\/2023\/02\/Doc_de_position_marche_de_travail_ete2014.pdf\">Prise de position \u00ab\u00a0March\u00e9 du travail dans les r\u00e9gions de montagne suisses (14.07.2014) <\/a><\/li>\n<li class=\"li-even csc-uploads-element csc-uploads-element-pdf\"><a href=\"https:\/\/www.sab.ch\/wp-content\/uploads\/2023\/02\/PP_Wolf_fr_4.3.2014.pdf\">Papier de position \u00ab\u00a0loup\u00a0\u00bb (02.03.2014) <\/a><\/li>\n<li class=\"li-odd csc-uploads-element csc-uploads-element-pdf\"><a href=\"\/wp-content\/uploads\/2022\/11\/2013_positionspapier_gruenewirtschaft.pdf\">Papier de position consacr\u00e9 \u00e0 l\u2019\u00e9conomie verte (16.05.2013) <\/a><\/li>\n<\/ul>\n<h2>2010<\/h2>\n<ul class=\"csc-uploads csc-uploads-0\">\n<li class=\"li-odd li-first csc-uploads-element csc-uploads-element-pdf\"><a href=\"https:\/\/www.sab.ch\/wp-content\/uploads\/2023\/02\/PP_KooperationStadt-Land_01.10.10_fr_01.pdf\">Ville-Campagne (01.10.2010) <\/a><\/li>\n<li class=\"li-even csc-uploads-element csc-uploads-element-pdf\"><a href=\"https:\/\/www.sab.ch\/wp-content\/uploads\/2023\/02\/PP_Integriertebahn_19.0310_fr_02.pdf\">Pour des chemins de fer int\u00e9gr\u00e9s (19.03.2010) <\/a><\/li>\n<li class=\"li-odd csc-uploads-element csc-uploads-element-pdf\"><a href=\"https:\/\/www.sab.ch\/wp-content\/uploads\/2023\/02\/PP_DemographischerWandel_19.03.10_fr_01.pdf\">Changements d\u00e9mographiques (19.03.2010) <\/a><\/li>\n<li class=\"li-even csc-uploads-element csc-uploads-element-pdf\"><a href=\"https:\/\/www.sab.ch\/wp-content\/uploads\/2023\/02\/PP_Klimawandel_19.03.10_fr_01.pdf\">Changements climatiques (19.03.2010) <\/a><\/li>\n<li class=\"li-odd csc-uploads-element csc-uploads-element-pdf\"><a href=\"https:\/\/www.sab.ch\/wp-content\/uploads\/2023\/02\/PP_Waldpolitik_19.03.10_fr_01.pdf\">Politique foresti\u00e8re (19.03.2010) <\/a><\/li>\n<li class=\"li-even csc-uploads-element csc-uploads-element-pdf\"><a href=\"\/wp-content\/uploads\/2022\/11\/BS_VerkehrFinanzierung_12.10_de_03.pdf\">Financement du traffic (17.12.2010 &#8211; en allemand) <\/a><\/li>\n<\/ul>\n<h2>2009<\/h2>\n<ul class=\"csc-uploads csc-uploads-0\">\n<li class=\"li-odd li-first csc-uploads-element csc-uploads-element-pdf\"><a href=\"https:\/\/www.sab.ch\/wp-content\/uploads\/2023\/02\/PP_Med.Grundversorgung_4.12.09_fr_01.pdf\">Prestations m\u00e9dicales de base dans les r\u00e9gions de montagne et rurales (04.12.2009) <\/a><\/li>\n<li class=\"li-even csc-uploads-element csc-uploads-element-pdf\"><a href=\"https:\/\/www.sab.ch\/wp-content\/uploads\/2023\/02\/PP_Agrarpolitik_01.08.09_fr.pdf\">Document strat\u00e9gique du SAB concernant le d\u00e9veloppement de la politique agraire (ao\u00fbt 2009) <\/a><\/li>\n<li class=\"li-odd csc-uploads-element csc-uploads-element-pdf\"><a href=\"https:\/\/www.sab.ch\/wp-content\/uploads\/2023\/02\/PP_Glasfasernetz_08.07.09_fr_01.pdf\">Construction du r\u00e9seau de fibre optique (08.07.2009) <\/a><\/li>\n<\/ul>\n<h2>2008<\/h2>\n<ul class=\"csc-uploads csc-uploads-0\">\n<li class=\"li-odd li-first csc-uploads-element csc-uploads-element-pdf\"><a href=\"\/wp-content\/uploads\/2022\/11\/PP_DossierBaer_01.09.08_de.pdf\">Dossier ours (22.09.2008 &#8211; en allemand) <\/a><\/li>\n<li class=\"li-even csc-uploads-element csc-uploads-element-pdf\"><a href=\"\/wp-content\/uploads\/2022\/11\/PP_MontagnaArtikelBaer_01.10.08_de.pdf\">Article sur l&rsquo;ours \u00ab\u00a0Des ours trop entreprenants\u00a0\u00bb &#8211; Montagna 10 (octobre 2008) <\/a><\/li>\n<li class=\"li-odd csc-uploads-element csc-uploads-element-pdf\"><a href=\"\/wp-content\/uploads\/2022\/11\/PP_FreihandelEU_26.05.08_de_01.pdf\">Document de position consacr\u00e9 au \u00ab\u00a0Libre \u00e9change entre la Suisse et la CE dans le secteur agroalimentaire &#8211; cons\u00e9quences pour l&rsquo;\u00e9conomie alpestre (26.05.2008 &#8211; en allemand) <\/a><\/li>\n<li class=\"li-even csc-uploads-element csc-uploads-element-pdf\"><a href=\"\/wp-content\/uploads\/2022\/11\/PP_Gebirgswald_7.05.08_de_02.pdf\">Document de position consacr\u00e9 aux for\u00eats de montagne (07.05.2008) <\/a><\/li>\n<li class=\"li-odd csc-uploads-element csc-uploads-element-pdf\"><a href=\"\/wp-content\/uploads\/2022\/11\/PP_Energie_08.02.08_de_02.pdf\">Document de position \u00ab\u00a0Politique \u00e9nerg\u00e9tique\u00a0\u00bb (08.02.2008) <\/a><\/li>\n<\/ul>\n<h2>2005<\/h2>\n<ul class=\"csc-uploads csc-uploads-0\">\n<li class=\"li-odd li-first csc-uploads-element csc-uploads-element-pdf\"><a href=\"\/wp-content\/uploads\/2022\/11\/PP_ChartaEuromontana_13.09.05_de.pdf\">Proposition de Charte europ\u00e9enne des produits agroalimentaires de montagne de qualit\u00e9 (13.09.2005) <\/a><\/li>\n<li class=\"li-even csc-uploads-element csc-uploads-element-pdf\"><a href=\"\/wp-content\/uploads\/2022\/11\/PP_Berglandwirtschaft_12.07.05_de.pdf\">Agriculture de montagne 2011 (12.07.2005 &#8211; r\u00e9sum\u00e9 en fran\u00e7ais) <\/a><\/li>\n<li class=\"li-odd csc-uploads-element csc-uploads-element-pdf\"><a href=\"\/wp-content\/uploads\/2022\/11\/PP_SchutzBergprodukte_12.07.05_de_01.pdf\">D\u00e9signation des produits de montagne et d&rsquo;alpage (12.07.2005 &#8211; r\u00e9sum\u00e9 en fran\u00e7ais) <\/a><\/li>\n<li class=\"li-even csc-uploads-element csc-uploads-element-pdf\"><a href=\"\/wp-content\/uploads\/2022\/11\/PP_Zusatzkontingente_4.02.05_de.pdf\">Remplacement des contingents suppl\u00e9mentaires (04.02.2005) <\/a><\/li>\n<\/ul>\n<\/div><\/section><\/div>\n","protected":false},"excerpt":{"rendered":"","protected":false},"author":3,"featured_media":0,"parent":11073,"menu_order":0,"comment_status":"closed","ping_status":"closed","template":"","meta":{"footnotes":""},"class_list":["post-11243","page","type-page","status-publish","hentry"],"yoast_head":"<!-- This site is optimized with the Yoast SEO plugin v27.5 - https:\/\/yoast.com\/product\/yoast-seo-wordpress\/ -->\n<title>Documents de position - S A B<\/title>\n<meta name=\"robots\" content=\"index, follow, max-snippet:-1, max-image-preview:large, max-video-preview:-1\" \/>\n<link rel=\"canonical\" href=\"https:\/\/www.sab.ch\/fr\/documents\/documents-de-position\/\" \/>\n<meta property=\"og:locale\" content=\"fr_FR\" \/>\n<meta property=\"og:type\" content=\"article\" \/>\n<meta property=\"og:title\" content=\"Documents de position - S A B\" \/>\n<meta property=\"og:url\" content=\"https:\/\/www.sab.ch\/fr\/documents\/documents-de-position\/\" \/>\n<meta property=\"og:site_name\" content=\"S A B\" \/>\n<meta property=\"article:modified_time\" content=\"2026-03-11T13:24:20+00:00\" \/>\n<meta name=\"twitter:card\" content=\"summary_large_image\" \/>\n<meta name=\"twitter:label1\" content=\"Dur\u00e9e de lecture estim\u00e9e\" \/>\n\t<meta name=\"twitter:data1\" content=\"2 minutes\" \/>\n<script type=\"application\/ld+json\" class=\"yoast-schema-graph\">{\"@context\":\"https:\\\/\\\/schema.org\",\"@graph\":[{\"@type\":\"WebPage\",\"@id\":\"https:\\\/\\\/www.sab.ch\\\/fr\\\/documents\\\/documents-de-position\\\/\",\"url\":\"https:\\\/\\\/www.sab.ch\\\/fr\\\/documents\\\/documents-de-position\\\/\",\"name\":\"Documents de position - S A B\",\"isPartOf\":{\"@id\":\"https:\\\/\\\/www.sab.ch\\\/fr\\\/#website\"},\"datePublished\":\"2023-01-18T08:18:59+00:00\",\"dateModified\":\"2026-03-11T13:24:20+00:00\",\"breadcrumb\":{\"@id\":\"https:\\\/\\\/www.sab.ch\\\/fr\\\/documents\\\/documents-de-position\\\/#breadcrumb\"},\"inLanguage\":\"fr-FR\",\"potentialAction\":[{\"@type\":\"ReadAction\",\"target\":[\"https:\\\/\\\/www.sab.ch\\\/fr\\\/documents\\\/documents-de-position\\\/\"]}]},{\"@type\":\"BreadcrumbList\",\"@id\":\"https:\\\/\\\/www.sab.ch\\\/fr\\\/documents\\\/documents-de-position\\\/#breadcrumb\",\"itemListElement\":[{\"@type\":\"ListItem\",\"position\":1,\"name\":\"Startseite\",\"item\":\"https:\\\/\\\/www.sab.ch\\\/fr\\\/home\\\/\"},{\"@type\":\"ListItem\",\"position\":2,\"name\":\"Documents\",\"item\":\"https:\\\/\\\/www.sab.ch\\\/fr\\\/documents\\\/\"},{\"@type\":\"ListItem\",\"position\":3,\"name\":\"Documents de position\"}]},{\"@type\":\"WebSite\",\"@id\":\"https:\\\/\\\/www.sab.ch\\\/fr\\\/#website\",\"url\":\"https:\\\/\\\/www.sab.ch\\\/fr\\\/\",\"name\":\"S A B\",\"description\":\"\",\"potentialAction\":[{\"@type\":\"SearchAction\",\"target\":{\"@type\":\"EntryPoint\",\"urlTemplate\":\"https:\\\/\\\/www.sab.ch\\\/fr\\\/?s={search_term_string}\"},\"query-input\":{\"@type\":\"PropertyValueSpecification\",\"valueRequired\":true,\"valueName\":\"search_term_string\"}}],\"inLanguage\":\"fr-FR\"}]}<\/script>\n<!-- \/ Yoast SEO plugin. -->","yoast_head_json":{"title":"Documents de position - S A B","robots":{"index":"index","follow":"follow","max-snippet":"max-snippet:-1","max-image-preview":"max-image-preview:large","max-video-preview":"max-video-preview:-1"},"canonical":"https:\/\/www.sab.ch\/fr\/documents\/documents-de-position\/","og_locale":"fr_FR","og_type":"article","og_title":"Documents de position - S A B","og_url":"https:\/\/www.sab.ch\/fr\/documents\/documents-de-position\/","og_site_name":"S A B","article_modified_time":"2026-03-11T13:24:20+00:00","twitter_card":"summary_large_image","twitter_misc":{"Dur\u00e9e de lecture estim\u00e9e":"2 minutes"},"schema":{"@context":"https:\/\/schema.org","@graph":[{"@type":"WebPage","@id":"https:\/\/www.sab.ch\/fr\/documents\/documents-de-position\/","url":"https:\/\/www.sab.ch\/fr\/documents\/documents-de-position\/","name":"Documents de position - S A B","isPartOf":{"@id":"https:\/\/www.sab.ch\/fr\/#website"},"datePublished":"2023-01-18T08:18:59+00:00","dateModified":"2026-03-11T13:24:20+00:00","breadcrumb":{"@id":"https:\/\/www.sab.ch\/fr\/documents\/documents-de-position\/#breadcrumb"},"inLanguage":"fr-FR","potentialAction":[{"@type":"ReadAction","target":["https:\/\/www.sab.ch\/fr\/documents\/documents-de-position\/"]}]},{"@type":"BreadcrumbList","@id":"https:\/\/www.sab.ch\/fr\/documents\/documents-de-position\/#breadcrumb","itemListElement":[{"@type":"ListItem","position":1,"name":"Startseite","item":"https:\/\/www.sab.ch\/fr\/home\/"},{"@type":"ListItem","position":2,"name":"Documents","item":"https:\/\/www.sab.ch\/fr\/documents\/"},{"@type":"ListItem","position":3,"name":"Documents de position"}]},{"@type":"WebSite","@id":"https:\/\/www.sab.ch\/fr\/#website","url":"https:\/\/www.sab.ch\/fr\/","name":"S A B","description":"","potentialAction":[{"@type":"SearchAction","target":{"@type":"EntryPoint","urlTemplate":"https:\/\/www.sab.ch\/fr\/?s={search_term_string}"},"query-input":{"@type":"PropertyValueSpecification","valueRequired":true,"valueName":"search_term_string"}}],"inLanguage":"fr-FR"}]}},"_links":{"self":[{"href":"https:\/\/www.sab.ch\/fr\/wp-json\/wp\/v2\/pages\/11243","targetHints":{"allow":["GET"]}}],"collection":[{"href":"https:\/\/www.sab.ch\/fr\/wp-json\/wp\/v2\/pages"}],"about":[{"href":"https:\/\/www.sab.ch\/fr\/wp-json\/wp\/v2\/types\/page"}],"author":[{"embeddable":true,"href":"https:\/\/www.sab.ch\/fr\/wp-json\/wp\/v2\/users\/3"}],"replies":[{"embeddable":true,"href":"https:\/\/www.sab.ch\/fr\/wp-json\/wp\/v2\/comments?post=11243"}],"version-history":[{"count":37,"href":"https:\/\/www.sab.ch\/fr\/wp-json\/wp\/v2\/pages\/11243\/revisions"}],"predecessor-version":[{"id":31701,"href":"https:\/\/www.sab.ch\/fr\/wp-json\/wp\/v2\/pages\/11243\/revisions\/31701"}],"up":[{"embeddable":true,"href":"https:\/\/www.sab.ch\/fr\/wp-json\/wp\/v2\/pages\/11073"}],"wp:attachment":[{"href":"https:\/\/www.sab.ch\/fr\/wp-json\/wp\/v2\/media?parent=11243"}],"curies":[{"name":"wp","href":"https:\/\/api.w.org\/{rel}","templated":true}]}}