{"id":11246,"date":"2023-01-18T09:22:40","date_gmt":"2023-01-18T08:22:40","guid":{"rendered":"https:\/\/www.sab.ch\/dienstleistungen\/moderation-de-processus-de-cooperation-participatifs\/"},"modified":"2023-01-18T09:22:40","modified_gmt":"2023-01-18T08:22:40","slug":"moderation-de-processus-de-cooperation-participatifs","status":"publish","type":"page","link":"https:\/\/www.sab.ch\/fr\/dienstleistungen\/moderation-de-processus-de-cooperation-participatifs\/","title":{"rendered":"Mod\u00e9ration de processus de coop\u00e9ration \/ participatifs"},"content":{"rendered":"<div id='av_section_1'  class='avia-section av-kbufzd3s-dd428f854b73db9c732bdb3b761e163e main_color avia-section-default avia-shadow  avia-builder-el-0  avia-builder-el-no-sibling  avia-bg-style-scroll container_wrap fullsize'  ><div class='container av-section-cont-open' ><main  role=\"main\" itemprop=\"mainContentOfPage\"  class='template-page content  av-content-full alpha units'><div class='post-entry post-entry-type-page post-entry-11246'><div class='entry-content-wrapper clearfix'>\n<div  class='flex_column av-2q7aqo-d3bf32ea2a2a0f509659d5d22842a9f1 av_two_third  avia-builder-el-1  avia-builder-el-no-sibling  first flex_column_div  '     ><section  class='av_textblock_section av-jxk41cbl-de8745f204dcd65c5170bef159d7e21a '   itemscope=\"itemscope\" itemtype=\"https:\/\/schema.org\/CreativeWork\" ><div class='avia_textblock'  itemprop=\"text\" ><h2 class=\"csc-firstHeader\">Mod\u00e9ration de processus de coop\u00e9ration \/ participatifs<\/h2>\n<p>Le SAB accompagne les communes, r\u00e9gions ou organisations impliqu\u00e9es dans des processus de coop\u00e9ration ou participatifs. Le SAB permet d\u2019atteindre les objectifs fix\u00e9s en aidant les acteurs concern\u00e9s \u00e0 :<\/p>\n<ul>\n<li>identifier des besoins<\/li>\n<li>d\u00e9terminer des objectifs<\/li>\n<li>\u00e9tablir un plan d\u2019action<\/li>\n<li>mettre en relation les diff\u00e9rents acteurs concern\u00e9s<\/li>\n<li>accompagner les porteurs de projets tout au long du processus<\/li>\n<\/ul>\n<p>Le SAB a notamment organis\u00e9 et anim\u00e9 le processus participatif du site de l\u2019UNESCO \u00ab Jungfrau-Aletsch-Bietschhorn \u00bb, ainsi que celui du parc r\u00e9gional du Binntal. Le SAB accompagne aussi les communes d\u00e9sirant proc\u00e9der \u00e0 une fusion. Le SAB a par exemple accompagn\u00e9 les communes de Gondo-Zwischbergen et de Simplon Dorf en vue d&rsquo;une coop\u00e9ration renforc\u00e9e. <b><br \/>\n<\/b><\/p>\n<p><a href=\"\/wp-content\/uploads\/2022\/11\/Medienmitteilung_Gondo-Simplon_33.pdf\">Rapport<\/a><\/p>\n<p><b>Contact : <\/b><br \/>\nThomas Egger<br \/>\nDirecteur<br \/>\nE-Mail: <a href=\"&#109;&#x61;&#105;&#x6c;&#116;&#x6f;:&#x74;h&#111;&#x6d;&#97;&#x73;&#46;&#x65;g&#x67;e&#114;&#x40;&#115;&#x61;&#98;&#x2e;&#99;&#x68;\">&#x74;&#104;&#111;&#x6d;&#x61;&#115;&#46;&#x65;&#x67;&#103;&#101;&#x72;&#x40;&#115;&#97;&#x62;&#x2e;&#99;&#104;<\/a><\/p>\n<\/div><\/section><\/div>\n","protected":false},"excerpt":{"rendered":"","protected":false},"author":3,"featured_media":0,"parent":7623,"menu_order":0,"comment_status":"closed","ping_status":"closed","template":"","meta":{"footnotes":""},"class_list":["post-11246","page","type-page","status-publish","hentry"],"yoast_head":"<!-- This site is optimized with the Yoast SEO plugin v27.6 - https:\/\/yoast.com\/product\/yoast-seo-wordpress\/ -->\n<title>Mod\u00e9ration de processus de coop\u00e9ration \/ participatifs - S A B<\/title>\n<meta name=\"robots\" content=\"index, follow, max-snippet:-1, max-image-preview:large, max-video-preview:-1\" \/>\n<link rel=\"canonical\" href=\"https:\/\/www.sab.ch\/fr\/dienstleistungen\/moderation-de-processus-de-cooperation-participatifs\/\" \/>\n<meta property=\"og:locale\" content=\"fr_FR\" \/>\n<meta property=\"og:type\" content=\"article\" \/>\n<meta property=\"og:title\" content=\"Mod\u00e9ration de processus de coop\u00e9ration \/ participatifs - S A B\" \/>\n<meta property=\"og:url\" content=\"https:\/\/www.sab.ch\/fr\/dienstleistungen\/moderation-de-processus-de-cooperation-participatifs\/\" \/>\n<meta property=\"og:site_name\" content=\"S A B\" \/>\n<meta name=\"twitter:card\" content=\"summary_large_image\" \/>\n<meta name=\"twitter:label1\" content=\"Dur\u00e9e de lecture estim\u00e9e\" \/>\n\t<meta name=\"twitter:data1\" content=\"4 minutes\" \/>\n<script type=\"application\/ld+json\" class=\"yoast-schema-graph\">{\"@context\":\"https:\\\/\\\/schema.org\",\"@graph\":[{\"@type\":\"WebPage\",\"@id\":\"https:\\\/\\\/www.sab.ch\\\/fr\\\/dienstleistungen\\\/moderation-de-processus-de-cooperation-participatifs\\\/\",\"url\":\"https:\\\/\\\/www.sab.ch\\\/fr\\\/dienstleistungen\\\/moderation-de-processus-de-cooperation-participatifs\\\/\",\"name\":\"Mod\u00e9ration de processus de coop\u00e9ration \\\/ participatifs - S A B\",\"isPartOf\":{\"@id\":\"https:\\\/\\\/www.sab.ch\\\/fr\\\/#website\"},\"datePublished\":\"2023-01-18T08:22:40+00:00\",\"breadcrumb\":{\"@id\":\"https:\\\/\\\/www.sab.ch\\\/fr\\\/dienstleistungen\\\/moderation-de-processus-de-cooperation-participatifs\\\/#breadcrumb\"},\"inLanguage\":\"fr-FR\",\"potentialAction\":[{\"@type\":\"ReadAction\",\"target\":[\"https:\\\/\\\/www.sab.ch\\\/fr\\\/dienstleistungen\\\/moderation-de-processus-de-cooperation-participatifs\\\/\"]}]},{\"@type\":\"BreadcrumbList\",\"@id\":\"https:\\\/\\\/www.sab.ch\\\/fr\\\/dienstleistungen\\\/moderation-de-processus-de-cooperation-participatifs\\\/#breadcrumb\",\"itemListElement\":[{\"@type\":\"ListItem\",\"position\":1,\"name\":\"Startseite\",\"item\":\"https:\\\/\\\/www.sab.ch\\\/fr\\\/home\\\/\"},{\"@type\":\"ListItem\",\"position\":2,\"name\":\"Prestations\",\"item\":\"https:\\\/\\\/www.sab.ch\\\/fr\\\/dienstleistungen\\\/\"},{\"@type\":\"ListItem\",\"position\":3,\"name\":\"Mod\u00e9ration de processus de coop\u00e9ration \\\/ participatifs\"}]},{\"@type\":\"WebSite\",\"@id\":\"https:\\\/\\\/www.sab.ch\\\/fr\\\/#website\",\"url\":\"https:\\\/\\\/www.sab.ch\\\/fr\\\/\",\"name\":\"S A B\",\"description\":\"\",\"potentialAction\":[{\"@type\":\"SearchAction\",\"target\":{\"@type\":\"EntryPoint\",\"urlTemplate\":\"https:\\\/\\\/www.sab.ch\\\/fr\\\/?s={search_term_string}\"},\"query-input\":{\"@type\":\"PropertyValueSpecification\",\"valueRequired\":true,\"valueName\":\"search_term_string\"}}],\"inLanguage\":\"fr-FR\"}]}<\/script>\n<!-- \/ Yoast SEO plugin. -->","yoast_head_json":{"title":"Mod\u00e9ration de processus de coop\u00e9ration \/ participatifs - S A B","robots":{"index":"index","follow":"follow","max-snippet":"max-snippet:-1","max-image-preview":"max-image-preview:large","max-video-preview":"max-video-preview:-1"},"canonical":"https:\/\/www.sab.ch\/fr\/dienstleistungen\/moderation-de-processus-de-cooperation-participatifs\/","og_locale":"fr_FR","og_type":"article","og_title":"Mod\u00e9ration de processus de coop\u00e9ration \/ participatifs - S A B","og_url":"https:\/\/www.sab.ch\/fr\/dienstleistungen\/moderation-de-processus-de-cooperation-participatifs\/","og_site_name":"S A B","twitter_card":"summary_large_image","twitter_misc":{"Dur\u00e9e de lecture estim\u00e9e":"4 minutes"},"schema":{"@context":"https:\/\/schema.org","@graph":[{"@type":"WebPage","@id":"https:\/\/www.sab.ch\/fr\/dienstleistungen\/moderation-de-processus-de-cooperation-participatifs\/","url":"https:\/\/www.sab.ch\/fr\/dienstleistungen\/moderation-de-processus-de-cooperation-participatifs\/","name":"Mod\u00e9ration de processus de coop\u00e9ration \/ participatifs - S A B","isPartOf":{"@id":"https:\/\/www.sab.ch\/fr\/#website"},"datePublished":"2023-01-18T08:22:40+00:00","breadcrumb":{"@id":"https:\/\/www.sab.ch\/fr\/dienstleistungen\/moderation-de-processus-de-cooperation-participatifs\/#breadcrumb"},"inLanguage":"fr-FR","potentialAction":[{"@type":"ReadAction","target":["https:\/\/www.sab.ch\/fr\/dienstleistungen\/moderation-de-processus-de-cooperation-participatifs\/"]}]},{"@type":"BreadcrumbList","@id":"https:\/\/www.sab.ch\/fr\/dienstleistungen\/moderation-de-processus-de-cooperation-participatifs\/#breadcrumb","itemListElement":[{"@type":"ListItem","position":1,"name":"Startseite","item":"https:\/\/www.sab.ch\/fr\/home\/"},{"@type":"ListItem","position":2,"name":"Prestations","item":"https:\/\/www.sab.ch\/fr\/dienstleistungen\/"},{"@type":"ListItem","position":3,"name":"Mod\u00e9ration de processus de coop\u00e9ration \/ participatifs"}]},{"@type":"WebSite","@id":"https:\/\/www.sab.ch\/fr\/#website","url":"https:\/\/www.sab.ch\/fr\/","name":"S A B","description":"","potentialAction":[{"@type":"SearchAction","target":{"@type":"EntryPoint","urlTemplate":"https:\/\/www.sab.ch\/fr\/?s={search_term_string}"},"query-input":{"@type":"PropertyValueSpecification","valueRequired":true,"valueName":"search_term_string"}}],"inLanguage":"fr-FR"}]}},"_links":{"self":[{"href":"https:\/\/www.sab.ch\/fr\/wp-json\/wp\/v2\/pages\/11246","targetHints":{"allow":["GET"]}}],"collection":[{"href":"https:\/\/www.sab.ch\/fr\/wp-json\/wp\/v2\/pages"}],"about":[{"href":"https:\/\/www.sab.ch\/fr\/wp-json\/wp\/v2\/types\/page"}],"author":[{"embeddable":true,"href":"https:\/\/www.sab.ch\/fr\/wp-json\/wp\/v2\/users\/3"}],"replies":[{"embeddable":true,"href":"https:\/\/www.sab.ch\/fr\/wp-json\/wp\/v2\/comments?post=11246"}],"version-history":[{"count":2,"href":"https:\/\/www.sab.ch\/fr\/wp-json\/wp\/v2\/pages\/11246\/revisions"}],"predecessor-version":[{"id":11248,"href":"https:\/\/www.sab.ch\/fr\/wp-json\/wp\/v2\/pages\/11246\/revisions\/11248"}],"up":[{"embeddable":true,"href":"https:\/\/www.sab.ch\/fr\/wp-json\/wp\/v2\/pages\/7623"}],"wp:attachment":[{"href":"https:\/\/www.sab.ch\/fr\/wp-json\/wp\/v2\/media?parent=11246"}],"curies":[{"name":"wp","href":"https:\/\/api.w.org\/{rel}","templated":true}]}}