{"id":11249,"date":"2023-01-18T09:29:59","date_gmt":"2023-01-18T08:29:59","guid":{"rendered":"https:\/\/www.sab.ch\/conference-des-presidents-de-communes-touristiques\/"},"modified":"2023-01-18T09:29:59","modified_gmt":"2023-01-18T08:29:59","slug":"conference-des-presidents-de-communes-touristiques","status":"publish","type":"page","link":"https:\/\/www.sab.ch\/fr\/dienstleistungen\/management-dorganisations-et-de-reseaux-2\/management-dorganisations-et-de-reseaux\/conference-des-presidents-de-communes-touristiques\/","title":{"rendered":"Conf\u00e9rence des pr\u00e9sidents de communes touristiques"},"content":{"rendered":"<div id='av_section_1'  class='avia-section av-kbufzd3s-dd428f854b73db9c732bdb3b761e163e main_color avia-section-default avia-shadow  avia-builder-el-0  avia-builder-el-no-sibling  avia-bg-style-scroll container_wrap fullsize'  ><div class='container av-section-cont-open' ><main  role=\"main\" itemprop=\"mainContentOfPage\"  class='template-page content  av-content-full alpha units'><div class='post-entry post-entry-type-page post-entry-11249'><div class='entry-content-wrapper clearfix'>\n<div  class='flex_column av-368i1i-8b1eb64a68c35eb47102176c63303d03 av_two_third  avia-builder-el-1  avia-builder-el-no-sibling  first flex_column_div  '     ><section  class='av_textblock_section av-jxk41cbl-de8745f204dcd65c5170bef159d7e21a '   itemscope=\"itemscope\" itemtype=\"https:\/\/schema.org\/CreativeWork\" ><div class='avia_textblock'  itemprop=\"text\" ><h2 class=\"csc-firstHeader\">Conf\u00e9rence des pr\u00e9sidents de communes touristiques<\/h2>\n<p>La Conf\u00e9rence des pr\u00e9sidents des communes touristiques est constitu\u00e9e de repr\u00e9sentants de stations touristiques. La Conf\u00e9rence s&rsquo;occupe principalement du d\u00e9veloppement touristique. Son travail et son int\u00e9r\u00eat sont globaux et vont au-del\u00e0 de la simple promotion du tourisme.<\/p>\n<p><a href=\"\/wp-content\/uploads\/2022\/11\/Arbeitsrichtlinien.pdf\">Directives de travail<\/a><\/p>\n<p><a href=\"https:\/\/sab.ch\/dienstleistungen\/regionalentwicklung\/beratung-fuer-regionen-und-gemeinden\/konferenz-der-gemeindepraesidenteninnen-von-ferienorten-im-berggebiet\/mitgliedsgemeinden\/\">Membre communes<\/a><\/p>\n<p><a href=\"https:\/\/sab.ch\/dienstleistungen\/regionalentwicklung\/beratung-fuer-regionen-und-gemeinden\/konferenz-der-gemeindepraesidenteninnen-von-ferienorten-im-berggebiet\/veranstaltungen\/\">S\u00e9minaires<\/a><\/p>\n<p><a href=\"https:\/\/sab.ch\/dienstleistungen\/regionalentwicklung\/beratung-fuer-regionen-und-gemeinden\/konferenz-der-gemeindepraesidenteninnen-von-ferienorten-im-berggebiet\/medienmitteilungen\/\">Communiqu\u00e9s de presse<\/a><\/p>\n<p><a href=\"https:\/\/sab.ch\/dienstleistungen\/regionalentwicklung\/beratung-fuer-regionen-und-gemeinden\/konferenz-der-gemeindepraesidenteninnen-von-ferienorten-im-berggebiet\/dokumente\/\">Documents suppl\u00e9mentaires (disponibles dans la langue originale)<\/a><\/p>\n<p><a href=\"https:\/\/sab.ch\/dienstleistungen\/regionalentwicklung\/beratung-fuer-regionen-und-gemeinden\/konferenz-der-gemeindepraesidenteninnen-von-ferienorten-im-berggebiet\/mitglied-werden\/\">Devenir membre de la conf\u00e9rence<\/a><\/p>\n<\/div><\/section><\/div>\n","protected":false},"excerpt":{"rendered":"","protected":false},"author":3,"featured_media":0,"parent":11360,"menu_order":0,"comment_status":"closed","ping_status":"closed","template":"","meta":{"footnotes":""},"class_list":["post-11249","page","type-page","status-publish","hentry"],"yoast_head":"<!-- This site is optimized with the Yoast SEO plugin v27.4 - https:\/\/yoast.com\/product\/yoast-seo-wordpress\/ -->\n<title>Conf\u00e9rence des pr\u00e9sidents de communes touristiques - S A B<\/title>\n<meta name=\"robots\" content=\"index, follow, max-snippet:-1, max-image-preview:large, max-video-preview:-1\" \/>\n<link rel=\"canonical\" href=\"https:\/\/www.sab.ch\/fr\/dienstleistungen\/management-dorganisations-et-de-reseaux-2\/management-dorganisations-et-de-reseaux\/conference-des-presidents-de-communes-touristiques\/\" \/>\n<meta property=\"og:locale\" content=\"fr_FR\" \/>\n<meta property=\"og:type\" content=\"article\" \/>\n<meta property=\"og:title\" content=\"Conf\u00e9rence des pr\u00e9sidents de communes touristiques - S A B\" \/>\n<meta property=\"og:url\" content=\"https:\/\/www.sab.ch\/fr\/dienstleistungen\/management-dorganisations-et-de-reseaux-2\/management-dorganisations-et-de-reseaux\/conference-des-presidents-de-communes-touristiques\/\" \/>\n<meta property=\"og:site_name\" content=\"S A B\" \/>\n<meta name=\"twitter:card\" content=\"summary_large_image\" \/>\n<meta name=\"twitter:label1\" content=\"Dur\u00e9e de lecture estim\u00e9e\" \/>\n\t<meta name=\"twitter:data1\" content=\"3 minutes\" \/>\n<script type=\"application\/ld+json\" class=\"yoast-schema-graph\">{\"@context\":\"https:\\\/\\\/schema.org\",\"@graph\":[{\"@type\":\"WebPage\",\"@id\":\"https:\\\/\\\/www.sab.ch\\\/fr\\\/dienstleistungen\\\/management-dorganisations-et-de-reseaux-2\\\/management-dorganisations-et-de-reseaux\\\/conference-des-presidents-de-communes-touristiques\\\/\",\"url\":\"https:\\\/\\\/www.sab.ch\\\/fr\\\/dienstleistungen\\\/management-dorganisations-et-de-reseaux-2\\\/management-dorganisations-et-de-reseaux\\\/conference-des-presidents-de-communes-touristiques\\\/\",\"name\":\"Conf\u00e9rence des pr\u00e9sidents de communes touristiques - S A B\",\"isPartOf\":{\"@id\":\"https:\\\/\\\/www.sab.ch\\\/fr\\\/#website\"},\"datePublished\":\"2023-01-18T08:29:59+00:00\",\"breadcrumb\":{\"@id\":\"https:\\\/\\\/www.sab.ch\\\/fr\\\/dienstleistungen\\\/management-dorganisations-et-de-reseaux-2\\\/management-dorganisations-et-de-reseaux\\\/conference-des-presidents-de-communes-touristiques\\\/#breadcrumb\"},\"inLanguage\":\"fr-FR\",\"potentialAction\":[{\"@type\":\"ReadAction\",\"target\":[\"https:\\\/\\\/www.sab.ch\\\/fr\\\/dienstleistungen\\\/management-dorganisations-et-de-reseaux-2\\\/management-dorganisations-et-de-reseaux\\\/conference-des-presidents-de-communes-touristiques\\\/\"]}]},{\"@type\":\"BreadcrumbList\",\"@id\":\"https:\\\/\\\/www.sab.ch\\\/fr\\\/dienstleistungen\\\/management-dorganisations-et-de-reseaux-2\\\/management-dorganisations-et-de-reseaux\\\/conference-des-presidents-de-communes-touristiques\\\/#breadcrumb\",\"itemListElement\":[{\"@type\":\"ListItem\",\"position\":1,\"name\":\"Startseite\",\"item\":\"https:\\\/\\\/www.sab.ch\\\/fr\\\/home\\\/\"},{\"@type\":\"ListItem\",\"position\":2,\"name\":\"Conf\u00e9rence des pr\u00e9sidents de communes touristiques\"}]},{\"@type\":\"WebSite\",\"@id\":\"https:\\\/\\\/www.sab.ch\\\/fr\\\/#website\",\"url\":\"https:\\\/\\\/www.sab.ch\\\/fr\\\/\",\"name\":\"S A B\",\"description\":\"\",\"potentialAction\":[{\"@type\":\"SearchAction\",\"target\":{\"@type\":\"EntryPoint\",\"urlTemplate\":\"https:\\\/\\\/www.sab.ch\\\/fr\\\/?s={search_term_string}\"},\"query-input\":{\"@type\":\"PropertyValueSpecification\",\"valueRequired\":true,\"valueName\":\"search_term_string\"}}],\"inLanguage\":\"fr-FR\"}]}<\/script>\n<!-- \/ Yoast SEO plugin. -->","yoast_head_json":{"title":"Conf\u00e9rence des pr\u00e9sidents de communes touristiques - S A B","robots":{"index":"index","follow":"follow","max-snippet":"max-snippet:-1","max-image-preview":"max-image-preview:large","max-video-preview":"max-video-preview:-1"},"canonical":"https:\/\/www.sab.ch\/fr\/dienstleistungen\/management-dorganisations-et-de-reseaux-2\/management-dorganisations-et-de-reseaux\/conference-des-presidents-de-communes-touristiques\/","og_locale":"fr_FR","og_type":"article","og_title":"Conf\u00e9rence des pr\u00e9sidents de communes touristiques - S A B","og_url":"https:\/\/www.sab.ch\/fr\/dienstleistungen\/management-dorganisations-et-de-reseaux-2\/management-dorganisations-et-de-reseaux\/conference-des-presidents-de-communes-touristiques\/","og_site_name":"S A B","twitter_card":"summary_large_image","twitter_misc":{"Dur\u00e9e de lecture estim\u00e9e":"3 minutes"},"schema":{"@context":"https:\/\/schema.org","@graph":[{"@type":"WebPage","@id":"https:\/\/www.sab.ch\/fr\/dienstleistungen\/management-dorganisations-et-de-reseaux-2\/management-dorganisations-et-de-reseaux\/conference-des-presidents-de-communes-touristiques\/","url":"https:\/\/www.sab.ch\/fr\/dienstleistungen\/management-dorganisations-et-de-reseaux-2\/management-dorganisations-et-de-reseaux\/conference-des-presidents-de-communes-touristiques\/","name":"Conf\u00e9rence des pr\u00e9sidents de communes touristiques - S A B","isPartOf":{"@id":"https:\/\/www.sab.ch\/fr\/#website"},"datePublished":"2023-01-18T08:29:59+00:00","breadcrumb":{"@id":"https:\/\/www.sab.ch\/fr\/dienstleistungen\/management-dorganisations-et-de-reseaux-2\/management-dorganisations-et-de-reseaux\/conference-des-presidents-de-communes-touristiques\/#breadcrumb"},"inLanguage":"fr-FR","potentialAction":[{"@type":"ReadAction","target":["https:\/\/www.sab.ch\/fr\/dienstleistungen\/management-dorganisations-et-de-reseaux-2\/management-dorganisations-et-de-reseaux\/conference-des-presidents-de-communes-touristiques\/"]}]},{"@type":"BreadcrumbList","@id":"https:\/\/www.sab.ch\/fr\/dienstleistungen\/management-dorganisations-et-de-reseaux-2\/management-dorganisations-et-de-reseaux\/conference-des-presidents-de-communes-touristiques\/#breadcrumb","itemListElement":[{"@type":"ListItem","position":1,"name":"Startseite","item":"https:\/\/www.sab.ch\/fr\/home\/"},{"@type":"ListItem","position":2,"name":"Conf\u00e9rence des pr\u00e9sidents de communes touristiques"}]},{"@type":"WebSite","@id":"https:\/\/www.sab.ch\/fr\/#website","url":"https:\/\/www.sab.ch\/fr\/","name":"S A B","description":"","potentialAction":[{"@type":"SearchAction","target":{"@type":"EntryPoint","urlTemplate":"https:\/\/www.sab.ch\/fr\/?s={search_term_string}"},"query-input":{"@type":"PropertyValueSpecification","valueRequired":true,"valueName":"search_term_string"}}],"inLanguage":"fr-FR"}]}},"_links":{"self":[{"href":"https:\/\/www.sab.ch\/fr\/wp-json\/wp\/v2\/pages\/11249","targetHints":{"allow":["GET"]}}],"collection":[{"href":"https:\/\/www.sab.ch\/fr\/wp-json\/wp\/v2\/pages"}],"about":[{"href":"https:\/\/www.sab.ch\/fr\/wp-json\/wp\/v2\/types\/page"}],"author":[{"embeddable":true,"href":"https:\/\/www.sab.ch\/fr\/wp-json\/wp\/v2\/users\/3"}],"replies":[{"embeddable":true,"href":"https:\/\/www.sab.ch\/fr\/wp-json\/wp\/v2\/comments?post=11249"}],"version-history":[{"count":2,"href":"https:\/\/www.sab.ch\/fr\/wp-json\/wp\/v2\/pages\/11249\/revisions"}],"predecessor-version":[{"id":11251,"href":"https:\/\/www.sab.ch\/fr\/wp-json\/wp\/v2\/pages\/11249\/revisions\/11251"}],"up":[{"embeddable":true,"href":"https:\/\/www.sab.ch\/fr\/wp-json\/wp\/v2\/pages\/11360"}],"wp:attachment":[{"href":"https:\/\/www.sab.ch\/fr\/wp-json\/wp\/v2\/media?parent=11249"}],"curies":[{"name":"wp","href":"https:\/\/api.w.org\/{rel}","templated":true}]}}