{"id":11284,"date":"2023-01-18T11:42:23","date_gmt":"2023-01-18T10:42:23","guid":{"rendered":"https:\/\/www.sab.ch\/conference-des-regions\/"},"modified":"2023-04-14T11:25:18","modified_gmt":"2023-04-14T09:25:18","slug":"conference-des-regions","status":"publish","type":"page","link":"https:\/\/www.sab.ch\/fr\/dienstleistungen\/management-dorganisations-et-de-reseaux-2\/management-dorganisations-et-de-reseaux\/conference-des-regions\/","title":{"rendered":"Conf\u00e9rence des r\u00e9gions"},"content":{"rendered":"<div id='av_section_1'  class='avia-section av-kbufzd3s-dd428f854b73db9c732bdb3b761e163e main_color avia-section-default avia-shadow  avia-builder-el-0  avia-builder-el-no-sibling  avia-bg-style-scroll container_wrap fullsize'  ><div class='container av-section-cont-open' ><main  role=\"main\" itemprop=\"mainContentOfPage\"  class='template-page content  av-content-full alpha units'><div class='post-entry post-entry-type-page post-entry-11284'><div class='entry-content-wrapper clearfix'>\n<div  class='flex_column av-4axoy8-9db216d711f0c4295bb3a31d415275c6 av_two_third  avia-builder-el-1  el_before_av_one_third  avia-builder-el-first  first flex_column_div  '     ><section  class='av_textblock_section av-jxk41cbl-de8745f204dcd65c5170bef159d7e21a '   itemscope=\"itemscope\" itemtype=\"https:\/\/schema.org\/CreativeWork\" ><div class='avia_textblock'  itemprop=\"text\" ><h2 class=\"csc-firstHeader\">Conf\u00e9rence des r\u00e9gions<\/h2>\n<p>La Conf\u00e9rence des r\u00e9gions regroupe les r\u00e9gions impliqu\u00e9es dans la mise en oeuvre de la politique r\u00e9gionale suisse. La Conf\u00e9rence des r\u00e9gions est rattach\u00e9e au Groupement suisse pour les r\u00e9gions de montagne (SAB)<\/p>\n<p><a href=\"\/wp-content\/uploads\/2022\/11\/Arbeitsrichtlinien_kdr_2019_dt.pdf\">Buts\/directives de travail<\/a><\/p>\n<p><a href=\"https:\/\/sab.ch\/dienstleistungen\/regionalentwicklung\/beratung-fuer-regionen-und-gemeinden\/konferenz-der-regionen\/regionen\/\">R\u00e9gions<\/a><\/p>\n<p><a href=\"https:\/\/www.sab.ch\/fr\/dienstleistungen\/management-dorganisations-et-de-reseaux-2\/management-dorganisations-et-de-reseaux\/conference-des-regions\/veranstaltungen-kdr\/\">S\u00e9minaires<\/a><\/p>\n<p><a href=\"https:\/\/sab.ch\/dienstleistungen\/regionalentwicklung\/beratung-fuer-regionen-und-gemeinden\/konferenz-der-regionen\/dokumente\/\">Documents<\/a><\/p>\n<p><a href=\"https:\/\/sab.ch\/dienstleistungen\/regionalentwicklung\/beratung-fuer-regionen-und-gemeinden\/konferenz-der-regionen\/mitglied-der-kdr-werden\/\">Devenir membre de la Conf\u00e9rence<\/a><\/p>\n<p><a href=\"https:\/\/sab.ch\/dienstleistungen\/regionalentwicklung\/beratung-fuer-regionen-und-gemeinden\/konferenz-der-regionen\/kontakt\/\">Contact<\/a><\/p>\n<\/div><\/section><\/div><div  class='flex_column av-2b1680-15a74dbf564166205f7beada2ed25ff0 av_one_third  avia-builder-el-3  el_after_av_two_third  avia-builder-el-last  flex_column_div  '     ><p>\n<style type=\"text\/css\" data-created_by=\"avia_inline_auto\" id=\"style-css-av-lb0jx3ur-b18bdf172cfcc10567833d05300baded\">\n.avia-image-container.av-lb0jx3ur-b18bdf172cfcc10567833d05300baded img.avia_image{\nbox-shadow:none;\n}\n.avia-image-container.av-lb0jx3ur-b18bdf172cfcc10567833d05300baded .av-image-caption-overlay-center{\ncolor:#ffffff;\n}\n<\/style>\n<div  class='avia-image-container av-lb0jx3ur-b18bdf172cfcc10567833d05300baded av-styling- avia-align-left  avia-builder-el-4  el_before_av_textblock  avia-builder-el-first '   itemprop=\"image\" itemscope=\"itemscope\" itemtype=\"https:\/\/schema.org\/ImageObject\" ><div class=\"avia-image-container-inner\"><div class=\"avia-image-overlay-wrap\"><img decoding=\"async\" fetchpriority=\"high\" class='wp-image-3853 avia-img-lazy-loading-not-3853 avia_image ' src=\"https:\/\/www.sab.ch\/wp-content\/uploads\/2022\/11\/85b7806fbe-1.jpg\" alt='' title='85b7806fbe'  height=\"359\" width=\"515\"  itemprop=\"thumbnailUrl\"  \/><\/div><\/div><\/div><br \/>\n<section  class='av_textblock_section av-lbnmbtbh-20589d731b47b20e25bab232b3295874 '   itemscope=\"itemscope\" itemtype=\"https:\/\/schema.org\/CreativeWork\" ><div class='avia_textblock'  itemprop=\"text\" ><p><em>R\u00e9gions selon la nouvelle politique r\u00e9gionale (\u00a9 SAB 2016)<\/em><\/p>\n<\/div><\/section><\/p><\/div>\n","protected":false},"excerpt":{"rendered":"","protected":false},"author":3,"featured_media":0,"parent":11360,"menu_order":0,"comment_status":"closed","ping_status":"closed","template":"","meta":{"footnotes":""},"class_list":["post-11284","page","type-page","status-publish","hentry"],"yoast_head":"<!-- This site is optimized with the Yoast SEO plugin v27.4 - https:\/\/yoast.com\/product\/yoast-seo-wordpress\/ -->\n<title>Conf\u00e9rence des r\u00e9gions - S A B<\/title>\n<meta name=\"robots\" content=\"index, follow, max-snippet:-1, max-image-preview:large, max-video-preview:-1\" \/>\n<link rel=\"canonical\" href=\"https:\/\/www.sab.ch\/fr\/dienstleistungen\/management-dorganisations-et-de-reseaux-2\/management-dorganisations-et-de-reseaux\/conference-des-regions\/\" \/>\n<meta property=\"og:locale\" content=\"fr_FR\" \/>\n<meta property=\"og:type\" content=\"article\" \/>\n<meta property=\"og:title\" content=\"Conf\u00e9rence des r\u00e9gions - S A B\" \/>\n<meta property=\"og:url\" content=\"https:\/\/www.sab.ch\/fr\/dienstleistungen\/management-dorganisations-et-de-reseaux-2\/management-dorganisations-et-de-reseaux\/conference-des-regions\/\" \/>\n<meta property=\"og:site_name\" content=\"S A B\" \/>\n<meta property=\"article:modified_time\" content=\"2023-04-14T09:25:18+00:00\" \/>\n<meta name=\"twitter:card\" content=\"summary_large_image\" \/>\n<meta name=\"twitter:label1\" content=\"Dur\u00e9e de lecture estim\u00e9e\" \/>\n\t<meta name=\"twitter:data1\" content=\"3 minutes\" \/>\n<script type=\"application\/ld+json\" class=\"yoast-schema-graph\">{\"@context\":\"https:\\\/\\\/schema.org\",\"@graph\":[{\"@type\":\"WebPage\",\"@id\":\"https:\\\/\\\/www.sab.ch\\\/fr\\\/dienstleistungen\\\/management-dorganisations-et-de-reseaux-2\\\/management-dorganisations-et-de-reseaux\\\/conference-des-regions\\\/\",\"url\":\"https:\\\/\\\/www.sab.ch\\\/fr\\\/dienstleistungen\\\/management-dorganisations-et-de-reseaux-2\\\/management-dorganisations-et-de-reseaux\\\/conference-des-regions\\\/\",\"name\":\"Conf\u00e9rence des r\u00e9gions - S A B\",\"isPartOf\":{\"@id\":\"https:\\\/\\\/www.sab.ch\\\/fr\\\/#website\"},\"datePublished\":\"2023-01-18T10:42:23+00:00\",\"dateModified\":\"2023-04-14T09:25:18+00:00\",\"breadcrumb\":{\"@id\":\"https:\\\/\\\/www.sab.ch\\\/fr\\\/dienstleistungen\\\/management-dorganisations-et-de-reseaux-2\\\/management-dorganisations-et-de-reseaux\\\/conference-des-regions\\\/#breadcrumb\"},\"inLanguage\":\"fr-FR\",\"potentialAction\":[{\"@type\":\"ReadAction\",\"target\":[\"https:\\\/\\\/www.sab.ch\\\/fr\\\/dienstleistungen\\\/management-dorganisations-et-de-reseaux-2\\\/management-dorganisations-et-de-reseaux\\\/conference-des-regions\\\/\"]}]},{\"@type\":\"BreadcrumbList\",\"@id\":\"https:\\\/\\\/www.sab.ch\\\/fr\\\/dienstleistungen\\\/management-dorganisations-et-de-reseaux-2\\\/management-dorganisations-et-de-reseaux\\\/conference-des-regions\\\/#breadcrumb\",\"itemListElement\":[{\"@type\":\"ListItem\",\"position\":1,\"name\":\"Startseite\",\"item\":\"https:\\\/\\\/www.sab.ch\\\/fr\\\/home\\\/\"},{\"@type\":\"ListItem\",\"position\":2,\"name\":\"Prestations\",\"item\":\"https:\\\/\\\/www.sab.ch\\\/fr\\\/dienstleistungen\\\/\"},{\"@type\":\"ListItem\",\"position\":3,\"name\":\"Management d\u2019organisations et de r\u00e9seaux\",\"item\":\"https:\\\/\\\/www.sab.ch\\\/fr\\\/dienstleistungen\\\/management-dorganisations-et-de-reseaux-2\\\/\"},{\"@type\":\"ListItem\",\"position\":4,\"name\":\"Management d\u2019organisations et de r\u00e9seaux\",\"item\":\"https:\\\/\\\/www.sab.ch\\\/fr\\\/dienstleistungen\\\/management-dorganisations-et-de-reseaux-2\\\/management-dorganisations-et-de-reseaux\\\/\"},{\"@type\":\"ListItem\",\"position\":5,\"name\":\"Conf\u00e9rence des r\u00e9gions\"}]},{\"@type\":\"WebSite\",\"@id\":\"https:\\\/\\\/www.sab.ch\\\/fr\\\/#website\",\"url\":\"https:\\\/\\\/www.sab.ch\\\/fr\\\/\",\"name\":\"S A B\",\"description\":\"\",\"potentialAction\":[{\"@type\":\"SearchAction\",\"target\":{\"@type\":\"EntryPoint\",\"urlTemplate\":\"https:\\\/\\\/www.sab.ch\\\/fr\\\/?s={search_term_string}\"},\"query-input\":{\"@type\":\"PropertyValueSpecification\",\"valueRequired\":true,\"valueName\":\"search_term_string\"}}],\"inLanguage\":\"fr-FR\"}]}<\/script>\n<!-- \/ Yoast SEO plugin. -->","yoast_head_json":{"title":"Conf\u00e9rence des r\u00e9gions - S A B","robots":{"index":"index","follow":"follow","max-snippet":"max-snippet:-1","max-image-preview":"max-image-preview:large","max-video-preview":"max-video-preview:-1"},"canonical":"https:\/\/www.sab.ch\/fr\/dienstleistungen\/management-dorganisations-et-de-reseaux-2\/management-dorganisations-et-de-reseaux\/conference-des-regions\/","og_locale":"fr_FR","og_type":"article","og_title":"Conf\u00e9rence des r\u00e9gions - S A B","og_url":"https:\/\/www.sab.ch\/fr\/dienstleistungen\/management-dorganisations-et-de-reseaux-2\/management-dorganisations-et-de-reseaux\/conference-des-regions\/","og_site_name":"S A B","article_modified_time":"2023-04-14T09:25:18+00:00","twitter_card":"summary_large_image","twitter_misc":{"Dur\u00e9e de lecture estim\u00e9e":"3 minutes"},"schema":{"@context":"https:\/\/schema.org","@graph":[{"@type":"WebPage","@id":"https:\/\/www.sab.ch\/fr\/dienstleistungen\/management-dorganisations-et-de-reseaux-2\/management-dorganisations-et-de-reseaux\/conference-des-regions\/","url":"https:\/\/www.sab.ch\/fr\/dienstleistungen\/management-dorganisations-et-de-reseaux-2\/management-dorganisations-et-de-reseaux\/conference-des-regions\/","name":"Conf\u00e9rence des r\u00e9gions - S A B","isPartOf":{"@id":"https:\/\/www.sab.ch\/fr\/#website"},"datePublished":"2023-01-18T10:42:23+00:00","dateModified":"2023-04-14T09:25:18+00:00","breadcrumb":{"@id":"https:\/\/www.sab.ch\/fr\/dienstleistungen\/management-dorganisations-et-de-reseaux-2\/management-dorganisations-et-de-reseaux\/conference-des-regions\/#breadcrumb"},"inLanguage":"fr-FR","potentialAction":[{"@type":"ReadAction","target":["https:\/\/www.sab.ch\/fr\/dienstleistungen\/management-dorganisations-et-de-reseaux-2\/management-dorganisations-et-de-reseaux\/conference-des-regions\/"]}]},{"@type":"BreadcrumbList","@id":"https:\/\/www.sab.ch\/fr\/dienstleistungen\/management-dorganisations-et-de-reseaux-2\/management-dorganisations-et-de-reseaux\/conference-des-regions\/#breadcrumb","itemListElement":[{"@type":"ListItem","position":1,"name":"Startseite","item":"https:\/\/www.sab.ch\/fr\/home\/"},{"@type":"ListItem","position":2,"name":"Prestations","item":"https:\/\/www.sab.ch\/fr\/dienstleistungen\/"},{"@type":"ListItem","position":3,"name":"Management d\u2019organisations et de r\u00e9seaux","item":"https:\/\/www.sab.ch\/fr\/dienstleistungen\/management-dorganisations-et-de-reseaux-2\/"},{"@type":"ListItem","position":4,"name":"Management d\u2019organisations et de r\u00e9seaux","item":"https:\/\/www.sab.ch\/fr\/dienstleistungen\/management-dorganisations-et-de-reseaux-2\/management-dorganisations-et-de-reseaux\/"},{"@type":"ListItem","position":5,"name":"Conf\u00e9rence des r\u00e9gions"}]},{"@type":"WebSite","@id":"https:\/\/www.sab.ch\/fr\/#website","url":"https:\/\/www.sab.ch\/fr\/","name":"S A B","description":"","potentialAction":[{"@type":"SearchAction","target":{"@type":"EntryPoint","urlTemplate":"https:\/\/www.sab.ch\/fr\/?s={search_term_string}"},"query-input":{"@type":"PropertyValueSpecification","valueRequired":true,"valueName":"search_term_string"}}],"inLanguage":"fr-FR"}]}},"_links":{"self":[{"href":"https:\/\/www.sab.ch\/fr\/wp-json\/wp\/v2\/pages\/11284","targetHints":{"allow":["GET"]}}],"collection":[{"href":"https:\/\/www.sab.ch\/fr\/wp-json\/wp\/v2\/pages"}],"about":[{"href":"https:\/\/www.sab.ch\/fr\/wp-json\/wp\/v2\/types\/page"}],"author":[{"embeddable":true,"href":"https:\/\/www.sab.ch\/fr\/wp-json\/wp\/v2\/users\/3"}],"replies":[{"embeddable":true,"href":"https:\/\/www.sab.ch\/fr\/wp-json\/wp\/v2\/comments?post=11284"}],"version-history":[{"count":19,"href":"https:\/\/www.sab.ch\/fr\/wp-json\/wp\/v2\/pages\/11284\/revisions"}],"predecessor-version":[{"id":14738,"href":"https:\/\/www.sab.ch\/fr\/wp-json\/wp\/v2\/pages\/11284\/revisions\/14738"}],"up":[{"embeddable":true,"href":"https:\/\/www.sab.ch\/fr\/wp-json\/wp\/v2\/pages\/11360"}],"wp:attachment":[{"href":"https:\/\/www.sab.ch\/fr\/wp-json\/wp\/v2\/media?parent=11284"}],"curies":[{"name":"wp","href":"https:\/\/api.w.org\/{rel}","templated":true}]}}