{"id":11314,"date":"2023-01-19T09:17:18","date_gmt":"2023-01-19T08:17:18","guid":{"rendered":"https:\/\/www.sab.ch\/dienstleistungen\/developpement-regional\/"},"modified":"2023-01-19T09:17:19","modified_gmt":"2023-01-19T08:17:19","slug":"developpement-regional","status":"publish","type":"page","link":"https:\/\/www.sab.ch\/fr\/dienstleistungen\/developpement-regional\/","title":{"rendered":"D\u00e9veloppement r\u00e9gional"},"content":{"rendered":"<div  class='flex_column av-6veij-58f78c38bc68bb463a7ffc9a5faa6e7f av_two_third  avia-builder-el-0  avia-builder-el-no-sibling  first flex_column_div  '     ><section  class='av_textblock_section av-2tqebv-11a5d5f8d85260ee58dfd37a90fb9084 '   itemscope=\"itemscope\" itemtype=\"https:\/\/schema.org\/CreativeWork\" ><div class='avia_textblock'  itemprop=\"text\" ><h1><strong>D\u00e9veloppement r\u00e9gional<\/strong><\/h1>\n<p>Le SAB encourage les initiatives visant \u00e0 d\u00e9velopper durablement les r\u00e9gions de montagne et les espaces ruraux. Le SAB peut fournir des conseils, un appui technique et administratif, voire une aide sur le terrain. Le SAB peut apporter son concours pour la concr\u00e9tisation de projets dans les domaines suivants :<\/p>\n<ul>\n<li>Strat\u00e9gies de d\u00e9veloppement r\u00e9gional et marketing r\u00e9gional<\/li>\n<li>coop\u00e9ration intersectorielle<\/li>\n<li>Renforcement des cha\u00eenes de cr\u00e9ation de valeur, par exemple dans le tourisme, l&rsquo;agriculture et la fili\u00e8re bois<\/li>\n<li>D\u00e9veloppement du service universel<\/li>\n<li>Am\u00e9liorer le transfert de connaissances et de technologies ainsi que l&rsquo;\u00e9change d&rsquo;exp\u00e9riences<\/li>\n<li>Mise en place et renforcement des structures associatives et organisationnelles<\/li>\n<li>Conseil en mati\u00e8re de repr\u00e9sentation d&rsquo;int\u00e9r\u00eats<\/li>\n<\/ul>\n<p><strong>Exemples de projets de la SAB dans le domaine du d\u00e9veloppement r\u00e9gional<\/strong><\/p>\n<ul>\n<li><a href=\"https:\/\/sab.ch\/wp-content\/uploads\/2022\/12\/Communis-Ausgabe-2-22.pdf\">Renforcement des structures associatives de la F\u00e9d\u00e9ration suisse des bourgeoisies et corporations (mandat de la FSPC).<\/a><\/li>\n<li><a href=\"https:\/\/sab.ch\/dienstleistungen\/regionalentwicklung\/smart-villages\/\">Smart villages<\/a> (mesure pilote NPR pour les r\u00e9gions de montagne en collaboration avec le SECO)<\/li>\n<li>Strat\u00e9gie pour les magasins de village au Tessin (projet \u00ab\u00a0Piccoli Negozzi\u00a0\u00bb)<\/li>\n<li>Coop\u00e9ration intercommunale dans le L\u00f6tschental<\/li>\n<li><a href=\"https:\/\/sab.ch\/wp-content\/uploads\/2022\/12\/Partizipativer_Prozess_Sattel.pdf\">Mise en place d&rsquo;infrastructures communales multifonctionnelles (mandat de la commune de Sattel\/SZ)<\/a><\/li>\n<li><a href=\"https:\/\/sab.ch\/wp-content\/uploads\/2022\/11\/Steigerung_der_Wettbewerbsfaehigkeit_durch_Kooperationen.pdf\"><u>Augmentation de la comp\u00e9titivit\u00e9 du tourisme alpin gr\u00e2ce \u00e0 la coop\u00e9ration (projet Innotour)<\/u><\/a><\/li>\n<li><u><a href=\"https:\/\/sab.ch\/wp-content\/uploads\/2022\/12\/Zweitwohnungen-Bleniotal-Bericht-it-homepage.pdf\">Activation du potentiel des r\u00e9sidences secondaires dans la L\u00e9ventine et le Val Blenio (projet mod\u00e8le de d\u00e9veloppement territorial).<\/a> <\/u><\/li>\n<li><a href=\"http:\/\/www.sab.ch\/fileadmin\/user_upload\/customers\/sab\/Publikationen_der_SAB\/Potenzialarme_Raueme_Mai2014_02.pdf\">Espaces \u00e0 faible potentiel<\/a> &#8211; Analyse d&rsquo;exemples de cas (sur mandat du canton du Tessin)<\/li>\n<li>Coop\u00e9ration communale approfondie Simplon Sud. <a href=\"http:\/\/www.sab.ch\/fileadmin\/user_upload\/customers\/sab\/Publikationen_der_SAB\/BSA_SEREC_SimplonSud_05.10_de_01.pdf\">Etude<\/a> command\u00e9e par les communes de Gondo-Zwischerbergen et Simplon Dorf).<\/li>\n<li>Promotion du transfert de connaissances et de technologies dans les r\u00e9gions de montagne (projet en collaboration avec Microsoft Suisse). Verlinken: <a href=\"http:\/\/www.sab.ch\/dienstleistungen\/regionalentwicklung\/foerderung-des-wissens-und-technologietransfers.html\">http:\/\/www.sab.ch\/dienstleistungen\/regionalentwicklung\/foerderung-des-wissens-und-technologietransfers.html<\/a><\/li>\n<li>R\u00e9seaux de soins innovants en Suisse <a href=\"http:\/\/neu.sab.ch\/dienstleistungen\/regionalentwicklung\/innov-net\/\">InnoV-Net.ch<\/a> (projet en coop\u00e9ration avec la Poste Suisse)<\/li>\n<\/ul>\n<p><strong>Divers publications \u00e0 ce sujet:<\/strong><\/p>\n<p><a href=\"https:\/\/sab.ch\/wp-content\/uploads\/2022\/11\/Berichet_Erfolgsmodelle_im_Berggebiet_SAB.pdf\">Mod\u00e8les de r\u00e9ussite dans les r\u00e9gions de montagne et les espaces ruraux [a,<br \/>\n<\/a> <a href=\"https:\/\/sab.ch\/wp-content\/uploads\/2022\/11\/dt_Broschuere_bundesamt_fuer_Wohnungswesen-1.pdf\">Guide \u00ab\u00a0Un habitat attrayant dans les r\u00e9gions de montagne<\/a><\/p>\n<p><strong>Contact :<\/strong><\/p>\n<p>Peter Niederer<\/p>\n<p><a href=\"&#109;a&#x69;l&#x74;o&#x3a;&#112;&#x65;&#116;&#x65;&#114;&#46;&#x6e;i&#x65;d&#x65;&#114;&#x65;&#114;&#x40;&#115;&#x61;&#98;&#46;&#x63;h\">pe&#116;&#101;&#114;&#x2e;&#x6e;&#x69;&#x65;&#x64;er&#101;&#114;&#64;&#x73;&#x61;&#x62;&#x2e;&#x63;h<\/a><\/p>\n<\/div><\/section><\/div>\n","protected":false},"excerpt":{"rendered":"","protected":false},"author":3,"featured_media":0,"parent":7623,"menu_order":0,"comment_status":"closed","ping_status":"closed","template":"","meta":{"footnotes":""},"class_list":["post-11314","page","type-page","status-publish","hentry"],"yoast_head":"<!-- This site is optimized with the Yoast SEO plugin v27.5 - https:\/\/yoast.com\/product\/yoast-seo-wordpress\/ -->\n<title>D\u00e9veloppement r\u00e9gional - S A B<\/title>\n<meta name=\"robots\" content=\"index, follow, max-snippet:-1, max-image-preview:large, max-video-preview:-1\" \/>\n<link rel=\"canonical\" href=\"https:\/\/www.sab.ch\/fr\/dienstleistungen\/developpement-regional\/\" \/>\n<meta property=\"og:locale\" content=\"fr_FR\" \/>\n<meta property=\"og:type\" content=\"article\" \/>\n<meta property=\"og:title\" content=\"D\u00e9veloppement r\u00e9gional - S A B\" \/>\n<meta property=\"og:url\" content=\"https:\/\/www.sab.ch\/fr\/dienstleistungen\/developpement-regional\/\" \/>\n<meta property=\"og:site_name\" content=\"S A B\" \/>\n<meta property=\"article:modified_time\" content=\"2023-01-19T08:17:19+00:00\" \/>\n<meta name=\"twitter:card\" content=\"summary_large_image\" \/>\n<meta name=\"twitter:label1\" content=\"Dur\u00e9e de lecture estim\u00e9e\" \/>\n\t<meta name=\"twitter:data1\" content=\"4 minutes\" \/>\n<script type=\"application\/ld+json\" class=\"yoast-schema-graph\">{\"@context\":\"https:\\\/\\\/schema.org\",\"@graph\":[{\"@type\":\"WebPage\",\"@id\":\"https:\\\/\\\/www.sab.ch\\\/fr\\\/dienstleistungen\\\/developpement-regional\\\/\",\"url\":\"https:\\\/\\\/www.sab.ch\\\/fr\\\/dienstleistungen\\\/developpement-regional\\\/\",\"name\":\"D\u00e9veloppement r\u00e9gional - S A B\",\"isPartOf\":{\"@id\":\"https:\\\/\\\/www.sab.ch\\\/fr\\\/#website\"},\"datePublished\":\"2023-01-19T08:17:18+00:00\",\"dateModified\":\"2023-01-19T08:17:19+00:00\",\"breadcrumb\":{\"@id\":\"https:\\\/\\\/www.sab.ch\\\/fr\\\/dienstleistungen\\\/developpement-regional\\\/#breadcrumb\"},\"inLanguage\":\"fr-FR\",\"potentialAction\":[{\"@type\":\"ReadAction\",\"target\":[\"https:\\\/\\\/www.sab.ch\\\/fr\\\/dienstleistungen\\\/developpement-regional\\\/\"]}]},{\"@type\":\"BreadcrumbList\",\"@id\":\"https:\\\/\\\/www.sab.ch\\\/fr\\\/dienstleistungen\\\/developpement-regional\\\/#breadcrumb\",\"itemListElement\":[{\"@type\":\"ListItem\",\"position\":1,\"name\":\"Startseite\",\"item\":\"https:\\\/\\\/www.sab.ch\\\/fr\\\/home\\\/\"},{\"@type\":\"ListItem\",\"position\":2,\"name\":\"Prestations\",\"item\":\"https:\\\/\\\/www.sab.ch\\\/fr\\\/dienstleistungen\\\/\"},{\"@type\":\"ListItem\",\"position\":3,\"name\":\"D\u00e9veloppement r\u00e9gional\"}]},{\"@type\":\"WebSite\",\"@id\":\"https:\\\/\\\/www.sab.ch\\\/fr\\\/#website\",\"url\":\"https:\\\/\\\/www.sab.ch\\\/fr\\\/\",\"name\":\"S A B\",\"description\":\"\",\"potentialAction\":[{\"@type\":\"SearchAction\",\"target\":{\"@type\":\"EntryPoint\",\"urlTemplate\":\"https:\\\/\\\/www.sab.ch\\\/fr\\\/?s={search_term_string}\"},\"query-input\":{\"@type\":\"PropertyValueSpecification\",\"valueRequired\":true,\"valueName\":\"search_term_string\"}}],\"inLanguage\":\"fr-FR\"}]}<\/script>\n<!-- \/ Yoast SEO plugin. -->","yoast_head_json":{"title":"D\u00e9veloppement r\u00e9gional - S A B","robots":{"index":"index","follow":"follow","max-snippet":"max-snippet:-1","max-image-preview":"max-image-preview:large","max-video-preview":"max-video-preview:-1"},"canonical":"https:\/\/www.sab.ch\/fr\/dienstleistungen\/developpement-regional\/","og_locale":"fr_FR","og_type":"article","og_title":"D\u00e9veloppement r\u00e9gional - S A B","og_url":"https:\/\/www.sab.ch\/fr\/dienstleistungen\/developpement-regional\/","og_site_name":"S A B","article_modified_time":"2023-01-19T08:17:19+00:00","twitter_card":"summary_large_image","twitter_misc":{"Dur\u00e9e de lecture estim\u00e9e":"4 minutes"},"schema":{"@context":"https:\/\/schema.org","@graph":[{"@type":"WebPage","@id":"https:\/\/www.sab.ch\/fr\/dienstleistungen\/developpement-regional\/","url":"https:\/\/www.sab.ch\/fr\/dienstleistungen\/developpement-regional\/","name":"D\u00e9veloppement r\u00e9gional - S A B","isPartOf":{"@id":"https:\/\/www.sab.ch\/fr\/#website"},"datePublished":"2023-01-19T08:17:18+00:00","dateModified":"2023-01-19T08:17:19+00:00","breadcrumb":{"@id":"https:\/\/www.sab.ch\/fr\/dienstleistungen\/developpement-regional\/#breadcrumb"},"inLanguage":"fr-FR","potentialAction":[{"@type":"ReadAction","target":["https:\/\/www.sab.ch\/fr\/dienstleistungen\/developpement-regional\/"]}]},{"@type":"BreadcrumbList","@id":"https:\/\/www.sab.ch\/fr\/dienstleistungen\/developpement-regional\/#breadcrumb","itemListElement":[{"@type":"ListItem","position":1,"name":"Startseite","item":"https:\/\/www.sab.ch\/fr\/home\/"},{"@type":"ListItem","position":2,"name":"Prestations","item":"https:\/\/www.sab.ch\/fr\/dienstleistungen\/"},{"@type":"ListItem","position":3,"name":"D\u00e9veloppement r\u00e9gional"}]},{"@type":"WebSite","@id":"https:\/\/www.sab.ch\/fr\/#website","url":"https:\/\/www.sab.ch\/fr\/","name":"S A B","description":"","potentialAction":[{"@type":"SearchAction","target":{"@type":"EntryPoint","urlTemplate":"https:\/\/www.sab.ch\/fr\/?s={search_term_string}"},"query-input":{"@type":"PropertyValueSpecification","valueRequired":true,"valueName":"search_term_string"}}],"inLanguage":"fr-FR"}]}},"_links":{"self":[{"href":"https:\/\/www.sab.ch\/fr\/wp-json\/wp\/v2\/pages\/11314","targetHints":{"allow":["GET"]}}],"collection":[{"href":"https:\/\/www.sab.ch\/fr\/wp-json\/wp\/v2\/pages"}],"about":[{"href":"https:\/\/www.sab.ch\/fr\/wp-json\/wp\/v2\/types\/page"}],"author":[{"embeddable":true,"href":"https:\/\/www.sab.ch\/fr\/wp-json\/wp\/v2\/users\/3"}],"replies":[{"embeddable":true,"href":"https:\/\/www.sab.ch\/fr\/wp-json\/wp\/v2\/comments?post=11314"}],"version-history":[{"count":5,"href":"https:\/\/www.sab.ch\/fr\/wp-json\/wp\/v2\/pages\/11314\/revisions"}],"predecessor-version":[{"id":11319,"href":"https:\/\/www.sab.ch\/fr\/wp-json\/wp\/v2\/pages\/11314\/revisions\/11319"}],"up":[{"embeddable":true,"href":"https:\/\/www.sab.ch\/fr\/wp-json\/wp\/v2\/pages\/7623"}],"wp:attachment":[{"href":"https:\/\/www.sab.ch\/fr\/wp-json\/wp\/v2\/media?parent=11314"}],"curies":[{"name":"wp","href":"https:\/\/api.w.org\/{rel}","templated":true}]}}