{"id":11323,"date":"2023-01-19T09:48:52","date_gmt":"2023-01-19T08:48:52","guid":{"rendered":"https:\/\/www.sab.ch\/dienstleistungen\/cooperation-internationale\/intesi\/"},"modified":"2023-01-19T09:48:52","modified_gmt":"2023-01-19T08:48:52","slug":"intesi","status":"publish","type":"page","link":"https:\/\/www.sab.ch\/fr\/dienstleistungen\/cooperation-internationale\/intesi\/","title":{"rendered":"INTESI"},"content":{"rendered":"<div  class='flex_column av-3ywy9a-fe1e9d83665ac7407f09a1ff680b9987 av_two_third  avia-builder-el-0  el_before_av_one_third  avia-builder-el-first  first flex_column_div  '     ><section  class='av_textblock_section av-lav2wnha-051be43071071642b259d991ebb52a19 '   itemscope=\"itemscope\" itemtype=\"https:\/\/schema.org\/CreativeWork\" ><div class='avia_textblock'  itemprop=\"text\" ><h2 class=\"csc-firstHeader\">INTESI<\/h2>\n<p><b>INTESI \u2013 Une approche intersectorielle de gouvernance territoriale destin\u00e9e \u00e0 assurer le service public dans les Alpes<\/b><\/p>\n<p>Le projet INTESI vise \u00e0 am\u00e9liorer la coordination horizontale (multisectorielle) et verticale (multi-niveaux) dans le domaine du service universel. Des propositions seront \u00e9mises, afin d\u2019adapter les strat\u00e9gies et les politiques existantes selon un concept territorial et non sectoriel (mod\u00e8le de gouvernance multi-niveaux).<\/p>\n<p>INTESI doit rassembler et analyser les strat\u00e9gies d\u00e9velopp\u00e9es dans les Alpes afin d\u2019identifier les besoins et potentiels en relation avec le service universel. D\u2019autre part, il est aussi question de proc\u00e9der \u00e0 des \u00e9changes avec des partenaires issus de cinq pays alpins. Des r\u00e9gions et projets-pilotes serviront \u00e0 d\u00e9montrer quels sont les potentiels utilisables, en mati\u00e8re de coop\u00e9ration transsectorielle. Cette d\u00e9marche prendra en consid\u00e9ration les d\u00e9fis li\u00e9s aux changements d\u00e9mographiques, ainsi que les opportunit\u00e9s d\u00e9coulant des technologies informatiques. Ces diff\u00e9rents param\u00e8tres seront ensuite introduits dans un mod\u00e8le de gouvernance multi-niveaux, en vue de d\u00e9velopper des solutions pratiques. De mani\u00e8re g\u00e9n\u00e9rale, INTESI devra mettre en valeur des enseignements pratiques et scientifiques, tout en les int\u00e9grant dans une d\u00e9marche politique. Pour y parvenir, le SAB va cr\u00e9er un Think Tank qui r\u00e9unira divers acteurs li\u00e9s au service universel (fournisseurs de services, responsables politiques, ONG, Hautes Ecoles sp\u00e9cialis\u00e9es, Universit\u00e9s).<\/p>\n<p>Ce groupe se r\u00e9unira r\u00e9guli\u00e8rement, afin d\u2019organiser des \u00e9changes d\u2019informations. INTESI constitue un projet de mise en \u0153uvre du rapport sur le service public dans le domaine des infrastructures (2004), de l\u2019objectif 1 du Projet de territoire suisse et du deuxi\u00e8me pilier de la strat\u00e9gie EUSALP.<\/p>\n<p>Le projet INTESI est cofinanc\u00e9 par l\u2019office f\u00e9d\u00e9rale pour l\u2019am\u00e9nagement du territoire (ARE) et le fonds europ\u00e9en pour le d\u00e9veloppement rural (EFRE) via Interreg Espace alpin.<\/p>\n<p>Dur\u00e9e du projet: 36 mois (decembre 2015 \u2013 novembre 2018)<br \/>\nBudget: 1.938.639,42 Euro<br \/>\nEFRE cofinancement: 1.501.473,51 Euro<br \/>\nARE cofinancement: 86.100 CHF<\/p>\n<p><b>Lien vers le site internet de INTESI <a href=\"http:\/\/www.alpine-space.eu\/projects\/intesi\/en\/home\" target=\"_blank\" rel=\"noopener\"><span lang=\"DE\">ici<\/span><\/a><\/b><\/p>\n<p><a href=\"\/wp-content\/uploads\/2022\/11\/INTESI_Flyer_web.pdf\">Intesi broschure (englais)<\/a><\/p>\n<p>Cotanct: Peter Niederer, <a href=\"&#112;&#x65;t&#101;&#x72;&#46;&#110;&#x69;e&#100;&#x65;r&#101;&#x72;&#64;&#115;&#x61;b&#46;&#x63;h\">&#112;&#x65;&#x74;e&#114;&#x2e;n&#105;&#x65;&#x64;&#101;&#x72;&#x65;r&#64;&#x73;a&#98;&#x2e;&#x63;&#104;<\/a><\/p>\n<ul class=\"csc-uploads csc-uploads-0\">\n<li class=\"li-odd li-first csc-uploads-element csc-uploads-element-pdf\"><a href=\"\/wp-content\/uploads\/2022\/11\/INTESI_ARE_NL_Dezember_DE.pdf\">Newsletter INTESI ARE (d\u00e9cembre 2018)<\/a><\/li>\n<li class=\"li-even csc-uploads-element csc-uploads-element-pdf\"><a href=\"\/wp-content\/uploads\/2022\/11\/Medienmitteilung_-_The_potential_of_integration_in_the_delivery_of_Servi.._.pdf\">Communiqu\u00e9 de presse de la conf\u00e9rence finale du projet Interreg Alpine Space \u00ab Intesi \u00bb (10.10.2018)<\/a><\/li>\n<li class=\"li-odd csc-uploads-element csc-uploads-element-pdf\"><a href=\"\/wp-content\/uploads\/2022\/11\/INTESI_regioS_12.pdf\">INTESI : strat\u00e9gies contre la desserte insuffisante des p\u00e9riph\u00e9ries (Ao\u00fbt 2017)<\/a><\/li>\n<li class=\"li-even csc-uploads-element csc-uploads-element-pdf\"><a href=\"\/wp-content\/uploads\/2022\/11\/PM1129_Intesi_def.pdf\">CP INTESI: Cr\u00e9er des synergies dans le domaine du service public (23.02.2017)<\/a><\/li>\n<li class=\"li-odd csc-uploads-element csc-uploads-element-pdf\"><a href=\"\/wp-content\/uploads\/2022\/11\/Booklet_INTESI_D.pdf\">Booklet INTESI<\/a><\/li>\n<li class=\"li-even csc-uploads-element csc-uploads-element-pdf\"><a href=\"\/wp-content\/uploads\/2022\/11\/INTESI_Handbook_DE_web.pdf\">Handbook INTESI<\/a><\/li>\n<\/ul>\n<\/div><\/section><\/div><div  class='flex_column av-2h2q0u-6820b50ecb121f60d18bb0a465386c14 av_one_third  avia-builder-el-2  el_after_av_two_third  avia-builder-el-last  flex_column_div  '     ><p>\n<style type=\"text\/css\" data-created_by=\"avia_inline_auto\" id=\"style-css-av-lav2v1w6-05147cbce1ceb0d156f74da89556407e\">\n.avia-image-container.av-lav2v1w6-05147cbce1ceb0d156f74da89556407e img.avia_image{\nbox-shadow:none;\n}\n.avia-image-container.av-lav2v1w6-05147cbce1ceb0d156f74da89556407e .av-image-caption-overlay-center{\ncolor:#ffffff;\n}\n<\/style>\n<div  class='avia-image-container av-lav2v1w6-05147cbce1ceb0d156f74da89556407e av-styling- avia-align-left  avia-builder-el-3  el_before_av_image  avia-builder-el-first '   itemprop=\"image\" itemscope=\"itemscope\" itemtype=\"https:\/\/schema.org\/ImageObject\" ><div class=\"avia-image-container-inner\"><div class=\"avia-image-overlay-wrap\"><img decoding=\"async\" fetchpriority=\"high\" class='wp-image-7723 avia-img-lazy-loading-not-7723 avia_image ' src=\"https:\/\/www.sab.ch\/wp-content\/uploads\/2022\/11\/csm_INTESI_EU_quer_92d819e7d0-2.jpg\" alt='' title='csm_INTESI_EU_quer_92d819e7d0'  height=\"99\" width=\"250\"  itemprop=\"thumbnailUrl\"  \/><\/div><\/div><\/div><br \/>\n\n<style type=\"text\/css\" data-created_by=\"avia_inline_auto\" id=\"style-css-av-lav2xfto-c40eb872b48d70c8bb7283d2f815db83\">\n.avia-image-container.av-lav2xfto-c40eb872b48d70c8bb7283d2f815db83 img.avia_image{\nbox-shadow:none;\n}\n.avia-image-container.av-lav2xfto-c40eb872b48d70c8bb7283d2f815db83 .av-image-caption-overlay-center{\ncolor:#ffffff;\n}\n<\/style>\n<div  class='avia-image-container av-lav2xfto-c40eb872b48d70c8bb7283d2f815db83 av-styling- avia-align-left  avia-builder-el-4  el_after_av_image  avia-builder-el-last '   itemprop=\"image\" itemscope=\"itemscope\" itemtype=\"https:\/\/schema.org\/ImageObject\" ><div class=\"avia-image-container-inner\"><div class=\"avia-image-overlay-wrap\"><img decoding=\"async\" fetchpriority=\"high\" class='wp-image-4660 avia-img-lazy-loading-not-4660 avia_image ' src=\"https:\/\/www.sab.ch\/wp-content\/uploads\/2022\/11\/csm_Logo_NRP_e_horizontal_print_fd3ef81f38-1.jpg\" alt='' title='csm_Logo_NRP_e_horizontal_print_fd3ef81f38'  height=\"166\" width=\"250\"  itemprop=\"thumbnailUrl\"  \/><\/div><\/div><\/div><\/p><\/div><\/p>\n","protected":false},"excerpt":{"rendered":"","protected":false},"author":3,"featured_media":0,"parent":11320,"menu_order":0,"comment_status":"closed","ping_status":"closed","template":"","meta":{"footnotes":""},"class_list":["post-11323","page","type-page","status-publish","hentry"],"yoast_head":"<!-- This site is optimized with the Yoast SEO plugin v27.5 - https:\/\/yoast.com\/product\/yoast-seo-wordpress\/ -->\n<title>INTESI - S A B<\/title>\n<meta name=\"robots\" content=\"index, follow, max-snippet:-1, max-image-preview:large, max-video-preview:-1\" \/>\n<link rel=\"canonical\" href=\"https:\/\/www.sab.ch\/fr\/dienstleistungen\/cooperation-internationale\/intesi\/\" \/>\n<meta property=\"og:locale\" content=\"fr_FR\" \/>\n<meta property=\"og:type\" content=\"article\" \/>\n<meta property=\"og:title\" content=\"INTESI - S A B\" \/>\n<meta property=\"og:url\" content=\"https:\/\/www.sab.ch\/fr\/dienstleistungen\/cooperation-internationale\/intesi\/\" \/>\n<meta property=\"og:site_name\" content=\"S A B\" \/>\n<meta name=\"twitter:card\" content=\"summary_large_image\" \/>\n<meta name=\"twitter:label1\" content=\"Dur\u00e9e de lecture estim\u00e9e\" \/>\n\t<meta name=\"twitter:data1\" content=\"10 minutes\" \/>\n<script type=\"application\/ld+json\" class=\"yoast-schema-graph\">{\"@context\":\"https:\\\/\\\/schema.org\",\"@graph\":[{\"@type\":\"WebPage\",\"@id\":\"https:\\\/\\\/www.sab.ch\\\/fr\\\/dienstleistungen\\\/cooperation-internationale\\\/intesi\\\/\",\"url\":\"https:\\\/\\\/www.sab.ch\\\/fr\\\/dienstleistungen\\\/cooperation-internationale\\\/intesi\\\/\",\"name\":\"INTESI - S A B\",\"isPartOf\":{\"@id\":\"https:\\\/\\\/www.sab.ch\\\/fr\\\/#website\"},\"datePublished\":\"2023-01-19T08:48:52+00:00\",\"breadcrumb\":{\"@id\":\"https:\\\/\\\/www.sab.ch\\\/fr\\\/dienstleistungen\\\/cooperation-internationale\\\/intesi\\\/#breadcrumb\"},\"inLanguage\":\"fr-FR\",\"potentialAction\":[{\"@type\":\"ReadAction\",\"target\":[\"https:\\\/\\\/www.sab.ch\\\/fr\\\/dienstleistungen\\\/cooperation-internationale\\\/intesi\\\/\"]}]},{\"@type\":\"BreadcrumbList\",\"@id\":\"https:\\\/\\\/www.sab.ch\\\/fr\\\/dienstleistungen\\\/cooperation-internationale\\\/intesi\\\/#breadcrumb\",\"itemListElement\":[{\"@type\":\"ListItem\",\"position\":1,\"name\":\"Startseite\",\"item\":\"https:\\\/\\\/www.sab.ch\\\/fr\\\/home\\\/\"},{\"@type\":\"ListItem\",\"position\":2,\"name\":\"Prestations\",\"item\":\"https:\\\/\\\/www.sab.ch\\\/fr\\\/dienstleistungen\\\/\"},{\"@type\":\"ListItem\",\"position\":3,\"name\":\"Coop\u00e9ration internationale\",\"item\":\"https:\\\/\\\/www.sab.ch\\\/fr\\\/dienstleistungen\\\/cooperation-internationale\\\/\"},{\"@type\":\"ListItem\",\"position\":4,\"name\":\"INTESI\"}]},{\"@type\":\"WebSite\",\"@id\":\"https:\\\/\\\/www.sab.ch\\\/fr\\\/#website\",\"url\":\"https:\\\/\\\/www.sab.ch\\\/fr\\\/\",\"name\":\"S A B\",\"description\":\"\",\"potentialAction\":[{\"@type\":\"SearchAction\",\"target\":{\"@type\":\"EntryPoint\",\"urlTemplate\":\"https:\\\/\\\/www.sab.ch\\\/fr\\\/?s={search_term_string}\"},\"query-input\":{\"@type\":\"PropertyValueSpecification\",\"valueRequired\":true,\"valueName\":\"search_term_string\"}}],\"inLanguage\":\"fr-FR\"}]}<\/script>\n<!-- \/ Yoast SEO plugin. -->","yoast_head_json":{"title":"INTESI - S A B","robots":{"index":"index","follow":"follow","max-snippet":"max-snippet:-1","max-image-preview":"max-image-preview:large","max-video-preview":"max-video-preview:-1"},"canonical":"https:\/\/www.sab.ch\/fr\/dienstleistungen\/cooperation-internationale\/intesi\/","og_locale":"fr_FR","og_type":"article","og_title":"INTESI - S A B","og_url":"https:\/\/www.sab.ch\/fr\/dienstleistungen\/cooperation-internationale\/intesi\/","og_site_name":"S A B","twitter_card":"summary_large_image","twitter_misc":{"Dur\u00e9e de lecture estim\u00e9e":"10 minutes"},"schema":{"@context":"https:\/\/schema.org","@graph":[{"@type":"WebPage","@id":"https:\/\/www.sab.ch\/fr\/dienstleistungen\/cooperation-internationale\/intesi\/","url":"https:\/\/www.sab.ch\/fr\/dienstleistungen\/cooperation-internationale\/intesi\/","name":"INTESI - S A B","isPartOf":{"@id":"https:\/\/www.sab.ch\/fr\/#website"},"datePublished":"2023-01-19T08:48:52+00:00","breadcrumb":{"@id":"https:\/\/www.sab.ch\/fr\/dienstleistungen\/cooperation-internationale\/intesi\/#breadcrumb"},"inLanguage":"fr-FR","potentialAction":[{"@type":"ReadAction","target":["https:\/\/www.sab.ch\/fr\/dienstleistungen\/cooperation-internationale\/intesi\/"]}]},{"@type":"BreadcrumbList","@id":"https:\/\/www.sab.ch\/fr\/dienstleistungen\/cooperation-internationale\/intesi\/#breadcrumb","itemListElement":[{"@type":"ListItem","position":1,"name":"Startseite","item":"https:\/\/www.sab.ch\/fr\/home\/"},{"@type":"ListItem","position":2,"name":"Prestations","item":"https:\/\/www.sab.ch\/fr\/dienstleistungen\/"},{"@type":"ListItem","position":3,"name":"Coop\u00e9ration internationale","item":"https:\/\/www.sab.ch\/fr\/dienstleistungen\/cooperation-internationale\/"},{"@type":"ListItem","position":4,"name":"INTESI"}]},{"@type":"WebSite","@id":"https:\/\/www.sab.ch\/fr\/#website","url":"https:\/\/www.sab.ch\/fr\/","name":"S A B","description":"","potentialAction":[{"@type":"SearchAction","target":{"@type":"EntryPoint","urlTemplate":"https:\/\/www.sab.ch\/fr\/?s={search_term_string}"},"query-input":{"@type":"PropertyValueSpecification","valueRequired":true,"valueName":"search_term_string"}}],"inLanguage":"fr-FR"}]}},"_links":{"self":[{"href":"https:\/\/www.sab.ch\/fr\/wp-json\/wp\/v2\/pages\/11323","targetHints":{"allow":["GET"]}}],"collection":[{"href":"https:\/\/www.sab.ch\/fr\/wp-json\/wp\/v2\/pages"}],"about":[{"href":"https:\/\/www.sab.ch\/fr\/wp-json\/wp\/v2\/types\/page"}],"author":[{"embeddable":true,"href":"https:\/\/www.sab.ch\/fr\/wp-json\/wp\/v2\/users\/3"}],"replies":[{"embeddable":true,"href":"https:\/\/www.sab.ch\/fr\/wp-json\/wp\/v2\/comments?post=11323"}],"version-history":[{"count":2,"href":"https:\/\/www.sab.ch\/fr\/wp-json\/wp\/v2\/pages\/11323\/revisions"}],"predecessor-version":[{"id":11325,"href":"https:\/\/www.sab.ch\/fr\/wp-json\/wp\/v2\/pages\/11323\/revisions\/11325"}],"up":[{"embeddable":true,"href":"https:\/\/www.sab.ch\/fr\/wp-json\/wp\/v2\/pages\/11320"}],"wp:attachment":[{"href":"https:\/\/www.sab.ch\/fr\/wp-json\/wp\/v2\/media?parent=11323"}],"curies":[{"name":"wp","href":"https:\/\/api.w.org\/{rel}","templated":true}]}}