{"id":11326,"date":"2023-01-19T09:57:32","date_gmt":"2023-01-19T08:57:32","guid":{"rendered":"https:\/\/www.sab.ch\/dienstleistungen\/cooperation-internationale\/projet-eusalp-et-alpgov\/"},"modified":"2023-01-19T09:57:32","modified_gmt":"2023-01-19T08:57:32","slug":"projet-eusalp-et-alpgov","status":"publish","type":"page","link":"https:\/\/www.sab.ch\/fr\/dienstleistungen\/cooperation-internationale\/projet-eusalp-et-alpgov\/","title":{"rendered":"Projet EUSALP et AlpGov"},"content":{"rendered":"<div id='av_section_1'  class='avia-section av-kbufzd3s-dd428f854b73db9c732bdb3b761e163e main_color avia-section-default avia-shadow  avia-builder-el-0  avia-builder-el-no-sibling  avia-bg-style-scroll container_wrap fullsize'  ><div class='container av-section-cont-open' ><main  role=\"main\" itemprop=\"mainContentOfPage\"  class='template-page content  av-content-full alpha units'><div class='post-entry post-entry-type-page post-entry-11326'><div class='entry-content-wrapper clearfix'>\n<div  class='flex_column av-4qltlx-1416736e731350a051c12a5a55b9e696 av_two_third  avia-builder-el-1  el_before_av_one_third  avia-builder-el-first  first flex_column_div  '     ><section  class='av_textblock_section av-lav33g2x-11a9d834ea1304c59f455efc52a37744 '   itemscope=\"itemscope\" itemtype=\"https:\/\/schema.org\/CreativeWork\" ><div class='avia_textblock'  itemprop=\"text\" ><h2>Projet EUSALP et AlpGov<\/h2>\n<p><b>Informations en brefs:<\/b><\/p>\n<p><b>Organisation chef de file<\/b>: R\u00e9gion Lombardie &#8211; DG Environnement et climat<br \/>\n<b>Statut<\/b>: termin\u00e9<br \/>\n<b>Partenaires du projet:<\/b> tous les groupes d&rsquo;action EUSALP<b> <\/b><br \/>\n<b>Dur\u00e9e du projet<\/b>: 30 mois, de janvier 2020 \u00e0 juin 2022<br \/>\n<b>Soutien de l&rsquo;Union europ\u00e9enne<\/b> : 2.399.615,28 Euro<br \/>\n<b>Valeur du projet:<\/b> 3.003.076,8 euros<\/p>\n<p>AlpGov 2 vise \u00e0 am\u00e9liorer les structures et les m\u00e9canismes de gouvernance de la SUERA afin de pousser la strat\u00e9gie vers un avenir d&rsquo;int\u00e9gration dans les politiques g\u00e9n\u00e9rales de d\u00e9veloppement r\u00e9gional et de coh\u00e9sion. Dans EUSALP, les sept pays alpins et les 48 r\u00e9gions alpines entretiennent une coop\u00e9ration plus intensive. EUSALP repose sur trois piliers : l&rsquo;\u00e9conomie, l&rsquo;accessibilit\u00e9 et les ressources. Ces trois piliers sont concr\u00e9tis\u00e9s par neuf groupes d&rsquo;action au total. Le SAB a dirig\u00e9 l&rsquo;un de ces neuf groupes d&rsquo;action en collaboration avec la r\u00e9gion du Val d&rsquo;Aoste. Le groupe d&rsquo;action en question s&rsquo;est pench\u00e9 sur le th\u00e8me de l&rsquo;accessibilit\u00e9 et de la num\u00e9risation de l&rsquo;espace alpin.<\/p>\n<p><b>Chef de projet<br \/>\n<\/b><br \/>\nLombardy Region &#8211; DG Environment and Climate<\/p>\n<p><b>Partenaires<br \/>\n<\/b><br \/>\nOffice of the Tyrolean Provincial Government &#8211; Transport Planning, Austria<br \/>\nOffice of the Provincial Government of Carinthia, Austria<br \/>\nAustrian Federal Ministry of Agriculture, Regions and Tourism, Austria<br \/>\nPermanent Secretariat of the Alpine Convention, Austria<br \/>\nBavarian State Ministry for the Environment and Consumer Protection, Germany<br \/>\nNational Agency for Territorial Cohesion, France<br \/>\nAuvergne-Rh\u00f4ne-Alpes Region, France<br \/>\nSud-Provence Alpes C\u00f4te-d&rsquo;Azur Region, France<br \/>\nAuvergne-Rh\u00f4ne-Alpes Regional Energy Environment Agency, France<br \/>\nAutonomous Province of Trento, Italy<br \/>\nAutonomous Region Valle d&rsquo;Aosta, Italy<br \/>\nSouth Tyrol Energy Agency &#8211; Casaclima, Italy<br \/>\nInstitute of the Republic of Slovenia for Nature Conservation, Slovenia<br \/>\nSwiss Center for Mountain Regions, Switzerland<\/p>\n<p><b>Informations compl\u00e9mentaires<\/b><\/p>\n<p>Alpgov: <a href=\"http:\/\/www.alpine-region.eu\/\" target=\"_blank\" rel=\"noopener\">alpine-region.eu<\/a><\/p>\n<p><span style=\"font-weight: bold;\"><br \/>\nDocuments et autres informations au sujet du projet (en anglais)<\/span><\/p>\n<ul class=\"csc-uploads csc-uploads-0\">\n<li class=\"li-odd li-first csc-uploads-element csc-uploads-element-pdf\"><a href=\"\/wp-content\/uploads\/2022\/11\/AlpGov2_A3.pdf\">Informations au sujet du projet AlpGov 2<\/a><\/li>\n<li class=\"li-even csc-uploads-element csc-uploads-element-pdf\"><a href=\"\/wp-content\/uploads\/2022\/11\/Schlussbericht_ALPGOV.pdf\">Rapport final ALPGOV<\/a><\/li>\n<li class=\"li-odd csc-uploads-element csc-uploads-element-pdf\"><a href=\"\/wp-content\/uploads\/2022\/11\/AG5_governance_study_final1.pdf\">AG 5: Gouvernance report<\/a><\/li>\n<li class=\"li-even csc-uploads-element csc-uploads-element-pdf\"><a href=\"\/wp-content\/uploads\/2022\/11\/Financial_report_final.pdf\">AG 5: financial report- final<\/a><\/li>\n<li class=\"li-odd csc-uploads-element csc-uploads-element-pdf\"><a href=\"\/wp-content\/uploads\/2022\/11\/AG5_Intermediate_report_2019.pdf\">AG 5: intermediate report 2019<\/a><\/li>\n<\/ul>\n<\/div><\/section><\/div><div  class='flex_column av-2ano4l-be7fca2b342482a87aa4e97d00f9e87e av_one_third  avia-builder-el-3  el_after_av_two_third  avia-builder-el-last  flex_column_div  '     ><style type=\"text\/css\" data-created_by=\"avia_inline_auto\" id=\"style-css-av-lav32z2t-fd182e043757eb5e1cae4e8c76549bc2\">\n.avia-image-container.av-lav32z2t-fd182e043757eb5e1cae4e8c76549bc2 img.avia_image{\nbox-shadow:none;\n}\n.avia-image-container.av-lav32z2t-fd182e043757eb5e1cae4e8c76549bc2 .av-image-caption-overlay-center{\ncolor:#ffffff;\n}\n<\/style>\n<div  class='avia-image-container av-lav32z2t-fd182e043757eb5e1cae4e8c76549bc2 av-styling- avia-align-left  avia-builder-el-4  avia-builder-el-no-sibling '   itemprop=\"image\" itemscope=\"itemscope\" itemtype=\"https:\/\/schema.org\/ImageObject\" ><div class=\"avia-image-container-inner\"><div class=\"avia-image-overlay-wrap\"><img decoding=\"async\" fetchpriority=\"high\" class='wp-image-7735 avia-img-lazy-loading-not-7735 avia_image ' src=\"https:\/\/www.sab.ch\/wp-content\/uploads\/2022\/11\/ASP_AlpGov_logo_positive_side_no_ERDF_CMYK-2.png\" alt='' title='ASP_AlpGov_logo_positive_side_no_ERDF_CMYK'  height=\"147\" width=\"658\"  itemprop=\"thumbnailUrl\"  \/><\/div><\/div><\/div><\/div>\n","protected":false},"excerpt":{"rendered":"","protected":false},"author":3,"featured_media":0,"parent":11320,"menu_order":0,"comment_status":"closed","ping_status":"closed","template":"","meta":{"footnotes":""},"class_list":["post-11326","page","type-page","status-publish","hentry"],"yoast_head":"<!-- This site is optimized with the Yoast SEO plugin v27.4 - https:\/\/yoast.com\/product\/yoast-seo-wordpress\/ -->\n<title>Projet EUSALP et AlpGov - S A B<\/title>\n<meta name=\"robots\" content=\"index, follow, max-snippet:-1, max-image-preview:large, max-video-preview:-1\" \/>\n<link rel=\"canonical\" href=\"https:\/\/www.sab.ch\/fr\/dienstleistungen\/cooperation-internationale\/projet-eusalp-et-alpgov\/\" \/>\n<meta property=\"og:locale\" content=\"fr_FR\" \/>\n<meta property=\"og:type\" content=\"article\" \/>\n<meta property=\"og:title\" content=\"Projet EUSALP et AlpGov - S A B\" \/>\n<meta property=\"og:url\" content=\"https:\/\/www.sab.ch\/fr\/dienstleistungen\/cooperation-internationale\/projet-eusalp-et-alpgov\/\" \/>\n<meta property=\"og:site_name\" content=\"S A B\" \/>\n<meta name=\"twitter:card\" content=\"summary_large_image\" \/>\n<meta name=\"twitter:label1\" content=\"Dur\u00e9e de lecture estim\u00e9e\" \/>\n\t<meta name=\"twitter:data1\" content=\"8 minutes\" \/>\n<script type=\"application\/ld+json\" class=\"yoast-schema-graph\">{\"@context\":\"https:\\\/\\\/schema.org\",\"@graph\":[{\"@type\":\"WebPage\",\"@id\":\"https:\\\/\\\/www.sab.ch\\\/fr\\\/dienstleistungen\\\/cooperation-internationale\\\/projet-eusalp-et-alpgov\\\/\",\"url\":\"https:\\\/\\\/www.sab.ch\\\/fr\\\/dienstleistungen\\\/cooperation-internationale\\\/projet-eusalp-et-alpgov\\\/\",\"name\":\"Projet EUSALP et AlpGov - S A B\",\"isPartOf\":{\"@id\":\"https:\\\/\\\/www.sab.ch\\\/fr\\\/#website\"},\"datePublished\":\"2023-01-19T08:57:32+00:00\",\"breadcrumb\":{\"@id\":\"https:\\\/\\\/www.sab.ch\\\/fr\\\/dienstleistungen\\\/cooperation-internationale\\\/projet-eusalp-et-alpgov\\\/#breadcrumb\"},\"inLanguage\":\"fr-FR\",\"potentialAction\":[{\"@type\":\"ReadAction\",\"target\":[\"https:\\\/\\\/www.sab.ch\\\/fr\\\/dienstleistungen\\\/cooperation-internationale\\\/projet-eusalp-et-alpgov\\\/\"]}]},{\"@type\":\"BreadcrumbList\",\"@id\":\"https:\\\/\\\/www.sab.ch\\\/fr\\\/dienstleistungen\\\/cooperation-internationale\\\/projet-eusalp-et-alpgov\\\/#breadcrumb\",\"itemListElement\":[{\"@type\":\"ListItem\",\"position\":1,\"name\":\"Startseite\",\"item\":\"https:\\\/\\\/www.sab.ch\\\/fr\\\/home\\\/\"},{\"@type\":\"ListItem\",\"position\":2,\"name\":\"Prestations\",\"item\":\"https:\\\/\\\/www.sab.ch\\\/fr\\\/dienstleistungen\\\/\"},{\"@type\":\"ListItem\",\"position\":3,\"name\":\"Coop\u00e9ration internationale\",\"item\":\"https:\\\/\\\/www.sab.ch\\\/fr\\\/dienstleistungen\\\/cooperation-internationale\\\/\"},{\"@type\":\"ListItem\",\"position\":4,\"name\":\"Projet EUSALP et AlpGov\"}]},{\"@type\":\"WebSite\",\"@id\":\"https:\\\/\\\/www.sab.ch\\\/fr\\\/#website\",\"url\":\"https:\\\/\\\/www.sab.ch\\\/fr\\\/\",\"name\":\"S A B\",\"description\":\"\",\"potentialAction\":[{\"@type\":\"SearchAction\",\"target\":{\"@type\":\"EntryPoint\",\"urlTemplate\":\"https:\\\/\\\/www.sab.ch\\\/fr\\\/?s={search_term_string}\"},\"query-input\":{\"@type\":\"PropertyValueSpecification\",\"valueRequired\":true,\"valueName\":\"search_term_string\"}}],\"inLanguage\":\"fr-FR\"}]}<\/script>\n<!-- \/ Yoast SEO plugin. -->","yoast_head_json":{"title":"Projet EUSALP et AlpGov - S A B","robots":{"index":"index","follow":"follow","max-snippet":"max-snippet:-1","max-image-preview":"max-image-preview:large","max-video-preview":"max-video-preview:-1"},"canonical":"https:\/\/www.sab.ch\/fr\/dienstleistungen\/cooperation-internationale\/projet-eusalp-et-alpgov\/","og_locale":"fr_FR","og_type":"article","og_title":"Projet EUSALP et AlpGov - S A B","og_url":"https:\/\/www.sab.ch\/fr\/dienstleistungen\/cooperation-internationale\/projet-eusalp-et-alpgov\/","og_site_name":"S A B","twitter_card":"summary_large_image","twitter_misc":{"Dur\u00e9e de lecture estim\u00e9e":"8 minutes"},"schema":{"@context":"https:\/\/schema.org","@graph":[{"@type":"WebPage","@id":"https:\/\/www.sab.ch\/fr\/dienstleistungen\/cooperation-internationale\/projet-eusalp-et-alpgov\/","url":"https:\/\/www.sab.ch\/fr\/dienstleistungen\/cooperation-internationale\/projet-eusalp-et-alpgov\/","name":"Projet EUSALP et AlpGov - S A B","isPartOf":{"@id":"https:\/\/www.sab.ch\/fr\/#website"},"datePublished":"2023-01-19T08:57:32+00:00","breadcrumb":{"@id":"https:\/\/www.sab.ch\/fr\/dienstleistungen\/cooperation-internationale\/projet-eusalp-et-alpgov\/#breadcrumb"},"inLanguage":"fr-FR","potentialAction":[{"@type":"ReadAction","target":["https:\/\/www.sab.ch\/fr\/dienstleistungen\/cooperation-internationale\/projet-eusalp-et-alpgov\/"]}]},{"@type":"BreadcrumbList","@id":"https:\/\/www.sab.ch\/fr\/dienstleistungen\/cooperation-internationale\/projet-eusalp-et-alpgov\/#breadcrumb","itemListElement":[{"@type":"ListItem","position":1,"name":"Startseite","item":"https:\/\/www.sab.ch\/fr\/home\/"},{"@type":"ListItem","position":2,"name":"Prestations","item":"https:\/\/www.sab.ch\/fr\/dienstleistungen\/"},{"@type":"ListItem","position":3,"name":"Coop\u00e9ration internationale","item":"https:\/\/www.sab.ch\/fr\/dienstleistungen\/cooperation-internationale\/"},{"@type":"ListItem","position":4,"name":"Projet EUSALP et AlpGov"}]},{"@type":"WebSite","@id":"https:\/\/www.sab.ch\/fr\/#website","url":"https:\/\/www.sab.ch\/fr\/","name":"S A B","description":"","potentialAction":[{"@type":"SearchAction","target":{"@type":"EntryPoint","urlTemplate":"https:\/\/www.sab.ch\/fr\/?s={search_term_string}"},"query-input":{"@type":"PropertyValueSpecification","valueRequired":true,"valueName":"search_term_string"}}],"inLanguage":"fr-FR"}]}},"_links":{"self":[{"href":"https:\/\/www.sab.ch\/fr\/wp-json\/wp\/v2\/pages\/11326","targetHints":{"allow":["GET"]}}],"collection":[{"href":"https:\/\/www.sab.ch\/fr\/wp-json\/wp\/v2\/pages"}],"about":[{"href":"https:\/\/www.sab.ch\/fr\/wp-json\/wp\/v2\/types\/page"}],"author":[{"embeddable":true,"href":"https:\/\/www.sab.ch\/fr\/wp-json\/wp\/v2\/users\/3"}],"replies":[{"embeddable":true,"href":"https:\/\/www.sab.ch\/fr\/wp-json\/wp\/v2\/comments?post=11326"}],"version-history":[{"count":2,"href":"https:\/\/www.sab.ch\/fr\/wp-json\/wp\/v2\/pages\/11326\/revisions"}],"predecessor-version":[{"id":11328,"href":"https:\/\/www.sab.ch\/fr\/wp-json\/wp\/v2\/pages\/11326\/revisions\/11328"}],"up":[{"embeddable":true,"href":"https:\/\/www.sab.ch\/fr\/wp-json\/wp\/v2\/pages\/11320"}],"wp:attachment":[{"href":"https:\/\/www.sab.ch\/fr\/wp-json\/wp\/v2\/media?parent=11326"}],"curies":[{"name":"wp","href":"https:\/\/api.w.org\/{rel}","templated":true}]}}