{"id":11329,"date":"2023-01-19T10:19:04","date_gmt":"2023-01-19T09:19:04","guid":{"rendered":"https:\/\/www.sab.ch\/dienstleistungen\/cooperation-internationale\/projet-amelioration-de-la-fabrication-et-de-la-commercialisation-des-produits-laitiers-de-brebis-en-roumanie\/"},"modified":"2023-01-19T10:19:04","modified_gmt":"2023-01-19T09:19:04","slug":"projet-amelioration-de-la-fabrication-et-de-la-commercialisation-des-produits-laitiers-de-brebis-en-roumanie","status":"publish","type":"page","link":"https:\/\/www.sab.ch\/fr\/dienstleistungen\/cooperation-internationale\/projet-amelioration-de-la-fabrication-et-de-la-commercialisation-des-produits-laitiers-de-brebis-en-roumanie\/","title":{"rendered":"Projet \u00a0\u00bb Am\u00e9lioration de la fabrication et de la commercialisation des produits laitiers de brebis en Roumanie \u00ab\u00a0."},"content":{"rendered":"<div id='av_section_1'  class='avia-section av-kbufzd3s-dd428f854b73db9c732bdb3b761e163e main_color avia-section-default avia-shadow  avia-builder-el-0  avia-builder-el-no-sibling  avia-bg-style-scroll container_wrap fullsize'  ><div class='container av-section-cont-open' ><main  role=\"main\" itemprop=\"mainContentOfPage\"  class='template-page content  av-content-full alpha units'><div class='post-entry post-entry-type-page post-entry-11329'><div class='entry-content-wrapper clearfix'>\n<div  class='flex_column av-3ruyqo-696842e87ade35e4a9b600965b6956b1 av_two_third  avia-builder-el-1  el_before_av_one_third  avia-builder-el-first  first flex_column_div  '     ><section  class='av_textblock_section av-jxk41cbl-de8745f204dcd65c5170bef159d7e21a '   itemscope=\"itemscope\" itemtype=\"https:\/\/schema.org\/CreativeWork\" ><div class='avia_textblock'  itemprop=\"text\" ><h2 class=\"csc-firstHeader\">Projet \u00a0\u00bb Am\u00e9lioration de la fabrication et de la commercialisation des produits laitiers de brebis en Roumanie \u00ab\u00a0.<\/h2>\n<p>L&rsquo;\u00e9conomie alpestre roumaine produit en grande partie dans des conditions qui ne correspondent pas \u00e0 une transformation moderne du lait. Ces produits ne peuvent \u00eatre vendus que sur le march\u00e9 local \u00e0 des prix peu \u00e9lev\u00e9s. C&rsquo;est pourquoi le SAB travaille avec les partenaires roumains du projet \u00e0 l&rsquo;am\u00e9lioration de l&rsquo;ensemble de 6 exploitations d&rsquo;alpages ovins dans le nord-est du pays. Le projet s&rsquo;\u00e9tend de janvier 2014 \u00e0 d\u00e9cembre 2016 et dispose d&rsquo;un budget total de pr\u00e8s de 1,5 million de CHF. Il est financ\u00e9 par la contribution suisse \u00e0 l&rsquo;UE \u00e9largie et par un cofinancement de 10% de la fondation roumaine HEIFER.<\/p>\n<p>Informations compl\u00e9mentaires: <a href=\"http:\/\/www.carpatsheep.ro\/\" target=\"_blank\" rel=\"noopener\">http:\/\/www.carpatsheep.ro\/<\/a><\/p>\n<p>Contact :<\/p>\n<p><a href=\"&#x6d;&#x61;&#105;l&#x74;&#x6f;&#x3a;&#112;e&#x74;&#x65;&#x72;&#46;n&#x69;&#x65;&#x64;&#101;r&#x65;&#x72;&#x40;&#115;a&#x62;&#x2e;&#x63;&#104;\">&#112;&#x65;&#x74;e&#114;&#x2e;n&#105;&#x65;d&#101;&#x72;e&#114;&#x40;&#x73;&#97;&#x62;&#x2e;c&#104;<\/a><\/p>\n<\/div><\/section><\/div><div  class='flex_column av-2owscg-65eee923049d3d2d603826baa8efb0ab av_one_third  avia-builder-el-3  el_after_av_two_third  avia-builder-el-last  flex_column_div  '     ><p>\n<style type=\"text\/css\" data-created_by=\"avia_inline_auto\" id=\"style-css-av-lav4gv95-9ae56d106409ee8b0179a260de03c5a0\">\n.avia-image-container.av-lav4gv95-9ae56d106409ee8b0179a260de03c5a0 img.avia_image{\nbox-shadow:none;\n}\n.avia-image-container.av-lav4gv95-9ae56d106409ee8b0179a260de03c5a0 .av-image-caption-overlay-center{\ncolor:#ffffff;\n}\n<\/style>\n<div  class='avia-image-container av-lav4gv95-9ae56d106409ee8b0179a260de03c5a0 av-styling- avia-align-left  avia-builder-el-4  el_before_av_textblock  avia-builder-el-first '   itemprop=\"image\" itemscope=\"itemscope\" itemtype=\"https:\/\/schema.org\/ImageObject\" ><div class=\"avia-image-container-inner\"><div class=\"avia-image-overlay-wrap\"><img decoding=\"async\" fetchpriority=\"high\" class='wp-image-7771 avia-img-lazy-loading-not-7771 avia_image ' src=\"https:\/\/www.sab.ch\/wp-content\/uploads\/2022\/11\/schafmilchproduzent_Rumaenien-1.jpg\" alt='' title='schafmilchproduzent_Rumaenien'  height=\"334\" width=\"500\"  itemprop=\"thumbnailUrl\"  \/><\/div><\/div><\/div><br \/>\n<section  class='av_textblock_section av-lbnmrral-510058727eb7aa1d214ea96aebe28554 '   itemscope=\"itemscope\" itemtype=\"https:\/\/schema.org\/CreativeWork\" ><div class='avia_textblock'  itemprop=\"text\" ><p><em>Nouvelle fromagerie \u00e0 Bistritsa Bargaului (Photo P.Niederer)<\/em><\/p>\n<\/div><\/section><\/p><\/div>\n","protected":false},"excerpt":{"rendered":"","protected":false},"author":3,"featured_media":0,"parent":11320,"menu_order":0,"comment_status":"closed","ping_status":"closed","template":"","meta":{"footnotes":""},"class_list":["post-11329","page","type-page","status-publish","hentry"],"yoast_head":"<!-- This site is optimized with the Yoast SEO plugin v27.5 - https:\/\/yoast.com\/product\/yoast-seo-wordpress\/ -->\n<title>Projet &quot; Am\u00e9lioration de la fabrication et de la commercialisation des produits laitiers de brebis en Roumanie &quot;. - S A B<\/title>\n<meta name=\"robots\" content=\"index, follow, max-snippet:-1, max-image-preview:large, max-video-preview:-1\" \/>\n<link rel=\"canonical\" href=\"https:\/\/www.sab.ch\/fr\/dienstleistungen\/cooperation-internationale\/projet-amelioration-de-la-fabrication-et-de-la-commercialisation-des-produits-laitiers-de-brebis-en-roumanie\/\" \/>\n<meta property=\"og:locale\" content=\"fr_FR\" \/>\n<meta property=\"og:type\" content=\"article\" \/>\n<meta property=\"og:title\" content=\"Projet &quot; Am\u00e9lioration de la fabrication et de la commercialisation des produits laitiers de brebis en Roumanie &quot;. - S A B\" \/>\n<meta property=\"og:url\" content=\"https:\/\/www.sab.ch\/fr\/dienstleistungen\/cooperation-internationale\/projet-amelioration-de-la-fabrication-et-de-la-commercialisation-des-produits-laitiers-de-brebis-en-roumanie\/\" \/>\n<meta property=\"og:site_name\" content=\"S A B\" \/>\n<meta name=\"twitter:card\" content=\"summary_large_image\" \/>\n<meta name=\"twitter:label1\" content=\"Dur\u00e9e de lecture estim\u00e9e\" \/>\n\t<meta name=\"twitter:data1\" content=\"8 minutes\" \/>\n<script type=\"application\/ld+json\" class=\"yoast-schema-graph\">{\"@context\":\"https:\\\/\\\/schema.org\",\"@graph\":[{\"@type\":\"WebPage\",\"@id\":\"https:\\\/\\\/www.sab.ch\\\/fr\\\/dienstleistungen\\\/cooperation-internationale\\\/projet-amelioration-de-la-fabrication-et-de-la-commercialisation-des-produits-laitiers-de-brebis-en-roumanie\\\/\",\"url\":\"https:\\\/\\\/www.sab.ch\\\/fr\\\/dienstleistungen\\\/cooperation-internationale\\\/projet-amelioration-de-la-fabrication-et-de-la-commercialisation-des-produits-laitiers-de-brebis-en-roumanie\\\/\",\"name\":\"Projet \\\" Am\u00e9lioration de la fabrication et de la commercialisation des produits laitiers de brebis en Roumanie \\\". - S A B\",\"isPartOf\":{\"@id\":\"https:\\\/\\\/www.sab.ch\\\/fr\\\/#website\"},\"datePublished\":\"2023-01-19T09:19:04+00:00\",\"breadcrumb\":{\"@id\":\"https:\\\/\\\/www.sab.ch\\\/fr\\\/dienstleistungen\\\/cooperation-internationale\\\/projet-amelioration-de-la-fabrication-et-de-la-commercialisation-des-produits-laitiers-de-brebis-en-roumanie\\\/#breadcrumb\"},\"inLanguage\":\"fr-FR\",\"potentialAction\":[{\"@type\":\"ReadAction\",\"target\":[\"https:\\\/\\\/www.sab.ch\\\/fr\\\/dienstleistungen\\\/cooperation-internationale\\\/projet-amelioration-de-la-fabrication-et-de-la-commercialisation-des-produits-laitiers-de-brebis-en-roumanie\\\/\"]}]},{\"@type\":\"BreadcrumbList\",\"@id\":\"https:\\\/\\\/www.sab.ch\\\/fr\\\/dienstleistungen\\\/cooperation-internationale\\\/projet-amelioration-de-la-fabrication-et-de-la-commercialisation-des-produits-laitiers-de-brebis-en-roumanie\\\/#breadcrumb\",\"itemListElement\":[{\"@type\":\"ListItem\",\"position\":1,\"name\":\"Startseite\",\"item\":\"https:\\\/\\\/www.sab.ch\\\/fr\\\/home\\\/\"},{\"@type\":\"ListItem\",\"position\":2,\"name\":\"Prestations\",\"item\":\"https:\\\/\\\/www.sab.ch\\\/fr\\\/dienstleistungen\\\/\"},{\"@type\":\"ListItem\",\"position\":3,\"name\":\"Coop\u00e9ration internationale\",\"item\":\"https:\\\/\\\/www.sab.ch\\\/fr\\\/dienstleistungen\\\/cooperation-internationale\\\/\"},{\"@type\":\"ListItem\",\"position\":4,\"name\":\"Projet &#8220; Am\u00e9lioration de la fabrication et de la commercialisation des produits laitiers de brebis en Roumanie &#8222;.\"}]},{\"@type\":\"WebSite\",\"@id\":\"https:\\\/\\\/www.sab.ch\\\/fr\\\/#website\",\"url\":\"https:\\\/\\\/www.sab.ch\\\/fr\\\/\",\"name\":\"S A B\",\"description\":\"\",\"potentialAction\":[{\"@type\":\"SearchAction\",\"target\":{\"@type\":\"EntryPoint\",\"urlTemplate\":\"https:\\\/\\\/www.sab.ch\\\/fr\\\/?s={search_term_string}\"},\"query-input\":{\"@type\":\"PropertyValueSpecification\",\"valueRequired\":true,\"valueName\":\"search_term_string\"}}],\"inLanguage\":\"fr-FR\"}]}<\/script>\n<!-- \/ Yoast SEO plugin. -->","yoast_head_json":{"title":"Projet \" Am\u00e9lioration de la fabrication et de la commercialisation des produits laitiers de brebis en Roumanie \". - S A B","robots":{"index":"index","follow":"follow","max-snippet":"max-snippet:-1","max-image-preview":"max-image-preview:large","max-video-preview":"max-video-preview:-1"},"canonical":"https:\/\/www.sab.ch\/fr\/dienstleistungen\/cooperation-internationale\/projet-amelioration-de-la-fabrication-et-de-la-commercialisation-des-produits-laitiers-de-brebis-en-roumanie\/","og_locale":"fr_FR","og_type":"article","og_title":"Projet \" Am\u00e9lioration de la fabrication et de la commercialisation des produits laitiers de brebis en Roumanie \". - S A B","og_url":"https:\/\/www.sab.ch\/fr\/dienstleistungen\/cooperation-internationale\/projet-amelioration-de-la-fabrication-et-de-la-commercialisation-des-produits-laitiers-de-brebis-en-roumanie\/","og_site_name":"S A B","twitter_card":"summary_large_image","twitter_misc":{"Dur\u00e9e de lecture estim\u00e9e":"8 minutes"},"schema":{"@context":"https:\/\/schema.org","@graph":[{"@type":"WebPage","@id":"https:\/\/www.sab.ch\/fr\/dienstleistungen\/cooperation-internationale\/projet-amelioration-de-la-fabrication-et-de-la-commercialisation-des-produits-laitiers-de-brebis-en-roumanie\/","url":"https:\/\/www.sab.ch\/fr\/dienstleistungen\/cooperation-internationale\/projet-amelioration-de-la-fabrication-et-de-la-commercialisation-des-produits-laitiers-de-brebis-en-roumanie\/","name":"Projet \" Am\u00e9lioration de la fabrication et de la commercialisation des produits laitiers de brebis en Roumanie \". - S A B","isPartOf":{"@id":"https:\/\/www.sab.ch\/fr\/#website"},"datePublished":"2023-01-19T09:19:04+00:00","breadcrumb":{"@id":"https:\/\/www.sab.ch\/fr\/dienstleistungen\/cooperation-internationale\/projet-amelioration-de-la-fabrication-et-de-la-commercialisation-des-produits-laitiers-de-brebis-en-roumanie\/#breadcrumb"},"inLanguage":"fr-FR","potentialAction":[{"@type":"ReadAction","target":["https:\/\/www.sab.ch\/fr\/dienstleistungen\/cooperation-internationale\/projet-amelioration-de-la-fabrication-et-de-la-commercialisation-des-produits-laitiers-de-brebis-en-roumanie\/"]}]},{"@type":"BreadcrumbList","@id":"https:\/\/www.sab.ch\/fr\/dienstleistungen\/cooperation-internationale\/projet-amelioration-de-la-fabrication-et-de-la-commercialisation-des-produits-laitiers-de-brebis-en-roumanie\/#breadcrumb","itemListElement":[{"@type":"ListItem","position":1,"name":"Startseite","item":"https:\/\/www.sab.ch\/fr\/home\/"},{"@type":"ListItem","position":2,"name":"Prestations","item":"https:\/\/www.sab.ch\/fr\/dienstleistungen\/"},{"@type":"ListItem","position":3,"name":"Coop\u00e9ration internationale","item":"https:\/\/www.sab.ch\/fr\/dienstleistungen\/cooperation-internationale\/"},{"@type":"ListItem","position":4,"name":"Projet &#8220; Am\u00e9lioration de la fabrication et de la commercialisation des produits laitiers de brebis en Roumanie &#8222;."}]},{"@type":"WebSite","@id":"https:\/\/www.sab.ch\/fr\/#website","url":"https:\/\/www.sab.ch\/fr\/","name":"S A B","description":"","potentialAction":[{"@type":"SearchAction","target":{"@type":"EntryPoint","urlTemplate":"https:\/\/www.sab.ch\/fr\/?s={search_term_string}"},"query-input":{"@type":"PropertyValueSpecification","valueRequired":true,"valueName":"search_term_string"}}],"inLanguage":"fr-FR"}]}},"_links":{"self":[{"href":"https:\/\/www.sab.ch\/fr\/wp-json\/wp\/v2\/pages\/11329","targetHints":{"allow":["GET"]}}],"collection":[{"href":"https:\/\/www.sab.ch\/fr\/wp-json\/wp\/v2\/pages"}],"about":[{"href":"https:\/\/www.sab.ch\/fr\/wp-json\/wp\/v2\/types\/page"}],"author":[{"embeddable":true,"href":"https:\/\/www.sab.ch\/fr\/wp-json\/wp\/v2\/users\/3"}],"replies":[{"embeddable":true,"href":"https:\/\/www.sab.ch\/fr\/wp-json\/wp\/v2\/comments?post=11329"}],"version-history":[{"count":2,"href":"https:\/\/www.sab.ch\/fr\/wp-json\/wp\/v2\/pages\/11329\/revisions"}],"predecessor-version":[{"id":11331,"href":"https:\/\/www.sab.ch\/fr\/wp-json\/wp\/v2\/pages\/11329\/revisions\/11331"}],"up":[{"embeddable":true,"href":"https:\/\/www.sab.ch\/fr\/wp-json\/wp\/v2\/pages\/11320"}],"wp:attachment":[{"href":"https:\/\/www.sab.ch\/fr\/wp-json\/wp\/v2\/media?parent=11329"}],"curies":[{"name":"wp","href":"https:\/\/api.w.org\/{rel}","templated":true}]}}