{"id":11341,"date":"2023-01-19T11:05:00","date_gmt":"2023-01-19T10:05:00","guid":{"rendered":"https:\/\/www.sab.ch\/dienstleistungen\/cooperation-internationale\/pusemor\/"},"modified":"2023-01-19T11:05:00","modified_gmt":"2023-01-19T10:05:00","slug":"pusemor","status":"publish","type":"page","link":"https:\/\/www.sab.ch\/fr\/dienstleistungen\/cooperation-internationale\/pusemor\/","title":{"rendered":"Pusemor"},"content":{"rendered":"<div  class='flex_column av-389l83-7df54185f38ae4333c2f5c7a68d2d948 av_two_third  avia-builder-el-0  avia-builder-el-no-sibling  first flex_column_div  '     ><section  class='av_textblock_section av-jxk41cbl-de8745f204dcd65c5170bef159d7e21a '   itemscope=\"itemscope\" itemtype=\"https:\/\/schema.org\/CreativeWork\" ><div class='avia_textblock'  itemprop=\"text\" ><h2 class=\"csc-firstHeader\">PUSEMOR<\/h2>\n<p><b>Un projet pour am\u00e9liorer les prestations de service public<br \/>\n<\/b><\/p>\n<p>Le SAB a \u00e9t\u00e9 mandat\u00e9 par l\u2019Office f\u00e9d\u00e9ral du d\u00e9veloppement territorial (ARE) pour conduire un projet europ\u00e9en baptis\u00e9 PUSEMOR (Public services in Sparsely Populated Mountain Areas). Ce projet devait proposer des solutions novatrices, afin d\u2019am\u00e9liorer le service public dans les zones de montagne. Des r\u00e9gions d\u2019Allemagne, de France, d\u2019Italie, d\u2019Autriche, de Slov\u00e9nie et de Suisse ont fait partie de ce projet. PUSEMOR a d\u00e9but\u00e9 en janvier 2005 et s&rsquo;est termin\u00e9 en juin 2007.<\/p>\n<p><div  class='hr av-ak2rn-73e08251048a68f2e065734c919fc04c hr-default  avia-builder-el-2  avia-builder-el-no-sibling '><span class='hr-inner '><span class=\"hr-inner-style\"><\/span><\/span><\/div><span style=\"font-weight: bold;\">Conf\u00e9rence finale PUSEMOR<\/span><\/p>\n<p><span style=\"font-weight: bold;\">21. 22 juin 2007 \u00e0 Lugano Comment maintenir le service universel dans l&rsquo;espace alpin?<\/span><\/p>\n<p>le 21 et La conf\u00e9rence finale du projet Interreg PUSEMOR a eu lieu les 21 et 22 juin 2007 \u00e0 Lugano. Elle a rassembl\u00e9 quelque 130 participants issus des six pays partenaires. Des solutions pour maintenir le service public dans les r\u00e9gions \u00e0 faible densit\u00e9 de population et des recommandations aux politiques et aux porteurs de projets ont \u00e9t\u00e9 pr\u00e9sent\u00e9s. (22.06.2007)<\/p>\n<ul class=\"csc-uploads csc-uploads-0\">\n<li class=\"li-odd li-first csc-uploads-element csc-uploads-element-pdf\"><a href=\"\/wp-content\/uploads\/2022\/11\/PM-1032d.pdf\">Communiqu\u00e9s de presse <\/a><\/li>\n<li class=\"li-even csc-uploads-element csc-uploads-element-pdf\"><a href=\"\/wp-content\/uploads\/2022\/11\/PUSEMOR_final_report_Internet_01.pdf\">Rapport final PUSEMOR (anglais, 1&rsquo;464 KB) <\/a><\/li>\n<li class=\"li-odd csc-uploads-element csc-uploads-element-pdf\"><a href=\"\/wp-content\/uploads\/2022\/11\/final_report_DE_version1.pdf\">Rapport final PUSEMOR (allemand) <\/a><\/li>\n<li class=\"li-even csc-uploads-element csc-uploads-element-pdf\"><a href=\"\/wp-content\/uploads\/2022\/11\/final_report_FR_version1_01.pdf\">Rapport final PUSEMOR (fran\u00e7ais) <\/a><\/li>\n<li class=\"li-odd csc-uploads-element csc-uploads-element-pdf\"><a href=\"\/wp-content\/uploads\/2022\/11\/final_report_IT_version1.pdf\">Rapport final PUSEMOR (italien) <\/a><\/li>\n<li class=\"li-even csc-uploads-element csc-uploads-element-pdf\"><a href=\"\/wp-content\/uploads\/2022\/11\/final_report_SLO_version1.pdf\">Rapport final PUSEMOR (slov\u00e8ne) <\/a><\/li>\n<\/ul>\n<\/div><\/section><\/div>\n","protected":false},"excerpt":{"rendered":"","protected":false},"author":3,"featured_media":0,"parent":11320,"menu_order":0,"comment_status":"closed","ping_status":"closed","template":"","meta":{"footnotes":""},"class_list":["post-11341","page","type-page","status-publish","hentry"],"yoast_head":"<!-- This site is optimized with the Yoast SEO plugin v27.4 - https:\/\/yoast.com\/product\/yoast-seo-wordpress\/ -->\n<title>Pusemor - S A B<\/title>\n<meta name=\"robots\" content=\"index, follow, max-snippet:-1, max-image-preview:large, max-video-preview:-1\" \/>\n<link rel=\"canonical\" href=\"https:\/\/www.sab.ch\/fr\/dienstleistungen\/cooperation-internationale\/pusemor\/\" \/>\n<meta property=\"og:locale\" content=\"fr_FR\" \/>\n<meta property=\"og:type\" content=\"article\" \/>\n<meta property=\"og:title\" content=\"Pusemor - S A B\" \/>\n<meta property=\"og:url\" content=\"https:\/\/www.sab.ch\/fr\/dienstleistungen\/cooperation-internationale\/pusemor\/\" \/>\n<meta property=\"og:site_name\" content=\"S A B\" \/>\n<meta name=\"twitter:card\" content=\"summary_large_image\" \/>\n<meta name=\"twitter:label1\" content=\"Dur\u00e9e de lecture estim\u00e9e\" \/>\n\t<meta name=\"twitter:data1\" content=\"3 minutes\" \/>\n<script type=\"application\/ld+json\" class=\"yoast-schema-graph\">{\"@context\":\"https:\\\/\\\/schema.org\",\"@graph\":[{\"@type\":\"WebPage\",\"@id\":\"https:\\\/\\\/www.sab.ch\\\/fr\\\/dienstleistungen\\\/cooperation-internationale\\\/pusemor\\\/\",\"url\":\"https:\\\/\\\/www.sab.ch\\\/fr\\\/dienstleistungen\\\/cooperation-internationale\\\/pusemor\\\/\",\"name\":\"Pusemor - S A B\",\"isPartOf\":{\"@id\":\"https:\\\/\\\/www.sab.ch\\\/fr\\\/#website\"},\"datePublished\":\"2023-01-19T10:05:00+00:00\",\"breadcrumb\":{\"@id\":\"https:\\\/\\\/www.sab.ch\\\/fr\\\/dienstleistungen\\\/cooperation-internationale\\\/pusemor\\\/#breadcrumb\"},\"inLanguage\":\"fr-FR\",\"potentialAction\":[{\"@type\":\"ReadAction\",\"target\":[\"https:\\\/\\\/www.sab.ch\\\/fr\\\/dienstleistungen\\\/cooperation-internationale\\\/pusemor\\\/\"]}]},{\"@type\":\"BreadcrumbList\",\"@id\":\"https:\\\/\\\/www.sab.ch\\\/fr\\\/dienstleistungen\\\/cooperation-internationale\\\/pusemor\\\/#breadcrumb\",\"itemListElement\":[{\"@type\":\"ListItem\",\"position\":1,\"name\":\"Startseite\",\"item\":\"https:\\\/\\\/www.sab.ch\\\/fr\\\/home\\\/\"},{\"@type\":\"ListItem\",\"position\":2,\"name\":\"Prestations\",\"item\":\"https:\\\/\\\/www.sab.ch\\\/fr\\\/dienstleistungen\\\/\"},{\"@type\":\"ListItem\",\"position\":3,\"name\":\"Coop\u00e9ration internationale\",\"item\":\"https:\\\/\\\/www.sab.ch\\\/fr\\\/dienstleistungen\\\/cooperation-internationale\\\/\"},{\"@type\":\"ListItem\",\"position\":4,\"name\":\"Pusemor\"}]},{\"@type\":\"WebSite\",\"@id\":\"https:\\\/\\\/www.sab.ch\\\/fr\\\/#website\",\"url\":\"https:\\\/\\\/www.sab.ch\\\/fr\\\/\",\"name\":\"S A B\",\"description\":\"\",\"potentialAction\":[{\"@type\":\"SearchAction\",\"target\":{\"@type\":\"EntryPoint\",\"urlTemplate\":\"https:\\\/\\\/www.sab.ch\\\/fr\\\/?s={search_term_string}\"},\"query-input\":{\"@type\":\"PropertyValueSpecification\",\"valueRequired\":true,\"valueName\":\"search_term_string\"}}],\"inLanguage\":\"fr-FR\"}]}<\/script>\n<!-- \/ Yoast SEO plugin. -->","yoast_head_json":{"title":"Pusemor - S A B","robots":{"index":"index","follow":"follow","max-snippet":"max-snippet:-1","max-image-preview":"max-image-preview:large","max-video-preview":"max-video-preview:-1"},"canonical":"https:\/\/www.sab.ch\/fr\/dienstleistungen\/cooperation-internationale\/pusemor\/","og_locale":"fr_FR","og_type":"article","og_title":"Pusemor - S A B","og_url":"https:\/\/www.sab.ch\/fr\/dienstleistungen\/cooperation-internationale\/pusemor\/","og_site_name":"S A B","twitter_card":"summary_large_image","twitter_misc":{"Dur\u00e9e de lecture estim\u00e9e":"3 minutes"},"schema":{"@context":"https:\/\/schema.org","@graph":[{"@type":"WebPage","@id":"https:\/\/www.sab.ch\/fr\/dienstleistungen\/cooperation-internationale\/pusemor\/","url":"https:\/\/www.sab.ch\/fr\/dienstleistungen\/cooperation-internationale\/pusemor\/","name":"Pusemor - S A B","isPartOf":{"@id":"https:\/\/www.sab.ch\/fr\/#website"},"datePublished":"2023-01-19T10:05:00+00:00","breadcrumb":{"@id":"https:\/\/www.sab.ch\/fr\/dienstleistungen\/cooperation-internationale\/pusemor\/#breadcrumb"},"inLanguage":"fr-FR","potentialAction":[{"@type":"ReadAction","target":["https:\/\/www.sab.ch\/fr\/dienstleistungen\/cooperation-internationale\/pusemor\/"]}]},{"@type":"BreadcrumbList","@id":"https:\/\/www.sab.ch\/fr\/dienstleistungen\/cooperation-internationale\/pusemor\/#breadcrumb","itemListElement":[{"@type":"ListItem","position":1,"name":"Startseite","item":"https:\/\/www.sab.ch\/fr\/home\/"},{"@type":"ListItem","position":2,"name":"Prestations","item":"https:\/\/www.sab.ch\/fr\/dienstleistungen\/"},{"@type":"ListItem","position":3,"name":"Coop\u00e9ration internationale","item":"https:\/\/www.sab.ch\/fr\/dienstleistungen\/cooperation-internationale\/"},{"@type":"ListItem","position":4,"name":"Pusemor"}]},{"@type":"WebSite","@id":"https:\/\/www.sab.ch\/fr\/#website","url":"https:\/\/www.sab.ch\/fr\/","name":"S A B","description":"","potentialAction":[{"@type":"SearchAction","target":{"@type":"EntryPoint","urlTemplate":"https:\/\/www.sab.ch\/fr\/?s={search_term_string}"},"query-input":{"@type":"PropertyValueSpecification","valueRequired":true,"valueName":"search_term_string"}}],"inLanguage":"fr-FR"}]}},"_links":{"self":[{"href":"https:\/\/www.sab.ch\/fr\/wp-json\/wp\/v2\/pages\/11341","targetHints":{"allow":["GET"]}}],"collection":[{"href":"https:\/\/www.sab.ch\/fr\/wp-json\/wp\/v2\/pages"}],"about":[{"href":"https:\/\/www.sab.ch\/fr\/wp-json\/wp\/v2\/types\/page"}],"author":[{"embeddable":true,"href":"https:\/\/www.sab.ch\/fr\/wp-json\/wp\/v2\/users\/3"}],"replies":[{"embeddable":true,"href":"https:\/\/www.sab.ch\/fr\/wp-json\/wp\/v2\/comments?post=11341"}],"version-history":[{"count":2,"href":"https:\/\/www.sab.ch\/fr\/wp-json\/wp\/v2\/pages\/11341\/revisions"}],"predecessor-version":[{"id":11343,"href":"https:\/\/www.sab.ch\/fr\/wp-json\/wp\/v2\/pages\/11341\/revisions\/11343"}],"up":[{"embeddable":true,"href":"https:\/\/www.sab.ch\/fr\/wp-json\/wp\/v2\/pages\/11320"}],"wp:attachment":[{"href":"https:\/\/www.sab.ch\/fr\/wp-json\/wp\/v2\/media?parent=11341"}],"curies":[{"name":"wp","href":"https:\/\/api.w.org\/{rel}","templated":true}]}}