{"id":11344,"date":"2023-01-19T11:13:27","date_gmt":"2023-01-19T10:13:27","guid":{"rendered":"https:\/\/www.sab.ch\/dienstleistungen\/cooperation-internationale\/simra\/"},"modified":"2023-01-19T11:13:27","modified_gmt":"2023-01-19T10:13:27","slug":"simra","status":"publish","type":"page","link":"https:\/\/www.sab.ch\/fr\/dienstleistungen\/cooperation-internationale\/simra\/","title":{"rendered":"SIMRA"},"content":{"rendered":"<div id='av_section_1'  class='avia-section av-kbufzd3s-dd428f854b73db9c732bdb3b761e163e main_color avia-section-default avia-shadow  avia-builder-el-0  avia-builder-el-no-sibling  avia-bg-style-scroll container_wrap fullsize'  ><div class='container av-section-cont-open' ><main  role=\"main\" itemprop=\"mainContentOfPage\"  class='template-page content  av-content-full alpha units'><div class='post-entry post-entry-type-page post-entry-11344'><div class='entry-content-wrapper clearfix'>\n<div  class='flex_column av-35l504-27033217d9bbc52a6d2a6c9b746bcd03 av_two_third  avia-builder-el-1  avia-builder-el-no-sibling  first flex_column_div  '     ><section  class='av_textblock_section av-jxk41cbl-de8745f204dcd65c5170bef159d7e21a '   itemscope=\"itemscope\" itemtype=\"https:\/\/schema.org\/CreativeWork\" ><div class='avia_textblock'  itemprop=\"text\" ><h2 class=\"csc-firstHeader\">Innovation dans les r\u00e9gions de montagne: SIMRA<\/h2>\n<p>SIMRA (Social Innovation in Marginalised Rural Areas) est un projet quadriennal (2016- 2020) financ\u00e9 par le programme Horizon 2020 de l&rsquo; Union Europ\u00e9enne. L&rsquo;id\u00e9e du projet est n\u00e9e d&rsquo;une suggestion du SAB lors d&rsquo;une assembl\u00e9e g\u00e9n\u00e9rale d&rsquo;Euromontana \u00e0 Bruxelles. Un consortium de 26 partenaires de toute l&rsquo;Europe s&rsquo;est alors r\u00e9uni et a \u00e9tudi\u00e9 pendant 4 ans des \u00e9tudes de cas dans leurs r\u00e9gions. Le SAB est partenaire du projet SIMRA et a analys\u00e9 le caract\u00e8re innovant de deux r\u00e9gions en Suisse. L&rsquo;\u00e9tude a port\u00e9 d&rsquo;une part sur le Lugnez et l&rsquo;organisation <a href=\"http:\/\/www.sab.ch\/fileadmin\/user_upload\/customers\/sab\/75_Jahr_SAB\/simra_poster_CS_PVL_final.pdf\">Pro Val Lumnezia<\/a>. Le SAB a \u00e9galement \u00e9tudi\u00e9 le d\u00e9veloppement du \u00ab\u00a0Contrat-R\u00e9gion\u00a0\u00bb dans le Val de Travers, l&rsquo;int\u00e9gration du r\u00e9seau d&rsquo;entreprises \u00ab\u00a0R\u00e9seau des Fleurons\u00a0\u00bb et la fusion de 9 communes de la vall\u00e9e. Le projet \u00ab\u00a0SIMRA\u00a0\u00bb est financ\u00e9 par le programme de recherche europ\u00e9en Horizon 2020 et le SBFI.<\/p>\n<p>Informations g\u00e9n\u00e9rales: <a href=\"http:\/\/www.simra-h2020.eu\/\" target=\"_blank\" rel=\"noopener\">Site internet de SIMRA, en anglais<\/a>; <a href=\"http:\/\/www.simra-h2020.eu\/wp-content\/uploads\/2019\/02\/BROCHURE-DE.pdf\" target=\"_blank\" rel=\"noopener\">SIMRA pr\u00e9sentation en allemand<\/a><\/p>\n<p>Dans le cadre du projet, le SAB a r\u00e9alis\u00e9 des recherches sur des innovations sociales dans deux r\u00e9gions :<\/p>\n<ul>\n<li><a href=\"http:\/\/www.provallumnezia.ch\/kennenlernen\/index.html\" target=\"_blank\" rel=\"noopener\"><span lang=\"FR-CH\">Pro Val Lumnezia<\/span><\/a><\/li>\n<li>D\u00e9veloppement dans le Val de Travers : <a href=\"https:\/\/www.lerun.ch\/menu-principal\/projets\/liste-des-projets\/evalutations-des-contrats-region\/\" target=\"_blank\" rel=\"noopener\">Contrat-R\u00e9gions<\/a> et collaboration avec le \u00ab <a href=\"http:\/\/www.fleurons-vdt.ch\/\" target=\"_blank\" rel=\"noopener\">R\u00e9seau des Fleurons<\/a> \u00bb, fusion de 9 communes pour la commune de <a href=\"https:\/\/www.val-de-travers.ch\/\" target=\"_blank\" rel=\"noopener\">Val-de-Travers.<\/a><\/li>\n<\/ul>\n<p>Documents: R\u00e9sultats de l&rsquo;\u00e9tude, exemples d&rsquo;innovation sociale<\/p>\n<ul>\n<li><a href=\"http:\/\/www.simra-h2020.eu\/wp-content\/uploads\/2019\/10\/2019-09-27-Brochure-FORPOL_FINAL_online.pdf\" target=\"_blank\" rel=\"noopener\">Exemples d&rsquo;innovation sociale en rapport avec les personnes et les for\u00eats (utilisation)<\/a><\/li>\n<\/ul>\n<ul>\n<li><a href=\"http:\/\/www.simra-h2020.eu\/wp-content\/uploads\/2016\/11\/2018-Mountain-Brochure.pdf\" target=\"_blank\" rel=\"noopener\">Exemples d&rsquo;innovation sociale dans les r\u00e9gions de montagne (anglais)<\/a><\/li>\n<\/ul>\n<ul>\n<li><a href=\"http:\/\/www.simra-h2020.eu\/wp-content\/uploads\/2018\/02\/SIMRA_Final_policy_brief.pdf\" target=\"_blank\" rel=\"noopener\">Recommandations aux l\u00e9gislateurs : Comment l&rsquo;innovation sociale peut-elle soutenir l&rsquo;avenir de l&rsquo;agriculture et de l&rsquo;alimentation (anglais) <\/a><\/li>\n<\/ul>\n<p>Tous les documents scientifiques publics issus du projet sont disponibles ici :<\/p>\n<p><a href=\"http:\/\/www.simra-h2020.eu\/index.php\/deliverables\/\" target=\"_blank\" rel=\"noopener\">http:\/\/www.simra-h2020.eu\/index.php\/deliverables\/<\/a> (englisch).<\/p>\n<p><a href=\"http:\/\/www.simra-h2020.eu\/wp-content\/uploads\/2020\/02\/SIMRA_SI_Practice_Guide_interactive.pdf\" target=\"_blank\" rel=\"noopener\"><span lang=\"FR-CH\">(EN) Social Innovation: A Practice Guide<\/span><\/a><\/p>\n<ul class=\"csc-uploads csc-uploads-0\">\n<li class=\"li-odd li-first csc-uploads-element csc-uploads-element-pdf\"><a href=\"\/wp-content\/uploads\/2022\/11\/Soziale_Innovation_im_Berggebie_de.pdf\">\u00ab\u00a0Description et r\u00e9sultats des deux \u00e9tudes de cas suisses\u00a0\u00bb<\/a><\/li>\n<li class=\"li-even csc-uploads-element csc-uploads-element-pdf\"><a href=\"\/wp-content\/uploads\/2022\/11\/SIMRA-DEUTSCH.pdf\">D\u00e9pliant SIMRA allemand<\/a><\/li>\n<li class=\"li-odd csc-uploads-element csc-uploads-element-pdf\"><a href=\"\/wp-content\/uploads\/2022\/11\/SIMRA_montagna_11_November_2020_1__1_.pdf\">Recommandations internationales pour l&rsquo;innovation sociale dans les zones rurales &#8211; Extrait de Montagna 11\/2020<\/a><\/li>\n<\/ul>\n<\/div><\/section><\/div>\n","protected":false},"excerpt":{"rendered":"","protected":false},"author":3,"featured_media":0,"parent":11320,"menu_order":0,"comment_status":"closed","ping_status":"closed","template":"","meta":{"footnotes":""},"class_list":["post-11344","page","type-page","status-publish","hentry"],"yoast_head":"<!-- This site is optimized with the Yoast SEO plugin v27.4 - https:\/\/yoast.com\/product\/yoast-seo-wordpress\/ -->\n<title>SIMRA - S A B<\/title>\n<meta name=\"robots\" content=\"index, follow, max-snippet:-1, max-image-preview:large, max-video-preview:-1\" \/>\n<link rel=\"canonical\" href=\"https:\/\/www.sab.ch\/fr\/dienstleistungen\/cooperation-internationale\/simra\/\" \/>\n<meta property=\"og:locale\" content=\"fr_FR\" \/>\n<meta property=\"og:type\" content=\"article\" \/>\n<meta property=\"og:title\" content=\"SIMRA - S A B\" \/>\n<meta property=\"og:url\" content=\"https:\/\/www.sab.ch\/fr\/dienstleistungen\/cooperation-internationale\/simra\/\" \/>\n<meta property=\"og:site_name\" content=\"S A B\" \/>\n<meta name=\"twitter:card\" content=\"summary_large_image\" \/>\n<meta name=\"twitter:label1\" content=\"Dur\u00e9e de lecture estim\u00e9e\" \/>\n\t<meta name=\"twitter:data1\" content=\"4 minutes\" \/>\n<script type=\"application\/ld+json\" class=\"yoast-schema-graph\">{\"@context\":\"https:\\\/\\\/schema.org\",\"@graph\":[{\"@type\":\"WebPage\",\"@id\":\"https:\\\/\\\/www.sab.ch\\\/fr\\\/dienstleistungen\\\/cooperation-internationale\\\/simra\\\/\",\"url\":\"https:\\\/\\\/www.sab.ch\\\/fr\\\/dienstleistungen\\\/cooperation-internationale\\\/simra\\\/\",\"name\":\"SIMRA - S A B\",\"isPartOf\":{\"@id\":\"https:\\\/\\\/www.sab.ch\\\/fr\\\/#website\"},\"datePublished\":\"2023-01-19T10:13:27+00:00\",\"breadcrumb\":{\"@id\":\"https:\\\/\\\/www.sab.ch\\\/fr\\\/dienstleistungen\\\/cooperation-internationale\\\/simra\\\/#breadcrumb\"},\"inLanguage\":\"fr-FR\",\"potentialAction\":[{\"@type\":\"ReadAction\",\"target\":[\"https:\\\/\\\/www.sab.ch\\\/fr\\\/dienstleistungen\\\/cooperation-internationale\\\/simra\\\/\"]}]},{\"@type\":\"BreadcrumbList\",\"@id\":\"https:\\\/\\\/www.sab.ch\\\/fr\\\/dienstleistungen\\\/cooperation-internationale\\\/simra\\\/#breadcrumb\",\"itemListElement\":[{\"@type\":\"ListItem\",\"position\":1,\"name\":\"Startseite\",\"item\":\"https:\\\/\\\/www.sab.ch\\\/fr\\\/home\\\/\"},{\"@type\":\"ListItem\",\"position\":2,\"name\":\"Prestations\",\"item\":\"https:\\\/\\\/www.sab.ch\\\/fr\\\/dienstleistungen\\\/\"},{\"@type\":\"ListItem\",\"position\":3,\"name\":\"Coop\u00e9ration internationale\",\"item\":\"https:\\\/\\\/www.sab.ch\\\/fr\\\/dienstleistungen\\\/cooperation-internationale\\\/\"},{\"@type\":\"ListItem\",\"position\":4,\"name\":\"SIMRA\"}]},{\"@type\":\"WebSite\",\"@id\":\"https:\\\/\\\/www.sab.ch\\\/fr\\\/#website\",\"url\":\"https:\\\/\\\/www.sab.ch\\\/fr\\\/\",\"name\":\"S A B\",\"description\":\"\",\"potentialAction\":[{\"@type\":\"SearchAction\",\"target\":{\"@type\":\"EntryPoint\",\"urlTemplate\":\"https:\\\/\\\/www.sab.ch\\\/fr\\\/?s={search_term_string}\"},\"query-input\":{\"@type\":\"PropertyValueSpecification\",\"valueRequired\":true,\"valueName\":\"search_term_string\"}}],\"inLanguage\":\"fr-FR\"}]}<\/script>\n<!-- \/ Yoast SEO plugin. -->","yoast_head_json":{"title":"SIMRA - S A B","robots":{"index":"index","follow":"follow","max-snippet":"max-snippet:-1","max-image-preview":"max-image-preview:large","max-video-preview":"max-video-preview:-1"},"canonical":"https:\/\/www.sab.ch\/fr\/dienstleistungen\/cooperation-internationale\/simra\/","og_locale":"fr_FR","og_type":"article","og_title":"SIMRA - S A B","og_url":"https:\/\/www.sab.ch\/fr\/dienstleistungen\/cooperation-internationale\/simra\/","og_site_name":"S A B","twitter_card":"summary_large_image","twitter_misc":{"Dur\u00e9e de lecture estim\u00e9e":"4 minutes"},"schema":{"@context":"https:\/\/schema.org","@graph":[{"@type":"WebPage","@id":"https:\/\/www.sab.ch\/fr\/dienstleistungen\/cooperation-internationale\/simra\/","url":"https:\/\/www.sab.ch\/fr\/dienstleistungen\/cooperation-internationale\/simra\/","name":"SIMRA - S A B","isPartOf":{"@id":"https:\/\/www.sab.ch\/fr\/#website"},"datePublished":"2023-01-19T10:13:27+00:00","breadcrumb":{"@id":"https:\/\/www.sab.ch\/fr\/dienstleistungen\/cooperation-internationale\/simra\/#breadcrumb"},"inLanguage":"fr-FR","potentialAction":[{"@type":"ReadAction","target":["https:\/\/www.sab.ch\/fr\/dienstleistungen\/cooperation-internationale\/simra\/"]}]},{"@type":"BreadcrumbList","@id":"https:\/\/www.sab.ch\/fr\/dienstleistungen\/cooperation-internationale\/simra\/#breadcrumb","itemListElement":[{"@type":"ListItem","position":1,"name":"Startseite","item":"https:\/\/www.sab.ch\/fr\/home\/"},{"@type":"ListItem","position":2,"name":"Prestations","item":"https:\/\/www.sab.ch\/fr\/dienstleistungen\/"},{"@type":"ListItem","position":3,"name":"Coop\u00e9ration internationale","item":"https:\/\/www.sab.ch\/fr\/dienstleistungen\/cooperation-internationale\/"},{"@type":"ListItem","position":4,"name":"SIMRA"}]},{"@type":"WebSite","@id":"https:\/\/www.sab.ch\/fr\/#website","url":"https:\/\/www.sab.ch\/fr\/","name":"S A B","description":"","potentialAction":[{"@type":"SearchAction","target":{"@type":"EntryPoint","urlTemplate":"https:\/\/www.sab.ch\/fr\/?s={search_term_string}"},"query-input":{"@type":"PropertyValueSpecification","valueRequired":true,"valueName":"search_term_string"}}],"inLanguage":"fr-FR"}]}},"_links":{"self":[{"href":"https:\/\/www.sab.ch\/fr\/wp-json\/wp\/v2\/pages\/11344","targetHints":{"allow":["GET"]}}],"collection":[{"href":"https:\/\/www.sab.ch\/fr\/wp-json\/wp\/v2\/pages"}],"about":[{"href":"https:\/\/www.sab.ch\/fr\/wp-json\/wp\/v2\/types\/page"}],"author":[{"embeddable":true,"href":"https:\/\/www.sab.ch\/fr\/wp-json\/wp\/v2\/users\/3"}],"replies":[{"embeddable":true,"href":"https:\/\/www.sab.ch\/fr\/wp-json\/wp\/v2\/comments?post=11344"}],"version-history":[{"count":2,"href":"https:\/\/www.sab.ch\/fr\/wp-json\/wp\/v2\/pages\/11344\/revisions"}],"predecessor-version":[{"id":11346,"href":"https:\/\/www.sab.ch\/fr\/wp-json\/wp\/v2\/pages\/11344\/revisions\/11346"}],"up":[{"embeddable":true,"href":"https:\/\/www.sab.ch\/fr\/wp-json\/wp\/v2\/pages\/11320"}],"wp:attachment":[{"href":"https:\/\/www.sab.ch\/fr\/wp-json\/wp\/v2\/media?parent=11344"}],"curies":[{"name":"wp","href":"https:\/\/api.w.org\/{rel}","templated":true}]}}