{"id":11363,"date":"2023-01-19T13:42:21","date_gmt":"2023-01-19T12:42:21","guid":{"rendered":"https:\/\/www.sab.ch\/dienstleistungen\/plate-forme-de-dialogue\/"},"modified":"2026-03-25T09:16:54","modified_gmt":"2026-03-25T08:16:54","slug":"plate-forme-de-dialogue","status":"publish","type":"page","link":"https:\/\/www.sab.ch\/fr\/dienstleistungen\/plate-forme-de-dialogue\/","title":{"rendered":"Plate-forme de dialogue"},"content":{"rendered":"<div  class='flex_column av-33t9n3-0f6b2afd7840990c37deb7918d75a48c av_two_third  avia-builder-el-0  el_before_av_one_third  avia-builder-el-first  first flex_column_div  '     ><section  class='av_textblock_section av-mn5roxwh-464b70806144030f627b5195615da915 '   itemscope=\"itemscope\" itemtype=\"https:\/\/schema.org\/CreativeWork\" ><div class='avia_textblock'  itemprop=\"text\" ><h3><span style=\"color: #ff0000;\">SAVE THE DATE<\/span><\/h3>\n<h3><span style=\"color: #0000ff;\"><b> <br class=\"avia-permanent-lb\" \/>Excursion sur la mise en \u0153uvre de l&rsquo;am\u00e9nagement <\/b><\/span><\/h3>\n<h3><span style=\"color: #0000ff;\"><b>du territoire dans la zone agricole (LAT 2)<\/b><\/span><\/h3>\n<h3><span style=\"color: #0000ff;\"><b>Prochaine r\u00e9union avec visite d&rsquo;un site de projet : <\/b><\/span><\/h3>\n<h3><span style=\"color: #0000ff;\"><b>jeudi 22 octobre 2026, dans le canton de Glaris<\/b><\/span><\/h3>\n<\/div><\/section><br \/>\n<div  class='hr av-mn5rp8tp-f4211f06d8b4f5231e876bdc9172786d hr-short  avia-builder-el-2  el_after_av_textblock  el_before_av_textblock  hr-left'><span class='hr-inner '><span class=\"hr-inner-style\"><\/span><\/span><\/div><br \/>\n<section  class='av_textblock_section av-jxk41cbl-a1fc1525f09076e0644c7e0771550ccd '   itemscope=\"itemscope\" itemtype=\"https:\/\/schema.org\/CreativeWork\" ><div class='avia_textblock'  itemprop=\"text\" ><h2 class=\"csc-firstHeader\">Plate-forme de dialogue \u00ab\u00a0Recherche et pratique dans l&rsquo;agriculture de montagne\u00a0\u00bb<\/h2>\n<p><br class=\"avia-permanent-lb\" \/>Le SAB organise depuis janvier 2022 la plate-forme de dialogue \u00ab\u00a0Recherche et pratique dans l&rsquo;agriculture de montagne\u00a0\u00bb. La nouvelle plateforme de dialogue fait partie int\u00e9grante de la convention de prestations entre l&rsquo;OFAG et le SAB pour la p\u00e9riode 2022 &#8211; 25.La plateforme de dialogue prend la forme d&rsquo;une table ronde entre les praticiens et les chercheurs dans le domaine de l&rsquo;agriculture de montagne. L&rsquo;objectif est de recenser les besoins de la pratique et de rendre accessibles aux praticiens les nouvelles connaissances issues de la science et de la recherche. La plate-forme de dialogue est organis\u00e9e par le SAB. D&rsquo;une part, des praticiens s\u00e9lectionn\u00e9s dans diff\u00e9rents domaines de l&rsquo;agriculture de montagne seront invit\u00e9s. D&rsquo;autre part, des repr\u00e9sentants de la science et de la recherche sont invit\u00e9s \u00e0 pr\u00e9senter les connaissances actuelles. Lors des r\u00e9unions de la plate-forme de dialogue, des demandes sont formul\u00e9es \u00e0 l&rsquo;attention des scientifiques. La composition de la plate-forme de dialogue est variable, en fonction des th\u00e8mes abord\u00e9s. Selon les besoins, des chercheurs de l&rsquo;\u00e9tranger sont \u00e9galement impliqu\u00e9s. Afin de permettre un \u00e9change continu tout au long de l&rsquo;ann\u00e9e, une rubrique sp\u00e9ciale est cr\u00e9\u00e9e sur le site Internet du SAB, dans laquelle les r\u00e9sultats de recherche peuvent \u00eatre pr\u00e9sent\u00e9s et les demandes de la pratique d\u00e9pos\u00e9es. La plate-forme de dialogue est pilot\u00e9e par une \u00e9quipe centrale compos\u00e9e d&rsquo;un repr\u00e9sentant du SAB, d&rsquo;Agroscope, de la HAFL, d&rsquo;un repr\u00e9sentant d&rsquo;un office cantonal de l&rsquo;agriculture et du pr\u00e9sident de la Conf\u00e9rence des associations paysannes de montagne.<\/p>\n<\/div><\/section><br \/>\n\n<style type=\"text\/css\" data-created_by=\"avia_inline_auto\" id=\"style-css-av-mj00ls8s-a15f79653a7e321afd8279d29f1323b5\">\n#top .hr.hr-invisible.av-mj00ls8s-a15f79653a7e321afd8279d29f1323b5{\nheight:50px;\n}\n<\/style>\n<div  class='hr av-mj00ls8s-a15f79653a7e321afd8279d29f1323b5 hr-invisible  avia-builder-el-4  el_after_av_textblock  el_before_av_textblock '><span class='hr-inner '><span class=\"hr-inner-style\"><\/span><\/span><\/div><br \/>\n<section  class='av_textblock_section av-mj00jsm5-233bfe6dfff247bf4d90236538c19015 '   itemscope=\"itemscope\" itemtype=\"https:\/\/schema.org\/CreativeWork\" ><div class='avia_textblock'  itemprop=\"text\" ><p><a href=\"https:\/\/www.sab.ch\/fr\/plate-forme-de-dialogue-recherche-et-pratique-dans-lagriculture-de-montagne-meetings\/\">\u2192 R\u00e9union actuelle<\/a><\/p>\n<p><a href=\"https:\/\/www.sab.ch\/fr\/documents-des-reunions\/\"> <br class=\"avia-permanent-lb\" \/>\u2192 Documents des r\u00e9unions<\/a><\/p>\n<p><a href=\"https:\/\/www.sab.ch\/fr\/dialogplattform-fact-sheets\/\"> <br class=\"avia-permanent-lb\" \/>\u2192 Fact Sheets \/ Documents<\/a><\/p>\n<\/div><\/section><\/p><\/div><div  class='flex_column av-av_one_third-538dd737667e19053994a94b9156413b av_one_third  avia-builder-el-6  el_after_av_two_third  avia-builder-el-last  flex_column_div  '     ><style type=\"text\/css\" data-created_by=\"avia_inline_auto\" id=\"style-css-av-mj00l40m-daa92991a95a6c91ae81bcda15fbbffe\">\n.avia-image-container.av-mj00l40m-daa92991a95a6c91ae81bcda15fbbffe img.avia_image{\nbox-shadow:none;\n}\n.avia-image-container.av-mj00l40m-daa92991a95a6c91ae81bcda15fbbffe .av-image-caption-overlay-center{\ncolor:#ffffff;\n}\n<\/style>\n<div  class='avia-image-container av-mj00l40m-daa92991a95a6c91ae81bcda15fbbffe av-styling- avia-align-center  avia-builder-el-7  avia-builder-el-no-sibling '   itemprop=\"image\" itemscope=\"itemscope\" itemtype=\"https:\/\/schema.org\/ImageObject\" ><div class=\"avia-image-container-inner\"><div class=\"avia-image-overlay-wrap\"><img decoding=\"async\" fetchpriority=\"high\" class='wp-image-22214 avia-img-lazy-loading-not-22214 avia_image ' src=\"https:\/\/www.sab.ch\/wp-content\/uploads\/2024\/06\/Syngenta_von-Daten-zu-Ernten.jpg\" alt='' title='Syngenta_von Daten zu Ernten'  height=\"686\" width=\"943\"  itemprop=\"thumbnailUrl\" srcset=\"https:\/\/www.sab.ch\/wp-content\/uploads\/2024\/06\/Syngenta_von-Daten-zu-Ernten.jpg 943w, https:\/\/www.sab.ch\/wp-content\/uploads\/2024\/06\/Syngenta_von-Daten-zu-Ernten-768x559.jpg 768w, https:\/\/www.sab.ch\/wp-content\/uploads\/2024\/06\/Syngenta_von-Daten-zu-Ernten-705x513.jpg 705w\" sizes=\"(max-width: 943px) 100vw, 943px\" \/><\/div><\/div><\/div><\/div><\/p>\n","protected":false},"excerpt":{"rendered":"","protected":false},"author":3,"featured_media":0,"parent":7623,"menu_order":0,"comment_status":"closed","ping_status":"closed","template":"","meta":{"footnotes":""},"class_list":["post-11363","page","type-page","status-publish","hentry"],"yoast_head":"<!-- This site is optimized with the Yoast SEO plugin v27.5 - https:\/\/yoast.com\/product\/yoast-seo-wordpress\/ -->\n<title>Plate-forme de dialogue - S A B<\/title>\n<meta name=\"robots\" content=\"index, follow, max-snippet:-1, max-image-preview:large, max-video-preview:-1\" \/>\n<link rel=\"canonical\" href=\"https:\/\/www.sab.ch\/fr\/dienstleistungen\/plate-forme-de-dialogue\/\" \/>\n<meta property=\"og:locale\" content=\"fr_FR\" \/>\n<meta property=\"og:type\" content=\"article\" \/>\n<meta property=\"og:title\" content=\"Plate-forme de dialogue - S A B\" \/>\n<meta property=\"og:url\" content=\"https:\/\/www.sab.ch\/fr\/dienstleistungen\/plate-forme-de-dialogue\/\" \/>\n<meta property=\"og:site_name\" content=\"S A B\" \/>\n<meta property=\"article:modified_time\" content=\"2026-03-25T08:16:54+00:00\" \/>\n<meta name=\"twitter:card\" content=\"summary_large_image\" \/>\n<meta name=\"twitter:label1\" content=\"Dur\u00e9e de lecture estim\u00e9e\" \/>\n\t<meta name=\"twitter:data1\" content=\"2 minutes\" \/>\n<script type=\"application\/ld+json\" class=\"yoast-schema-graph\">{\"@context\":\"https:\\\/\\\/schema.org\",\"@graph\":[{\"@type\":\"WebPage\",\"@id\":\"https:\\\/\\\/www.sab.ch\\\/fr\\\/dienstleistungen\\\/plate-forme-de-dialogue\\\/\",\"url\":\"https:\\\/\\\/www.sab.ch\\\/fr\\\/dienstleistungen\\\/plate-forme-de-dialogue\\\/\",\"name\":\"Plate-forme de dialogue - S A B\",\"isPartOf\":{\"@id\":\"https:\\\/\\\/www.sab.ch\\\/fr\\\/#website\"},\"datePublished\":\"2023-01-19T12:42:21+00:00\",\"dateModified\":\"2026-03-25T08:16:54+00:00\",\"breadcrumb\":{\"@id\":\"https:\\\/\\\/www.sab.ch\\\/fr\\\/dienstleistungen\\\/plate-forme-de-dialogue\\\/#breadcrumb\"},\"inLanguage\":\"fr-FR\",\"potentialAction\":[{\"@type\":\"ReadAction\",\"target\":[\"https:\\\/\\\/www.sab.ch\\\/fr\\\/dienstleistungen\\\/plate-forme-de-dialogue\\\/\"]}]},{\"@type\":\"BreadcrumbList\",\"@id\":\"https:\\\/\\\/www.sab.ch\\\/fr\\\/dienstleistungen\\\/plate-forme-de-dialogue\\\/#breadcrumb\",\"itemListElement\":[{\"@type\":\"ListItem\",\"position\":1,\"name\":\"Startseite\",\"item\":\"https:\\\/\\\/www.sab.ch\\\/fr\\\/home\\\/\"},{\"@type\":\"ListItem\",\"position\":2,\"name\":\"Prestations\",\"item\":\"https:\\\/\\\/www.sab.ch\\\/fr\\\/dienstleistungen\\\/\"},{\"@type\":\"ListItem\",\"position\":3,\"name\":\"Plate-forme de dialogue\"}]},{\"@type\":\"WebSite\",\"@id\":\"https:\\\/\\\/www.sab.ch\\\/fr\\\/#website\",\"url\":\"https:\\\/\\\/www.sab.ch\\\/fr\\\/\",\"name\":\"S A B\",\"description\":\"\",\"potentialAction\":[{\"@type\":\"SearchAction\",\"target\":{\"@type\":\"EntryPoint\",\"urlTemplate\":\"https:\\\/\\\/www.sab.ch\\\/fr\\\/?s={search_term_string}\"},\"query-input\":{\"@type\":\"PropertyValueSpecification\",\"valueRequired\":true,\"valueName\":\"search_term_string\"}}],\"inLanguage\":\"fr-FR\"}]}<\/script>\n<!-- \/ Yoast SEO plugin. -->","yoast_head_json":{"title":"Plate-forme de dialogue - S A B","robots":{"index":"index","follow":"follow","max-snippet":"max-snippet:-1","max-image-preview":"max-image-preview:large","max-video-preview":"max-video-preview:-1"},"canonical":"https:\/\/www.sab.ch\/fr\/dienstleistungen\/plate-forme-de-dialogue\/","og_locale":"fr_FR","og_type":"article","og_title":"Plate-forme de dialogue - S A B","og_url":"https:\/\/www.sab.ch\/fr\/dienstleistungen\/plate-forme-de-dialogue\/","og_site_name":"S A B","article_modified_time":"2026-03-25T08:16:54+00:00","twitter_card":"summary_large_image","twitter_misc":{"Dur\u00e9e de lecture estim\u00e9e":"2 minutes"},"schema":{"@context":"https:\/\/schema.org","@graph":[{"@type":"WebPage","@id":"https:\/\/www.sab.ch\/fr\/dienstleistungen\/plate-forme-de-dialogue\/","url":"https:\/\/www.sab.ch\/fr\/dienstleistungen\/plate-forme-de-dialogue\/","name":"Plate-forme de dialogue - S A B","isPartOf":{"@id":"https:\/\/www.sab.ch\/fr\/#website"},"datePublished":"2023-01-19T12:42:21+00:00","dateModified":"2026-03-25T08:16:54+00:00","breadcrumb":{"@id":"https:\/\/www.sab.ch\/fr\/dienstleistungen\/plate-forme-de-dialogue\/#breadcrumb"},"inLanguage":"fr-FR","potentialAction":[{"@type":"ReadAction","target":["https:\/\/www.sab.ch\/fr\/dienstleistungen\/plate-forme-de-dialogue\/"]}]},{"@type":"BreadcrumbList","@id":"https:\/\/www.sab.ch\/fr\/dienstleistungen\/plate-forme-de-dialogue\/#breadcrumb","itemListElement":[{"@type":"ListItem","position":1,"name":"Startseite","item":"https:\/\/www.sab.ch\/fr\/home\/"},{"@type":"ListItem","position":2,"name":"Prestations","item":"https:\/\/www.sab.ch\/fr\/dienstleistungen\/"},{"@type":"ListItem","position":3,"name":"Plate-forme de dialogue"}]},{"@type":"WebSite","@id":"https:\/\/www.sab.ch\/fr\/#website","url":"https:\/\/www.sab.ch\/fr\/","name":"S A B","description":"","potentialAction":[{"@type":"SearchAction","target":{"@type":"EntryPoint","urlTemplate":"https:\/\/www.sab.ch\/fr\/?s={search_term_string}"},"query-input":{"@type":"PropertyValueSpecification","valueRequired":true,"valueName":"search_term_string"}}],"inLanguage":"fr-FR"}]}},"_links":{"self":[{"href":"https:\/\/www.sab.ch\/fr\/wp-json\/wp\/v2\/pages\/11363","targetHints":{"allow":["GET"]}}],"collection":[{"href":"https:\/\/www.sab.ch\/fr\/wp-json\/wp\/v2\/pages"}],"about":[{"href":"https:\/\/www.sab.ch\/fr\/wp-json\/wp\/v2\/types\/page"}],"author":[{"embeddable":true,"href":"https:\/\/www.sab.ch\/fr\/wp-json\/wp\/v2\/users\/3"}],"replies":[{"embeddable":true,"href":"https:\/\/www.sab.ch\/fr\/wp-json\/wp\/v2\/comments?post=11363"}],"version-history":[{"count":158,"href":"https:\/\/www.sab.ch\/fr\/wp-json\/wp\/v2\/pages\/11363\/revisions"}],"predecessor-version":[{"id":31992,"href":"https:\/\/www.sab.ch\/fr\/wp-json\/wp\/v2\/pages\/11363\/revisions\/31992"}],"up":[{"embeddable":true,"href":"https:\/\/www.sab.ch\/fr\/wp-json\/wp\/v2\/pages\/7623"}],"wp:attachment":[{"href":"https:\/\/www.sab.ch\/fr\/wp-json\/wp\/v2\/media?parent=11363"}],"curies":[{"name":"wp","href":"https:\/\/api.w.org\/{rel}","templated":true}]}}