{"id":11384,"date":"2023-01-19T14:36:50","date_gmt":"2023-01-19T13:36:50","guid":{"rendered":"https:\/\/www.sab.ch\/conference-des-regions\/veranstaltungen-kdr\/"},"modified":"2025-05-15T09:09:32","modified_gmt":"2025-05-15T07:09:32","slug":"veranstaltungen-kdr","status":"publish","type":"page","link":"https:\/\/www.sab.ch\/fr\/dienstleistungen\/management-dorganisations-et-de-reseaux-2\/management-dorganisations-et-de-reseaux\/conference-des-regions\/veranstaltungen-kdr\/","title":{"rendered":"S\u00e9minaires Conf\u00e9rence des r\u00e9gions"},"content":{"rendered":"<div  class='flex_column av-90cky-da81ec8a342b86c6d8a76f19b667f71a av_two_third  avia-builder-el-0  el_before_av_hr  avia-builder-el-first  first flex_column_div  '     ><section  class='av_textblock_section av-maf2jyv9-ece0f3fa1c804544adee4fa48e72ee03 '   itemscope=\"itemscope\" itemtype=\"https:\/\/schema.org\/CreativeWork\" ><div class='avia_textblock'  itemprop=\"text\" ><h3>S\u00e9minaire CdR: Des services innovants en milieu rural &#8211; Comment soutenir les changements de comportements des utilisateurs?<\/h3>\n<p><strong>Mercredi 25 juin 2025 &#8211; Welle 7 Berne<\/strong><\/p>\n<p><br class=\"avia-permanent-lb\" \/>Il existe de nombreuses solutions innovantes pour les zones rurales, cherchant \u00e0 am\u00e9liorer leurs offres en mati\u00e8re de logements, d\u2019approvisionnement en biens de premi\u00e8re n\u00e9cessit\u00e9 ou de mobilit\u00e9. Toutefois, ces solutions ont du mal \u00e0 s\u2019imposer. Les gens restent fid\u00e8les \u00e0<br \/>\nleur voiture et le bus \u00e0 la demande, ainsi que les transports publics, sont peu utilis\u00e9s. Ils pr\u00e9f\u00e8rent souvent faire leurs courses lorsqu\u2019ils pendulent entre leur lieu de r\u00e9sidence et une agglom\u00e9ration proche, plut\u00f4t que de se rendre dans un magasin de village hybride ou sur une plateforme num\u00e9rique, proposant des produits r\u00e9gionaux. Les maisons individuelles marquent le paysage, les coop\u00e9ratives d\u2019habitation ont du mal \u00e0 se d\u00e9velopper.<\/p>\n<p>Dans ce contexte, les managers r\u00e9gionaux se demandent comment il est possible d\u2019inciter la population \u00e0 adopter de nouvelles formes d\u2019habitat, de mobilit\u00e9 ou, plus g\u00e9n\u00e9ralement, de services de base apportant une r\u00e9elle valeur ajout\u00e9e \u00e0 une r\u00e9gion. Comment pouvons-nous d\u00e9clencher un changement de comportement de mani\u00e8re attrayante ? Dans ce s\u00e9minaire de la CdR, nous voulons nous concentrer sur le th\u00e8me de la mobilit\u00e9 et trouver des r\u00e9ponses \u00e0 ces questions, en discutant avec des repr\u00e9sentants de la pratique et de la science.<\/p>\n<p><a href=\"https:\/\/www.sab.ch\/wp-content\/uploads\/2025\/05\/KDRSeminarprogrammMobilitaetVerhaltensaenderungenF.pdf\"><br class=\"avia-permanent-lb\" \/><\/a><a href=\"https:\/\/www.sab.ch\/wp-content\/uploads\/2025\/05\/Programm-fr-def_Seminar-kdr-vom-25_06_2025.pdf\">Programme<\/a><\/p>\n<p><a href=\"https:\/\/forms.office.com\/e\/YNHCAYf4EH?origin=lprLink\">Formulaire d&rsquo;inscription<\/a><\/p>\n<\/div><\/section><br \/>\n<div  class='hr av-av_hr-bca31578670ae9d408d6d6d291fc57a6 hr-default  avia-builder-el-2  el_after_av_textblock  el_before_av_image '><span class='hr-inner '><span class=\"hr-inner-style\"><\/span><\/span><\/div><br \/>\n<br \/>\n<section  class='av_textblock_section av-lo8fkpcb-f97c11f668dc7f20e896cf67e72f9875 '   itemscope=\"itemscope\" itemtype=\"https:\/\/schema.org\/CreativeWork\" ><div class='avia_textblock'  itemprop=\"text\" ><h3><strong>Construction hors zone \u00e0 b\u00e2tir \u2013 quelles sont les nouveaut\u00e9s apport\u00e9es par la r\u00e9vision actuelle de la loi sur l&rsquo;am\u00e9nagement du territoire LAT2 et quelles sont les exp\u00e9riences des r\u00e9gions ?<\/strong><\/h3>\n<p><strong>S\u00e9minaire Conf\u00e9rence des R\u00e9gions, centre de congr\u00e8s Allresto, Effingerstrasse 20, 3008 Berne &#8211; le 1 d\u00e9cembre 2023<\/strong><\/p>\n<p>Lors de la session d&rsquo;automne, le Parlement f\u00e9d\u00e9ral a adopt\u00e9 la deuxi\u00e8me r\u00e9vision partielle de la loi sur l&rsquo;am\u00e9nagement du territoire (LAT2). Les dispositions relatives \u00e0 la construction hors zones \u00e0 b\u00e2tir sont au c\u0153ur de cette r\u00e9vision. La r\u00e9vision vise \u00e0 donner aux cantons davantage de comp\u00e9tences dans ce domaine. D&rsquo;autre part, le nombre de constructions et d&rsquo;installations hors des zones \u00e0 b\u00e2tir doit \u00eatre stabilis\u00e9. Le projet a donc des cons\u00e9quences importantes pour les cantons, les r\u00e9gions et les communes. Le projet sera pr\u00e9sent\u00e9 lors de la manifestation de la Conf\u00e9rence des r\u00e9gions. En outre, des exemples de deux r\u00e9gions seront pr\u00e9sent\u00e9s, qui illustrent la mani\u00e8re de g\u00e9rer les constructions hors des zones \u00e0 b\u00e2tir.<\/p>\n<p><strong><a href=\"https:\/\/www.sab.ch\/wp-content\/uploads\/2023\/10\/KdR-Tagung-RPG220231025fr.pdf\">Programme en pdf<\/a><\/strong><\/p>\n<\/div><\/section><br \/>\n<div  class='hr av-lo8fnvkn-19ccf7e313c3997a1f8c6e6aa05191e8 hr-default  avia-builder-el-5  el_after_av_textblock  el_before_av_textblock '><span class='hr-inner '><span class=\"hr-inner-style\"><\/span><\/span><\/div><br \/>\n<section  class='av_textblock_section av-lgg9zuxw-0c83b71555dc5335b00caf2fbf1f0435 '   itemscope=\"itemscope\" itemtype=\"https:\/\/schema.org\/CreativeWork\" ><div class='avia_textblock'  itemprop=\"text\" ><h3>Gestion int\u00e9gr\u00e9e de l&rsquo;eau dans les r\u00e9gions &#8211; rapports d&rsquo;exp\u00e9riences et recommandations d&rsquo;action<\/h3>\n<p>L&rsquo;ann\u00e9e 2022 est consid\u00e9r\u00e9e comme l&rsquo;ann\u00e9e la plus chaude depuis le d\u00e9but des mesures en 1865. L&rsquo;\u00e9t\u00e9 a \u00e9t\u00e9 marqu\u00e9 par une longue p\u00e9riode de s\u00e9cheresse avec des temp\u00e9ratures tr\u00e8s hautes. L&rsquo;hiver a \u00e9galement \u00e9t\u00e9 nettement trop chaud et les pr\u00e9cipitations sont surtout tomb\u00e9es sous forme de pluie plut\u00f4t que de neige. De telles conditions m\u00e9t\u00e9orologiques sont de plus en plus fr\u00e9quentes et correspondent aux sc\u00e9narios pr\u00e9vus depuis quelques ann\u00e9es d\u00e9j\u00e0.<br \/>\nLe changement climatique a donc des effets clairement perceptibles dans diff\u00e9rents secteurs. Un domaine important, qui nous concerne directement, est celui de l&rsquo;eau. En raison de la fonte des glaciers et de la diminution de la couverture neigeuse, le stockage de l&rsquo;eau diminue. Les pr\u00e9cipitations tombent de plus en plus sous forme de fortes pluies. La disponibilit\u00e9 de l&rsquo;eau, tout au long de l&rsquo;ann\u00e9e, diminue donc consid\u00e9rablement. Parall\u00e8lement, les besoins d&rsquo;utilisation en eau augmentent avec un besoin accru pour la production d&rsquo;\u00e9nergie, l&rsquo;approvisionnement de la population en eau potable, l&rsquo;irrigation des cultures, la lutte contre les incendies, le fonctionnement des canons \u00e0 neige. Une gestion int\u00e9gr\u00e9e de l&rsquo;eau devient de plus en plus importante. Les r\u00e9gions peuvent jouer un r\u00f4le central. Ainsi, cette conf\u00e9rence a pour but de pr\u00e9senter des approches existantes et de discuter des recommandations concr\u00e8tes.<\/p>\n<p>Les <strong>presentations<\/strong> se trouvent <a href=\"https:\/\/www.sab.ch\/fr\/dienstleistungen\/management-dorganisations-et-de-reseaux-2\/management-dorganisations-et-de-reseaux\/conference-des-regions\/documents\/\">ici\u00a0<\/a><\/p>\n<\/div><\/section><br \/>\n<div  class='hr av-60whle-50d6ef3e508477aa47bcfb4737ec1223 hr-default  avia-builder-el-7  el_after_av_textblock  avia-builder-el-last '><span class='hr-inner '><span class=\"hr-inner-style\"><\/span><\/span><\/div><\/p><\/div><div  class='hr av-23qeci-0b257bc6be747908327607be09f51a08 hr-default  avia-builder-el-8  el_after_av_two_third  avia-builder-el-last '><span class='hr-inner '><span class=\"hr-inner-style\"><\/span><\/span><\/div><\/p>\n","protected":false},"excerpt":{"rendered":"","protected":false},"author":3,"featured_media":0,"parent":11284,"menu_order":0,"comment_status":"closed","ping_status":"closed","template":"","meta":{"footnotes":""},"class_list":["post-11384","page","type-page","status-publish","hentry"],"yoast_head":"<!-- This site is optimized with the Yoast SEO plugin v27.5 - https:\/\/yoast.com\/product\/yoast-seo-wordpress\/ -->\n<title>S\u00e9minaires Conf\u00e9rence des r\u00e9gions - S A B<\/title>\n<meta name=\"robots\" content=\"index, follow, max-snippet:-1, max-image-preview:large, max-video-preview:-1\" \/>\n<link rel=\"canonical\" href=\"https:\/\/www.sab.ch\/fr\/dienstleistungen\/management-dorganisations-et-de-reseaux-2\/management-dorganisations-et-de-reseaux\/conference-des-regions\/veranstaltungen-kdr\/\" \/>\n<meta property=\"og:locale\" content=\"fr_FR\" \/>\n<meta property=\"og:type\" content=\"article\" \/>\n<meta property=\"og:title\" content=\"S\u00e9minaires Conf\u00e9rence des r\u00e9gions - S A B\" \/>\n<meta property=\"og:url\" content=\"https:\/\/www.sab.ch\/fr\/dienstleistungen\/management-dorganisations-et-de-reseaux-2\/management-dorganisations-et-de-reseaux\/conference-des-regions\/veranstaltungen-kdr\/\" \/>\n<meta property=\"og:site_name\" content=\"S A B\" \/>\n<meta property=\"article:modified_time\" content=\"2025-05-15T07:09:32+00:00\" \/>\n<meta name=\"twitter:card\" content=\"summary_large_image\" \/>\n<meta name=\"twitter:label1\" content=\"Dur\u00e9e de lecture estim\u00e9e\" \/>\n\t<meta name=\"twitter:data1\" content=\"4 minutes\" \/>\n<script type=\"application\/ld+json\" class=\"yoast-schema-graph\">{\"@context\":\"https:\\\/\\\/schema.org\",\"@graph\":[{\"@type\":\"WebPage\",\"@id\":\"https:\\\/\\\/www.sab.ch\\\/fr\\\/dienstleistungen\\\/management-dorganisations-et-de-reseaux-2\\\/management-dorganisations-et-de-reseaux\\\/conference-des-regions\\\/veranstaltungen-kdr\\\/\",\"url\":\"https:\\\/\\\/www.sab.ch\\\/fr\\\/dienstleistungen\\\/management-dorganisations-et-de-reseaux-2\\\/management-dorganisations-et-de-reseaux\\\/conference-des-regions\\\/veranstaltungen-kdr\\\/\",\"name\":\"S\u00e9minaires Conf\u00e9rence des r\u00e9gions - S A B\",\"isPartOf\":{\"@id\":\"https:\\\/\\\/www.sab.ch\\\/fr\\\/#website\"},\"datePublished\":\"2023-01-19T13:36:50+00:00\",\"dateModified\":\"2025-05-15T07:09:32+00:00\",\"breadcrumb\":{\"@id\":\"https:\\\/\\\/www.sab.ch\\\/fr\\\/dienstleistungen\\\/management-dorganisations-et-de-reseaux-2\\\/management-dorganisations-et-de-reseaux\\\/conference-des-regions\\\/veranstaltungen-kdr\\\/#breadcrumb\"},\"inLanguage\":\"fr-FR\",\"potentialAction\":[{\"@type\":\"ReadAction\",\"target\":[\"https:\\\/\\\/www.sab.ch\\\/fr\\\/dienstleistungen\\\/management-dorganisations-et-de-reseaux-2\\\/management-dorganisations-et-de-reseaux\\\/conference-des-regions\\\/veranstaltungen-kdr\\\/\"]}]},{\"@type\":\"BreadcrumbList\",\"@id\":\"https:\\\/\\\/www.sab.ch\\\/fr\\\/dienstleistungen\\\/management-dorganisations-et-de-reseaux-2\\\/management-dorganisations-et-de-reseaux\\\/conference-des-regions\\\/veranstaltungen-kdr\\\/#breadcrumb\",\"itemListElement\":[{\"@type\":\"ListItem\",\"position\":1,\"name\":\"Startseite\",\"item\":\"https:\\\/\\\/www.sab.ch\\\/fr\\\/home\\\/\"},{\"@type\":\"ListItem\",\"position\":2,\"name\":\"Prestations\",\"item\":\"https:\\\/\\\/www.sab.ch\\\/fr\\\/dienstleistungen\\\/\"},{\"@type\":\"ListItem\",\"position\":3,\"name\":\"Management d\u2019organisations et de r\u00e9seaux\",\"item\":\"https:\\\/\\\/www.sab.ch\\\/fr\\\/dienstleistungen\\\/management-dorganisations-et-de-reseaux-2\\\/\"},{\"@type\":\"ListItem\",\"position\":4,\"name\":\"Management d\u2019organisations et de r\u00e9seaux\",\"item\":\"https:\\\/\\\/www.sab.ch\\\/fr\\\/dienstleistungen\\\/management-dorganisations-et-de-reseaux-2\\\/management-dorganisations-et-de-reseaux\\\/\"},{\"@type\":\"ListItem\",\"position\":5,\"name\":\"Conf\u00e9rence des r\u00e9gions\",\"item\":\"https:\\\/\\\/www.sab.ch\\\/fr\\\/dienstleistungen\\\/management-dorganisations-et-de-reseaux-2\\\/management-dorganisations-et-de-reseaux\\\/conference-des-regions\\\/\"},{\"@type\":\"ListItem\",\"position\":6,\"name\":\"S\u00e9minaires Conf\u00e9rence des r\u00e9gions\"}]},{\"@type\":\"WebSite\",\"@id\":\"https:\\\/\\\/www.sab.ch\\\/fr\\\/#website\",\"url\":\"https:\\\/\\\/www.sab.ch\\\/fr\\\/\",\"name\":\"S A B\",\"description\":\"\",\"potentialAction\":[{\"@type\":\"SearchAction\",\"target\":{\"@type\":\"EntryPoint\",\"urlTemplate\":\"https:\\\/\\\/www.sab.ch\\\/fr\\\/?s={search_term_string}\"},\"query-input\":{\"@type\":\"PropertyValueSpecification\",\"valueRequired\":true,\"valueName\":\"search_term_string\"}}],\"inLanguage\":\"fr-FR\"}]}<\/script>\n<!-- \/ Yoast SEO plugin. -->","yoast_head_json":{"title":"S\u00e9minaires Conf\u00e9rence des r\u00e9gions - S A B","robots":{"index":"index","follow":"follow","max-snippet":"max-snippet:-1","max-image-preview":"max-image-preview:large","max-video-preview":"max-video-preview:-1"},"canonical":"https:\/\/www.sab.ch\/fr\/dienstleistungen\/management-dorganisations-et-de-reseaux-2\/management-dorganisations-et-de-reseaux\/conference-des-regions\/veranstaltungen-kdr\/","og_locale":"fr_FR","og_type":"article","og_title":"S\u00e9minaires Conf\u00e9rence des r\u00e9gions - S A B","og_url":"https:\/\/www.sab.ch\/fr\/dienstleistungen\/management-dorganisations-et-de-reseaux-2\/management-dorganisations-et-de-reseaux\/conference-des-regions\/veranstaltungen-kdr\/","og_site_name":"S A B","article_modified_time":"2025-05-15T07:09:32+00:00","twitter_card":"summary_large_image","twitter_misc":{"Dur\u00e9e de lecture estim\u00e9e":"4 minutes"},"schema":{"@context":"https:\/\/schema.org","@graph":[{"@type":"WebPage","@id":"https:\/\/www.sab.ch\/fr\/dienstleistungen\/management-dorganisations-et-de-reseaux-2\/management-dorganisations-et-de-reseaux\/conference-des-regions\/veranstaltungen-kdr\/","url":"https:\/\/www.sab.ch\/fr\/dienstleistungen\/management-dorganisations-et-de-reseaux-2\/management-dorganisations-et-de-reseaux\/conference-des-regions\/veranstaltungen-kdr\/","name":"S\u00e9minaires Conf\u00e9rence des r\u00e9gions - S A B","isPartOf":{"@id":"https:\/\/www.sab.ch\/fr\/#website"},"datePublished":"2023-01-19T13:36:50+00:00","dateModified":"2025-05-15T07:09:32+00:00","breadcrumb":{"@id":"https:\/\/www.sab.ch\/fr\/dienstleistungen\/management-dorganisations-et-de-reseaux-2\/management-dorganisations-et-de-reseaux\/conference-des-regions\/veranstaltungen-kdr\/#breadcrumb"},"inLanguage":"fr-FR","potentialAction":[{"@type":"ReadAction","target":["https:\/\/www.sab.ch\/fr\/dienstleistungen\/management-dorganisations-et-de-reseaux-2\/management-dorganisations-et-de-reseaux\/conference-des-regions\/veranstaltungen-kdr\/"]}]},{"@type":"BreadcrumbList","@id":"https:\/\/www.sab.ch\/fr\/dienstleistungen\/management-dorganisations-et-de-reseaux-2\/management-dorganisations-et-de-reseaux\/conference-des-regions\/veranstaltungen-kdr\/#breadcrumb","itemListElement":[{"@type":"ListItem","position":1,"name":"Startseite","item":"https:\/\/www.sab.ch\/fr\/home\/"},{"@type":"ListItem","position":2,"name":"Prestations","item":"https:\/\/www.sab.ch\/fr\/dienstleistungen\/"},{"@type":"ListItem","position":3,"name":"Management d\u2019organisations et de r\u00e9seaux","item":"https:\/\/www.sab.ch\/fr\/dienstleistungen\/management-dorganisations-et-de-reseaux-2\/"},{"@type":"ListItem","position":4,"name":"Management d\u2019organisations et de r\u00e9seaux","item":"https:\/\/www.sab.ch\/fr\/dienstleistungen\/management-dorganisations-et-de-reseaux-2\/management-dorganisations-et-de-reseaux\/"},{"@type":"ListItem","position":5,"name":"Conf\u00e9rence des r\u00e9gions","item":"https:\/\/www.sab.ch\/fr\/dienstleistungen\/management-dorganisations-et-de-reseaux-2\/management-dorganisations-et-de-reseaux\/conference-des-regions\/"},{"@type":"ListItem","position":6,"name":"S\u00e9minaires Conf\u00e9rence des r\u00e9gions"}]},{"@type":"WebSite","@id":"https:\/\/www.sab.ch\/fr\/#website","url":"https:\/\/www.sab.ch\/fr\/","name":"S A B","description":"","potentialAction":[{"@type":"SearchAction","target":{"@type":"EntryPoint","urlTemplate":"https:\/\/www.sab.ch\/fr\/?s={search_term_string}"},"query-input":{"@type":"PropertyValueSpecification","valueRequired":true,"valueName":"search_term_string"}}],"inLanguage":"fr-FR"}]}},"_links":{"self":[{"href":"https:\/\/www.sab.ch\/fr\/wp-json\/wp\/v2\/pages\/11384","targetHints":{"allow":["GET"]}}],"collection":[{"href":"https:\/\/www.sab.ch\/fr\/wp-json\/wp\/v2\/pages"}],"about":[{"href":"https:\/\/www.sab.ch\/fr\/wp-json\/wp\/v2\/types\/page"}],"author":[{"embeddable":true,"href":"https:\/\/www.sab.ch\/fr\/wp-json\/wp\/v2\/users\/3"}],"replies":[{"embeddable":true,"href":"https:\/\/www.sab.ch\/fr\/wp-json\/wp\/v2\/comments?post=11384"}],"version-history":[{"count":69,"href":"https:\/\/www.sab.ch\/fr\/wp-json\/wp\/v2\/pages\/11384\/revisions"}],"predecessor-version":[{"id":27430,"href":"https:\/\/www.sab.ch\/fr\/wp-json\/wp\/v2\/pages\/11384\/revisions\/27430"}],"up":[{"embeddable":true,"href":"https:\/\/www.sab.ch\/fr\/wp-json\/wp\/v2\/pages\/11284"}],"wp:attachment":[{"href":"https:\/\/www.sab.ch\/fr\/wp-json\/wp\/v2\/media?parent=11384"}],"curies":[{"name":"wp","href":"https:\/\/api.w.org\/{rel}","templated":true}]}}