{"id":11387,"date":"2023-01-19T14:50:07","date_gmt":"2023-01-19T13:50:07","guid":{"rendered":"https:\/\/www.sab.ch\/dienstleistungen\/management-dorganisations-et-de-reseaux-2\/smart-villages\/"},"modified":"2023-10-03T11:56:21","modified_gmt":"2023-10-03T09:56:21","slug":"smart-villages","status":"publish","type":"page","link":"https:\/\/www.sab.ch\/fr\/dienstleistungen\/management-dorganisations-et-de-reseaux-2\/smart-villages\/","title":{"rendered":"Smart Villages"},"content":{"rendered":"<div  class='flex_column av-35fzsu-1c49ad9bd1d126ac20c796051aafcbfb av_two_third  avia-builder-el-0  avia-builder-el-no-sibling  first flex_column_div  '     ><section  class='av_textblock_section av-lna4fahn-417ebc88d95980198e462c15626708f1 '   itemscope=\"itemscope\" itemtype=\"https:\/\/schema.org\/CreativeWork\" ><div class='avia_textblock'  itemprop=\"text\" ><h2 class=\"csc-firstHeader\">Ensemble pour devenir un village intelligent !<\/h2>\n<p>Comment la num\u00e9risation peut-elle \u00eatre utilis\u00e9e intelligemment dans les r\u00e9gions de montagnes, en faveur de leur population et pour leurs h\u00f4tes ? Le Groupement suisse pour les r\u00e9gions de montagnes (SAB), et le Secr\u00e9tariat d&rsquo;\u00c9tat \u00e0 l&rsquo;\u00e9conomie (SECO), avec la participation d\u2019une quarantaine de communes de montagne, ont pr\u00e9vu d\u2019approfondir cette question. Dans le cadre de la Nouvelle politique r\u00e9gionale (NPR), ils vont lancer ensemble la mesure pilote \u00ab Villages intelligents \/ R\u00e9gions intelligentes \u00bb. Contactez-nous si vous souhaitez impliquer votre commune, afin de mieux tirer parti de la digitalisation !<\/p>\n<\/div><\/section><br \/>\n\n<style type=\"text\/css\" data-created_by=\"avia_inline_auto\" id=\"style-css-av-lna5a18h-0d9f658b8bec58b6c632a694fcb1470a\">\n#top .hr.hr-invisible.av-lna5a18h-0d9f658b8bec58b6c632a694fcb1470a{\nheight:30px;\n}\n<\/style>\n<div  class='hr av-lna5a18h-0d9f658b8bec58b6c632a694fcb1470a hr-invisible  avia-builder-el-2  el_after_av_textblock  el_before_av_textblock '><span class='hr-inner '><span class=\"hr-inner-style\"><\/span><\/span><\/div><br \/>\n<section  class='av_textblock_section av-lna4hfva-549bbd2a5d1606c7f26b445a9665dee1 '   itemscope=\"itemscope\" itemtype=\"https:\/\/schema.org\/CreativeWork\" ><div class='avia_textblock'  itemprop=\"text\" ><h3 class=\"font-xl rs-grey-dark title\">Rapport final de la mesure pilote NPR pour les r\u00e9gions de montagne Smart Villages \/ Smart Regions<\/h3>\n<p>La num\u00e9risation ouvre de nouvelles possibilit\u00e9s aux communes et aux r\u00e9gions, notamment dans le domaine du vivre ensemble ou dans la mise en oeuvre de nouvelles formes de travail. Dans le cadre des mesures pilotes NPR en faveur des r\u00e9gions de montagne, le Secr\u00e9tariat d&rsquo;\u00c9tat \u00e0 l&rsquo;\u00e9conomie (SECO) et le Groupement suisse pour les r\u00e9gions de montagne (SAB) ont lanc\u00e9 le programme \u00abSmart Villages \/ Smart Regions\u00bb qui a dur\u00e9 de 2020 \u00e0 2022. Le rapport final et la vid\u00e9o de synth\u00e8se qui pr\u00e9sentent les r\u00e9sultats de 24 communes participantes sont d\u00e9sormais disponibles.<\/p>\n<p><a href=\"https:\/\/www.sab.ch\/wp-content\/uploads\/2023\/10\/Schlussbericht-Smart-Villages-Smart-Regions-2023.pdf\">Rapport final (disponible en allemand)<\/a><\/p>\n<\/div><\/section><br \/>\n<div  class='avia-video av-lna4ko6y-80c8021ae968848f7bf72942965b63b5 avia-video-16-9 av-no-preview-image avia-video-load-always av-lazyload-immediate av-lazyload-video-embed'  itemprop=\"video\" itemtype=\"https:\/\/schema.org\/VideoObject\"  data-original_url='https:\/\/youtu.be\/BwrqXWPSnkM'><script type='text\/html' class='av-video-tmpl'><div class='avia-iframe-wrap'><iframe loading=\"lazy\" title=\"Smart Villages \/ Smart Regions (FR)\" width=\"1500\" height=\"844\" src=\"https:\/\/www.youtube.com\/embed\/BwrqXWPSnkM?feature=oembed&autoplay=0&loop=0&controls=1&mute=0\" frameborder=\"0\" allow=\"accelerometer; autoplay; clipboard-write; encrypted-media; gyroscope; picture-in-picture; web-share\" allowfullscreen><\/iframe><\/div><\/script><div class='av-click-to-play-overlay'><div class=\"avia_playpause_icon\"><\/div><\/div><\/div><br \/>\n\n<style type=\"text\/css\" data-created_by=\"avia_inline_auto\" id=\"style-css-av-lna5a7zk-0accad7677976e31ecf95295c01fe388\">\n#top .hr.hr-invisible.av-lna5a7zk-0accad7677976e31ecf95295c01fe388{\nheight:30px;\n}\n<\/style>\n<div  class='hr av-lna5a7zk-0accad7677976e31ecf95295c01fe388 hr-invisible  avia-builder-el-5  el_after_av_video  el_before_av_textblock '><span class='hr-inner '><span class=\"hr-inner-style\"><\/span><\/span><\/div><br \/>\n<section  class='av_textblock_section av-lb0kojh8-f458b21e2264cc8c44ce7bbd4328b44f '   itemscope=\"itemscope\" itemtype=\"https:\/\/schema.org\/CreativeWork\" ><div class='avia_textblock'  itemprop=\"text\" ><h2>Echange d\u2019exp\u00e9riences &#8211; Mesure pilote NPR Smart Villages \/ Smart Regions<\/h2>\n<p><span style=\"font-weight: bold;\">21 novembre 2022 \u00e0 Berne <\/span><\/p>\n<p>Afin de soutenir les communes de montagne dans leurs d\u00e9marches \u00ab villages int\u00e9lligents \u00bb, le SAB &#8211; Groupement suisse pour les r\u00e9gions de montagne et le Secr\u00e9tariat d&rsquo;\u00c9tat \u00e0 l&rsquo;\u00e9conomie (SECO) ont lanc\u00e9 la mesure pilote \u00ab\u00a0Smart Villages \/ Smart Regions\u00a0\u00bb, il y a deux ans. Plus de vingt communes ont b\u00e9n\u00e9fici\u00e9 d&rsquo;un cofinancement, afin de lancer des processus participatifs qui les ont aid\u00e9es \u00e0 identifier leurs besoins, \u00e0 d\u00e9velopper une vision, \u00e0 d\u00e9finir des mesures Smart Villages et \u00e0 \u00e9laborer un plan d&rsquo;action. . La mesure pilote touche lentement \u00e0 sa fin et la rencontre du 21 novembre est le moment id\u00e9al pour tirer un bilan et \u00e9changer des exp\u00e9riences entre les communes, les experts qui les accompagnent et les responsables du programme.<\/p>\n<p>Vous trouverez plus d&rsquo;informations <a href=\"https:\/\/sab.ch\/wp-content\/uploads\/2022\/11\/de_Erfahrungsaustausch_ERFA_def.pdf\">ici<\/a><\/p>\n<h2>Communiqu\u00e9 de presse<\/h2>\n<ul class=\"csc-uploads csc-uploads-0\">\n<li class=\"li-odd li-first csc-uploads-element csc-uploads-element-pdf\"><a href=\"https:\/\/www.sab.ch\/wp-content\/uploads\/2023\/02\/Des_villages_de_montagne_se_transforment_en____villages_intelligents___.pdf\">Des villages de montagne se transforment en \u00ab villages intelligents \u00bb (16.11.2021)<\/a><\/li>\n<li class=\"li-even csc-uploads-element csc-uploads-element-pdf\"><a href=\"https:\/\/www.sab.ch\/wp-content\/uploads\/2023\/02\/F_SmartVillages_policyConference_10.11.2020.pdf\">Smart villages : quelle politique pour promouvoir les villages intelligents ? (10.11.2020) (10.11.2020)<\/a><\/li>\n<\/ul>\n<h2>Documents<\/h2>\n<ul class=\"csc-uploads csc-uploads-0\">\n<li class=\"li-odd li-first csc-uploads-element csc-uploads-element-pdf\"><a href=\"https:\/\/www.sab.ch\/wp-content\/uploads\/2023\/02\/F_NRP_SVFactsheetFinal20201106ly.pdf\">Factsheet Smart Villages<\/a><\/li>\n<li class=\"li-even csc-uploads-element csc-uploads-element-pdf\"><a href=\"https:\/\/www.sab.ch\/wp-content\/uploads\/2023\/02\/NRP_SVPflichtenheft_Gemeinden_FRfinal20201106.pdf\">Cahier des charges pour les communes ou groupe de communes<\/a><\/li>\n<li class=\"li-odd csc-uploads-element csc-uploads-element-pdf\"><a href=\"https:\/\/www.sab.ch\/wp-content\/uploads\/2023\/02\/Cahier-de-charge_fr-smart-villages.pdf\">Cahier des charges pour experts externes<\/a><\/li>\n<li class=\"li-even csc-uploads-element csc-uploads-element-pdf\"><a href=\"https:\/\/www.sab.ch\/wp-content\/uploads\/2023\/02\/frdef_NPR_Smart_villages_Liste_experts.pdf\">Liste des consulants externes<\/a><\/li>\n<\/ul>\n<h2>Pr\u00e9sentations Conf\u00e9rence \u00ab\u00a0Smart Villages\u00a0\u00bb 10.11.2020<\/h2>\n<ul class=\"csc-uploads csc-uploads-0\">\n<li class=\"li-odd li-first csc-uploads-element csc-uploads-element-pdf\"><a href=\"\/wp-content\/uploads\/2022\/11\/MariaLezziSAB_SmartVillagesPolicy_conferencefinal.pdf\">Maria Lezzi: Policy conference of the Smart Villages Interreg Alpine Space Project<\/a><\/li>\n<li class=\"li-even csc-uploads-element csc-uploads-element-pdf\"><a href=\"\/wp-content\/uploads\/2022\/11\/EmilijiaStojmenovaSmartVillagesPolicy_conferencefinal.pdf\">Emilija Stojmenova Duh: Smart Villages: The local heroes concept<\/a><\/li>\n<li class=\"li-odd csc-uploads-element csc-uploads-element-pdf\"><a href=\"\/wp-content\/uploads\/2022\/11\/PeterNiedererSAB_SmartVillagesPolicy_conferencefinal.pdf\">Peter Niederer: The Interreg Alpine Space Smart Villages Project<\/a><\/li>\n<li class=\"li-even csc-uploads-element csc-uploads-element-pdf\"><a href=\"\/wp-content\/uploads\/2022\/11\/ThomasEggerSmart_villages_policy_conferencefinal.pdf\">Thomas Egger: Smart Villages \u2013 a strategic priority for EUSALP<\/a><\/li>\n<\/ul>\n<h2>Liens<\/h2>\n<p><a title=\"Tool\u00bb\" href=\"https:\/\/smart-villages.eu\/language\/de\/home-3\/\" target=\"Self\" rel=\"noopener\"><span lang=\"EN-US\">\u00abSmartness Self Assessment Tool\u00bb und die \u201c<\/span>Digital Exchange Platform\u00bb<\/a><\/p>\n<h2>Carte<\/h2>\n<p>\u00dcbersicht der Gemeinden, welche bei der NRP Pilotmassnahme \u00abSmart Villages \/ Smart Regions\u00bb mitmachen:<\/p>\n<p><iframe id=\"datawrapper-chart-gYDl3\" style=\"width: 0; min-width: 100% !important; border: none;\" title=\"Smart Villages\" src=\"https:\/\/datawrapper.dwcdn.net\/gYDl3\/6\/\" height=\"460\" frameborder=\"0\" scrolling=\"no\" aria-label=\"map\"><\/iframe><script type=\"text\/javascript\">!function(){\"use strict\";window.addEventListener(\"message\",(function(e){if(void 0!==e.data[\"datawrapper-height\"]){var t=document.querySelectorAll(\"iframe\");for(var a in e.data[\"datawrapper-height\"])for(var r=0;r<t.length;r++){if(t&#091;r&#093;.contentWindow===e.source)t&#091;r&#093;.style.height=e.data&#091;\"datawrapper-height\"&#093;&#091;a&#093;+\"px\"}>)}();<\/script><span style=\"font-weight: bold;\">Contact :<\/span><\/p>\n<p>Peter Niederer<br \/>\nVizedirektor SAB, Ressortleiter Regionalentwicklung<br \/>\nE-Mail: <a href=\"&#x6d;&#x61;&#x69;&#x6c;&#x74;&#x6f;&#x3a;&#x70;&#x65;&#x74;&#x65;&#x72;&#x2e;&#x6e;&#105;&#101;&#100;&#101;&#114;&#101;&#114;&#64;&#115;&#97;&#98;&#46;ch\">pete&#114;&#46;&#110;&#105;&#101;&#100;&#101;&#x72;&#x65;&#x72;&#x40;&#x73;&#x61;&#x62;&#x2e;&#x63;h<\/a><\/p>\n<\/div><\/section><\/p><\/div>\n","protected":false},"excerpt":{"rendered":"","protected":false},"author":3,"featured_media":0,"parent":11357,"menu_order":0,"comment_status":"closed","ping_status":"closed","template":"","meta":{"footnotes":""},"class_list":["post-11387","page","type-page","status-publish","hentry"],"yoast_head":"<!-- This site is optimized with the Yoast SEO plugin v27.5 - https:\/\/yoast.com\/product\/yoast-seo-wordpress\/ -->\n<title>Smart Villages - S A B<\/title>\n<meta name=\"robots\" content=\"index, follow, max-snippet:-1, max-image-preview:large, max-video-preview:-1\" \/>\n<link rel=\"canonical\" href=\"https:\/\/www.sab.ch\/fr\/dienstleistungen\/management-dorganisations-et-de-reseaux-2\/smart-villages\/\" \/>\n<meta property=\"og:locale\" content=\"fr_FR\" \/>\n<meta property=\"og:type\" content=\"article\" \/>\n<meta property=\"og:title\" content=\"Smart Villages - S A B\" \/>\n<meta property=\"og:url\" content=\"https:\/\/www.sab.ch\/fr\/dienstleistungen\/management-dorganisations-et-de-reseaux-2\/smart-villages\/\" \/>\n<meta property=\"og:site_name\" content=\"S A B\" \/>\n<meta property=\"article:modified_time\" content=\"2023-10-03T09:56:21+00:00\" \/>\n<meta name=\"twitter:card\" content=\"summary_large_image\" \/>\n<meta name=\"twitter:label1\" content=\"Dur\u00e9e de lecture estim\u00e9e\" \/>\n\t<meta name=\"twitter:data1\" content=\"5 minutes\" \/>\n<script type=\"application\/ld+json\" class=\"yoast-schema-graph\">{\"@context\":\"https:\\\/\\\/schema.org\",\"@graph\":[{\"@type\":\"WebPage\",\"@id\":\"https:\\\/\\\/www.sab.ch\\\/fr\\\/dienstleistungen\\\/management-dorganisations-et-de-reseaux-2\\\/smart-villages\\\/\",\"url\":\"https:\\\/\\\/www.sab.ch\\\/fr\\\/dienstleistungen\\\/management-dorganisations-et-de-reseaux-2\\\/smart-villages\\\/\",\"name\":\"Smart Villages - S A B\",\"isPartOf\":{\"@id\":\"https:\\\/\\\/www.sab.ch\\\/fr\\\/#website\"},\"datePublished\":\"2023-01-19T13:50:07+00:00\",\"dateModified\":\"2023-10-03T09:56:21+00:00\",\"breadcrumb\":{\"@id\":\"https:\\\/\\\/www.sab.ch\\\/fr\\\/dienstleistungen\\\/management-dorganisations-et-de-reseaux-2\\\/smart-villages\\\/#breadcrumb\"},\"inLanguage\":\"fr-FR\",\"potentialAction\":[{\"@type\":\"ReadAction\",\"target\":[\"https:\\\/\\\/www.sab.ch\\\/fr\\\/dienstleistungen\\\/management-dorganisations-et-de-reseaux-2\\\/smart-villages\\\/\"]}]},{\"@type\":\"BreadcrumbList\",\"@id\":\"https:\\\/\\\/www.sab.ch\\\/fr\\\/dienstleistungen\\\/management-dorganisations-et-de-reseaux-2\\\/smart-villages\\\/#breadcrumb\",\"itemListElement\":[{\"@type\":\"ListItem\",\"position\":1,\"name\":\"Startseite\",\"item\":\"https:\\\/\\\/www.sab.ch\\\/fr\\\/home\\\/\"},{\"@type\":\"ListItem\",\"position\":2,\"name\":\"Prestations\",\"item\":\"https:\\\/\\\/www.sab.ch\\\/fr\\\/dienstleistungen\\\/\"},{\"@type\":\"ListItem\",\"position\":3,\"name\":\"Management d\u2019organisations et de r\u00e9seaux\",\"item\":\"https:\\\/\\\/www.sab.ch\\\/fr\\\/dienstleistungen\\\/management-dorganisations-et-de-reseaux-2\\\/\"},{\"@type\":\"ListItem\",\"position\":4,\"name\":\"Smart Villages\"}]},{\"@type\":\"WebSite\",\"@id\":\"https:\\\/\\\/www.sab.ch\\\/fr\\\/#website\",\"url\":\"https:\\\/\\\/www.sab.ch\\\/fr\\\/\",\"name\":\"S A B\",\"description\":\"\",\"potentialAction\":[{\"@type\":\"SearchAction\",\"target\":{\"@type\":\"EntryPoint\",\"urlTemplate\":\"https:\\\/\\\/www.sab.ch\\\/fr\\\/?s={search_term_string}\"},\"query-input\":{\"@type\":\"PropertyValueSpecification\",\"valueRequired\":true,\"valueName\":\"search_term_string\"}}],\"inLanguage\":\"fr-FR\"}]}<\/script>\n<!-- \/ Yoast SEO plugin. -->","yoast_head_json":{"title":"Smart Villages - S A B","robots":{"index":"index","follow":"follow","max-snippet":"max-snippet:-1","max-image-preview":"max-image-preview:large","max-video-preview":"max-video-preview:-1"},"canonical":"https:\/\/www.sab.ch\/fr\/dienstleistungen\/management-dorganisations-et-de-reseaux-2\/smart-villages\/","og_locale":"fr_FR","og_type":"article","og_title":"Smart Villages - S A B","og_url":"https:\/\/www.sab.ch\/fr\/dienstleistungen\/management-dorganisations-et-de-reseaux-2\/smart-villages\/","og_site_name":"S A B","article_modified_time":"2023-10-03T09:56:21+00:00","twitter_card":"summary_large_image","twitter_misc":{"Dur\u00e9e de lecture estim\u00e9e":"5 minutes"},"schema":{"@context":"https:\/\/schema.org","@graph":[{"@type":"WebPage","@id":"https:\/\/www.sab.ch\/fr\/dienstleistungen\/management-dorganisations-et-de-reseaux-2\/smart-villages\/","url":"https:\/\/www.sab.ch\/fr\/dienstleistungen\/management-dorganisations-et-de-reseaux-2\/smart-villages\/","name":"Smart Villages - S A B","isPartOf":{"@id":"https:\/\/www.sab.ch\/fr\/#website"},"datePublished":"2023-01-19T13:50:07+00:00","dateModified":"2023-10-03T09:56:21+00:00","breadcrumb":{"@id":"https:\/\/www.sab.ch\/fr\/dienstleistungen\/management-dorganisations-et-de-reseaux-2\/smart-villages\/#breadcrumb"},"inLanguage":"fr-FR","potentialAction":[{"@type":"ReadAction","target":["https:\/\/www.sab.ch\/fr\/dienstleistungen\/management-dorganisations-et-de-reseaux-2\/smart-villages\/"]}]},{"@type":"BreadcrumbList","@id":"https:\/\/www.sab.ch\/fr\/dienstleistungen\/management-dorganisations-et-de-reseaux-2\/smart-villages\/#breadcrumb","itemListElement":[{"@type":"ListItem","position":1,"name":"Startseite","item":"https:\/\/www.sab.ch\/fr\/home\/"},{"@type":"ListItem","position":2,"name":"Prestations","item":"https:\/\/www.sab.ch\/fr\/dienstleistungen\/"},{"@type":"ListItem","position":3,"name":"Management d\u2019organisations et de r\u00e9seaux","item":"https:\/\/www.sab.ch\/fr\/dienstleistungen\/management-dorganisations-et-de-reseaux-2\/"},{"@type":"ListItem","position":4,"name":"Smart Villages"}]},{"@type":"WebSite","@id":"https:\/\/www.sab.ch\/fr\/#website","url":"https:\/\/www.sab.ch\/fr\/","name":"S A B","description":"","potentialAction":[{"@type":"SearchAction","target":{"@type":"EntryPoint","urlTemplate":"https:\/\/www.sab.ch\/fr\/?s={search_term_string}"},"query-input":{"@type":"PropertyValueSpecification","valueRequired":true,"valueName":"search_term_string"}}],"inLanguage":"fr-FR"}]}},"_links":{"self":[{"href":"https:\/\/www.sab.ch\/fr\/wp-json\/wp\/v2\/pages\/11387","targetHints":{"allow":["GET"]}}],"collection":[{"href":"https:\/\/www.sab.ch\/fr\/wp-json\/wp\/v2\/pages"}],"about":[{"href":"https:\/\/www.sab.ch\/fr\/wp-json\/wp\/v2\/types\/page"}],"author":[{"embeddable":true,"href":"https:\/\/www.sab.ch\/fr\/wp-json\/wp\/v2\/users\/3"}],"replies":[{"embeddable":true,"href":"https:\/\/www.sab.ch\/fr\/wp-json\/wp\/v2\/comments?post=11387"}],"version-history":[{"count":15,"href":"https:\/\/www.sab.ch\/fr\/wp-json\/wp\/v2\/pages\/11387\/revisions"}],"predecessor-version":[{"id":17828,"href":"https:\/\/www.sab.ch\/fr\/wp-json\/wp\/v2\/pages\/11387\/revisions\/17828"}],"up":[{"embeddable":true,"href":"https:\/\/www.sab.ch\/fr\/wp-json\/wp\/v2\/pages\/11357"}],"wp:attachment":[{"href":"https:\/\/www.sab.ch\/fr\/wp-json\/wp\/v2\/media?parent=11387"}],"curies":[{"name":"wp","href":"https:\/\/api.w.org\/{rel}","templated":true}]}}