{"id":11399,"date":"2023-01-23T13:42:23","date_gmt":"2023-01-23T12:42:23","guid":{"rendered":"https:\/\/www.sab.ch\/politique\/"},"modified":"2024-09-30T11:33:03","modified_gmt":"2024-09-30T09:33:03","slug":"politique","status":"publish","type":"page","link":"https:\/\/www.sab.ch\/fr\/politique\/","title":{"rendered":"Politique"},"content":{"rendered":"<div  class='flex_column av-6h7z98-e7ae325fdadfe7444d88edf858b5971f av_two_third  avia-builder-el-0  avia-builder-el-no-sibling  first flex_column_div  '     ><p>\n<style type=\"text\/css\" data-created_by=\"avia_inline_auto\" id=\"style-css-av-lbkvo88z-a2403453f3d9b890e888325e7ec7efc4\">\n.avia-image-container.av-lbkvo88z-a2403453f3d9b890e888325e7ec7efc4 img.avia_image{\nbox-shadow:none;\n}\n.avia-image-container.av-lbkvo88z-a2403453f3d9b890e888325e7ec7efc4 .av-image-caption-overlay-center{\ncolor:#ffffff;\n}\n<\/style>\n<div  class='avia-image-container av-lbkvo88z-a2403453f3d9b890e888325e7ec7efc4 av-styling- avia-align-left  avia-builder-el-1  el_before_av_textblock  avia-builder-el-first '   itemprop=\"image\" itemscope=\"itemscope\" itemtype=\"https:\/\/schema.org\/ImageObject\" ><div class=\"avia-image-container-inner\"><div class=\"avia-image-overlay-wrap\"><img decoding=\"async\" fetchpriority=\"high\" class='wp-image-7165 avia-img-lazy-loading-not-7165 avia_image ' src=\"https:\/\/www.sab.ch\/wp-content\/uploads\/2022\/11\/Umwelt.png\" alt='' title='Umwelt'  height=\"236\" width=\"350\"  itemprop=\"thumbnailUrl\"  \/><\/div><\/div><\/div><br \/>\n<section  class='av_textblock_section av-lbkvap8i-fbbb71707a456ec286cf38a8bad4f166 '   itemscope=\"itemscope\" itemtype=\"https:\/\/schema.org\/CreativeWork\" ><div class='avia_textblock'  itemprop=\"text\" ><h2>Politique<\/h2>\n<p>Le SAB s\u2019engage pour la d\u00e9fense des int\u00e9r\u00eats politiques, \u00e9conomiques et culturels des r\u00e9gions de montagne. Dans ce cadre, il entretient des liens avec la Conf\u00e9d\u00e9ration, les cantons, ainsi qu&rsquo;avec les responsables de l\u2019am\u00e9nagement du territoire, de l\u2019\u00e9conomie, de la culture et du secteur social.<\/p>\n<p>Le SAB prend position sur toutes les consultations f\u00e9d\u00e9rales susceptibles d\u2019avoir un impact sur les r\u00e9gions de montagne et les espaces ruraux.<\/p>\n<p>Enfin, le SAB publie de nombreux communiqu\u00e9s de presse, documents de position, ainsi que diverses brochures sur des th\u00e8mes se rapportant aux r\u00e9gions de montagne et rurales.<\/p>\n<p>Le SAB informe le public, ainsi que d&rsquo;autres milieux, par le biais de sa revue montagna, de communiqu\u00e9s de presse, de journ\u00e9es d&rsquo;\u00e9tude et des m\u00e9dias sociaux.<\/p>\n<\/div><\/section><br \/>\n<div  class='hr av-4hytks-68417fc4525764828b4424d4abdfc43f hr-default  avia-builder-el-3  el_after_av_textblock  el_before_av_textblock '><span class='hr-inner '><span class=\"hr-inner-style\"><\/span><\/span><\/div><br \/>\n<section  class='av_textblock_section av-lbkvc696-74662bcf659d508e92462411c81e9f16 '   itemscope=\"itemscope\" itemtype=\"https:\/\/schema.org\/CreativeWork\" ><div class='avia_textblock'  itemprop=\"text\" ><h2>Groupe parlementaire montagne<\/h2>\n<p>Le SAB dirige le secr\u00e9tariat de ce groupe. Le <a href=\"https:\/\/sab.ch\/dienstleistungen\/politische-interessensvertretung\/parlamentarische-gruppe-bergbevoelkerung\/\">Groupe parlementaire montagne<\/a> rassemble plus que 50 parlementaires f\u00e9d\u00e9raux qui s&rsquo;engagent particuli\u00e8rement en faveur des r\u00e9gions de montagnes. Le Conseiller aux Etats Stefan Engler (PDC\/GR) en est le pr\u00e9sident. Avant chaque session, ses membres re\u00e7oivent des informations de la part du SAB, au sujet des principaux objets f\u00e9d\u00e9raux. De plus, des s\u00e9ances d&rsquo;informations sont r\u00e9guli\u00e8rement propos\u00e9es \u00e0 l&rsquo;intention des parlementaires.<\/p>\n<\/div><\/section><br \/>\n<div  class='hr av-1v4wcc-394a8beaf5d28461817b84b7940d6a7c hr-default  avia-builder-el-5  el_after_av_textblock  el_before_av_textblock '><span class='hr-inner '><span class=\"hr-inner-style\"><\/span><\/span><\/div><br \/>\n<section  class='av_textblock_section av-lbkvh5qw-cf47e6ddd1d7626aa7a675e5cdd4c132 '   itemscope=\"itemscope\" itemtype=\"https:\/\/schema.org\/CreativeWork\" ><div class='avia_textblock'  itemprop=\"text\" ><h3><strong>Documents suppl\u00e9mentaires (disponibles dans la langue originale)<\/strong><\/h3>\n<p>Les <a href=\"https:\/\/sab.ch\/wp-content\/uploads\/2022\/11\/Megatrends_der_Raumentwicklung-neu.pdf\">m\u00e9gatendances<\/a> du d\u00e9veloppement territorial et leurs cons\u00e9quences pour les r\u00e9gions de montagne et les espaces ruraux<\/p>\n<p><a href=\"https:\/\/www.sab.ch\/wp-content\/uploads\/2024\/09\/Agenda-politique-du-SAB-2024-2027.pdf\">Ag\u00e9nda politique du SAB pour la p\u00e9riode 2024 \u2013 2027 <\/a><\/p>\n<p><a href=\"https:\/\/sab.ch\/dokumente\/stellungnahmen\/\">Prises de position du SAB<\/a><\/p>\n<p><a href=\"https:\/\/sab.ch\/dokumente\/positionspapiere\/\">Documents de position<\/a><\/p>\n<p><a href=\"https:\/\/sab.ch\/pressemitteilungen\/pressemitteilungen\/\">Communiqu\u00e9s de presse<\/a><\/p>\n<\/div><\/section><\/p><\/div>\n","protected":false},"excerpt":{"rendered":"","protected":false},"author":3,"featured_media":0,"parent":0,"menu_order":0,"comment_status":"closed","ping_status":"closed","template":"","meta":{"footnotes":""},"class_list":["post-11399","page","type-page","status-publish","hentry"],"yoast_head":"<!-- This site is optimized with the Yoast SEO plugin v27.4 - https:\/\/yoast.com\/product\/yoast-seo-wordpress\/ -->\n<title>Politique - S A B<\/title>\n<meta name=\"robots\" content=\"index, follow, max-snippet:-1, max-image-preview:large, max-video-preview:-1\" \/>\n<link rel=\"canonical\" href=\"https:\/\/www.sab.ch\/fr\/politique\/\" \/>\n<meta property=\"og:locale\" content=\"fr_FR\" \/>\n<meta property=\"og:type\" content=\"article\" \/>\n<meta property=\"og:title\" content=\"Politique - S A B\" \/>\n<meta property=\"og:url\" content=\"https:\/\/www.sab.ch\/fr\/politique\/\" \/>\n<meta property=\"og:site_name\" content=\"S A B\" \/>\n<meta property=\"article:modified_time\" content=\"2024-09-30T09:33:03+00:00\" \/>\n<meta name=\"twitter:card\" content=\"summary_large_image\" \/>\n<meta name=\"twitter:label1\" content=\"Dur\u00e9e de lecture estim\u00e9e\" \/>\n\t<meta name=\"twitter:data1\" content=\"2 minutes\" \/>\n<script type=\"application\/ld+json\" class=\"yoast-schema-graph\">{\"@context\":\"https:\\\/\\\/schema.org\",\"@graph\":[{\"@type\":\"WebPage\",\"@id\":\"https:\\\/\\\/www.sab.ch\\\/fr\\\/politique\\\/\",\"url\":\"https:\\\/\\\/www.sab.ch\\\/fr\\\/politique\\\/\",\"name\":\"Politique - S A B\",\"isPartOf\":{\"@id\":\"https:\\\/\\\/www.sab.ch\\\/fr\\\/#website\"},\"datePublished\":\"2023-01-23T12:42:23+00:00\",\"dateModified\":\"2024-09-30T09:33:03+00:00\",\"breadcrumb\":{\"@id\":\"https:\\\/\\\/www.sab.ch\\\/fr\\\/politique\\\/#breadcrumb\"},\"inLanguage\":\"fr-FR\",\"potentialAction\":[{\"@type\":\"ReadAction\",\"target\":[\"https:\\\/\\\/www.sab.ch\\\/fr\\\/politique\\\/\"]}]},{\"@type\":\"BreadcrumbList\",\"@id\":\"https:\\\/\\\/www.sab.ch\\\/fr\\\/politique\\\/#breadcrumb\",\"itemListElement\":[{\"@type\":\"ListItem\",\"position\":1,\"name\":\"Startseite\",\"item\":\"https:\\\/\\\/www.sab.ch\\\/fr\\\/home\\\/\"},{\"@type\":\"ListItem\",\"position\":2,\"name\":\"Politique\"}]},{\"@type\":\"WebSite\",\"@id\":\"https:\\\/\\\/www.sab.ch\\\/fr\\\/#website\",\"url\":\"https:\\\/\\\/www.sab.ch\\\/fr\\\/\",\"name\":\"S A B\",\"description\":\"\",\"potentialAction\":[{\"@type\":\"SearchAction\",\"target\":{\"@type\":\"EntryPoint\",\"urlTemplate\":\"https:\\\/\\\/www.sab.ch\\\/fr\\\/?s={search_term_string}\"},\"query-input\":{\"@type\":\"PropertyValueSpecification\",\"valueRequired\":true,\"valueName\":\"search_term_string\"}}],\"inLanguage\":\"fr-FR\"}]}<\/script>\n<!-- \/ Yoast SEO plugin. -->","yoast_head_json":{"title":"Politique - S A B","robots":{"index":"index","follow":"follow","max-snippet":"max-snippet:-1","max-image-preview":"max-image-preview:large","max-video-preview":"max-video-preview:-1"},"canonical":"https:\/\/www.sab.ch\/fr\/politique\/","og_locale":"fr_FR","og_type":"article","og_title":"Politique - S A B","og_url":"https:\/\/www.sab.ch\/fr\/politique\/","og_site_name":"S A B","article_modified_time":"2024-09-30T09:33:03+00:00","twitter_card":"summary_large_image","twitter_misc":{"Dur\u00e9e de lecture estim\u00e9e":"2 minutes"},"schema":{"@context":"https:\/\/schema.org","@graph":[{"@type":"WebPage","@id":"https:\/\/www.sab.ch\/fr\/politique\/","url":"https:\/\/www.sab.ch\/fr\/politique\/","name":"Politique - S A B","isPartOf":{"@id":"https:\/\/www.sab.ch\/fr\/#website"},"datePublished":"2023-01-23T12:42:23+00:00","dateModified":"2024-09-30T09:33:03+00:00","breadcrumb":{"@id":"https:\/\/www.sab.ch\/fr\/politique\/#breadcrumb"},"inLanguage":"fr-FR","potentialAction":[{"@type":"ReadAction","target":["https:\/\/www.sab.ch\/fr\/politique\/"]}]},{"@type":"BreadcrumbList","@id":"https:\/\/www.sab.ch\/fr\/politique\/#breadcrumb","itemListElement":[{"@type":"ListItem","position":1,"name":"Startseite","item":"https:\/\/www.sab.ch\/fr\/home\/"},{"@type":"ListItem","position":2,"name":"Politique"}]},{"@type":"WebSite","@id":"https:\/\/www.sab.ch\/fr\/#website","url":"https:\/\/www.sab.ch\/fr\/","name":"S A B","description":"","potentialAction":[{"@type":"SearchAction","target":{"@type":"EntryPoint","urlTemplate":"https:\/\/www.sab.ch\/fr\/?s={search_term_string}"},"query-input":{"@type":"PropertyValueSpecification","valueRequired":true,"valueName":"search_term_string"}}],"inLanguage":"fr-FR"}]}},"_links":{"self":[{"href":"https:\/\/www.sab.ch\/fr\/wp-json\/wp\/v2\/pages\/11399","targetHints":{"allow":["GET"]}}],"collection":[{"href":"https:\/\/www.sab.ch\/fr\/wp-json\/wp\/v2\/pages"}],"about":[{"href":"https:\/\/www.sab.ch\/fr\/wp-json\/wp\/v2\/types\/page"}],"author":[{"embeddable":true,"href":"https:\/\/www.sab.ch\/fr\/wp-json\/wp\/v2\/users\/3"}],"replies":[{"embeddable":true,"href":"https:\/\/www.sab.ch\/fr\/wp-json\/wp\/v2\/comments?post=11399"}],"version-history":[{"count":10,"href":"https:\/\/www.sab.ch\/fr\/wp-json\/wp\/v2\/pages\/11399\/revisions"}],"predecessor-version":[{"id":23876,"href":"https:\/\/www.sab.ch\/fr\/wp-json\/wp\/v2\/pages\/11399\/revisions\/23876"}],"wp:attachment":[{"href":"https:\/\/www.sab.ch\/fr\/wp-json\/wp\/v2\/media?parent=11399"}],"curies":[{"name":"wp","href":"https:\/\/api.w.org\/{rel}","templated":true}]}}