{"id":11479,"date":"2023-01-24T09:35:07","date_gmt":"2023-01-24T08:35:07","guid":{"rendered":"https:\/\/www.sab.ch\/politique\/population-de-montagne-politique-sociale\/"},"modified":"2025-09-02T11:35:17","modified_gmt":"2025-09-02T09:35:17","slug":"population-de-montagne-politique-sociale","status":"publish","type":"page","link":"https:\/\/www.sab.ch\/fr\/politique\/population-de-montagne-politique-sociale\/","title":{"rendered":"Population de montagne \/ politique sociale"},"content":{"rendered":"<div id='av_section_1'  class='avia-section av-kbufzd3s-dd428f854b73db9c732bdb3b761e163e main_color avia-section-default avia-shadow  avia-builder-el-0  avia-builder-el-no-sibling  avia-bg-style-scroll container_wrap fullsize'  ><div class='container av-section-cont-open' ><main  role=\"main\" itemprop=\"mainContentOfPage\"  class='template-page content  av-content-full alpha units'><div class='post-entry post-entry-type-page post-entry-11479'><div class='entry-content-wrapper clearfix'>\n<div  class='flex_column av-48qtf1-bae9e38097d785ba8f2b2d7279a86a11 av_two_third  avia-builder-el-1  el_before_av_one_third  avia-builder-el-first  first flex_column_div  '     ><section  class='av_textblock_section av-jxk41cbl-a1fc1525f09076e0644c7e0771550ccd '   itemscope=\"itemscope\" itemtype=\"https:\/\/schema.org\/CreativeWork\" ><div class='avia_textblock'  itemprop=\"text\" ><h2 class=\"csc-firstHeader\"><\/h2>\n<h1>Population de montagne \/ politique sociale<\/h1>\n<p><br class=\"avia-permanent-lb\" \/>Environ un quart de la population suisse vit dans les r\u00e9gions de montagne. En valeur absolue, la population de ces r\u00e9gions est en augmentation. Mais un d\u00e9clin est enregistr\u00e9 dans les espaces dont l\u2019\u00e9conomie est mono-structur\u00e9e et\/ou qui sont difficilement atteignables. Dans les r\u00e9gions de montagne, la population a tendance \u00e0 se concentrer au sein des centres r\u00e9gionaux. Les jeunes dipl\u00f4m\u00e9s, hautement qualifi\u00e9s, cherchent souvent des postes en dehors de leur canton d\u2019origine (fuite des cerveaux). Les changements d\u00e9mographiques imposent aux r\u00e9gions de montagne d\u2019importants d\u00e9fis. Dans le domaine de la sant\u00e9, on observe une \u00e9volution paradoxale : les co\u00fbts du syst\u00e8me de sant\u00e9 augmentent r\u00e9guli\u00e8rement, alors que les services m\u00e9dicaux de base s&rsquo;affaiblissent.<\/p>\n<\/div><\/section><br \/>\n<div  class='hr av-av_hr-bca31578670ae9d408d6d6d291fc57a6 hr-default  avia-builder-el-3  el_after_av_textblock  el_before_av_textblock '><span class='hr-inner '><span class=\"hr-inner-style\"><\/span><\/span><\/div><br \/>\n<section  class='av_textblock_section av-mf0sozzx-7433e0ef83adc1adf8e4b5f33ce265c9 '   itemscope=\"itemscope\" itemtype=\"https:\/\/schema.org\/CreativeWork\" ><div class='avia_textblock'  itemprop=\"text\" ><h3>Journ\u00e9e d&rsquo;\u00e9tude du SAB: Soins m\u00e9dicaux de base en montagne: quelles solutions? 29.08.2025<\/h3>\n<ul>\n<li><a href=\"https:\/\/www.sab.ch\/wp-content\/uploads\/2025\/09\/00-Fachtagung-SAB-2025-Eroeffnung-TE.pdf\">Introduction, Thomas Egger, Directeur du SAB<\/a><\/li>\n<li><a href=\"https:\/\/www.sab.ch\/wp-content\/uploads\/2025\/09\/1_Praesentation-Matthias-Mitterlechner_Franzoesisch.pdf\">Financement durable des h\u00f4pitaux et garantie des soins m\u00e9dicaux de base: introduction de soins int\u00e9gr\u00e9s et d&rsquo;une r\u00e9gion sanitaire en Basse-Engadine , Matthias Mitterlechner<\/a><\/li>\n<li><a href=\"https:\/\/www.sab.ch\/wp-content\/uploads\/2025\/09\/2_Praesentation-Peter-Schwegler_Franzoesisch.pdf\">Des nouvelles voies pour garantir les soins psychiques et psychiatriques de base: la collaboration entre les cantons de Lucerne, Obwald et Nidwald, Peter Schwegler<\/a><\/li>\n<li><a href=\"https:\/\/www.sab.ch\/wp-content\/uploads\/2025\/09\/3_Praesentation-Petra-Schlaeppi_Franzoesisch.pdf\">Possibilit\u00e9s d&rsquo;action pour les communes: l&rsquo;exemple de la commune de Saanen, Petra Schl\u00e4ppi<\/a><\/li>\n<\/ul>\n<ul>\n<li><a href=\"https:\/\/www.sab.ch\/wp-content\/uploads\/2025\/09\/Positionspapier-medizinische-Grundversorgung-fr_aout2025.pdf\">Document de position du SAB: Les soins m\u00e9dicaux de base en montagne &#8211; 29.08.2025<\/a><\/li>\n<\/ul>\n<\/div><\/section><br \/>\n<div  class='hr av-av_hr-bca31578670ae9d408d6d6d291fc57a6 hr-default  avia-builder-el-5  el_after_av_textblock  el_before_av_textblock '><span class='hr-inner '><span class=\"hr-inner-style\"><\/span><\/span><\/div><br \/>\n<section  class='av_textblock_section av-mf0sk3oc-f6f9300a3b20341a618799523f69ef6f '   itemscope=\"itemscope\" itemtype=\"https:\/\/schema.org\/CreativeWork\" ><div class='avia_textblock'  itemprop=\"text\" ><h2 class=\"csc-firstHeader\"><\/h2>\n<h4>Documents relatifs cette th\u00e9matique (en allemand)<\/h4>\n<ul class=\"csc-uploads csc-uploads-0\">\n<li><a href=\"https:\/\/www.sab.ch\/wp-content\/uploads\/2023\/03\/230110_Anliegen-an-die-nationale-Politik_final_F.pdf\"><span id=\"page184R_mcid5\" class=\"markedContent\"><span dir=\"ltr\" role=\"presentation\">Demandes du Forum des jeunes du SAB \u00e0 la politique nationale (d\u00e9cembre 2022)<\/span><\/span><\/a><\/li>\n<li class=\"li-odd li-first csc-uploads-element csc-uploads-element-pdf\"><a href=\"https:\/\/www.sab.ch\/wp-content\/uploads\/2023\/02\/Leitfaden-Berggebiete_FR.pdf\">Guide: Des logements attrayants dans le r\u00e9gions de montagne (octobre 2022)<\/a><\/li>\n<li class=\"li-odd li-first csc-uploads-element csc-uploads-element-pdf\"><a href=\"https:\/\/www.sab.ch\/wp-content\/uploads\/2023\/02\/Resolution_Berggebietspolitik_fr.pdf\">R\u00e9solution pour renforcer les r\u00e9gions de montagne et l\u2019espace rural (26.08.2021)<\/a><\/li>\n<li class=\"li-even csc-uploads-element csc-uploads-element-pdf\"><a href=\"https:\/\/www.sab.ch\/wp-content\/uploads\/2023\/02\/Hausaerztemangel-Oberwallis-Bericht-SAB.pdf\">Soins m\u00e9dicaux de base et p\u00e9nurie de m\u00e9decins g\u00e9n\u00e9ralistes &#8211; Exp\u00e9riences de la Suisse et des pays voisins (novembre 2020)<\/a><\/li>\n<li class=\"li-odd csc-uploads-element csc-uploads-element-pdf\"><a href=\"\/wp-content\/uploads\/2022\/11\/SN_SAB_Tarmed_2017.pdf\">Prise de position sur la modification de l&rsquo;ordonnance sur la d\u00e9termination et l&rsquo;adaptation des structures tarifaires dans l&rsquo;assurance-maladie (Tarmed) (23.05.2017)<\/a><\/li>\n<li class=\"li-even csc-uploads-element csc-uploads-element-pdf\"><a href=\"\/wp-content\/uploads\/2022\/11\/ST228_JugendlicheimBerggebiet_FT2015.pdf\">Compte-rendu de la journ\u00e9e d&rsquo;\u00e9tude \u00ab\u00a0Un avenir pour les jeunes des r\u00e9gions de montagne\u00a0\u00bb (Ao\u00fbt 2015) (En allemand avec un r\u00e9sum\u00e9 en Fran\u00e7ais)<\/a><\/li>\n<li class=\"li-odd csc-uploads-element csc-uploads-element-pdf\"><a href=\"\/wp-content\/uploads\/2022\/11\/150914_MM_Entscheid_NR_d.pdf\">Le SAB et l\u2019Association des communes suisses saluent la d\u00e9cision du Conseil national et s\u2019engagent contre la n\u00e9faste initiative \u00abPour le service public\u00bb (15.09.2015)<\/a><\/li>\n<li class=\"li-even csc-uploads-element csc-uploads-element-pdf\"><a href=\"\/wp-content\/uploads\/2022\/11\/PM1111_MM__JugendimBerggebiet_28.08.2015.pdf\">Communiqu\u00e9 de presse: les jeunes dans les r\u00e9gions de montange (28.08.2015)<\/a><\/li>\n<li class=\"li-odd csc-uploads-element csc-uploads-element-pdf\"><a href=\"\/wp-content\/uploads\/2022\/11\/Teilprojekt1_Umfragebericht_24.02.2015.pdf\">Rapport \u00ab\u00a0Les jeunes dans les r\u00e9gions de montagne\u00a0\u00bb (24.02.2015)<\/a><\/li>\n<li class=\"li-even csc-uploads-element csc-uploads-element-pdf\"><a href=\"\/wp-content\/uploads\/2022\/11\/SN_CP_medecine_de_famille.pdf\">Prise de position du SAB concernant le contre-projet \u00e0 l\u2019initiative populaire \u00ab Oui \u00e0 la m\u00e9decine de famille \u00bb (24.05.2011)<\/a><\/li>\n<li class=\"li-odd csc-uploads-element csc-uploads-element-pdf\"><a href=\"\/wp-content\/uploads\/2022\/11\/PP_DemographischerWandel_19.03.10_de.pdf\">Document de position : Changements d\u00e9mographiques du 19 mars 2010<\/a><\/li>\n<li class=\"li-even csc-uploads-element csc-uploads-element-pdf\"><a href=\"\/wp-content\/uploads\/2022\/11\/PP_Med.Grundversorgung_4.12.09_de.pdf\">Document de position : Prestations m\u00e9dicales de base dans les r\u00e9gions de montagne et les zones rurales du 4 d\u00e9cembre 2010<\/a><\/li>\n<li class=\"li-odd csc-uploads-element csc-uploads-element-pdf\"><a href=\"\/wp-content\/uploads\/2022\/11\/ST205_Prestationsmedicales_03.10_fr.pdf\">Brochure: Prestations m\u00e9dicales de base dans les r\u00e9gions de montagne et les zones rurales de mars 2010<\/a><\/li>\n<li class=\"li-even csc-uploads-element csc-uploads-element-pdf\"><a href=\"\/wp-content\/uploads\/2022\/11\/ST176_BrainDrain_07.03_de.pdf\">Les r\u00e9gions de montagne affect\u00e9es par la fuite des cerveaux de juillet 2003 (uniquement en allemand)<\/a><\/li>\n<\/ul>\n<p>Nouveau site Internet consacr\u00e9 aux jeunes des r\u00e9gions de montagne<\/p>\n<p><span lang=\"DE\"><a href=\"http:\/\/www.jugend-im-berggebiet.ch\" target=\"_blank\" rel=\"noopener\">www.jugend-im-berggebiet.ch<\/a><\/span><\/p>\n<\/div><\/section><\/p><\/div><div  class='flex_column av-2axygd-8cf864c45b887005f63c3a060d214e4e av_one_third  avia-builder-el-7  el_after_av_two_third  avia-builder-el-last  flex_column_div  '     ><style type=\"text\/css\" data-created_by=\"avia_inline_auto\" id=\"style-css-av-lbni8iga-e81c21c37d6261e23cd4317d4a30cc86\">\n.avia-image-container.av-lbni8iga-e81c21c37d6261e23cd4317d4a30cc86 img.avia_image{\nbox-shadow:none;\n}\n.avia-image-container.av-lbni8iga-e81c21c37d6261e23cd4317d4a30cc86 .av-image-caption-overlay-center{\ncolor:#ffffff;\n}\n<\/style>\n<div  class='avia-image-container av-lbni8iga-e81c21c37d6261e23cd4317d4a30cc86 av-styling- avia-align-left  avia-builder-el-8  avia-builder-el-no-sibling '   itemprop=\"image\" itemscope=\"itemscope\" itemtype=\"https:\/\/schema.org\/ImageObject\" ><div class=\"avia-image-container-inner\"><div class=\"avia-image-overlay-wrap\"><img decoding=\"async\" fetchpriority=\"high\" class='wp-image-4266 avia-img-lazy-loading-not-4266 avia_image ' src=\"https:\/\/www.sab.ch\/wp-content\/uploads\/2022\/11\/Bergbevoelkerung-1.jpg\" alt='' title='Bergbevoelkerung'  height=\"277\" width=\"412\"  itemprop=\"thumbnailUrl\"  \/><\/div><\/div><\/div><\/div>\n","protected":false},"excerpt":{"rendered":"","protected":false},"author":3,"featured_media":0,"parent":11399,"menu_order":0,"comment_status":"closed","ping_status":"closed","template":"","meta":{"footnotes":""},"class_list":["post-11479","page","type-page","status-publish","hentry"],"yoast_head":"<!-- This site is optimized with the Yoast SEO plugin v27.4 - https:\/\/yoast.com\/product\/yoast-seo-wordpress\/ -->\n<title>Population de montagne \/ politique sociale - S A B<\/title>\n<meta name=\"robots\" content=\"index, follow, max-snippet:-1, max-image-preview:large, max-video-preview:-1\" \/>\n<link rel=\"canonical\" href=\"https:\/\/www.sab.ch\/fr\/politique\/population-de-montagne-politique-sociale\/\" \/>\n<meta property=\"og:locale\" content=\"fr_FR\" \/>\n<meta property=\"og:type\" content=\"article\" \/>\n<meta property=\"og:title\" content=\"Population de montagne \/ politique sociale - S A B\" \/>\n<meta property=\"og:url\" content=\"https:\/\/www.sab.ch\/fr\/politique\/population-de-montagne-politique-sociale\/\" \/>\n<meta property=\"og:site_name\" content=\"S A B\" \/>\n<meta property=\"article:modified_time\" content=\"2025-09-02T09:35:17+00:00\" \/>\n<meta name=\"twitter:card\" content=\"summary_large_image\" \/>\n<meta name=\"twitter:label1\" content=\"Dur\u00e9e de lecture estim\u00e9e\" \/>\n\t<meta name=\"twitter:data1\" content=\"3 minutes\" \/>\n<script type=\"application\/ld+json\" class=\"yoast-schema-graph\">{\"@context\":\"https:\\\/\\\/schema.org\",\"@graph\":[{\"@type\":\"WebPage\",\"@id\":\"https:\\\/\\\/www.sab.ch\\\/fr\\\/politique\\\/population-de-montagne-politique-sociale\\\/\",\"url\":\"https:\\\/\\\/www.sab.ch\\\/fr\\\/politique\\\/population-de-montagne-politique-sociale\\\/\",\"name\":\"Population de montagne \\\/ politique sociale - S A B\",\"isPartOf\":{\"@id\":\"https:\\\/\\\/www.sab.ch\\\/fr\\\/#website\"},\"datePublished\":\"2023-01-24T08:35:07+00:00\",\"dateModified\":\"2025-09-02T09:35:17+00:00\",\"breadcrumb\":{\"@id\":\"https:\\\/\\\/www.sab.ch\\\/fr\\\/politique\\\/population-de-montagne-politique-sociale\\\/#breadcrumb\"},\"inLanguage\":\"fr-FR\",\"potentialAction\":[{\"@type\":\"ReadAction\",\"target\":[\"https:\\\/\\\/www.sab.ch\\\/fr\\\/politique\\\/population-de-montagne-politique-sociale\\\/\"]}]},{\"@type\":\"BreadcrumbList\",\"@id\":\"https:\\\/\\\/www.sab.ch\\\/fr\\\/politique\\\/population-de-montagne-politique-sociale\\\/#breadcrumb\",\"itemListElement\":[{\"@type\":\"ListItem\",\"position\":1,\"name\":\"Startseite\",\"item\":\"https:\\\/\\\/www.sab.ch\\\/fr\\\/home\\\/\"},{\"@type\":\"ListItem\",\"position\":2,\"name\":\"Politique\",\"item\":\"https:\\\/\\\/www.sab.ch\\\/fr\\\/politique\\\/\"},{\"@type\":\"ListItem\",\"position\":3,\"name\":\"Population de montagne \\\/ politique sociale\"}]},{\"@type\":\"WebSite\",\"@id\":\"https:\\\/\\\/www.sab.ch\\\/fr\\\/#website\",\"url\":\"https:\\\/\\\/www.sab.ch\\\/fr\\\/\",\"name\":\"S A B\",\"description\":\"\",\"potentialAction\":[{\"@type\":\"SearchAction\",\"target\":{\"@type\":\"EntryPoint\",\"urlTemplate\":\"https:\\\/\\\/www.sab.ch\\\/fr\\\/?s={search_term_string}\"},\"query-input\":{\"@type\":\"PropertyValueSpecification\",\"valueRequired\":true,\"valueName\":\"search_term_string\"}}],\"inLanguage\":\"fr-FR\"}]}<\/script>\n<!-- \/ Yoast SEO plugin. -->","yoast_head_json":{"title":"Population de montagne \/ politique sociale - S A B","robots":{"index":"index","follow":"follow","max-snippet":"max-snippet:-1","max-image-preview":"max-image-preview:large","max-video-preview":"max-video-preview:-1"},"canonical":"https:\/\/www.sab.ch\/fr\/politique\/population-de-montagne-politique-sociale\/","og_locale":"fr_FR","og_type":"article","og_title":"Population de montagne \/ politique sociale - S A B","og_url":"https:\/\/www.sab.ch\/fr\/politique\/population-de-montagne-politique-sociale\/","og_site_name":"S A B","article_modified_time":"2025-09-02T09:35:17+00:00","twitter_card":"summary_large_image","twitter_misc":{"Dur\u00e9e de lecture estim\u00e9e":"3 minutes"},"schema":{"@context":"https:\/\/schema.org","@graph":[{"@type":"WebPage","@id":"https:\/\/www.sab.ch\/fr\/politique\/population-de-montagne-politique-sociale\/","url":"https:\/\/www.sab.ch\/fr\/politique\/population-de-montagne-politique-sociale\/","name":"Population de montagne \/ politique sociale - S A B","isPartOf":{"@id":"https:\/\/www.sab.ch\/fr\/#website"},"datePublished":"2023-01-24T08:35:07+00:00","dateModified":"2025-09-02T09:35:17+00:00","breadcrumb":{"@id":"https:\/\/www.sab.ch\/fr\/politique\/population-de-montagne-politique-sociale\/#breadcrumb"},"inLanguage":"fr-FR","potentialAction":[{"@type":"ReadAction","target":["https:\/\/www.sab.ch\/fr\/politique\/population-de-montagne-politique-sociale\/"]}]},{"@type":"BreadcrumbList","@id":"https:\/\/www.sab.ch\/fr\/politique\/population-de-montagne-politique-sociale\/#breadcrumb","itemListElement":[{"@type":"ListItem","position":1,"name":"Startseite","item":"https:\/\/www.sab.ch\/fr\/home\/"},{"@type":"ListItem","position":2,"name":"Politique","item":"https:\/\/www.sab.ch\/fr\/politique\/"},{"@type":"ListItem","position":3,"name":"Population de montagne \/ politique sociale"}]},{"@type":"WebSite","@id":"https:\/\/www.sab.ch\/fr\/#website","url":"https:\/\/www.sab.ch\/fr\/","name":"S A B","description":"","potentialAction":[{"@type":"SearchAction","target":{"@type":"EntryPoint","urlTemplate":"https:\/\/www.sab.ch\/fr\/?s={search_term_string}"},"query-input":{"@type":"PropertyValueSpecification","valueRequired":true,"valueName":"search_term_string"}}],"inLanguage":"fr-FR"}]}},"_links":{"self":[{"href":"https:\/\/www.sab.ch\/fr\/wp-json\/wp\/v2\/pages\/11479","targetHints":{"allow":["GET"]}}],"collection":[{"href":"https:\/\/www.sab.ch\/fr\/wp-json\/wp\/v2\/pages"}],"about":[{"href":"https:\/\/www.sab.ch\/fr\/wp-json\/wp\/v2\/types\/page"}],"author":[{"embeddable":true,"href":"https:\/\/www.sab.ch\/fr\/wp-json\/wp\/v2\/users\/3"}],"replies":[{"embeddable":true,"href":"https:\/\/www.sab.ch\/fr\/wp-json\/wp\/v2\/comments?post=11479"}],"version-history":[{"count":25,"href":"https:\/\/www.sab.ch\/fr\/wp-json\/wp\/v2\/pages\/11479\/revisions"}],"predecessor-version":[{"id":28686,"href":"https:\/\/www.sab.ch\/fr\/wp-json\/wp\/v2\/pages\/11479\/revisions\/28686"}],"up":[{"embeddable":true,"href":"https:\/\/www.sab.ch\/fr\/wp-json\/wp\/v2\/pages\/11399"}],"wp:attachment":[{"href":"https:\/\/www.sab.ch\/fr\/wp-json\/wp\/v2\/media?parent=11479"}],"curies":[{"name":"wp","href":"https:\/\/api.w.org\/{rel}","templated":true}]}}