{"id":11485,"date":"2023-01-24T10:16:31","date_gmt":"2023-01-24T09:16:31","guid":{"rendered":"https:\/\/www.sab.ch\/politique\/energie\/"},"modified":"2025-07-03T14:20:45","modified_gmt":"2025-07-03T12:20:45","slug":"energie","status":"publish","type":"page","link":"https:\/\/www.sab.ch\/fr\/politique\/energie\/","title":{"rendered":"Energie"},"content":{"rendered":"<div id='av_section_1'  class='avia-section av-kbufzd3s-dd428f854b73db9c732bdb3b761e163e main_color avia-section-default avia-shadow  avia-builder-el-0  avia-builder-el-no-sibling  avia-bg-style-scroll container_wrap fullsize'  ><div class='container av-section-cont-open' ><main  role=\"main\" itemprop=\"mainContentOfPage\"  class='template-page content  av-content-full alpha units'><div class='post-entry post-entry-type-page post-entry-11485'><div class='entry-content-wrapper clearfix'>\n<div  class='flex_column av-49z6nd-a61a91c5e3338c2db367ed29f39beec7 av_one_third  avia-builder-el-1  el_before_av_three_fourth  avia-builder-el-first  first flex_column_div  '     ><section  class='av_textblock_section av-lb0tisl7-a40113803387665ad4f941d7c4574cc6 '   itemscope=\"itemscope\" itemtype=\"https:\/\/schema.org\/CreativeWork\" ><div class='avia_textblock'  itemprop=\"text\" ><h1>Energie<\/h1>\n<\/div><\/section><br \/>\n\n<style type=\"text\/css\" data-created_by=\"avia_inline_auto\" id=\"style-css-av-lb0tjr6o-0c372587291490ba971c168982ca1a6a\">\n.avia-image-container.av-lb0tjr6o-0c372587291490ba971c168982ca1a6a img.avia_image{\nbox-shadow:none;\n}\n.avia-image-container.av-lb0tjr6o-0c372587291490ba971c168982ca1a6a .av-image-caption-overlay-center{\ncolor:#ffffff;\n}\n<\/style>\n<div  class='avia-image-container av-lb0tjr6o-0c372587291490ba971c168982ca1a6a av-styling- avia-align-left  avia-builder-el-3  el_after_av_textblock  avia-builder-el-last '   itemprop=\"image\" itemscope=\"itemscope\" itemtype=\"https:\/\/schema.org\/ImageObject\" ><div class=\"avia-image-container-inner\"><div class=\"avia-image-overlay-wrap\"><img decoding=\"async\" fetchpriority=\"high\" class='wp-image-21659 avia-img-lazy-loading-not-21659 avia_image ' src=\"https:\/\/www.sab.ch\/wp-content\/uploads\/2024\/04\/Solarpanels-Versuchsanlage-Eisten-VS-1024x768.jpg\" alt='' title='Solarpanels Versuchsanlage Eisten VS'  height=\"768\" width=\"1024\"  itemprop=\"thumbnailUrl\" srcset=\"https:\/\/www.sab.ch\/wp-content\/uploads\/2024\/04\/Solarpanels-Versuchsanlage-Eisten-VS-1024x768.jpg 1024w, https:\/\/www.sab.ch\/wp-content\/uploads\/2024\/04\/Solarpanels-Versuchsanlage-Eisten-VS-1441x1080.jpg 1441w, https:\/\/www.sab.ch\/wp-content\/uploads\/2024\/04\/Solarpanels-Versuchsanlage-Eisten-VS-768x576.jpg 768w, https:\/\/www.sab.ch\/wp-content\/uploads\/2024\/04\/Solarpanels-Versuchsanlage-Eisten-VS-1536x1151.jpg 1536w, https:\/\/www.sab.ch\/wp-content\/uploads\/2024\/04\/Solarpanels-Versuchsanlage-Eisten-VS-1500x1124.jpg 1500w, https:\/\/www.sab.ch\/wp-content\/uploads\/2024\/04\/Solarpanels-Versuchsanlage-Eisten-VS-705x528.jpg 705w, https:\/\/www.sab.ch\/wp-content\/uploads\/2024\/04\/Solarpanels-Versuchsanlage-Eisten-VS.jpg 2001w\" sizes=\"(max-width: 1024px) 100vw, 1024px\" \/><\/div><\/div><\/div><\/p><\/div>\n<style type=\"text\/css\" data-created_by=\"avia_inline_auto\" id=\"style-css-av-2wmkbd-3ea9756755e27366d8ae2896f1182ada\">\n.flex_column.av-2wmkbd-3ea9756755e27366d8ae2896f1182ada{\nborder-radius:0px 0px 0px 0px;\npadding:0px 0px 0px 0px;\n}\n<\/style>\n<div  class='flex_column av-2wmkbd-3ea9756755e27366d8ae2896f1182ada av_three_fourth  avia-builder-el-4  el_after_av_one_third  avia-builder-el-last  first flex_column_div av-zero-column-padding  column-top-margin'     ><section  class='av_textblock_section av-lb0tn3tw-5fdfd8a5ab9b20bb38f53fe87cd38e52 '   itemscope=\"itemscope\" itemtype=\"https:\/\/schema.org\/CreativeWork\" ><div class='avia_textblock'  itemprop=\"text\" ><h2 class=\"csc-firstHeader\"><\/h2>\n<p>Un approvisionnement en \u00e9nergie suffisant et de bonne qualit\u00e9 \u00e0 des prix appropri\u00e9s est essentiel au bon fonctionnement de l&rsquo;\u00e9conomie nationale. Les r\u00e9gions de montagne ont, dans ce domaine, une importance particuli\u00e8re en tant que productrices d\u2019\u00e9nergies renouvelables et indig\u00e8nes. Dans le domaine de l&rsquo;\u00e9nergie, le SAB s&rsquo;est fix\u00e9 les priorit\u00e9s suivantes :<\/p>\n<ol>\n<li>Augmenter l&rsquo;efficience \u00e9nerg\u00e9tique ;<\/li>\n<li>Moderniser et d\u00e9velopper l&rsquo;\u00e9nergie hydraulique,<\/li>\n<li>faire davantage d\u2019efforts pour l&rsquo;assainissement des d\u00e9bits r\u00e9siduels ;<\/li>\n<li>En cas de besoin et uniquement si le peuple l&rsquo;approuve :<\/li>\n<li>construction d&rsquo;une nouvelle centrale nucl\u00e9aire sur un emplacement d\u00e9j\u00e0 existant, afin de couvrir les besoins \u00e9nerg\u00e9tiques en ruban.<\/li>\n<\/ol>\n<\/div><\/section><br \/>\n<div  class='hr av-av_hr-91d7ccd583a503147498e120fee2ff9b hr-default  avia-builder-el-6  el_after_av_textblock  el_before_av_textblock '><span class='hr-inner '><span class=\"hr-inner-style\"><\/span><\/span><\/div><br \/>\n<section  class='av_textblock_section av-lvmaaogr-79aaad871fb5b87882a2a4e975aab2f8 '   itemscope=\"itemscope\" itemtype=\"https:\/\/schema.org\/CreativeWork\" ><div class='avia_textblock'  itemprop=\"text\" ><h4>Votation populaire du 9 juin 2024 \/ Modification de la loi sur l\u2019\u00e9nergie et de la loi sur l\u2019approvisionnement en \u00e9lectricit\u00e9<\/h4>\n<p><strong>Oui au d\u00e9veloppement des \u00e9nergies renouvelables <\/strong><\/p>\n<p>Le SAB soutient le projet connu sous le nom de \u00ab Acte modificateur unique \u00bb. Ce dernier sera soumis \u00e0 un vote populaire, le 9 juin 2024. La Suisse doit d\u00e9velopper ses capacit\u00e9s de production \u00e9nerg\u00e9tiques. Les r\u00e9gions de montagne et l\u2019espace rural peuvent y contribuer, par le biais de leurs ressources hydrauliques, ainsi que par d\u2019autres sources d\u2019\u00e9nergies renouvelables.<\/p>\n<p><a href=\"https:\/\/www.sab.ch\/wp-content\/uploads\/2024\/04\/CP1212_SAB.09-06-2024-1.pdf\">Communiqu\u00e9 de presse du 30.04.2024<\/a><\/p>\n<p><a href=\"https:\/\/www.sab.ch\/wp-content\/uploads\/2024\/04\/Energieverordnungen-Mantelerlass-SN-SAB.pdf\">Prise de position sur les adaptations des ordonnances en lien avec l\u2019acte modificateur unique relatif \u00e0 la s\u00e9curit\u00e9 de l\u2019approvisionnement en \u00e9lectricit\u00e9<\/a><\/p>\n<p><a href=\"https:\/\/www.sab.ch\/wp-content\/uploads\/2024\/04\/Systemrelevante-Stromverorgungsunternehmen-SN-SAB-Kopie.pdf\">Prise de position sur la modification de la loi sur l\u2019approvisionnement en \u00e9lectricit\u00e9 (entreprises d\u2019importance syst\u00e9mique)<\/a><\/p>\n<\/div><\/section><br \/>\n<div  class='hr av-av_hr-91d7ccd583a503147498e120fee2ff9b hr-default  avia-builder-el-8  el_after_av_textblock  el_before_av_textblock '><span class='hr-inner '><span class=\"hr-inner-style\"><\/span><\/span><\/div><br \/>\n<section  class='av_textblock_section av-lvma5607-27f11aa19ef054cc1a3c76e119ab2a2a '   itemscope=\"itemscope\" itemtype=\"https:\/\/schema.org\/CreativeWork\" ><div class='avia_textblock'  itemprop=\"text\" ><h2 class=\"csc-firstHeader\"><\/h2>\n<h4><strong>Pr\u00e9sentations de la journ\u00e9e d&rsquo;\u00e9tude du 25 ao\u00fbt 2023: La production face \u00e0 la protection de l&rsquo;environnement (en allemand)<\/strong><\/h4>\n<ul>\n<li><a href=\"https:\/\/www.sab.ch\/wp-content\/uploads\/2023\/08\/01-Referat-Energie-Fachtagung-SAB-TE.pdf\">Transition \u00e9nerg\u00e9tique &#8211; o\u00fb en sommes-nous dans la discussion politique? Thomas Egger, Directeur du SAB<\/a><\/li>\n<li><a href=\"https:\/\/www.sab.ch\/wp-content\/uploads\/2023\/08\/02_Burkard-SAB-Fachtagung.pdf\">Z\u00e9ro net: un objectif r\u00e9alisable si tout le monde y met du sien! Reto Burkard, Chef de la Division Climat aupr\u00e8S de l&rsquo;Office f\u00e9d\u00e9ral de l&rsquo;environnement<\/a><\/li>\n<li><a href=\"https:\/\/www.sab.ch\/wp-content\/uploads\/2023\/08\/Profile-der-Alpen-Thomas-Kissling-red.pdf\">Modifications du paysage alpin li\u00e9es au changement climatique et \u00e0 la production d&rsquo;\u00e9nergie &#8211; Thomas Kissling ETH Zurich et VOGT Landschaftsarchitekten AG<\/a><\/li>\n<li><a href=\"http:\/\/Grengiols Solar, Pr\u00e9sentation de Armin Zeiter, Gregniols\" data-wplink-url-error=\"true\">Grengiols Solar, Pr\u00e9sentation de Armin Zeiter, Gregniols<\/a><\/li>\n<li><a href=\"https:\/\/www.sab.ch\/wp-content\/uploads\/2023\/08\/05-Egloff_energietal-toggenburg_Kurzvorstellung.pdf\">Pr\u00e9sentation de Patrizia Egloff, Pr\u00e9sidente de Energietal Toggenburg<\/a><\/li>\n<li><a href=\"https:\/\/www.sab.ch\/wp-content\/uploads\/2023\/08\/08_Rodewald-Energie_SAB_Campra.pdf\">D\u00e9velopper les \u00e9nergies renouvelables &#8211; mas pas au d\u00e9triment de la protection des paysages &#8211; Raymund Rodewald, Directeur de la Fondation Suisse pour la protection et l&rsquo;am\u00e9nagement du paysage<\/a><\/li>\n<\/ul>\n<\/div><\/section><br \/>\n<div  class='hr av-av_hr-91d7ccd583a503147498e120fee2ff9b hr-default  avia-builder-el-10  el_after_av_textblock  el_before_av_textblock '><span class='hr-inner '><span class=\"hr-inner-style\"><\/span><\/span><\/div><br \/>\n<section  class='av_textblock_section av-lvma5d07-8fcada70bc44efd87e6c4bd34aab25a1 '   itemscope=\"itemscope\" itemtype=\"https:\/\/schema.org\/CreativeWork\" ><div class='avia_textblock'  itemprop=\"text\" ><h2 class=\"csc-firstHeader\"><\/h2>\n<h4>Documents relatifs cette th\u00e9matique (en allemand)<\/h4>\n<ul class=\"csc-uploads csc-uploads-0\">\n<li><a href=\"https:\/\/www.sab.ch\/wp-content\/uploads\/2025\/07\/Rettungsschirm-Verlaengerung-VN-2025.pdf\">Prise de position sur la prolongation du fonds de sauvetage pour les entreprises du secteur de l\u2019\u00e9lectricit\u00e9 pr\u00e9sentant un risque syst\u00e9mique (02.07.2025)<\/a><\/li>\n<li class=\"li-odd li-first csc-uploads-element csc-uploads-element-pdf\"><a href=\"\/wp-content\/uploads\/2022\/11\/SN_Rettungsschirm_Stromwirtschaft_Mai_2022.pdf\">Prise de position au sujet de la loi f\u00e9d\u00e9rale sur un m\u00e9canisme de sauvetage destin\u00e9 au secteur de l&rsquo;electricit\u00e9 (03.05.2022)<\/a><\/li>\n<li class=\"li-even csc-uploads-element csc-uploads-element-pdf\"><a href=\"\/wp-content\/uploads\/2022\/11\/SN_Energiegesetz_Revision_18.03.2022.pdf\">Prise de position au sujet de la Modification de la loi sur l\u2019\u00e9nergie (21.03.2021)<\/a><\/li>\n<li class=\"li-odd csc-uploads-element csc-uploads-element-pdf\"><a href=\"\/wp-content\/uploads\/2022\/11\/Energieverordnungen_2021_SN_SAB_Juni_2021.pdf\">Modification d\u2019ordonnances relevant de l\u2019Office f\u00e9d\u00e9ral de l\u2019\u00e9nergie (OFEN) (24.06.2021)<\/a><\/li>\n<li class=\"li-even csc-uploads-element csc-uploads-element-pdf\"><a href=\"\/wp-content\/uploads\/2022\/11\/SN_Revision_Energiegesetz_07.07.2020.pdf\">Prise de position au sujet de la r\u00e9vision de la loi sur l\u2019\u00e9nergie (mesures \u00e0 partir de 2023) (09.07.2020)<\/a><\/li>\n<li class=\"li-odd csc-uploads-element csc-uploads-element-pdf\"><a href=\"\/wp-content\/uploads\/2022\/11\/PM1132_Energiestrategie.pdf\">Le SAB approuve la Strat\u00e9gie \u00e9nerg\u00e9tique 2050 (28.03.2017)<\/a><\/li>\n<li class=\"li-even csc-uploads-element csc-uploads-element-pdf\"><a href=\"\/wp-content\/uploads\/2022\/11\/SN_SAB_Verordnungspaket_Energiestrategie_2050_13.03.2017.pdf\">Prise de position au sujet de la Strat\u00e9gie \u00e9nerg\u00e9tique 2050 (09.03.2017)<\/a><\/li>\n<li class=\"li-odd csc-uploads-element csc-uploads-element-pdf\"><a href=\"\/wp-content\/uploads\/2022\/11\/SN_Energieverordnung_Anpassungen_06.09.2013_03.pdf\">Prise de position du SAB au sujet des modifications de l\u2019ordonnance sur l\u2019\u00e9nergie (06.09.2013) <\/a><\/li>\n<li class=\"li-even csc-uploads-element csc-uploads-element-pdf\"><a href=\"\/wp-content\/uploads\/2022\/11\/ST217-Energiewende_FT_2012-dt_03.pdf\">Compte-rendu du s\u00e9minaire du SAB du 31.08.2012 sur le th\u00e8me \u00ab\u00a0Tournant \u00e9nerg\u00e9tique\u00a0\u00bb. <\/a><\/li>\n<li class=\"li-odd csc-uploads-element csc-uploads-element-pdf\"><a href=\"\/wp-content\/uploads\/2022\/11\/PP_Energie_08.02.08_de.pdf\">Document de position sur la politique \u00e9nerg\u00e9tique du 8 f\u00e9vrier 2008<\/a><\/li>\n<li class=\"li-even csc-uploads-element csc-uploads-element-pdf\"><a href=\"\/wp-content\/uploads\/2022\/11\/SN_Hochspannungsleitungen_15.05.09_de.pdf\">Prise de position concernant l&rsquo;enterrement des lignes haute tension du 15 mai 2009 (en allemand)<\/a><\/li>\n<li class=\"li-odd csc-uploads-element csc-uploads-element-pdf\"><a href=\"\/wp-content\/uploads\/2022\/11\/SN_EnergieSchweiz_20.03.09_de.pdf\">Prise de position sur la poursuite du Programme Energie Suisse du 20 mars 2009 (en allemand) <\/a><\/li>\n<li class=\"li-even csc-uploads-element csc-uploads-element-pdf\"><a href=\"\/wp-content\/uploads\/2022\/11\/SN_Wasserzins_19.12.08_de.pdf\">Prise de position concernant l&rsquo;initiative parlementaire pour une redevance hydraulique \u00e9quitable du 19 d\u00e9cembre 2008<\/a><\/li>\n<li class=\"li-odd csc-uploads-element csc-uploads-element-pdf\"><a href=\"\/wp-content\/uploads\/2022\/11\/SN_StromEnergieVO_16.08.07_de.pdf\">Prise de position sur l&rsquo;Ordonnance sur l&rsquo;\u00e9nergie et l&rsquo;approvisionnement en \u00e9lectricit\u00e9 du 16 ao\u00fbt 2007 (en allemand) <\/a><\/li>\n<li class=\"li-even csc-uploads-element csc-uploads-element-pdf\"><a href=\"\/wp-content\/uploads\/2022\/11\/PA_Energeia_05.10_de_01.pdf\">Nous payons pour le p\u00e9trole, pourquoi ne devrait-on pas payer pour l\u2019eau? (Source : Energeia 5\/2010) (Quelle: Energeia 5\/2010) <\/a><\/li>\n<\/ul>\n<\/div><\/section><br \/>\n<div  class='hr av-av_hr-91d7ccd583a503147498e120fee2ff9b hr-default  avia-builder-el-12  el_after_av_textblock  avia-builder-el-last '><span class='hr-inner '><span class=\"hr-inner-style\"><\/span><\/span><\/div><\/p><\/div>\n","protected":false},"excerpt":{"rendered":"","protected":false},"author":3,"featured_media":0,"parent":11399,"menu_order":0,"comment_status":"closed","ping_status":"closed","template":"","meta":{"footnotes":""},"class_list":["post-11485","page","type-page","status-publish","hentry"],"yoast_head":"<!-- This site is optimized with the Yoast SEO plugin v27.5 - https:\/\/yoast.com\/product\/yoast-seo-wordpress\/ -->\n<title>Energie - S A B<\/title>\n<meta name=\"robots\" content=\"index, follow, max-snippet:-1, max-image-preview:large, max-video-preview:-1\" \/>\n<link rel=\"canonical\" href=\"https:\/\/www.sab.ch\/fr\/politique\/energie\/\" \/>\n<meta property=\"og:locale\" content=\"fr_FR\" \/>\n<meta property=\"og:type\" content=\"article\" \/>\n<meta property=\"og:title\" content=\"Energie - S A B\" \/>\n<meta property=\"og:url\" content=\"https:\/\/www.sab.ch\/fr\/politique\/energie\/\" \/>\n<meta property=\"og:site_name\" content=\"S A B\" \/>\n<meta property=\"article:modified_time\" content=\"2025-07-03T12:20:45+00:00\" \/>\n<meta name=\"twitter:card\" content=\"summary_large_image\" \/>\n<meta name=\"twitter:label1\" content=\"Dur\u00e9e de lecture estim\u00e9e\" \/>\n\t<meta name=\"twitter:data1\" content=\"4 minutes\" \/>\n<script type=\"application\/ld+json\" class=\"yoast-schema-graph\">{\"@context\":\"https:\\\/\\\/schema.org\",\"@graph\":[{\"@type\":\"WebPage\",\"@id\":\"https:\\\/\\\/www.sab.ch\\\/fr\\\/politique\\\/energie\\\/\",\"url\":\"https:\\\/\\\/www.sab.ch\\\/fr\\\/politique\\\/energie\\\/\",\"name\":\"Energie - S A B\",\"isPartOf\":{\"@id\":\"https:\\\/\\\/www.sab.ch\\\/fr\\\/#website\"},\"datePublished\":\"2023-01-24T09:16:31+00:00\",\"dateModified\":\"2025-07-03T12:20:45+00:00\",\"breadcrumb\":{\"@id\":\"https:\\\/\\\/www.sab.ch\\\/fr\\\/politique\\\/energie\\\/#breadcrumb\"},\"inLanguage\":\"fr-FR\",\"potentialAction\":[{\"@type\":\"ReadAction\",\"target\":[\"https:\\\/\\\/www.sab.ch\\\/fr\\\/politique\\\/energie\\\/\"]}]},{\"@type\":\"BreadcrumbList\",\"@id\":\"https:\\\/\\\/www.sab.ch\\\/fr\\\/politique\\\/energie\\\/#breadcrumb\",\"itemListElement\":[{\"@type\":\"ListItem\",\"position\":1,\"name\":\"Startseite\",\"item\":\"https:\\\/\\\/www.sab.ch\\\/fr\\\/home\\\/\"},{\"@type\":\"ListItem\",\"position\":2,\"name\":\"Politique\",\"item\":\"https:\\\/\\\/www.sab.ch\\\/fr\\\/politique\\\/\"},{\"@type\":\"ListItem\",\"position\":3,\"name\":\"Energie\"}]},{\"@type\":\"WebSite\",\"@id\":\"https:\\\/\\\/www.sab.ch\\\/fr\\\/#website\",\"url\":\"https:\\\/\\\/www.sab.ch\\\/fr\\\/\",\"name\":\"S A B\",\"description\":\"\",\"potentialAction\":[{\"@type\":\"SearchAction\",\"target\":{\"@type\":\"EntryPoint\",\"urlTemplate\":\"https:\\\/\\\/www.sab.ch\\\/fr\\\/?s={search_term_string}\"},\"query-input\":{\"@type\":\"PropertyValueSpecification\",\"valueRequired\":true,\"valueName\":\"search_term_string\"}}],\"inLanguage\":\"fr-FR\"}]}<\/script>\n<!-- \/ Yoast SEO plugin. -->","yoast_head_json":{"title":"Energie - S A B","robots":{"index":"index","follow":"follow","max-snippet":"max-snippet:-1","max-image-preview":"max-image-preview:large","max-video-preview":"max-video-preview:-1"},"canonical":"https:\/\/www.sab.ch\/fr\/politique\/energie\/","og_locale":"fr_FR","og_type":"article","og_title":"Energie - S A B","og_url":"https:\/\/www.sab.ch\/fr\/politique\/energie\/","og_site_name":"S A B","article_modified_time":"2025-07-03T12:20:45+00:00","twitter_card":"summary_large_image","twitter_misc":{"Dur\u00e9e de lecture estim\u00e9e":"4 minutes"},"schema":{"@context":"https:\/\/schema.org","@graph":[{"@type":"WebPage","@id":"https:\/\/www.sab.ch\/fr\/politique\/energie\/","url":"https:\/\/www.sab.ch\/fr\/politique\/energie\/","name":"Energie - S A B","isPartOf":{"@id":"https:\/\/www.sab.ch\/fr\/#website"},"datePublished":"2023-01-24T09:16:31+00:00","dateModified":"2025-07-03T12:20:45+00:00","breadcrumb":{"@id":"https:\/\/www.sab.ch\/fr\/politique\/energie\/#breadcrumb"},"inLanguage":"fr-FR","potentialAction":[{"@type":"ReadAction","target":["https:\/\/www.sab.ch\/fr\/politique\/energie\/"]}]},{"@type":"BreadcrumbList","@id":"https:\/\/www.sab.ch\/fr\/politique\/energie\/#breadcrumb","itemListElement":[{"@type":"ListItem","position":1,"name":"Startseite","item":"https:\/\/www.sab.ch\/fr\/home\/"},{"@type":"ListItem","position":2,"name":"Politique","item":"https:\/\/www.sab.ch\/fr\/politique\/"},{"@type":"ListItem","position":3,"name":"Energie"}]},{"@type":"WebSite","@id":"https:\/\/www.sab.ch\/fr\/#website","url":"https:\/\/www.sab.ch\/fr\/","name":"S A B","description":"","potentialAction":[{"@type":"SearchAction","target":{"@type":"EntryPoint","urlTemplate":"https:\/\/www.sab.ch\/fr\/?s={search_term_string}"},"query-input":{"@type":"PropertyValueSpecification","valueRequired":true,"valueName":"search_term_string"}}],"inLanguage":"fr-FR"}]}},"_links":{"self":[{"href":"https:\/\/www.sab.ch\/fr\/wp-json\/wp\/v2\/pages\/11485","targetHints":{"allow":["GET"]}}],"collection":[{"href":"https:\/\/www.sab.ch\/fr\/wp-json\/wp\/v2\/pages"}],"about":[{"href":"https:\/\/www.sab.ch\/fr\/wp-json\/wp\/v2\/types\/page"}],"author":[{"embeddable":true,"href":"https:\/\/www.sab.ch\/fr\/wp-json\/wp\/v2\/users\/3"}],"replies":[{"embeddable":true,"href":"https:\/\/www.sab.ch\/fr\/wp-json\/wp\/v2\/comments?post=11485"}],"version-history":[{"count":21,"href":"https:\/\/www.sab.ch\/fr\/wp-json\/wp\/v2\/pages\/11485\/revisions"}],"predecessor-version":[{"id":28090,"href":"https:\/\/www.sab.ch\/fr\/wp-json\/wp\/v2\/pages\/11485\/revisions\/28090"}],"up":[{"embeddable":true,"href":"https:\/\/www.sab.ch\/fr\/wp-json\/wp\/v2\/pages\/11399"}],"wp:attachment":[{"href":"https:\/\/www.sab.ch\/fr\/wp-json\/wp\/v2\/media?parent=11485"}],"curies":[{"name":"wp","href":"https:\/\/api.w.org\/{rel}","templated":true}]}}