{"id":11491,"date":"2023-01-24T10:22:57","date_gmt":"2023-01-24T09:22:57","guid":{"rendered":"https:\/\/www.sab.ch\/politique\/politique-financiere\/"},"modified":"2025-02-12T13:27:56","modified_gmt":"2025-02-12T12:27:56","slug":"politique-financiere","status":"publish","type":"page","link":"https:\/\/www.sab.ch\/fr\/politique\/politique-financiere\/","title":{"rendered":"Politique financi\u00e8re"},"content":{"rendered":"<div id='av_section_1'  class='avia-section av-kbufzd3s-dd428f854b73db9c732bdb3b761e163e main_color avia-section-default avia-shadow  avia-builder-el-0  avia-builder-el-no-sibling  avia-bg-style-scroll container_wrap fullsize'  ><div class='container av-section-cont-open' ><main  role=\"main\" itemprop=\"mainContentOfPage\"  class='template-page content  av-content-full alpha units'><div class='post-entry post-entry-type-page post-entry-11491'><div class='entry-content-wrapper clearfix'>\n<div  class='flex_column av-402yke-67748f712d4049424acc4e752558d3d0 av_two_third  avia-builder-el-1  el_before_av_one_third  avia-builder-el-first  first flex_column_div  '     ><section  class='av_textblock_section av-jxk41cbl-a1fc1525f09076e0644c7e0771550ccd '   itemscope=\"itemscope\" itemtype=\"https:\/\/schema.org\/CreativeWork\" ><div class='avia_textblock'  itemprop=\"text\" ><h2 class=\"csc-firstHeader\"><\/h2>\n<h2>Politique financi\u00e8re<\/h2>\n<p><br class=\"avia-permanent-lb\" \/>Les r\u00e9gions de montagne ont int\u00e9r\u00eat \u00e0 ce que les finances f\u00e9d\u00e9rales soient saines et \u00e9quilibr\u00e9es. Cependant, les programmes d\u2019\u00e9conomie de la Conf\u00e9d\u00e9ration peuvent parfois avoir des r\u00e9percussions n\u00e9gatives. Le SAB s\u2019oppose, par exemple, aux mesures d\u2019\u00e9conomie qui se font sur le dos des r\u00e9gions de montagne et des cantons.<\/p>\n<p>La p\u00e9r\u00e9quation financi\u00e8re constitue le principal instrument pour lutter contre les disparit\u00e9s fiscales. Le SAB s\u2019engage pour sa mise en \u0153uvre.<\/p>\n<p>Une des principales ressources fiscales de la Conf\u00e9d\u00e9ration est constitu\u00e9e par la TVA. Une simplification du fonctionnement de cet imp\u00f4t a \u00e9t\u00e9 introduite, avec la r\u00e9vision de la loi sur la TVA. Cependant, l\u2019introduction d\u2019un taux unique p\u00e9naliserait la branche touristique. Par cons\u00e9quent, le SAB rejette l\u2019introduction d\u2019une telle mesure.<\/p>\n<\/div><\/section><br \/>\n\n<style type=\"text\/css\" data-created_by=\"avia_inline_auto\" id=\"style-css-av-m71vzf32-41c22d0ba7dc6c9e8d798257848c8a7a\">\n#top .hr.hr-invisible.av-m71vzf32-41c22d0ba7dc6c9e8d798257848c8a7a{\nheight:40px;\n}\n<\/style>\n<div  class='hr av-m71vzf32-41c22d0ba7dc6c9e8d798257848c8a7a hr-invisible  avia-builder-el-3  el_after_av_textblock  el_before_av_textblock '><span class='hr-inner '><span class=\"hr-inner-style\"><\/span><\/span><\/div><br \/>\n<section  class='av_textblock_section av-m71vyhcf-0894969119f0cb1ea3e3fba05ab860ed '   itemscope=\"itemscope\" itemtype=\"https:\/\/schema.org\/CreativeWork\" ><div class='avia_textblock'  itemprop=\"text\" ><h2 class=\"csc-firstHeader\"><\/h2>\n<h4>Prises de position (en allemand)<\/h4>\n<ul class=\"csc-uploads csc-uploads-0\">\n<li><a href=\"https:\/\/www.sab.ch\/wp-content\/uploads\/2025\/02\/Entlastungspaket-2027-SN-SAB.pdf\">Prise de position du SAB concernant le paquet d\u2019all\u00e8gement budg\u00e9taire 27 de la Conf\u00e9d\u00e9ration<\/a> (07.02.2025)<\/li>\n<li class=\"li-odd li-first csc-uploads-element csc-uploads-element-pdf\"><a href=\"\/wp-content\/uploads\/2022\/11\/OECD_Mindestbesteuerung_SN_SAB.pdf\">Prise de position au sujet de l\u2019Arr\u00eat\u00e9 f\u00e9d\u00e9ral sur une imposition particuli\u00e8re des grands groupes d\u2019entreprises (Mise en \u0153uvre du projet conjoint de l\u2019OCDE et du G20 sur l\u2019imposition de l\u2019\u00e9conomie num\u00e9rique) (19.04.2022)<\/a><\/li>\n<li class=\"li-even csc-uploads-element csc-uploads-element-pdf\"><a href=\"\/wp-content\/uploads\/2022\/11\/SN_NFA_zweiter_Wirksamkeitsbericht_16.05.2014_04.pdf\">SN NFA zweiter Wirksamkeitsbericht 16.05.2014 04.pdf<\/a><\/li>\n<li class=\"li-odd csc-uploads-element csc-uploads-element-pdf\"><a href=\"\/wp-content\/uploads\/2022\/11\/SN_NFA-VerordnungsrechtUmwelt_17.08.10_de.pdf\">SN NFA-VerordnungsrechtUmwelt 17.08.10 de.pdf<\/a><\/li>\n<li class=\"li-even csc-uploads-element csc-uploads-element-pdf\"><a href=\"\/wp-content\/uploads\/2022\/11\/SN_NFA1.Wirksamkeitsbericht_20.05.10_de.pdf\">SN NFA1.Wirksamkeitsbericht 20.05.10 de.pdf<\/a><\/li>\n<li class=\"li-odd csc-uploads-element csc-uploads-element-pdf\"><a href=\"\/wp-content\/uploads\/2022\/11\/SN_NFAVerordnungen_10.07.07_de.pdf\">SN NFAVerordnungen 10.07.07 de.pdf<\/a><\/li>\n<li class=\"li-even csc-uploads-element csc-uploads-element-pdf\"><a href=\"\/wp-content\/uploads\/2022\/11\/SN_NFA_17.08.06_de.pdf\">SN NFA 17.08.06 de.pdf<\/a><\/li>\n<li class=\"li-odd csc-uploads-element csc-uploads-element-pdf\"><a href=\"\/wp-content\/uploads\/2022\/11\/BS_DotierungGLA-SLA_2.11.09_de.pdf\">Rapport au sujet de la NFA (02.11.2009)<\/a><\/li>\n<li class=\"li-even csc-uploads-element csc-uploads-element-pdf\"><a href=\"\/wp-content\/uploads\/2022\/11\/BSA_LITRA_MWST_06.05_de.pdf\">Rapport du SAB et de la LITRA sur la r\u00e9duction de l&rsquo;imp\u00f4t pr\u00e9alable en mati\u00e8re de TVA (juin 2005 )<\/a><\/li>\n<\/ul>\n<h4><br class=\"avia-permanent-lb\" \/>Autres documents:<\/h4>\n<ul class=\"csc-uploads csc-uploads-0\">\n<li class=\"li-odd li-first csc-uploads-element csc-uploads-element-pdf\"><a href=\"\/wp-content\/uploads\/2022\/11\/BS_DotierungGLA-SLA_2.11.09_de.pdf\">Rapport au sujet de la NFA (02.11.2009)<\/a><\/li>\n<li class=\"li-even csc-uploads-element csc-uploads-element-pdf\"><a href=\"\/wp-content\/uploads\/2022\/11\/BSA_LITRA_MWST_06.05_de.pdf\">Etude du SAB et LITRA au sujet de la TVA (juin 2005)<\/a><\/li>\n<\/ul>\n<\/div><\/section><\/p><\/div><div  class='flex_column av-2lnrce-eeb3f050303154455f364a52aa169263 av_one_third  avia-builder-el-5  el_after_av_two_third  avia-builder-el-last  flex_column_div  '     ><style type=\"text\/css\" data-created_by=\"avia_inline_auto\" id=\"style-css-av-lbni6x8o-b0cac4e96af759fb73400928e243ba1c\">\n.avia-image-container.av-lbni6x8o-b0cac4e96af759fb73400928e243ba1c img.avia_image{\nbox-shadow:none;\n}\n.avia-image-container.av-lbni6x8o-b0cac4e96af759fb73400928e243ba1c .av-image-caption-overlay-center{\ncolor:#ffffff;\n}\n<\/style>\n<div  class='avia-image-container av-lbni6x8o-b0cac4e96af759fb73400928e243ba1c av-styling- avia-align-left  avia-builder-el-6  avia-builder-el-no-sibling '   itemprop=\"image\" itemscope=\"itemscope\" itemtype=\"https:\/\/schema.org\/ImageObject\" ><div class=\"avia-image-container-inner\"><div class=\"avia-image-overlay-wrap\"><img decoding=\"async\" fetchpriority=\"high\" class='wp-image-4898 avia-img-lazy-loading-not-4898 avia_image ' src=\"https:\/\/www.sab.ch\/wp-content\/uploads\/2022\/11\/Finanzpolitik-1.jpg\" alt='' title='Finanzpolitik'  height=\"286\" width=\"400\"  itemprop=\"thumbnailUrl\" srcset=\"https:\/\/www.sab.ch\/wp-content\/uploads\/2022\/11\/Finanzpolitik-1.jpg 400w, https:\/\/www.sab.ch\/wp-content\/uploads\/2022\/11\/Finanzpolitik-1-260x185.jpg 260w\" sizes=\"(max-width: 400px) 100vw, 400px\" \/><\/div><\/div><\/div><\/div>\n","protected":false},"excerpt":{"rendered":"","protected":false},"author":3,"featured_media":0,"parent":11399,"menu_order":0,"comment_status":"closed","ping_status":"closed","template":"","meta":{"footnotes":""},"class_list":["post-11491","page","type-page","status-publish","hentry"],"yoast_head":"<!-- This site is optimized with the Yoast SEO plugin v27.4 - https:\/\/yoast.com\/product\/yoast-seo-wordpress\/ -->\n<title>Politique financi\u00e8re - S A B<\/title>\n<meta name=\"robots\" content=\"index, follow, max-snippet:-1, max-image-preview:large, max-video-preview:-1\" \/>\n<link rel=\"canonical\" href=\"https:\/\/www.sab.ch\/fr\/politique\/politique-financiere\/\" \/>\n<meta property=\"og:locale\" content=\"fr_FR\" \/>\n<meta property=\"og:type\" content=\"article\" \/>\n<meta property=\"og:title\" content=\"Politique financi\u00e8re - S A B\" \/>\n<meta property=\"og:url\" content=\"https:\/\/www.sab.ch\/fr\/politique\/politique-financiere\/\" \/>\n<meta property=\"og:site_name\" content=\"S A B\" \/>\n<meta property=\"article:modified_time\" content=\"2025-02-12T12:27:56+00:00\" \/>\n<meta name=\"twitter:card\" content=\"summary_large_image\" \/>\n<meta name=\"twitter:label1\" content=\"Dur\u00e9e de lecture estim\u00e9e\" \/>\n\t<meta name=\"twitter:data1\" content=\"2 minutes\" \/>\n<script type=\"application\/ld+json\" class=\"yoast-schema-graph\">{\"@context\":\"https:\\\/\\\/schema.org\",\"@graph\":[{\"@type\":\"WebPage\",\"@id\":\"https:\\\/\\\/www.sab.ch\\\/fr\\\/politique\\\/politique-financiere\\\/\",\"url\":\"https:\\\/\\\/www.sab.ch\\\/fr\\\/politique\\\/politique-financiere\\\/\",\"name\":\"Politique financi\u00e8re - S A B\",\"isPartOf\":{\"@id\":\"https:\\\/\\\/www.sab.ch\\\/fr\\\/#website\"},\"datePublished\":\"2023-01-24T09:22:57+00:00\",\"dateModified\":\"2025-02-12T12:27:56+00:00\",\"breadcrumb\":{\"@id\":\"https:\\\/\\\/www.sab.ch\\\/fr\\\/politique\\\/politique-financiere\\\/#breadcrumb\"},\"inLanguage\":\"fr-FR\",\"potentialAction\":[{\"@type\":\"ReadAction\",\"target\":[\"https:\\\/\\\/www.sab.ch\\\/fr\\\/politique\\\/politique-financiere\\\/\"]}]},{\"@type\":\"BreadcrumbList\",\"@id\":\"https:\\\/\\\/www.sab.ch\\\/fr\\\/politique\\\/politique-financiere\\\/#breadcrumb\",\"itemListElement\":[{\"@type\":\"ListItem\",\"position\":1,\"name\":\"Startseite\",\"item\":\"https:\\\/\\\/www.sab.ch\\\/fr\\\/home\\\/\"},{\"@type\":\"ListItem\",\"position\":2,\"name\":\"Politique\",\"item\":\"https:\\\/\\\/www.sab.ch\\\/fr\\\/politique\\\/\"},{\"@type\":\"ListItem\",\"position\":3,\"name\":\"Politique financi\u00e8re\"}]},{\"@type\":\"WebSite\",\"@id\":\"https:\\\/\\\/www.sab.ch\\\/fr\\\/#website\",\"url\":\"https:\\\/\\\/www.sab.ch\\\/fr\\\/\",\"name\":\"S A B\",\"description\":\"\",\"potentialAction\":[{\"@type\":\"SearchAction\",\"target\":{\"@type\":\"EntryPoint\",\"urlTemplate\":\"https:\\\/\\\/www.sab.ch\\\/fr\\\/?s={search_term_string}\"},\"query-input\":{\"@type\":\"PropertyValueSpecification\",\"valueRequired\":true,\"valueName\":\"search_term_string\"}}],\"inLanguage\":\"fr-FR\"}]}<\/script>\n<!-- \/ Yoast SEO plugin. -->","yoast_head_json":{"title":"Politique financi\u00e8re - S A B","robots":{"index":"index","follow":"follow","max-snippet":"max-snippet:-1","max-image-preview":"max-image-preview:large","max-video-preview":"max-video-preview:-1"},"canonical":"https:\/\/www.sab.ch\/fr\/politique\/politique-financiere\/","og_locale":"fr_FR","og_type":"article","og_title":"Politique financi\u00e8re - S A B","og_url":"https:\/\/www.sab.ch\/fr\/politique\/politique-financiere\/","og_site_name":"S A B","article_modified_time":"2025-02-12T12:27:56+00:00","twitter_card":"summary_large_image","twitter_misc":{"Dur\u00e9e de lecture estim\u00e9e":"2 minutes"},"schema":{"@context":"https:\/\/schema.org","@graph":[{"@type":"WebPage","@id":"https:\/\/www.sab.ch\/fr\/politique\/politique-financiere\/","url":"https:\/\/www.sab.ch\/fr\/politique\/politique-financiere\/","name":"Politique financi\u00e8re - S A B","isPartOf":{"@id":"https:\/\/www.sab.ch\/fr\/#website"},"datePublished":"2023-01-24T09:22:57+00:00","dateModified":"2025-02-12T12:27:56+00:00","breadcrumb":{"@id":"https:\/\/www.sab.ch\/fr\/politique\/politique-financiere\/#breadcrumb"},"inLanguage":"fr-FR","potentialAction":[{"@type":"ReadAction","target":["https:\/\/www.sab.ch\/fr\/politique\/politique-financiere\/"]}]},{"@type":"BreadcrumbList","@id":"https:\/\/www.sab.ch\/fr\/politique\/politique-financiere\/#breadcrumb","itemListElement":[{"@type":"ListItem","position":1,"name":"Startseite","item":"https:\/\/www.sab.ch\/fr\/home\/"},{"@type":"ListItem","position":2,"name":"Politique","item":"https:\/\/www.sab.ch\/fr\/politique\/"},{"@type":"ListItem","position":3,"name":"Politique financi\u00e8re"}]},{"@type":"WebSite","@id":"https:\/\/www.sab.ch\/fr\/#website","url":"https:\/\/www.sab.ch\/fr\/","name":"S A B","description":"","potentialAction":[{"@type":"SearchAction","target":{"@type":"EntryPoint","urlTemplate":"https:\/\/www.sab.ch\/fr\/?s={search_term_string}"},"query-input":{"@type":"PropertyValueSpecification","valueRequired":true,"valueName":"search_term_string"}}],"inLanguage":"fr-FR"}]}},"_links":{"self":[{"href":"https:\/\/www.sab.ch\/fr\/wp-json\/wp\/v2\/pages\/11491","targetHints":{"allow":["GET"]}}],"collection":[{"href":"https:\/\/www.sab.ch\/fr\/wp-json\/wp\/v2\/pages"}],"about":[{"href":"https:\/\/www.sab.ch\/fr\/wp-json\/wp\/v2\/types\/page"}],"author":[{"embeddable":true,"href":"https:\/\/www.sab.ch\/fr\/wp-json\/wp\/v2\/users\/3"}],"replies":[{"embeddable":true,"href":"https:\/\/www.sab.ch\/fr\/wp-json\/wp\/v2\/comments?post=11491"}],"version-history":[{"count":6,"href":"https:\/\/www.sab.ch\/fr\/wp-json\/wp\/v2\/pages\/11491\/revisions"}],"predecessor-version":[{"id":25511,"href":"https:\/\/www.sab.ch\/fr\/wp-json\/wp\/v2\/pages\/11491\/revisions\/25511"}],"up":[{"embeddable":true,"href":"https:\/\/www.sab.ch\/fr\/wp-json\/wp\/v2\/pages\/11399"}],"wp:attachment":[{"href":"https:\/\/www.sab.ch\/fr\/wp-json\/wp\/v2\/media?parent=11491"}],"curies":[{"name":"wp","href":"https:\/\/api.w.org\/{rel}","templated":true}]}}