{"id":11503,"date":"2023-01-24T11:40:22","date_gmt":"2023-01-24T10:40:22","guid":{"rendered":"https:\/\/www.sab.ch\/politique\/poste\/"},"modified":"2026-03-31T15:23:13","modified_gmt":"2026-03-31T13:23:13","slug":"poste","status":"publish","type":"page","link":"https:\/\/www.sab.ch\/fr\/politique\/poste\/","title":{"rendered":"Poste"},"content":{"rendered":"<div id='av_section_1'  class='avia-section av-kbufzd3s-dd428f854b73db9c732bdb3b761e163e main_color avia-section-default avia-shadow  avia-builder-el-0  avia-builder-el-no-sibling  avia-bg-style-scroll container_wrap fullsize'  ><div class='container av-section-cont-open' ><main  role=\"main\" itemprop=\"mainContentOfPage\"  class='template-page content  av-content-full alpha units'><div class='post-entry post-entry-type-page post-entry-11503'><div class='entry-content-wrapper clearfix'>\n<div  class='flex_column av-4bt76v-027c5c3e4ba41620f68727813b95ad11 av_two_third  avia-builder-el-1  el_before_av_one_third  avia-builder-el-first  first flex_column_div  '     ><section  class='av_textblock_section av-jxk41cbl-a1fc1525f09076e0644c7e0771550ccd '   itemscope=\"itemscope\" itemtype=\"https:\/\/schema.org\/CreativeWork\" ><div class='avia_textblock'  itemprop=\"text\" ><h2 class=\"csc-firstHeader\"><\/h2>\n<h1>Poste<\/h1>\n<p><br class=\"avia-permanent-lb\" \/>La Poste est un \u00e9l\u00e9ment central du service universel. Ce service est actuellement assur\u00e9 par un r\u00e9seau comportant environ 3600 points d&rsquo;acc\u00e8s. Ce r\u00e9seau doit \u00eatre maintenu. Les services propos\u00e9s, ainsi que les heures d\u2019ouverture, peuvent \u00eatre optimis\u00e9s par de nouveaux mod\u00e8les comme les agences ou des collaborations avec des offices de tourisme, des stations d&rsquo;essence, etc. Le SAB est toutefois oppos\u00e9 \u00e0 une ouverture totale du march\u00e9 postal. Elle pourrait, \u00e0 plus ou moins long terme, menacer le service de base. En outre, le maintien du monopole postal est la m\u00e9thode la plus simple pour garantir le financement du service universel.<\/p>\n<\/div><\/section><br \/>\n\n<style type=\"text\/css\" data-created_by=\"avia_inline_auto\" id=\"style-css-av-m73d79ey-bf5e5766b3c2fe9fd7c0350f293907ab\">\n#top .hr.hr-invisible.av-m73d79ey-bf5e5766b3c2fe9fd7c0350f293907ab{\nheight:30px;\n}\n<\/style>\n<div  class='hr av-m73d79ey-bf5e5766b3c2fe9fd7c0350f293907ab hr-invisible  avia-builder-el-3  el_after_av_textblock  el_before_av_textblock '><span class='hr-inner '><span class=\"hr-inner-style\"><\/span><\/span><\/div><br \/>\n<section  class='av_textblock_section av-m73d6yed-aaa5ea7cfeb7bc82104a3eefea76f10e '   itemscope=\"itemscope\" itemtype=\"https:\/\/schema.org\/CreativeWork\" ><div class='avia_textblock'  itemprop=\"text\" ><h2 class=\"csc-firstHeader\"><\/h2>\n<h4>Documents relatifs cette th\u00e9matique (en allemand)<\/h4>\n<ul class=\"csc-uploads csc-uploads-0\">\n<li><a href=\"https:\/\/www.sab.ch\/wp-content\/uploads\/2026\/03\/Postgesetz-Zustellung-Mitgliedschaftspresse-SN-SAB.pdf\">Prise de position sur la r\u00e9vision de la loi sur la poste \u2013 Distribution de la presse associative et de la presse des fondations (20 mars 2026)<\/a><\/li>\n<li><a href=\"https:\/\/www.sab.ch\/wp-content\/uploads\/2026\/03\/Postverordnung-Fruehzustellung-SN-SAB.pdf\">Prise de position sur la r\u00e9vision de l\u2019ordonnance sur la poste \u2013 Int\u00e9gration de la distribution matinale dans l\u2019aide indirecte \u00e0 la presse (20.03.2026)<\/a><\/li>\n<li><a href=\"https:\/\/www.sab.ch\/wp-content\/uploads\/2023\/05\/CP-Developper-le-service-universel-de-la-Poste.pdf\">D\u00e9velopper le service universel de la Poste (02.05.2023)<\/a><\/li>\n<li><a href=\"https:\/\/www.sab.ch\/wp-content\/uploads\/2023\/05\/Nr255_Weissbuch-postalische-Grundversorgung.pdf\">Livre blanc sur l&rsquo;avenir du service postal universel (mai 2023)<\/a><\/li>\n<li class=\"li-odd li-first csc-uploads-element csc-uploads-element-pdf\"><a href=\"\/wp-content\/uploads\/2022\/11\/MM1193_Grundvrsorgung_Post_-_AG_Egerszegi.pdf\">Pas de nouveau d\u00e9mant\u00e8lement du service universel postal (24.02.2022)<\/a><\/li>\n<li class=\"li-even csc-uploads-element csc-uploads-element-pdf\"><a href=\"\/wp-content\/uploads\/2022\/11\/MM_Postfinance_Botschaft_def_30.06.2021.pdf\">Postfinance : le projet du Conseil f\u00e9d\u00e9ral affaiblit la Poste (30.06.201)<\/a><\/li>\n<li class=\"li-odd csc-uploads-element csc-uploads-element-pdf\"><a href=\"\/wp-content\/uploads\/2022\/11\/SN_SAB_Postfinance_07.07.2020.pdf\">Prise de position sur la r\u00e9vision partielle de la loi sur l&rsquo;organisation de la Poste (entr\u00e9e de Postfinance dans le secteur des hypoth\u00e8ques (09.07.2020)<\/a><\/li>\n<li class=\"li-even csc-uploads-element csc-uploads-element-pdf\"><a href=\"\/wp-content\/uploads\/2022\/11\/Erreichbarkeitskriterien_Stellungnahme_SAB.pdf\">Prise de position du SAB sur la modification de l&rsquo;ordonnance sur la poste et les nouveaux crit\u00e8res d&rsquo;accessibilit\u00e9 (07.08.2018)<\/a><\/li>\n<li class=\"li-odd csc-uploads-element csc-uploads-element-pdf\"><a href=\"\/wp-content\/uploads\/2022\/11\/MM1150_Erreichbarkeit_Poststellennetz_27.06.2018.pdf\">Le SAB salue la rapide r\u00e9action du Conseil f\u00e9d\u00e9ral (27.06.20118)<\/a><\/li>\n<li class=\"li-even csc-uploads-element csc-uploads-element-pdf\"><a href=\"\/wp-content\/uploads\/2022\/11\/MM1147_Poststellennetz_16.05.2018.pdf\">Am\u00e9liorer rapidement l&rsquo;accessibilit\u00e9 du r\u00e9seau d&rsquo;offices de poste (16.05.2018)<\/a><\/li>\n<li class=\"li-odd csc-uploads-element csc-uploads-element-pdf\"><a href=\"\/wp-content\/uploads\/2022\/11\/PM1128_Poststellennetz_Feb2017.pdf\">Stopper la transformation du r\u00e9seau postal (22.02.2017)<\/a><\/li>\n<li class=\"li-even csc-uploads-element csc-uploads-element-pdf\"><a href=\"\/wp-content\/uploads\/2022\/11\/PM1085_-neue_Postverordnung_30.8.2012_03.pdf\">Le SAB salue la nouvelle Ordonnance sur la poste (30.08.2012 &#8211; en allemand)<\/a><\/li>\n<li class=\"li-odd csc-uploads-element csc-uploads-element-pdf\"><a href=\"\/wp-content\/uploads\/2022\/11\/SN_Postverordnung_Feb2012_03.pdf\">Prise de position du SAB au sujet de l\u2019Ordonnance sur la poste (23.02.2012) <\/a><\/li>\n<li class=\"li-even csc-uploads-element csc-uploads-element-pdf\"><a href=\"\/wp-content\/uploads\/2022\/11\/SN_Postmarktoeffnung_7.05.08_de.pdf\">Prise de position sur l&rsquo;ouverture du march\u00e9 postal du 7 mai 2008 (en allemand)<\/a><\/li>\n<li class=\"li-odd csc-uploads-element csc-uploads-element-pdf\"><a href=\"\/wp-content\/uploads\/2022\/11\/SN_Pressefoerderung_3.12.06_fr.pdf\">Prise de position concernant l&rsquo;encouragement de la presse du 3 d\u00e9cembre 2006 <\/a><\/li>\n<li class=\"li-even csc-uploads-element csc-uploads-element-pdf\"><a href=\"\/wp-content\/uploads\/2022\/11\/ST196_InnoVnet_02.09_de_fr_02.pdf\">Rapport InnoVnet de f\u00e9vrier 2009<\/a><\/li>\n<\/ul>\n<\/div><\/section><\/p><\/div><div  class='flex_column av-2g700n-c0c62f15d48dc64d5354d030943b8194 av_one_third  avia-builder-el-5  el_after_av_two_third  avia-builder-el-last  flex_column_div  '     ><style type=\"text\/css\" data-created_by=\"avia_inline_auto\" id=\"style-css-av-lb0ui9e1-278a10dfe3f3deafdf2dbbf2b622de19\">\n.avia-image-container.av-lb0ui9e1-278a10dfe3f3deafdf2dbbf2b622de19 img.avia_image{\nbox-shadow:none;\n}\n.avia-image-container.av-lb0ui9e1-278a10dfe3f3deafdf2dbbf2b622de19 .av-image-caption-overlay-center{\ncolor:#ffffff;\n}\n<\/style>\n<div  class='avia-image-container av-lb0ui9e1-278a10dfe3f3deafdf2dbbf2b622de19 av-styling- avia-align-left  avia-builder-el-6  avia-builder-el-no-sibling '   itemprop=\"image\" itemscope=\"itemscope\" itemtype=\"https:\/\/schema.org\/ImageObject\" ><div class=\"avia-image-container-inner\"><div class=\"avia-image-overlay-wrap\"><img decoding=\"async\" fetchpriority=\"high\" class='wp-image-5703 avia-img-lazy-loading-not-5703 avia_image ' src=\"https:\/\/www.sab.ch\/wp-content\/uploads\/2022\/11\/Post.png\" alt='' title='Post'  height=\"264\" width=\"400\"  itemprop=\"thumbnailUrl\"  \/><\/div><\/div><\/div><\/div>\n","protected":false},"excerpt":{"rendered":"","protected":false},"author":3,"featured_media":0,"parent":11399,"menu_order":0,"comment_status":"closed","ping_status":"closed","template":"","meta":{"footnotes":""},"class_list":["post-11503","page","type-page","status-publish","hentry"],"yoast_head":"<!-- This site is optimized with the Yoast SEO plugin v27.5 - https:\/\/yoast.com\/product\/yoast-seo-wordpress\/ -->\n<title>Poste - S A B<\/title>\n<meta name=\"robots\" content=\"index, follow, max-snippet:-1, max-image-preview:large, max-video-preview:-1\" \/>\n<link rel=\"canonical\" href=\"https:\/\/www.sab.ch\/fr\/politique\/poste\/\" \/>\n<meta property=\"og:locale\" content=\"fr_FR\" \/>\n<meta property=\"og:type\" content=\"article\" \/>\n<meta property=\"og:title\" content=\"Poste - S A B\" \/>\n<meta property=\"og:url\" content=\"https:\/\/www.sab.ch\/fr\/politique\/poste\/\" \/>\n<meta property=\"og:site_name\" content=\"S A B\" \/>\n<meta property=\"article:modified_time\" content=\"2026-03-31T13:23:13+00:00\" \/>\n<meta name=\"twitter:card\" content=\"summary_large_image\" \/>\n<meta name=\"twitter:label1\" content=\"Dur\u00e9e de lecture estim\u00e9e\" \/>\n\t<meta name=\"twitter:data1\" content=\"2 minutes\" \/>\n<script type=\"application\/ld+json\" class=\"yoast-schema-graph\">{\"@context\":\"https:\\\/\\\/schema.org\",\"@graph\":[{\"@type\":\"WebPage\",\"@id\":\"https:\\\/\\\/www.sab.ch\\\/fr\\\/politique\\\/poste\\\/\",\"url\":\"https:\\\/\\\/www.sab.ch\\\/fr\\\/politique\\\/poste\\\/\",\"name\":\"Poste - S A B\",\"isPartOf\":{\"@id\":\"https:\\\/\\\/www.sab.ch\\\/fr\\\/#website\"},\"datePublished\":\"2023-01-24T10:40:22+00:00\",\"dateModified\":\"2026-03-31T13:23:13+00:00\",\"breadcrumb\":{\"@id\":\"https:\\\/\\\/www.sab.ch\\\/fr\\\/politique\\\/poste\\\/#breadcrumb\"},\"inLanguage\":\"fr-FR\",\"potentialAction\":[{\"@type\":\"ReadAction\",\"target\":[\"https:\\\/\\\/www.sab.ch\\\/fr\\\/politique\\\/poste\\\/\"]}]},{\"@type\":\"BreadcrumbList\",\"@id\":\"https:\\\/\\\/www.sab.ch\\\/fr\\\/politique\\\/poste\\\/#breadcrumb\",\"itemListElement\":[{\"@type\":\"ListItem\",\"position\":1,\"name\":\"Startseite\",\"item\":\"https:\\\/\\\/www.sab.ch\\\/fr\\\/home\\\/\"},{\"@type\":\"ListItem\",\"position\":2,\"name\":\"Politique\",\"item\":\"https:\\\/\\\/www.sab.ch\\\/fr\\\/politique\\\/\"},{\"@type\":\"ListItem\",\"position\":3,\"name\":\"Poste\"}]},{\"@type\":\"WebSite\",\"@id\":\"https:\\\/\\\/www.sab.ch\\\/fr\\\/#website\",\"url\":\"https:\\\/\\\/www.sab.ch\\\/fr\\\/\",\"name\":\"S A B\",\"description\":\"\",\"potentialAction\":[{\"@type\":\"SearchAction\",\"target\":{\"@type\":\"EntryPoint\",\"urlTemplate\":\"https:\\\/\\\/www.sab.ch\\\/fr\\\/?s={search_term_string}\"},\"query-input\":{\"@type\":\"PropertyValueSpecification\",\"valueRequired\":true,\"valueName\":\"search_term_string\"}}],\"inLanguage\":\"fr-FR\"}]}<\/script>\n<!-- \/ Yoast SEO plugin. -->","yoast_head_json":{"title":"Poste - S A B","robots":{"index":"index","follow":"follow","max-snippet":"max-snippet:-1","max-image-preview":"max-image-preview:large","max-video-preview":"max-video-preview:-1"},"canonical":"https:\/\/www.sab.ch\/fr\/politique\/poste\/","og_locale":"fr_FR","og_type":"article","og_title":"Poste - S A B","og_url":"https:\/\/www.sab.ch\/fr\/politique\/poste\/","og_site_name":"S A B","article_modified_time":"2026-03-31T13:23:13+00:00","twitter_card":"summary_large_image","twitter_misc":{"Dur\u00e9e de lecture estim\u00e9e":"2 minutes"},"schema":{"@context":"https:\/\/schema.org","@graph":[{"@type":"WebPage","@id":"https:\/\/www.sab.ch\/fr\/politique\/poste\/","url":"https:\/\/www.sab.ch\/fr\/politique\/poste\/","name":"Poste - S A B","isPartOf":{"@id":"https:\/\/www.sab.ch\/fr\/#website"},"datePublished":"2023-01-24T10:40:22+00:00","dateModified":"2026-03-31T13:23:13+00:00","breadcrumb":{"@id":"https:\/\/www.sab.ch\/fr\/politique\/poste\/#breadcrumb"},"inLanguage":"fr-FR","potentialAction":[{"@type":"ReadAction","target":["https:\/\/www.sab.ch\/fr\/politique\/poste\/"]}]},{"@type":"BreadcrumbList","@id":"https:\/\/www.sab.ch\/fr\/politique\/poste\/#breadcrumb","itemListElement":[{"@type":"ListItem","position":1,"name":"Startseite","item":"https:\/\/www.sab.ch\/fr\/home\/"},{"@type":"ListItem","position":2,"name":"Politique","item":"https:\/\/www.sab.ch\/fr\/politique\/"},{"@type":"ListItem","position":3,"name":"Poste"}]},{"@type":"WebSite","@id":"https:\/\/www.sab.ch\/fr\/#website","url":"https:\/\/www.sab.ch\/fr\/","name":"S A B","description":"","potentialAction":[{"@type":"SearchAction","target":{"@type":"EntryPoint","urlTemplate":"https:\/\/www.sab.ch\/fr\/?s={search_term_string}"},"query-input":{"@type":"PropertyValueSpecification","valueRequired":true,"valueName":"search_term_string"}}],"inLanguage":"fr-FR"}]}},"_links":{"self":[{"href":"https:\/\/www.sab.ch\/fr\/wp-json\/wp\/v2\/pages\/11503","targetHints":{"allow":["GET"]}}],"collection":[{"href":"https:\/\/www.sab.ch\/fr\/wp-json\/wp\/v2\/pages"}],"about":[{"href":"https:\/\/www.sab.ch\/fr\/wp-json\/wp\/v2\/types\/page"}],"author":[{"embeddable":true,"href":"https:\/\/www.sab.ch\/fr\/wp-json\/wp\/v2\/users\/3"}],"replies":[{"embeddable":true,"href":"https:\/\/www.sab.ch\/fr\/wp-json\/wp\/v2\/comments?post=11503"}],"version-history":[{"count":15,"href":"https:\/\/www.sab.ch\/fr\/wp-json\/wp\/v2\/pages\/11503\/revisions"}],"predecessor-version":[{"id":32057,"href":"https:\/\/www.sab.ch\/fr\/wp-json\/wp\/v2\/pages\/11503\/revisions\/32057"}],"up":[{"embeddable":true,"href":"https:\/\/www.sab.ch\/fr\/wp-json\/wp\/v2\/pages\/11399"}],"wp:attachment":[{"href":"https:\/\/www.sab.ch\/fr\/wp-json\/wp\/v2\/media?parent=11503"}],"curies":[{"name":"wp","href":"https:\/\/api.w.org\/{rel}","templated":true}]}}