{"id":11528,"date":"2023-01-25T15:56:03","date_gmt":"2023-01-25T14:56:03","guid":{"rendered":"https:\/\/www.sab.ch\/politique\/politique-agricole\/"},"modified":"2026-03-31T15:23:57","modified_gmt":"2026-03-31T13:23:57","slug":"politique-agricole","status":"publish","type":"page","link":"https:\/\/www.sab.ch\/fr\/politique\/politique-agricole\/","title":{"rendered":"Politique agricole"},"content":{"rendered":"<div id='av_section_1'  class='avia-section av-kbufzd3s-dd428f854b73db9c732bdb3b761e163e main_color avia-section-default avia-shadow  avia-builder-el-0  avia-builder-el-no-sibling  avia-bg-style-scroll container_wrap fullsize'  ><div class='container av-section-cont-open' ><main  role=\"main\" itemprop=\"mainContentOfPage\"  class='template-page content  av-content-full alpha units'><div class='post-entry post-entry-type-page post-entry-11528'><div class='entry-content-wrapper clearfix'>\n<div  class='flex_column av-4g7t2a-dbd7a1655cbeca79653b93f05683b4ec av_two_third  avia-builder-el-1  el_before_av_one_third  avia-builder-el-first  first flex_column_div  '     ><section  class='av_textblock_section av-jxk41cbl-a1fc1525f09076e0644c7e0771550ccd '   itemscope=\"itemscope\" itemtype=\"https:\/\/schema.org\/CreativeWork\" ><div class='avia_textblock'  itemprop=\"text\" ><h1>Politique agricole<\/h1>\n<p><br class=\"avia-permanent-lb\" \/>Pour les r\u00e9gions de montagne et l\u2019espace rural, l\u2019agriculture occupe une position centrale. Dans ce contexte, le SAB suit continuellement cette th\u00e9matique. Le SAB repr\u00e9sente les int\u00e9r\u00eats de l\u2019agriculture de montagne au niveau national et r\u00e9gional, il \u00e9labore des prises de position ainsi que de documents de position et propose des strat\u00e9gies pour le d\u00e9veloppement de ce secteur. Les transferts de savoirs constituent un th\u00e8me important pour l\u2019agriculture de montagne. C\u2019est pourquoi le SAB repr\u00e9sente les besoins des agriculteurs de montagne, au sein de divers groupes de travail.<\/p>\n<\/div><\/section><br \/>\n\n<style type=\"text\/css\" data-created_by=\"avia_inline_auto\" id=\"style-css-av-m73cluwn-f6d46fc691bec7d343a0b0634c402ad9\">\n#top .hr.hr-invisible.av-m73cluwn-f6d46fc691bec7d343a0b0634c402ad9{\nheight:30px;\n}\n<\/style>\n<div  class='hr av-m73cluwn-f6d46fc691bec7d343a0b0634c402ad9 hr-invisible  avia-builder-el-3  el_after_av_textblock  el_before_av_textblock '><span class='hr-inner '><span class=\"hr-inner-style\"><\/span><\/span><\/div><br \/>\n<section  class='av_textblock_section av-m73ckveq-abb5504689fa13bbee0064ab771d4f17 '   itemscope=\"itemscope\" itemtype=\"https:\/\/schema.org\/CreativeWork\" ><div class='avia_textblock'  itemprop=\"text\" ><h3>Documents compl\u00e9mentaires<\/h3>\n<ul class=\"csc-uploads csc-uploads-0\">\n<li><a href=\"https:\/\/www.sab.ch\/wp-content\/uploads\/2026\/03\/Vernehmlassung-zum-landwirtschaftlichen-Verordnungspaket-2026.pdf\">Prise de position du SAB sur le paquet d\u2019ordonnances agricoles 2026 (20.03.2026)<\/a><\/li>\n<li class=\"li-odd li-first csc-uploads-element csc-uploads-element-pdf\"><a href=\"\/wp-content\/uploads\/2022\/11\/MM_1197_Postulatsbericht_des_Bundesrates.pdf\">Rapport du Conseil f\u00e9d\u00e9ral : une approche globale de la politique agricole (22.06.2022)<\/a><\/li>\n<li class=\"li-even csc-uploads-element csc-uploads-element-pdf\"><a href=\"\/wp-content\/uploads\/2022\/11\/ST252_Organisation_in_den_Kantonen_fuer_den_Umgang_mit_Grossraubtieren.pdf\">Des recettes \u00e0 succ\u00e8s pour r\u00e9pondre aux besoins des jeunes vivant en montagne (avril 2022)<\/a><\/li>\n<li class=\"li-odd csc-uploads-element csc-uploads-element-pdf\"><a href=\"\/wp-content\/uploads\/2022\/11\/249_Die_Berglandwirtschaft_Maerz2022.pdf\">L&rsquo;agriculture de montagne jusqu&rsquo;en 2035 (mars 2023)<\/a><\/li>\n<li class=\"li-even csc-uploads-element csc-uploads-element-pdf\"><a href=\"\/wp-content\/uploads\/2022\/11\/22_Stellungnahme_Verordnungspaket_SAB_def_.pdf\">Prise de position concernant le Paquet d\u2019ordonnances agricoles 2022 (21.03.2022)<\/a><\/li>\n<li class=\"li-odd csc-uploads-element csc-uploads-element-pdf\"><a href=\"\/wp-content\/uploads\/2022\/11\/MM1191__Jagdgesetz_UREK-S.pdf\">Une rapide r\u00e9vision de la loi sur la chasse s&rsquo;impose (18.01.2022)<\/a><\/li>\n<li class=\"li-even csc-uploads-element csc-uploads-element-pdf\"><a href=\"\/wp-content\/uploads\/2022\/11\/MM_Jagdverordnung_Beschluss_BR.pdf\">Le Conseil f\u00e9d\u00e9ral n&rsquo;exploite pas suffisamment sa marge de man\u0153uvre li\u00e9e \u00e0 l&rsquo;ordonnance sur la chasse (30.06.2021)<\/a><\/li>\n<li class=\"li-odd csc-uploads-element csc-uploads-element-pdf\"><a href=\"\/wp-content\/uploads\/2022\/11\/Stellungnahme_SAB_Absenkpfad.pdf\">Train d\u2019ordonnances Initiative parlementaire 19.475 \u00ab R\u00e9duire le risque de l\u2019utilisation de pesticides\u00bb (24.06.2021) <\/a><\/li>\n<li class=\"li-even csc-uploads-element csc-uploads-element-pdf\"><a href=\"\/wp-content\/uploads\/2022\/11\/MM_Tourismus_im_Weidegebiet__Empfehlungen.pdf\">La pr\u00e9sence du loup n\u00e9cessite une plus grande coop\u00e9ration entre les secteurs touristiques et agricoles (31.05.2021)<\/a><\/li>\n<li class=\"li-odd csc-uploads-element csc-uploads-element-pdf\"><a href=\"\/wp-content\/uploads\/2022\/11\/SN_Landwirtschaft_Verordnungspaket_2021_19.03.2021.pdf\">Prise de position du SAB au sujet des ordonnances 2021 (19.03.2021)<\/a><\/li>\n<li class=\"li-even csc-uploads-element csc-uploads-element-pdf\"><a href=\"\/wp-content\/uploads\/2022\/11\/MM_Covid-19_Gesetz_22.03.2021.pdf\">Les r\u00e9gions de montagne rejettent les deux initiatives phytosanitaires jug\u00e9es trop extr\u00eames et disent Oui \u00e0 la loi sur le CO2 et \u00e0 la loi sur la Covid-19 (22.03.2021)<\/a><\/li>\n<li class=\"li-odd csc-uploads-element csc-uploads-element-pdf\"><a href=\"\/wp-content\/uploads\/2022\/11\/SN_Vernehmlassung_JSV_10.07.2020.pdf\">Prise de position au sujet de la modification de l\u2019ordonnance sur la chasse (OChP) 09.07.2020)<\/a><\/li>\n<li class=\"li-even csc-uploads-element csc-uploads-element-pdf\"><a href=\"\/wp-content\/uploads\/2022\/11\/Rueckmeldungsformular_VO_2020_SAB_Apr2020_JB_SM.pdf\">Prise de position du SAB au sujet de la proc\u00e9dure de consultation sur le train d&rsquo;ordonnances 2020 (28.04.2020)<\/a><\/li>\n<li class=\"li-odd csc-uploads-element csc-uploads-element-pdf\"><a href=\"\/wp-content\/uploads\/2022\/11\/vernehmlassung-wak-s-19-475-fragenbogen_SAB_Apr2020-1.pdf\">Prise de position au sujet de la consultation relative \u00e0 l\u2019avant-projet pour la mise en oeuvre de l\u2019iv. pa. \u201cR\u00e9duire le risque de l&rsquo;utilisation de pesticides\u201d (28.04.2020) <\/a><\/li>\n<\/ul>\n<ul class=\"csc-uploads csc-uploads-0\">\n<li class=\"li-odd li-first csc-uploads-element csc-uploads-element-pdf\"><a href=\"\/wp-content\/uploads\/2022\/11\/MM1174_AP22__13.02.2020.pdf\">Communiqu\u00e9 de presse du SAB au sujet de la PA22+ &#8211; en allemand (13.02.2020)<\/a><\/li>\n<li class=\"li-even csc-uploads-element csc-uploads-element-pdf\"><a href=\"\/wp-content\/uploads\/2022\/11\/Tierseuchenverordnung_Formular_de.pdf\">Prise de position du SAB au sujet de la modification de l&rsquo;ordonnance sur les \u00e9pizooties (12.12.2019)<\/a><\/li>\n<li class=\"li-odd csc-uploads-element csc-uploads-element-pdf\"><a href=\"\/wp-content\/uploads\/2022\/11\/MM1171_08.10.2019.pdf\">Les r\u00e9gions de montagnes soutiennent la nouvelle loi sur la chasse (08.10.2019)<\/a><\/li>\n<li class=\"li-even csc-uploads-element csc-uploads-element-pdf\"><a href=\"\/wp-content\/uploads\/2022\/11\/MM1167_Berglandwirtschaft_29.08.2019_def.pdf\">Renforcer l&rsquo;agriculture de montagne (29.08.2019)<\/a><\/li>\n<li class=\"li-odd csc-uploads-element csc-uploads-element-pdf\"><a href=\"\/wp-content\/uploads\/2022\/11\/SN_Markenschutzgesetz_03.07.2019.pdf\">Prise de position au sujet de la loi sur les marques (03.07.2019)<\/a><\/li>\n<li class=\"li-even csc-uploads-element csc-uploads-element-pdf\"><a href=\"\/wp-content\/uploads\/2022\/11\/MM1161_RevisionAP22_04.03.2019_def.pdf\">Politique agricole 2022+ : une r\u00e9vision comprenant des aspects positifs pour les r\u00e9gions de montagnes (04.03.2019)<\/a><\/li>\n<li class=\"li-odd csc-uploads-element csc-uploads-element-pdf\"><a href=\"\/wp-content\/uploads\/2022\/11\/1_SAB_AP22_def.pdf\">Prise de position du SAB au sujet de la PA 2022+ (22.02.2019)<\/a><\/li>\n<li class=\"li-even csc-uploads-element csc-uploads-element-pdf\"><a href=\"\/wp-content\/uploads\/2022\/11\/Fragebogen_Inlandleistung_und_Marktentlastungsmassnahmen_d.pdf\">Questionaire au sujet de la PA 2022 + (22.02.2019)<\/a><\/li>\n<li class=\"li-odd csc-uploads-element csc-uploads-element-pdf\"><a href=\"\/wp-content\/uploads\/2022\/11\/MM1156_RahmenbedigungenLandwirtschaft_14.11.2018.pdf\">L&rsquo;agriculture de montagne a besoin de conditions cadres adapt\u00e9es (14.11.2018)<\/a><\/li>\n<li class=\"li-even csc-uploads-element csc-uploads-element-pdf\"><a href=\"\/wp-content\/uploads\/2022\/11\/Positionspapier_Strukturverbesserungen_Okt2018.pdf\">Renforcement des am\u00e9liorations structurelles dans le cadre de la PA22+ (octobre 2018)<\/a><\/li>\n<li class=\"li-odd csc-uploads-element csc-uploads-element-pdf\"><a href=\"\/wp-content\/uploads\/2022\/11\/MM1154_Nebenerwerbslandwirtschaft.pdf\">CP: L\u2019agriculture \u00e0 temps partiel en Suisse ((25.09.2018)<\/a><\/li>\n<li class=\"li-even csc-uploads-element csc-uploads-element-pdf\"><a href=\"\/wp-content\/uploads\/2022\/11\/Positionspapier_NELW_definitiv.pdf\">Document de position: L\u2019agriculture \u00e0 temps partiel en Suisse (07\/2018)<\/a><\/li>\n<li class=\"li-odd csc-uploads-element csc-uploads-element-pdf\"><a href=\"\/wp-content\/uploads\/2022\/11\/Bericht_Nebenerwerbslandwirtschaft.pdf\">Rapport: L\u2019agriculture \u00e0 temps partiel en Suisse (0772018)<\/a><\/li>\n<li class=\"li-even csc-uploads-element csc-uploads-element-pdf\"><a href=\"\/wp-content\/uploads\/2022\/11\/SN_Rueckmeldun_SAB_Verordnungspaket_20.04.2018.pdf\">Prise de position du SAB au sujet de la proc\u00e9dure de consultation sur le train d&rsquo;ordonnances 2018 (20.04.2018)<\/a><\/li>\n<li class=\"li-odd csc-uploads-element csc-uploads-element-pdf\"><a href=\"\/wp-content\/uploads\/2022\/11\/MedienmitteilungKoBiB_Dez_2017.pdf\">Communiqu\u00e9 de presse : Une infrastructure de base fiable est indispensable (14.12.2017)<\/a><\/li>\n<li class=\"li-even csc-uploads-element csc-uploads-element-pdf\"><a href=\"\/wp-content\/uploads\/2022\/11\/MM1143_zur_AP2022__7.12.2017.pdf\">Politique agricole : les propositions du Conseil f\u00e9d\u00e9ral vont dans la mauvaise direction (07.12.2017)<\/a><\/li>\n<li class=\"li-odd csc-uploads-element csc-uploads-element-pdf\"><a href=\"\/wp-content\/uploads\/2022\/11\/MM1137_Ernaehrungssicherheit.pdf\">Communiqu\u00e9 de presse au sujet de la s\u00e9curit\u00e9 alimentaire (18.08.2017)<\/a><\/li>\n<li class=\"li-even csc-uploads-element csc-uploads-element-pdf\"><a href=\"\/wp-content\/uploads\/2022\/11\/SN_SAB_VO_2016_zur_AP-2.pdf\">Prise de position du SAB au sujet des ordonnances agricoles 2016<\/a><\/li>\n<\/ul>\n<ul class=\"csc-uploads csc-uploads-0\">\n<li class=\"li-odd li-first csc-uploads-element csc-uploads-element-pdf\"><a href=\"\/wp-content\/uploads\/2022\/11\/SAB_Position_AP18_.pdf\">Papier de discussion: Quelle politique agricole de montagne d\u00e8s 2017? (26.09.2014) (en allemand) <\/a><\/li>\n<li class=\"li-even csc-uploads-element csc-uploads-element-pdf\"><a href=\"\/wp-content\/uploads\/2022\/11\/Medienmitteilung_Deklaration_Uebergabe_9.9.2014.pdf\">CP Ann\u00e9e de l&rsquo;ONU : d\u00e9claration remise au Conseil f\u00e9d\u00e9ral (09.09.2014 )<\/a><\/li>\n<li class=\"li-odd csc-uploads-element csc-uploads-element-pdf\"><a href=\"\/wp-content\/uploads\/2022\/11\/IYFF_Deklaration_Tagung_2014_DEFINITIV_D_2014-08-29.pdf\">d\u00e9claration (09.09.2014) <\/a><\/li>\n<li class=\"li-even csc-uploads-element csc-uploads-element-jpg\"><a title=\"Le conseiller f\u00e9d\u00e9ral J. Schneider-Ammann re\u00e7oit la d\u00e9claration (09.09.2014) (Copyright SAB) \" href=\"http:\/\/www.sab.ch\/fileadmin\/user_upload\/customers\/sab\/Politik\/Agrarpolitik\/Deklarationsuebergabe.jpg\" target=\"_blank\" rel=\"noopener\">Bundesrat J. Schneider-Ammann nimmt Deklaration entgegen (09.09.2014) (Copyright SAB) <\/a><\/li>\n<li class=\"li-odd csc-uploads-element csc-uploads-element-pdf\"><a href=\"\/wp-content\/uploads\/2022\/11\/SN_AP2014-2017_Mai2013_03.pdf\">Prise de position du SAB au sujet de la PA 2014 &#8211; 2017(mai 2013) <\/a><\/li>\n<li class=\"li-even csc-uploads-element csc-uploads-element-pdf\"><a href=\"\/wp-content\/uploads\/2022\/11\/SN_Berg_AlpZeichen_Juli_2013_2_02.pdf\">Prise de position du SAB au sujet d&rsquo;un signe officiel destin\u00e9 aux produits de montagne et d&rsquo;alpage (11.07.2013) <\/a><\/li>\n<li class=\"li-odd csc-uploads-element csc-uploads-element-pdf\"><a href=\"\/wp-content\/uploads\/2022\/11\/PA_LeistungenBerglandwirtschaft_2012.pdf\">Article \u00ab\u00a0Reconna\u00eetre les prestations de service public produites par l\u2019agriculture de montagne \u00bb , Journal \u00ab\u00a0Die Volkswirtschaft\u00a0\u00bb 04\/2012 <\/a><\/li>\n<li class=\"li-even csc-uploads-element csc-uploads-element-pdf\"><a href=\"\/wp-content\/uploads\/2022\/11\/SN_Alpprodukteverordnung_10.02.2011_d_01.pdf\">Prise de position du SAB au sujet de l&rsquo;ordonnance sur les d\u00e9signations \u00ab\u00a0montagne\u00a0\u00bb et \u00ab\u00a0alpage\u00a0\u00bb du 10 f\u00e9vrier 2011<\/a><\/li>\n<li class=\"li-odd csc-uploads-element csc-uploads-element-pdf\"><a href=\"\/wp-content\/uploads\/2022\/11\/SN_Viehexport_10.02.2011_d_01.pdf\">Prise de position du SAB au sujet du maintien des exportations suisses de b\u00e9tail du 10 f\u00e9vrier 2011 <\/a><\/li>\n<li class=\"li-even csc-uploads-element csc-uploads-element-pdf\"><a href=\"\/wp-content\/uploads\/2022\/11\/ST199_Agrarpolitik_09.09_de.pdf\">Document strat\u00e9gique du SAB concernant le d\u00e9veloppement de la politique agraire de ao\u00fbt 2009 <\/a><\/li>\n<li class=\"li-odd csc-uploads-element csc-uploads-element-pdf\"><a href=\"\/wp-content\/uploads\/2022\/11\/PP_FreihandelEU_26.05.08_de.pdf\">Document de position consacr\u00e9 au \u00ab\u00a0Libre \u00e9change entre la Suisse et la CE dans le secteur agroalimentaire &#8211; cons\u00e9quences pour l&rsquo;\u00e9conomie alpestre du 26 mai 2008 (en allemand) <\/a><\/li>\n<li class=\"li-even csc-uploads-element csc-uploads-element-pdf\"><a href=\"\/wp-content\/uploads\/2022\/11\/PP_SchutzBergprodukte_12.07.05_de.pdf\">Document de position sur la d\u00e9signation des produits de montagne et d&rsquo;alpage du 12 juillet 2005 (r\u00e9sum\u00e9 en fran\u00e7ais) <\/a><\/li>\n<li class=\"li-odd csc-uploads-element csc-uploads-element-pdf\"><a href=\"\/wp-content\/uploads\/2022\/11\/SN_Swissness_8.02.08_de.pdf\">Prise de position: Suissitude: protection de la d\u00e9signation \u00ab Suisse \u00bb et de la croix suisse du 8 f\u00e9vrier 2008 (en allemand) <\/a><\/li>\n<li class=\"li-even csc-uploads-element csc-uploads-element-pdf\"><a href=\"\/wp-content\/uploads\/2022\/11\/SN_AP2011Verordnungen_20.03.09_de.pdf\">Prise de position: PA 2011 du 20 mars 2008 (en allemand) <\/a><\/li>\n<li class=\"li-odd csc-uploads-element csc-uploads-element-pdf\"><a href=\"\/wp-content\/uploads\/2022\/11\/SN__22.08.07_de.pdf\">Prise de position sur la PA 2011 du 22 ao\u00fbt 2007 (en allemand) <\/a><\/li>\n<li class=\"li-even csc-uploads-element csc-uploads-element-pdf\"><a href=\"\/wp-content\/uploads\/2022\/11\/SN_AP2011_27.11.05_de.pdf\">Prise de position du SAB au sujet de la PA 2011 (28.11.2005)<\/a><\/li>\n<li class=\"li-odd csc-uploads-element csc-uploads-element-pdf\"><a href=\"\/wp-content\/uploads\/2022\/11\/SN_GVOMoratorium_6.02.09_de.pdf\">Prise de position sur la modification de la loi sur le g\u00e9nie g\u00e9n\u00e9tisque relative \u00e0 la prolongation du moratoire sur l&rsquo;utilisation d&rsquo;OMG dans l&rsquo;agriculture du 6 f\u00e9vrier 2009 (en allemand)<\/a><\/li>\n<li class=\"li-even csc-uploads-element csc-uploads-element-pdf\"><a href=\"\/wp-content\/uploads\/2022\/11\/ST193_Agrarpolitik_09.08_de_fr_01.pdf\">Politique agricole et d\u00e9veloppement rural: compte rendu de la journ\u00e9e d&rsquo;\u00e9tude de ao\u00fbt 2008 <\/a><\/li>\n<li class=\"li-odd csc-uploads-element csc-uploads-element-pdf\"><a href=\"\/wp-content\/uploads\/2022\/11\/ST178_InnovBerglandwirtschaft_08.04_de_fr_02.pdf\">Agriculture de montagne et innovation : Compte rendu de la journ\u00e9e d&rsquo;\u00e9tude du 27 ao\u00fbt 2004 <\/a><\/li>\n<li class=\"li-even csc-uploads-element csc-uploads-element-pdf\"><a href=\"\/wp-content\/uploads\/2022\/11\/BSA_SMP_Milchverarbeitung_03.03_de.pdf\">Actifs pour notre r\u00e9gion: la transformation locale du lait (mars 2003) <\/a><\/li>\n<\/ul>\n<div  class='hr av-av_hr-34d966c1397a867a533fbb38af979625 hr-default  avia-builder-el-5  avia-builder-el-no-sibling '><span class='hr-inner '><span class=\"hr-inner-style\"><\/span><\/span><\/div>\n<h2>Liens<\/h2>\n<p><img decoding=\"async\" src=\"\/wp-content\/uploads\/2022\/11\/csm_Berg_Alpprodukt2_2d49346d5b.jpg\" \/><a href=\"https:\/\/schweizeralpprodukte.ch\/die-herkunft.html\" target=\"_blank\" rel=\"noopener\">Schweizer Berg- und Alpprodukte<\/a><\/p>\n<p><img decoding=\"async\" src=\"\/wp-content\/uploads\/2022\/11\/csm_SAV_705102fbe4.gif\" \/><a href=\"http:\/\/www.alpwirtschaft.ch\/\" target=\"_blank\" rel=\"noopener\">Schweizerischer Alpwirtschaftlicher Verband<\/a><\/p>\n<\/div><\/section><\/p><\/div><div  class='flex_column av-a6cwi-7ab7ff93e99e6346db8a8f99db94bc09 av_one_third  avia-builder-el-6  el_after_av_two_third  avia-builder-el-last  flex_column_div  '     ><p>\n<style type=\"text\/css\" data-created_by=\"avia_inline_auto\" id=\"style-css-av-lbnimkm9-31d21e61274cb9c874c395e6ed06cc06\">\n.avia-image-container.av-lbnimkm9-31d21e61274cb9c874c395e6ed06cc06 img.avia_image{\nbox-shadow:none;\n}\n.avia-image-container.av-lbnimkm9-31d21e61274cb9c874c395e6ed06cc06 .av-image-caption-overlay-center{\ncolor:#ffffff;\n}\n<\/style>\n<div  class='avia-image-container av-lbnimkm9-31d21e61274cb9c874c395e6ed06cc06 av-styling- avia-align-left  avia-builder-el-7  el_before_av_textblock  avia-builder-el-first '   itemprop=\"image\" itemscope=\"itemscope\" itemtype=\"https:\/\/schema.org\/ImageObject\" ><div class=\"avia-image-container-inner\"><div class=\"avia-image-overlay-wrap\"><img decoding=\"async\" fetchpriority=\"high\" class='wp-image-10242 avia-img-lazy-loading-not-10242 avia_image ' src=\"https:\/\/www.sab.ch\/wp-content\/uploads\/2022\/12\/Klosters-28-10-2022-Schafe-2-1024x768.jpg\" alt='' title='Klosters 28-10-2022 Schafe 2'  height=\"768\" width=\"1024\"  itemprop=\"thumbnailUrl\" srcset=\"https:\/\/www.sab.ch\/wp-content\/uploads\/2022\/12\/Klosters-28-10-2022-Schafe-2-1024x768.jpg 1024w, https:\/\/www.sab.ch\/wp-content\/uploads\/2022\/12\/Klosters-28-10-2022-Schafe-2-1440x1080.jpg 1440w, https:\/\/www.sab.ch\/wp-content\/uploads\/2022\/12\/Klosters-28-10-2022-Schafe-2-768x576.jpg 768w, https:\/\/www.sab.ch\/wp-content\/uploads\/2022\/12\/Klosters-28-10-2022-Schafe-2-1536x1152.jpg 1536w, https:\/\/www.sab.ch\/wp-content\/uploads\/2022\/12\/Klosters-28-10-2022-Schafe-2-2048x1536.jpg 2048w, https:\/\/www.sab.ch\/wp-content\/uploads\/2022\/12\/Klosters-28-10-2022-Schafe-2-1500x1125.jpg 1500w, https:\/\/www.sab.ch\/wp-content\/uploads\/2022\/12\/Klosters-28-10-2022-Schafe-2-705x529.jpg 705w\" sizes=\"(max-width: 1024px) 100vw, 1024px\" \/><\/div><\/div><\/div><br \/>\n<section  class='av_textblock_section av-lbnin3zr-5dcabd58e4d90862fce05aa6689872c5 '   itemscope=\"itemscope\" itemtype=\"https:\/\/schema.org\/CreativeWork\" ><div class='avia_textblock'  itemprop=\"text\" ><p><em>Goms\/Swiss-image<\/em><\/p>\n<\/div><\/section><\/p><\/div>\n","protected":false},"excerpt":{"rendered":"","protected":false},"author":3,"featured_media":0,"parent":11399,"menu_order":0,"comment_status":"closed","ping_status":"closed","template":"","meta":{"footnotes":""},"class_list":["post-11528","page","type-page","status-publish","hentry"],"yoast_head":"<!-- This site is optimized with the Yoast SEO plugin v27.4 - https:\/\/yoast.com\/product\/yoast-seo-wordpress\/ -->\n<title>Politique agricole - S A B<\/title>\n<meta name=\"robots\" content=\"index, follow, max-snippet:-1, max-image-preview:large, max-video-preview:-1\" \/>\n<link rel=\"canonical\" href=\"https:\/\/www.sab.ch\/fr\/politique\/politique-agricole\/\" \/>\n<meta property=\"og:locale\" content=\"fr_FR\" \/>\n<meta property=\"og:type\" content=\"article\" \/>\n<meta property=\"og:title\" content=\"Politique agricole - S A B\" \/>\n<meta property=\"og:url\" content=\"https:\/\/www.sab.ch\/fr\/politique\/politique-agricole\/\" \/>\n<meta property=\"og:site_name\" content=\"S A B\" \/>\n<meta property=\"article:modified_time\" content=\"2026-03-31T13:23:57+00:00\" \/>\n<meta name=\"twitter:card\" content=\"summary_large_image\" \/>\n<meta name=\"twitter:label1\" content=\"Dur\u00e9e de lecture estim\u00e9e\" \/>\n\t<meta name=\"twitter:data1\" content=\"6 minutes\" \/>\n<script type=\"application\/ld+json\" class=\"yoast-schema-graph\">{\"@context\":\"https:\\\/\\\/schema.org\",\"@graph\":[{\"@type\":\"WebPage\",\"@id\":\"https:\\\/\\\/www.sab.ch\\\/fr\\\/politique\\\/politique-agricole\\\/\",\"url\":\"https:\\\/\\\/www.sab.ch\\\/fr\\\/politique\\\/politique-agricole\\\/\",\"name\":\"Politique agricole - S A B\",\"isPartOf\":{\"@id\":\"https:\\\/\\\/www.sab.ch\\\/fr\\\/#website\"},\"datePublished\":\"2023-01-25T14:56:03+00:00\",\"dateModified\":\"2026-03-31T13:23:57+00:00\",\"breadcrumb\":{\"@id\":\"https:\\\/\\\/www.sab.ch\\\/fr\\\/politique\\\/politique-agricole\\\/#breadcrumb\"},\"inLanguage\":\"fr-FR\",\"potentialAction\":[{\"@type\":\"ReadAction\",\"target\":[\"https:\\\/\\\/www.sab.ch\\\/fr\\\/politique\\\/politique-agricole\\\/\"]}]},{\"@type\":\"BreadcrumbList\",\"@id\":\"https:\\\/\\\/www.sab.ch\\\/fr\\\/politique\\\/politique-agricole\\\/#breadcrumb\",\"itemListElement\":[{\"@type\":\"ListItem\",\"position\":1,\"name\":\"Startseite\",\"item\":\"https:\\\/\\\/www.sab.ch\\\/fr\\\/home\\\/\"},{\"@type\":\"ListItem\",\"position\":2,\"name\":\"Politique\",\"item\":\"https:\\\/\\\/www.sab.ch\\\/fr\\\/politique\\\/\"},{\"@type\":\"ListItem\",\"position\":3,\"name\":\"Politique agricole\"}]},{\"@type\":\"WebSite\",\"@id\":\"https:\\\/\\\/www.sab.ch\\\/fr\\\/#website\",\"url\":\"https:\\\/\\\/www.sab.ch\\\/fr\\\/\",\"name\":\"S A B\",\"description\":\"\",\"potentialAction\":[{\"@type\":\"SearchAction\",\"target\":{\"@type\":\"EntryPoint\",\"urlTemplate\":\"https:\\\/\\\/www.sab.ch\\\/fr\\\/?s={search_term_string}\"},\"query-input\":{\"@type\":\"PropertyValueSpecification\",\"valueRequired\":true,\"valueName\":\"search_term_string\"}}],\"inLanguage\":\"fr-FR\"}]}<\/script>\n<!-- \/ Yoast SEO plugin. -->","yoast_head_json":{"title":"Politique agricole - S A B","robots":{"index":"index","follow":"follow","max-snippet":"max-snippet:-1","max-image-preview":"max-image-preview:large","max-video-preview":"max-video-preview:-1"},"canonical":"https:\/\/www.sab.ch\/fr\/politique\/politique-agricole\/","og_locale":"fr_FR","og_type":"article","og_title":"Politique agricole - S A B","og_url":"https:\/\/www.sab.ch\/fr\/politique\/politique-agricole\/","og_site_name":"S A B","article_modified_time":"2026-03-31T13:23:57+00:00","twitter_card":"summary_large_image","twitter_misc":{"Dur\u00e9e de lecture estim\u00e9e":"6 minutes"},"schema":{"@context":"https:\/\/schema.org","@graph":[{"@type":"WebPage","@id":"https:\/\/www.sab.ch\/fr\/politique\/politique-agricole\/","url":"https:\/\/www.sab.ch\/fr\/politique\/politique-agricole\/","name":"Politique agricole - S A B","isPartOf":{"@id":"https:\/\/www.sab.ch\/fr\/#website"},"datePublished":"2023-01-25T14:56:03+00:00","dateModified":"2026-03-31T13:23:57+00:00","breadcrumb":{"@id":"https:\/\/www.sab.ch\/fr\/politique\/politique-agricole\/#breadcrumb"},"inLanguage":"fr-FR","potentialAction":[{"@type":"ReadAction","target":["https:\/\/www.sab.ch\/fr\/politique\/politique-agricole\/"]}]},{"@type":"BreadcrumbList","@id":"https:\/\/www.sab.ch\/fr\/politique\/politique-agricole\/#breadcrumb","itemListElement":[{"@type":"ListItem","position":1,"name":"Startseite","item":"https:\/\/www.sab.ch\/fr\/home\/"},{"@type":"ListItem","position":2,"name":"Politique","item":"https:\/\/www.sab.ch\/fr\/politique\/"},{"@type":"ListItem","position":3,"name":"Politique agricole"}]},{"@type":"WebSite","@id":"https:\/\/www.sab.ch\/fr\/#website","url":"https:\/\/www.sab.ch\/fr\/","name":"S A B","description":"","potentialAction":[{"@type":"SearchAction","target":{"@type":"EntryPoint","urlTemplate":"https:\/\/www.sab.ch\/fr\/?s={search_term_string}"},"query-input":{"@type":"PropertyValueSpecification","valueRequired":true,"valueName":"search_term_string"}}],"inLanguage":"fr-FR"}]}},"_links":{"self":[{"href":"https:\/\/www.sab.ch\/fr\/wp-json\/wp\/v2\/pages\/11528","targetHints":{"allow":["GET"]}}],"collection":[{"href":"https:\/\/www.sab.ch\/fr\/wp-json\/wp\/v2\/pages"}],"about":[{"href":"https:\/\/www.sab.ch\/fr\/wp-json\/wp\/v2\/types\/page"}],"author":[{"embeddable":true,"href":"https:\/\/www.sab.ch\/fr\/wp-json\/wp\/v2\/users\/3"}],"replies":[{"embeddable":true,"href":"https:\/\/www.sab.ch\/fr\/wp-json\/wp\/v2\/comments?post=11528"}],"version-history":[{"count":12,"href":"https:\/\/www.sab.ch\/fr\/wp-json\/wp\/v2\/pages\/11528\/revisions"}],"predecessor-version":[{"id":32060,"href":"https:\/\/www.sab.ch\/fr\/wp-json\/wp\/v2\/pages\/11528\/revisions\/32060"}],"up":[{"embeddable":true,"href":"https:\/\/www.sab.ch\/fr\/wp-json\/wp\/v2\/pages\/11399"}],"wp:attachment":[{"href":"https:\/\/www.sab.ch\/fr\/wp-json\/wp\/v2\/media?parent=11528"}],"curies":[{"name":"wp","href":"https:\/\/api.w.org\/{rel}","templated":true}]}}