{"id":11532,"date":"2023-01-25T16:00:01","date_gmt":"2023-01-25T15:00:01","guid":{"rendered":"https:\/\/www.sab.ch\/politique\/politique-ville-campagne\/"},"modified":"2024-09-06T08:36:21","modified_gmt":"2024-09-06T06:36:21","slug":"politique-ville-campagne","status":"publish","type":"page","link":"https:\/\/www.sab.ch\/fr\/politique\/politique-ville-campagne\/","title":{"rendered":"Politique \/ Ville-campagne"},"content":{"rendered":"<div id='av_section_1'  class='avia-section av-kbufzd3s-dd428f854b73db9c732bdb3b761e163e main_color avia-section-default avia-shadow  avia-builder-el-0  avia-builder-el-no-sibling  avia-bg-style-scroll container_wrap fullsize'  ><div class='container av-section-cont-open' ><main  role=\"main\" itemprop=\"mainContentOfPage\"  class='template-page content  av-content-full alpha units'><div class='post-entry post-entry-type-page post-entry-11532'><div class='entry-content-wrapper clearfix'>\n<div  class='flex_column av-4tlmr0-b36ef892cd7a849c8be8119109ba18a1 av_two_third  avia-builder-el-1  el_before_av_one_third  avia-builder-el-first  first flex_column_div  '     ><section  class='av_textblock_section av-jxk41cbl-a1fc1525f09076e0644c7e0771550ccd '   itemscope=\"itemscope\" itemtype=\"https:\/\/schema.org\/CreativeWork\" ><div class='avia_textblock'  itemprop=\"text\" ><h1>Ville-campagne<\/h1>\n<p><br class=\"avia-permanent-lb\" \/>Au sein de la petite Suisse il existe d\u2019\u00e9troites interd\u00e9pendances entre les espaces urbains et ruraux. Les r\u00e9gions de montagne comptent \u00e9galement plusieurs agglom\u00e9rations, comme celles de Coire ou Sion. Celles-ci constituent des centres r\u00e9gionaux et assument des fonctions importantes pour les communes rurales environnantes. La politique des agglom\u00e9rations doit donc aussi tenir compte des relations transversales avec les espaces ruraux environnants. La politique d&rsquo;agglom\u00e9ration de la Conf\u00e9d\u00e9ration, ainsi que celle en des espaces ruraux et des r\u00e9gions de montagne, doivent se compl\u00e9ter judicieusement dans le cadre d&rsquo;une politique d&rsquo;am\u00e9nagement du territoire coh\u00e9rente, devant \u00eatre mise en \u0153uvre par le biais de mesures concr\u00e8tes.<\/p>\n<\/div><\/section><br \/>\n<div  class='hr av-av_hr-91d7ccd583a503147498e120fee2ff9b hr-default  avia-builder-el-3  el_after_av_textblock  el_before_av_textblock '><span class='hr-inner '><span class=\"hr-inner-style\"><\/span><\/span><\/div><br \/>\n<section  class='av_textblock_section av-m0kxzp2z-7187a527c2b88327d525d9c17300b86e '   itemscope=\"itemscope\" itemtype=\"https:\/\/schema.org\/CreativeWork\" ><div class='avia_textblock'  itemprop=\"text\" ><h4><strong>Journ\u00e9e d&rsquo;\u00e9tude du SAB 30.08.2024: Le dialogue ville &#8211; campagne<\/strong><\/h4>\n<p><br class=\"avia-permanent-lb\" \/>Le SAB a organis\u00e9, le 30 ao\u00fbt \u00e0 Sissach (BL), une journ\u00e9e d\u2019\u00e9tude sur le th\u00e8me \u00ab Le dialogue ville-campagne \u00bb. Lors de cette rencontre, des repr\u00e9sentants politiques, ainsi que des personnes issues des milieux de la science et de la pratique ont discut\u00e9 de l&rsquo;existence du fameux foss\u00e9 ville-campagne, ainsi que des moyens pour le combler. Les participants \u00e9taient d&rsquo;avis que la perception quant aux r\u00e9alit\u00e9s de l\u2019autre \u00e9tait souvent fauss\u00e9e et que le dialogue devait donc \u00eatre intensifi\u00e9.<\/p>\n<p><br class=\"avia-permanent-lb\" \/><br class=\"avia-permanent-lb\" \/><a href=\"https:\/\/www.sab.ch\/wp-content\/uploads\/2024\/09\/00-Fachtagung-SAB-2024-Eroeffnung-TE.pdf\">Accueil et ouverture &#8211; Thomas Egger, Directeur du SAB<\/a><\/p>\n<p><a href=\"https:\/\/www.sab.ch\/wp-content\/uploads\/2024\/09\/01-SAB-Hermann-Stadt-Land.pdf\">Le foss\u00e9 ville-campagne: mythe ou r\u00e9alit\u00e9? &#8211; Michael Hermann Sotomo<\/a><\/p>\n<p><a href=\"https:\/\/www.sab.ch\/wp-content\/uploads\/2024\/09\/02-ROR_Lebendige-Peripherienpdf.pdf\">Des p\u00e9riph\u00e9ries vivantes &#8211; Heike Mayer, Prof. Universit\u00e9 de Berne<\/a><\/p>\n<p><a href=\"https:\/\/www.sab.ch\/wp-content\/uploads\/2024\/09\/03-Theo-Maissen-SAB_Fachtagung-30.08.2024-PDF.pdf\">50 ans de politique r\u00e9gionale &#8211; r\u00e9cit d&rsquo;une exp\u00e9rience v\u00e9cue \u00e0 l&rsquo;\u00e9poque de la LIM &#8211; Theo Maissen, ancien pr\u00e9sident du SAB<\/a><\/p>\n<p><a href=\"https:\/\/www.sab.ch\/wp-content\/uploads\/2024\/09\/04-AggloPol_P-LRB_Lezzi_final.pdf\">Un d\u00e9veloppement territorial coh\u00e9rent &#8211; Maria Lezzi, Directrice ARE<\/a><\/p>\n<p><a href=\"https:\/\/www.sab.ch\/wp-content\/uploads\/2024\/09\/05-Praesentation-PRE_240619.pdf\">Les saveurs de la ville et de la campagne &#8211; Urs Giezendanner, Ebenrain<\/a><\/p>\n<p><a href=\"https:\/\/www.sab.ch\/wp-content\/uploads\/2024\/09\/CP1221_Journee-etude-SAB-2024_def.pdf\">Communiqu\u00e9 de presse du 30.08.2024<\/a><\/p>\n<\/div><\/section><br \/>\n<div  class='hr av-av_hr-91d7ccd583a503147498e120fee2ff9b hr-default  avia-builder-el-5  el_after_av_textblock  el_before_av_textblock '><span class='hr-inner '><span class=\"hr-inner-style\"><\/span><\/span><\/div><br \/>\n<section  class='av_textblock_section av-m0kxr9ms-60e10856bb11f5abac0067ce154cc7f3 '   itemscope=\"itemscope\" itemtype=\"https:\/\/schema.org\/CreativeWork\" ><div class='avia_textblock'  itemprop=\"text\" ><h4>Documents compl\u00e9mentaires<\/h4>\n<ul class=\"csc-uploads csc-uploads-0\">\n<li class=\"li-odd li-first csc-uploads-element csc-uploads-element-pdf\"><a href=\"\/wp-content\/uploads\/2022\/11\/PP_KooperationStadt-Land_01.10.10_de.pdf\">Document de position du SAB \u00ab\u00a0Ville-Campagne\u00a0\u00bb du 1er octobre 2010<\/a><\/li>\n<li class=\"li-even csc-uploads-element csc-uploads-element-pdf\"><a href=\"\/wp-content\/uploads\/2022\/11\/SN_Agglomerationspolitik_4.12.09_de_02.pdf\">Prise de position du SAB au sujet de l\u2019harmonisation de la politique des agglom\u00e9rations avec la politique des espaces ruraux du 4 d\u00e9cembre 2009<\/a><\/li>\n<li class=\"li-odd csc-uploads-element csc-uploads-element-pdf\"><a href=\"\/wp-content\/uploads\/2022\/11\/SN_Agglopolitik_23.04.08_de.pdf\">Prise de position du SAB sur le rapport \u00ab\u00a0La voie vers une politique des agglom\u00e9rations globales\u00a0\u00bb du 23 avril 2008<\/a><\/li>\n<\/ul>\n<\/div><\/section><\/p><\/div><div  class='flex_column av-2kdoek-46d2fac29fab1088945e69fa88fe64f4 av_one_third  avia-builder-el-7  el_after_av_two_third  avia-builder-el-last  flex_column_div  '     ><style type=\"text\/css\" data-created_by=\"avia_inline_auto\" id=\"style-css-av-lb0w3ze1-dffead50a1a8fc9fbad8a0ecfc91bd88\">\n.avia-image-container.av-lb0w3ze1-dffead50a1a8fc9fbad8a0ecfc91bd88 img.avia_image{\nbox-shadow:none;\n}\n.avia-image-container.av-lb0w3ze1-dffead50a1a8fc9fbad8a0ecfc91bd88 .av-image-caption-overlay-center{\ncolor:#ffffff;\n}\n<\/style>\n<div  class='avia-image-container av-lb0w3ze1-dffead50a1a8fc9fbad8a0ecfc91bd88 av-styling- avia-align-left  avia-builder-el-8  avia-builder-el-no-sibling '   itemprop=\"image\" itemscope=\"itemscope\" itemtype=\"https:\/\/schema.org\/ImageObject\" ><div class=\"avia-image-container-inner\"><div class=\"avia-image-overlay-wrap\"><img decoding=\"async\" fetchpriority=\"high\" class='wp-image-7011 avia-img-lazy-loading-not-7011 avia_image ' src=\"https:\/\/www.sab.ch\/wp-content\/uploads\/2022\/11\/stadtland.png\" alt='' title='stadtland'  height=\"272\" width=\"400\"  itemprop=\"thumbnailUrl\"  \/><\/div><\/div><\/div><\/div>\n","protected":false},"excerpt":{"rendered":"","protected":false},"author":3,"featured_media":0,"parent":11399,"menu_order":0,"comment_status":"closed","ping_status":"closed","template":"","meta":{"footnotes":""},"class_list":["post-11532","page","type-page","status-publish","hentry"],"yoast_head":"<!-- This site is optimized with the Yoast SEO plugin v27.5 - https:\/\/yoast.com\/product\/yoast-seo-wordpress\/ -->\n<title>Politique \/ Ville-campagne - S A B<\/title>\n<meta name=\"robots\" content=\"index, follow, max-snippet:-1, max-image-preview:large, max-video-preview:-1\" \/>\n<link rel=\"canonical\" href=\"https:\/\/www.sab.ch\/fr\/politique\/politique-ville-campagne\/\" \/>\n<meta property=\"og:locale\" content=\"fr_FR\" \/>\n<meta property=\"og:type\" content=\"article\" \/>\n<meta property=\"og:title\" content=\"Politique \/ Ville-campagne - S A B\" \/>\n<meta property=\"og:url\" content=\"https:\/\/www.sab.ch\/fr\/politique\/politique-ville-campagne\/\" \/>\n<meta property=\"og:site_name\" content=\"S A B\" \/>\n<meta property=\"article:modified_time\" content=\"2024-09-06T06:36:21+00:00\" \/>\n<meta name=\"twitter:card\" content=\"summary_large_image\" \/>\n<meta name=\"twitter:label1\" content=\"Dur\u00e9e de lecture estim\u00e9e\" \/>\n\t<meta name=\"twitter:data1\" content=\"2 minutes\" \/>\n<script type=\"application\/ld+json\" class=\"yoast-schema-graph\">{\"@context\":\"https:\\\/\\\/schema.org\",\"@graph\":[{\"@type\":\"WebPage\",\"@id\":\"https:\\\/\\\/www.sab.ch\\\/fr\\\/politique\\\/politique-ville-campagne\\\/\",\"url\":\"https:\\\/\\\/www.sab.ch\\\/fr\\\/politique\\\/politique-ville-campagne\\\/\",\"name\":\"Politique \\\/ Ville-campagne - S A B\",\"isPartOf\":{\"@id\":\"https:\\\/\\\/www.sab.ch\\\/fr\\\/#website\"},\"datePublished\":\"2023-01-25T15:00:01+00:00\",\"dateModified\":\"2024-09-06T06:36:21+00:00\",\"breadcrumb\":{\"@id\":\"https:\\\/\\\/www.sab.ch\\\/fr\\\/politique\\\/politique-ville-campagne\\\/#breadcrumb\"},\"inLanguage\":\"fr-FR\",\"potentialAction\":[{\"@type\":\"ReadAction\",\"target\":[\"https:\\\/\\\/www.sab.ch\\\/fr\\\/politique\\\/politique-ville-campagne\\\/\"]}]},{\"@type\":\"BreadcrumbList\",\"@id\":\"https:\\\/\\\/www.sab.ch\\\/fr\\\/politique\\\/politique-ville-campagne\\\/#breadcrumb\",\"itemListElement\":[{\"@type\":\"ListItem\",\"position\":1,\"name\":\"Startseite\",\"item\":\"https:\\\/\\\/www.sab.ch\\\/fr\\\/home\\\/\"},{\"@type\":\"ListItem\",\"position\":2,\"name\":\"Politique\",\"item\":\"https:\\\/\\\/www.sab.ch\\\/fr\\\/politique\\\/\"},{\"@type\":\"ListItem\",\"position\":3,\"name\":\"Politique \\\/ Ville-campagne\"}]},{\"@type\":\"WebSite\",\"@id\":\"https:\\\/\\\/www.sab.ch\\\/fr\\\/#website\",\"url\":\"https:\\\/\\\/www.sab.ch\\\/fr\\\/\",\"name\":\"S A B\",\"description\":\"\",\"potentialAction\":[{\"@type\":\"SearchAction\",\"target\":{\"@type\":\"EntryPoint\",\"urlTemplate\":\"https:\\\/\\\/www.sab.ch\\\/fr\\\/?s={search_term_string}\"},\"query-input\":{\"@type\":\"PropertyValueSpecification\",\"valueRequired\":true,\"valueName\":\"search_term_string\"}}],\"inLanguage\":\"fr-FR\"}]}<\/script>\n<!-- \/ Yoast SEO plugin. -->","yoast_head_json":{"title":"Politique \/ Ville-campagne - S A B","robots":{"index":"index","follow":"follow","max-snippet":"max-snippet:-1","max-image-preview":"max-image-preview:large","max-video-preview":"max-video-preview:-1"},"canonical":"https:\/\/www.sab.ch\/fr\/politique\/politique-ville-campagne\/","og_locale":"fr_FR","og_type":"article","og_title":"Politique \/ Ville-campagne - S A B","og_url":"https:\/\/www.sab.ch\/fr\/politique\/politique-ville-campagne\/","og_site_name":"S A B","article_modified_time":"2024-09-06T06:36:21+00:00","twitter_card":"summary_large_image","twitter_misc":{"Dur\u00e9e de lecture estim\u00e9e":"2 minutes"},"schema":{"@context":"https:\/\/schema.org","@graph":[{"@type":"WebPage","@id":"https:\/\/www.sab.ch\/fr\/politique\/politique-ville-campagne\/","url":"https:\/\/www.sab.ch\/fr\/politique\/politique-ville-campagne\/","name":"Politique \/ Ville-campagne - S A B","isPartOf":{"@id":"https:\/\/www.sab.ch\/fr\/#website"},"datePublished":"2023-01-25T15:00:01+00:00","dateModified":"2024-09-06T06:36:21+00:00","breadcrumb":{"@id":"https:\/\/www.sab.ch\/fr\/politique\/politique-ville-campagne\/#breadcrumb"},"inLanguage":"fr-FR","potentialAction":[{"@type":"ReadAction","target":["https:\/\/www.sab.ch\/fr\/politique\/politique-ville-campagne\/"]}]},{"@type":"BreadcrumbList","@id":"https:\/\/www.sab.ch\/fr\/politique\/politique-ville-campagne\/#breadcrumb","itemListElement":[{"@type":"ListItem","position":1,"name":"Startseite","item":"https:\/\/www.sab.ch\/fr\/home\/"},{"@type":"ListItem","position":2,"name":"Politique","item":"https:\/\/www.sab.ch\/fr\/politique\/"},{"@type":"ListItem","position":3,"name":"Politique \/ Ville-campagne"}]},{"@type":"WebSite","@id":"https:\/\/www.sab.ch\/fr\/#website","url":"https:\/\/www.sab.ch\/fr\/","name":"S A B","description":"","potentialAction":[{"@type":"SearchAction","target":{"@type":"EntryPoint","urlTemplate":"https:\/\/www.sab.ch\/fr\/?s={search_term_string}"},"query-input":{"@type":"PropertyValueSpecification","valueRequired":true,"valueName":"search_term_string"}}],"inLanguage":"fr-FR"}]}},"_links":{"self":[{"href":"https:\/\/www.sab.ch\/fr\/wp-json\/wp\/v2\/pages\/11532","targetHints":{"allow":["GET"]}}],"collection":[{"href":"https:\/\/www.sab.ch\/fr\/wp-json\/wp\/v2\/pages"}],"about":[{"href":"https:\/\/www.sab.ch\/fr\/wp-json\/wp\/v2\/types\/page"}],"author":[{"embeddable":true,"href":"https:\/\/www.sab.ch\/fr\/wp-json\/wp\/v2\/users\/3"}],"replies":[{"embeddable":true,"href":"https:\/\/www.sab.ch\/fr\/wp-json\/wp\/v2\/comments?post=11532"}],"version-history":[{"count":8,"href":"https:\/\/www.sab.ch\/fr\/wp-json\/wp\/v2\/pages\/11532\/revisions"}],"predecessor-version":[{"id":23565,"href":"https:\/\/www.sab.ch\/fr\/wp-json\/wp\/v2\/pages\/11532\/revisions\/23565"}],"up":[{"embeddable":true,"href":"https:\/\/www.sab.ch\/fr\/wp-json\/wp\/v2\/pages\/11399"}],"wp:attachment":[{"href":"https:\/\/www.sab.ch\/fr\/wp-json\/wp\/v2\/media?parent=11532"}],"curies":[{"name":"wp","href":"https:\/\/api.w.org\/{rel}","templated":true}]}}