{"id":11535,"date":"2023-01-26T09:08:10","date_gmt":"2023-01-26T08:08:10","guid":{"rendered":"https:\/\/www.sab.ch\/politique\/politique-internationale\/"},"modified":"2025-02-13T14:43:48","modified_gmt":"2025-02-13T13:43:48","slug":"politique-internationale","status":"publish","type":"page","link":"https:\/\/www.sab.ch\/fr\/politique\/politique-internationale\/","title":{"rendered":"Politique internationale"},"content":{"rendered":"<div  class='flex_column av-4b7jvh-f74556d1f1ce08bc1d2159712ab753e6 av_two_third  avia-builder-el-0  el_before_av_one_third  avia-builder-el-first  first flex_column_div  '     ><section  class='av_textblock_section av-jxk41cbl-a1fc1525f09076e0644c7e0771550ccd '   itemscope=\"itemscope\" itemtype=\"https:\/\/schema.org\/CreativeWork\" ><div class='avia_textblock'  itemprop=\"text\" ><h2>Politique internationale<\/h2>\n<p><br class=\"avia-permanent-lb\" \/>Les montagnes occupent environ 26% de la surface de la terre. En Europe, cette proportion atteint m\u00eame les 40%. Toutes les r\u00e9gions de montagne<\/p>\n<\/div><\/section><br \/>\n\n<style type=\"text\/css\" data-created_by=\"avia_inline_auto\" id=\"style-css-av-m73e4tcj-592a8d8ea33e8d63d56b8a114b5be068\">\n#top .hr.hr-invisible.av-m73e4tcj-592a8d8ea33e8d63d56b8a114b5be068{\nheight:30px;\n}\n<\/style>\n<div  class='hr av-m73e4tcj-592a8d8ea33e8d63d56b8a114b5be068 hr-invisible  avia-builder-el-2  el_after_av_textblock  el_before_av_textblock '><span class='hr-inner '><span class=\"hr-inner-style\"><\/span><\/span><\/div><br \/>\n<section  class='av_textblock_section av-m73e3o31-60304c0430b07fec65784eeb6c198d68 '   itemscope=\"itemscope\" itemtype=\"https:\/\/schema.org\/CreativeWork\" ><div class='avia_textblock'  itemprop=\"text\" ><h4>Documents compl\u00e9mentaires<\/h4>\n<ul class=\"csc-uploads csc-uploads-0\">\n<li><a href=\"https:\/\/www.alpine-region.eu\/policybrief2021\">Policy Brief Eusalp<\/a><\/li>\n<li><a href=\"https:\/\/sab.ch\/wp-content\/uploads\/2022\/12\/IAT-2022-Visp-MM.pdf\">Communiqu\u00e9 de presse IAT 2022<\/a><\/li>\n<li><a href=\"https:\/\/sab.ch\/wp-content\/uploads\/2022\/12\/IAT-Resolution.pdf\">https:\/\/www.alpine-region.eu\/policybrief2021IAT 2022<\/a><\/li>\n<li class=\"li-odd li-first csc-uploads-element csc-uploads-element-pdf\"><a href=\"\/wp-content\/uploads\/2022\/11\/Broschuere_EN_20191121.pdf\">Rapport finale du projet \u00ab\u00a0cross-border mobiliy\u00a0\u00bb ARPAF &#8211; en anglais (novembre 2019)<\/a><\/li>\n<li class=\"li-even csc-uploads-element csc-uploads-element-pdf\"><a href=\"\/wp-content\/uploads\/2022\/11\/IZA_2021_-_24_03.07.2019.pdf\">IZA 2021 &#8211; 24 03.07.2019.pdf<\/a><\/li>\n<li class=\"li-odd csc-uploads-element csc-uploads-element-pdf\"><a href=\"\/wp-content\/uploads\/2022\/11\/Positionspapier_IZA_03.07.2019.pdf\">Prise de position au suejt de la coop\u00e9ration internationale (03.07.2019)<\/a><\/li>\n<li class=\"li-even csc-uploads-element csc-uploads-element-pdf\"><a href=\"\/wp-content\/uploads\/2022\/11\/SAB-Stellungnahme_EUSALP.pdf\">Document du SAB au sujet de la strat\u00e9gie macror\u00e9gionale pour les Alpes (07.10.2014) <\/a><\/li>\n<li class=\"li-odd csc-uploads-element csc-uploads-element-pdf\"><a href=\"\/wp-content\/uploads\/2022\/11\/Factsheet_Mountains_Deutsch.pdf\">Factsheet Mountains (Deutsch) <\/a><\/li>\n<li class=\"li-even csc-uploads-element csc-uploads-element-pdf\"><a href=\"\/wp-content\/uploads\/2022\/11\/UNO_sustainable_mountain_development.pdf\">UNO sustainable mountain development.pdf<\/a><\/li>\n<li class=\"li-odd csc-uploads-element csc-uploads-element-pdf\"><a href=\"\/wp-content\/uploads\/2022\/11\/BGMSPlatform.pdf\">Rapport de l&rsquo;ONU sur le d\u00e9veloppement durable des r\u00e9gions de montagne du 1er d\u00e9cembre 2009 (en anglais) <\/a><\/li>\n<li class=\"li-even csc-uploads-element csc-uploads-element-pdf\"><a href=\"\/wp-content\/uploads\/2022\/11\/Agenda_21_-_Kap_13_und_14.pdf\">Agenda 21, chapitre 13: \u00ab\u00a0Nachhaltige Gebirgsentwicklung\u00a0\u00bb <\/a><\/li>\n<\/ul>\n<h4><br class=\"avia-permanent-lb\" \/><br class=\"avia-permanent-lb\" \/>Liens<\/h4>\n<p><b><span lang=\"DE\">Projet EUSALP et AlpGov<\/span><\/b><\/p>\n<p><span lang=\"DE\">Le SAB participe activement \u00e0 la strat\u00e9gie macror\u00e9gionale pour les Alpes EUSALP<\/span><\/p>\n<p><a href=\"https:\/\/sab.ch\/dienstleistungen\/internationale-zusammenarbeit\/makroregion-alpen-und-alpgov\/\"> <br class=\"avia-permanent-lb\" \/>Informations compl\u00e9mentaires<\/a><\/p>\n<\/div><\/section><\/p><\/div><div  class='flex_column av-2la1j1-ff9d22193ff58c0afd31cdaa7b01b193 av_one_third  avia-builder-el-4  el_after_av_two_third  avia-builder-el-last  flex_column_div  '     ><style type=\"text\/css\" data-created_by=\"avia_inline_auto\" id=\"style-css-av-lb0ttfxc-3ece6a12c64fc7f86017e3c4e7427b53\">\n.avia-image-container.av-lb0ttfxc-3ece6a12c64fc7f86017e3c4e7427b53 img.avia_image{\nbox-shadow:none;\n}\n.avia-image-container.av-lb0ttfxc-3ece6a12c64fc7f86017e3c4e7427b53 .av-image-caption-overlay-center{\ncolor:#ffffff;\n}\n<\/style>\n<div  class='avia-image-container av-lb0ttfxc-3ece6a12c64fc7f86017e3c4e7427b53 av-styling- avia-align-left  avia-builder-el-5  avia-builder-el-no-sibling '   itemprop=\"image\" itemscope=\"itemscope\" itemtype=\"https:\/\/schema.org\/ImageObject\" ><div class=\"avia-image-container-inner\"><div class=\"avia-image-overlay-wrap\"><img decoding=\"async\" fetchpriority=\"high\" class='wp-image-5012 avia-img-lazy-loading-not-5012 avia_image ' src=\"https:\/\/www.sab.ch\/wp-content\/uploads\/2022\/11\/internationaleberg-1.png\" alt='' title='internationaleberg'  height=\"310\" width=\"400\"  itemprop=\"thumbnailUrl\"  \/><\/div><\/div><\/div><\/div><\/p>\n","protected":false},"excerpt":{"rendered":"","protected":false},"author":3,"featured_media":0,"parent":11399,"menu_order":0,"comment_status":"closed","ping_status":"closed","template":"","meta":{"footnotes":""},"class_list":["post-11535","page","type-page","status-publish","hentry"],"yoast_head":"<!-- This site is optimized with the Yoast SEO plugin v27.5 - https:\/\/yoast.com\/product\/yoast-seo-wordpress\/ -->\n<title>Politique internationale - S A B<\/title>\n<meta name=\"robots\" content=\"index, follow, max-snippet:-1, max-image-preview:large, max-video-preview:-1\" \/>\n<link rel=\"canonical\" href=\"https:\/\/www.sab.ch\/fr\/politique\/politique-internationale\/\" \/>\n<meta property=\"og:locale\" content=\"fr_FR\" \/>\n<meta property=\"og:type\" content=\"article\" \/>\n<meta property=\"og:title\" content=\"Politique internationale - S A B\" \/>\n<meta property=\"og:url\" content=\"https:\/\/www.sab.ch\/fr\/politique\/politique-internationale\/\" \/>\n<meta property=\"og:site_name\" content=\"S A B\" \/>\n<meta property=\"article:modified_time\" content=\"2025-02-13T13:43:48+00:00\" \/>\n<meta name=\"twitter:card\" content=\"summary_large_image\" \/>\n<meta name=\"twitter:label1\" content=\"Dur\u00e9e de lecture estim\u00e9e\" \/>\n\t<meta name=\"twitter:data1\" content=\"1 minute\" \/>\n<script type=\"application\/ld+json\" class=\"yoast-schema-graph\">{\"@context\":\"https:\\\/\\\/schema.org\",\"@graph\":[{\"@type\":\"WebPage\",\"@id\":\"https:\\\/\\\/www.sab.ch\\\/fr\\\/politique\\\/politique-internationale\\\/\",\"url\":\"https:\\\/\\\/www.sab.ch\\\/fr\\\/politique\\\/politique-internationale\\\/\",\"name\":\"Politique internationale - S A B\",\"isPartOf\":{\"@id\":\"https:\\\/\\\/www.sab.ch\\\/fr\\\/#website\"},\"datePublished\":\"2023-01-26T08:08:10+00:00\",\"dateModified\":\"2025-02-13T13:43:48+00:00\",\"breadcrumb\":{\"@id\":\"https:\\\/\\\/www.sab.ch\\\/fr\\\/politique\\\/politique-internationale\\\/#breadcrumb\"},\"inLanguage\":\"fr-FR\",\"potentialAction\":[{\"@type\":\"ReadAction\",\"target\":[\"https:\\\/\\\/www.sab.ch\\\/fr\\\/politique\\\/politique-internationale\\\/\"]}]},{\"@type\":\"BreadcrumbList\",\"@id\":\"https:\\\/\\\/www.sab.ch\\\/fr\\\/politique\\\/politique-internationale\\\/#breadcrumb\",\"itemListElement\":[{\"@type\":\"ListItem\",\"position\":1,\"name\":\"Startseite\",\"item\":\"https:\\\/\\\/www.sab.ch\\\/fr\\\/home\\\/\"},{\"@type\":\"ListItem\",\"position\":2,\"name\":\"Politique\",\"item\":\"https:\\\/\\\/www.sab.ch\\\/fr\\\/politique\\\/\"},{\"@type\":\"ListItem\",\"position\":3,\"name\":\"Politique internationale\"}]},{\"@type\":\"WebSite\",\"@id\":\"https:\\\/\\\/www.sab.ch\\\/fr\\\/#website\",\"url\":\"https:\\\/\\\/www.sab.ch\\\/fr\\\/\",\"name\":\"S A B\",\"description\":\"\",\"potentialAction\":[{\"@type\":\"SearchAction\",\"target\":{\"@type\":\"EntryPoint\",\"urlTemplate\":\"https:\\\/\\\/www.sab.ch\\\/fr\\\/?s={search_term_string}\"},\"query-input\":{\"@type\":\"PropertyValueSpecification\",\"valueRequired\":true,\"valueName\":\"search_term_string\"}}],\"inLanguage\":\"fr-FR\"}]}<\/script>\n<!-- \/ Yoast SEO plugin. -->","yoast_head_json":{"title":"Politique internationale - S A B","robots":{"index":"index","follow":"follow","max-snippet":"max-snippet:-1","max-image-preview":"max-image-preview:large","max-video-preview":"max-video-preview:-1"},"canonical":"https:\/\/www.sab.ch\/fr\/politique\/politique-internationale\/","og_locale":"fr_FR","og_type":"article","og_title":"Politique internationale - S A B","og_url":"https:\/\/www.sab.ch\/fr\/politique\/politique-internationale\/","og_site_name":"S A B","article_modified_time":"2025-02-13T13:43:48+00:00","twitter_card":"summary_large_image","twitter_misc":{"Dur\u00e9e de lecture estim\u00e9e":"1 minute"},"schema":{"@context":"https:\/\/schema.org","@graph":[{"@type":"WebPage","@id":"https:\/\/www.sab.ch\/fr\/politique\/politique-internationale\/","url":"https:\/\/www.sab.ch\/fr\/politique\/politique-internationale\/","name":"Politique internationale - S A B","isPartOf":{"@id":"https:\/\/www.sab.ch\/fr\/#website"},"datePublished":"2023-01-26T08:08:10+00:00","dateModified":"2025-02-13T13:43:48+00:00","breadcrumb":{"@id":"https:\/\/www.sab.ch\/fr\/politique\/politique-internationale\/#breadcrumb"},"inLanguage":"fr-FR","potentialAction":[{"@type":"ReadAction","target":["https:\/\/www.sab.ch\/fr\/politique\/politique-internationale\/"]}]},{"@type":"BreadcrumbList","@id":"https:\/\/www.sab.ch\/fr\/politique\/politique-internationale\/#breadcrumb","itemListElement":[{"@type":"ListItem","position":1,"name":"Startseite","item":"https:\/\/www.sab.ch\/fr\/home\/"},{"@type":"ListItem","position":2,"name":"Politique","item":"https:\/\/www.sab.ch\/fr\/politique\/"},{"@type":"ListItem","position":3,"name":"Politique internationale"}]},{"@type":"WebSite","@id":"https:\/\/www.sab.ch\/fr\/#website","url":"https:\/\/www.sab.ch\/fr\/","name":"S A B","description":"","potentialAction":[{"@type":"SearchAction","target":{"@type":"EntryPoint","urlTemplate":"https:\/\/www.sab.ch\/fr\/?s={search_term_string}"},"query-input":{"@type":"PropertyValueSpecification","valueRequired":true,"valueName":"search_term_string"}}],"inLanguage":"fr-FR"}]}},"_links":{"self":[{"href":"https:\/\/www.sab.ch\/fr\/wp-json\/wp\/v2\/pages\/11535","targetHints":{"allow":["GET"]}}],"collection":[{"href":"https:\/\/www.sab.ch\/fr\/wp-json\/wp\/v2\/pages"}],"about":[{"href":"https:\/\/www.sab.ch\/fr\/wp-json\/wp\/v2\/types\/page"}],"author":[{"embeddable":true,"href":"https:\/\/www.sab.ch\/fr\/wp-json\/wp\/v2\/users\/3"}],"replies":[{"embeddable":true,"href":"https:\/\/www.sab.ch\/fr\/wp-json\/wp\/v2\/comments?post=11535"}],"version-history":[{"count":9,"href":"https:\/\/www.sab.ch\/fr\/wp-json\/wp\/v2\/pages\/11535\/revisions"}],"predecessor-version":[{"id":25736,"href":"https:\/\/www.sab.ch\/fr\/wp-json\/wp\/v2\/pages\/11535\/revisions\/25736"}],"up":[{"embeddable":true,"href":"https:\/\/www.sab.ch\/fr\/wp-json\/wp\/v2\/pages\/11399"}],"wp:attachment":[{"href":"https:\/\/www.sab.ch\/fr\/wp-json\/wp\/v2\/media?parent=11535"}],"curies":[{"name":"wp","href":"https:\/\/api.w.org\/{rel}","templated":true}]}}