{"id":11559,"date":"2023-01-26T09:56:55","date_gmt":"2023-01-26T08:56:55","guid":{"rendered":"https:\/\/www.sab.ch\/politique\/politique-tourisme\/"},"modified":"2025-11-25T10:47:32","modified_gmt":"2025-11-25T09:47:32","slug":"politique-tourisme","status":"publish","type":"page","link":"https:\/\/www.sab.ch\/fr\/politique\/politique-tourisme\/","title":{"rendered":"Politique \/ Tourisme"},"content":{"rendered":"<div id='av_section_1'  class='avia-section av-kbufzd3s-dd428f854b73db9c732bdb3b761e163e main_color avia-section-default avia-shadow  avia-builder-el-0  avia-builder-el-no-sibling  avia-bg-style-scroll container_wrap fullsize'  ><div class='container av-section-cont-open' ><main  role=\"main\" itemprop=\"mainContentOfPage\"  class='template-page content  av-content-full alpha units'><div class='post-entry post-entry-type-page post-entry-11559'><div class='entry-content-wrapper clearfix'>\n<div  class='flex_column av-29j5r8-903872ceb27b294c72e077d1e7104233 av_two_third  avia-builder-el-1  el_before_av_one_third  avia-builder-el-first  first flex_column_div  '     ><section  class='av_textblock_section av-jxk41cbl-a1fc1525f09076e0644c7e0771550ccd '   itemscope=\"itemscope\" itemtype=\"https:\/\/schema.org\/CreativeWork\" ><div class='avia_textblock'  itemprop=\"text\" ><h2 style=\"vertical-align: baseline; margin: 10.2pt 0cm 10.2pt 0cm;\"><span style=\"font-family: 'Open Sans',sans-serif; color: #666666;\">Politique \/ Tourisme<\/span><\/h2>\n<p style=\"vertical-align: baseline; margin: 10.2pt 0cm 10.2pt 0cm;\"><span style=\"font-family: 'Open Sans',sans-serif; color: #666666;\"> <br class=\"avia-permanent-lb\" \/>Le tourisme est l&rsquo;une des branches les plus importantes de l&rsquo;\u00e9conomie suisse. Avec un volume de 15,6 milliards de francs, le tourisme est la quatri\u00e8me branche d&rsquo;exportation du pays. Dans les r\u00e9gions de montagne notamment, ce secteur occupe souvent une place d\u00e9terminante. Dans le canton des Grisons, la part du tourisme, au niveau de la valeur ajout\u00e9e totale, se monte \u00e0 30,7%. En Haute Engadine, cette part grimpe m\u00eame \u00e0 68%. En raison de cette importance, la politique touristique m\u00e9rite d&rsquo;\u00eatre mieux consid\u00e9r\u00e9e au niveau f\u00e9d\u00e9ral. C&rsquo;est pourquoi le SAB s&rsquo;engage faveur d\u2019une base l\u00e9gale appropri\u00e9e Le SAB a \u00e9galement \u00e9labor\u00e9 une proposition de loi f\u00e9d\u00e9rale sur le tourisme.<\/span><\/p>\n<p style=\"vertical-align: baseline; margin: 10.2pt 0cm 10.2pt 0cm;\"><span style=\"font-family: 'Open Sans',sans-serif; color: #666666;\">Le changement climatique constitue, \u00e0 long terme, l&rsquo;un des plus grands d\u00e9fis pour le tourisme alpin. Mais il peut aussi constituer une chance, afin de revitaliser le tourisme estival. Nous avons aussi d\u00e9montr\u00e9 comment le tourisme alpin peut continuer \u00e0 \u00e9voluer, notamment dans le document des 12 th\u00e8ses de juillet 2018. <\/span><\/p>\n<p style=\"vertical-align: baseline; margin: 10.2pt 0cm 10.2pt 0cm;\"><span style=\"font-family: 'Open Sans',sans-serif; color: #666666;\">L&rsquo;agrotourisme est un segment sp\u00e9cifique du tourisme. En Suisse, il est cependant trop fragment\u00e9. Par cons\u00e9quent, son potentiel est trop peu exploit\u00e9. Le SAB a proc\u00e9d\u00e9 \u00e0 une analyse de la situation, dans un rapport, et a propos\u00e9 des solutions.<\/span><\/p>\n<p style=\"vertical-align: baseline; margin: 10.2pt 0cm 10.2pt 0cm;\"><span style=\"font-family: 'Open Sans',sans-serif; color: #666666;\">Enfin, le SAB g\u00e8re la Conf\u00e9rence des pr\u00e9sident-e-s des communes touristiques de montagne.<\/span><\/p>\n<\/div><\/section><br \/>\n<div  class='hr av-av_hr-91d7ccd583a503147498e120fee2ff9b hr-default  avia-builder-el-3  el_after_av_textblock  el_before_av_textblock '><span class='hr-inner '><span class=\"hr-inner-style\"><\/span><\/span><\/div><br \/>\n<section  class='av_textblock_section av-m8zw2j9l-1eac84b92dd66578d5912312050e7a4b '   itemscope=\"itemscope\" itemtype=\"https:\/\/schema.org\/CreativeWork\" ><div class='avia_textblock'  itemprop=\"text\" ><h4>Documents compl\u00e9mentaires<\/h4>\n<ul class=\"csc-uploads csc-uploads-0\">\n<li><a href=\"https:\/\/www.sab.ch\/wp-content\/uploads\/2025\/11\/Aktuelle-Ansaetze-zur-Regulierung-von-Airbnb_Version-2.pdf\">Approches actuelles en mati\u00e8re de r\u00e9glementation d\u2019Airbnb en Suisse,2e version (novembre 2025)<\/a><\/li>\n<li><a href=\"https:\/\/www.sab.ch\/wp-content\/uploads\/2025\/09\/MWST-Sondersatz-Vernehmlassung-2025-SN-SAB.pdf\">Prise de position sur le maintien du taux sp\u00e9cial de TVA pour les prestations d\u2019h\u00e9bergement (26.09.2025)<\/a><\/li>\n<li><a href=\"https:\/\/www.sab.ch\/wp-content\/uploads\/2024\/11\/Studie-Aktuelle-Ansaetze-zur-Regulierung-von-Airbnb-in-der-Schweiz_def.pdf\">Approches actuelles de la r\u00e9glementation d\u2019AirBnB (novembre 2024)<\/a><\/li>\n<li class=\"li-odd li-first csc-uploads-element csc-uploads-element-pdf\"><a href=\"\/wp-content\/uploads\/2022\/11\/ST247_Innovation_im_Tourismus_16.10.2020_def.pdf\">Publication: Innover dans le turisme 16.10.2020 (en allemand)<\/a><\/li>\n<li class=\"li-even csc-uploads-element csc-uploads-element-pdf\"><a href=\"\/wp-content\/uploads\/2022\/11\/MM1162_Waffenrecht_19.03.2019.pdf\">Le rejet de la r\u00e9vision de la loi sur les armes p\u00e9naliserait le tourisme suisse (19.03.2019)<\/a><\/li>\n<li class=\"li-odd csc-uploads-element csc-uploads-element-pdf\"><a href=\"\/wp-content\/uploads\/2022\/11\/Thesenpaper_STV-SAB_de_WEB.pdf\">12 th\u00e8ses pour l&rsquo;avenir du tourisme de montagne (juillet 2018)<\/a><\/li>\n<li class=\"li-even csc-uploads-element csc-uploads-element-pdf\"><a href=\"\/wp-content\/uploads\/2022\/11\/MM_alpiner_Tourismus_25.1.2018.pdf\">CP: Des solutions pour sortir le tourisme de la crise (25.01.2018)<\/a><\/li>\n<li class=\"li-odd csc-uploads-element csc-uploads-element-pdf\"><a href=\"\/wp-content\/uploads\/2022\/11\/Steigerung_der_Wettbewerbsfaehigkeit_durch_Kooperationen.pdf\">Rapport : Augmenter la comp\u00e9titivit\u00e9 gr\u00e2ce \u00e0 la coop\u00e9ration <\/a><\/li>\n<li class=\"li-even csc-uploads-element csc-uploads-element-xlsx\"><a title=\"Liste de contr\u00f4le pour les praticiens\" href=\"http:\/\/www.sab.ch\/fileadmin\/user_upload\/customers\/sab\/Projekte_SAB\/Tourismus\/Checkliste_fuer_Praktiker_-_erfolgreich_kooperieren_im_alpinen_Tourismus.xlsx\" target=\"_blank\" rel=\"noopener\">Liste de contr\u00f4le pour les praticiens<\/a><\/li>\n<li class=\"li-odd csc-uploads-element csc-uploads-element-pdf\"><a href=\"\/wp-content\/uploads\/2022\/11\/1_Tagungsband_Finanzierung_der_Seilbahnen__deutsch__02.pdf\">De nouvelles voies pour le financement des remont\u00e9es m\u00e9caniques (avril 2015) <\/a><\/li>\n<li class=\"li-even csc-uploads-element csc-uploads-element-pdf\"><a href=\"\/wp-content\/uploads\/2022\/11\/Road_Map_Tourismus.pdf\">Road Map Tourismus (11.07.2013) <\/a><\/li>\n<li class=\"li-odd csc-uploads-element csc-uploads-element-pdf\"><a href=\"\/wp-content\/uploads\/2022\/11\/ST213_Aufgabenteilungdt_Januar2012_01.pdf\">R\u00e9partition des t\u00e2ches entre les organisations touristiques et les autorit\u00e9s communales (janvier 2012) <\/a><\/li>\n<li class=\"li-even csc-uploads-element csc-uploads-element-pdf\"><a href=\"\/wp-content\/uploads\/2022\/11\/BA_TouristischeGem_Saison_10.10_de_04.pdf\">Le tourisme face au changement climatique &#8211; une \u00e9tude du SAB r\u00e9alis\u00e9e pour la Conf\u00e9rence des Pr\u00e9sident(e)s des communes touristiques (11.10.2010) <\/a><\/li>\n<li class=\"li-odd csc-uploads-element csc-uploads-element-pdf\"><a href=\"\/wp-content\/uploads\/2022\/11\/PP_Tourismus_30.04.99_de.pdf\">Document de position sur le tourisme du 30 avril 1999<\/a><\/li>\n<li class=\"li-even csc-uploads-element csc-uploads-element-pdf\"><a href=\"\/wp-content\/uploads\/2022\/11\/SN_InnoTour_21.08.96_de.pdf\">Prise de position concernant la prolongation du programme InnoTour du 1er octobre 2010 <\/a><\/li>\n<li class=\"li-odd csc-uploads-element csc-uploads-element-pdf\"><a href=\"\/wp-content\/uploads\/2022\/11\/SN_Tourismusfoerderung_15.02.02_de.pdf\">Prise de position sur la promotion du tourisme par la Conf\u00e9d\u00e9ration du 15 f\u00e9vrier 2002 (en allemand) <\/a><\/li>\n<li class=\"li-even csc-uploads-element csc-uploads-element-pdf\"><a href=\"\/wp-content\/uploads\/2022\/11\/SN_InnoTour_21.08.96_de.pdf\">Prise de position concernant la loi f\u00e9d\u00e9rale sur la Promotion Suisse (21.08.1996 &#8211; en allemand) <\/a><\/li>\n<li class=\"li-odd csc-uploads-element csc-uploads-element-pdf\"><a href=\"\/wp-content\/uploads\/2022\/11\/SN_Landeswerbung_20.12.06_de.pdf\">Prise de position sur la publicit\u00e9 nationale (20. 12. 2006) <\/a><\/li>\n<li class=\"li-even csc-uploads-element csc-uploads-element-pdf\"><a href=\"\/wp-content\/uploads\/2022\/11\/BSA_STV_Tourismusgesetz_05.06_de.pdf\">Proposition pour une loi touristique f\u00e9d\u00e9rale (mai 2006 &#8211; avec un r\u00e9sum\u00e9 en fran\u00e7ais) <\/a><\/li>\n<li class=\"li-odd csc-uploads-element csc-uploads-element-pdf\"><a href=\"\/wp-content\/uploads\/2022\/11\/ST194_Agrotourismus_09.08_de.pdf\">Rapport sur l&rsquo;agrotourisme en Suisse (2008 &#8211; en allemand) <\/a><\/li>\n<li class=\"li-even csc-uploads-element csc-uploads-element-pdf\"><a href=\"\/wp-content\/uploads\/2022\/11\/PA_HTR_1.10.09_de_03.pdf\">Interview htr (1. 10.2009 )<\/a><\/li>\n<li class=\"li-odd csc-uploads-element csc-uploads-element-pdf\"><a href=\"\/wp-content\/uploads\/2022\/11\/PA_BernerZeitung_10.11.07_de.pdf\">Interview BZ (10. 11.2009 )<\/a><\/li>\n<\/ul>\n<\/div><\/section><br \/>\n<div  class='hr av-av_hr-91d7ccd583a503147498e120fee2ff9b hr-default  avia-builder-el-5  el_after_av_textblock  el_before_av_textblock '><span class='hr-inner '><span class=\"hr-inner-style\"><\/span><\/span><\/div><br \/>\n<section  class='av_textblock_section av-m8zw32m3-ad22d9a87701c257ebcca4d0ccde509c '   itemscope=\"itemscope\" itemtype=\"https:\/\/schema.org\/CreativeWork\" ><div class='avia_textblock'  itemprop=\"text\" ><h4><\/h4>\n<p><iframe loading=\"lazy\" src=\"https:\/\/www.youtube.com\/embed\/due4CW11GAY\" width=\"560\" height=\"315\" frameborder=\"0\" allowfullscreen=\"allowfullscreen\"><\/iframe><\/p>\n<p style=\"margin-top: 20px; margin-bottom: 20px; height: 10px;\">\n<p><iframe loading=\"lazy\" src=\"https:\/\/www.youtube.com\/embed\/BHO0xnPzlH0\" width=\"560\" height=\"315\" frameborder=\"0\" allowfullscreen=\"allowfullscreen\"><\/iframe><\/p>\n<p style=\"margin-top: 20px; margin-bottom: 20px; height: 10px;\">\n<p><iframe loading=\"lazy\" src=\"https:\/\/www.youtube.com\/embed\/E26hwJ_6agA\" width=\"560\" height=\"315\" frameborder=\"0\" allowfullscreen=\"allowfullscreen\"><\/iframe><\/p>\n<\/div><\/section><\/p><\/div><div  class='flex_column av-2b3qsk-812bcef2c5f2d54a768c176ac7b19489 av_one_third  avia-builder-el-7  el_after_av_two_third  avia-builder-el-last  flex_column_div  '     ><p>\n<style type=\"text\/css\" data-created_by=\"avia_inline_auto\" id=\"style-css-av-lb20ky1o-b066948b75954635aebd86994dc7aaf5\">\n.avia-image-container.av-lb20ky1o-b066948b75954635aebd86994dc7aaf5 img.avia_image{\nbox-shadow:none;\n}\n.avia-image-container.av-lb20ky1o-b066948b75954635aebd86994dc7aaf5 .av-image-caption-overlay-center{\ncolor:#ffffff;\n}\n<\/style>\n<div  class='avia-image-container av-lb20ky1o-b066948b75954635aebd86994dc7aaf5 av-styling- avia-align-left  avia-builder-el-8  el_before_av_textblock  avia-builder-el-first '   itemprop=\"image\" itemscope=\"itemscope\" itemtype=\"https:\/\/schema.org\/ImageObject\" ><div class=\"avia-image-container-inner\"><div class=\"avia-image-overlay-wrap\"><img decoding=\"async\" fetchpriority=\"high\" class='wp-image-4678 avia-img-lazy-loading-not-4678 avia_image ' src=\"https:\/\/www.sab.ch\/wp-content\/uploads\/2022\/11\/csm_Monte_San_Giorgio_e_Lago_fa22c35d9b-1.jpg\" alt='' title='csm_Monte_San_Giorgio_e_Lago_fa22c35d9b'  height=\"335\" width=\"500\"  itemprop=\"thumbnailUrl\"  \/><\/div><\/div><\/div><br \/>\n<section  class='av_textblock_section av-lb20lnfy-4a9372beea2d68eabb31083affa9bfbe '   itemscope=\"itemscope\" itemtype=\"https:\/\/schema.org\/CreativeWork\" ><div class='avia_textblock'  itemprop=\"text\" ><p><em>\u00a9 Mendrisiotto Turismo<\/em><\/p>\n<\/div><\/section><\/p><\/div>\n","protected":false},"excerpt":{"rendered":"","protected":false},"author":3,"featured_media":0,"parent":11399,"menu_order":0,"comment_status":"closed","ping_status":"closed","template":"","meta":{"footnotes":""},"class_list":["post-11559","page","type-page","status-publish","hentry"],"yoast_head":"<!-- This site is optimized with the Yoast SEO plugin v27.4 - https:\/\/yoast.com\/product\/yoast-seo-wordpress\/ -->\n<title>Politique \/ Tourisme - S A B<\/title>\n<meta name=\"robots\" content=\"index, follow, max-snippet:-1, max-image-preview:large, max-video-preview:-1\" \/>\n<link rel=\"canonical\" href=\"https:\/\/www.sab.ch\/fr\/politique\/politique-tourisme\/\" \/>\n<meta property=\"og:locale\" content=\"fr_FR\" \/>\n<meta property=\"og:type\" content=\"article\" \/>\n<meta property=\"og:title\" content=\"Politique \/ Tourisme - S A B\" \/>\n<meta property=\"og:url\" content=\"https:\/\/www.sab.ch\/fr\/politique\/politique-tourisme\/\" \/>\n<meta property=\"og:site_name\" content=\"S A B\" \/>\n<meta property=\"article:modified_time\" content=\"2025-11-25T09:47:32+00:00\" \/>\n<meta name=\"twitter:card\" content=\"summary_large_image\" \/>\n<meta name=\"twitter:label1\" content=\"Dur\u00e9e de lecture estim\u00e9e\" \/>\n\t<meta name=\"twitter:data1\" content=\"3 minutes\" \/>\n<script type=\"application\/ld+json\" class=\"yoast-schema-graph\">{\"@context\":\"https:\\\/\\\/schema.org\",\"@graph\":[{\"@type\":\"WebPage\",\"@id\":\"https:\\\/\\\/www.sab.ch\\\/fr\\\/politique\\\/politique-tourisme\\\/\",\"url\":\"https:\\\/\\\/www.sab.ch\\\/fr\\\/politique\\\/politique-tourisme\\\/\",\"name\":\"Politique \\\/ Tourisme - S A B\",\"isPartOf\":{\"@id\":\"https:\\\/\\\/www.sab.ch\\\/fr\\\/#website\"},\"datePublished\":\"2023-01-26T08:56:55+00:00\",\"dateModified\":\"2025-11-25T09:47:32+00:00\",\"breadcrumb\":{\"@id\":\"https:\\\/\\\/www.sab.ch\\\/fr\\\/politique\\\/politique-tourisme\\\/#breadcrumb\"},\"inLanguage\":\"fr-FR\",\"potentialAction\":[{\"@type\":\"ReadAction\",\"target\":[\"https:\\\/\\\/www.sab.ch\\\/fr\\\/politique\\\/politique-tourisme\\\/\"]}]},{\"@type\":\"BreadcrumbList\",\"@id\":\"https:\\\/\\\/www.sab.ch\\\/fr\\\/politique\\\/politique-tourisme\\\/#breadcrumb\",\"itemListElement\":[{\"@type\":\"ListItem\",\"position\":1,\"name\":\"Startseite\",\"item\":\"https:\\\/\\\/www.sab.ch\\\/fr\\\/home\\\/\"},{\"@type\":\"ListItem\",\"position\":2,\"name\":\"Politique\",\"item\":\"https:\\\/\\\/www.sab.ch\\\/fr\\\/politique\\\/\"},{\"@type\":\"ListItem\",\"position\":3,\"name\":\"Politique \\\/ Tourisme\"}]},{\"@type\":\"WebSite\",\"@id\":\"https:\\\/\\\/www.sab.ch\\\/fr\\\/#website\",\"url\":\"https:\\\/\\\/www.sab.ch\\\/fr\\\/\",\"name\":\"S A B\",\"description\":\"\",\"potentialAction\":[{\"@type\":\"SearchAction\",\"target\":{\"@type\":\"EntryPoint\",\"urlTemplate\":\"https:\\\/\\\/www.sab.ch\\\/fr\\\/?s={search_term_string}\"},\"query-input\":{\"@type\":\"PropertyValueSpecification\",\"valueRequired\":true,\"valueName\":\"search_term_string\"}}],\"inLanguage\":\"fr-FR\"}]}<\/script>\n<!-- \/ Yoast SEO plugin. -->","yoast_head_json":{"title":"Politique \/ Tourisme - S A B","robots":{"index":"index","follow":"follow","max-snippet":"max-snippet:-1","max-image-preview":"max-image-preview:large","max-video-preview":"max-video-preview:-1"},"canonical":"https:\/\/www.sab.ch\/fr\/politique\/politique-tourisme\/","og_locale":"fr_FR","og_type":"article","og_title":"Politique \/ Tourisme - S A B","og_url":"https:\/\/www.sab.ch\/fr\/politique\/politique-tourisme\/","og_site_name":"S A B","article_modified_time":"2025-11-25T09:47:32+00:00","twitter_card":"summary_large_image","twitter_misc":{"Dur\u00e9e de lecture estim\u00e9e":"3 minutes"},"schema":{"@context":"https:\/\/schema.org","@graph":[{"@type":"WebPage","@id":"https:\/\/www.sab.ch\/fr\/politique\/politique-tourisme\/","url":"https:\/\/www.sab.ch\/fr\/politique\/politique-tourisme\/","name":"Politique \/ Tourisme - S A B","isPartOf":{"@id":"https:\/\/www.sab.ch\/fr\/#website"},"datePublished":"2023-01-26T08:56:55+00:00","dateModified":"2025-11-25T09:47:32+00:00","breadcrumb":{"@id":"https:\/\/www.sab.ch\/fr\/politique\/politique-tourisme\/#breadcrumb"},"inLanguage":"fr-FR","potentialAction":[{"@type":"ReadAction","target":["https:\/\/www.sab.ch\/fr\/politique\/politique-tourisme\/"]}]},{"@type":"BreadcrumbList","@id":"https:\/\/www.sab.ch\/fr\/politique\/politique-tourisme\/#breadcrumb","itemListElement":[{"@type":"ListItem","position":1,"name":"Startseite","item":"https:\/\/www.sab.ch\/fr\/home\/"},{"@type":"ListItem","position":2,"name":"Politique","item":"https:\/\/www.sab.ch\/fr\/politique\/"},{"@type":"ListItem","position":3,"name":"Politique \/ Tourisme"}]},{"@type":"WebSite","@id":"https:\/\/www.sab.ch\/fr\/#website","url":"https:\/\/www.sab.ch\/fr\/","name":"S A B","description":"","potentialAction":[{"@type":"SearchAction","target":{"@type":"EntryPoint","urlTemplate":"https:\/\/www.sab.ch\/fr\/?s={search_term_string}"},"query-input":{"@type":"PropertyValueSpecification","valueRequired":true,"valueName":"search_term_string"}}],"inLanguage":"fr-FR"}]}},"_links":{"self":[{"href":"https:\/\/www.sab.ch\/fr\/wp-json\/wp\/v2\/pages\/11559","targetHints":{"allow":["GET"]}}],"collection":[{"href":"https:\/\/www.sab.ch\/fr\/wp-json\/wp\/v2\/pages"}],"about":[{"href":"https:\/\/www.sab.ch\/fr\/wp-json\/wp\/v2\/types\/page"}],"author":[{"embeddable":true,"href":"https:\/\/www.sab.ch\/fr\/wp-json\/wp\/v2\/users\/3"}],"replies":[{"embeddable":true,"href":"https:\/\/www.sab.ch\/fr\/wp-json\/wp\/v2\/comments?post=11559"}],"version-history":[{"count":18,"href":"https:\/\/www.sab.ch\/fr\/wp-json\/wp\/v2\/pages\/11559\/revisions"}],"predecessor-version":[{"id":29993,"href":"https:\/\/www.sab.ch\/fr\/wp-json\/wp\/v2\/pages\/11559\/revisions\/29993"}],"up":[{"embeddable":true,"href":"https:\/\/www.sab.ch\/fr\/wp-json\/wp\/v2\/pages\/11399"}],"wp:attachment":[{"href":"https:\/\/www.sab.ch\/fr\/wp-json\/wp\/v2\/media?parent=11559"}],"curies":[{"name":"wp","href":"https:\/\/api.w.org\/{rel}","templated":true}]}}