{"id":11592,"date":"2023-01-26T14:01:08","date_gmt":"2023-01-26T13:01:08","guid":{"rendered":"https:\/\/www.sab.ch\/politique\/foret\/"},"modified":"2025-02-13T14:12:12","modified_gmt":"2025-02-13T13:12:12","slug":"foret","status":"publish","type":"page","link":"https:\/\/www.sab.ch\/fr\/politique\/foret\/","title":{"rendered":"For\u00eat"},"content":{"rendered":"<div  class='flex_column av-2faf6b-733cedd06c21b459180a250eafe8477c av_two_third  avia-builder-el-0  el_before_av_one_third  avia-builder-el-first  first flex_column_div  '     ><section  class='av_textblock_section av-jxk41cbl-a1fc1525f09076e0644c7e0771550ccd '   itemscope=\"itemscope\" itemtype=\"https:\/\/schema.org\/CreativeWork\" ><div class='avia_textblock'  itemprop=\"text\" ><h1><span style=\"font-family: 'Open Sans',sans-serif; color: #666666;\">For\u00eat<\/span><\/h1>\n<p style=\"vertical-align: baseline; margin: 10.2pt 0cm 10.2pt 0cm;\"><span style=\"font-family: 'Open Sans',sans-serif; color: #666666;\"> <br class=\"avia-permanent-lb\" \/>Les for\u00eats recouvrent 31% de la superficie du pays. La for\u00eat est donc un \u00e9l\u00e9ment important qui fa\u00e7onne le paysage. De plus, elle offre une protection contre les dangers naturels, fournit du bois utilis\u00e9 en tant que mati\u00e8re premi\u00e8re ou comme source d&rsquo;\u00e9nergie, offre des espaces de d\u00e9tente, cr\u00e9e des emplois, notamment dans les r\u00e9gions de montagne, constitue des puits de CO2, etc. Depuis un certain temps, la surface foresti\u00e8re augmente fortement, surtout dans les r\u00e9gions de montagne. Le SAB s&rsquo;est donc engag\u00e9, avec succ\u00e8s, en faveur d&rsquo;un assouplissement de la politique en mati\u00e8re de surfaces foresti\u00e8res.<\/span><\/p>\n<p style=\"vertical-align: baseline; margin: 10.2pt 0cm 10.2pt 0cm;\"><span style=\"font-family: 'Open Sans',sans-serif; color: #666666;\">La cha\u00eene de cr\u00e9ation de valeur du bois est quasi inexistante dans de nombreuses r\u00e9gions. Cela a notamment pour cons\u00e9quence que la Suisse pr\u00e9sente un d\u00e9ficit de plusieurs milliards de francs, au niveau de sa balance commerciale ext\u00e9rieure. Nous exportons de la mati\u00e8re premi\u00e8re bon march\u00e9 et importons des produits transform\u00e9s et on\u00e9reux. Le SAB s&rsquo;engage donc en faveur d\u2019un renforcement de la cha\u00eene de cr\u00e9ation de valeurs du bois.<\/span><\/p>\n<\/div><\/section><br \/>\n\n<style type=\"text\/css\" data-created_by=\"avia_inline_auto\" id=\"style-css-av-m73cztzh-9efcc4fcbeb34a2db7609167db6705a0\">\n#top .hr.hr-invisible.av-m73cztzh-9efcc4fcbeb34a2db7609167db6705a0{\nheight:30px;\n}\n<\/style>\n<div  class='hr av-m73cztzh-9efcc4fcbeb34a2db7609167db6705a0 hr-invisible  avia-builder-el-2  el_after_av_textblock  el_before_av_textblock '><span class='hr-inner '><span class=\"hr-inner-style\"><\/span><\/span><\/div><br \/>\n<section  class='av_textblock_section av-m73d04d6-c9da6b65d24e30c8d542b7bed4206552 '   itemscope=\"itemscope\" itemtype=\"https:\/\/schema.org\/CreativeWork\" ><div class='avia_textblock'  itemprop=\"text\" ><h4>Documents compl\u00e9mentaires<\/h4>\n<ul class=\"csc-uploads csc-uploads-0\">\n<li class=\"li-odd li-first csc-uploads-element csc-uploads-element-pdf\"><a href=\"\/wp-content\/uploads\/2022\/11\/SN_Waldverordnung_16.12.2015.pdf\">Prise de position du SAB au sujet de l&rsquo;Ordonnance sur les f\u00f4rets (16.12.2015)<\/a><\/li>\n<li class=\"li-even csc-uploads-element csc-uploads-element-pdf\"><a href=\"\/wp-content\/uploads\/2022\/11\/SN_RevisionWaldgesetz_11.07.2013_03.pdf\">Prise de position du SAB au sujet de la loi sur les for\u00eats (11.07.2013) <\/a><\/li>\n<li class=\"li-odd csc-uploads-element csc-uploads-element-pdf\"><a href=\"\/wp-content\/uploads\/2022\/11\/SN_FlexibilisierungWaldflaechen_1.11.2010_de.pdf\">Prise de position du SAB au sujet de la flexibilisation de la surface foresti\u00e8re (28.09.2012) <\/a><\/li>\n<li class=\"li-even csc-uploads-element csc-uploads-element-pdf\"><a href=\"\/wp-content\/uploads\/2022\/11\/SN_Jagdtverordnung_Juli2011_d.pdf\">Prise de position au sujet de l&rsquo;ordonnance sur la chasse du 13 juillet 2011 <\/a><\/li>\n<li class=\"li-odd csc-uploads-element csc-uploads-element-pdf\"><a href=\"\/wp-content\/uploads\/2022\/11\/PP_Waldpolitik_19.03.10_de.pdf\">Document de position sur les for\u00eats de montagne 30 avril 2008 <\/a><\/li>\n<li class=\"li-even csc-uploads-element csc-uploads-element-pdf\"><a href=\"\/wp-content\/uploads\/2022\/11\/PP_Gebirgswald_7.05.08_de.pdf\">Documento di sintesi sullo sviluppo delle foreste montane (30. 04.2008) <\/a><\/li>\n<li class=\"li-odd csc-uploads-element csc-uploads-element-pdf\"><a href=\"\/wp-content\/uploads\/2022\/11\/SN_ZwischenberichtWaldprogramms_6.11.09_de.pdf\">Prise de position sur le bilan interm\u00e9diaire et d\u00e9veloppement du programme forestier suisse du 6 novembre 2009 (en allemand) <\/a><\/li>\n<li class=\"li-even csc-uploads-element csc-uploads-element-pdf\"><a href=\"\/wp-content\/uploads\/2022\/11\/SN_Waldgesetzt_3.10.05_de.pdf\">Prise de position relative \u00e0 la loi sur les for\u00eats du 30 septembre 2005 <\/a><\/li>\n<li class=\"li-odd csc-uploads-element csc-uploads-element-pdf\"><a href=\"\/wp-content\/uploads\/2022\/11\/SN_Waldprogramm_6.10.03_de.pdf\">Prise de position concernant le programme forestier suisse du 6 octobre 2003 (en allemand) <\/a><\/li>\n<li class=\"li-even csc-uploads-element csc-uploads-element-pdf\"><a href=\"\/wp-content\/uploads\/2022\/11\/ST198_Holz_02.09_de.pdf\">Tagungsband Wertsch\u00f6pfungskette Holz: Mythos oder Potential? (f\u00e9vrier 2009) <\/a><\/li>\n<\/ul>\n<\/div><\/section><\/p><\/div><div  class='flex_column av-1vhrb7-de56f74a0e2bc330cc2f879349d00be3 av_one_third  avia-builder-el-4  el_after_av_two_third  avia-builder-el-last  flex_column_div  '     ><p>\n<style type=\"text\/css\" data-created_by=\"avia_inline_auto\" id=\"style-css-av-lb20urh9-b9355312c2d301323c67c63f81bf8ade\">\n.avia-image-container.av-lb20urh9-b9355312c2d301323c67c63f81bf8ade img.avia_image{\nbox-shadow:none;\n}\n.avia-image-container.av-lb20urh9-b9355312c2d301323c67c63f81bf8ade .av-image-caption-overlay-center{\ncolor:#ffffff;\n}\n<\/style>\n<div  class='avia-image-container av-lb20urh9-b9355312c2d301323c67c63f81bf8ade av-styling- avia-align-left  avia-builder-el-5  el_before_av_textblock  avia-builder-el-first '   itemprop=\"image\" itemscope=\"itemscope\" itemtype=\"https:\/\/schema.org\/ImageObject\" ><div class=\"avia-image-container-inner\"><div class=\"avia-image-overlay-wrap\"><img decoding=\"async\" fetchpriority=\"high\" class='wp-image-6740 avia-img-lazy-loading-not-6740 avia_image ' src=\"https:\/\/www.sab.ch\/wp-content\/uploads\/2022\/11\/Waldpolitik.png\" alt='' title='Waldpolitik'  height=\"267\" width=\"400\"  itemprop=\"thumbnailUrl\"  \/><\/div><\/div><\/div><br \/>\n<section  class='av_textblock_section av-lb20vd3u-a3576036a0b2f280a153b90520a38431 '   itemscope=\"itemscope\" itemtype=\"https:\/\/schema.org\/CreativeWork\" ><div class='avia_textblock'  itemprop=\"text\" ><p><em>Quelle: Fachstelle f\u00fcr Gebirgswaldpflege GWP<\/em><\/p>\n<\/div><\/section><\/p><\/div><\/p>\n","protected":false},"excerpt":{"rendered":"","protected":false},"author":3,"featured_media":0,"parent":11399,"menu_order":0,"comment_status":"closed","ping_status":"closed","template":"","meta":{"footnotes":""},"class_list":["post-11592","page","type-page","status-publish","hentry"],"yoast_head":"<!-- This site is optimized with the Yoast SEO plugin v27.5 - https:\/\/yoast.com\/product\/yoast-seo-wordpress\/ -->\n<title>For\u00eat - S A B<\/title>\n<meta name=\"robots\" content=\"index, follow, max-snippet:-1, max-image-preview:large, max-video-preview:-1\" \/>\n<link rel=\"canonical\" href=\"https:\/\/www.sab.ch\/fr\/politique\/foret\/\" \/>\n<meta property=\"og:locale\" content=\"fr_FR\" \/>\n<meta property=\"og:type\" content=\"article\" \/>\n<meta property=\"og:title\" content=\"For\u00eat - S A B\" \/>\n<meta property=\"og:url\" content=\"https:\/\/www.sab.ch\/fr\/politique\/foret\/\" \/>\n<meta property=\"og:site_name\" content=\"S A B\" \/>\n<meta property=\"article:modified_time\" content=\"2025-02-13T13:12:12+00:00\" \/>\n<meta name=\"twitter:card\" content=\"summary_large_image\" \/>\n<meta name=\"twitter:label1\" content=\"Dur\u00e9e de lecture estim\u00e9e\" \/>\n\t<meta name=\"twitter:data1\" content=\"2 minutes\" \/>\n<script type=\"application\/ld+json\" class=\"yoast-schema-graph\">{\"@context\":\"https:\\\/\\\/schema.org\",\"@graph\":[{\"@type\":\"WebPage\",\"@id\":\"https:\\\/\\\/www.sab.ch\\\/fr\\\/politique\\\/foret\\\/\",\"url\":\"https:\\\/\\\/www.sab.ch\\\/fr\\\/politique\\\/foret\\\/\",\"name\":\"For\u00eat - S A B\",\"isPartOf\":{\"@id\":\"https:\\\/\\\/www.sab.ch\\\/fr\\\/#website\"},\"datePublished\":\"2023-01-26T13:01:08+00:00\",\"dateModified\":\"2025-02-13T13:12:12+00:00\",\"breadcrumb\":{\"@id\":\"https:\\\/\\\/www.sab.ch\\\/fr\\\/politique\\\/foret\\\/#breadcrumb\"},\"inLanguage\":\"fr-FR\",\"potentialAction\":[{\"@type\":\"ReadAction\",\"target\":[\"https:\\\/\\\/www.sab.ch\\\/fr\\\/politique\\\/foret\\\/\"]}]},{\"@type\":\"BreadcrumbList\",\"@id\":\"https:\\\/\\\/www.sab.ch\\\/fr\\\/politique\\\/foret\\\/#breadcrumb\",\"itemListElement\":[{\"@type\":\"ListItem\",\"position\":1,\"name\":\"Startseite\",\"item\":\"https:\\\/\\\/www.sab.ch\\\/fr\\\/home\\\/\"},{\"@type\":\"ListItem\",\"position\":2,\"name\":\"Politique\",\"item\":\"https:\\\/\\\/www.sab.ch\\\/fr\\\/politique\\\/\"},{\"@type\":\"ListItem\",\"position\":3,\"name\":\"For\u00eat\"}]},{\"@type\":\"WebSite\",\"@id\":\"https:\\\/\\\/www.sab.ch\\\/fr\\\/#website\",\"url\":\"https:\\\/\\\/www.sab.ch\\\/fr\\\/\",\"name\":\"S A B\",\"description\":\"\",\"potentialAction\":[{\"@type\":\"SearchAction\",\"target\":{\"@type\":\"EntryPoint\",\"urlTemplate\":\"https:\\\/\\\/www.sab.ch\\\/fr\\\/?s={search_term_string}\"},\"query-input\":{\"@type\":\"PropertyValueSpecification\",\"valueRequired\":true,\"valueName\":\"search_term_string\"}}],\"inLanguage\":\"fr-FR\"}]}<\/script>\n<!-- \/ Yoast SEO plugin. -->","yoast_head_json":{"title":"For\u00eat - S A B","robots":{"index":"index","follow":"follow","max-snippet":"max-snippet:-1","max-image-preview":"max-image-preview:large","max-video-preview":"max-video-preview:-1"},"canonical":"https:\/\/www.sab.ch\/fr\/politique\/foret\/","og_locale":"fr_FR","og_type":"article","og_title":"For\u00eat - S A B","og_url":"https:\/\/www.sab.ch\/fr\/politique\/foret\/","og_site_name":"S A B","article_modified_time":"2025-02-13T13:12:12+00:00","twitter_card":"summary_large_image","twitter_misc":{"Dur\u00e9e de lecture estim\u00e9e":"2 minutes"},"schema":{"@context":"https:\/\/schema.org","@graph":[{"@type":"WebPage","@id":"https:\/\/www.sab.ch\/fr\/politique\/foret\/","url":"https:\/\/www.sab.ch\/fr\/politique\/foret\/","name":"For\u00eat - S A B","isPartOf":{"@id":"https:\/\/www.sab.ch\/fr\/#website"},"datePublished":"2023-01-26T13:01:08+00:00","dateModified":"2025-02-13T13:12:12+00:00","breadcrumb":{"@id":"https:\/\/www.sab.ch\/fr\/politique\/foret\/#breadcrumb"},"inLanguage":"fr-FR","potentialAction":[{"@type":"ReadAction","target":["https:\/\/www.sab.ch\/fr\/politique\/foret\/"]}]},{"@type":"BreadcrumbList","@id":"https:\/\/www.sab.ch\/fr\/politique\/foret\/#breadcrumb","itemListElement":[{"@type":"ListItem","position":1,"name":"Startseite","item":"https:\/\/www.sab.ch\/fr\/home\/"},{"@type":"ListItem","position":2,"name":"Politique","item":"https:\/\/www.sab.ch\/fr\/politique\/"},{"@type":"ListItem","position":3,"name":"For\u00eat"}]},{"@type":"WebSite","@id":"https:\/\/www.sab.ch\/fr\/#website","url":"https:\/\/www.sab.ch\/fr\/","name":"S A B","description":"","potentialAction":[{"@type":"SearchAction","target":{"@type":"EntryPoint","urlTemplate":"https:\/\/www.sab.ch\/fr\/?s={search_term_string}"},"query-input":{"@type":"PropertyValueSpecification","valueRequired":true,"valueName":"search_term_string"}}],"inLanguage":"fr-FR"}]}},"_links":{"self":[{"href":"https:\/\/www.sab.ch\/fr\/wp-json\/wp\/v2\/pages\/11592","targetHints":{"allow":["GET"]}}],"collection":[{"href":"https:\/\/www.sab.ch\/fr\/wp-json\/wp\/v2\/pages"}],"about":[{"href":"https:\/\/www.sab.ch\/fr\/wp-json\/wp\/v2\/types\/page"}],"author":[{"embeddable":true,"href":"https:\/\/www.sab.ch\/fr\/wp-json\/wp\/v2\/users\/3"}],"replies":[{"embeddable":true,"href":"https:\/\/www.sab.ch\/fr\/wp-json\/wp\/v2\/comments?post=11592"}],"version-history":[{"count":10,"href":"https:\/\/www.sab.ch\/fr\/wp-json\/wp\/v2\/pages\/11592\/revisions"}],"predecessor-version":[{"id":25715,"href":"https:\/\/www.sab.ch\/fr\/wp-json\/wp\/v2\/pages\/11592\/revisions\/25715"}],"up":[{"embeddable":true,"href":"https:\/\/www.sab.ch\/fr\/wp-json\/wp\/v2\/pages\/11399"}],"wp:attachment":[{"href":"https:\/\/www.sab.ch\/fr\/wp-json\/wp\/v2\/media?parent=11592"}],"curies":[{"name":"wp","href":"https:\/\/api.w.org\/{rel}","templated":true}]}}