{"id":11622,"date":"2023-01-26T15:38:20","date_gmt":"2023-01-26T14:38:20","guid":{"rendered":"https:\/\/www.sab.ch\/politique\/nouvelle-politique-regionale\/"},"modified":"2025-02-13T13:57:05","modified_gmt":"2025-02-13T12:57:05","slug":"nouvelle-politique-regionale","status":"publish","type":"page","link":"https:\/\/www.sab.ch\/fr\/politique\/nouvelle-politique-regionale\/","title":{"rendered":"Nouvelle politique r\u00e9gionale"},"content":{"rendered":"<div id='av_section_1'  class='avia-section av-kbufzd3s-dd428f854b73db9c732bdb3b761e163e main_color avia-section-default avia-shadow  avia-builder-el-0  avia-builder-el-no-sibling  avia-bg-style-scroll container_wrap fullsize'  ><div class='container av-section-cont-open' ><main  role=\"main\" itemprop=\"mainContentOfPage\"  class='template-page content  av-content-full alpha units'><div class='post-entry post-entry-type-page post-entry-11622'><div class='entry-content-wrapper clearfix'>\n<div  class='flex_column av-4nqifj-d790ff4f0bbf6e48d41299e076c5abd4 av_two_third  avia-builder-el-1  el_before_av_one_third  avia-builder-el-first  first flex_column_div  '     ><section  class='av_textblock_section av-jxk41cbl-a1fc1525f09076e0644c7e0771550ccd '   itemscope=\"itemscope\" itemtype=\"https:\/\/schema.org\/CreativeWork\" ><div class='avia_textblock'  itemprop=\"text\" ><h1>Nouvelle politique r\u00e9gionale<\/h1>\n<p><span class=\"contentpasted7\"><span style=\"font-size: 12.0pt; color: black;\"> <br class=\"avia-permanent-lb\" \/>La politique r\u00e9gionale doit renforcer la comp\u00e9titivit\u00e9 \u00e9conomique des r\u00e9gions de montagne et de l\u2019espace rural. La politique r\u00e9gionale a \u00e9t\u00e9 renouvel\u00e9e en 2008. Les divers aspects sont pr\u00e9sent\u00e9s dans les pages suivantes. .<\/span><\/span><\/p>\n<p><span class=\"contentpasted7\">Le <\/span><span class=\"s-rg\">SAB<\/span><span class=\"contentpasted7\"> g\u00e8re le secr\u00e9tariat de la Conf\u00e9rence des r\u00e9gions. Cette organisation favorise les \u00e9changes d\u2019exp\u00e9riences entre responsables r\u00e9gionaux. Dans ce cadre, elle contribue \u00e0 la mise en \u0153uvre de la politique r\u00e9gionale. Des informations compl\u00e9mentaires sont disponibles sur la page de la Conf\u00e9rence des r\u00e9gions.<\/span><\/p>\n<\/div><\/section><br \/>\n<div  class='hr av-av_hr-91d7ccd583a503147498e120fee2ff9b hr-default  avia-builder-el-3  el_after_av_textblock  el_before_av_textblock '><span class='hr-inner '><span class=\"hr-inner-style\"><\/span><\/span><\/div><br \/>\n<section  class='av_textblock_section av-lsxb4f40-356db6b2515dad7a30e3c129b4cfd802 '   itemscope=\"itemscope\" itemtype=\"https:\/\/schema.org\/CreativeWork\" ><div class='avia_textblock'  itemprop=\"text\" ><h3><span style=\"color: #ff0000;\">50 ans de politique r\u00e9gionale &#8211; une raison de faire la f\u00eate !<\/span><\/h3>\n<p>En 1974, l&rsquo;ancienne loi sur l&rsquo;aide aux investissements (LIM) a pos\u00e9 la premi\u00e8re pierre de la politique r\u00e9gionale de la Conf\u00e9d\u00e9ration. La Suisse \u00e9tait ainsi l&rsquo;un des premiers pays d&rsquo;Europe \u00e0 pr\u00e9voir des instruments de soutien explicites pour le d\u00e9veloppement des r\u00e9gions de montagne. La politique r\u00e9gionale de la Conf\u00e9d\u00e9ration a \u00e9t\u00e9 d\u00e9velopp\u00e9e au fil des ann\u00e9es pour tenir compte de l&rsquo;\u00e9volution des conditions-cadres et des d\u00e9fis. Depuis 2008, sous le nom de \u00ab\u00a0Nouvelle politique r\u00e9gionale (NPR)\u00a0\u00bb, elle met particuli\u00e8rement l&rsquo;accent sur la promotion de l&rsquo;innovation, de l&rsquo;esprit d&rsquo;entreprise et de la cr\u00e9ation de valeur ajout\u00e9e.<\/p>\n<p>Le SAB a cr\u00e9\u00e9 un <a href=\"https:\/\/www.sab.ch\/fr\/50-ans-de-politique-regionale\/\">site web<\/a> \u00e0 l&rsquo;occasion de cet anniversaire.<\/p>\n<\/div><\/section><br \/>\n<div  class='hr av-av_hr-91d7ccd583a503147498e120fee2ff9b hr-default  avia-builder-el-5  el_after_av_textblock  el_before_av_textblock '><span class='hr-inner '><span class=\"hr-inner-style\"><\/span><\/span><\/div><br \/>\n<section  class='av_textblock_section av-lsxb2m19-3fb6b4048fb12672d856049ec3c1337b '   itemscope=\"itemscope\" itemtype=\"https:\/\/schema.org\/CreativeWork\" ><div class='avia_textblock'  itemprop=\"text\" ><h4>Prises de position et documents d&rsquo;opinion<\/h4>\n<ul class=\"csc-uploads csc-uploads-0\">\n<li class=\"li-odd li-first csc-uploads-element csc-uploads-element-pdf\"><a href=\"\/wp-content\/uploads\/2022\/11\/PP_Regionalpolitik_8.05.03_de.pdf\">Document de position \u00ab\u00a0Politique r\u00e9gionale\u00a0\u00bb du 8 mai 2003 (en allemand)<\/a><\/li>\n<li class=\"li-even csc-uploads-element csc-uploads-element-pdf\"><a href=\"\/wp-content\/uploads\/2022\/11\/SN_NRP_5.07.04_de.pdf\">Prise de position sur la Nouvelle politique r\u00e9gionale du 5 juillet 2004 (en allemand)<\/a><\/li>\n<\/ul>\n<h4>Autres documents:<\/h4>\n<ul class=\"csc-uploads csc-uploads-0\">\n<li class=\"li-odd li-first csc-uploads-element csc-uploads-element-pdf\"><a href=\"\/wp-content\/uploads\/2022\/11\/NRP2024__Vorschlag_SAB_KdR.pdf\">Contribution du SAB et de la Conf\u00e9rence des r\u00e9gions (CdR) au futur d\u00e9veloppement de la nouvelle politique r\u00e9gionale \u00e0 partir de 2024 (juillet 2020)<\/a><\/li>\n<li class=\"li-even csc-uploads-element csc-uploads-element-pdf\"><a href=\"\/wp-content\/uploads\/2022\/11\/Potenzialarme_Raueme_Mai2014.pdf\">Les espaces \u00e0 faible potentiel: Etude du SAB avec plusieurs bonnes pratiques(avril 2014)<\/a><\/li>\n<li class=\"li-odd csc-uploads-element csc-uploads-element-pdf\"><a href=\"\/wp-content\/uploads\/2022\/11\/MO_11_Artikel_38.pdf\">Les effets de l\u2019introduction de la NPR &#8211; Article Montagna de novembre 2009 (r\u00e9sum\u00e9 en fran\u00e7ais) <\/a><\/li>\n<li class=\"li-even csc-uploads-element csc-uploads-element-pdf\"><a href=\"\/wp-content\/uploads\/2022\/11\/ST187_Wertschoepfungskette_02.07_de.pdf\">Les cha\u00eenes de valeur ajout\u00e9e: facteurs de succ\u00e8s du d\u00e9veloppement r\u00e9gional &#8211; compte-rendu de la journ\u00e9e d&rsquo;\u00e9tude de f\u00e9vrier 2007) <\/a><\/li>\n<li class=\"li-odd csc-uploads-element csc-uploads-element-pdf\"><a href=\"\/wp-content\/uploads\/2022\/11\/ST184_NPRNFA_09.06_de_fr.pdf\">RPT et NFA: cons\u00e9quences pour les cantons et les communes &#8211; compte-rendu journ\u00e9e d&rsquo;\u00e9tude de septembre 2006)<\/a><\/li>\n<\/ul>\n<\/div><\/section><\/p><\/div><div  class='flex_column av-7rc6n-41e47809b93977b4cd17aad5d0d6da16 av_one_third  avia-builder-el-7  el_after_av_two_third  avia-builder-el-last  flex_column_div  '     ><p>\n<style type=\"text\/css\" data-created_by=\"avia_inline_auto\" id=\"style-css-av-lbnid1mz-c4eb467198ca9ef2f52a1669da613612\">\n.avia-image-container.av-lbnid1mz-c4eb467198ca9ef2f52a1669da613612 img.avia_image{\nbox-shadow:none;\n}\n.avia-image-container.av-lbnid1mz-c4eb467198ca9ef2f52a1669da613612 .av-image-caption-overlay-center{\ncolor:#ffffff;\n}\n<\/style>\n<div  class='avia-image-container av-lbnid1mz-c4eb467198ca9ef2f52a1669da613612 av-styling- avia-align-left  avia-builder-el-8  el_before_av_textblock  avia-builder-el-first '   itemprop=\"image\" itemscope=\"itemscope\" itemtype=\"https:\/\/schema.org\/ImageObject\" ><div class=\"avia-image-container-inner\"><div class=\"avia-image-overlay-wrap\"><img decoding=\"async\" fetchpriority=\"high\" class='wp-image-7771 avia-img-lazy-loading-not-7771 avia_image ' src=\"https:\/\/www.sab.ch\/wp-content\/uploads\/2022\/11\/schafmilchproduzent_Rumaenien-1.jpg\" alt='' title='schafmilchproduzent_Rumaenien'  height=\"334\" width=\"500\"  itemprop=\"thumbnailUrl\"  \/><\/div><\/div><\/div><br \/>\n<section  class='av_textblock_section av-lbnidgdo-bc2de2b167031ca3780a93423198a8ac '   itemscope=\"itemscope\" itemtype=\"https:\/\/schema.org\/CreativeWork\" ><div class='avia_textblock'  itemprop=\"text\" ><p><em>Centro puntoBregaglia<\/em><\/p>\n<\/div><\/section><\/p><\/div>\n","protected":false},"excerpt":{"rendered":"","protected":false},"author":3,"featured_media":0,"parent":11399,"menu_order":0,"comment_status":"closed","ping_status":"closed","template":"","meta":{"footnotes":""},"class_list":["post-11622","page","type-page","status-publish","hentry"],"yoast_head":"<!-- This site is optimized with the Yoast SEO plugin v27.4 - https:\/\/yoast.com\/product\/yoast-seo-wordpress\/ -->\n<title>Nouvelle politique r\u00e9gionale - S A B<\/title>\n<meta name=\"robots\" content=\"index, follow, max-snippet:-1, max-image-preview:large, max-video-preview:-1\" \/>\n<link rel=\"canonical\" href=\"https:\/\/www.sab.ch\/fr\/politique\/nouvelle-politique-regionale\/\" \/>\n<meta property=\"og:locale\" content=\"fr_FR\" \/>\n<meta property=\"og:type\" content=\"article\" \/>\n<meta property=\"og:title\" content=\"Nouvelle politique r\u00e9gionale - S A B\" \/>\n<meta property=\"og:url\" content=\"https:\/\/www.sab.ch\/fr\/politique\/nouvelle-politique-regionale\/\" \/>\n<meta property=\"og:site_name\" content=\"S A B\" \/>\n<meta property=\"article:modified_time\" content=\"2025-02-13T12:57:05+00:00\" \/>\n<meta name=\"twitter:card\" content=\"summary_large_image\" \/>\n<meta name=\"twitter:label1\" content=\"Dur\u00e9e de lecture estim\u00e9e\" \/>\n\t<meta name=\"twitter:data1\" content=\"3 minutes\" \/>\n<script type=\"application\/ld+json\" class=\"yoast-schema-graph\">{\"@context\":\"https:\\\/\\\/schema.org\",\"@graph\":[{\"@type\":\"WebPage\",\"@id\":\"https:\\\/\\\/www.sab.ch\\\/fr\\\/politique\\\/nouvelle-politique-regionale\\\/\",\"url\":\"https:\\\/\\\/www.sab.ch\\\/fr\\\/politique\\\/nouvelle-politique-regionale\\\/\",\"name\":\"Nouvelle politique r\u00e9gionale - S A B\",\"isPartOf\":{\"@id\":\"https:\\\/\\\/www.sab.ch\\\/fr\\\/#website\"},\"datePublished\":\"2023-01-26T14:38:20+00:00\",\"dateModified\":\"2025-02-13T12:57:05+00:00\",\"breadcrumb\":{\"@id\":\"https:\\\/\\\/www.sab.ch\\\/fr\\\/politique\\\/nouvelle-politique-regionale\\\/#breadcrumb\"},\"inLanguage\":\"fr-FR\",\"potentialAction\":[{\"@type\":\"ReadAction\",\"target\":[\"https:\\\/\\\/www.sab.ch\\\/fr\\\/politique\\\/nouvelle-politique-regionale\\\/\"]}]},{\"@type\":\"BreadcrumbList\",\"@id\":\"https:\\\/\\\/www.sab.ch\\\/fr\\\/politique\\\/nouvelle-politique-regionale\\\/#breadcrumb\",\"itemListElement\":[{\"@type\":\"ListItem\",\"position\":1,\"name\":\"Startseite\",\"item\":\"https:\\\/\\\/www.sab.ch\\\/fr\\\/home\\\/\"},{\"@type\":\"ListItem\",\"position\":2,\"name\":\"Politique\",\"item\":\"https:\\\/\\\/www.sab.ch\\\/fr\\\/politique\\\/\"},{\"@type\":\"ListItem\",\"position\":3,\"name\":\"Nouvelle politique r\u00e9gionale\"}]},{\"@type\":\"WebSite\",\"@id\":\"https:\\\/\\\/www.sab.ch\\\/fr\\\/#website\",\"url\":\"https:\\\/\\\/www.sab.ch\\\/fr\\\/\",\"name\":\"S A B\",\"description\":\"\",\"potentialAction\":[{\"@type\":\"SearchAction\",\"target\":{\"@type\":\"EntryPoint\",\"urlTemplate\":\"https:\\\/\\\/www.sab.ch\\\/fr\\\/?s={search_term_string}\"},\"query-input\":{\"@type\":\"PropertyValueSpecification\",\"valueRequired\":true,\"valueName\":\"search_term_string\"}}],\"inLanguage\":\"fr-FR\"}]}<\/script>\n<!-- \/ Yoast SEO plugin. -->","yoast_head_json":{"title":"Nouvelle politique r\u00e9gionale - S A B","robots":{"index":"index","follow":"follow","max-snippet":"max-snippet:-1","max-image-preview":"max-image-preview:large","max-video-preview":"max-video-preview:-1"},"canonical":"https:\/\/www.sab.ch\/fr\/politique\/nouvelle-politique-regionale\/","og_locale":"fr_FR","og_type":"article","og_title":"Nouvelle politique r\u00e9gionale - S A B","og_url":"https:\/\/www.sab.ch\/fr\/politique\/nouvelle-politique-regionale\/","og_site_name":"S A B","article_modified_time":"2025-02-13T12:57:05+00:00","twitter_card":"summary_large_image","twitter_misc":{"Dur\u00e9e de lecture estim\u00e9e":"3 minutes"},"schema":{"@context":"https:\/\/schema.org","@graph":[{"@type":"WebPage","@id":"https:\/\/www.sab.ch\/fr\/politique\/nouvelle-politique-regionale\/","url":"https:\/\/www.sab.ch\/fr\/politique\/nouvelle-politique-regionale\/","name":"Nouvelle politique r\u00e9gionale - S A B","isPartOf":{"@id":"https:\/\/www.sab.ch\/fr\/#website"},"datePublished":"2023-01-26T14:38:20+00:00","dateModified":"2025-02-13T12:57:05+00:00","breadcrumb":{"@id":"https:\/\/www.sab.ch\/fr\/politique\/nouvelle-politique-regionale\/#breadcrumb"},"inLanguage":"fr-FR","potentialAction":[{"@type":"ReadAction","target":["https:\/\/www.sab.ch\/fr\/politique\/nouvelle-politique-regionale\/"]}]},{"@type":"BreadcrumbList","@id":"https:\/\/www.sab.ch\/fr\/politique\/nouvelle-politique-regionale\/#breadcrumb","itemListElement":[{"@type":"ListItem","position":1,"name":"Startseite","item":"https:\/\/www.sab.ch\/fr\/home\/"},{"@type":"ListItem","position":2,"name":"Politique","item":"https:\/\/www.sab.ch\/fr\/politique\/"},{"@type":"ListItem","position":3,"name":"Nouvelle politique r\u00e9gionale"}]},{"@type":"WebSite","@id":"https:\/\/www.sab.ch\/fr\/#website","url":"https:\/\/www.sab.ch\/fr\/","name":"S A B","description":"","potentialAction":[{"@type":"SearchAction","target":{"@type":"EntryPoint","urlTemplate":"https:\/\/www.sab.ch\/fr\/?s={search_term_string}"},"query-input":{"@type":"PropertyValueSpecification","valueRequired":true,"valueName":"search_term_string"}}],"inLanguage":"fr-FR"}]}},"_links":{"self":[{"href":"https:\/\/www.sab.ch\/fr\/wp-json\/wp\/v2\/pages\/11622","targetHints":{"allow":["GET"]}}],"collection":[{"href":"https:\/\/www.sab.ch\/fr\/wp-json\/wp\/v2\/pages"}],"about":[{"href":"https:\/\/www.sab.ch\/fr\/wp-json\/wp\/v2\/types\/page"}],"author":[{"embeddable":true,"href":"https:\/\/www.sab.ch\/fr\/wp-json\/wp\/v2\/users\/3"}],"replies":[{"embeddable":true,"href":"https:\/\/www.sab.ch\/fr\/wp-json\/wp\/v2\/comments?post=11622"}],"version-history":[{"count":12,"href":"https:\/\/www.sab.ch\/fr\/wp-json\/wp\/v2\/pages\/11622\/revisions"}],"predecessor-version":[{"id":25704,"href":"https:\/\/www.sab.ch\/fr\/wp-json\/wp\/v2\/pages\/11622\/revisions\/25704"}],"up":[{"embeddable":true,"href":"https:\/\/www.sab.ch\/fr\/wp-json\/wp\/v2\/pages\/11399"}],"wp:attachment":[{"href":"https:\/\/www.sab.ch\/fr\/wp-json\/wp\/v2\/media?parent=11622"}],"curies":[{"name":"wp","href":"https:\/\/api.w.org\/{rel}","templated":true}]}}