{"id":12101,"date":"2023-02-02T09:44:24","date_gmt":"2023-02-02T08:44:24","guid":{"rendered":"https:\/\/www.sab.ch\/departement-technique-de-sab-volontaires-montagne\/cooperatives-de-construction-rurale-ccr\/consultations-pour-les-ccr\/"},"modified":"2023-02-06T10:41:57","modified_gmt":"2023-02-06T09:41:57","slug":"consultations-pour-les-ccr","status":"publish","type":"page","link":"https:\/\/www.sab.ch\/fr\/departement-technique-de-sab-volontaires-montagne\/cooperatives-de-construction-rurale-ccr\/consultations-pour-les-ccr\/","title":{"rendered":"Consultations pour les CCR"},"content":{"rendered":"<div id='av_section_1'  class='avia-section av-kbufzd3s-dd428f854b73db9c732bdb3b761e163e main_color avia-section-default avia-shadow  avia-builder-el-0  el_before_av_section  avia-builder-el-first  avia-bg-style-scroll container_wrap fullsize'  ><div class='container av-section-cont-open' ><main  role=\"main\" itemprop=\"mainContentOfPage\"  class='template-page content  av-content-full alpha units'><div class='post-entry post-entry-type-page post-entry-12101'><div class='entry-content-wrapper clearfix'>\n\n<style type=\"text\/css\" data-created_by=\"avia_inline_auto\" id=\"style-css-av-38q1-59d4a1d61c1719c885de0a85685ce4ed\">\n.flex_column.av-38q1-59d4a1d61c1719c885de0a85685ce4ed{\nborder-radius:0px 0px 0px 0px;\npadding:0px 0px 0px 0px;\n}\n<\/style>\n<div  class='flex_column av-38q1-59d4a1d61c1719c885de0a85685ce4ed av_two_third  avia-builder-el-1  el_before_av_one_third  avia-builder-el-first  first flex_column_div av-zero-column-padding  '     ><section  class='av_textblock_section av-jxk41cbl-de8745f204dcd65c5170bef159d7e21a '   itemscope=\"itemscope\" itemtype=\"https:\/\/schema.org\/CreativeWork\" ><div class='avia_textblock'  itemprop=\"text\" ><h4>Soutien organisationnel pour les questions de gestion telles que<\/h4>\n<ul>\n<li>Strat\u00e9gie<\/li>\n<li>Leadership<\/li>\n<li>Organisation<\/li>\n<li>Gestion des ressources humaines<\/li>\n<li>Marketing<\/li>\n<li>Administration<\/li>\n<\/ul>\n<p>Pour toute question relative \u00e0 l&rsquo;organisation, par exemple changement de directeur, planification strat\u00e9gique, s\u00e9lection de solutions informatiques, adaptation des statuts, etc., ST SAB se tient \u00e0 votre disposition pour vous conseiller. De m\u00eame, nous apportons notre aide pour toutes sortes de questions techniques dans le domaine op\u00e9rationnel, la s\u00e9curit\u00e9 au travail, la m\u00e9diation entre les parties, etc.<\/p>\n<\/div><\/section><\/div><div  class='flex_column av-4ahel4-f9bb1c678e742ad3a3949b46bc25feee av_one_third  avia-builder-el-3  el_after_av_two_third  avia-builder-el-last  flex_column_div  '     ><style type=\"text\/css\" data-created_by=\"avia_inline_auto\" id=\"style-css-av-lbkipjpe-56603740045b5203aad4e2e7562d49aa\">\n.avia-image-container.av-lbkipjpe-56603740045b5203aad4e2e7562d49aa img.avia_image{\nbox-shadow:none;\n}\n.avia-image-container.av-lbkipjpe-56603740045b5203aad4e2e7562d49aa .av-image-caption-overlay-center{\ncolor:#ffffff;\n}\n<\/style>\n<div  class='avia-image-container av-lbkipjpe-56603740045b5203aad4e2e7562d49aa av-styling- avia-align-center  avia-builder-el-4  avia-builder-el-no-sibling '   itemprop=\"image\" itemscope=\"itemscope\" itemtype=\"https:\/\/schema.org\/ImageObject\" ><div class=\"avia-image-container-inner\"><div class=\"avia-image-overlay-wrap\"><img decoding=\"async\" fetchpriority=\"high\" class='wp-image-11118 avia-img-lazy-loading-not-11118 avia_image ' src=\"https:\/\/www.sab.ch\/wp-content\/uploads\/2023\/01\/Organisation.jpg\" alt='' title='Organisation'  height=\"264\" width=\"454\"  itemprop=\"thumbnailUrl\"  \/><\/div><\/div><\/div><\/div>\n\n<\/div><\/div><\/main><!-- close content main element --><\/div><\/div><div id='av_section_2'  class='avia-section av-1g0mx77-db217c0169c59af9064cad5590220b1f main_color avia-section-default avia-shadow  avia-builder-el-5  el_after_av_section  el_before_av_section  avia-bg-style-scroll container_wrap fullsize'  ><div class='container av-section-cont-open' ><div class='template-page content  av-content-full alpha units'><div class='post-entry post-entry-type-page post-entry-12101'><div class='entry-content-wrapper clearfix'>\n\n<style type=\"text\/css\" data-created_by=\"avia_inline_auto\" id=\"style-css-av-11kxn8z-6b566f156f9efff16f5894c24039c0b0\">\n.flex_column.av-11kxn8z-6b566f156f9efff16f5894c24039c0b0{\nborder-radius:0px 0px 0px 0px;\npadding:0px 0px 0px 0px;\n}\n<\/style>\n<div  class='flex_column av-11kxn8z-6b566f156f9efff16f5894c24039c0b0 av_two_third  avia-builder-el-6  el_before_av_one_third  avia-builder-el-first  first flex_column_div av-zero-column-padding  '     ><section  class='av_textblock_section av-lcyigjit-42ec55fbec8c509311883a22459d9a69 '   itemscope=\"itemscope\" itemtype=\"https:\/\/schema.org\/CreativeWork\" ><div class='avia_textblock'  itemprop=\"text\" ><h4>Droit du travail \/ Convention nationale<\/h4>\n<p>Le th\u00e8me de la CN et du droit du travail en g\u00e9n\u00e9ral est complexe. L&rsquo;AT SAB soutient l&rsquo;ABG pour les questions relatives au droit du travail et aux contrats et proc\u00e8de aux clarifications n\u00e9cessaires.<\/p>\n<\/div><\/section><\/div><div  class='flex_column av-t79b0z-a7f5acdbf4fb915eef07dc6b0b972d39 av_one_third  avia-builder-el-8  el_after_av_two_third  avia-builder-el-last  flex_column_div  '     ><style type=\"text\/css\" data-created_by=\"avia_inline_auto\" id=\"style-css-av-lcyim36j-e65e123a132d979681d940dbfc68740d\">\n.avia-image-container.av-lcyim36j-e65e123a132d979681d940dbfc68740d img.avia_image{\nbox-shadow:none;\n}\n.avia-image-container.av-lcyim36j-e65e123a132d979681d940dbfc68740d .av-image-caption-overlay-center{\ncolor:#ffffff;\n}\n<\/style>\n<div  class='avia-image-container av-lcyim36j-e65e123a132d979681d940dbfc68740d av-styling- avia-align-center  avia-builder-el-9  avia-builder-el-no-sibling '   itemprop=\"image\" itemscope=\"itemscope\" itemtype=\"https:\/\/schema.org\/ImageObject\" ><div class=\"avia-image-container-inner\"><div class=\"avia-image-overlay-wrap\"><img decoding=\"async\" fetchpriority=\"high\" class='wp-image-11032 avia-img-lazy-loading-not-11032 avia_image ' src=\"https:\/\/www.sab.ch\/wp-content\/uploads\/2023\/01\/Arbeitsrecht.png\" alt='' title='Arbeitsrecht'  height=\"127\" width=\"300\"  itemprop=\"thumbnailUrl\"  \/><\/div><\/div><\/div><\/div>\n\n<\/div><\/div><\/div><!-- close content main div --><\/div><\/div><div id='av_section_3'  class='avia-section av-2ownshf-a884d12a7d2311fc4365fca31a525340 main_color avia-section-default avia-shadow  avia-builder-el-10  el_after_av_section  el_before_av_one_full  avia-bg-style-scroll container_wrap fullsize'  ><div class='container av-section-cont-open' ><div class='template-page content  av-content-full alpha units'><div class='post-entry post-entry-type-page post-entry-12101'><div class='entry-content-wrapper clearfix'>\n\n<style type=\"text\/css\" data-created_by=\"avia_inline_auto\" id=\"style-css-av-249t903-5e7227b01d4100f5a0d0fa8975ebee0a\">\n.flex_column.av-249t903-5e7227b01d4100f5a0d0fa8975ebee0a{\nborder-radius:0px 0px 0px 0px;\npadding:0px 0px 0px 0px;\n}\n<\/style>\n<div  class='flex_column av-249t903-5e7227b01d4100f5a0d0fa8975ebee0a av_two_third  avia-builder-el-11  el_before_av_one_third  avia-builder-el-first  first flex_column_div av-zero-column-padding  '     ><section  class='av_textblock_section av-1rs2emr-8fb0ffbc994a9d20c1e7ddac3e46ae8b '   itemscope=\"itemscope\" itemtype=\"https:\/\/schema.org\/CreativeWork\" ><div class='avia_textblock'  itemprop=\"text\" ><h4>Assurances<\/h4>\n<p><strong>Conseil pour les CCR<\/strong> en mati\u00e8re d&rsquo;assurances<\/p>\n<p><b>Assurance responsabilit\u00e9 civile du ma\u00eetre d&rsquo;ouvrage<\/b><br \/>\nL&rsquo;assurance responsabilit\u00e9 civile du ma\u00eetre d&rsquo;ouvrage est n\u00e9cessaire lorsque l&rsquo;activit\u00e9 de construction met en danger la propri\u00e9t\u00e9 de tiers (p. ex. formation de fissures sur des b\u00e2timents voisins en raison de travaux d&rsquo;excavation sur son propre terrain).<br \/>\n=&gt; Des primes d&rsquo;assurance avantageuses gr\u00e2ce au rabais cadre<\/p>\n<p><strong>Assurance travaux de construction<\/strong><\/p>\n<p>L&rsquo;assurance travaux de construction est importante en cas de travaux personnels importants pour couvrir les risques du ma\u00eetre d&rsquo;ouvrage. Elle est comparable \u00e0 l&rsquo;assurance tous risques d&rsquo;une voiture. Conclusion possible via la SAB pour toutes les constructions agricoles , en particulier pour les membres des CCR.<\/p>\n<\/div><\/section><\/div><div  class='flex_column av-12u8qdv-b0a48fe7aaf6012c2a8879935f8f7e72 av_one_third  avia-builder-el-13  el_after_av_two_third  avia-builder-el-last  flex_column_div  '     ><style type=\"text\/css\" data-created_by=\"avia_inline_auto\" id=\"style-css-av-iiy01f-83a6e1568207a2524b44c21336ff6672\">\n.avia-image-container.av-iiy01f-83a6e1568207a2524b44c21336ff6672 img.avia_image{\nbox-shadow:none;\n}\n.avia-image-container.av-iiy01f-83a6e1568207a2524b44c21336ff6672 .av-image-caption-overlay-center{\ncolor:#ffffff;\n}\n<\/style>\n<div  class='avia-image-container av-iiy01f-83a6e1568207a2524b44c21336ff6672 av-styling- avia-align-center  avia-builder-el-14  avia-builder-el-no-sibling '   itemprop=\"image\" itemscope=\"itemscope\" itemtype=\"https:\/\/schema.org\/ImageObject\" ><div class=\"avia-image-container-inner\"><div class=\"avia-image-overlay-wrap\"><img decoding=\"async\" fetchpriority=\"high\" class='wp-image-10038 avia-img-lazy-loading-not-10038 avia_image ' src=\"https:\/\/www.sab.ch\/wp-content\/uploads\/2022\/12\/Versicherung-1.jpg\" alt='' title='Versicherung'  height=\"340\" width=\"605\"  itemprop=\"thumbnailUrl\"  \/><\/div><\/div><\/div><\/div><\/div><\/div><\/div><!-- close content main div --><\/div><\/div><div id='after_section_3'  class='main_color av_default_container_wrap container_wrap fullsize'  ><div class='container av-section-cont-open' ><div class='template-page content  av-content-full alpha units'><div class='post-entry post-entry-type-page post-entry-12101'><div class='entry-content-wrapper clearfix'><div  class='flex_column av-30alh4-f906c9e4b2db0bfe08dda0df6bdab49e av_one_full  avia-builder-el-15  el_after_av_section  avia-builder-el-no-sibling  first flex_column_div  '     ><\/div><\/p>\n","protected":false},"excerpt":{"rendered":"","protected":false},"author":6,"featured_media":0,"parent":10517,"menu_order":0,"comment_status":"closed","ping_status":"closed","template":"","meta":{"footnotes":""},"class_list":["post-12101","page","type-page","status-publish","hentry"],"yoast_head":"<!-- This site is optimized with the Yoast SEO plugin v27.4 - https:\/\/yoast.com\/product\/yoast-seo-wordpress\/ -->\n<title>Consultations pour les CCR - S A B<\/title>\n<meta name=\"robots\" content=\"index, follow, max-snippet:-1, max-image-preview:large, max-video-preview:-1\" \/>\n<link rel=\"canonical\" href=\"https:\/\/www.sab.ch\/fr\/departement-technique-de-sab-volontaires-montagne\/cooperatives-de-construction-rurale-ccr\/consultations-pour-les-ccr\/\" \/>\n<meta property=\"og:locale\" content=\"fr_FR\" \/>\n<meta property=\"og:type\" content=\"article\" \/>\n<meta property=\"og:title\" content=\"Consultations pour les CCR - S A B\" \/>\n<meta property=\"og:url\" content=\"https:\/\/www.sab.ch\/fr\/departement-technique-de-sab-volontaires-montagne\/cooperatives-de-construction-rurale-ccr\/consultations-pour-les-ccr\/\" \/>\n<meta property=\"og:site_name\" content=\"S A B\" \/>\n<meta property=\"article:modified_time\" content=\"2023-02-06T09:41:57+00:00\" \/>\n<meta name=\"twitter:card\" content=\"summary_large_image\" \/>\n<meta name=\"twitter:label1\" content=\"Dur\u00e9e de lecture estim\u00e9e\" \/>\n\t<meta name=\"twitter:data1\" content=\"19 minutes\" \/>\n<script type=\"application\/ld+json\" class=\"yoast-schema-graph\">{\"@context\":\"https:\\\/\\\/schema.org\",\"@graph\":[{\"@type\":\"WebPage\",\"@id\":\"https:\\\/\\\/www.sab.ch\\\/fr\\\/departement-technique-de-sab-volontaires-montagne\\\/cooperatives-de-construction-rurale-ccr\\\/consultations-pour-les-ccr\\\/\",\"url\":\"https:\\\/\\\/www.sab.ch\\\/fr\\\/departement-technique-de-sab-volontaires-montagne\\\/cooperatives-de-construction-rurale-ccr\\\/consultations-pour-les-ccr\\\/\",\"name\":\"Consultations pour les CCR - S A B\",\"isPartOf\":{\"@id\":\"https:\\\/\\\/www.sab.ch\\\/fr\\\/#website\"},\"datePublished\":\"2023-02-02T08:44:24+00:00\",\"dateModified\":\"2023-02-06T09:41:57+00:00\",\"breadcrumb\":{\"@id\":\"https:\\\/\\\/www.sab.ch\\\/fr\\\/departement-technique-de-sab-volontaires-montagne\\\/cooperatives-de-construction-rurale-ccr\\\/consultations-pour-les-ccr\\\/#breadcrumb\"},\"inLanguage\":\"fr-FR\",\"potentialAction\":[{\"@type\":\"ReadAction\",\"target\":[\"https:\\\/\\\/www.sab.ch\\\/fr\\\/departement-technique-de-sab-volontaires-montagne\\\/cooperatives-de-construction-rurale-ccr\\\/consultations-pour-les-ccr\\\/\"]}]},{\"@type\":\"BreadcrumbList\",\"@id\":\"https:\\\/\\\/www.sab.ch\\\/fr\\\/departement-technique-de-sab-volontaires-montagne\\\/cooperatives-de-construction-rurale-ccr\\\/consultations-pour-les-ccr\\\/#breadcrumb\",\"itemListElement\":[{\"@type\":\"ListItem\",\"position\":1,\"name\":\"Startseite\",\"item\":\"https:\\\/\\\/www.sab.ch\\\/fr\\\/home\\\/\"},{\"@type\":\"ListItem\",\"position\":2,\"name\":\"D\u00e9partement technique\\\/ volontaires montagne\",\"item\":\"https:\\\/\\\/www.sab.ch\\\/fr\\\/departement-technique-de-sab-volontaires-montagne\\\/\"},{\"@type\":\"ListItem\",\"position\":3,\"name\":\"Coop\u00e9ratives de construction rurale (CCR)\",\"item\":\"https:\\\/\\\/www.sab.ch\\\/fr\\\/departement-technique-de-sab-volontaires-montagne\\\/cooperatives-de-construction-rurale-ccr\\\/\"},{\"@type\":\"ListItem\",\"position\":4,\"name\":\"Consultations pour les CCR\"}]},{\"@type\":\"WebSite\",\"@id\":\"https:\\\/\\\/www.sab.ch\\\/fr\\\/#website\",\"url\":\"https:\\\/\\\/www.sab.ch\\\/fr\\\/\",\"name\":\"S A B\",\"description\":\"\",\"potentialAction\":[{\"@type\":\"SearchAction\",\"target\":{\"@type\":\"EntryPoint\",\"urlTemplate\":\"https:\\\/\\\/www.sab.ch\\\/fr\\\/?s={search_term_string}\"},\"query-input\":{\"@type\":\"PropertyValueSpecification\",\"valueRequired\":true,\"valueName\":\"search_term_string\"}}],\"inLanguage\":\"fr-FR\"}]}<\/script>\n<!-- \/ Yoast SEO plugin. -->","yoast_head_json":{"title":"Consultations pour les CCR - S A B","robots":{"index":"index","follow":"follow","max-snippet":"max-snippet:-1","max-image-preview":"max-image-preview:large","max-video-preview":"max-video-preview:-1"},"canonical":"https:\/\/www.sab.ch\/fr\/departement-technique-de-sab-volontaires-montagne\/cooperatives-de-construction-rurale-ccr\/consultations-pour-les-ccr\/","og_locale":"fr_FR","og_type":"article","og_title":"Consultations pour les CCR - S A B","og_url":"https:\/\/www.sab.ch\/fr\/departement-technique-de-sab-volontaires-montagne\/cooperatives-de-construction-rurale-ccr\/consultations-pour-les-ccr\/","og_site_name":"S A B","article_modified_time":"2023-02-06T09:41:57+00:00","twitter_card":"summary_large_image","twitter_misc":{"Dur\u00e9e de lecture estim\u00e9e":"19 minutes"},"schema":{"@context":"https:\/\/schema.org","@graph":[{"@type":"WebPage","@id":"https:\/\/www.sab.ch\/fr\/departement-technique-de-sab-volontaires-montagne\/cooperatives-de-construction-rurale-ccr\/consultations-pour-les-ccr\/","url":"https:\/\/www.sab.ch\/fr\/departement-technique-de-sab-volontaires-montagne\/cooperatives-de-construction-rurale-ccr\/consultations-pour-les-ccr\/","name":"Consultations pour les CCR - S A B","isPartOf":{"@id":"https:\/\/www.sab.ch\/fr\/#website"},"datePublished":"2023-02-02T08:44:24+00:00","dateModified":"2023-02-06T09:41:57+00:00","breadcrumb":{"@id":"https:\/\/www.sab.ch\/fr\/departement-technique-de-sab-volontaires-montagne\/cooperatives-de-construction-rurale-ccr\/consultations-pour-les-ccr\/#breadcrumb"},"inLanguage":"fr-FR","potentialAction":[{"@type":"ReadAction","target":["https:\/\/www.sab.ch\/fr\/departement-technique-de-sab-volontaires-montagne\/cooperatives-de-construction-rurale-ccr\/consultations-pour-les-ccr\/"]}]},{"@type":"BreadcrumbList","@id":"https:\/\/www.sab.ch\/fr\/departement-technique-de-sab-volontaires-montagne\/cooperatives-de-construction-rurale-ccr\/consultations-pour-les-ccr\/#breadcrumb","itemListElement":[{"@type":"ListItem","position":1,"name":"Startseite","item":"https:\/\/www.sab.ch\/fr\/home\/"},{"@type":"ListItem","position":2,"name":"D\u00e9partement technique\/ volontaires montagne","item":"https:\/\/www.sab.ch\/fr\/departement-technique-de-sab-volontaires-montagne\/"},{"@type":"ListItem","position":3,"name":"Coop\u00e9ratives de construction rurale (CCR)","item":"https:\/\/www.sab.ch\/fr\/departement-technique-de-sab-volontaires-montagne\/cooperatives-de-construction-rurale-ccr\/"},{"@type":"ListItem","position":4,"name":"Consultations pour les CCR"}]},{"@type":"WebSite","@id":"https:\/\/www.sab.ch\/fr\/#website","url":"https:\/\/www.sab.ch\/fr\/","name":"S A B","description":"","potentialAction":[{"@type":"SearchAction","target":{"@type":"EntryPoint","urlTemplate":"https:\/\/www.sab.ch\/fr\/?s={search_term_string}"},"query-input":{"@type":"PropertyValueSpecification","valueRequired":true,"valueName":"search_term_string"}}],"inLanguage":"fr-FR"}]}},"_links":{"self":[{"href":"https:\/\/www.sab.ch\/fr\/wp-json\/wp\/v2\/pages\/12101","targetHints":{"allow":["GET"]}}],"collection":[{"href":"https:\/\/www.sab.ch\/fr\/wp-json\/wp\/v2\/pages"}],"about":[{"href":"https:\/\/www.sab.ch\/fr\/wp-json\/wp\/v2\/types\/page"}],"author":[{"embeddable":true,"href":"https:\/\/www.sab.ch\/fr\/wp-json\/wp\/v2\/users\/6"}],"replies":[{"embeddable":true,"href":"https:\/\/www.sab.ch\/fr\/wp-json\/wp\/v2\/comments?post=12101"}],"version-history":[{"count":4,"href":"https:\/\/www.sab.ch\/fr\/wp-json\/wp\/v2\/pages\/12101\/revisions"}],"predecessor-version":[{"id":12590,"href":"https:\/\/www.sab.ch\/fr\/wp-json\/wp\/v2\/pages\/12101\/revisions\/12590"}],"up":[{"embeddable":true,"href":"https:\/\/www.sab.ch\/fr\/wp-json\/wp\/v2\/pages\/10517"}],"wp:attachment":[{"href":"https:\/\/www.sab.ch\/fr\/wp-json\/wp\/v2\/media?parent=12101"}],"curies":[{"name":"wp","href":"https:\/\/api.w.org\/{rel}","templated":true}]}}