{"id":12127,"date":"2023-02-02T13:46:47","date_gmt":"2023-02-02T12:46:47","guid":{"rendered":"https:\/\/www.sab.ch\/departement-technique-de-sab-volontaires-montagne\/news-und-mitteilungen\/rapports-sur-les-cours-congres-evenements-en-allemand\/"},"modified":"2025-01-09T09:43:01","modified_gmt":"2025-01-09T08:43:01","slug":"rapports-sur-les-cours-congres-evenements-en-allemand","status":"publish","type":"page","link":"https:\/\/www.sab.ch\/fr\/departement-technique-de-sab-volontaires-montagne\/news-und-mitteilungen\/rapports-sur-les-cours-congres-evenements-en-allemand\/","title":{"rendered":"Rapports sur les cours\/congr\u00e8s\/\u00e9v\u00e9nements ( en allemand)"},"content":{"rendered":"\n<style type=\"text\/css\" data-created_by=\"avia_inline_auto\" id=\"style-css-av-lbkldcmn-3d902d0b72faef2e05a5f86440ae5387\">\n.avia-section.av-lbkldcmn-3d902d0b72faef2e05a5f86440ae5387{\nbackground-color:#d5dbe8;\nbackground-image:unset;\n}\n<\/style>\n<div id='av_section_1'  class='avia-section av-lbkldcmn-3d902d0b72faef2e05a5f86440ae5387 main_color avia-section-default avia-shadow  avia-builder-el-0  avia-builder-el-no-sibling  avia-bg-style-scroll container_wrap fullsize'  ><div class='container av-section-cont-open' ><main  role=\"main\" itemprop=\"mainContentOfPage\"  class='template-page content  av-content-full alpha units'><div class='post-entry post-entry-type-page post-entry-12127'><div class='entry-content-wrapper clearfix'>\n\n<style type=\"text\/css\" data-created_by=\"avia_inline_auto\" id=\"style-css-av-44ifdu-d92b42ef2af25902407ce2116d6583b4\">\n.flex_column.av-44ifdu-d92b42ef2af25902407ce2116d6583b4{\nborder-radius:0px 0px 0px 0px;\npadding:0px 0px 0px 0px;\n}\n<\/style>\n<div  class='flex_column av-44ifdu-d92b42ef2af25902407ce2116d6583b4 av_two_third  avia-builder-el-1  avia-builder-el-no-sibling  first flex_column_div av-zero-column-padding  '     ><section  class='av_textblock_section av-2qog1u-c97fd24573884be796784653e37f4c00 '   itemscope=\"itemscope\" itemtype=\"https:\/\/schema.org\/CreativeWork\" ><div class='avia_textblock'  itemprop=\"text\" ><h2>Rapports sur les cours de 2025<\/h2>\n<p>Nous nous r\u00e9jouissons de pouvoir vous informer sur les divers cours et \u00e9v\u00e9nements qui auront lieu en 2025.<\/p>\n<h2><\/h2>\n<\/div><\/section><\/div>\n","protected":false},"excerpt":{"rendered":"","protected":false},"author":6,"featured_media":0,"parent":7570,"menu_order":0,"comment_status":"closed","ping_status":"closed","template":"","meta":{"footnotes":""},"class_list":["post-12127","page","type-page","status-publish","hentry"],"yoast_head":"<!-- This site is optimized with the Yoast SEO plugin v27.4 - https:\/\/yoast.com\/product\/yoast-seo-wordpress\/ -->\n<title>Rapports sur les cours\/congr\u00e8s\/\u00e9v\u00e9nements ( en allemand) - S A B<\/title>\n<meta name=\"robots\" content=\"index, follow, max-snippet:-1, max-image-preview:large, max-video-preview:-1\" \/>\n<link rel=\"canonical\" href=\"https:\/\/www.sab.ch\/fr\/departement-technique-de-sab-volontaires-montagne\/news-und-mitteilungen\/rapports-sur-les-cours-congres-evenements-en-allemand\/\" \/>\n<meta property=\"og:locale\" content=\"fr_FR\" \/>\n<meta property=\"og:type\" content=\"article\" \/>\n<meta property=\"og:title\" content=\"Rapports sur les cours\/congr\u00e8s\/\u00e9v\u00e9nements ( en allemand) - S A B\" \/>\n<meta property=\"og:url\" content=\"https:\/\/www.sab.ch\/fr\/departement-technique-de-sab-volontaires-montagne\/news-und-mitteilungen\/rapports-sur-les-cours-congres-evenements-en-allemand\/\" \/>\n<meta property=\"og:site_name\" content=\"S A B\" \/>\n<meta property=\"article:modified_time\" content=\"2025-01-09T08:43:01+00:00\" \/>\n<meta name=\"twitter:card\" content=\"summary_large_image\" \/>\n<meta name=\"twitter:label1\" content=\"Dur\u00e9e de lecture estim\u00e9e\" \/>\n\t<meta name=\"twitter:data1\" content=\"1 minute\" \/>\n<script type=\"application\/ld+json\" class=\"yoast-schema-graph\">{\"@context\":\"https:\\\/\\\/schema.org\",\"@graph\":[{\"@type\":\"WebPage\",\"@id\":\"https:\\\/\\\/www.sab.ch\\\/fr\\\/departement-technique-de-sab-volontaires-montagne\\\/news-und-mitteilungen\\\/rapports-sur-les-cours-congres-evenements-en-allemand\\\/\",\"url\":\"https:\\\/\\\/www.sab.ch\\\/fr\\\/departement-technique-de-sab-volontaires-montagne\\\/news-und-mitteilungen\\\/rapports-sur-les-cours-congres-evenements-en-allemand\\\/\",\"name\":\"Rapports sur les cours\\\/congr\u00e8s\\\/\u00e9v\u00e9nements ( en allemand) - S A B\",\"isPartOf\":{\"@id\":\"https:\\\/\\\/www.sab.ch\\\/fr\\\/#website\"},\"datePublished\":\"2023-02-02T12:46:47+00:00\",\"dateModified\":\"2025-01-09T08:43:01+00:00\",\"breadcrumb\":{\"@id\":\"https:\\\/\\\/www.sab.ch\\\/fr\\\/departement-technique-de-sab-volontaires-montagne\\\/news-und-mitteilungen\\\/rapports-sur-les-cours-congres-evenements-en-allemand\\\/#breadcrumb\"},\"inLanguage\":\"fr-FR\",\"potentialAction\":[{\"@type\":\"ReadAction\",\"target\":[\"https:\\\/\\\/www.sab.ch\\\/fr\\\/departement-technique-de-sab-volontaires-montagne\\\/news-und-mitteilungen\\\/rapports-sur-les-cours-congres-evenements-en-allemand\\\/\"]}]},{\"@type\":\"BreadcrumbList\",\"@id\":\"https:\\\/\\\/www.sab.ch\\\/fr\\\/departement-technique-de-sab-volontaires-montagne\\\/news-und-mitteilungen\\\/rapports-sur-les-cours-congres-evenements-en-allemand\\\/#breadcrumb\",\"itemListElement\":[{\"@type\":\"ListItem\",\"position\":1,\"name\":\"Startseite\",\"item\":\"https:\\\/\\\/www.sab.ch\\\/fr\\\/home\\\/\"},{\"@type\":\"ListItem\",\"position\":2,\"name\":\"D\u00e9partement technique\\\/ volontaires montagne\",\"item\":\"https:\\\/\\\/www.sab.ch\\\/fr\\\/departement-technique-de-sab-volontaires-montagne\\\/\"},{\"@type\":\"ListItem\",\"position\":3,\"name\":\"News et communications\",\"item\":\"https:\\\/\\\/www.sab.ch\\\/fr\\\/departement-technique-de-sab-volontaires-montagne\\\/news-und-mitteilungen\\\/\"},{\"@type\":\"ListItem\",\"position\":4,\"name\":\"Rapports sur les cours\\\/congr\u00e8s\\\/\u00e9v\u00e9nements ( en allemand)\"}]},{\"@type\":\"WebSite\",\"@id\":\"https:\\\/\\\/www.sab.ch\\\/fr\\\/#website\",\"url\":\"https:\\\/\\\/www.sab.ch\\\/fr\\\/\",\"name\":\"S A B\",\"description\":\"\",\"potentialAction\":[{\"@type\":\"SearchAction\",\"target\":{\"@type\":\"EntryPoint\",\"urlTemplate\":\"https:\\\/\\\/www.sab.ch\\\/fr\\\/?s={search_term_string}\"},\"query-input\":{\"@type\":\"PropertyValueSpecification\",\"valueRequired\":true,\"valueName\":\"search_term_string\"}}],\"inLanguage\":\"fr-FR\"}]}<\/script>\n<!-- \/ Yoast SEO plugin. -->","yoast_head_json":{"title":"Rapports sur les cours\/congr\u00e8s\/\u00e9v\u00e9nements ( en allemand) - S A B","robots":{"index":"index","follow":"follow","max-snippet":"max-snippet:-1","max-image-preview":"max-image-preview:large","max-video-preview":"max-video-preview:-1"},"canonical":"https:\/\/www.sab.ch\/fr\/departement-technique-de-sab-volontaires-montagne\/news-und-mitteilungen\/rapports-sur-les-cours-congres-evenements-en-allemand\/","og_locale":"fr_FR","og_type":"article","og_title":"Rapports sur les cours\/congr\u00e8s\/\u00e9v\u00e9nements ( en allemand) - S A B","og_url":"https:\/\/www.sab.ch\/fr\/departement-technique-de-sab-volontaires-montagne\/news-und-mitteilungen\/rapports-sur-les-cours-congres-evenements-en-allemand\/","og_site_name":"S A B","article_modified_time":"2025-01-09T08:43:01+00:00","twitter_card":"summary_large_image","twitter_misc":{"Dur\u00e9e de lecture estim\u00e9e":"1 minute"},"schema":{"@context":"https:\/\/schema.org","@graph":[{"@type":"WebPage","@id":"https:\/\/www.sab.ch\/fr\/departement-technique-de-sab-volontaires-montagne\/news-und-mitteilungen\/rapports-sur-les-cours-congres-evenements-en-allemand\/","url":"https:\/\/www.sab.ch\/fr\/departement-technique-de-sab-volontaires-montagne\/news-und-mitteilungen\/rapports-sur-les-cours-congres-evenements-en-allemand\/","name":"Rapports sur les cours\/congr\u00e8s\/\u00e9v\u00e9nements ( en allemand) - S A B","isPartOf":{"@id":"https:\/\/www.sab.ch\/fr\/#website"},"datePublished":"2023-02-02T12:46:47+00:00","dateModified":"2025-01-09T08:43:01+00:00","breadcrumb":{"@id":"https:\/\/www.sab.ch\/fr\/departement-technique-de-sab-volontaires-montagne\/news-und-mitteilungen\/rapports-sur-les-cours-congres-evenements-en-allemand\/#breadcrumb"},"inLanguage":"fr-FR","potentialAction":[{"@type":"ReadAction","target":["https:\/\/www.sab.ch\/fr\/departement-technique-de-sab-volontaires-montagne\/news-und-mitteilungen\/rapports-sur-les-cours-congres-evenements-en-allemand\/"]}]},{"@type":"BreadcrumbList","@id":"https:\/\/www.sab.ch\/fr\/departement-technique-de-sab-volontaires-montagne\/news-und-mitteilungen\/rapports-sur-les-cours-congres-evenements-en-allemand\/#breadcrumb","itemListElement":[{"@type":"ListItem","position":1,"name":"Startseite","item":"https:\/\/www.sab.ch\/fr\/home\/"},{"@type":"ListItem","position":2,"name":"D\u00e9partement technique\/ volontaires montagne","item":"https:\/\/www.sab.ch\/fr\/departement-technique-de-sab-volontaires-montagne\/"},{"@type":"ListItem","position":3,"name":"News et communications","item":"https:\/\/www.sab.ch\/fr\/departement-technique-de-sab-volontaires-montagne\/news-und-mitteilungen\/"},{"@type":"ListItem","position":4,"name":"Rapports sur les cours\/congr\u00e8s\/\u00e9v\u00e9nements ( en allemand)"}]},{"@type":"WebSite","@id":"https:\/\/www.sab.ch\/fr\/#website","url":"https:\/\/www.sab.ch\/fr\/","name":"S A B","description":"","potentialAction":[{"@type":"SearchAction","target":{"@type":"EntryPoint","urlTemplate":"https:\/\/www.sab.ch\/fr\/?s={search_term_string}"},"query-input":{"@type":"PropertyValueSpecification","valueRequired":true,"valueName":"search_term_string"}}],"inLanguage":"fr-FR"}]}},"_links":{"self":[{"href":"https:\/\/www.sab.ch\/fr\/wp-json\/wp\/v2\/pages\/12127","targetHints":{"allow":["GET"]}}],"collection":[{"href":"https:\/\/www.sab.ch\/fr\/wp-json\/wp\/v2\/pages"}],"about":[{"href":"https:\/\/www.sab.ch\/fr\/wp-json\/wp\/v2\/types\/page"}],"author":[{"embeddable":true,"href":"https:\/\/www.sab.ch\/fr\/wp-json\/wp\/v2\/users\/6"}],"replies":[{"embeddable":true,"href":"https:\/\/www.sab.ch\/fr\/wp-json\/wp\/v2\/comments?post=12127"}],"version-history":[{"count":9,"href":"https:\/\/www.sab.ch\/fr\/wp-json\/wp\/v2\/pages\/12127\/revisions"}],"predecessor-version":[{"id":25044,"href":"https:\/\/www.sab.ch\/fr\/wp-json\/wp\/v2\/pages\/12127\/revisions\/25044"}],"up":[{"embeddable":true,"href":"https:\/\/www.sab.ch\/fr\/wp-json\/wp\/v2\/pages\/7570"}],"wp:attachment":[{"href":"https:\/\/www.sab.ch\/fr\/wp-json\/wp\/v2\/media?parent=12127"}],"curies":[{"name":"wp","href":"https:\/\/api.w.org\/{rel}","templated":true}]}}