{"id":12139,"date":"2023-02-02T13:49:40","date_gmt":"2023-02-02T12:49:40","guid":{"rendered":"https:\/\/www.sab.ch\/departement-technique-de-sab-volontaires-montagne\/news-und-mitteilungen\/rapports-sur-les-assemblees-generales-glb-lbg-en-allemand\/"},"modified":"2025-04-03T08:09:59","modified_gmt":"2025-04-03T06:09:59","slug":"rapports-sur-les-assemblees-generales-glb-lbg-en-allemand","status":"publish","type":"page","link":"https:\/\/www.sab.ch\/fr\/departement-technique-de-sab-volontaires-montagne\/news-und-mitteilungen\/rapports-sur-les-assemblees-generales-glb-lbg-en-allemand\/","title":{"rendered":"Rapports sur les assembl\u00e9es g\u00e9n\u00e9rales GLB\/LBG (en allemand)"},"content":{"rendered":"<\/p>\n<div  class='flex_column av-6l7ddd-29951c39ebdad6a7bf535a77867258e1 av_one_full  avia-builder-el-0  el_before_av_two_third  avia-builder-el-first  first flex_column_div  '     ><section  class='av_textblock_section av-lb6bz6cx-eae41546a6ce4a788e0c930b6ab1d774 '   itemscope=\"itemscope\" itemtype=\"https:\/\/schema.org\/CreativeWork\" ><div class='avia_textblock'  itemprop=\"text\" ><h1>Assembl\u00e9es g\u00e9n\u00e9rales des GLB\/LBG\/CCR sur l&rsquo;exercie 2024<\/h1>\n<p>Nous nous r\u00e9jouissons d&rsquo;assister aux assembl\u00e9es g\u00e9n\u00e9rales de nos coop\u00e9ratives de construction en 2025 et d&rsquo;en rendre compte.<\/p>\n<\/div><\/section><\/div>\n<div  class='flex_column av-av_two_third-a2cef933b0a555f25d1e39b22a8e9dae av_two_third  avia-builder-el-2  el_after_av_one_full  el_before_av_hr  first flex_column_div  column-top-margin'     ><section  class='av_textblock_section av-m90ybvpe-d3c610e8affa332bc6f3c76137b79e20 '   itemscope=\"itemscope\" itemtype=\"https:\/\/schema.org\/CreativeWork\" ><div class='avia_textblock'  itemprop=\"text\" ><h3>CCR Ecuvillens, 27 mars 2025 &#8211; 60\u00e8me assembl\u00e9e g\u00e9n\u00e9rale<\/h3>\n<p><strong>Adrian Schneider, pr\u00e9sident<\/strong> de la CCR d&rsquo;Ecuvillens, a souhait\u00e9, lors de cette 60<sup>\u00e8me <\/sup>assembl\u00e9e g\u00e9n\u00e9rale, la bienvenue aux personnes pr\u00e9sentes et en particulier \u00e0 Didier Castella, conseiller d&rsquo;Etat. Il a d\u00e9but\u00e9 son rapport annuel par ces mots : \u00ab <em>La m\u00e9t\u00e9o n&rsquo;a \u00e9t\u00e9 favorable ni aux agriculteurs ni \u00e0 l&rsquo;industrie du b\u00e2timent.\u00a0\u00bb<\/em> Le manque d&rsquo;autorisations a constitu\u00e9 un autre d\u00e9fi. Sur certains chantiers, les travaux n&rsquo;ont pu d\u00e9marrer qu&rsquo;avec plusieurs mois de retard, voire pas du tout. Parfois, 6 \u00e0 9 mois ont \u00e9t\u00e9 perdus avant que les demandes ne soient trait\u00e9es par les employ\u00e9s du canton. Cette dur\u00e9e est trop longue pour la planification des chantiers, ainsi que pour la planification des interventions des collaborateurs. Cela bloque aussi bien le ma\u00eetre d&rsquo;ouvrage que la CCR.<\/p>\n<p>Adrian Schneider remercie tous les participants pour leur tr\u00e8s bonne collaboration. La CCR d&rsquo;Ecuvillens est petite, mais malgr\u00e9 tous les d\u00e9fis, elle affiche de bons chiffres. Les investissements sont importants, mais tout doit rester en \u00e9quilibre.<\/p>\n<p>Le pr\u00e9sident profite de cette 60<sup>\u00e8me<\/sup> assembl\u00e9e g\u00e9n\u00e9rale pour<strong> passer en revue l&rsquo;histoire de la CCR d&rsquo;Ecuvillens<\/strong> : la <strong>CCR Farvagny a \u00e9t\u00e9 cr\u00e9\u00e9e en 1965<\/strong> et la <strong>Fondation GLB Singine en 1968<\/strong>. <strong>Adrian Schneider a rejoint<\/strong> la Fondation GLB Singine d\u00e8s <strong>1977<\/strong>. En 1979, les deux coop\u00e9ratives ont fusionn\u00e9. En 1988, lors du 20<sup>\u00e8me<\/sup> anniversaire, le nouveau <strong>pr\u00e9sident, Pierre Mauroux<\/strong>, a pris ses fonctions, qu&rsquo;il a <strong>transmises \u00e0 Adrian Schneider en 2004<\/strong>. Entre 2002 et 2004, 20 collaborateurs ont \u00e9t\u00e9 employ\u00e9s. En <strong>2005<\/strong>, le directeur a d\u00fb \u00eatre licenci\u00e9 apr\u00e8s 5 ans d&rsquo;activit\u00e9 et une <strong>demande de sursis concordataire<\/strong> a \u00e9t\u00e9 d\u00e9pos\u00e9e. Les collaborateurs ont heureusement pu \u00eatre reclass\u00e9s. L&rsquo;ann\u00e9e suivante, un comit\u00e9 recompos\u00e9 a <strong>repris le travail avec la CCR d&rsquo;Ecuvillens<\/strong> et a engag\u00e9 Julio Ramos comme chef de chantier et Adrian Schneider comme directeur.<\/p>\n<p>Apr\u00e8s ce voyage historique impressionnant, Didier Castella a transmis ses salutations. Un tr\u00e8s bon repas de midi a \u00e9t\u00e9 servi \u00e0 l&rsquo;Auberge du Barrage. L&rsquo;apr\u00e8s-midi, les participants se sont retrouv\u00e9s pour visiter l&rsquo;\u00e9table du vice-pr\u00e9sident Christophe Mauroux \u00e0 Autigny. Elle a \u00e9t\u00e9 agrandie pour accueillir 150 vaches.<\/p>\n<\/div><\/section><br \/>\n\n<style type=\"text\/css\" data-created_by=\"avia_inline_auto\" id=\"style-css-av-m90ygyyh-5bd73785ef83e754c3c21ce5a31abcdf\">\n#top .avia-gallery.av-m90ygyyh-5bd73785ef83e754c3c21ce5a31abcdf .avia-gallery-thumb a{\nwidth:20%;\n}\n<\/style>\n<div  class='avia-gallery av-m90ygyyh-5bd73785ef83e754c3c21ce5a31abcdf avia_animate_when_visible  avia-builder-el-4  el_after_av_textblock  avia-builder-el-last  avia_lazyload avia-gallery-animate avia-gallery-1'  itemprop=\"image\" itemscope=\"itemscope\" itemtype=\"https:\/\/schema.org\/ImageObject\" ><meta itemprop=\"contentURL\" content=\"https:\/\/www.sab.ch\/fr\/departement-technique-de-sab-volontaires-montagne\/news-und-mitteilungen\/rapports-sur-les-assemblees-generales-glb-lbg-en-allemand\/\"><div class='avia-gallery-thumb'><a href=\"https:\/\/www.sab.ch\/wp-content\/uploads\/2025\/04\/IMG_0388-1440x1080.jpg\" data-srcset=\"https:\/\/www.sab.ch\/wp-content\/uploads\/2025\/04\/IMG_0388-1440x1080.jpg 1440w, https:\/\/www.sab.ch\/wp-content\/uploads\/2025\/04\/IMG_0388-1024x768.jpg 1024w, https:\/\/www.sab.ch\/wp-content\/uploads\/2025\/04\/IMG_0388-768x576.jpg 768w, https:\/\/www.sab.ch\/wp-content\/uploads\/2025\/04\/IMG_0388-1536x1152.jpg 1536w, https:\/\/www.sab.ch\/wp-content\/uploads\/2025\/04\/IMG_0388-2048x1536.jpg 2048w, https:\/\/www.sab.ch\/wp-content\/uploads\/2025\/04\/IMG_0388-1500x1125.jpg 1500w, https:\/\/www.sab.ch\/wp-content\/uploads\/2025\/04\/IMG_0388-705x529.jpg 705w\" data-sizes=\"(max-width: 1440px) 100vw, 1440px\" data-rel='gallery-1' data-prev-img='https:\/\/www.sab.ch\/wp-content\/uploads\/2025\/04\/IMG_0388-495x400.jpg' class='first_thumb lightbox ' data-onclick='1' title='Adrian Schneider, pr\u00e9sident'  itemprop=\"thumbnailUrl\"  ><img decoding=\"async\" fetchpriority=\"high\" class=\"wp-image-26593 avia-img-lazy-loading-not-26593\"   src=\"https:\/\/www.sab.ch\/wp-content\/uploads\/2025\/04\/IMG_0388-495x400.jpg\" width=\"495\" height=\"400\"  title='Adrian Schneider, pr\u00e9sident' alt='' srcset=\"https:\/\/www.sab.ch\/wp-content\/uploads\/2025\/04\/IMG_0388-495x400.jpg 495w, https:\/\/www.sab.ch\/wp-content\/uploads\/2025\/04\/IMG_0388-845x684.jpg 845w\" sizes=\"(max-width: 495px) 100vw, 495px\" \/><div class='big-prev-fake'><img decoding=\"async\" loading=\"lazy\" class=\"wp-image-26593 avia-img-lazy-loading-26593\"  width=\"495\" height=\"400\" src=\"https:\/\/www.sab.ch\/wp-content\/uploads\/2025\/04\/IMG_0388-495x400.jpg\" title='Adrian Schneider, pr\u00e9sident' alt='' srcset=\"https:\/\/www.sab.ch\/wp-content\/uploads\/2025\/04\/IMG_0388-495x400.jpg 495w, https:\/\/www.sab.ch\/wp-content\/uploads\/2025\/04\/IMG_0388-845x684.jpg 845w\" sizes=\"auto, (max-width: 495px) 100vw, 495px\" \/><\/div><\/a><a href=\"https:\/\/www.sab.ch\/wp-content\/uploads\/2025\/04\/eingespieltes-Team-1440x1080.jpg\" data-srcset=\"https:\/\/www.sab.ch\/wp-content\/uploads\/2025\/04\/eingespieltes-Team-1440x1080.jpg 1440w, https:\/\/www.sab.ch\/wp-content\/uploads\/2025\/04\/eingespieltes-Team-1024x768.jpg 1024w, https:\/\/www.sab.ch\/wp-content\/uploads\/2025\/04\/eingespieltes-Team-768x576.jpg 768w, https:\/\/www.sab.ch\/wp-content\/uploads\/2025\/04\/eingespieltes-Team-1536x1152.jpg 1536w, https:\/\/www.sab.ch\/wp-content\/uploads\/2025\/04\/eingespieltes-Team-2048x1536.jpg 2048w, https:\/\/www.sab.ch\/wp-content\/uploads\/2025\/04\/eingespieltes-Team-1500x1125.jpg 1500w, https:\/\/www.sab.ch\/wp-content\/uploads\/2025\/04\/eingespieltes-Team-705x529.jpg 705w\" data-sizes=\"(max-width: 1440px) 100vw, 1440px\" data-rel='gallery-1' data-prev-img='https:\/\/www.sab.ch\/wp-content\/uploads\/2025\/04\/eingespieltes-Team-495x400.jpg' class='lightbox ' data-onclick='2' title='une \u00e9quipe bien rod\u00e9e: Julio Ramos, Marina Augagneur, Adrian Schneideru'  itemprop=\"thumbnailUrl\"  ><img decoding=\"async\" fetchpriority=\"high\" class=\"wp-image-26596 avia-img-lazy-loading-not-26596\"   src=\"https:\/\/www.sab.ch\/wp-content\/uploads\/2025\/04\/eingespieltes-Team-495x400.jpg\" width=\"495\" height=\"400\"  title='une \u00e9quipe bien rod\u00e9e: Julio Ramos, Marina Augagneur, Adrian Schneideru' alt='' srcset=\"https:\/\/www.sab.ch\/wp-content\/uploads\/2025\/04\/eingespieltes-Team-495x400.jpg 495w, https:\/\/www.sab.ch\/wp-content\/uploads\/2025\/04\/eingespieltes-Team-845x684.jpg 845w\" sizes=\"(max-width: 495px) 100vw, 495px\" \/><div class='big-prev-fake'><img decoding=\"async\" loading=\"lazy\" class=\"wp-image-26596 avia-img-lazy-loading-26596\"  width=\"495\" height=\"400\" src=\"https:\/\/www.sab.ch\/wp-content\/uploads\/2025\/04\/eingespieltes-Team-495x400.jpg\" title='une \u00e9quipe bien rod\u00e9e: Julio Ramos, Marina Augagneur, Adrian Schneideru' alt='' srcset=\"https:\/\/www.sab.ch\/wp-content\/uploads\/2025\/04\/eingespieltes-Team-495x400.jpg 495w, https:\/\/www.sab.ch\/wp-content\/uploads\/2025\/04\/eingespieltes-Team-845x684.jpg 845w\" sizes=\"auto, (max-width: 495px) 100vw, 495px\" \/><\/div><\/a><a href=\"https:\/\/www.sab.ch\/wp-content\/uploads\/2025\/04\/Gaeste-810x1080.jpg\" data-srcset=\"https:\/\/www.sab.ch\/wp-content\/uploads\/2025\/04\/Gaeste-810x1080.jpg 810w, https:\/\/www.sab.ch\/wp-content\/uploads\/2025\/04\/Gaeste-576x768.jpg 576w, https:\/\/www.sab.ch\/wp-content\/uploads\/2025\/04\/Gaeste-768x1024.jpg 768w, https:\/\/www.sab.ch\/wp-content\/uploads\/2025\/04\/Gaeste-1152x1536.jpg 1152w, https:\/\/www.sab.ch\/wp-content\/uploads\/2025\/04\/Gaeste-1536x2048.jpg 1536w, https:\/\/www.sab.ch\/wp-content\/uploads\/2025\/04\/Gaeste-1125x1500.jpg 1125w, https:\/\/www.sab.ch\/wp-content\/uploads\/2025\/04\/Gaeste-529x705.jpg 529w, https:\/\/www.sab.ch\/wp-content\/uploads\/2025\/04\/Gaeste-scaled.jpg 1920w\" data-sizes=\"(max-width: 810px) 100vw, 810px\" data-rel='gallery-1' data-prev-img='https:\/\/www.sab.ch\/wp-content\/uploads\/2025\/04\/Gaeste-495x400.jpg' class='lightbox ' data-onclick='3' title='Invit\u00e9s de l&#039;assembl\u00e9e g\u00e9n\u00e9rale'  itemprop=\"thumbnailUrl\"  ><img decoding=\"async\" fetchpriority=\"high\" class=\"wp-image-26599 avia-img-lazy-loading-not-26599\"   src=\"https:\/\/www.sab.ch\/wp-content\/uploads\/2025\/04\/Gaeste-495x400.jpg\" width=\"495\" height=\"400\"  title='Invit\u00e9s de l&#039;assembl\u00e9e g\u00e9n\u00e9rale' alt='' srcset=\"https:\/\/www.sab.ch\/wp-content\/uploads\/2025\/04\/Gaeste-495x400.jpg 495w, https:\/\/www.sab.ch\/wp-content\/uploads\/2025\/04\/Gaeste-845x684.jpg 845w\" sizes=\"(max-width: 495px) 100vw, 495px\" \/><div class='big-prev-fake'><img decoding=\"async\" loading=\"lazy\" class=\"wp-image-26599 avia-img-lazy-loading-26599\"  width=\"495\" height=\"400\" src=\"https:\/\/www.sab.ch\/wp-content\/uploads\/2025\/04\/Gaeste-495x400.jpg\" title='Invit\u00e9s de l&#039;assembl\u00e9e g\u00e9n\u00e9rale' alt='' srcset=\"https:\/\/www.sab.ch\/wp-content\/uploads\/2025\/04\/Gaeste-495x400.jpg 495w, https:\/\/www.sab.ch\/wp-content\/uploads\/2025\/04\/Gaeste-845x684.jpg 845w\" sizes=\"auto, (max-width: 495px) 100vw, 495px\" \/><\/div><\/a><a href=\"https:\/\/www.sab.ch\/wp-content\/uploads\/2025\/04\/Staatsrat-Didier-Castella-1440x1080.jpg\" data-srcset=\"https:\/\/www.sab.ch\/wp-content\/uploads\/2025\/04\/Staatsrat-Didier-Castella-1440x1080.jpg 1440w, https:\/\/www.sab.ch\/wp-content\/uploads\/2025\/04\/Staatsrat-Didier-Castella-1024x768.jpg 1024w, https:\/\/www.sab.ch\/wp-content\/uploads\/2025\/04\/Staatsrat-Didier-Castella-768x576.jpg 768w, https:\/\/www.sab.ch\/wp-content\/uploads\/2025\/04\/Staatsrat-Didier-Castella-1536x1152.jpg 1536w, https:\/\/www.sab.ch\/wp-content\/uploads\/2025\/04\/Staatsrat-Didier-Castella-2048x1536.jpg 2048w, https:\/\/www.sab.ch\/wp-content\/uploads\/2025\/04\/Staatsrat-Didier-Castella-1500x1125.jpg 1500w, https:\/\/www.sab.ch\/wp-content\/uploads\/2025\/04\/Staatsrat-Didier-Castella-705x529.jpg 705w\" data-sizes=\"(max-width: 1440px) 100vw, 1440px\" data-rel='gallery-1' data-prev-img='https:\/\/www.sab.ch\/wp-content\/uploads\/2025\/04\/Staatsrat-Didier-Castella-495x400.jpg' class='lightbox ' data-onclick='4' title='Conseiller d&#039;Etat Didier Castella'  itemprop=\"thumbnailUrl\"  ><img decoding=\"async\" fetchpriority=\"high\" class=\"wp-image-26602 avia-img-lazy-loading-not-26602\"   src=\"https:\/\/www.sab.ch\/wp-content\/uploads\/2025\/04\/Staatsrat-Didier-Castella-495x400.jpg\" width=\"495\" height=\"400\"  title='Conseiller d&#039;Etat Didier Castella' alt='Didier Castella' srcset=\"https:\/\/www.sab.ch\/wp-content\/uploads\/2025\/04\/Staatsrat-Didier-Castella-495x400.jpg 495w, https:\/\/www.sab.ch\/wp-content\/uploads\/2025\/04\/Staatsrat-Didier-Castella-845x684.jpg 845w\" sizes=\"(max-width: 495px) 100vw, 495px\" \/><div class='big-prev-fake'><img decoding=\"async\" loading=\"lazy\" class=\"wp-image-26602 avia-img-lazy-loading-26602\"  width=\"495\" height=\"400\" src=\"https:\/\/www.sab.ch\/wp-content\/uploads\/2025\/04\/Staatsrat-Didier-Castella-495x400.jpg\" title='Conseiller d&#039;Etat Didier Castella' alt='Didier Castella' srcset=\"https:\/\/www.sab.ch\/wp-content\/uploads\/2025\/04\/Staatsrat-Didier-Castella-495x400.jpg 495w, https:\/\/www.sab.ch\/wp-content\/uploads\/2025\/04\/Staatsrat-Didier-Castella-845x684.jpg 845w\" sizes=\"auto, (max-width: 495px) 100vw, 495px\" \/><\/div><\/a><\/div><\/div><\/p><\/div><div  class='hr av-23x9b5-03985225a7aa02d5a3d94891967e4bc5 hr-default  avia-builder-el-5  el_after_av_two_third  el_before_av_section  avia-builder-el-last '><span class='hr-inner '><span class=\"hr-inner-style\"><\/span><\/span><\/div><\/p>\n<\/div><\/div><\/div><!-- close content main div --><\/div><\/div><div id='av_section_1'  class='avia-section av-9uiu4h-1420cac09a52679b12c93f5af28739ac main_color avia-section-default avia-shadow  avia-builder-el-6  el_after_av_hr  el_before_av_two_third  avia-bg-style-scroll container_wrap fullsize'  ><div class='container av-section-cont-open' ><div class='template-page content  av-content-full alpha units'><div class='post-entry post-entry-type-page post-entry-12139'><div class='entry-content-wrapper clearfix'>\n\n<style type=\"text\/css\" data-created_by=\"avia_inline_auto\" id=\"style-css-av-6s8ab5-25c26ebe25b90a8b1ec13243b1e040e9\">\n.flex_column.av-6s8ab5-25c26ebe25b90a8b1ec13243b1e040e9{\nborder-radius:0px 0px 0px 0px;\npadding:0px 0px 0px 0px;\n}\n<\/style>\n<div  class='flex_column av-6s8ab5-25c26ebe25b90a8b1ec13243b1e040e9 av_two_third  avia-builder-el-7  el_before_av_one_third  avia-builder-el-first  first flex_column_div av-zero-column-padding  '     ><section  class='av_textblock_section av-5enb1t-f892b986a41208f90b9ea026f6f209eb '   itemscope=\"itemscope\" itemtype=\"https:\/\/schema.org\/CreativeWork\" ><div class='avia_textblock'  itemprop=\"text\" ><h3><b>AG de la GLB\/LBG\/CCR sur l&rsquo;exercice 2023<\/b><\/h3>\n<p>En 2024 \u00e9galement, nous avons pu assister \u00e0 diverses assembl\u00e9es g\u00e9n\u00e9rales de nos coop\u00e9ratives de construction. Nous les remercions de leur confiance et de leur collaboration. Nous vous souhaitons nos meilleurs v\u0153ux pour les f\u00eates de fin d&rsquo;ann\u00e9e qui approchent. Nous nous r\u00e9jouissons de faire \u00e0 nouveau des rencontres int\u00e9ressantes en 2025 !<\/p>\n<\/div><\/section><\/div><div  class='flex_column av-bas1w1-9b4cf37aa70df2f699fbca2195d20f2d av_one_third  avia-builder-el-9  el_after_av_two_third  avia-builder-el-last  flex_column_div  '     ><style type=\"text\/css\" data-created_by=\"avia_inline_auto\" id=\"style-css-av-lbanjd9v-21b8de4209ed312f90d3b883d0adefd8\">\n.avia-image-container.av-lbanjd9v-21b8de4209ed312f90d3b883d0adefd8 img.avia_image{\nbox-shadow:none;\n}\n.avia-image-container.av-lbanjd9v-21b8de4209ed312f90d3b883d0adefd8 .av-image-caption-overlay-center{\ncolor:#ffffff;\n}\n<\/style>\n<div  class='avia-image-container av-lbanjd9v-21b8de4209ed312f90d3b883d0adefd8 av-styling- avia-align-center  avia-builder-el-10  avia-builder-el-no-sibling '   itemprop=\"image\" itemscope=\"itemscope\" itemtype=\"https:\/\/schema.org\/ImageObject\" ><div class=\"avia-image-container-inner\"><div class=\"avia-image-overlay-wrap\"><img decoding=\"async\" fetchpriority=\"high\" class='wp-image-9995 avia-img-lazy-loading-not-9995 avia_image ' src=\"https:\/\/www.sab.ch\/wp-content\/uploads\/2022\/12\/alle-glb.jpg\" alt='' title='alle glb'  height=\"151\" width=\"454\"  itemprop=\"thumbnailUrl\"  \/><\/div><\/div><\/div><\/div>\n<\/div><\/div><\/div><!-- close content main div --><\/div><\/div><div id='after_section_1'  class='main_color av_default_container_wrap container_wrap fullsize'  ><div class='container av-section-cont-open' ><div class='template-page content  av-content-full alpha units'><div class='post-entry post-entry-type-page post-entry-12139'><div class='entry-content-wrapper clearfix'>\n<div  class='flex_column av-av_two_third-a2cef933b0a555f25d1e39b22a8e9dae av_two_third  avia-builder-el-11  el_after_av_section  avia-builder-el-no-sibling  first flex_column_div  '     ><\/div>\n","protected":false},"excerpt":{"rendered":"","protected":false},"author":6,"featured_media":0,"parent":7570,"menu_order":0,"comment_status":"closed","ping_status":"closed","template":"","meta":{"footnotes":""},"class_list":["post-12139","page","type-page","status-publish","hentry"],"yoast_head":"<!-- This site is optimized with the Yoast SEO plugin v27.3 - https:\/\/yoast.com\/product\/yoast-seo-wordpress\/ -->\n<title>Rapports sur les assembl\u00e9es g\u00e9n\u00e9rales GLB\/LBG (en allemand) - S A B<\/title>\n<meta name=\"robots\" content=\"index, follow, max-snippet:-1, max-image-preview:large, max-video-preview:-1\" \/>\n<link rel=\"canonical\" href=\"https:\/\/www.sab.ch\/fr\/departement-technique-de-sab-volontaires-montagne\/news-und-mitteilungen\/rapports-sur-les-assemblees-generales-glb-lbg-en-allemand\/\" \/>\n<meta property=\"og:locale\" content=\"fr_FR\" \/>\n<meta property=\"og:type\" content=\"article\" \/>\n<meta property=\"og:title\" content=\"Rapports sur les assembl\u00e9es g\u00e9n\u00e9rales GLB\/LBG (en allemand) - S A B\" \/>\n<meta property=\"og:url\" content=\"https:\/\/www.sab.ch\/fr\/departement-technique-de-sab-volontaires-montagne\/news-und-mitteilungen\/rapports-sur-les-assemblees-generales-glb-lbg-en-allemand\/\" \/>\n<meta property=\"og:site_name\" content=\"S A B\" \/>\n<meta property=\"article:modified_time\" content=\"2025-04-03T06:09:59+00:00\" \/>\n<meta name=\"twitter:card\" content=\"summary_large_image\" \/>\n<meta name=\"twitter:label1\" content=\"Dur\u00e9e de lecture estim\u00e9e\" \/>\n\t<meta name=\"twitter:data1\" content=\"5 minutes\" \/>\n<script type=\"application\/ld+json\" class=\"yoast-schema-graph\">{\"@context\":\"https:\\\/\\\/schema.org\",\"@graph\":[{\"@type\":\"WebPage\",\"@id\":\"https:\\\/\\\/www.sab.ch\\\/fr\\\/departement-technique-de-sab-volontaires-montagne\\\/news-und-mitteilungen\\\/rapports-sur-les-assemblees-generales-glb-lbg-en-allemand\\\/\",\"url\":\"https:\\\/\\\/www.sab.ch\\\/fr\\\/departement-technique-de-sab-volontaires-montagne\\\/news-und-mitteilungen\\\/rapports-sur-les-assemblees-generales-glb-lbg-en-allemand\\\/\",\"name\":\"Rapports sur les assembl\u00e9es g\u00e9n\u00e9rales GLB\\\/LBG (en allemand) - S A B\",\"isPartOf\":{\"@id\":\"https:\\\/\\\/www.sab.ch\\\/fr\\\/#website\"},\"datePublished\":\"2023-02-02T12:49:40+00:00\",\"dateModified\":\"2025-04-03T06:09:59+00:00\",\"breadcrumb\":{\"@id\":\"https:\\\/\\\/www.sab.ch\\\/fr\\\/departement-technique-de-sab-volontaires-montagne\\\/news-und-mitteilungen\\\/rapports-sur-les-assemblees-generales-glb-lbg-en-allemand\\\/#breadcrumb\"},\"inLanguage\":\"fr-FR\",\"potentialAction\":[{\"@type\":\"ReadAction\",\"target\":[\"https:\\\/\\\/www.sab.ch\\\/fr\\\/departement-technique-de-sab-volontaires-montagne\\\/news-und-mitteilungen\\\/rapports-sur-les-assemblees-generales-glb-lbg-en-allemand\\\/\"]}]},{\"@type\":\"BreadcrumbList\",\"@id\":\"https:\\\/\\\/www.sab.ch\\\/fr\\\/departement-technique-de-sab-volontaires-montagne\\\/news-und-mitteilungen\\\/rapports-sur-les-assemblees-generales-glb-lbg-en-allemand\\\/#breadcrumb\",\"itemListElement\":[{\"@type\":\"ListItem\",\"position\":1,\"name\":\"Startseite\",\"item\":\"https:\\\/\\\/www.sab.ch\\\/fr\\\/home\\\/\"},{\"@type\":\"ListItem\",\"position\":2,\"name\":\"D\u00e9partement technique\\\/ volontaires montagne\",\"item\":\"https:\\\/\\\/www.sab.ch\\\/fr\\\/departement-technique-de-sab-volontaires-montagne\\\/\"},{\"@type\":\"ListItem\",\"position\":3,\"name\":\"News et communications\",\"item\":\"https:\\\/\\\/www.sab.ch\\\/fr\\\/departement-technique-de-sab-volontaires-montagne\\\/news-und-mitteilungen\\\/\"},{\"@type\":\"ListItem\",\"position\":4,\"name\":\"Rapports sur les assembl\u00e9es g\u00e9n\u00e9rales GLB\\\/LBG (en allemand)\"}]},{\"@type\":\"WebSite\",\"@id\":\"https:\\\/\\\/www.sab.ch\\\/fr\\\/#website\",\"url\":\"https:\\\/\\\/www.sab.ch\\\/fr\\\/\",\"name\":\"S A B\",\"description\":\"\",\"potentialAction\":[{\"@type\":\"SearchAction\",\"target\":{\"@type\":\"EntryPoint\",\"urlTemplate\":\"https:\\\/\\\/www.sab.ch\\\/fr\\\/?s={search_term_string}\"},\"query-input\":{\"@type\":\"PropertyValueSpecification\",\"valueRequired\":true,\"valueName\":\"search_term_string\"}}],\"inLanguage\":\"fr-FR\"}]}<\/script>\n<!-- \/ Yoast SEO plugin. -->","yoast_head_json":{"title":"Rapports sur les assembl\u00e9es g\u00e9n\u00e9rales GLB\/LBG (en allemand) - S A B","robots":{"index":"index","follow":"follow","max-snippet":"max-snippet:-1","max-image-preview":"max-image-preview:large","max-video-preview":"max-video-preview:-1"},"canonical":"https:\/\/www.sab.ch\/fr\/departement-technique-de-sab-volontaires-montagne\/news-und-mitteilungen\/rapports-sur-les-assemblees-generales-glb-lbg-en-allemand\/","og_locale":"fr_FR","og_type":"article","og_title":"Rapports sur les assembl\u00e9es g\u00e9n\u00e9rales GLB\/LBG (en allemand) - S A B","og_url":"https:\/\/www.sab.ch\/fr\/departement-technique-de-sab-volontaires-montagne\/news-und-mitteilungen\/rapports-sur-les-assemblees-generales-glb-lbg-en-allemand\/","og_site_name":"S A B","article_modified_time":"2025-04-03T06:09:59+00:00","twitter_card":"summary_large_image","twitter_misc":{"Dur\u00e9e de lecture estim\u00e9e":"5 minutes"},"schema":{"@context":"https:\/\/schema.org","@graph":[{"@type":"WebPage","@id":"https:\/\/www.sab.ch\/fr\/departement-technique-de-sab-volontaires-montagne\/news-und-mitteilungen\/rapports-sur-les-assemblees-generales-glb-lbg-en-allemand\/","url":"https:\/\/www.sab.ch\/fr\/departement-technique-de-sab-volontaires-montagne\/news-und-mitteilungen\/rapports-sur-les-assemblees-generales-glb-lbg-en-allemand\/","name":"Rapports sur les assembl\u00e9es g\u00e9n\u00e9rales GLB\/LBG (en allemand) - S A B","isPartOf":{"@id":"https:\/\/www.sab.ch\/fr\/#website"},"datePublished":"2023-02-02T12:49:40+00:00","dateModified":"2025-04-03T06:09:59+00:00","breadcrumb":{"@id":"https:\/\/www.sab.ch\/fr\/departement-technique-de-sab-volontaires-montagne\/news-und-mitteilungen\/rapports-sur-les-assemblees-generales-glb-lbg-en-allemand\/#breadcrumb"},"inLanguage":"fr-FR","potentialAction":[{"@type":"ReadAction","target":["https:\/\/www.sab.ch\/fr\/departement-technique-de-sab-volontaires-montagne\/news-und-mitteilungen\/rapports-sur-les-assemblees-generales-glb-lbg-en-allemand\/"]}]},{"@type":"BreadcrumbList","@id":"https:\/\/www.sab.ch\/fr\/departement-technique-de-sab-volontaires-montagne\/news-und-mitteilungen\/rapports-sur-les-assemblees-generales-glb-lbg-en-allemand\/#breadcrumb","itemListElement":[{"@type":"ListItem","position":1,"name":"Startseite","item":"https:\/\/www.sab.ch\/fr\/home\/"},{"@type":"ListItem","position":2,"name":"D\u00e9partement technique\/ volontaires montagne","item":"https:\/\/www.sab.ch\/fr\/departement-technique-de-sab-volontaires-montagne\/"},{"@type":"ListItem","position":3,"name":"News et communications","item":"https:\/\/www.sab.ch\/fr\/departement-technique-de-sab-volontaires-montagne\/news-und-mitteilungen\/"},{"@type":"ListItem","position":4,"name":"Rapports sur les assembl\u00e9es g\u00e9n\u00e9rales GLB\/LBG (en allemand)"}]},{"@type":"WebSite","@id":"https:\/\/www.sab.ch\/fr\/#website","url":"https:\/\/www.sab.ch\/fr\/","name":"S A B","description":"","potentialAction":[{"@type":"SearchAction","target":{"@type":"EntryPoint","urlTemplate":"https:\/\/www.sab.ch\/fr\/?s={search_term_string}"},"query-input":{"@type":"PropertyValueSpecification","valueRequired":true,"valueName":"search_term_string"}}],"inLanguage":"fr-FR"}]}},"_links":{"self":[{"href":"https:\/\/www.sab.ch\/fr\/wp-json\/wp\/v2\/pages\/12139","targetHints":{"allow":["GET"]}}],"collection":[{"href":"https:\/\/www.sab.ch\/fr\/wp-json\/wp\/v2\/pages"}],"about":[{"href":"https:\/\/www.sab.ch\/fr\/wp-json\/wp\/v2\/types\/page"}],"author":[{"embeddable":true,"href":"https:\/\/www.sab.ch\/fr\/wp-json\/wp\/v2\/users\/6"}],"replies":[{"embeddable":true,"href":"https:\/\/www.sab.ch\/fr\/wp-json\/wp\/v2\/comments?post=12139"}],"version-history":[{"count":9,"href":"https:\/\/www.sab.ch\/fr\/wp-json\/wp\/v2\/pages\/12139\/revisions"}],"predecessor-version":[{"id":26662,"href":"https:\/\/www.sab.ch\/fr\/wp-json\/wp\/v2\/pages\/12139\/revisions\/26662"}],"up":[{"embeddable":true,"href":"https:\/\/www.sab.ch\/fr\/wp-json\/wp\/v2\/pages\/7570"}],"wp:attachment":[{"href":"https:\/\/www.sab.ch\/fr\/wp-json\/wp\/v2\/media?parent=12139"}],"curies":[{"name":"wp","href":"https:\/\/api.w.org\/{rel}","templated":true}]}}