{"id":20127,"date":"2024-02-22T08:56:51","date_gmt":"2024-02-22T07:56:51","guid":{"rendered":"https:\/\/www.sab.ch\/1-1-ouverture-aux-technologies-numeriques-mais-important-manque-de-connaissances\/"},"modified":"2024-02-22T11:35:10","modified_gmt":"2024-02-22T10:35:10","slug":"1-1-ouverture-aux-technologies-numeriques-mais-important-manque-de-connaissances","status":"publish","type":"page","link":"https:\/\/www.sab.ch\/fr\/1-1-ouverture-aux-technologies-numeriques-mais-important-manque-de-connaissances\/","title":{"rendered":"1.1 Ouverture aux technologies num\u00e9riques mais important manque de connaissances"},"content":{"rendered":"<div  class='flex_column av-pqlard-9d5409a87f0f291b5a3d0396e7c935d3 av_two_third  avia-builder-el-0  avia-builder-el-no-sibling  first flex_column_div  '     ><section  class='av_textblock_section av-loobbirq-5001cf7a58848a7793141847ad2baeb5 '   itemscope=\"itemscope\" itemtype=\"https:\/\/schema.org\/CreativeWork\" ><div class='avia_textblock'  itemprop=\"text\" ><h4>1.1 Ouverture aux technologies num\u00e9riques mais important manque de connaissances<\/h4>\n<p><br class=\"avia-permanent-lb\">Dans les interviews et les discussions d&rsquo;experts, la majorit\u00e9 des personnes interrog\u00e9es estiment que la num\u00e9risation ouvre de <strong>nouvelles perspectives pour l&rsquo;agriculture de montagne, qu&rsquo;elle a un effet positif sur la comp\u00e9titivit\u00e9<\/strong> et que le sujet gagne en importance. Mais on a \u00e9galement pu constater que de nombreuses exploitations interrog\u00e9es n<strong>e sont pas conscientes des potentiels de la num\u00e9risation<\/strong> et qu&rsquo;elles ne disposent pas des <strong>donn\u00e9es n\u00e9cessaires<\/strong> pour prendre des d\u00e9cisions. Enfin, leurs activit\u00e9s quotidiennes les emp\u00eachent de se pencher sur cette th\u00e9matique.<\/p>\n<p>C\u2019est pour cela qu\u2019il faut faire intervenir un service de vulgarisation agricole qui facilite l\u2019accessibilit\u00e9 aux connaissances <strong>dans le domaine de la num\u00e9risation et les contextualise<\/strong>c&rsquo;est-\u00e0-dire que la vulgarisation agricole est appel\u00e9e \u00e0 se familiariser avec des solutions dans le domaine de la num\u00e9risation <strong>et \u00e0 d\u00e9terminer les besoins des exploitations agricoles.<\/strong> En outre, il faut mettre l&rsquo;accent <strong>sur la disponibilit\u00e9 des donn\u00e9es et de leur<\/strong> utilisation.<\/p>\n<\/div><\/section><br \/>\n<div  class='avia-buttonrow-wrap av-lozmvvvv-1feaa39c930a58543b5ee73c1a579452 avia-buttonrow-center  avia-builder-el-2  el_after_av_textblock  avia-builder-el-last '>\n\n<style type=\"text\/css\" data-created_by=\"avia_inline_auto\" id=\"style-css-av-lozmv7xh-3380e19aba86e9ba63a0c48346796169\">\n#top #wrap_all .avia-button.av-lozmv7xh-3380e19aba86e9ba63a0c48346796169{\nmargin-bottom:5px;\nmargin-right:3px;\nmargin-left:3px;\n}\n<\/style>\n<a href='https:\/\/www.sab.ch\/fr\/1-a-quoi-faut-il-faire-particulierement-attention-lors-de-la-numerisation-de-chaines-de-creation-de-valeur-en-faveur-de-lagriculture-de-montagne\/'  class='avia-button av-lozmv7xh-3380e19aba86e9ba63a0c48346796169 avia-icon_select-yes-left-icon avia-size-small avia-color-theme-color'   aria-label=\"retour\"><span class='avia_button_icon avia_button_icon_left avia-iconfont avia-font-entypo-fontello' data-av_icon='\ue888' data-av_iconfont='entypo-fontello' ><\/span><span class='avia_iconbox_title' >retour<\/span><\/a>\n\n<style type=\"text\/css\" data-created_by=\"avia_inline_auto\" id=\"style-css-av-lozmvue4-8ff0de4066b032d1652aead0e67ec563\">\n#top #wrap_all .avia-button.av-lozmvue4-8ff0de4066b032d1652aead0e67ec563{\nmargin-bottom:5px;\nmargin-right:3px;\nmargin-left:3px;\n}\n<\/style>\n<a href='https:\/\/www.sab.ch\/fr\/1-2-un-changement-dattitude-simpose\/'  class='avia-button av-lozmvue4-8ff0de4066b032d1652aead0e67ec563 avia-icon_select-yes-right-icon avia-size-small avia-color-theme-color'   aria-label=\"continuer\"><span class='avia_iconbox_title' >continuer<\/span><span class='avia_button_icon avia_button_icon_right avia-iconfont avia-font-entypo-fontello' data-av_icon='\ue889' data-av_iconfont='entypo-fontello' ><\/span><\/a>\n<\/div><\/p><\/div>\n","protected":false},"excerpt":{"rendered":"","protected":false},"author":4,"featured_media":0,"parent":0,"menu_order":0,"comment_status":"closed","ping_status":"closed","template":"","meta":{"footnotes":""},"class_list":["post-20127","page","type-page","status-publish","hentry"],"yoast_head":"<!-- This site is optimized with the Yoast SEO plugin v27.3 - https:\/\/yoast.com\/product\/yoast-seo-wordpress\/ -->\n<title>1.1 Ouverture aux technologies num\u00e9riques mais important manque de connaissances - S A B<\/title>\n<meta name=\"robots\" content=\"index, follow, max-snippet:-1, max-image-preview:large, max-video-preview:-1\" \/>\n<link rel=\"canonical\" href=\"https:\/\/www.sab.ch\/fr\/1-1-ouverture-aux-technologies-numeriques-mais-important-manque-de-connaissances\/\" \/>\n<meta property=\"og:locale\" content=\"fr_FR\" \/>\n<meta property=\"og:type\" content=\"article\" \/>\n<meta property=\"og:title\" content=\"1.1 Ouverture aux technologies num\u00e9riques mais important manque de connaissances - S A B\" \/>\n<meta property=\"og:url\" content=\"https:\/\/www.sab.ch\/fr\/1-1-ouverture-aux-technologies-numeriques-mais-important-manque-de-connaissances\/\" \/>\n<meta property=\"og:site_name\" content=\"S A B\" \/>\n<meta property=\"article:modified_time\" content=\"2024-02-22T10:35:10+00:00\" \/>\n<meta name=\"twitter:card\" content=\"summary_large_image\" \/>\n<meta name=\"twitter:label1\" content=\"Dur\u00e9e de lecture estim\u00e9e\" \/>\n\t<meta name=\"twitter:data1\" content=\"1 minute\" \/>\n<script type=\"application\/ld+json\" class=\"yoast-schema-graph\">{\"@context\":\"https:\\\/\\\/schema.org\",\"@graph\":[{\"@type\":\"WebPage\",\"@id\":\"https:\\\/\\\/www.sab.ch\\\/fr\\\/1-1-ouverture-aux-technologies-numeriques-mais-important-manque-de-connaissances\\\/\",\"url\":\"https:\\\/\\\/www.sab.ch\\\/fr\\\/1-1-ouverture-aux-technologies-numeriques-mais-important-manque-de-connaissances\\\/\",\"name\":\"1.1 Ouverture aux technologies num\u00e9riques mais important manque de connaissances - S A B\",\"isPartOf\":{\"@id\":\"https:\\\/\\\/www.sab.ch\\\/fr\\\/#website\"},\"datePublished\":\"2024-02-22T07:56:51+00:00\",\"dateModified\":\"2024-02-22T10:35:10+00:00\",\"breadcrumb\":{\"@id\":\"https:\\\/\\\/www.sab.ch\\\/fr\\\/1-1-ouverture-aux-technologies-numeriques-mais-important-manque-de-connaissances\\\/#breadcrumb\"},\"inLanguage\":\"fr-FR\",\"potentialAction\":[{\"@type\":\"ReadAction\",\"target\":[\"https:\\\/\\\/www.sab.ch\\\/fr\\\/1-1-ouverture-aux-technologies-numeriques-mais-important-manque-de-connaissances\\\/\"]}]},{\"@type\":\"BreadcrumbList\",\"@id\":\"https:\\\/\\\/www.sab.ch\\\/fr\\\/1-1-ouverture-aux-technologies-numeriques-mais-important-manque-de-connaissances\\\/#breadcrumb\",\"itemListElement\":[{\"@type\":\"ListItem\",\"position\":1,\"name\":\"Startseite\",\"item\":\"https:\\\/\\\/www.sab.ch\\\/fr\\\/home\\\/\"},{\"@type\":\"ListItem\",\"position\":2,\"name\":\"1.1 Ouverture aux technologies num\u00e9riques mais important manque de connaissances\"}]},{\"@type\":\"WebSite\",\"@id\":\"https:\\\/\\\/www.sab.ch\\\/fr\\\/#website\",\"url\":\"https:\\\/\\\/www.sab.ch\\\/fr\\\/\",\"name\":\"S A B\",\"description\":\"\",\"potentialAction\":[{\"@type\":\"SearchAction\",\"target\":{\"@type\":\"EntryPoint\",\"urlTemplate\":\"https:\\\/\\\/www.sab.ch\\\/fr\\\/?s={search_term_string}\"},\"query-input\":{\"@type\":\"PropertyValueSpecification\",\"valueRequired\":true,\"valueName\":\"search_term_string\"}}],\"inLanguage\":\"fr-FR\"}]}<\/script>\n<!-- \/ Yoast SEO plugin. -->","yoast_head_json":{"title":"1.1 Ouverture aux technologies num\u00e9riques mais important manque de connaissances - S A B","robots":{"index":"index","follow":"follow","max-snippet":"max-snippet:-1","max-image-preview":"max-image-preview:large","max-video-preview":"max-video-preview:-1"},"canonical":"https:\/\/www.sab.ch\/fr\/1-1-ouverture-aux-technologies-numeriques-mais-important-manque-de-connaissances\/","og_locale":"fr_FR","og_type":"article","og_title":"1.1 Ouverture aux technologies num\u00e9riques mais important manque de connaissances - S A B","og_url":"https:\/\/www.sab.ch\/fr\/1-1-ouverture-aux-technologies-numeriques-mais-important-manque-de-connaissances\/","og_site_name":"S A B","article_modified_time":"2024-02-22T10:35:10+00:00","twitter_card":"summary_large_image","twitter_misc":{"Dur\u00e9e de lecture estim\u00e9e":"1 minute"},"schema":{"@context":"https:\/\/schema.org","@graph":[{"@type":"WebPage","@id":"https:\/\/www.sab.ch\/fr\/1-1-ouverture-aux-technologies-numeriques-mais-important-manque-de-connaissances\/","url":"https:\/\/www.sab.ch\/fr\/1-1-ouverture-aux-technologies-numeriques-mais-important-manque-de-connaissances\/","name":"1.1 Ouverture aux technologies num\u00e9riques mais important manque de connaissances - S A B","isPartOf":{"@id":"https:\/\/www.sab.ch\/fr\/#website"},"datePublished":"2024-02-22T07:56:51+00:00","dateModified":"2024-02-22T10:35:10+00:00","breadcrumb":{"@id":"https:\/\/www.sab.ch\/fr\/1-1-ouverture-aux-technologies-numeriques-mais-important-manque-de-connaissances\/#breadcrumb"},"inLanguage":"fr-FR","potentialAction":[{"@type":"ReadAction","target":["https:\/\/www.sab.ch\/fr\/1-1-ouverture-aux-technologies-numeriques-mais-important-manque-de-connaissances\/"]}]},{"@type":"BreadcrumbList","@id":"https:\/\/www.sab.ch\/fr\/1-1-ouverture-aux-technologies-numeriques-mais-important-manque-de-connaissances\/#breadcrumb","itemListElement":[{"@type":"ListItem","position":1,"name":"Startseite","item":"https:\/\/www.sab.ch\/fr\/home\/"},{"@type":"ListItem","position":2,"name":"1.1 Ouverture aux technologies num\u00e9riques mais important manque de connaissances"}]},{"@type":"WebSite","@id":"https:\/\/www.sab.ch\/fr\/#website","url":"https:\/\/www.sab.ch\/fr\/","name":"S A B","description":"","potentialAction":[{"@type":"SearchAction","target":{"@type":"EntryPoint","urlTemplate":"https:\/\/www.sab.ch\/fr\/?s={search_term_string}"},"query-input":{"@type":"PropertyValueSpecification","valueRequired":true,"valueName":"search_term_string"}}],"inLanguage":"fr-FR"}]}},"_links":{"self":[{"href":"https:\/\/www.sab.ch\/fr\/wp-json\/wp\/v2\/pages\/20127","targetHints":{"allow":["GET"]}}],"collection":[{"href":"https:\/\/www.sab.ch\/fr\/wp-json\/wp\/v2\/pages"}],"about":[{"href":"https:\/\/www.sab.ch\/fr\/wp-json\/wp\/v2\/types\/page"}],"author":[{"embeddable":true,"href":"https:\/\/www.sab.ch\/fr\/wp-json\/wp\/v2\/users\/4"}],"replies":[{"embeddable":true,"href":"https:\/\/www.sab.ch\/fr\/wp-json\/wp\/v2\/comments?post=20127"}],"version-history":[{"count":4,"href":"https:\/\/www.sab.ch\/fr\/wp-json\/wp\/v2\/pages\/20127\/revisions"}],"predecessor-version":[{"id":20180,"href":"https:\/\/www.sab.ch\/fr\/wp-json\/wp\/v2\/pages\/20127\/revisions\/20180"}],"wp:attachment":[{"href":"https:\/\/www.sab.ch\/fr\/wp-json\/wp\/v2\/media?parent=20127"}],"curies":[{"name":"wp","href":"https:\/\/api.w.org\/{rel}","templated":true}]}}