{"id":20135,"date":"2024-02-22T09:12:02","date_gmt":"2024-02-22T08:12:02","guid":{"rendered":"https:\/\/www.sab.ch\/1-3-la-cooperation-un-levier-bienvenu\/"},"modified":"2024-02-26T14:31:44","modified_gmt":"2024-02-26T13:31:44","slug":"1-3-la-cooperation-un-levier-bienvenu","status":"publish","type":"page","link":"https:\/\/www.sab.ch\/fr\/1-3-la-cooperation-un-levier-bienvenu\/","title":{"rendered":"1.3 La coop\u00e9ration &#8211; un levier bienvenu"},"content":{"rendered":"<div  class='flex_column av-j63xaa-3ccbfe015213dc6bf3f9f85b4cebbd58 av_two_third  avia-builder-el-0  avia-builder-el-no-sibling  first flex_column_div  '     ><section  class='av_textblock_section av-loobg8q7-e8260319512f318d2baf8e73b0a74b5b '   itemscope=\"itemscope\" itemtype=\"https:\/\/schema.org\/CreativeWork\" ><div class='avia_textblock'  itemprop=\"text\" ><h4>1.3 La coop\u00e9ration &#8211; un levier bienvenu<\/h4>\n<p><br class=\"avia-permanent-lb\">L&rsquo;introduction de nouvelles technologies num\u00e9riques repr\u00e9sente un d\u00e9fi financier important pour les entreprises interrog\u00e9es. De plus, le temps manque pour s&rsquo;informer sur les applications possibles et se former. Il serait donc judicieux de se <strong>regrouper davantage<\/strong> et d&rsquo;organiser, par exemple, les achats, la logistique et la vente avec d&rsquo;autres producteurs. Les <strong>plateformes num\u00e9riques<\/strong>, telles que 100% Bio Valposchiavo, \u00f6serix en Appenzell Rhodes-Int\u00e9rieures (<a href=\"https:\/\/oeserix.ch\">oeserix.ch)<\/a> ou le site Internet de l&rsquo;association Agricultura Val M\u00fcstair (<a href=\"https:\/\/agricultura-valmuestair.ch\/\">agricultura-valmuestair.ch<\/a>), qui r\u00e9unit plus de 30 producteurs des secteurs du lait, de la viande et des c\u00e9r\u00e9ales, offrent un grand potentiel \u00e0 cet \u00e9gard.<\/p>\n<p>Un autre potentiel provient des <strong>m\u00e9dias sociaux<\/strong>. Cela permet de pr\u00e9senter l&rsquo;exploitation de mani\u00e8re plus personnalis\u00e9e et d&rsquo;augmenter la disposition \u00e0 payer pour des produits r\u00e9gionaux de qualit\u00e9. De nombreux chefs d&rsquo;exploitation n&rsquo;ont toutefois pas le temps de g\u00e9rer efficacement les m\u00e9dias sociaux. Une solution possible serait aussi de rechercher des synergies. Dans le Val M\u00fcstair, une coop\u00e9ration avec Biosfera (<a href=\"https:\/\/www.val-muestair.ch\/de\">www.val-muestair.ch<\/a>) s&rsquo;impose. Les vendeurs directs pourraient se pr\u00e9senter avec la Biosfera sous le compte de l&rsquo;association \u00ab\u00a0Agricultura Val M\u00fcstair\u00a0\u00bb. Pour la vulgarisation agricole, on peut en d\u00e9duire que la mise en relation des acteurs aura encore plus d&rsquo;importance \u00e0 l&rsquo;avenir et que les outils num\u00e9riques apportent un grand soutien.<\/p>\n<\/div><\/section><br \/>\n<div  class='avia-buttonrow-wrap av-lozn0z5n-1b83cbb54d4f6c79c623711049ce415c avia-buttonrow-center  avia-builder-el-2  el_after_av_textblock  avia-builder-el-last '>\n\n<style type=\"text\/css\" data-created_by=\"avia_inline_auto\" id=\"style-css-av-lozn06uw-69c90b1f8d12866edb86fcee50948326\">\n#top #wrap_all .avia-button.av-lozn06uw-69c90b1f8d12866edb86fcee50948326{\nmargin-bottom:5px;\nmargin-right:3px;\nmargin-left:3px;\n}\n<\/style>\n<a href='https:\/\/www.sab.ch\/fr\/1-2-un-changement-dattitude-simpose\/'  class='avia-button av-lozn06uw-69c90b1f8d12866edb86fcee50948326 avia-icon_select-yes-left-icon avia-size-small avia-color-theme-color'   aria-label=\"retour\"><span class='avia_button_icon avia_button_icon_left avia-iconfont avia-font-entypo-fontello' data-av_icon='\ue888' data-av_iconfont='entypo-fontello' ><\/span><span class='avia_iconbox_title' >retour<\/span><\/a>\n\n<style type=\"text\/css\" data-created_by=\"avia_inline_auto\" id=\"style-css-av-lozn0xly-d91cd36c63d15a826d3be58bdc19f1b9\">\n#top #wrap_all .avia-button.av-lozn0xly-d91cd36c63d15a826d3be58bdc19f1b9{\nmargin-bottom:5px;\nmargin-right:3px;\nmargin-left:3px;\n}\n<\/style>\n<a href='https:\/\/www.sab.ch\/fr\/1-4-les-achats-ladministration-et-la-vente-le-marketing-sont-decisifs-pour-la-collaboration\/'  class='avia-button av-lozn0xly-d91cd36c63d15a826d3be58bdc19f1b9 avia-icon_select-yes-right-icon avia-size-small avia-color-theme-color'   aria-label=\"continuer\"><span class='avia_iconbox_title' >continuer<\/span><span class='avia_button_icon avia_button_icon_right avia-iconfont avia-font-entypo-fontello' data-av_icon='\ue889' data-av_iconfont='entypo-fontello' ><\/span><\/a>\n<\/div><\/p><\/div>\n","protected":false},"excerpt":{"rendered":"","protected":false},"author":4,"featured_media":0,"parent":0,"menu_order":0,"comment_status":"closed","ping_status":"closed","template":"","meta":{"footnotes":""},"class_list":["post-20135","page","type-page","status-publish","hentry"],"yoast_head":"<!-- This site is optimized with the Yoast SEO plugin v27.4 - https:\/\/yoast.com\/product\/yoast-seo-wordpress\/ -->\n<title>1.3 La coop\u00e9ration - un levier bienvenu - S A B<\/title>\n<meta name=\"robots\" content=\"index, follow, max-snippet:-1, max-image-preview:large, max-video-preview:-1\" \/>\n<link rel=\"canonical\" href=\"https:\/\/www.sab.ch\/fr\/1-3-la-cooperation-un-levier-bienvenu\/\" \/>\n<meta property=\"og:locale\" content=\"fr_FR\" \/>\n<meta property=\"og:type\" content=\"article\" \/>\n<meta property=\"og:title\" content=\"1.3 La coop\u00e9ration - un levier bienvenu - S A B\" \/>\n<meta property=\"og:url\" content=\"https:\/\/www.sab.ch\/fr\/1-3-la-cooperation-un-levier-bienvenu\/\" \/>\n<meta property=\"og:site_name\" content=\"S A B\" \/>\n<meta property=\"article:modified_time\" content=\"2024-02-26T13:31:44+00:00\" \/>\n<meta name=\"twitter:card\" content=\"summary_large_image\" \/>\n<meta name=\"twitter:label1\" content=\"Dur\u00e9e de lecture estim\u00e9e\" \/>\n\t<meta name=\"twitter:data1\" content=\"2 minutes\" \/>\n<script type=\"application\/ld+json\" class=\"yoast-schema-graph\">{\"@context\":\"https:\\\/\\\/schema.org\",\"@graph\":[{\"@type\":\"WebPage\",\"@id\":\"https:\\\/\\\/www.sab.ch\\\/fr\\\/1-3-la-cooperation-un-levier-bienvenu\\\/\",\"url\":\"https:\\\/\\\/www.sab.ch\\\/fr\\\/1-3-la-cooperation-un-levier-bienvenu\\\/\",\"name\":\"1.3 La coop\u00e9ration - un levier bienvenu - S A B\",\"isPartOf\":{\"@id\":\"https:\\\/\\\/www.sab.ch\\\/fr\\\/#website\"},\"datePublished\":\"2024-02-22T08:12:02+00:00\",\"dateModified\":\"2024-02-26T13:31:44+00:00\",\"breadcrumb\":{\"@id\":\"https:\\\/\\\/www.sab.ch\\\/fr\\\/1-3-la-cooperation-un-levier-bienvenu\\\/#breadcrumb\"},\"inLanguage\":\"fr-FR\",\"potentialAction\":[{\"@type\":\"ReadAction\",\"target\":[\"https:\\\/\\\/www.sab.ch\\\/fr\\\/1-3-la-cooperation-un-levier-bienvenu\\\/\"]}]},{\"@type\":\"BreadcrumbList\",\"@id\":\"https:\\\/\\\/www.sab.ch\\\/fr\\\/1-3-la-cooperation-un-levier-bienvenu\\\/#breadcrumb\",\"itemListElement\":[{\"@type\":\"ListItem\",\"position\":1,\"name\":\"Startseite\",\"item\":\"https:\\\/\\\/www.sab.ch\\\/fr\\\/home\\\/\"},{\"@type\":\"ListItem\",\"position\":2,\"name\":\"1.3 La coop\u00e9ration &#8211; un levier bienvenu\"}]},{\"@type\":\"WebSite\",\"@id\":\"https:\\\/\\\/www.sab.ch\\\/fr\\\/#website\",\"url\":\"https:\\\/\\\/www.sab.ch\\\/fr\\\/\",\"name\":\"S A B\",\"description\":\"\",\"potentialAction\":[{\"@type\":\"SearchAction\",\"target\":{\"@type\":\"EntryPoint\",\"urlTemplate\":\"https:\\\/\\\/www.sab.ch\\\/fr\\\/?s={search_term_string}\"},\"query-input\":{\"@type\":\"PropertyValueSpecification\",\"valueRequired\":true,\"valueName\":\"search_term_string\"}}],\"inLanguage\":\"fr-FR\"}]}<\/script>\n<!-- \/ Yoast SEO plugin. -->","yoast_head_json":{"title":"1.3 La coop\u00e9ration - un levier bienvenu - S A B","robots":{"index":"index","follow":"follow","max-snippet":"max-snippet:-1","max-image-preview":"max-image-preview:large","max-video-preview":"max-video-preview:-1"},"canonical":"https:\/\/www.sab.ch\/fr\/1-3-la-cooperation-un-levier-bienvenu\/","og_locale":"fr_FR","og_type":"article","og_title":"1.3 La coop\u00e9ration - un levier bienvenu - S A B","og_url":"https:\/\/www.sab.ch\/fr\/1-3-la-cooperation-un-levier-bienvenu\/","og_site_name":"S A B","article_modified_time":"2024-02-26T13:31:44+00:00","twitter_card":"summary_large_image","twitter_misc":{"Dur\u00e9e de lecture estim\u00e9e":"2 minutes"},"schema":{"@context":"https:\/\/schema.org","@graph":[{"@type":"WebPage","@id":"https:\/\/www.sab.ch\/fr\/1-3-la-cooperation-un-levier-bienvenu\/","url":"https:\/\/www.sab.ch\/fr\/1-3-la-cooperation-un-levier-bienvenu\/","name":"1.3 La coop\u00e9ration - un levier bienvenu - S A B","isPartOf":{"@id":"https:\/\/www.sab.ch\/fr\/#website"},"datePublished":"2024-02-22T08:12:02+00:00","dateModified":"2024-02-26T13:31:44+00:00","breadcrumb":{"@id":"https:\/\/www.sab.ch\/fr\/1-3-la-cooperation-un-levier-bienvenu\/#breadcrumb"},"inLanguage":"fr-FR","potentialAction":[{"@type":"ReadAction","target":["https:\/\/www.sab.ch\/fr\/1-3-la-cooperation-un-levier-bienvenu\/"]}]},{"@type":"BreadcrumbList","@id":"https:\/\/www.sab.ch\/fr\/1-3-la-cooperation-un-levier-bienvenu\/#breadcrumb","itemListElement":[{"@type":"ListItem","position":1,"name":"Startseite","item":"https:\/\/www.sab.ch\/fr\/home\/"},{"@type":"ListItem","position":2,"name":"1.3 La coop\u00e9ration &#8211; un levier bienvenu"}]},{"@type":"WebSite","@id":"https:\/\/www.sab.ch\/fr\/#website","url":"https:\/\/www.sab.ch\/fr\/","name":"S A B","description":"","potentialAction":[{"@type":"SearchAction","target":{"@type":"EntryPoint","urlTemplate":"https:\/\/www.sab.ch\/fr\/?s={search_term_string}"},"query-input":{"@type":"PropertyValueSpecification","valueRequired":true,"valueName":"search_term_string"}}],"inLanguage":"fr-FR"}]}},"_links":{"self":[{"href":"https:\/\/www.sab.ch\/fr\/wp-json\/wp\/v2\/pages\/20135","targetHints":{"allow":["GET"]}}],"collection":[{"href":"https:\/\/www.sab.ch\/fr\/wp-json\/wp\/v2\/pages"}],"about":[{"href":"https:\/\/www.sab.ch\/fr\/wp-json\/wp\/v2\/types\/page"}],"author":[{"embeddable":true,"href":"https:\/\/www.sab.ch\/fr\/wp-json\/wp\/v2\/users\/4"}],"replies":[{"embeddable":true,"href":"https:\/\/www.sab.ch\/fr\/wp-json\/wp\/v2\/comments?post=20135"}],"version-history":[{"count":9,"href":"https:\/\/www.sab.ch\/fr\/wp-json\/wp\/v2\/pages\/20135\/revisions"}],"predecessor-version":[{"id":20266,"href":"https:\/\/www.sab.ch\/fr\/wp-json\/wp\/v2\/pages\/20135\/revisions\/20266"}],"wp:attachment":[{"href":"https:\/\/www.sab.ch\/fr\/wp-json\/wp\/v2\/media?parent=20135"}],"curies":[{"name":"wp","href":"https:\/\/api.w.org\/{rel}","templated":true}]}}