{"id":20141,"date":"2024-02-22T09:36:07","date_gmt":"2024-02-22T08:36:07","guid":{"rendered":"https:\/\/www.sab.ch\/1-5-une-vision-globale-du-tissu-de-chaines-de-creation-de-valeur\/"},"modified":"2024-02-22T13:13:24","modified_gmt":"2024-02-22T12:13:24","slug":"1-5-une-vision-globale-du-tissu-de-chaines-de-creation-de-valeur","status":"publish","type":"page","link":"https:\/\/www.sab.ch\/fr\/1-5-une-vision-globale-du-tissu-de-chaines-de-creation-de-valeur\/","title":{"rendered":"1.5 Une vision globale du tissu de cha\u00eenes de cr\u00e9ation de valeur"},"content":{"rendered":"<div  class='flex_column av-lvc0do-a82f0296783095287267bfa045d36bbc av_two_third  avia-builder-el-0  avia-builder-el-no-sibling  first flex_column_div  '     ><section  class='av_textblock_section av-loobrfg9-310690629fb0ef801adaec38fb02c4fc '   itemscope=\"itemscope\" itemtype=\"https:\/\/schema.org\/CreativeWork\" ><div class='avia_textblock'  itemprop=\"text\" ><h4>1.5 Une vision globale du tissu de cha\u00eenes de cr\u00e9ation de valeur<\/h4>\n<p><br class=\"avia-permanent-lb\" \/>Il est important de savoir que les diff\u00e9rents acteurs de l&rsquo;agriculture de montagne n&rsquo;agissent pas strictement le long de cha\u00eenes de cr\u00e9ation de valeur sp\u00e9cifiques aux produits, mais qu&rsquo;ils sont int\u00e9gr\u00e9s <strong>dans<\/strong> <strong>un tissu de cha\u00eenes de valeur<\/strong> qui agit sur l&rsquo;ensemble des branches. Ainsi, l&rsquo;achat, la vente et la logistique sont parfois organis\u00e9s avec des entreprises d&rsquo;autres branches, afin d&rsquo;atteindre une masse critique et de meilleurs prix. En outre, de nombreuses personnes interrog\u00e9es produisent non seulement de la viande, mais aussi du lait ou des c\u00e9r\u00e9ales, r\u00e9unissant ainsi trois cha\u00eenes de cr\u00e9ation de valeur dans une seule entreprise. En outre, l&rsquo;id\u00e9e d&rsquo;une succession lin\u00e9aire \u00e0 la base d&rsquo;une cha\u00eene de cr\u00e9ation de valeur ne s&rsquo;applique pas toujours. Par exemple, les producteurs de viande livrent les animaux au boucher (transformateur). Mais celui-ci ne vend pas la viande transform\u00e9e sur le march\u00e9, comme ce serait le cas dans une cha\u00eene \u00ab\u00a0parfaite\u00a0\u00bb, mais la renvoie aux producteurs qui la commercialisent eux-m\u00eames.<\/p>\n<p>Toute intervention dans l&rsquo;agriculture de montagne doit donc se faire en ayant conscience qu&rsquo;il s&rsquo;agit d&rsquo;espaces avec des acteurs int\u00e9gr\u00e9s dans un tissu de cr\u00e9ation de valeur. La num\u00e9risation entra\u00eene un <strong>d\u00e9veloppement suppl\u00e9mentaire de ces structures en r\u00e9seau<\/strong> dans lesquelles s&rsquo;effectue la cr\u00e9ation de valeur. Ce processus rend le conseil et le soutien au secteur agricole plus complexes, mais il entra\u00eene aussi des <strong>nouvelles opportunit\u00e9s de r\u00e9seautage<\/strong>.<\/p>\n<\/div><\/section><br \/>\n<div  class='avia-buttonrow-wrap av-loznb617-d1d103ab1398fc0a952e87617655a8ff avia-buttonrow-center  avia-builder-el-2  el_after_av_textblock  avia-builder-el-last '>\n\n<style type=\"text\/css\" data-created_by=\"avia_inline_auto\" id=\"style-css-av-loznab7x-40f5a2edfe02da11d915d9a0c6c8bf3b\">\n#top #wrap_all .avia-button.av-loznab7x-40f5a2edfe02da11d915d9a0c6c8bf3b{\nmargin-bottom:5px;\nmargin-right:3px;\nmargin-left:3px;\n}\n<\/style>\n<a href='https:\/\/www.sab.ch\/fr\/1-4-les-achats-ladministration-et-la-vente-le-marketing-sont-decisifs-pour-la-collaboration\/'  class='avia-button av-loznab7x-40f5a2edfe02da11d915d9a0c6c8bf3b avia-icon_select-yes-left-icon avia-size-small avia-color-theme-color'   aria-label=\"retour\"><span class='avia_button_icon avia_button_icon_left avia-iconfont avia-font-entypo-fontello' data-av_icon='\ue888' data-av_iconfont='entypo-fontello' ><\/span><span class='avia_iconbox_title' >retour<\/span><\/a>\n\n<style type=\"text\/css\" data-created_by=\"avia_inline_auto\" id=\"style-css-av-loznb41w-d6a683865647d328bbb280df2d62e0a7\">\n#top #wrap_all .avia-button.av-loznb41w-d6a683865647d328bbb280df2d62e0a7{\nmargin-bottom:5px;\nmargin-right:3px;\nmargin-left:3px;\n}\n<\/style>\n<a href='https:\/\/www.sab.ch\/fr\/2-comment-reussir-une-consultation-sur-la-numerisation\/'  class='avia-button av-loznb41w-d6a683865647d328bbb280df2d62e0a7 avia-icon_select-yes-right-icon avia-size-small avia-color-theme-color'   aria-label=\"continuer\"><span class='avia_iconbox_title' >continuer<\/span><span class='avia_button_icon avia_button_icon_right avia-iconfont avia-font-entypo-fontello' data-av_icon='\ue889' data-av_iconfont='entypo-fontello' ><\/span><\/a>\n<\/div><\/p><\/div>\n","protected":false},"excerpt":{"rendered":"","protected":false},"author":4,"featured_media":0,"parent":0,"menu_order":0,"comment_status":"closed","ping_status":"closed","template":"","meta":{"footnotes":""},"class_list":["post-20141","page","type-page","status-publish","hentry"],"yoast_head":"<!-- This site is optimized with the Yoast SEO plugin v27.4 - https:\/\/yoast.com\/product\/yoast-seo-wordpress\/ -->\n<title>1.5 Une vision globale du tissu de cha\u00eenes de cr\u00e9ation de valeur - S A B<\/title>\n<meta name=\"robots\" content=\"index, follow, max-snippet:-1, max-image-preview:large, max-video-preview:-1\" \/>\n<link rel=\"canonical\" href=\"https:\/\/www.sab.ch\/fr\/1-5-une-vision-globale-du-tissu-de-chaines-de-creation-de-valeur\/\" \/>\n<meta property=\"og:locale\" content=\"fr_FR\" \/>\n<meta property=\"og:type\" content=\"article\" \/>\n<meta property=\"og:title\" content=\"1.5 Une vision globale du tissu de cha\u00eenes de cr\u00e9ation de valeur - S A B\" \/>\n<meta property=\"og:url\" content=\"https:\/\/www.sab.ch\/fr\/1-5-une-vision-globale-du-tissu-de-chaines-de-creation-de-valeur\/\" \/>\n<meta property=\"og:site_name\" content=\"S A B\" \/>\n<meta property=\"article:modified_time\" content=\"2024-02-22T12:13:24+00:00\" \/>\n<meta name=\"twitter:card\" content=\"summary_large_image\" \/>\n<meta name=\"twitter:label1\" content=\"Dur\u00e9e de lecture estim\u00e9e\" \/>\n\t<meta name=\"twitter:data1\" content=\"2 minutes\" \/>\n<script type=\"application\/ld+json\" class=\"yoast-schema-graph\">{\"@context\":\"https:\\\/\\\/schema.org\",\"@graph\":[{\"@type\":\"WebPage\",\"@id\":\"https:\\\/\\\/www.sab.ch\\\/fr\\\/1-5-une-vision-globale-du-tissu-de-chaines-de-creation-de-valeur\\\/\",\"url\":\"https:\\\/\\\/www.sab.ch\\\/fr\\\/1-5-une-vision-globale-du-tissu-de-chaines-de-creation-de-valeur\\\/\",\"name\":\"1.5 Une vision globale du tissu de cha\u00eenes de cr\u00e9ation de valeur - S A B\",\"isPartOf\":{\"@id\":\"https:\\\/\\\/www.sab.ch\\\/fr\\\/#website\"},\"datePublished\":\"2024-02-22T08:36:07+00:00\",\"dateModified\":\"2024-02-22T12:13:24+00:00\",\"breadcrumb\":{\"@id\":\"https:\\\/\\\/www.sab.ch\\\/fr\\\/1-5-une-vision-globale-du-tissu-de-chaines-de-creation-de-valeur\\\/#breadcrumb\"},\"inLanguage\":\"fr-FR\",\"potentialAction\":[{\"@type\":\"ReadAction\",\"target\":[\"https:\\\/\\\/www.sab.ch\\\/fr\\\/1-5-une-vision-globale-du-tissu-de-chaines-de-creation-de-valeur\\\/\"]}]},{\"@type\":\"BreadcrumbList\",\"@id\":\"https:\\\/\\\/www.sab.ch\\\/fr\\\/1-5-une-vision-globale-du-tissu-de-chaines-de-creation-de-valeur\\\/#breadcrumb\",\"itemListElement\":[{\"@type\":\"ListItem\",\"position\":1,\"name\":\"Startseite\",\"item\":\"https:\\\/\\\/www.sab.ch\\\/fr\\\/home\\\/\"},{\"@type\":\"ListItem\",\"position\":2,\"name\":\"1.5 Une vision globale du tissu de cha\u00eenes de cr\u00e9ation de valeur\"}]},{\"@type\":\"WebSite\",\"@id\":\"https:\\\/\\\/www.sab.ch\\\/fr\\\/#website\",\"url\":\"https:\\\/\\\/www.sab.ch\\\/fr\\\/\",\"name\":\"S A B\",\"description\":\"\",\"potentialAction\":[{\"@type\":\"SearchAction\",\"target\":{\"@type\":\"EntryPoint\",\"urlTemplate\":\"https:\\\/\\\/www.sab.ch\\\/fr\\\/?s={search_term_string}\"},\"query-input\":{\"@type\":\"PropertyValueSpecification\",\"valueRequired\":true,\"valueName\":\"search_term_string\"}}],\"inLanguage\":\"fr-FR\"}]}<\/script>\n<!-- \/ Yoast SEO plugin. -->","yoast_head_json":{"title":"1.5 Une vision globale du tissu de cha\u00eenes de cr\u00e9ation de valeur - S A B","robots":{"index":"index","follow":"follow","max-snippet":"max-snippet:-1","max-image-preview":"max-image-preview:large","max-video-preview":"max-video-preview:-1"},"canonical":"https:\/\/www.sab.ch\/fr\/1-5-une-vision-globale-du-tissu-de-chaines-de-creation-de-valeur\/","og_locale":"fr_FR","og_type":"article","og_title":"1.5 Une vision globale du tissu de cha\u00eenes de cr\u00e9ation de valeur - S A B","og_url":"https:\/\/www.sab.ch\/fr\/1-5-une-vision-globale-du-tissu-de-chaines-de-creation-de-valeur\/","og_site_name":"S A B","article_modified_time":"2024-02-22T12:13:24+00:00","twitter_card":"summary_large_image","twitter_misc":{"Dur\u00e9e de lecture estim\u00e9e":"2 minutes"},"schema":{"@context":"https:\/\/schema.org","@graph":[{"@type":"WebPage","@id":"https:\/\/www.sab.ch\/fr\/1-5-une-vision-globale-du-tissu-de-chaines-de-creation-de-valeur\/","url":"https:\/\/www.sab.ch\/fr\/1-5-une-vision-globale-du-tissu-de-chaines-de-creation-de-valeur\/","name":"1.5 Une vision globale du tissu de cha\u00eenes de cr\u00e9ation de valeur - S A B","isPartOf":{"@id":"https:\/\/www.sab.ch\/fr\/#website"},"datePublished":"2024-02-22T08:36:07+00:00","dateModified":"2024-02-22T12:13:24+00:00","breadcrumb":{"@id":"https:\/\/www.sab.ch\/fr\/1-5-une-vision-globale-du-tissu-de-chaines-de-creation-de-valeur\/#breadcrumb"},"inLanguage":"fr-FR","potentialAction":[{"@type":"ReadAction","target":["https:\/\/www.sab.ch\/fr\/1-5-une-vision-globale-du-tissu-de-chaines-de-creation-de-valeur\/"]}]},{"@type":"BreadcrumbList","@id":"https:\/\/www.sab.ch\/fr\/1-5-une-vision-globale-du-tissu-de-chaines-de-creation-de-valeur\/#breadcrumb","itemListElement":[{"@type":"ListItem","position":1,"name":"Startseite","item":"https:\/\/www.sab.ch\/fr\/home\/"},{"@type":"ListItem","position":2,"name":"1.5 Une vision globale du tissu de cha\u00eenes de cr\u00e9ation de valeur"}]},{"@type":"WebSite","@id":"https:\/\/www.sab.ch\/fr\/#website","url":"https:\/\/www.sab.ch\/fr\/","name":"S A B","description":"","potentialAction":[{"@type":"SearchAction","target":{"@type":"EntryPoint","urlTemplate":"https:\/\/www.sab.ch\/fr\/?s={search_term_string}"},"query-input":{"@type":"PropertyValueSpecification","valueRequired":true,"valueName":"search_term_string"}}],"inLanguage":"fr-FR"}]}},"_links":{"self":[{"href":"https:\/\/www.sab.ch\/fr\/wp-json\/wp\/v2\/pages\/20141","targetHints":{"allow":["GET"]}}],"collection":[{"href":"https:\/\/www.sab.ch\/fr\/wp-json\/wp\/v2\/pages"}],"about":[{"href":"https:\/\/www.sab.ch\/fr\/wp-json\/wp\/v2\/types\/page"}],"author":[{"embeddable":true,"href":"https:\/\/www.sab.ch\/fr\/wp-json\/wp\/v2\/users\/4"}],"replies":[{"embeddable":true,"href":"https:\/\/www.sab.ch\/fr\/wp-json\/wp\/v2\/comments?post=20141"}],"version-history":[{"count":8,"href":"https:\/\/www.sab.ch\/fr\/wp-json\/wp\/v2\/pages\/20141\/revisions"}],"predecessor-version":[{"id":20225,"href":"https:\/\/www.sab.ch\/fr\/wp-json\/wp\/v2\/pages\/20141\/revisions\/20225"}],"wp:attachment":[{"href":"https:\/\/www.sab.ch\/fr\/wp-json\/wp\/v2\/media?parent=20141"}],"curies":[{"name":"wp","href":"https:\/\/api.w.org\/{rel}","templated":true}]}}