{"id":20156,"date":"2024-02-22T10:43:20","date_gmt":"2024-02-22T09:43:20","guid":{"rendered":"https:\/\/www.sab.ch\/2-4-choix-de-la-technologie\/"},"modified":"2024-02-22T11:52:16","modified_gmt":"2024-02-22T10:52:16","slug":"2-4-choix-de-la-technologie","status":"publish","type":"page","link":"https:\/\/www.sab.ch\/fr\/2-4-choix-de-la-technologie\/","title":{"rendered":"2.4. Choix de la technologie"},"content":{"rendered":"<div  class='flex_column av-tsvi5p-08f9e1d6fb964a2d5142a73bcdd20f58 av_two_third  avia-builder-el-0  avia-builder-el-no-sibling  first flex_column_div  '     ><section  class='av_textblock_section av-lophnayi-9de0fdb0c54af1ca889d793b20a23e8d '   itemscope=\"itemscope\" itemtype=\"https:\/\/schema.org\/CreativeWork\" ><div class='avia_textblock'  itemprop=\"text\" ><h4>2.4 Choix de la technologie<\/h4>\n<p><br class=\"avia-permanent-lb\">Choisir la bonne technologie implique de bien conna\u00eetre <strong>les d\u00e9fis et les probl\u00e8mes \u00e0 r\u00e9soudre<\/strong>. Les analyses des interfaces internes et externes mentionn\u00e9es ci-dessus aident \u00e0 choisir la bonne technologie. <br class=\"avia-permanent-lb\"><br class=\"avia-permanent-lb\"><\/p>\n<ul>\n<li>La num\u00e9risation progresse rapidement et <strong>l&rsquo;environnement des fournisseurs est peu clair<\/strong>. Il existe \u00e9galement le risque que les fournisseurs veuillent avant tout vendre, c&rsquo;est-\u00e0-dire qu&rsquo;il n&rsquo;est pas facile d&rsquo;obtenir de leur part des conseils neutres en termes d&rsquo;\u00e9valuation. Face \u00e0 cette situation, certains acteurs de la vente directe se sont familiaris\u00e9s <strong>par eux-m\u00eames<\/strong> sur ce sujet (surtout Internet, youtube, etc.) et ont d\u00e9velopp\u00e9 des applications adapt\u00e9es \u00e0 leurs besoins, avec des amis ou des connaissances.<\/li>\n<li>La plupart des acteurs agricoles ne disposent toutefois pas des r\u00e9seaux n\u00e9cessaires et d\u00e9pendent du soutien, <strong>en mati\u00e8re de formation continue,<\/strong> d\u2019associations professionnelles, d\u2019institutions de formation continue telles que Polo Poschiavo polo-poschiavo.ch <a href=\"https:\/\/polo-poschiavo.ch\">https:\/\/polo-poschiavo.ch<\/a> ou encore Mia Engiadina miaengiadina.ch\/community\/education <a href=\"https:\/\/www.miaengiadina.ch\/community\/education\">https:\/\/www.miaengiadina.ch\/community\/education<\/a> L&rsquo;Institut pour les startups IFJ propose, sp\u00e9cialement pour les jeunes exploitations, <a href=\"https:\/\/www.ifj.ch\/\">https:\/\/www.ifj.ch\/<\/a> un savoir-faire et des contacts www.ifj.ch<\/li>\n<li>Enfin, <strong>le niveau informel<\/strong> est aussi tr\u00e8s important, c&rsquo;est-\u00e0-dire que les chefs d&rsquo;exploitation \u00e9changent avec leurs coll\u00e8gues, quant aux nouvelles technologies.<\/li>\n<li>Le souhait des chefs d&rsquo;exploitation, interrog\u00e9s dans les zones-tests, est que <strong>la vulgarisation agricole apporte un soutien<\/strong> plus important que par le pass\u00e9 en mati\u00e8re de num\u00e9risation. C&rsquo;est pourquoi <strong>la vulgarisation agricole cantonale<\/strong> doit favoriser la prise de contact et le flux d&rsquo;informations. La vulgarisation agricole doit donc se former en . Sur ce sujet, il existe les offres de formation continue d&rsquo;Agridea : <a href=\"https:\/\/www.agridea.ch\/de\/dienstleistungen\/unsere-produkte\/kurse\/\">agridea.ch\/fr\/prestations\/nos-produits\/cours<\/a> \u2013 ainsi qu\u2019une <strong>liste<\/strong> de bonnes pratiques.<\/li>\n<\/ul>\n<\/div><\/section><br \/>\n<div  class='avia-buttonrow-wrap av-lozrw9gh-708349182c4ee3549f853fca46caf5f4 avia-buttonrow-center  avia-builder-el-2  el_after_av_textblock  avia-builder-el-last '>\n\n<style type=\"text\/css\" data-created_by=\"avia_inline_auto\" id=\"style-css-av-lozrvdbw-3d3dcb4d3d30a34bdd57925448a84a6a\">\n#top #wrap_all .avia-button.av-lozrvdbw-3d3dcb4d3d30a34bdd57925448a84a6a{\nmargin-bottom:5px;\nmargin-right:3px;\nmargin-left:3px;\n}\n<\/style>\n<a href='https:\/\/www.sab.ch\/fr\/2-3-introduction-a-la-chaine-de-creation-de-valeur\/'  class='avia-button av-lozrvdbw-3d3dcb4d3d30a34bdd57925448a84a6a avia-icon_select-yes-left-icon avia-size-small avia-color-theme-color'   aria-label=\"retour\"><span class='avia_button_icon avia_button_icon_left avia-iconfont avia-font-entypo-fontello' data-av_icon='\ue888' data-av_iconfont='entypo-fontello' ><\/span><span class='avia_iconbox_title' >retour<\/span><\/a>\n\n<style type=\"text\/css\" data-created_by=\"avia_inline_auto\" id=\"style-css-av-lozrw7oq-530ab33cda571f005ec4257a1d97053a\">\n#top #wrap_all .avia-button.av-lozrw7oq-530ab33cda571f005ec4257a1d97053a{\nmargin-bottom:5px;\nmargin-right:3px;\nmargin-left:3px;\n}\n<\/style>\n<a href='https:\/\/www.sab.ch\/fr\/2-5-strategie-et-feuille-de-route\/'  class='avia-button av-lozrw7oq-530ab33cda571f005ec4257a1d97053a avia-icon_select-yes-right-icon avia-size-small avia-color-theme-color'   aria-label=\"continuer\"><span class='avia_iconbox_title' >continuer<\/span><span class='avia_button_icon avia_button_icon_right avia-iconfont avia-font-entypo-fontello' data-av_icon='\ue889' data-av_iconfont='entypo-fontello' ><\/span><\/a>\n<\/div><\/p><\/div>\n","protected":false},"excerpt":{"rendered":"","protected":false},"author":4,"featured_media":0,"parent":0,"menu_order":0,"comment_status":"closed","ping_status":"closed","template":"","meta":{"footnotes":""},"class_list":["post-20156","page","type-page","status-publish","hentry"],"yoast_head":"<!-- This site is optimized with the Yoast SEO plugin v27.5 - https:\/\/yoast.com\/product\/yoast-seo-wordpress\/ -->\n<title>2.4. Choix de la technologie - S A B<\/title>\n<meta name=\"robots\" content=\"index, follow, max-snippet:-1, max-image-preview:large, max-video-preview:-1\" \/>\n<link rel=\"canonical\" href=\"https:\/\/www.sab.ch\/fr\/2-4-choix-de-la-technologie\/\" \/>\n<meta property=\"og:locale\" content=\"fr_FR\" \/>\n<meta property=\"og:type\" content=\"article\" \/>\n<meta property=\"og:title\" content=\"2.4. Choix de la technologie - S A B\" \/>\n<meta property=\"og:url\" content=\"https:\/\/www.sab.ch\/fr\/2-4-choix-de-la-technologie\/\" \/>\n<meta property=\"og:site_name\" content=\"S A B\" \/>\n<meta property=\"article:modified_time\" content=\"2024-02-22T10:52:16+00:00\" \/>\n<meta name=\"twitter:card\" content=\"summary_large_image\" \/>\n<meta name=\"twitter:label1\" content=\"Dur\u00e9e de lecture estim\u00e9e\" \/>\n\t<meta name=\"twitter:data1\" content=\"2 minutes\" \/>\n<script type=\"application\/ld+json\" class=\"yoast-schema-graph\">{\"@context\":\"https:\\\/\\\/schema.org\",\"@graph\":[{\"@type\":\"WebPage\",\"@id\":\"https:\\\/\\\/www.sab.ch\\\/fr\\\/2-4-choix-de-la-technologie\\\/\",\"url\":\"https:\\\/\\\/www.sab.ch\\\/fr\\\/2-4-choix-de-la-technologie\\\/\",\"name\":\"2.4. Choix de la technologie - S A B\",\"isPartOf\":{\"@id\":\"https:\\\/\\\/www.sab.ch\\\/fr\\\/#website\"},\"datePublished\":\"2024-02-22T09:43:20+00:00\",\"dateModified\":\"2024-02-22T10:52:16+00:00\",\"breadcrumb\":{\"@id\":\"https:\\\/\\\/www.sab.ch\\\/fr\\\/2-4-choix-de-la-technologie\\\/#breadcrumb\"},\"inLanguage\":\"fr-FR\",\"potentialAction\":[{\"@type\":\"ReadAction\",\"target\":[\"https:\\\/\\\/www.sab.ch\\\/fr\\\/2-4-choix-de-la-technologie\\\/\"]}]},{\"@type\":\"BreadcrumbList\",\"@id\":\"https:\\\/\\\/www.sab.ch\\\/fr\\\/2-4-choix-de-la-technologie\\\/#breadcrumb\",\"itemListElement\":[{\"@type\":\"ListItem\",\"position\":1,\"name\":\"Startseite\",\"item\":\"https:\\\/\\\/www.sab.ch\\\/fr\\\/home\\\/\"},{\"@type\":\"ListItem\",\"position\":2,\"name\":\"2.4. Choix de la technologie\"}]},{\"@type\":\"WebSite\",\"@id\":\"https:\\\/\\\/www.sab.ch\\\/fr\\\/#website\",\"url\":\"https:\\\/\\\/www.sab.ch\\\/fr\\\/\",\"name\":\"S A B\",\"description\":\"\",\"potentialAction\":[{\"@type\":\"SearchAction\",\"target\":{\"@type\":\"EntryPoint\",\"urlTemplate\":\"https:\\\/\\\/www.sab.ch\\\/fr\\\/?s={search_term_string}\"},\"query-input\":{\"@type\":\"PropertyValueSpecification\",\"valueRequired\":true,\"valueName\":\"search_term_string\"}}],\"inLanguage\":\"fr-FR\"}]}<\/script>\n<!-- \/ Yoast SEO plugin. -->","yoast_head_json":{"title":"2.4. Choix de la technologie - S A B","robots":{"index":"index","follow":"follow","max-snippet":"max-snippet:-1","max-image-preview":"max-image-preview:large","max-video-preview":"max-video-preview:-1"},"canonical":"https:\/\/www.sab.ch\/fr\/2-4-choix-de-la-technologie\/","og_locale":"fr_FR","og_type":"article","og_title":"2.4. Choix de la technologie - S A B","og_url":"https:\/\/www.sab.ch\/fr\/2-4-choix-de-la-technologie\/","og_site_name":"S A B","article_modified_time":"2024-02-22T10:52:16+00:00","twitter_card":"summary_large_image","twitter_misc":{"Dur\u00e9e de lecture estim\u00e9e":"2 minutes"},"schema":{"@context":"https:\/\/schema.org","@graph":[{"@type":"WebPage","@id":"https:\/\/www.sab.ch\/fr\/2-4-choix-de-la-technologie\/","url":"https:\/\/www.sab.ch\/fr\/2-4-choix-de-la-technologie\/","name":"2.4. Choix de la technologie - S A B","isPartOf":{"@id":"https:\/\/www.sab.ch\/fr\/#website"},"datePublished":"2024-02-22T09:43:20+00:00","dateModified":"2024-02-22T10:52:16+00:00","breadcrumb":{"@id":"https:\/\/www.sab.ch\/fr\/2-4-choix-de-la-technologie\/#breadcrumb"},"inLanguage":"fr-FR","potentialAction":[{"@type":"ReadAction","target":["https:\/\/www.sab.ch\/fr\/2-4-choix-de-la-technologie\/"]}]},{"@type":"BreadcrumbList","@id":"https:\/\/www.sab.ch\/fr\/2-4-choix-de-la-technologie\/#breadcrumb","itemListElement":[{"@type":"ListItem","position":1,"name":"Startseite","item":"https:\/\/www.sab.ch\/fr\/home\/"},{"@type":"ListItem","position":2,"name":"2.4. Choix de la technologie"}]},{"@type":"WebSite","@id":"https:\/\/www.sab.ch\/fr\/#website","url":"https:\/\/www.sab.ch\/fr\/","name":"S A B","description":"","potentialAction":[{"@type":"SearchAction","target":{"@type":"EntryPoint","urlTemplate":"https:\/\/www.sab.ch\/fr\/?s={search_term_string}"},"query-input":{"@type":"PropertyValueSpecification","valueRequired":true,"valueName":"search_term_string"}}],"inLanguage":"fr-FR"}]}},"_links":{"self":[{"href":"https:\/\/www.sab.ch\/fr\/wp-json\/wp\/v2\/pages\/20156","targetHints":{"allow":["GET"]}}],"collection":[{"href":"https:\/\/www.sab.ch\/fr\/wp-json\/wp\/v2\/pages"}],"about":[{"href":"https:\/\/www.sab.ch\/fr\/wp-json\/wp\/v2\/types\/page"}],"author":[{"embeddable":true,"href":"https:\/\/www.sab.ch\/fr\/wp-json\/wp\/v2\/users\/4"}],"replies":[{"embeddable":true,"href":"https:\/\/www.sab.ch\/fr\/wp-json\/wp\/v2\/comments?post=20156"}],"version-history":[{"count":6,"href":"https:\/\/www.sab.ch\/fr\/wp-json\/wp\/v2\/pages\/20156\/revisions"}],"predecessor-version":[{"id":20203,"href":"https:\/\/www.sab.ch\/fr\/wp-json\/wp\/v2\/pages\/20156\/revisions\/20203"}],"wp:attachment":[{"href":"https:\/\/www.sab.ch\/fr\/wp-json\/wp\/v2\/media?parent=20156"}],"curies":[{"name":"wp","href":"https:\/\/api.w.org\/{rel}","templated":true}]}}