{"id":20159,"date":"2024-02-22T10:46:46","date_gmt":"2024-02-22T09:46:46","guid":{"rendered":"https:\/\/www.sab.ch\/2-5-strategie-et-feuille-de-route\/"},"modified":"2024-02-22T11:53:09","modified_gmt":"2024-02-22T10:53:09","slug":"2-5-strategie-et-feuille-de-route","status":"publish","type":"page","link":"https:\/\/www.sab.ch\/fr\/2-5-strategie-et-feuille-de-route\/","title":{"rendered":"2.5 Strat\u00e9gie et feuille de route"},"content":{"rendered":"<div  class='flex_column av-kxr5ww-fc0ba49743a6dbcc9cfa8ff6963454ad av_two_third  avia-builder-el-0  avia-builder-el-no-sibling  first flex_column_div  '     ><section  class='av_textblock_section av-lophot62-25bc7817f1de15bd26d1fa0508b504a0 '   itemscope=\"itemscope\" itemtype=\"https:\/\/schema.org\/CreativeWork\" ><div class='avia_textblock'  itemprop=\"text\" ><h4>2.5 Strat\u00e9gie et feuille de route<\/h4>\n<p><br class=\"avia-permanent-lb\">Les donn\u00e9es collect\u00e9es lors des \u00e9tapes pr\u00e9c\u00e9dentes permettent de d\u00e9finir une strat\u00e9gie num\u00e9rique, ainsi que <strong>les objectifs<\/strong> du changement num\u00e9rique pour l&rsquo;entreprise. Une approche planifi\u00e9e renforce les processus cl\u00e9s et facilite le travail quotidien. Une strat\u00e9gie est compl\u00e9t\u00e9e par <strong>une feuille de route<\/strong> qui indique jusqu&rsquo;\u00e0 quand, qui, avec quels moyens, les objectifs doivent \u00eatre atteints.<\/p>\n<\/div><\/section><br \/>\n<div  class='avia-buttonrow-wrap av-lozryknq-302021fca3e6db43ab52183027e26a9d avia-buttonrow-center  avia-builder-el-2  el_after_av_textblock  avia-builder-el-last '>\n\n<style type=\"text\/css\" data-created_by=\"avia_inline_auto\" id=\"style-css-av-lozryjbm-968a43f7279b0c155c5385da000b2d06\">\n#top #wrap_all .avia-button.av-lozryjbm-968a43f7279b0c155c5385da000b2d06{\nmargin-bottom:5px;\nmargin-right:3px;\nmargin-left:3px;\n}\n<\/style>\n<a href='https:\/\/www.sab.ch\/fr\/2-4-choix-de-la-technologie\/'  class='avia-button av-lozryjbm-968a43f7279b0c155c5385da000b2d06 avia-icon_select-yes-left-icon avia-size-small avia-color-theme-color'   aria-label=\"retour\"><span class='avia_button_icon avia_button_icon_left avia-iconfont avia-font-entypo-fontello' data-av_icon='\ue888' data-av_iconfont='entypo-fontello' ><\/span><span class='avia_iconbox_title' >retour<\/span><\/a>\n\n<style type=\"text\/css\" data-created_by=\"avia_inline_auto\" id=\"style-css-av-lozrzhj7-4fd94156165147c9016561bcde986c41\">\n#top #wrap_all .avia-button.av-lozrzhj7-4fd94156165147c9016561bcde986c41{\nmargin-bottom:5px;\nmargin-right:3px;\nmargin-left:3px;\n}\n<\/style>\n<a href='https:\/\/www.sab.ch\/fr\/2-6-introduction-du-modele-commercial\/'  class='avia-button av-lozrzhj7-4fd94156165147c9016561bcde986c41 avia-icon_select-yes-right-icon avia-size-small avia-color-theme-color'   aria-label=\"continuer\"><span class='avia_iconbox_title' >continuer<\/span><span class='avia_button_icon avia_button_icon_right avia-iconfont avia-font-entypo-fontello' data-av_icon='\ue889' data-av_iconfont='entypo-fontello' ><\/span><\/a>\n<\/div><\/p><\/div>\n","protected":false},"excerpt":{"rendered":"","protected":false},"author":4,"featured_media":0,"parent":0,"menu_order":0,"comment_status":"closed","ping_status":"closed","template":"","meta":{"footnotes":""},"class_list":["post-20159","page","type-page","status-publish","hentry"],"yoast_head":"<!-- This site is optimized with the Yoast SEO plugin v27.5 - https:\/\/yoast.com\/product\/yoast-seo-wordpress\/ -->\n<title>2.5 Strat\u00e9gie et feuille de route - S A B<\/title>\n<meta name=\"robots\" content=\"index, follow, max-snippet:-1, max-image-preview:large, max-video-preview:-1\" \/>\n<link rel=\"canonical\" href=\"https:\/\/www.sab.ch\/fr\/2-5-strategie-et-feuille-de-route\/\" \/>\n<meta property=\"og:locale\" content=\"fr_FR\" \/>\n<meta property=\"og:type\" content=\"article\" \/>\n<meta property=\"og:title\" content=\"2.5 Strat\u00e9gie et feuille de route - S A B\" \/>\n<meta property=\"og:url\" content=\"https:\/\/www.sab.ch\/fr\/2-5-strategie-et-feuille-de-route\/\" \/>\n<meta property=\"og:site_name\" content=\"S A B\" \/>\n<meta property=\"article:modified_time\" content=\"2024-02-22T10:53:09+00:00\" \/>\n<meta name=\"twitter:card\" content=\"summary_large_image\" \/>\n<meta name=\"twitter:label1\" content=\"Dur\u00e9e de lecture estim\u00e9e\" \/>\n\t<meta name=\"twitter:data1\" content=\"1 minute\" \/>\n<script type=\"application\/ld+json\" class=\"yoast-schema-graph\">{\"@context\":\"https:\\\/\\\/schema.org\",\"@graph\":[{\"@type\":\"WebPage\",\"@id\":\"https:\\\/\\\/www.sab.ch\\\/fr\\\/2-5-strategie-et-feuille-de-route\\\/\",\"url\":\"https:\\\/\\\/www.sab.ch\\\/fr\\\/2-5-strategie-et-feuille-de-route\\\/\",\"name\":\"2.5 Strat\u00e9gie et feuille de route - S A B\",\"isPartOf\":{\"@id\":\"https:\\\/\\\/www.sab.ch\\\/fr\\\/#website\"},\"datePublished\":\"2024-02-22T09:46:46+00:00\",\"dateModified\":\"2024-02-22T10:53:09+00:00\",\"breadcrumb\":{\"@id\":\"https:\\\/\\\/www.sab.ch\\\/fr\\\/2-5-strategie-et-feuille-de-route\\\/#breadcrumb\"},\"inLanguage\":\"fr-FR\",\"potentialAction\":[{\"@type\":\"ReadAction\",\"target\":[\"https:\\\/\\\/www.sab.ch\\\/fr\\\/2-5-strategie-et-feuille-de-route\\\/\"]}]},{\"@type\":\"BreadcrumbList\",\"@id\":\"https:\\\/\\\/www.sab.ch\\\/fr\\\/2-5-strategie-et-feuille-de-route\\\/#breadcrumb\",\"itemListElement\":[{\"@type\":\"ListItem\",\"position\":1,\"name\":\"Startseite\",\"item\":\"https:\\\/\\\/www.sab.ch\\\/fr\\\/home\\\/\"},{\"@type\":\"ListItem\",\"position\":2,\"name\":\"2.5 Strat\u00e9gie et feuille de route\"}]},{\"@type\":\"WebSite\",\"@id\":\"https:\\\/\\\/www.sab.ch\\\/fr\\\/#website\",\"url\":\"https:\\\/\\\/www.sab.ch\\\/fr\\\/\",\"name\":\"S A B\",\"description\":\"\",\"potentialAction\":[{\"@type\":\"SearchAction\",\"target\":{\"@type\":\"EntryPoint\",\"urlTemplate\":\"https:\\\/\\\/www.sab.ch\\\/fr\\\/?s={search_term_string}\"},\"query-input\":{\"@type\":\"PropertyValueSpecification\",\"valueRequired\":true,\"valueName\":\"search_term_string\"}}],\"inLanguage\":\"fr-FR\"}]}<\/script>\n<!-- \/ Yoast SEO plugin. -->","yoast_head_json":{"title":"2.5 Strat\u00e9gie et feuille de route - S A B","robots":{"index":"index","follow":"follow","max-snippet":"max-snippet:-1","max-image-preview":"max-image-preview:large","max-video-preview":"max-video-preview:-1"},"canonical":"https:\/\/www.sab.ch\/fr\/2-5-strategie-et-feuille-de-route\/","og_locale":"fr_FR","og_type":"article","og_title":"2.5 Strat\u00e9gie et feuille de route - S A B","og_url":"https:\/\/www.sab.ch\/fr\/2-5-strategie-et-feuille-de-route\/","og_site_name":"S A B","article_modified_time":"2024-02-22T10:53:09+00:00","twitter_card":"summary_large_image","twitter_misc":{"Dur\u00e9e de lecture estim\u00e9e":"1 minute"},"schema":{"@context":"https:\/\/schema.org","@graph":[{"@type":"WebPage","@id":"https:\/\/www.sab.ch\/fr\/2-5-strategie-et-feuille-de-route\/","url":"https:\/\/www.sab.ch\/fr\/2-5-strategie-et-feuille-de-route\/","name":"2.5 Strat\u00e9gie et feuille de route - S A B","isPartOf":{"@id":"https:\/\/www.sab.ch\/fr\/#website"},"datePublished":"2024-02-22T09:46:46+00:00","dateModified":"2024-02-22T10:53:09+00:00","breadcrumb":{"@id":"https:\/\/www.sab.ch\/fr\/2-5-strategie-et-feuille-de-route\/#breadcrumb"},"inLanguage":"fr-FR","potentialAction":[{"@type":"ReadAction","target":["https:\/\/www.sab.ch\/fr\/2-5-strategie-et-feuille-de-route\/"]}]},{"@type":"BreadcrumbList","@id":"https:\/\/www.sab.ch\/fr\/2-5-strategie-et-feuille-de-route\/#breadcrumb","itemListElement":[{"@type":"ListItem","position":1,"name":"Startseite","item":"https:\/\/www.sab.ch\/fr\/home\/"},{"@type":"ListItem","position":2,"name":"2.5 Strat\u00e9gie et feuille de route"}]},{"@type":"WebSite","@id":"https:\/\/www.sab.ch\/fr\/#website","url":"https:\/\/www.sab.ch\/fr\/","name":"S A B","description":"","potentialAction":[{"@type":"SearchAction","target":{"@type":"EntryPoint","urlTemplate":"https:\/\/www.sab.ch\/fr\/?s={search_term_string}"},"query-input":{"@type":"PropertyValueSpecification","valueRequired":true,"valueName":"search_term_string"}}],"inLanguage":"fr-FR"}]}},"_links":{"self":[{"href":"https:\/\/www.sab.ch\/fr\/wp-json\/wp\/v2\/pages\/20159","targetHints":{"allow":["GET"]}}],"collection":[{"href":"https:\/\/www.sab.ch\/fr\/wp-json\/wp\/v2\/pages"}],"about":[{"href":"https:\/\/www.sab.ch\/fr\/wp-json\/wp\/v2\/types\/page"}],"author":[{"embeddable":true,"href":"https:\/\/www.sab.ch\/fr\/wp-json\/wp\/v2\/users\/4"}],"replies":[{"embeddable":true,"href":"https:\/\/www.sab.ch\/fr\/wp-json\/wp\/v2\/comments?post=20159"}],"version-history":[{"count":4,"href":"https:\/\/www.sab.ch\/fr\/wp-json\/wp\/v2\/pages\/20159\/revisions"}],"predecessor-version":[{"id":20205,"href":"https:\/\/www.sab.ch\/fr\/wp-json\/wp\/v2\/pages\/20159\/revisions\/20205"}],"wp:attachment":[{"href":"https:\/\/www.sab.ch\/fr\/wp-json\/wp\/v2\/media?parent=20159"}],"curies":[{"name":"wp","href":"https:\/\/api.w.org\/{rel}","templated":true}]}}